{"id":29713,"date":"2025-10-07T05:53:14","date_gmt":"2025-10-07T09:53:14","guid":{"rendered":"https:\/\/maison4tiers.com\/product\/a-la-lumiere-du-soir\/"},"modified":"2025-11-21T10:39:34","modified_gmt":"2025-11-21T14:39:34","slug":"a-la-lumiere-du-soir","status":"publish","type":"product","link":"https:\/\/maison4tiers.com\/en\/movie\/a-la-lumiere-du-soir\/","title":{"rendered":"\u00c0 La Lumi\u00e8re Du Soir"},"excerpt":{"rendered":"<h4><strong>NOW AVAILABLE ON VIDEO ON DEMAND!<\/strong><\/h4>\n<p>&nbsp;<\/p>\n<p>At 97, filmmaker Fernand Dansereau delivers a vibrant and inspiring final documentary! He draws us into rich and sensitive exchanges: on the joy of creating with two painter friends, on aging as an artist with Marcel Sabourin and Denys Arcand, on old age with Janette Bertrand and Guy Rocher, on everyday wisdom with philosophers, and on spirituality and mourning with a few friends. He also talks about the future of the planet with his grandchildren.  <\/p>\n<p>&nbsp;<\/p>\n<p>Punctuated by his own paintings and poems, this deeply personal film is enhanced by Francine Beaudry&#8217;s music<br \/>\n. A moving and luminous rendezvous with life! <\/p>\n<p>&nbsp;<\/p>\n<blockquote><p><em>&#8220;His film once again testifies to the serene wisdom of the filmmaker in the face of major social issues that are not often discussed&#8230;&#8221;<br \/>\n<\/em><a href=\"https:\/\/mediafilm.ca\/films\/2025\/a-la-lumiere-du-soir\" target=\"_blank\" rel=\"noopener\"><strong> &#8211; MEDIAFILM<\/strong><\/a><\/p><\/blockquote>\n<p>&nbsp;<\/p>\n<p><a href=\"https:\/\/maison4tiers.com\/en\/product-category\/movie\/documentary\/\" target=\"_blank\" rel=\"noopener\"><span style=\"text-decoration: underline;\">See other DOCUMENTARY films<\/span><\/a><\/p>\n<p>*Disponible au Canada seulement<\/p>\n","protected":false},"featured_media":28592,"template":"","meta":{"_acf_changed":false,"_eb_attr":""},"product_brand":[],"product_cat":[143,133,102,103,126,127,128],"product_tag":[1387,1400,829,1395,1389,1390,1392,1397,1398,1402,1405,1407],"class_list":{"0":"post-29713","1":"product","2":"type-product","3":"status-publish","4":"has-post-thumbnail","6":"product_cat-digital","7":"product_cat-allmovies","8":"product_cat-documentary","9":"product_cat-movie","10":"product_cat-quebec-movie","11":"product_cat-reflexion-en","12":"product_cat-society","13":"product_tag-ageing","14":"product_tag-aging","15":"product_tag-art-en","16":"product_tag-evening","17":"product_tag-fernand-dansereau","18":"product_tag-hope","19":"product_tag-in-the-evening-light","20":"product_tag-light","21":"product_tag-old-age","22":"product_tag-paint","23":"product_tag-table","24":"product_tag-tables","26":"first","27":"instock","28":"taxable","29":"shipping-taxable","30":"purchasable","31":"product-type-variable","32":"has-default-attributes"},"acf":[],"yoast_head":"<!-- This site is optimized with the Yoast SEO plugin v27.0 - https:\/\/yoast.com\/product\/yoast-seo-wordpress\/ -->\n<title>\u00c0 La Lumi\u00e8re Du Soir - Maison4tiers - See Fernand Dansereau&#039;s film here!<\/title>\n<meta name=\"description\" content=\"\u00c0 La Lumi\u00e8re Du Soir - Filmmaker Fernand Dansereau delivers a final documentary in which he explores creation, aging, wisdom and the future through profound exchanges.\" \/>\n<meta name=\"robots\" content=\"index, follow, max-snippet:-1, max-image-preview:large, max-video-preview:-1\" \/>\n<link rel=\"canonical\" href=\"https:\/\/maison4tiers.com\/en\/movie\/a-la-lumiere-du-soir\/\" \/>\n<meta property=\"og:locale\" content=\"en_US\" \/>\n<meta property=\"og:type\" content=\"article\" \/>\n<meta property=\"og:title\" content=\"\u00c0 La Lumi\u00e8re Du Soir\" \/>\n<meta property=\"og:description\" content=\"At 97, filmmaker Fernand Dansereau delivers a vibrant and inspiring final documentary! He engages us in rich and sensitive exchanges: on the joy of creating with two painter friends, on aging as an artist with Marcel Sabourin and Denys Arcand, on old age with Janette Bertrand and Guy Rocher, on everyday wisdom with philosophers, and on spirituality and mourning with a few friends. He also talks about the future of the planet with his grandchildren. Punctuated by his own paintings and poems, this deeply personal film is enhanced by Francine Beaudry&#039;s music. A moving and luminous rendezvous with life!\" \/>\n<meta property=\"og:url\" content=\"https:\/\/maison4tiers.com\/en\/movie\/a-la-lumiere-du-soir\/\" \/>\n<meta property=\"og:site_name\" content=\"Maison4tiers\" \/>\n<meta property=\"article:modified_time\" content=\"2025-11-21T14:39:34+00:00\" \/>\n<meta property=\"og:image\" content=\"https:\/\/maison4tiers.com\/wp-content\/uploads\/2025\/09\/ALLDS_affiche_WEB_LR-scaled.jpg\" \/>\n\t<meta property=\"og:image:width\" content=\"1772\" \/>\n\t<meta property=\"og:image:height\" content=\"2560\" \/>\n\t<meta property=\"og:image:type\" content=\"image\/jpeg\" \/>\n<meta name=\"twitter:card\" content=\"summary_large_image\" \/>\n<meta name=\"twitter:title\" content=\"\u00c0 La Lumi\u00e8re Du Soir\" \/>\n<meta name=\"twitter:description\" content=\"At 97, filmmaker Fernand Dansereau delivers a vibrant and inspiring final documentary! He engages us in rich and sensitive exchanges: on the joy of creating with two painter friends, on aging as an artist with Marcel Sabourin and Denys Arcand, on old age with Janette Bertrand and Guy Rocher, on everyday wisdom with philosophers, and on spirituality and mourning with a few friends. He also talks about the future of the planet with his grandchildren. Punctuated by his own paintings and poems, this deeply personal film is enhanced by Francine Beaudry&#039;s music. A moving and luminous rendezvous with life!\" \/>\n<script type=\"application\/ld+json\" class=\"yoast-schema-graph\">{\"@context\":\"https:\/\/schema.org\",\"@graph\":[{\"@type\":\"WebPage\",\"@id\":\"https:\/\/maison4tiers.com\/en\/movie\/a-la-lumiere-du-soir\/\",\"url\":\"https:\/\/maison4tiers.com\/en\/movie\/a-la-lumiere-du-soir\/\",\"name\":\"\u00c0 La Lumi\u00e8re Du Soir - Maison4tiers - See Fernand Dansereau's film here!\",\"isPartOf\":{\"@id\":\"https:\/\/maison4tiers.com\/#website\"},\"primaryImageOfPage\":{\"@id\":\"https:\/\/maison4tiers.com\/en\/movie\/a-la-lumiere-du-soir\/#primaryimage\"},\"image\":{\"@id\":\"https:\/\/maison4tiers.com\/en\/movie\/a-la-lumiere-du-soir\/#primaryimage\"},\"thumbnailUrl\":\"https:\/\/maison4tiers.com\/wp-content\/uploads\/2025\/09\/ALLDS_affiche_WEB_LR-scaled.jpg\",\"datePublished\":\"2025-10-07T09:53:14+00:00\",\"dateModified\":\"2025-11-21T14:39:34+00:00\",\"description\":\"\u00c0 La Lumi\u00e8re Du Soir - Filmmaker Fernand Dansereau delivers a final documentary in which he explores creation, aging, wisdom and the future through profound exchanges.\",\"breadcrumb\":{\"@id\":\"https:\/\/maison4tiers.com\/en\/movie\/a-la-lumiere-du-soir\/#breadcrumb\"},\"inLanguage\":\"en-US\",\"potentialAction\":[{\"@type\":\"ReadAction\",\"target\":[\"https:\/\/maison4tiers.com\/en\/movie\/a-la-lumiere-du-soir\/\"]}]},{\"@type\":\"ImageObject\",\"inLanguage\":\"en-US\",\"@id\":\"https:\/\/maison4tiers.com\/en\/movie\/a-la-lumiere-du-soir\/#primaryimage\",\"url\":\"https:\/\/maison4tiers.com\/wp-content\/uploads\/2025\/09\/ALLDS_affiche_WEB_LR-scaled.jpg\",\"contentUrl\":\"https:\/\/maison4tiers.com\/wp-content\/uploads\/2025\/09\/ALLDS_affiche_WEB_LR-scaled.jpg\",\"width\":1772,\"height\":2560},{\"@type\":\"BreadcrumbList\",\"@id\":\"https:\/\/maison4tiers.com\/en\/movie\/a-la-lumiere-du-soir\/#breadcrumb\",\"itemListElement\":[{\"@type\":\"ListItem\",\"position\":1,\"name\":\"Home\",\"item\":\"https:\/\/maison4tiers.com\/en\/\"},{\"@type\":\"ListItem\",\"position\":2,\"name\":\"Movies\",\"item\":\"https:\/\/maison4tiers.com\/en\/movies\/\"},{\"@type\":\"ListItem\",\"position\":3,\"name\":\"\u00c0 La Lumi\u00e8re Du Soir\"}]},{\"@type\":\"WebSite\",\"@id\":\"https:\/\/maison4tiers.com\/#website\",\"url\":\"https:\/\/maison4tiers.com\/\",\"name\":\"Maison4tiers\",\"description\":\"Distribution multiplateforme de films qu\u00e9b\u00e9cois et internationaux\",\"publisher\":{\"@id\":\"https:\/\/maison4tiers.com\/#organization\"},\"potentialAction\":[{\"@type\":\"SearchAction\",\"target\":{\"@type\":\"EntryPoint\",\"urlTemplate\":\"https:\/\/maison4tiers.com\/?s={search_term_string}\"},\"query-input\":{\"@type\":\"PropertyValueSpecification\",\"valueRequired\":true,\"valueName\":\"search_term_string\"}}],\"inLanguage\":\"en-US\"},{\"@type\":\"Organization\",\"@id\":\"https:\/\/maison4tiers.com\/#organization\",\"name\":\"Maison4tiers\",\"url\":\"https:\/\/maison4tiers.com\/\",\"logo\":{\"@type\":\"ImageObject\",\"inLanguage\":\"en-US\",\"@id\":\"https:\/\/maison4tiers.com\/#\/schema\/logo\/image\/\",\"url\":\"https:\/\/maison4tiers.com\/wp-content\/uploads\/2020\/11\/favicon-196.png\",\"contentUrl\":\"https:\/\/maison4tiers.com\/wp-content\/uploads\/2020\/11\/favicon-196.png\",\"width\":196,\"height\":196,\"caption\":\"Maison4tiers\"},\"image\":{\"@id\":\"https:\/\/maison4tiers.com\/#\/schema\/logo\/image\/\"}}]}<\/script>\n<!-- \/ Yoast SEO plugin. -->","yoast_head_json":{"title":"\u00c0 La Lumi\u00e8re Du Soir - Maison4tiers - See Fernand Dansereau's film here!","description":"\u00c0 La Lumi\u00e8re Du Soir - Filmmaker Fernand Dansereau delivers a final documentary in which he explores creation, aging, wisdom and the future through profound exchanges.","robots":{"index":"index","follow":"follow","max-snippet":"max-snippet:-1","max-image-preview":"max-image-preview:large","max-video-preview":"max-video-preview:-1"},"canonical":"https:\/\/maison4tiers.com\/en\/movie\/a-la-lumiere-du-soir\/","og_locale":"en_US","og_type":"article","og_title":"\u00c0 La Lumi\u00e8re Du Soir","og_description":"At 97, filmmaker Fernand Dansereau delivers a vibrant and inspiring final documentary! He engages us in rich and sensitive exchanges: on the joy of creating with two painter friends, on aging as an artist with Marcel Sabourin and Denys Arcand, on old age with Janette Bertrand and Guy Rocher, on everyday wisdom with philosophers, and on spirituality and mourning with a few friends. He also talks about the future of the planet with his grandchildren. Punctuated by his own paintings and poems, this deeply personal film is enhanced by Francine Beaudry's music. A moving and luminous rendezvous with life!","og_url":"https:\/\/maison4tiers.com\/en\/movie\/a-la-lumiere-du-soir\/","og_site_name":"Maison4tiers","article_modified_time":"2025-11-21T14:39:34+00:00","og_image":[{"width":1772,"height":2560,"url":"https:\/\/maison4tiers.com\/wp-content\/uploads\/2025\/09\/ALLDS_affiche_WEB_LR-scaled.jpg","type":"image\/jpeg"}],"twitter_card":"summary_large_image","twitter_title":"\u00c0 La Lumi\u00e8re Du Soir","twitter_description":"At 97, filmmaker Fernand Dansereau delivers a vibrant and inspiring final documentary! He engages us in rich and sensitive exchanges: on the joy of creating with two painter friends, on aging as an artist with Marcel Sabourin and Denys Arcand, on old age with Janette Bertrand and Guy Rocher, on everyday wisdom with philosophers, and on spirituality and mourning with a few friends. He also talks about the future of the planet with his grandchildren. Punctuated by his own paintings and poems, this deeply personal film is enhanced by Francine Beaudry's music. A moving and luminous rendezvous with life!","schema":{"@context":"https:\/\/schema.org","@graph":[{"@type":"WebPage","@id":"https:\/\/maison4tiers.com\/en\/movie\/a-la-lumiere-du-soir\/","url":"https:\/\/maison4tiers.com\/en\/movie\/a-la-lumiere-du-soir\/","name":"\u00c0 La Lumi\u00e8re Du Soir - Maison4tiers - See Fernand Dansereau's film here!","isPartOf":{"@id":"https:\/\/maison4tiers.com\/#website"},"primaryImageOfPage":{"@id":"https:\/\/maison4tiers.com\/en\/movie\/a-la-lumiere-du-soir\/#primaryimage"},"image":{"@id":"https:\/\/maison4tiers.com\/en\/movie\/a-la-lumiere-du-soir\/#primaryimage"},"thumbnailUrl":"https:\/\/maison4tiers.com\/wp-content\/uploads\/2025\/09\/ALLDS_affiche_WEB_LR-scaled.jpg","datePublished":"2025-10-07T09:53:14+00:00","dateModified":"2025-11-21T14:39:34+00:00","description":"\u00c0 La Lumi\u00e8re Du Soir - Filmmaker Fernand Dansereau delivers a final documentary in which he explores creation, aging, wisdom and the future through profound exchanges.","breadcrumb":{"@id":"https:\/\/maison4tiers.com\/en\/movie\/a-la-lumiere-du-soir\/#breadcrumb"},"inLanguage":"en-US","potentialAction":[{"@type":"ReadAction","target":["https:\/\/maison4tiers.com\/en\/movie\/a-la-lumiere-du-soir\/"]}]},{"@type":"ImageObject","inLanguage":"en-US","@id":"https:\/\/maison4tiers.com\/en\/movie\/a-la-lumiere-du-soir\/#primaryimage","url":"https:\/\/maison4tiers.com\/wp-content\/uploads\/2025\/09\/ALLDS_affiche_WEB_LR-scaled.jpg","contentUrl":"https:\/\/maison4tiers.com\/wp-content\/uploads\/2025\/09\/ALLDS_affiche_WEB_LR-scaled.jpg","width":1772,"height":2560},{"@type":"BreadcrumbList","@id":"https:\/\/maison4tiers.com\/en\/movie\/a-la-lumiere-du-soir\/#breadcrumb","itemListElement":[{"@type":"ListItem","position":1,"name":"Home","item":"https:\/\/maison4tiers.com\/en\/"},{"@type":"ListItem","position":2,"name":"Movies","item":"https:\/\/maison4tiers.com\/en\/movies\/"},{"@type":"ListItem","position":3,"name":"\u00c0 La Lumi\u00e8re Du Soir"}]},{"@type":"WebSite","@id":"https:\/\/maison4tiers.com\/#website","url":"https:\/\/maison4tiers.com\/","name":"Maison4tiers","description":"Distribution multiplateforme de films qu\u00e9b\u00e9cois et internationaux","publisher":{"@id":"https:\/\/maison4tiers.com\/#organization"},"potentialAction":[{"@type":"SearchAction","target":{"@type":"EntryPoint","urlTemplate":"https:\/\/maison4tiers.com\/?s={search_term_string}"},"query-input":{"@type":"PropertyValueSpecification","valueRequired":true,"valueName":"search_term_string"}}],"inLanguage":"en-US"},{"@type":"Organization","@id":"https:\/\/maison4tiers.com\/#organization","name":"Maison4tiers","url":"https:\/\/maison4tiers.com\/","logo":{"@type":"ImageObject","inLanguage":"en-US","@id":"https:\/\/maison4tiers.com\/#\/schema\/logo\/image\/","url":"https:\/\/maison4tiers.com\/wp-content\/uploads\/2020\/11\/favicon-196.png","contentUrl":"https:\/\/maison4tiers.com\/wp-content\/uploads\/2020\/11\/favicon-196.png","width":196,"height":196,"caption":"Maison4tiers"},"image":{"@id":"https:\/\/maison4tiers.com\/#\/schema\/logo\/image\/"}}]}},"jetpack_sharing_enabled":true,"_links":{"self":[{"href":"https:\/\/maison4tiers.com\/en\/wp-json\/wp\/v2\/product\/29713","targetHints":{"allow":["GET"]}}],"collection":[{"href":"https:\/\/maison4tiers.com\/en\/wp-json\/wp\/v2\/product"}],"about":[{"href":"https:\/\/maison4tiers.com\/en\/wp-json\/wp\/v2\/types\/product"}],"wp:featuredmedia":[{"embeddable":true,"href":"https:\/\/maison4tiers.com\/en\/wp-json\/wp\/v2\/media\/28592"}],"wp:attachment":[{"href":"https:\/\/maison4tiers.com\/en\/wp-json\/wp\/v2\/media?parent=29713"}],"wp:term":[{"taxonomy":"product_brand","embeddable":true,"href":"https:\/\/maison4tiers.com\/en\/wp-json\/wp\/v2\/product_brand?post=29713"},{"taxonomy":"product_cat","embeddable":true,"href":"https:\/\/maison4tiers.com\/en\/wp-json\/wp\/v2\/product_cat?post=29713"},{"taxonomy":"product_tag","embeddable":true,"href":"https:\/\/maison4tiers.com\/en\/wp-json\/wp\/v2\/product_tag?post=29713"}],"curies":[{"name":"wp","href":"https:\/\/api.w.org\/{rel}","templated":true}]}}