{"id":22198,"date":"2024-04-29T15:59:06","date_gmt":"2024-04-29T19:59:06","guid":{"rendered":"https:\/\/maison4tiers.com\/?post_type=product&#038;p=22198"},"modified":"2025-12-16T15:11:43","modified_gmt":"2025-12-16T19:11:43","slug":"the-thawing-of-ice","status":"publish","type":"product","link":"https:\/\/maison4tiers.com\/en\/movie\/the-thawing-of-ice\/","title":{"rendered":"The Thawing of Ice"},"excerpt":{"rendered":"<h4><strong>NOW AVAILABLE ON DVD AND VIDEO ON DEMAND!  <\/strong><\/h4>\n<p>Louise Denoncourt, a parole officer unlike any other, deftly operates an experimental rehabilitation wing for murderers. A new inmate in her care is suspected of killing her mother. Riddled with doubt, Louise embarks on a mission that quickly goes beyond her. How far will she go to prevent him from killing again?<\/p>\n<blockquote><p>&#8220;<em>The <\/em>duo of Christine Beaulieu and the all-too-rare Lothaire Bluteau deliver a spirited and convincing performance <em>.<\/em><\/p>\n<p><a href=\"https:\/\/www.cinoche.com\/films\/la-fonte-des-glaces\/critiques\/apres-l-hiver-le-printemps\" target=\"_blank\" rel=\"noopener\"><strong> \u2013 CINOCHE <\/strong><\/a><\/p>\n<p><em>\u00ab <\/em>Du c\u00f4t\u00e9 de la r\u00e9alisation, Fran\u00e7ois P\u00e9loquin d\u00e9ploie des tr\u00e9sors d&#8217;imagination afin de maintenir dynamisme et mouvement. <em>\u00bb<\/em><\/p>\n<p><a href=\"https:\/\/www.ledevoir.com\/culture\/cinema\/809494\/fonte-glaces-eau-noire-eau-trouble\" target=\"_blank\" rel=\"noopener\"><strong> \u2013 LE DEVOIR <\/strong><\/a><\/p>\n<p>\u00ab&#8230;l&#8217;hyper-talentueuse Christine Beaulieu insuffle d&#8217;infinies nuances de d\u00e9termination puis de doute, d&#8217;imperturbabilit\u00e9 puis de vuln\u00e9rabilit\u00e9. <em>\u00bb<\/em><br \/>\n<a href=\"https:\/\/www.ledevoir.com\/culture\/cinema\/809494\/fonte-glaces-eau-noire-eau-trouble\" target=\"_blank\" rel=\"noopener\"><strong> \u2013 LE DEVOIR <\/strong><\/a><\/p>\n<p>\u00ab Lothaire Bluteau est brillant, il a cr\u00e9\u00e9 un personnage que je n&#8217;ai jamais vu ailleurs. <em>\u00bb<\/em><\/p>\n<p><strong> \u2013RADIO-CANADA <\/strong><\/p><\/blockquote>\n<p><a href=\"https:\/\/maison4tiers.com\/en\/categorie-produit\/movie\/drama\/\" target=\"_blank\" rel=\"noopener\"><span style=\"text-decoration: underline;\">See other dramatic films <\/span><\/a><\/p>\n<p>*Disponible au Canada seulement<\/p>\n","protected":false},"featured_media":22223,"template":"","meta":{"_acf_changed":false,"_eb_attr":""},"product_brand":[],"product_cat":[143,133,106,130,103,126,127,128],"product_tag":[1111,1108,850,509,1115,874,1110,1109,1112,1107,1114,1113,472],"class_list":{"0":"post-22198","1":"product","2":"type-product","3":"status-publish","4":"has-post-thumbnail","6":"product_cat-digital","7":"product_cat-allmovies","8":"product_cat-drama","9":"product_cat-fiction-en","10":"product_cat-movie","11":"product_cat-quebec-movie","12":"product_cat-reflexion-en","13":"product_cat-society","14":"product_tag-cast-iron","15":"product_tag-christine-beaulieu-en","16":"product_tag-drame-en","17":"product_tag-enquete-en","18":"product_tag-films-dici-en","19":"product_tag-hiver-en","20":"product_tag-ice","21":"product_tag-lothaire-bluteau-en","22":"product_tag-prison-environment","23":"product_tag-quebec-cinema-en","24":"product_tag-rehabilitation-en","25":"product_tag-restorative-justice","26":"product_tag-thriller-en","28":"first","29":"instock","30":"taxable","31":"shipping-taxable","32":"purchasable","33":"product-type-variable","34":"has-default-attributes"},"acf":[],"yoast_head":"<!-- This site is optimized with the Yoast SEO plugin v27.0 - https:\/\/yoast.com\/product\/yoast-seo-wordpress\/ -->\n<title>The Thawing of Ice - Maison4tiers - A film by Fran\u00e7ois P\u00e9loquin - A must-see!<\/title>\n<meta name=\"description\" content=\"The Thawing of Ice - Parole officer Louise Denoncourt operates an experimental rehabilitation wing for murderers.\" \/>\n<meta name=\"robots\" content=\"index, follow, max-snippet:-1, max-image-preview:large, max-video-preview:-1\" \/>\n<link rel=\"canonical\" href=\"https:\/\/maison4tiers.com\/en\/movie\/the-thawing-of-ice\/\" \/>\n<meta property=\"og:locale\" content=\"en_US\" \/>\n<meta property=\"og:type\" content=\"article\" \/>\n<meta property=\"og:title\" content=\"The Thawing of Ice\" \/>\n<meta property=\"og:description\" content=\"The Thawing of Ice - Parole officer Louise Denoncourt operates an experimental rehabilitation wing for murderers.\" \/>\n<meta property=\"og:url\" content=\"https:\/\/maison4tiers.com\/en\/movie\/the-thawing-of-ice\/\" \/>\n<meta property=\"og:site_name\" content=\"Maison4tiers\" \/>\n<meta property=\"article:modified_time\" content=\"2025-12-16T19:11:43+00:00\" \/>\n<meta property=\"og:image\" content=\"https:\/\/maison4tiers.com\/wp-content\/uploads\/2024\/04\/ThawingIce_poster_WEB_universal_LR-scaled.jpg\" \/>\n\t<meta property=\"og:image:width\" content=\"1772\" \/>\n\t<meta property=\"og:image:height\" content=\"2560\" \/>\n\t<meta property=\"og:image:type\" content=\"image\/jpeg\" \/>\n<meta name=\"twitter:card\" content=\"summary_large_image\" \/>\n<meta name=\"twitter:title\" content=\"The Thawing of Ice\" \/>\n<meta name=\"twitter:description\" content=\"The Thawing of Ice - Parole officer Louise Denoncourt operates an experimental rehabilitation wing for murderers.\" \/>\n<meta name=\"twitter:image\" content=\"https:\/\/maison4tiers.com\/wp-content\/uploads\/2024\/04\/ThawingIce_poster_WEB_universal_LR-scaled.jpg\" \/>\n<meta name=\"twitter:label1\" content=\"Est. reading time\" \/>\n\t<meta name=\"twitter:data1\" content=\"1 minute\" \/>\n<script type=\"application\/ld+json\" class=\"yoast-schema-graph\">{\"@context\":\"https:\/\/schema.org\",\"@graph\":[{\"@type\":\"WebPage\",\"@id\":\"https:\/\/maison4tiers.com\/en\/movie\/the-thawing-of-ice\/\",\"url\":\"https:\/\/maison4tiers.com\/en\/movie\/the-thawing-of-ice\/\",\"name\":\"The Thawing of Ice - Maison4tiers - A film by Fran\u00e7ois P\u00e9loquin - A must-see!\",\"isPartOf\":{\"@id\":\"https:\/\/maison4tiers.com\/#website\"},\"primaryImageOfPage\":{\"@id\":\"https:\/\/maison4tiers.com\/en\/movie\/the-thawing-of-ice\/#primaryimage\"},\"image\":{\"@id\":\"https:\/\/maison4tiers.com\/en\/movie\/the-thawing-of-ice\/#primaryimage\"},\"thumbnailUrl\":\"https:\/\/maison4tiers.com\/wp-content\/uploads\/2024\/04\/ThawingIce_poster_WEB_universal_LR-scaled.jpg\",\"datePublished\":\"2024-04-29T19:59:06+00:00\",\"dateModified\":\"2025-12-16T19:11:43+00:00\",\"description\":\"The Thawing of Ice - Parole officer Louise Denoncourt operates an experimental rehabilitation wing for murderers.\",\"breadcrumb\":{\"@id\":\"https:\/\/maison4tiers.com\/en\/movie\/the-thawing-of-ice\/#breadcrumb\"},\"inLanguage\":\"en-US\",\"potentialAction\":[{\"@type\":\"ReadAction\",\"target\":[\"https:\/\/maison4tiers.com\/en\/movie\/the-thawing-of-ice\/\"]}]},{\"@type\":\"ImageObject\",\"inLanguage\":\"en-US\",\"@id\":\"https:\/\/maison4tiers.com\/en\/movie\/the-thawing-of-ice\/#primaryimage\",\"url\":\"https:\/\/maison4tiers.com\/wp-content\/uploads\/2024\/04\/ThawingIce_poster_WEB_universal_LR-scaled.jpg\",\"contentUrl\":\"https:\/\/maison4tiers.com\/wp-content\/uploads\/2024\/04\/ThawingIce_poster_WEB_universal_LR-scaled.jpg\",\"width\":1772,\"height\":2560},{\"@type\":\"BreadcrumbList\",\"@id\":\"https:\/\/maison4tiers.com\/en\/movie\/the-thawing-of-ice\/#breadcrumb\",\"itemListElement\":[{\"@type\":\"ListItem\",\"position\":1,\"name\":\"Home\",\"item\":\"https:\/\/maison4tiers.com\/en\/\"},{\"@type\":\"ListItem\",\"position\":2,\"name\":\"Movies\",\"item\":\"https:\/\/maison4tiers.com\/en\/movies\/\"},{\"@type\":\"ListItem\",\"position\":3,\"name\":\"The Thawing of Ice\"}]},{\"@type\":\"WebSite\",\"@id\":\"https:\/\/maison4tiers.com\/#website\",\"url\":\"https:\/\/maison4tiers.com\/\",\"name\":\"Maison4tiers\",\"description\":\"Distribution multiplateforme de films qu\u00e9b\u00e9cois et internationaux\",\"publisher\":{\"@id\":\"https:\/\/maison4tiers.com\/#organization\"},\"potentialAction\":[{\"@type\":\"SearchAction\",\"target\":{\"@type\":\"EntryPoint\",\"urlTemplate\":\"https:\/\/maison4tiers.com\/?s={search_term_string}\"},\"query-input\":{\"@type\":\"PropertyValueSpecification\",\"valueRequired\":true,\"valueName\":\"search_term_string\"}}],\"inLanguage\":\"en-US\"},{\"@type\":\"Organization\",\"@id\":\"https:\/\/maison4tiers.com\/#organization\",\"name\":\"Maison4tiers\",\"url\":\"https:\/\/maison4tiers.com\/\",\"logo\":{\"@type\":\"ImageObject\",\"inLanguage\":\"en-US\",\"@id\":\"https:\/\/maison4tiers.com\/#\/schema\/logo\/image\/\",\"url\":\"https:\/\/maison4tiers.com\/wp-content\/uploads\/2020\/11\/favicon-196.png\",\"contentUrl\":\"https:\/\/maison4tiers.com\/wp-content\/uploads\/2020\/11\/favicon-196.png\",\"width\":196,\"height\":196,\"caption\":\"Maison4tiers\"},\"image\":{\"@id\":\"https:\/\/maison4tiers.com\/#\/schema\/logo\/image\/\"}}]}<\/script>\n<!-- \/ Yoast SEO plugin. -->","yoast_head_json":{"title":"The Thawing of Ice - Maison4tiers - A film by Fran\u00e7ois P\u00e9loquin - A must-see!","description":"The Thawing of Ice - Parole officer Louise Denoncourt operates an experimental rehabilitation wing for murderers.","robots":{"index":"index","follow":"follow","max-snippet":"max-snippet:-1","max-image-preview":"max-image-preview:large","max-video-preview":"max-video-preview:-1"},"canonical":"https:\/\/maison4tiers.com\/en\/movie\/the-thawing-of-ice\/","og_locale":"en_US","og_type":"article","og_title":"The Thawing of Ice","og_description":"The Thawing of Ice - Parole officer Louise Denoncourt operates an experimental rehabilitation wing for murderers.","og_url":"https:\/\/maison4tiers.com\/en\/movie\/the-thawing-of-ice\/","og_site_name":"Maison4tiers","article_modified_time":"2025-12-16T19:11:43+00:00","og_image":[{"width":1772,"height":2560,"url":"https:\/\/maison4tiers.com\/wp-content\/uploads\/2024\/04\/ThawingIce_poster_WEB_universal_LR-scaled.jpg","type":"image\/jpeg"}],"twitter_card":"summary_large_image","twitter_title":"The Thawing of Ice","twitter_description":"The Thawing of Ice - Parole officer Louise Denoncourt operates an experimental rehabilitation wing for murderers.","twitter_image":"https:\/\/maison4tiers.com\/wp-content\/uploads\/2024\/04\/ThawingIce_poster_WEB_universal_LR-scaled.jpg","twitter_misc":{"Est. reading time":"1 minute"},"schema":{"@context":"https:\/\/schema.org","@graph":[{"@type":"WebPage","@id":"https:\/\/maison4tiers.com\/en\/movie\/the-thawing-of-ice\/","url":"https:\/\/maison4tiers.com\/en\/movie\/the-thawing-of-ice\/","name":"The Thawing of Ice - Maison4tiers - A film by Fran\u00e7ois P\u00e9loquin - A must-see!","isPartOf":{"@id":"https:\/\/maison4tiers.com\/#website"},"primaryImageOfPage":{"@id":"https:\/\/maison4tiers.com\/en\/movie\/the-thawing-of-ice\/#primaryimage"},"image":{"@id":"https:\/\/maison4tiers.com\/en\/movie\/the-thawing-of-ice\/#primaryimage"},"thumbnailUrl":"https:\/\/maison4tiers.com\/wp-content\/uploads\/2024\/04\/ThawingIce_poster_WEB_universal_LR-scaled.jpg","datePublished":"2024-04-29T19:59:06+00:00","dateModified":"2025-12-16T19:11:43+00:00","description":"The Thawing of Ice - Parole officer Louise Denoncourt operates an experimental rehabilitation wing for murderers.","breadcrumb":{"@id":"https:\/\/maison4tiers.com\/en\/movie\/the-thawing-of-ice\/#breadcrumb"},"inLanguage":"en-US","potentialAction":[{"@type":"ReadAction","target":["https:\/\/maison4tiers.com\/en\/movie\/the-thawing-of-ice\/"]}]},{"@type":"ImageObject","inLanguage":"en-US","@id":"https:\/\/maison4tiers.com\/en\/movie\/the-thawing-of-ice\/#primaryimage","url":"https:\/\/maison4tiers.com\/wp-content\/uploads\/2024\/04\/ThawingIce_poster_WEB_universal_LR-scaled.jpg","contentUrl":"https:\/\/maison4tiers.com\/wp-content\/uploads\/2024\/04\/ThawingIce_poster_WEB_universal_LR-scaled.jpg","width":1772,"height":2560},{"@type":"BreadcrumbList","@id":"https:\/\/maison4tiers.com\/en\/movie\/the-thawing-of-ice\/#breadcrumb","itemListElement":[{"@type":"ListItem","position":1,"name":"Home","item":"https:\/\/maison4tiers.com\/en\/"},{"@type":"ListItem","position":2,"name":"Movies","item":"https:\/\/maison4tiers.com\/en\/movies\/"},{"@type":"ListItem","position":3,"name":"The Thawing of Ice"}]},{"@type":"WebSite","@id":"https:\/\/maison4tiers.com\/#website","url":"https:\/\/maison4tiers.com\/","name":"Maison4tiers","description":"Distribution multiplateforme de films qu\u00e9b\u00e9cois et internationaux","publisher":{"@id":"https:\/\/maison4tiers.com\/#organization"},"potentialAction":[{"@type":"SearchAction","target":{"@type":"EntryPoint","urlTemplate":"https:\/\/maison4tiers.com\/?s={search_term_string}"},"query-input":{"@type":"PropertyValueSpecification","valueRequired":true,"valueName":"search_term_string"}}],"inLanguage":"en-US"},{"@type":"Organization","@id":"https:\/\/maison4tiers.com\/#organization","name":"Maison4tiers","url":"https:\/\/maison4tiers.com\/","logo":{"@type":"ImageObject","inLanguage":"en-US","@id":"https:\/\/maison4tiers.com\/#\/schema\/logo\/image\/","url":"https:\/\/maison4tiers.com\/wp-content\/uploads\/2020\/11\/favicon-196.png","contentUrl":"https:\/\/maison4tiers.com\/wp-content\/uploads\/2020\/11\/favicon-196.png","width":196,"height":196,"caption":"Maison4tiers"},"image":{"@id":"https:\/\/maison4tiers.com\/#\/schema\/logo\/image\/"}}]}},"jetpack_sharing_enabled":true,"_links":{"self":[{"href":"https:\/\/maison4tiers.com\/en\/wp-json\/wp\/v2\/product\/22198","targetHints":{"allow":["GET"]}}],"collection":[{"href":"https:\/\/maison4tiers.com\/en\/wp-json\/wp\/v2\/product"}],"about":[{"href":"https:\/\/maison4tiers.com\/en\/wp-json\/wp\/v2\/types\/product"}],"wp:featuredmedia":[{"embeddable":true,"href":"https:\/\/maison4tiers.com\/en\/wp-json\/wp\/v2\/media\/22223"}],"wp:attachment":[{"href":"https:\/\/maison4tiers.com\/en\/wp-json\/wp\/v2\/media?parent=22198"}],"wp:term":[{"taxonomy":"product_brand","embeddable":true,"href":"https:\/\/maison4tiers.com\/en\/wp-json\/wp\/v2\/product_brand?post=22198"},{"taxonomy":"product_cat","embeddable":true,"href":"https:\/\/maison4tiers.com\/en\/wp-json\/wp\/v2\/product_cat?post=22198"},{"taxonomy":"product_tag","embeddable":true,"href":"https:\/\/maison4tiers.com\/en\/wp-json\/wp\/v2\/product_tag?post=22198"}],"curies":[{"name":"wp","href":"https:\/\/api.w.org\/{rel}","templated":true}]}}