{"id":19842,"date":"2023-12-11T17:00:28","date_gmt":"2023-12-11T21:00:28","guid":{"rendered":"https:\/\/maison4tiers.com\/?post_type=product&#038;p=19842"},"modified":"2025-10-07T05:53:37","modified_gmt":"2025-10-07T09:53:37","slug":"ocean","status":"publish","type":"product","link":"https:\/\/maison4tiers.com\/en\/movie\/ocean\/","title":{"rendered":"L&#8217;Oc\u00e9an Vu du Coeur"},"excerpt":{"rendered":"<h4><strong>NOW AVAILABLE ON DVD AND ON DEMAND!!!<\/strong><\/h4>\n<p>For a long time, the ocean seemed unalterable and inexhaustible, but the impact of our actions on its biodiversity and temperature is alarming. In L&#8217;Oc\u00e9an vu du c\u0153ur, the sequel to La Terre vue du c\u0153ur, Hubert Reeves, surrounded by passionate scientists and explorers, invites us to rediscover what threatens the ocean, and above all to explore its phenomenal capacity for regeneration. It&#8217;s a hymn to life at its richest, most precious and most necessary if we are to survive, among other species, on our blue planet.  <\/p>\n<blockquote><p><em>&#8221;  <\/em><span style=\"font-weight: 400;\">A beautiful documentary that defies expectations. Although it evokes an ecological emergency, the film refuses to take the form of a cry for help. All the more convincing for that.  <\/span><em>. &#8221;<br \/>\n<\/em><a href=\"https:\/\/www.avoir-alire.com\/l-ocean-vu-du-coeur-iolande-cadrin-rossignol-marie-dominique-michaud-critique\" target=\"_blank\" rel=\"noopener\"><strong> \u2605\u2605\u2605\u2605 &#8211; TO SEE TO READ<\/strong><\/a><\/p>\n<p><em>&#8220;<span style=\"font-weight: 400;\">This beautiful, impassioned and fascinating film awakens consciences, but is never moralizing. It is an invitation to reflect, to educate and to inform in order to act. <\/span>  &#8220;<\/em><br \/>\n<a href=\"https:\/\/www.humanite.fr\/culture-et-savoir\/cinema\/locean-vu-du-coeur-un-documentaire-aux-sources-du-vivant\" target=\"_blank\" rel=\"noopener\"><strong>&#8211; HUMANITY<\/strong><\/a><\/p>\n<p><em>&#8220;A message of hope<\/em><br \/>\n<strong>  &#8211; ALLO CIN\u00c9<\/strong><\/p><\/blockquote>\n<p>&nbsp;<\/p>\n<p><a href=\"https:\/\/maison4tiers.com\/en\/categorie-produit\/movie\/documentary\/?_ga=2.62960111.1713405302.1702330560-2119137250.1661195295\" target=\"_blank\" rel=\"noopener\"><span style=\"text-decoration: underline;\">See other DOCUMENTARIES<\/span><\/a><\/p>\n<p>*Disponible au Canada seulement<\/p>\n","protected":false},"featured_media":19843,"template":"","meta":{"_acf_changed":false,"_eb_attr":""},"product_brand":[],"product_cat":[143,137,133,102,125,103,126,127],"product_tag":[1030,945,1025,1024,1029,1026,1023,693,1027,692,825,1028],"class_list":{"0":"post-19842","1":"product","2":"type-product","3":"status-publish","4":"has-post-thumbnail","6":"product_cat-digital","7":"product_cat-dvd-en","8":"product_cat-allmovies","9":"product_cat-documentary","10":"product_cat-environment","11":"product_cat-movie","12":"product_cat-quebec-movie","13":"product_cat-reflexion-en","14":"product_tag-conservation-en","15":"product_tag-documentaire-en","16":"product_tag-ecologie-en","17":"product_tag-environnement-en","18":"product_tag-espece-en","19":"product_tag-hubert-reeves-en","20":"product_tag-locean-vu-du-coeur-en","21":"product_tag-mer-en","22":"product_tag-militant-en","23":"product_tag-ocean-en","24":"product_tag-poisson-en","25":"product_tag-survie-en","27":"first","28":"instock","29":"taxable","30":"shipping-taxable","31":"purchasable","32":"product-type-variable","33":"has-default-attributes"},"acf":[],"yoast_head":"<!-- This site is optimized with the Yoast SEO plugin v27.0 - https:\/\/yoast.com\/product\/yoast-seo-wordpress\/ -->\n<title>L&#039;Oc\u00e9an Vu du Coeur - Maison4tiers - Quebec film - See the film now!<\/title>\n<meta name=\"description\" content=\"L&#039;Oc\u00e9an Vu du Coeur - Hubert Reeves invites us to rediscover what threatens the ocean, and above all to explore its phenomenal capacity for regeneration.\" \/>\n<meta name=\"robots\" content=\"index, follow, max-snippet:-1, max-image-preview:large, max-video-preview:-1\" \/>\n<link rel=\"canonical\" href=\"https:\/\/maison4tiers.com\/en\/movie\/ocean\/\" \/>\n<meta property=\"og:locale\" content=\"en_US\" \/>\n<meta property=\"og:type\" content=\"article\" \/>\n<meta property=\"og:title\" content=\"Ocean from the heart\" \/>\n<meta property=\"og:description\" content=\"For a long time, the ocean seemed unalterable and inexhaustible, but the impact of our actions on its biodiversity and temperature is alarming. In L&#039;Oc\u00e9an vu du c\u0153ur, the sequel to La Terre vue du c\u0153ur, Hubert Reeves, surrounded by passionate scientists and explorers, invites us to rediscover what threatens the ocean, and above all to explore its phenomenal capacity for regeneration. It&#039;s a hymn to life at its richest, most precious and most necessary if we are to survive, among other species, on our blue planet.\" \/>\n<meta property=\"og:url\" content=\"https:\/\/maison4tiers.com\/en\/movie\/ocean\/\" \/>\n<meta property=\"og:site_name\" content=\"Maison4tiers\" \/>\n<meta property=\"article:modified_time\" content=\"2025-10-07T09:53:37+00:00\" \/>\n<meta property=\"og:image\" content=\"https:\/\/maison4tiers.com\/wp-content\/uploads\/2023\/12\/OSFTH_poster_WEB_LR-scaled.jpg\" \/>\n\t<meta property=\"og:image:width\" content=\"1772\" \/>\n\t<meta property=\"og:image:height\" content=\"2560\" \/>\n\t<meta property=\"og:image:type\" content=\"image\/jpeg\" \/>\n<meta name=\"twitter:card\" content=\"summary_large_image\" \/>\n<meta name=\"twitter:title\" content=\"L&#039;Oc\u00e9an Vu du Coeur\" \/>\n<meta name=\"twitter:description\" content=\"For a long time, the ocean seemed unalterable and inexhaustible, but the impact of our actions on its biodiversity and temperature is alarming. In L&#039;Oc\u00e9an vu du c\u0153ur, the sequel to La Terre vue du c\u0153ur, Hubert Reeves, surrounded by passionate scientists and explorers, invites us to rediscover what threatens the ocean, and above all to explore its phenomenal capacity for regeneration. It&#039;s a hymn to life at its richest, most precious and most necessary if we are to survive, among other species, on our blue planet.\" \/>\n<meta name=\"twitter:image\" content=\"https:\/\/maison4tiers.com\/wp-content\/uploads\/2023\/12\/OSFTH_poster_WEB_LR-scaled.jpg\" \/>\n<script type=\"application\/ld+json\" class=\"yoast-schema-graph\">{\"@context\":\"https:\/\/schema.org\",\"@graph\":[{\"@type\":\"WebPage\",\"@id\":\"https:\/\/maison4tiers.com\/en\/movie\/ocean\/\",\"url\":\"https:\/\/maison4tiers.com\/en\/movie\/ocean\/\",\"name\":\"L'Oc\u00e9an Vu du Coeur - Maison4tiers - Quebec film - See the film now!\",\"isPartOf\":{\"@id\":\"https:\/\/maison4tiers.com\/#website\"},\"primaryImageOfPage\":{\"@id\":\"https:\/\/maison4tiers.com\/en\/movie\/ocean\/#primaryimage\"},\"image\":{\"@id\":\"https:\/\/maison4tiers.com\/en\/movie\/ocean\/#primaryimage\"},\"thumbnailUrl\":\"https:\/\/maison4tiers.com\/wp-content\/uploads\/2023\/12\/OSFTH_poster_WEB_LR-scaled.jpg\",\"datePublished\":\"2023-12-11T21:00:28+00:00\",\"dateModified\":\"2025-10-07T09:53:37+00:00\",\"description\":\"L'Oc\u00e9an Vu du Coeur - Hubert Reeves invites us to rediscover what threatens the ocean, and above all to explore its phenomenal capacity for regeneration.\",\"breadcrumb\":{\"@id\":\"https:\/\/maison4tiers.com\/en\/movie\/ocean\/#breadcrumb\"},\"inLanguage\":\"en-US\",\"potentialAction\":[{\"@type\":\"ReadAction\",\"target\":[\"https:\/\/maison4tiers.com\/en\/movie\/ocean\/\"]}]},{\"@type\":\"ImageObject\",\"inLanguage\":\"en-US\",\"@id\":\"https:\/\/maison4tiers.com\/en\/movie\/ocean\/#primaryimage\",\"url\":\"https:\/\/maison4tiers.com\/wp-content\/uploads\/2023\/12\/OSFTH_poster_WEB_LR-scaled.jpg\",\"contentUrl\":\"https:\/\/maison4tiers.com\/wp-content\/uploads\/2023\/12\/OSFTH_poster_WEB_LR-scaled.jpg\",\"width\":1772,\"height\":2560},{\"@type\":\"BreadcrumbList\",\"@id\":\"https:\/\/maison4tiers.com\/en\/movie\/ocean\/#breadcrumb\",\"itemListElement\":[{\"@type\":\"ListItem\",\"position\":1,\"name\":\"Home\",\"item\":\"https:\/\/maison4tiers.com\/en\/\"},{\"@type\":\"ListItem\",\"position\":2,\"name\":\"Movies\",\"item\":\"https:\/\/maison4tiers.com\/en\/movies\/\"},{\"@type\":\"ListItem\",\"position\":3,\"name\":\"L&rsquo;Oc\u00e9an Vu du Coeur\"}]},{\"@type\":\"WebSite\",\"@id\":\"https:\/\/maison4tiers.com\/#website\",\"url\":\"https:\/\/maison4tiers.com\/\",\"name\":\"Maison4tiers\",\"description\":\"Distribution multiplateforme de films qu\u00e9b\u00e9cois et internationaux\",\"publisher\":{\"@id\":\"https:\/\/maison4tiers.com\/#organization\"},\"potentialAction\":[{\"@type\":\"SearchAction\",\"target\":{\"@type\":\"EntryPoint\",\"urlTemplate\":\"https:\/\/maison4tiers.com\/?s={search_term_string}\"},\"query-input\":{\"@type\":\"PropertyValueSpecification\",\"valueRequired\":true,\"valueName\":\"search_term_string\"}}],\"inLanguage\":\"en-US\"},{\"@type\":\"Organization\",\"@id\":\"https:\/\/maison4tiers.com\/#organization\",\"name\":\"Maison4tiers\",\"url\":\"https:\/\/maison4tiers.com\/\",\"logo\":{\"@type\":\"ImageObject\",\"inLanguage\":\"en-US\",\"@id\":\"https:\/\/maison4tiers.com\/#\/schema\/logo\/image\/\",\"url\":\"https:\/\/maison4tiers.com\/wp-content\/uploads\/2020\/11\/favicon-196.png\",\"contentUrl\":\"https:\/\/maison4tiers.com\/wp-content\/uploads\/2020\/11\/favicon-196.png\",\"width\":196,\"height\":196,\"caption\":\"Maison4tiers\"},\"image\":{\"@id\":\"https:\/\/maison4tiers.com\/#\/schema\/logo\/image\/\"}}]}<\/script>\n<!-- \/ Yoast SEO plugin. -->","yoast_head_json":{"title":"L'Oc\u00e9an Vu du Coeur - Maison4tiers - Quebec film - See the film now!","description":"L'Oc\u00e9an Vu du Coeur - Hubert Reeves invites us to rediscover what threatens the ocean, and above all to explore its phenomenal capacity for regeneration.","robots":{"index":"index","follow":"follow","max-snippet":"max-snippet:-1","max-image-preview":"max-image-preview:large","max-video-preview":"max-video-preview:-1"},"canonical":"https:\/\/maison4tiers.com\/en\/movie\/ocean\/","og_locale":"en_US","og_type":"article","og_title":"Ocean from the heart","og_description":"For a long time, the ocean seemed unalterable and inexhaustible, but the impact of our actions on its biodiversity and temperature is alarming. In L'Oc\u00e9an vu du c\u0153ur, the sequel to La Terre vue du c\u0153ur, Hubert Reeves, surrounded by passionate scientists and explorers, invites us to rediscover what threatens the ocean, and above all to explore its phenomenal capacity for regeneration. It's a hymn to life at its richest, most precious and most necessary if we are to survive, among other species, on our blue planet.","og_url":"https:\/\/maison4tiers.com\/en\/movie\/ocean\/","og_site_name":"Maison4tiers","article_modified_time":"2025-10-07T09:53:37+00:00","og_image":[{"width":1772,"height":2560,"url":"https:\/\/maison4tiers.com\/wp-content\/uploads\/2023\/12\/OSFTH_poster_WEB_LR-scaled.jpg","type":"image\/jpeg"}],"twitter_card":"summary_large_image","twitter_title":"L'Oc\u00e9an Vu du Coeur","twitter_description":"For a long time, the ocean seemed unalterable and inexhaustible, but the impact of our actions on its biodiversity and temperature is alarming. In L'Oc\u00e9an vu du c\u0153ur, the sequel to La Terre vue du c\u0153ur, Hubert Reeves, surrounded by passionate scientists and explorers, invites us to rediscover what threatens the ocean, and above all to explore its phenomenal capacity for regeneration. It's a hymn to life at its richest, most precious and most necessary if we are to survive, among other species, on our blue planet.","twitter_image":"https:\/\/maison4tiers.com\/wp-content\/uploads\/2023\/12\/OSFTH_poster_WEB_LR-scaled.jpg","schema":{"@context":"https:\/\/schema.org","@graph":[{"@type":"WebPage","@id":"https:\/\/maison4tiers.com\/en\/movie\/ocean\/","url":"https:\/\/maison4tiers.com\/en\/movie\/ocean\/","name":"L'Oc\u00e9an Vu du Coeur - Maison4tiers - Quebec film - See the film now!","isPartOf":{"@id":"https:\/\/maison4tiers.com\/#website"},"primaryImageOfPage":{"@id":"https:\/\/maison4tiers.com\/en\/movie\/ocean\/#primaryimage"},"image":{"@id":"https:\/\/maison4tiers.com\/en\/movie\/ocean\/#primaryimage"},"thumbnailUrl":"https:\/\/maison4tiers.com\/wp-content\/uploads\/2023\/12\/OSFTH_poster_WEB_LR-scaled.jpg","datePublished":"2023-12-11T21:00:28+00:00","dateModified":"2025-10-07T09:53:37+00:00","description":"L'Oc\u00e9an Vu du Coeur - Hubert Reeves invites us to rediscover what threatens the ocean, and above all to explore its phenomenal capacity for regeneration.","breadcrumb":{"@id":"https:\/\/maison4tiers.com\/en\/movie\/ocean\/#breadcrumb"},"inLanguage":"en-US","potentialAction":[{"@type":"ReadAction","target":["https:\/\/maison4tiers.com\/en\/movie\/ocean\/"]}]},{"@type":"ImageObject","inLanguage":"en-US","@id":"https:\/\/maison4tiers.com\/en\/movie\/ocean\/#primaryimage","url":"https:\/\/maison4tiers.com\/wp-content\/uploads\/2023\/12\/OSFTH_poster_WEB_LR-scaled.jpg","contentUrl":"https:\/\/maison4tiers.com\/wp-content\/uploads\/2023\/12\/OSFTH_poster_WEB_LR-scaled.jpg","width":1772,"height":2560},{"@type":"BreadcrumbList","@id":"https:\/\/maison4tiers.com\/en\/movie\/ocean\/#breadcrumb","itemListElement":[{"@type":"ListItem","position":1,"name":"Home","item":"https:\/\/maison4tiers.com\/en\/"},{"@type":"ListItem","position":2,"name":"Movies","item":"https:\/\/maison4tiers.com\/en\/movies\/"},{"@type":"ListItem","position":3,"name":"L&rsquo;Oc\u00e9an Vu du Coeur"}]},{"@type":"WebSite","@id":"https:\/\/maison4tiers.com\/#website","url":"https:\/\/maison4tiers.com\/","name":"Maison4tiers","description":"Distribution multiplateforme de films qu\u00e9b\u00e9cois et internationaux","publisher":{"@id":"https:\/\/maison4tiers.com\/#organization"},"potentialAction":[{"@type":"SearchAction","target":{"@type":"EntryPoint","urlTemplate":"https:\/\/maison4tiers.com\/?s={search_term_string}"},"query-input":{"@type":"PropertyValueSpecification","valueRequired":true,"valueName":"search_term_string"}}],"inLanguage":"en-US"},{"@type":"Organization","@id":"https:\/\/maison4tiers.com\/#organization","name":"Maison4tiers","url":"https:\/\/maison4tiers.com\/","logo":{"@type":"ImageObject","inLanguage":"en-US","@id":"https:\/\/maison4tiers.com\/#\/schema\/logo\/image\/","url":"https:\/\/maison4tiers.com\/wp-content\/uploads\/2020\/11\/favicon-196.png","contentUrl":"https:\/\/maison4tiers.com\/wp-content\/uploads\/2020\/11\/favicon-196.png","width":196,"height":196,"caption":"Maison4tiers"},"image":{"@id":"https:\/\/maison4tiers.com\/#\/schema\/logo\/image\/"}}]}},"jetpack_sharing_enabled":true,"_links":{"self":[{"href":"https:\/\/maison4tiers.com\/en\/wp-json\/wp\/v2\/product\/19842","targetHints":{"allow":["GET"]}}],"collection":[{"href":"https:\/\/maison4tiers.com\/en\/wp-json\/wp\/v2\/product"}],"about":[{"href":"https:\/\/maison4tiers.com\/en\/wp-json\/wp\/v2\/types\/product"}],"wp:featuredmedia":[{"embeddable":true,"href":"https:\/\/maison4tiers.com\/en\/wp-json\/wp\/v2\/media\/19843"}],"wp:attachment":[{"href":"https:\/\/maison4tiers.com\/en\/wp-json\/wp\/v2\/media?parent=19842"}],"wp:term":[{"taxonomy":"product_brand","embeddable":true,"href":"https:\/\/maison4tiers.com\/en\/wp-json\/wp\/v2\/product_brand?post=19842"},{"taxonomy":"product_cat","embeddable":true,"href":"https:\/\/maison4tiers.com\/en\/wp-json\/wp\/v2\/product_cat?post=19842"},{"taxonomy":"product_tag","embeddable":true,"href":"https:\/\/maison4tiers.com\/en\/wp-json\/wp\/v2\/product_tag?post=19842"}],"curies":[{"name":"wp","href":"https:\/\/api.w.org\/{rel}","templated":true}]}}