{"id":17981,"date":"2022-03-10T15:41:10","date_gmt":"2022-03-10T19:41:10","guid":{"rendered":"https:\/\/maison4tiers.com\/?post_type=product&#038;p=17981"},"modified":"2025-11-17T01:36:08","modified_gmt":"2025-11-17T05:36:08","slug":"babysitter","status":"publish","type":"product","link":"https:\/\/maison4tiers.com\/en\/movie\/babysitter\/","title":{"rendered":"BABYSITTER"},"excerpt":{"rendered":"<h4><strong>NOW AVAILABLE ON VIDEO ON DEMAND!<\/strong><\/h4>\n<p>A film directed by Monia Chokri and written by Catherine L\u00e9ger after her play Baby-sitter<\/p>\n<p>C\u00e9dric loses his job at Ing\u00e9n\u00e9rie Qu\u00e9bec after making a sexist joke that goes viral. Encouraged by his intellectual brother, Cedric starts therapy and writes Sexist Story, a book that aims to be revolutionary and attack misogyny. Nadine, exasperated by her boyfriend&#8217;s introspection and herself in need of dreams and adrenalin, is tempted by the amazing games initiated by the mysterious babysitter. Adapted from the play, the comedy Baby-sitter plunges even deeper into the unconscious, the desire to dominate the other and the drift of the couple.<\/p>\n<blockquote><p><b>\u2605\u2605\u2605\u2605 <\/b>&#8221; <span style=\"font-weight: 400;\">Unashamedly embracing genre cinema, to elaborate an astonishing cinematic postulate on modern societal issues. <\/span>&#8220;<span class=\"Apple-converted-space\"> <\/span><strong>CINEMANIAK  <\/strong><\/p>\n<p><span style=\"font-weight: 400;\">&#8220;Unsettling, daring and uncomfortable at times (especially during one scene in particular), Babysitter is anything but a self-indulgent film. It certainly makes us think about the uncontrollable and irrational aspect of desire.&#8221; <strong><a href=\"https:\/\/www.lapresse.ca\/cinema\/2022-06-03\/babysitter\/pour-un-feminisme-et-un-desir-tout-en-nuances.php\" target=\"_blank\" rel=\"noopener\">THE PRESS<\/a><\/strong><\/span><\/p>\n<p><span style=\"font-weight: 400;\">&#8220;Carried along by dialogue that happily shakes up sexual stereotypes, Babysitter will leave no one indifferent.&#8221; <a href=\"https:\/\/www.ledevoir.com\/culture\/ecrans\/718407\/cinema-babysitter-amy-une-nounou-qui-vous-veut-du-bien\" target=\"_blank\" rel=\"noopener\"><strong>LE DEVOIR<\/strong><\/a><\/span><\/p>\n<p><span style=\"font-weight: 400;\">&#8220;Tackled with humor and lightness, the themes of misogyny, feminism and the intimacy of the couple are at the heart of Babysitter.&#8221;<strong><a href=\"https:\/\/ici.radio-canada.ca\/nouvelle\/1888094\/babysitter-film-monia-chokri-sortie-salles-cinema-catherine-leger-theatre\" target=\"_blank\" rel=\"noopener\"> RADIO-CANADA<\/a><\/strong><\/span><\/p><\/blockquote>\n<p><strong><a href=\"https:\/\/maison4tiers.com\/en\/categorie-produit\/movie\/quebec-movie\/\" target=\"_blank\" rel=\"noopener\">See other Quebec films  <\/a><\/strong><\/p>\n<p>*Disponible au Canada seulement<\/p>\n","protected":false},"featured_media":7935,"template":"","meta":{"_acf_changed":false,"_eb_attr":""},"product_brand":[],"product_cat":[108,130,103,126],"product_tag":[921,922,923,721,924,925,827,926,932,476,928,929,930,931],"class_list":{"0":"post-17981","1":"product","2":"type-product","3":"status-publish","4":"has-post-thumbnail","6":"product_cat-comedy","7":"product_cat-fiction-en","8":"product_cat-movie","9":"product_cat-quebec-movie","10":"product_tag-amour-en","11":"product_tag-auteur-en","12":"product_tag-babysitter-en","13":"product_tag-comedie-en","14":"product_tag-couple-en","15":"product_tag-desir-en","16":"product_tag-experimental-en","17":"product_tag-feminisme-en","18":"product_tag-film-dauteur-en-2","19":"product_tag-lgbtq-en","20":"product_tag-love-en","21":"product_tag-monia-chokri-en","22":"product_tag-sexualite-en","23":"product_tag-surrealisme-en","25":"first","26":"instock","27":"taxable","28":"shipping-taxable","29":"purchasable","30":"product-type-variable","31":"has-default-attributes"},"acf":[],"yoast_head":"<!-- This site is optimized with the Yoast SEO plugin v27.0 - https:\/\/yoast.com\/product\/yoast-seo-wordpress\/ -->\n<title>BABYSITTER - Maison4tiers - Quebec film - See the film by Monia Chokri<\/title>\n<meta name=\"description\" content=\"Adapted from the play, the comedy Baby-sitter plunges even deeper into the unconscious, the desire to dominate the other and the drift of the couple.\" \/>\n<meta name=\"robots\" content=\"index, follow, max-snippet:-1, max-image-preview:large, max-video-preview:-1\" \/>\n<link rel=\"canonical\" href=\"https:\/\/maison4tiers.com\/en\/movie\/babysitter\/\" \/>\n<meta property=\"og:locale\" content=\"en_US\" \/>\n<meta property=\"og:type\" content=\"article\" \/>\n<meta property=\"og:title\" content=\"Babysitter\" \/>\n<meta property=\"og:description\" content=\"Adapted from the play, the comedy Baby-sitter plunges even deeper into the unconscious, the desire to dominate the other and the drift of the couple.\" \/>\n<meta property=\"og:url\" content=\"https:\/\/maison4tiers.com\/en\/movie\/babysitter\/\" \/>\n<meta property=\"og:site_name\" content=\"Maison4tiers\" \/>\n<meta property=\"article:modified_time\" content=\"2025-11-17T05:36:08+00:00\" \/>\n<meta property=\"og:image\" content=\"https:\/\/maison4tiers.com\/wp-content\/uploads\/2022\/03\/BABYSITTER_affiche_3juin_web-scaled.jpg\" \/>\n\t<meta property=\"og:image:width\" content=\"1772\" \/>\n\t<meta property=\"og:image:height\" content=\"2560\" \/>\n\t<meta property=\"og:image:type\" content=\"image\/jpeg\" \/>\n<meta name=\"twitter:card\" content=\"summary_large_image\" \/>\n<meta name=\"twitter:title\" content=\"Babysitter\" \/>\n<meta name=\"twitter:description\" content=\"Adapted from the play, the comedy Baby-sitter plunges even deeper into the unconscious, the desire to dominate the other and the drift of the couple.\" \/>\n<meta name=\"twitter:image\" content=\"https:\/\/maison4tiers.com\/wp-content\/uploads\/2022\/03\/BABYSITTER_affiche_3juin_web-scaled.jpg\" \/>\n<script type=\"application\/ld+json\" class=\"yoast-schema-graph\">{\"@context\":\"https:\/\/schema.org\",\"@graph\":[{\"@type\":\"WebPage\",\"@id\":\"https:\/\/maison4tiers.com\/en\/movie\/babysitter\/\",\"url\":\"https:\/\/maison4tiers.com\/en\/movie\/babysitter\/\",\"name\":\"BABYSITTER - Maison4tiers - Quebec film - See the film by Monia Chokri\",\"isPartOf\":{\"@id\":\"https:\/\/maison4tiers.com\/#website\"},\"primaryImageOfPage\":{\"@id\":\"https:\/\/maison4tiers.com\/en\/movie\/babysitter\/#primaryimage\"},\"image\":{\"@id\":\"https:\/\/maison4tiers.com\/en\/movie\/babysitter\/#primaryimage\"},\"thumbnailUrl\":\"https:\/\/maison4tiers.com\/wp-content\/uploads\/2022\/03\/BABYSITTER_affiche_WEB_3juin-scaled.jpg\",\"datePublished\":\"2022-03-10T19:41:10+00:00\",\"dateModified\":\"2025-11-17T05:36:08+00:00\",\"description\":\"Adapted from the play, the comedy Baby-sitter plunges even deeper into the unconscious, the desire to dominate the other and the drift of the couple.\",\"breadcrumb\":{\"@id\":\"https:\/\/maison4tiers.com\/en\/movie\/babysitter\/#breadcrumb\"},\"inLanguage\":\"en-US\",\"potentialAction\":[{\"@type\":\"ReadAction\",\"target\":[\"https:\/\/maison4tiers.com\/en\/movie\/babysitter\/\"]}]},{\"@type\":\"ImageObject\",\"inLanguage\":\"en-US\",\"@id\":\"https:\/\/maison4tiers.com\/en\/movie\/babysitter\/#primaryimage\",\"url\":\"https:\/\/maison4tiers.com\/wp-content\/uploads\/2022\/03\/BABYSITTER_affiche_WEB_3juin-scaled.jpg\",\"contentUrl\":\"https:\/\/maison4tiers.com\/wp-content\/uploads\/2022\/03\/BABYSITTER_affiche_WEB_3juin-scaled.jpg\",\"width\":1772,\"height\":2560,\"caption\":\"Babysitter\"},{\"@type\":\"BreadcrumbList\",\"@id\":\"https:\/\/maison4tiers.com\/en\/movie\/babysitter\/#breadcrumb\",\"itemListElement\":[{\"@type\":\"ListItem\",\"position\":1,\"name\":\"Home\",\"item\":\"https:\/\/maison4tiers.com\/en\/home-maison4tiers-brings-you-quality-multiplatform-cinema-from-quebec-and-around-the-world-easy-fast-and-no-obligation-digital-listening\/\"},{\"@type\":\"ListItem\",\"position\":2,\"name\":\"Movies\",\"item\":\"https:\/\/maison4tiers.com\/en\/movies\/\"},{\"@type\":\"ListItem\",\"position\":3,\"name\":\"BABYSITTER\"}]},{\"@type\":\"WebSite\",\"@id\":\"https:\/\/maison4tiers.com\/#website\",\"url\":\"https:\/\/maison4tiers.com\/\",\"name\":\"Maison4tiers\",\"description\":\"Distribution multiplateforme de films qu\u00e9b\u00e9cois et internationaux\",\"publisher\":{\"@id\":\"https:\/\/maison4tiers.com\/#organization\"},\"potentialAction\":[{\"@type\":\"SearchAction\",\"target\":{\"@type\":\"EntryPoint\",\"urlTemplate\":\"https:\/\/maison4tiers.com\/?s={search_term_string}\"},\"query-input\":{\"@type\":\"PropertyValueSpecification\",\"valueRequired\":true,\"valueName\":\"search_term_string\"}}],\"inLanguage\":\"en-US\"},{\"@type\":\"Organization\",\"@id\":\"https:\/\/maison4tiers.com\/#organization\",\"name\":\"Maison4tiers\",\"url\":\"https:\/\/maison4tiers.com\/\",\"logo\":{\"@type\":\"ImageObject\",\"inLanguage\":\"en-US\",\"@id\":\"https:\/\/maison4tiers.com\/#\/schema\/logo\/image\/\",\"url\":\"https:\/\/maison4tiers.com\/wp-content\/uploads\/2020\/11\/favicon-196.png\",\"contentUrl\":\"https:\/\/maison4tiers.com\/wp-content\/uploads\/2020\/11\/favicon-196.png\",\"width\":196,\"height\":196,\"caption\":\"Maison4tiers\"},\"image\":{\"@id\":\"https:\/\/maison4tiers.com\/#\/schema\/logo\/image\/\"}}]}<\/script>\n<!-- \/ Yoast SEO plugin. -->","yoast_head_json":{"title":"BABYSITTER - Maison4tiers - Quebec film - See the film by Monia Chokri","description":"Adapted from the play, the comedy Baby-sitter plunges even deeper into the unconscious, the desire to dominate the other and the drift of the couple.","robots":{"index":"index","follow":"follow","max-snippet":"max-snippet:-1","max-image-preview":"max-image-preview:large","max-video-preview":"max-video-preview:-1"},"canonical":"https:\/\/maison4tiers.com\/en\/movie\/babysitter\/","og_locale":"en_US","og_type":"article","og_title":"Babysitter","og_description":"Adapted from the play, the comedy Baby-sitter plunges even deeper into the unconscious, the desire to dominate the other and the drift of the couple.","og_url":"https:\/\/maison4tiers.com\/en\/movie\/babysitter\/","og_site_name":"Maison4tiers","article_modified_time":"2025-11-17T05:36:08+00:00","og_image":[{"width":1772,"height":2560,"url":"https:\/\/maison4tiers.com\/wp-content\/uploads\/2022\/03\/BABYSITTER_affiche_3juin_web-scaled.jpg","type":"image\/jpeg"}],"twitter_card":"summary_large_image","twitter_title":"Babysitter","twitter_description":"Adapted from the play, the comedy Baby-sitter plunges even deeper into the unconscious, the desire to dominate the other and the drift of the couple.","twitter_image":"https:\/\/maison4tiers.com\/wp-content\/uploads\/2022\/03\/BABYSITTER_affiche_3juin_web-scaled.jpg","schema":{"@context":"https:\/\/schema.org","@graph":[{"@type":"WebPage","@id":"https:\/\/maison4tiers.com\/en\/movie\/babysitter\/","url":"https:\/\/maison4tiers.com\/en\/movie\/babysitter\/","name":"BABYSITTER - Maison4tiers - Quebec film - See the film by Monia Chokri","isPartOf":{"@id":"https:\/\/maison4tiers.com\/#website"},"primaryImageOfPage":{"@id":"https:\/\/maison4tiers.com\/en\/movie\/babysitter\/#primaryimage"},"image":{"@id":"https:\/\/maison4tiers.com\/en\/movie\/babysitter\/#primaryimage"},"thumbnailUrl":"https:\/\/maison4tiers.com\/wp-content\/uploads\/2022\/03\/BABYSITTER_affiche_WEB_3juin-scaled.jpg","datePublished":"2022-03-10T19:41:10+00:00","dateModified":"2025-11-17T05:36:08+00:00","description":"Adapted from the play, the comedy Baby-sitter plunges even deeper into the unconscious, the desire to dominate the other and the drift of the couple.","breadcrumb":{"@id":"https:\/\/maison4tiers.com\/en\/movie\/babysitter\/#breadcrumb"},"inLanguage":"en-US","potentialAction":[{"@type":"ReadAction","target":["https:\/\/maison4tiers.com\/en\/movie\/babysitter\/"]}]},{"@type":"ImageObject","inLanguage":"en-US","@id":"https:\/\/maison4tiers.com\/en\/movie\/babysitter\/#primaryimage","url":"https:\/\/maison4tiers.com\/wp-content\/uploads\/2022\/03\/BABYSITTER_affiche_WEB_3juin-scaled.jpg","contentUrl":"https:\/\/maison4tiers.com\/wp-content\/uploads\/2022\/03\/BABYSITTER_affiche_WEB_3juin-scaled.jpg","width":1772,"height":2560,"caption":"Babysitter"},{"@type":"BreadcrumbList","@id":"https:\/\/maison4tiers.com\/en\/movie\/babysitter\/#breadcrumb","itemListElement":[{"@type":"ListItem","position":1,"name":"Home","item":"https:\/\/maison4tiers.com\/en\/home-maison4tiers-brings-you-quality-multiplatform-cinema-from-quebec-and-around-the-world-easy-fast-and-no-obligation-digital-listening\/"},{"@type":"ListItem","position":2,"name":"Movies","item":"https:\/\/maison4tiers.com\/en\/movies\/"},{"@type":"ListItem","position":3,"name":"BABYSITTER"}]},{"@type":"WebSite","@id":"https:\/\/maison4tiers.com\/#website","url":"https:\/\/maison4tiers.com\/","name":"Maison4tiers","description":"Distribution multiplateforme de films qu\u00e9b\u00e9cois et internationaux","publisher":{"@id":"https:\/\/maison4tiers.com\/#organization"},"potentialAction":[{"@type":"SearchAction","target":{"@type":"EntryPoint","urlTemplate":"https:\/\/maison4tiers.com\/?s={search_term_string}"},"query-input":{"@type":"PropertyValueSpecification","valueRequired":true,"valueName":"search_term_string"}}],"inLanguage":"en-US"},{"@type":"Organization","@id":"https:\/\/maison4tiers.com\/#organization","name":"Maison4tiers","url":"https:\/\/maison4tiers.com\/","logo":{"@type":"ImageObject","inLanguage":"en-US","@id":"https:\/\/maison4tiers.com\/#\/schema\/logo\/image\/","url":"https:\/\/maison4tiers.com\/wp-content\/uploads\/2020\/11\/favicon-196.png","contentUrl":"https:\/\/maison4tiers.com\/wp-content\/uploads\/2020\/11\/favicon-196.png","width":196,"height":196,"caption":"Maison4tiers"},"image":{"@id":"https:\/\/maison4tiers.com\/#\/schema\/logo\/image\/"}}]}},"jetpack_sharing_enabled":true,"_links":{"self":[{"href":"https:\/\/maison4tiers.com\/en\/wp-json\/wp\/v2\/product\/17981","targetHints":{"allow":["GET"]}}],"collection":[{"href":"https:\/\/maison4tiers.com\/en\/wp-json\/wp\/v2\/product"}],"about":[{"href":"https:\/\/maison4tiers.com\/en\/wp-json\/wp\/v2\/types\/product"}],"wp:featuredmedia":[{"embeddable":true,"href":"https:\/\/maison4tiers.com\/en\/wp-json\/wp\/v2\/media\/7935"}],"wp:attachment":[{"href":"https:\/\/maison4tiers.com\/en\/wp-json\/wp\/v2\/media?parent=17981"}],"wp:term":[{"taxonomy":"product_brand","embeddable":true,"href":"https:\/\/maison4tiers.com\/en\/wp-json\/wp\/v2\/product_brand?post=17981"},{"taxonomy":"product_cat","embeddable":true,"href":"https:\/\/maison4tiers.com\/en\/wp-json\/wp\/v2\/product_cat?post=17981"},{"taxonomy":"product_tag","embeddable":true,"href":"https:\/\/maison4tiers.com\/en\/wp-json\/wp\/v2\/product_tag?post=17981"}],"curies":[{"name":"wp","href":"https:\/\/api.w.org\/{rel}","templated":true}]}}