{"id":32344,"date":"2025-11-26T16:28:32","date_gmt":"2025-11-26T20:28:32","guid":{"rendered":"https:\/\/maison4tiers.com\/contest-the-great-animal-christmas-let-it-go\/"},"modified":"2025-11-26T16:32:45","modified_gmt":"2025-11-26T20:32:45","slug":"contest-the-great-animal-christmas-let-it-go","status":"publish","type":"page","link":"https:\/\/maison4tiers.com\/en\/contest-the-great-animal-christmas-let-it-go\/","title":{"rendered":"Contest &#8211; THE GREAT ANIMAL CHRISTMAS &#8211; LET IT GO"},"content":{"rendered":"\t\t<div data-elementor-type=\"wp-page\" data-elementor-id=\"32344\" class=\"elementor elementor-32344 elementor-32342\" data-elementor-post-type=\"page\">\n\t\t\t\t<div data-particle_enable=\"false\" data-particle-mobile-disabled=\"false\" class=\"elementor-element elementor-element-66ec48e e-flex e-con-boxed e-con e-parent\" data-id=\"66ec48e\" data-element_type=\"container\" data-e-type=\"container\" data-settings=\"{&quot;background_background&quot;:&quot;classic&quot;}\">\n\t\t\t\t\t<div class=\"e-con-inner\">\n\t\t<div data-particle_enable=\"false\" data-particle-mobile-disabled=\"false\" class=\"elementor-element elementor-element-a60c14b e-con-full e-flex e-con e-child\" data-id=\"a60c14b\" data-element_type=\"container\" data-e-type=\"container\" data-settings=\"{&quot;background_background&quot;:&quot;classic&quot;}\">\n\t\t\t\t<div class=\"elementor-element elementor-element-31735a9 elementor-widget elementor-widget-image\" data-id=\"31735a9\" data-element_type=\"widget\" data-e-type=\"widget\" data-widget_type=\"image.default\">\n\t\t\t\t<div class=\"elementor-widget-container\">\n\t\t\t\t\t\t\t\t\t\t\t\t\t\t\t<img fetchpriority=\"high\" decoding=\"async\" width=\"1024\" height=\"1024\" src=\"https:\/\/maison4tiers.com\/wp-content\/uploads\/2025\/11\/LGNDA_concours_LP_1080x1080-1024x1024.jpg\" class=\"attachment-large size-large wp-image-32347\" alt=\"\" srcset=\"https:\/\/maison4tiers.com\/wp-content\/uploads\/2025\/11\/LGNDA_concours_LP_1080x1080-1024x1024.jpg 1024w, https:\/\/maison4tiers.com\/wp-content\/uploads\/2025\/11\/LGNDA_concours_LP_1080x1080-300x300.jpg 300w, https:\/\/maison4tiers.com\/wp-content\/uploads\/2025\/11\/LGNDA_concours_LP_1080x1080-150x150.jpg 150w, https:\/\/maison4tiers.com\/wp-content\/uploads\/2025\/11\/LGNDA_concours_LP_1080x1080-768x768.jpg 768w, https:\/\/maison4tiers.com\/wp-content\/uploads\/2025\/11\/LGNDA_concours_LP_1080x1080-1536x1536.jpg 1536w, https:\/\/maison4tiers.com\/wp-content\/uploads\/2025\/11\/LGNDA_concours_LP_1080x1080-2048x2048.jpg 2048w, https:\/\/maison4tiers.com\/wp-content\/uploads\/2025\/11\/LGNDA_concours_LP_1080x1080-650x650.jpg 650w, https:\/\/maison4tiers.com\/wp-content\/uploads\/2025\/11\/LGNDA_concours_LP_1080x1080-1300x1300.jpg 1300w, https:\/\/maison4tiers.com\/wp-content\/uploads\/2025\/11\/LGNDA_concours_LP_1080x1080-600x600.jpg 600w, https:\/\/maison4tiers.com\/wp-content\/uploads\/2025\/11\/LGNDA_concours_LP_1080x1080-100x100.jpg 100w\" sizes=\"(max-width: 1024px) 100vw, 1024px\" \/>\t\t\t\t\t\t\t\t\t\t\t\t\t\t\t<\/div>\n\t\t\t\t<\/div>\n\t\t\t\t<div class=\"elementor-element elementor-element-c842e90 elementor-widget elementor-widget-text-editor\" data-id=\"c842e90\" data-element_type=\"widget\" data-e-type=\"widget\" data-widget_type=\"text-editor.default\">\n\t\t\t\t<div class=\"elementor-widget-container\">\n\t\t\t\t\t\t\t\t\t<p><strong>Maison 4:3 offers you the chance to win a Family Pass to see the film<em>THE GREAT CHRISTMAS OF ANIMALS <\/em>in theatres.<\/strong><\/p><p><strong>Register here:  <\/strong><\/p>\t\t\t\t\t\t\t\t<\/div>\n\t\t\t\t<\/div>\n\t\t\t\t<div class=\"elementor-element elementor-element-b466b87 eael-gravity-form-button-custom elementor-widget elementor-widget-eael-gravity-form\" data-id=\"b466b87\" data-element_type=\"widget\" data-e-type=\"widget\" data-widget_type=\"eael-gravity-form.default\">\n\t\t\t\t<div class=\"elementor-widget-container\">\n\t\t\t\t\t\t\t\t<div class=\"eael-contact-form eael-gravity-form eael-contact-form-align-default\">\n\t\t        \t\t\t<\/div>\n\n            <script type=\"text\/javascript\">\n                var gf_global = {\"gf_currency_config\":{\"name\":\"Canadian Dollar\",\"symbol_left\":\"$\",\"symbol_right\":\"CAD\",\"symbol_padding\":\" \",\"thousand_separator\":\",\",\"decimal_separator\":\".\",\"decimals\":2,\"code\":\"CAD\"},\"base_url\":\"https:\\\/\\\/maison4tiers.com\\\/wp-content\\\/plugins\\\/gravityforms\",\"number_formats\":[],\"spinnerUrl\":\"https:\\\/\\\/maison4tiers.com\\\/wp-content\\\/plugins\\\/gravityforms\\\/images\\\/spinner.svg\",\"version_hash\":\"686ce715755f6f2a7e5688710ee7e042\",\"strings\":{\"newRowAdded\":\"New row added.\",\"rowRemoved\":\"Row removed\",\"formSaved\":\"The form has been saved.  The content contains the link to return and complete the form.\"}};\t\t\t\tvar gf_vars = {\"active\":\"Active\",\"inactive\":\"Inactive\",\"save\":\"Save\",\"update\":\"Update\",\"previousLabel\":\"Previous\",\"selectFormat\":\"Select a format\",\"column\":\"Column\",\"editToViewAll\":\"5 of %d items shown. Edit field to view all\",\"selectAll\":\"Select All\",\"enterValue\":\"Enter a value\",\"formTitle\":\"Untitled Form\",\"formDescription\":\"We would love to hear from you! Please fill out this form and we will get in touch with you shortly.\",\"formConfirmationMessage\":\"Thanks for contacting us! We will get in touch with you shortly.\",\"buttonText\":\"Submit\",\"buttonDescription\":\"The submit button for this form\",\"loading\":\"Loading...\",\"thisFieldIf\":\"this field if\",\"thisSectionIf\":\"this section if\",\"thisPage\":\"this page if\",\"thisFormButton\":\"this form button if\",\"show\":\"Show\",\"hide\":\"Hide\",\"enable\":\"Enable\",\"disable\":\"Disable\",\"enabled\":\"Enabled\",\"disabled\":\"Disabled\",\"configure\":\"Configure\",\"conditional_logic_text\":\"Conditional Logic\",\"conditional_logic_desc\":\"Conditional logic allows you to change what the user sees depending on the fields they select.\",\"conditional_logic_a11y\":\"Adding conditional logic to the form submit button could cause usability problems for some users and negatively impact the accessibility of your form. Learn more about button conditional logic in our <a href=\\\"https:\\\/\\\/docs.gravityforms.com\\\/field-accessibility-warning\\\/\\\" target=\\\"_blank\\\" rel=\\\"noopener\\\">documentation<span class=\\\"screen-reader-text\\\">(opens in a new tab)<\\\/span>&nbsp;<span class=\\\"gform-icon gform-icon--external-link\\\" aria-hidden=\\\"true\\\"><\\\/span><\\\/a>.\",\"page\":\"Page\",\"next_button\":\"Next Button\",\"button\":\"Submit Button\",\"all\":\"All\",\"any\":\"Any\",\"ofTheFollowingMatch\":\"of the following match:\",\"is\":\"is\",\"isNot\":\"is not\",\"greaterThan\":\"greater than\",\"lessThan\":\"less than\",\"contains\":\"contains\",\"startsWith\":\"starts with\",\"endsWith\":\"ends with\",\"emptyChoice\":\"Empty (no choices selected)\",\"alertLegacyMode\":\"This form has legacy markup enabled and doesn\\u2019t support field resizing within the editor. Please disable legacy markup in the form settings to enable live resizing.\",\"thisConfirmation\":\"Use this confirmation if\",\"thisNotification\":\"Send this notification if\",\"confirmationSave\":\"Save\",\"confirmationSaving\":\"Saving...\",\"confirmationAreYouSure\":\"Are you sure you wish to cancel these changes?\",\"confirmationIssueSaving\":\"There was an issue saving this confirmation.\",\"confirmationConfirmDelete\":\"Are you sure you wish to delete this confirmation?\",\"confirmationIssueDeleting\":\"There was an issue deleting this confirmation.\",\"confirmationConfirmDiscard\":\"There are unsaved changes to the current confirmation. Would you like to discard these changes?\",\"confirmationDefaultName\":\"Untitled Confirmation\",\"confirmationDefaultMessage\":\"Thanks for contacting us! We will get in touch with you shortly.\",\"confirmationInvalidPageSelection\":\"Please select a page.\",\"confirmationInvalidRedirect\":\"Please enter a URL.\",\"confirmationInvalidName\":\"Please enter a confirmation name.\",\"confirmationDeleteField\":\"Deleting this field will also delete all entry data associated with it. 'Cancel' to abort. 'OK' to delete.\",\"confirmationDeleteDisplayField\":\"You're about to delete this field. 'Cancel' to stop. 'OK' to delete\",\"confirmationDeleteDisplayFieldTitle\":\"Warning\",\"conditionalLogicDependency\":\"This form contains {type} conditional logic dependent upon this field. Deleting this field will deactivate those conditional logic rules and also delete all entry data associated with the field. 'Cancel' to abort. 'OK' to delete.\",\"conditionalLogicDependencyChoice\":\"This form contains {type} conditional logic dependent upon this choice. Are you sure you want to delete this choice? 'Cancel' to abort. 'OK' to delete.\",\"conditionalLogicDependencyChoiceEdit\":\"This form contains {type} conditional logic dependent upon this choice. Are you sure you want to modify this choice? 'Cancel' to abort. 'OK' to continue.\",\"conditionalLogicDependencyAdminOnly\":\"This form contains {type} conditional logic dependent upon this field. Are you sure you want to mark this field as Administrative? 'Cancel' to abort. 'OK' to continue.\",\"conditionalLogicRichTextEditorWarning\":\"This form contains conditional logic dependent upon this field. This will no longer work if the Rich Text Editor is enabled.  Are you sure you want to enable the Rich Text Editor?  'Cancel' to abort. 'OK' to continue.\",\"conditionalLogicTypeButton\":\"button\",\"conditionalLogicTypeConfirmation\":\"confirmation\",\"conditionalLogicTypeNotification\":\"notification\",\"conditionalLogicTypeNoficationRouting\":\"notification routing\",\"conditionalLogicTypeField\":\"field\",\"conditionalLogicTypeFeed\":\"feed\",\"conditionalLogicWarningTitle\":\"Conditional Logic Warning\",\"mergeTagsText\":\"Insert Merge Tags\",\"baseUrl\":\"https:\\\/\\\/maison4tiers.com\\\/wp-content\\\/plugins\\\/gravityforms\",\"gf_currency_config\":{\"name\":\"Canadian Dollar\",\"symbol_left\":\"$\",\"symbol_right\":\"CAD\",\"symbol_padding\":\" \",\"thousand_separator\":\",\",\"decimal_separator\":\".\",\"decimals\":2,\"code\":\"CAD\"},\"otherChoiceValue\":\"Other\",\"isFormTrash\":false,\"currentlyAddingField\":false,\"visibilityOptions\":[{\"label\":\"Visible\",\"value\":\"visible\",\"description\":\"Default option. The field is visible when viewing the form.\"},{\"label\":\"Hidden\",\"value\":\"hidden\",\"description\":\"The field is hidden when viewing the form. Useful when you require the functionality of this field but do not want the user to be able to see this field.\"},{\"label\":\"Administrative\",\"value\":\"administrative\",\"description\":\"The field is only visible when administering submitted entries. The field is not visible or functional when viewing the form.\"}],\"addFieldFilter\":\"Add a condition\",\"removeFieldFilter\":\"Remove a condition\",\"filterAndAny\":\"{0} of the following match:\",\"customChoices\":\"Custom Choices\",\"predefinedChoices\":\"Predefined Choices\",\"fieldLabelAriaLabel\":\"{field_label} - {field_type}, jump to this field&#039;s settings\",\"fieldCanBeAddedTitle\":\"Field Limit\",\"fieldCanBeAddedCaptcha\":\"A form can only contain one CAPTCHA field.\",\"fieldCanBeAddedShipping\":\"A form can only contain one Shipping field.\",\"fieldCanBeAddedPostContent\":\"A form can only contain one Post Body field.\",\"fieldCanBeAddedPostTitle\":\"A form can only contain one Post Title field.\",\"fieldCanBeAddedPostExcerpt\":\"A form can only contain one Post Excerpt field.\",\"fieldCanBeAddedCreditCard\":\"A form can only contain one Credit Card field.\",\"fieldCanBeAddedProductTitle\":\"Missing Product field\",\"fieldCanBeAddedProduct\":\"You must add a Product field to the form first.\",\"legacyMarkupTitle\":\"Unsupported Markup\",\"fieldCanBeAddedMultipleChoice\":\"You cannot add a Multiple Choice field to a form that uses legacy markup. Please edit the form settings and turn off Legacy Markup.\",\"fieldCanBeAddedImageChoice\":\"You cannot add an Image Choice field to a form that uses legacy markup. Please edit the form settings and turn off Legacy Markup.\",\"FieldAjaxonErrorTitle\":\"Error\",\"StartAddFieldAjaxonError\":\"Ajax error while adding field. Please refresh the page and try again.\",\"StartChangeInputTypeAjaxonError\":\"Ajax error while changing input type. Please refresh the page and try again.\",\"MissingNameCustomChoicesTitle\":\"Missing Name\",\"MissingNameCustomChoices\":\"Please give this custom choice a name.\",\"DuplicateNameCustomChoicesTitle\":\"Duplicate Name\",\"DuplicateNameCustomChoices\":\"This custom choice name is already in use. Please enter another name.\",\"DuplicateTitleMessageTitle\":\"Duplicate Title\",\"DuplicateTitleMessage\":\"The form title you have entered is already taken. Please enter a unique form title.\",\"ValidateFormMissingFormTitleTitle\":\"Missing Form Title\",\"ValidateFormMissingFormTitle\":\"Please enter a Title for this form. When adding the form to a page or post, you will have the option to hide the title.\",\"ValidateFormEmptyPageTitle\":\"Empty Page\",\"ValidateFormEmptyPage\":\"This form currently has one or more pages without any fields. Blank pages are a result of Page Breaks that are positioned as the first or last field in the form or right after each other. Please adjust the Page Breaks.\",\"ValidateFormMissingProductLabelTitle\":\"Missing Product Label\",\"ValidateFormMissingProductLabel\":\"This form has a Product field with a blank label. Please enter a label for every Product field.\",\"ValidateFormMissingProductFieldTitle\":\"Missing Product field\",\"ValidateFormMissingProductField\":\"This form has an Option field without a Product field. You must add a Product field to your form.\",\"FormulaIsValidTitle\":\"Success\",\"FormulaIsValid\":\"The formula appears to be valid.\",\"FormulaIsInvalid\":\"There appears to be a problem with the formula.\",\"DeleteFormTitle\":\"Confirm\",\"DeleteForm\":\"You are about to move this form to the trash. &#039;Cancel&#039; to abort. &#039;OK&#039; to delete.\",\"DeleteCustomChoice\":\"Delete this custom choice list? &#039;Cancel&#039; to abort. &#039;OK&#039; to delete.\",\"FieldAdded\":\"&nbsp;field added to form\",\"nameFieldDefaultPrefixes\":[{\"text\":\"Dr.\",\"value\":\"Dr.\"},{\"text\":\"Miss\",\"value\":\"Miss\"},{\"text\":\"Mr.\",\"value\":\"Mr.\"},{\"text\":\"Mrs.\",\"value\":\"Mrs.\"},{\"text\":\"Ms.\",\"value\":\"Ms.\"},{\"text\":\"Mx.\",\"value\":\"Mx.\"},{\"text\":\"Prof.\",\"value\":\"Prof.\"},{\"text\":\"Rev.\",\"value\":\"Rev.\"}]};\t\t\t<\/script>\n            \t\t\t\t<\/div>\n\t\t\t\t<\/div>\n\t\t\t\t<\/div>\n\t\t\t\t\t<\/div>\n\t\t\t\t<\/div>\n\t\t\t\t<\/div>\n\t\t","protected":false},"excerpt":{"rendered":"<p>Maison 4:3 offers you the chance to win a Family Pass to see the filmTHE GREAT CHRISTMAS OF ANIMALS in theatres. Register here: Nom(N\u00e9cessaire) Pr\u00e9nom Nom Adresse postale compl\u00e8te(N\u00e9cessaire)Ville(N\u00e9cessaire) E-mail(N\u00e9cessaire) Saisissez un e-mail Confirmez l\u2019e-mail Conditions g\u00e9n\u00e9rales du concours(N\u00e9cessaire) Tirage le 19 d\u00e9cembre \u00e0 midi Les gagnants seront contact\u00e9s par courriel Une participation par personne [&hellip;]<\/p>\n","protected":false},"author":27,"featured_media":32347,"parent":0,"menu_order":0,"comment_status":"closed","ping_status":"closed","template":"","meta":{"_acf_changed":false,"_eb_attr":"","footnotes":""},"class_list":["post-32344","page","type-page","status-publish","has-post-thumbnail","hentry"],"acf":[],"yoast_head":"<!-- This site is optimized with the Yoast SEO plugin v27.0 - https:\/\/yoast.com\/product\/yoast-seo-wordpress\/ -->\n<title>THE GREAT ANIMAL CHRISTMAS - Contests - Passes<\/title>\n<meta name=\"description\" content=\"Enter to win a family pass to see THE GREAT CHRISTMAS OF ANIMALS in theaters!\" \/>\n<meta name=\"robots\" content=\"index, follow, max-snippet:-1, max-image-preview:large, max-video-preview:-1\" \/>\n<link rel=\"canonical\" href=\"https:\/\/maison4tiers.com\/en\/contest-the-great-animal-christmas-let-it-go\/\" \/>\n<meta property=\"og:locale\" content=\"en_US\" \/>\n<meta property=\"og:type\" content=\"article\" \/>\n<meta property=\"og:title\" content=\"THE GREAT ANIMAL CHRISTMAS - Family Pass Contest\" \/>\n<meta property=\"og:description\" content=\"Enter to win a family pass to see THE GREAT CHRISTMAS OF ANIMALS in theaters!\" \/>\n<meta property=\"og:url\" content=\"https:\/\/maison4tiers.com\/en\/contest-the-great-animal-christmas-let-it-go\/\" \/>\n<meta property=\"og:site_name\" content=\"Maison4tiers\" \/>\n<meta property=\"article:modified_time\" content=\"2025-11-26T20:32:45+00:00\" \/>\n<meta property=\"og:image\" content=\"https:\/\/maison4tiers.com\/wp-content\/uploads\/2025\/10\/LMDF_concours_LP_1080x1080-300x300.jpg\" \/>\n<meta name=\"twitter:card\" content=\"summary_large_image\" \/>\n<meta name=\"twitter:title\" content=\"Last dance - Pass contest\" \/>\n<meta name=\"twitter:description\" content=\"TO MARK THE RELEASE OF THE FILM DERNI\u00c8RE DANSE, WE ARE OFFERING YOU THE CHANCE TO WIN A DOUBLE PASS TO SEE THE FILM AT THE CINEMA\" \/>\n<meta name=\"twitter:image\" content=\"https:\/\/maison4tiers.com\/wp-content\/uploads\/2024\/03\/DerniereDanse_concours_LP_1080x1080_FILM-copie-1024x1024.jpg\" \/>\n<script type=\"application\/ld+json\" class=\"yoast-schema-graph\">{\"@context\":\"https:\/\/schema.org\",\"@graph\":[{\"@type\":\"WebPage\",\"@id\":\"https:\/\/maison4tiers.com\/en\/contest-the-great-animal-christmas-let-it-go\/\",\"url\":\"https:\/\/maison4tiers.com\/en\/contest-the-great-animal-christmas-let-it-go\/\",\"name\":\"THE GREAT ANIMAL CHRISTMAS - Contests - Passes\",\"isPartOf\":{\"@id\":\"https:\/\/maison4tiers.com\/#website\"},\"primaryImageOfPage\":{\"@id\":\"https:\/\/maison4tiers.com\/en\/contest-the-great-animal-christmas-let-it-go\/#primaryimage\"},\"image\":{\"@id\":\"https:\/\/maison4tiers.com\/en\/contest-the-great-animal-christmas-let-it-go\/#primaryimage\"},\"thumbnailUrl\":\"https:\/\/maison4tiers.com\/wp-content\/uploads\/2025\/11\/LGNDA_concours_LP_1080x1080.jpg\",\"datePublished\":\"2025-11-26T20:28:32+00:00\",\"dateModified\":\"2025-11-26T20:32:45+00:00\",\"description\":\"Enter to win a family pass to see THE GREAT CHRISTMAS OF ANIMALS in theaters!\",\"breadcrumb\":{\"@id\":\"https:\/\/maison4tiers.com\/en\/contest-the-great-animal-christmas-let-it-go\/#breadcrumb\"},\"inLanguage\":\"en-US\",\"potentialAction\":[{\"@type\":\"ReadAction\",\"target\":[\"https:\/\/maison4tiers.com\/en\/contest-the-great-animal-christmas-let-it-go\/\"]}]},{\"@type\":\"ImageObject\",\"inLanguage\":\"en-US\",\"@id\":\"https:\/\/maison4tiers.com\/en\/contest-the-great-animal-christmas-let-it-go\/#primaryimage\",\"url\":\"https:\/\/maison4tiers.com\/wp-content\/uploads\/2025\/11\/LGNDA_concours_LP_1080x1080.jpg\",\"contentUrl\":\"https:\/\/maison4tiers.com\/wp-content\/uploads\/2025\/11\/LGNDA_concours_LP_1080x1080.jpg\",\"width\":2250,\"height\":2250},{\"@type\":\"BreadcrumbList\",\"@id\":\"https:\/\/maison4tiers.com\/en\/contest-the-great-animal-christmas-let-it-go\/#breadcrumb\",\"itemListElement\":[{\"@type\":\"ListItem\",\"position\":1,\"name\":\"Home\",\"item\":\"https:\/\/maison4tiers.com\/en\/home-maison4tiers-brings-you-quality-multiplatform-cinema-from-quebec-and-around-the-world-easy-fast-and-no-obligation-digital-listening\/\"},{\"@type\":\"ListItem\",\"position\":2,\"name\":\"Contest - THE GREAT ANIMAL CHRISTMAS - LET IT GO\"}]},{\"@type\":\"WebSite\",\"@id\":\"https:\/\/maison4tiers.com\/#website\",\"url\":\"https:\/\/maison4tiers.com\/\",\"name\":\"Maison4tiers\",\"description\":\"Distribution multiplateforme de films qu\u00e9b\u00e9cois et internationaux\",\"publisher\":{\"@id\":\"https:\/\/maison4tiers.com\/#organization\"},\"potentialAction\":[{\"@type\":\"SearchAction\",\"target\":{\"@type\":\"EntryPoint\",\"urlTemplate\":\"https:\/\/maison4tiers.com\/?s={search_term_string}\"},\"query-input\":{\"@type\":\"PropertyValueSpecification\",\"valueRequired\":true,\"valueName\":\"search_term_string\"}}],\"inLanguage\":\"en-US\"},{\"@type\":\"Organization\",\"@id\":\"https:\/\/maison4tiers.com\/#organization\",\"name\":\"Maison4tiers\",\"url\":\"https:\/\/maison4tiers.com\/\",\"logo\":{\"@type\":\"ImageObject\",\"inLanguage\":\"en-US\",\"@id\":\"https:\/\/maison4tiers.com\/#\/schema\/logo\/image\/\",\"url\":\"https:\/\/maison4tiers.com\/wp-content\/uploads\/2020\/11\/favicon-196.png\",\"contentUrl\":\"https:\/\/maison4tiers.com\/wp-content\/uploads\/2020\/11\/favicon-196.png\",\"width\":196,\"height\":196,\"caption\":\"Maison4tiers\"},\"image\":{\"@id\":\"https:\/\/maison4tiers.com\/#\/schema\/logo\/image\/\"}}]}<\/script>\n<!-- \/ Yoast SEO plugin. -->","yoast_head_json":{"title":"THE GREAT ANIMAL CHRISTMAS - Contests - Passes","description":"Enter to win a family pass to see THE GREAT CHRISTMAS OF ANIMALS in theaters!","robots":{"index":"index","follow":"follow","max-snippet":"max-snippet:-1","max-image-preview":"max-image-preview:large","max-video-preview":"max-video-preview:-1"},"canonical":"https:\/\/maison4tiers.com\/en\/contest-the-great-animal-christmas-let-it-go\/","og_locale":"en_US","og_type":"article","og_title":"THE GREAT ANIMAL CHRISTMAS - Family Pass Contest","og_description":"Enter to win a family pass to see THE GREAT CHRISTMAS OF ANIMALS in theaters!","og_url":"https:\/\/maison4tiers.com\/en\/contest-the-great-animal-christmas-let-it-go\/","og_site_name":"Maison4tiers","article_modified_time":"2025-11-26T20:32:45+00:00","og_image":[{"url":"https:\/\/maison4tiers.com\/wp-content\/uploads\/2025\/10\/LMDF_concours_LP_1080x1080-300x300.jpg","type":"","width":"","height":""}],"twitter_card":"summary_large_image","twitter_title":"Last dance - Pass contest","twitter_description":"TO MARK THE RELEASE OF THE FILM DERNI\u00c8RE DANSE, WE ARE OFFERING YOU THE CHANCE TO WIN A DOUBLE PASS TO SEE THE FILM AT THE CINEMA","twitter_image":"https:\/\/maison4tiers.com\/wp-content\/uploads\/2024\/03\/DerniereDanse_concours_LP_1080x1080_FILM-copie-1024x1024.jpg","schema":{"@context":"https:\/\/schema.org","@graph":[{"@type":"WebPage","@id":"https:\/\/maison4tiers.com\/en\/contest-the-great-animal-christmas-let-it-go\/","url":"https:\/\/maison4tiers.com\/en\/contest-the-great-animal-christmas-let-it-go\/","name":"THE GREAT ANIMAL CHRISTMAS - Contests - Passes","isPartOf":{"@id":"https:\/\/maison4tiers.com\/#website"},"primaryImageOfPage":{"@id":"https:\/\/maison4tiers.com\/en\/contest-the-great-animal-christmas-let-it-go\/#primaryimage"},"image":{"@id":"https:\/\/maison4tiers.com\/en\/contest-the-great-animal-christmas-let-it-go\/#primaryimage"},"thumbnailUrl":"https:\/\/maison4tiers.com\/wp-content\/uploads\/2025\/11\/LGNDA_concours_LP_1080x1080.jpg","datePublished":"2025-11-26T20:28:32+00:00","dateModified":"2025-11-26T20:32:45+00:00","description":"Enter to win a family pass to see THE GREAT CHRISTMAS OF ANIMALS in theaters!","breadcrumb":{"@id":"https:\/\/maison4tiers.com\/en\/contest-the-great-animal-christmas-let-it-go\/#breadcrumb"},"inLanguage":"en-US","potentialAction":[{"@type":"ReadAction","target":["https:\/\/maison4tiers.com\/en\/contest-the-great-animal-christmas-let-it-go\/"]}]},{"@type":"ImageObject","inLanguage":"en-US","@id":"https:\/\/maison4tiers.com\/en\/contest-the-great-animal-christmas-let-it-go\/#primaryimage","url":"https:\/\/maison4tiers.com\/wp-content\/uploads\/2025\/11\/LGNDA_concours_LP_1080x1080.jpg","contentUrl":"https:\/\/maison4tiers.com\/wp-content\/uploads\/2025\/11\/LGNDA_concours_LP_1080x1080.jpg","width":2250,"height":2250},{"@type":"BreadcrumbList","@id":"https:\/\/maison4tiers.com\/en\/contest-the-great-animal-christmas-let-it-go\/#breadcrumb","itemListElement":[{"@type":"ListItem","position":1,"name":"Home","item":"https:\/\/maison4tiers.com\/en\/home-maison4tiers-brings-you-quality-multiplatform-cinema-from-quebec-and-around-the-world-easy-fast-and-no-obligation-digital-listening\/"},{"@type":"ListItem","position":2,"name":"Contest - THE GREAT ANIMAL CHRISTMAS - LET IT GO"}]},{"@type":"WebSite","@id":"https:\/\/maison4tiers.com\/#website","url":"https:\/\/maison4tiers.com\/","name":"Maison4tiers","description":"Distribution multiplateforme de films qu\u00e9b\u00e9cois et internationaux","publisher":{"@id":"https:\/\/maison4tiers.com\/#organization"},"potentialAction":[{"@type":"SearchAction","target":{"@type":"EntryPoint","urlTemplate":"https:\/\/maison4tiers.com\/?s={search_term_string}"},"query-input":{"@type":"PropertyValueSpecification","valueRequired":true,"valueName":"search_term_string"}}],"inLanguage":"en-US"},{"@type":"Organization","@id":"https:\/\/maison4tiers.com\/#organization","name":"Maison4tiers","url":"https:\/\/maison4tiers.com\/","logo":{"@type":"ImageObject","inLanguage":"en-US","@id":"https:\/\/maison4tiers.com\/#\/schema\/logo\/image\/","url":"https:\/\/maison4tiers.com\/wp-content\/uploads\/2020\/11\/favicon-196.png","contentUrl":"https:\/\/maison4tiers.com\/wp-content\/uploads\/2020\/11\/favicon-196.png","width":196,"height":196,"caption":"Maison4tiers"},"image":{"@id":"https:\/\/maison4tiers.com\/#\/schema\/logo\/image\/"}}]}},"jetpack_sharing_enabled":true,"_links":{"self":[{"href":"https:\/\/maison4tiers.com\/en\/wp-json\/wp\/v2\/pages\/32344","targetHints":{"allow":["GET"]}}],"collection":[{"href":"https:\/\/maison4tiers.com\/en\/wp-json\/wp\/v2\/pages"}],"about":[{"href":"https:\/\/maison4tiers.com\/en\/wp-json\/wp\/v2\/types\/page"}],"author":[{"embeddable":true,"href":"https:\/\/maison4tiers.com\/en\/wp-json\/wp\/v2\/users\/27"}],"replies":[{"embeddable":true,"href":"https:\/\/maison4tiers.com\/en\/wp-json\/wp\/v2\/comments?post=32344"}],"version-history":[{"count":3,"href":"https:\/\/maison4tiers.com\/en\/wp-json\/wp\/v2\/pages\/32344\/revisions"}],"predecessor-version":[{"id":32352,"href":"https:\/\/maison4tiers.com\/en\/wp-json\/wp\/v2\/pages\/32344\/revisions\/32352"}],"wp:featuredmedia":[{"embeddable":true,"href":"https:\/\/maison4tiers.com\/en\/wp-json\/wp\/v2\/media\/32347"}],"wp:attachment":[{"href":"https:\/\/maison4tiers.com\/en\/wp-json\/wp\/v2\/media?parent=32344"}],"curies":[{"name":"wp","href":"https:\/\/api.w.org\/{rel}","templated":true}]}}