{"id":8426,"date":"2022-09-27T15:17:00","date_gmt":"2022-09-27T19:17:00","guid":{"rendered":"https:\/\/maison4tiers.com\/?post_type=product&#038;p=8426"},"modified":"2024-08-19T22:47:14","modified_gmt":"2024-08-20T02:47:14","slug":"au-nord-dalbany","status":"publish","type":"product","link":"https:\/\/maison4tiers.com\/ecrans-solidaires\/product\/au-nord-dalbany\/","title":{"rendered":"Au nord d&rsquo;Albany"},"excerpt":{"rendered":"<div class=\"page\" title=\"Page 3\">\n<div class=\"layoutArea\">\n<div class=\"column\">\n<h4><strong>DISPONIBLE EN DVD ET VID\u00c9O SUR DEMANDE !\u00a0<\/strong><\/h4>\n<p>Annie quitte pre\u0301cipitamment Montre\u0301al avec ses deux enfants en direction des USA. Une tension e\u0301vidente existe entre la me\u0300re et sa jeune adolescente, Sarah. Depuis que cette dernie\u0300re ait re\u0301ve\u0301le\u0301 avoir grie\u0300vement blesse\u0301 la jeune fille qui la harcelait, Annie prend l\u2019insoucieuse de\u0301cision de fuir les possibles re\u0301percussions. Apre\u0300s que leur voiture ait tombe\u0301 en panne pre\u0300s d\u2019un minuscule village des Adirondacks, la petite famille se voit cloue\u0301e a\u0300 cet endroit en attendant la re\u0301paration qui ne pourra e\u0302tre effectue\u0301e avant la semaine d\u2019apre\u0300s. Au grand dam d\u2019Annie, Paul, pe\u0300re ce\u0301libataire et unique garagiste en ville, n\u2019a aucunement l\u2019intention de travailler durant le weekend. Mais l\u2019ente\u0302tement d\u2019Annie a\u0300 vouloir quitter a\u0300 tout prix finira par installer entre elle et Paul, une dualite\u0301 aussi corrosive qu\u2019inattendue. Celle-ci fera-t-elle tomber les masques pour e\u0301ventuellement nous re\u0301ve\u0301ler les ve\u0301ritables desseins de ces deux a\u0302mes en fuite?<\/p>\n<blockquote><p><span style=\"font-weight: 400;\">\u2605\u2605\u2605\u2605 \u00ab Au Nord d\u2019Albany nous emporte dans un tourbillon de profondes \u00e9motions. \u00bb <strong><a href=\"https:\/\/bpartsmedia.ca\/au-nord-dalbany\/\" target=\"_blank\" rel=\"noopener\">BP ARTS MEDIA\u00a0<\/a><\/strong><\/span><\/p>\n<p><span style=\"font-weight: 400;\">\u2605\u2605\u2605 1\/2 \u00ab <\/span><span style=\"font-weight: 400;\">Au nord d\u2019Albany se d\u00e9guste comme un polar. \u00bb <strong><a href=\"https:\/\/www.ledevoir.com\/culture\/cinema\/772973\/cinema-au-nord-d-albany-entre-la-fuite-et-la-honte\" target=\"_blank\" rel=\"noopener\">LE DEVOIR<\/a><\/strong>\u00a0<\/span><\/p>\n<p><span style=\"font-weight: 400;\">\u00ab Une tension dramatique palpable, soulignant les nombreux silences qui sont fort \u00e9loquents. \u00bb <strong><a href=\"https:\/\/www.journalacces.ca\/culture\/marianne-farley-presente-son-premier-long-metrage-au-cinema-pine\/\" target=\"_blank\" rel=\"noopener\">JOURNAL ACC\u00c8S LAURENTIDES<\/a><\/strong>\u00a0<\/span><\/p><\/blockquote>\n<\/div>\n<\/div>\n<\/div>\n<p><a href=\"https:\/\/maison4tiers.com\/categorie-produit\/film\/quebecois\/\" target=\"_blank\" rel=\"noopener\"><strong>Voir les autres films qu\u00e9b\u00e9cois<\/strong><\/a><\/p>\n<p><strong>*Disponible au Canada seulement<\/strong><\/p>\n","protected":false},"featured_media":8434,"template":"","meta":{"_acf_changed":false,"_eb_attr":""},"product_brand":[],"product_cat":[140,105,45,119,131],"product_tag":[267,274,268,272,276,275,271,270,273,277,160,269],"class_list":{"0":"post-8426","1":"product","2":"type-product","3":"status-publish","4":"has-post-thumbnail","6":"product_cat-cinema","7":"product_cat-drame","8":"product_cat-film","9":"product_cat-quebecois","10":"product_cat-touslesfilms","11":"product_tag-au-nord-dalbany","12":"product_tag-canada","13":"product_tag-celine-bonnier","14":"product_tag-cinema-dauteur","15":"product_tag-drame","16":"product_tag-etats-unis","17":"product_tag-fuite","18":"product_tag-marianne-farley","19":"product_tag-mere","20":"product_tag-mystere","21":"product_tag-suspense","22":"product_tag-zeneb-blanchet","24":"first","25":"instock","26":"taxable","27":"shipping-taxable","28":"purchasable","29":"product-type-variable","30":"has-default-attributes"},"acf":[],"yoast_head":"<!-- This site is optimized with the Yoast SEO plugin v27.0 - https:\/\/yoast.com\/product\/yoast-seo-wordpress\/ -->\n<title>Au nord d&#039;Albany - Films qu\u00e9b\u00e9cois - \u00c9crans solidaires - AU CIN\u00c9MA !<\/title>\n<meta name=\"description\" content=\"Albany. Annie quitte pre\u0301cipitamment avec ses deux enfants en direction des USA. Une tension e\u0301vidente existe entre la me\u0300re et sa jeune adolescente.\" \/>\n<meta name=\"robots\" content=\"noindex, follow, max-snippet:-1, max-image-preview:large, max-video-preview:-1\" \/>\n<meta property=\"og:locale\" content=\"fr_FR\" \/>\n<meta property=\"og:type\" content=\"article\" \/>\n<meta property=\"og:title\" content=\"Au nord d&#039;Albany\" \/>\n<meta property=\"og:description\" content=\"Au nord d&#039;Albany. Annie quitte pre\u0301cipitamment Montre\u0301al avec ses deux enfants en direction des USA.\" \/>\n<meta property=\"og:url\" content=\"https:\/\/maison4tiers.com\/ecrans-solidaires\/product\/au-nord-dalbany\/\" \/>\n<meta property=\"og:site_name\" content=\"\u00c9crans solidaires\" \/>\n<meta property=\"article:modified_time\" content=\"2024-08-20T02:47:14+00:00\" \/>\n<meta property=\"og:image\" content=\"https:\/\/maison4tiers.com\/ecrans-solidaires\/wp-content\/uploads\/sites\/76\/2022\/09\/Albany_WEB_BONNIER_FR-scaled.jpg\" \/>\n\t<meta property=\"og:image:width\" content=\"1772\" \/>\n\t<meta property=\"og:image:height\" content=\"2560\" \/>\n\t<meta property=\"og:image:type\" content=\"image\/jpeg\" \/>\n<meta name=\"twitter:card\" content=\"summary_large_image\" \/>\n<meta name=\"twitter:title\" content=\"Au nord d&#039;Albany\" \/>\n<meta name=\"twitter:description\" content=\"Au nord d&#039;Albany. Annie quitte pre\u0301cipitamment Montre\u0301al avec ses deux enfants en direction des USA.\" \/>\n<meta name=\"twitter:image\" content=\"https:\/\/maison4tiers.com\/ecrans-solidaires\/wp-content\/uploads\/sites\/76\/2022\/09\/Albany_WEB_BONNIER_FR-scaled.jpg\" \/>\n<script type=\"application\/ld+json\" class=\"yoast-schema-graph\">{\"@context\":\"https:\/\/schema.org\",\"@graph\":[{\"@type\":\"WebPage\",\"@id\":\"https:\/\/maison4tiers.com\/ecrans-solidaires\/product\/au-nord-dalbany\/\",\"url\":\"https:\/\/maison4tiers.com\/ecrans-solidaires\/product\/au-nord-dalbany\/\",\"name\":\"Au nord d'Albany - Films qu\u00e9b\u00e9cois - \u00c9crans solidaires - AU CIN\u00c9MA !\",\"isPartOf\":{\"@id\":\"https:\/\/maison4tiers.com\/ecrans-solidaires\/#website\"},\"primaryImageOfPage\":{\"@id\":\"https:\/\/maison4tiers.com\/ecrans-solidaires\/product\/au-nord-dalbany\/#primaryimage\"},\"image\":{\"@id\":\"https:\/\/maison4tiers.com\/ecrans-solidaires\/product\/au-nord-dalbany\/#primaryimage\"},\"thumbnailUrl\":\"https:\/\/maison4tiers.com\/ecrans-solidaires\/wp-content\/uploads\/sites\/76\/2022\/09\/Albany_WEB_BONNIER_FR-scaled.jpg\",\"datePublished\":\"2022-09-27T19:17:00+00:00\",\"dateModified\":\"2024-08-20T02:47:14+00:00\",\"description\":\"Albany. Annie quitte pre\u0301cipitamment avec ses deux enfants en direction des USA. Une tension e\u0301vidente existe entre la me\u0300re et sa jeune adolescente.\",\"breadcrumb\":{\"@id\":\"https:\/\/maison4tiers.com\/ecrans-solidaires\/product\/au-nord-dalbany\/#breadcrumb\"},\"inLanguage\":\"fr-FR\",\"potentialAction\":[{\"@type\":\"ReadAction\",\"target\":[\"https:\/\/maison4tiers.com\/ecrans-solidaires\/product\/au-nord-dalbany\/\"]}]},{\"@type\":\"ImageObject\",\"inLanguage\":\"fr-FR\",\"@id\":\"https:\/\/maison4tiers.com\/ecrans-solidaires\/product\/au-nord-dalbany\/#primaryimage\",\"url\":\"https:\/\/maison4tiers.com\/ecrans-solidaires\/wp-content\/uploads\/sites\/76\/2022\/09\/Albany_WEB_BONNIER_FR-scaled.jpg\",\"contentUrl\":\"https:\/\/maison4tiers.com\/ecrans-solidaires\/wp-content\/uploads\/sites\/76\/2022\/09\/Albany_WEB_BONNIER_FR-scaled.jpg\",\"width\":1772,\"height\":2560,\"caption\":\"Au nord d'Albany\"},{\"@type\":\"BreadcrumbList\",\"@id\":\"https:\/\/maison4tiers.com\/ecrans-solidaires\/product\/au-nord-dalbany\/#breadcrumb\",\"itemListElement\":[{\"@type\":\"ListItem\",\"position\":1,\"name\":\"Home\",\"item\":\"https:\/\/maison4tiers.com\/ecrans-solidaires\/\"},{\"@type\":\"ListItem\",\"position\":2,\"name\":\"Films\",\"item\":\"https:\/\/maison4tiers.com\/ecrans-solidaires\/films\/\"},{\"@type\":\"ListItem\",\"position\":3,\"name\":\"Au nord d&#8217;Albany\"}]},{\"@type\":\"WebSite\",\"@id\":\"https:\/\/maison4tiers.com\/ecrans-solidaires\/#website\",\"url\":\"https:\/\/maison4tiers.com\/ecrans-solidaires\/\",\"name\":\"\u00c9crans solidaires\",\"description\":\"Distribution multiplateforme de films qu\u00e9b\u00e9cois et internationaux\",\"publisher\":{\"@id\":\"https:\/\/maison4tiers.com\/ecrans-solidaires\/#organization\"},\"potentialAction\":[{\"@type\":\"SearchAction\",\"target\":{\"@type\":\"EntryPoint\",\"urlTemplate\":\"https:\/\/maison4tiers.com\/ecrans-solidaires\/?s={search_term_string}\"},\"query-input\":{\"@type\":\"PropertyValueSpecification\",\"valueRequired\":true,\"valueName\":\"search_term_string\"}}],\"inLanguage\":\"fr-FR\"},{\"@type\":\"Organization\",\"@id\":\"https:\/\/maison4tiers.com\/ecrans-solidaires\/#organization\",\"name\":\"\u00c9crans solidaires\",\"url\":\"https:\/\/maison4tiers.com\/ecrans-solidaires\/\",\"logo\":{\"@type\":\"ImageObject\",\"inLanguage\":\"fr-FR\",\"@id\":\"https:\/\/maison4tiers.com\/ecrans-solidaires\/#\/schema\/logo\/image\/\",\"url\":\"https:\/\/maison4tiers.com\/ecrans-solidaires\/wp-content\/uploads\/sites\/76\/2020\/11\/favicon-196.png\",\"contentUrl\":\"https:\/\/maison4tiers.com\/ecrans-solidaires\/wp-content\/uploads\/sites\/76\/2020\/11\/favicon-196.png\",\"width\":196,\"height\":196,\"caption\":\"\u00c9crans solidaires\"},\"image\":{\"@id\":\"https:\/\/maison4tiers.com\/ecrans-solidaires\/#\/schema\/logo\/image\/\"}}]}<\/script>\n<!-- \/ Yoast SEO plugin. -->","yoast_head_json":{"title":"Au nord d'Albany - Films qu\u00e9b\u00e9cois - \u00c9crans solidaires - AU CIN\u00c9MA !","description":"Albany. Annie quitte pre\u0301cipitamment avec ses deux enfants en direction des USA. Une tension e\u0301vidente existe entre la me\u0300re et sa jeune adolescente.","robots":{"index":"noindex","follow":"follow","max-snippet":"max-snippet:-1","max-image-preview":"max-image-preview:large","max-video-preview":"max-video-preview:-1"},"og_locale":"fr_FR","og_type":"article","og_title":"Au nord d'Albany","og_description":"Au nord d'Albany. Annie quitte pre\u0301cipitamment Montre\u0301al avec ses deux enfants en direction des USA.","og_url":"https:\/\/maison4tiers.com\/ecrans-solidaires\/product\/au-nord-dalbany\/","og_site_name":"\u00c9crans solidaires","article_modified_time":"2024-08-20T02:47:14+00:00","og_image":[{"width":1772,"height":2560,"url":"https:\/\/maison4tiers.com\/ecrans-solidaires\/wp-content\/uploads\/sites\/76\/2022\/09\/Albany_WEB_BONNIER_FR-scaled.jpg","type":"image\/jpeg"}],"twitter_card":"summary_large_image","twitter_title":"Au nord d'Albany","twitter_description":"Au nord d'Albany. Annie quitte pre\u0301cipitamment Montre\u0301al avec ses deux enfants en direction des USA.","twitter_image":"https:\/\/maison4tiers.com\/ecrans-solidaires\/wp-content\/uploads\/sites\/76\/2022\/09\/Albany_WEB_BONNIER_FR-scaled.jpg","schema":{"@context":"https:\/\/schema.org","@graph":[{"@type":"WebPage","@id":"https:\/\/maison4tiers.com\/ecrans-solidaires\/product\/au-nord-dalbany\/","url":"https:\/\/maison4tiers.com\/ecrans-solidaires\/product\/au-nord-dalbany\/","name":"Au nord d'Albany - Films qu\u00e9b\u00e9cois - \u00c9crans solidaires - AU CIN\u00c9MA !","isPartOf":{"@id":"https:\/\/maison4tiers.com\/ecrans-solidaires\/#website"},"primaryImageOfPage":{"@id":"https:\/\/maison4tiers.com\/ecrans-solidaires\/product\/au-nord-dalbany\/#primaryimage"},"image":{"@id":"https:\/\/maison4tiers.com\/ecrans-solidaires\/product\/au-nord-dalbany\/#primaryimage"},"thumbnailUrl":"https:\/\/maison4tiers.com\/ecrans-solidaires\/wp-content\/uploads\/sites\/76\/2022\/09\/Albany_WEB_BONNIER_FR-scaled.jpg","datePublished":"2022-09-27T19:17:00+00:00","dateModified":"2024-08-20T02:47:14+00:00","description":"Albany. Annie quitte pre\u0301cipitamment avec ses deux enfants en direction des USA. Une tension e\u0301vidente existe entre la me\u0300re et sa jeune adolescente.","breadcrumb":{"@id":"https:\/\/maison4tiers.com\/ecrans-solidaires\/product\/au-nord-dalbany\/#breadcrumb"},"inLanguage":"fr-FR","potentialAction":[{"@type":"ReadAction","target":["https:\/\/maison4tiers.com\/ecrans-solidaires\/product\/au-nord-dalbany\/"]}]},{"@type":"ImageObject","inLanguage":"fr-FR","@id":"https:\/\/maison4tiers.com\/ecrans-solidaires\/product\/au-nord-dalbany\/#primaryimage","url":"https:\/\/maison4tiers.com\/ecrans-solidaires\/wp-content\/uploads\/sites\/76\/2022\/09\/Albany_WEB_BONNIER_FR-scaled.jpg","contentUrl":"https:\/\/maison4tiers.com\/ecrans-solidaires\/wp-content\/uploads\/sites\/76\/2022\/09\/Albany_WEB_BONNIER_FR-scaled.jpg","width":1772,"height":2560,"caption":"Au nord d'Albany"},{"@type":"BreadcrumbList","@id":"https:\/\/maison4tiers.com\/ecrans-solidaires\/product\/au-nord-dalbany\/#breadcrumb","itemListElement":[{"@type":"ListItem","position":1,"name":"Home","item":"https:\/\/maison4tiers.com\/ecrans-solidaires\/"},{"@type":"ListItem","position":2,"name":"Films","item":"https:\/\/maison4tiers.com\/ecrans-solidaires\/films\/"},{"@type":"ListItem","position":3,"name":"Au nord d&#8217;Albany"}]},{"@type":"WebSite","@id":"https:\/\/maison4tiers.com\/ecrans-solidaires\/#website","url":"https:\/\/maison4tiers.com\/ecrans-solidaires\/","name":"\u00c9crans solidaires","description":"Distribution multiplateforme de films qu\u00e9b\u00e9cois et internationaux","publisher":{"@id":"https:\/\/maison4tiers.com\/ecrans-solidaires\/#organization"},"potentialAction":[{"@type":"SearchAction","target":{"@type":"EntryPoint","urlTemplate":"https:\/\/maison4tiers.com\/ecrans-solidaires\/?s={search_term_string}"},"query-input":{"@type":"PropertyValueSpecification","valueRequired":true,"valueName":"search_term_string"}}],"inLanguage":"fr-FR"},{"@type":"Organization","@id":"https:\/\/maison4tiers.com\/ecrans-solidaires\/#organization","name":"\u00c9crans solidaires","url":"https:\/\/maison4tiers.com\/ecrans-solidaires\/","logo":{"@type":"ImageObject","inLanguage":"fr-FR","@id":"https:\/\/maison4tiers.com\/ecrans-solidaires\/#\/schema\/logo\/image\/","url":"https:\/\/maison4tiers.com\/ecrans-solidaires\/wp-content\/uploads\/sites\/76\/2020\/11\/favicon-196.png","contentUrl":"https:\/\/maison4tiers.com\/ecrans-solidaires\/wp-content\/uploads\/sites\/76\/2020\/11\/favicon-196.png","width":196,"height":196,"caption":"\u00c9crans solidaires"},"image":{"@id":"https:\/\/maison4tiers.com\/ecrans-solidaires\/#\/schema\/logo\/image\/"}}]}},"jetpack_sharing_enabled":true,"_links":{"self":[{"href":"https:\/\/maison4tiers.com\/ecrans-solidaires\/wp-json\/wp\/v2\/product\/8426","targetHints":{"allow":["GET"]}}],"collection":[{"href":"https:\/\/maison4tiers.com\/ecrans-solidaires\/wp-json\/wp\/v2\/product"}],"about":[{"href":"https:\/\/maison4tiers.com\/ecrans-solidaires\/wp-json\/wp\/v2\/types\/product"}],"wp:featuredmedia":[{"embeddable":true,"href":"https:\/\/maison4tiers.com\/ecrans-solidaires\/wp-json\/wp\/v2\/media\/8434"}],"wp:attachment":[{"href":"https:\/\/maison4tiers.com\/ecrans-solidaires\/wp-json\/wp\/v2\/media?parent=8426"}],"wp:term":[{"taxonomy":"product_brand","embeddable":true,"href":"https:\/\/maison4tiers.com\/ecrans-solidaires\/wp-json\/wp\/v2\/product_brand?post=8426"},{"taxonomy":"product_cat","embeddable":true,"href":"https:\/\/maison4tiers.com\/ecrans-solidaires\/wp-json\/wp\/v2\/product_cat?post=8426"},{"taxonomy":"product_tag","embeddable":true,"href":"https:\/\/maison4tiers.com\/ecrans-solidaires\/wp-json\/wp\/v2\/product_tag?post=8426"}],"curies":[{"name":"wp","href":"https:\/\/api.w.org\/{rel}","templated":true}]}}