{"id":8147,"date":"2022-08-04T11:03:13","date_gmt":"2022-08-04T15:03:13","guid":{"rendered":"https:\/\/maison4tiers.com\/?post_type=product&#038;p=8147"},"modified":"2024-09-24T10:55:51","modified_gmt":"2024-09-24T14:55:51","slug":"bruno-reidal-confession-dun-meurtrier","status":"publish","type":"product","link":"https:\/\/maison4tiers.com\/ecrans-solidaires\/product\/bruno-reidal-confession-dun-meurtrier\/","title":{"rendered":"BRUNO REIDAL, CONFESSION D&rsquo;UN MEURTRIER"},"excerpt":{"rendered":"<h4><span style=\"text-decoration: underline;\"><strong>PR\u00c9SENTEMENT DISPONIBLE EN VID\u00c9O SUR DEMANDE ET EN DVD !<\/strong><\/span><\/h4>\n<p>1er septembre 1905.<\/p>\n<p>Un s\u00e9minariste de 17 ans est arr\u00eat\u00e9 pour le meurtre d\u2019un enfant de 12 ans. Pour comprendre son geste, des m\u00e9decins lui demandent de relater sa vie depuis son enfance jusqu\u2019au jour du crime. D\u2019apr\u00e8s l\u2019histoire vraie de Bruno Reidal, jeune paysan du Cantal qui, toute sa vie, lutta contre ses pulsions meurtri\u00e8res.<\/p>\n<blockquote><p><em>\u00ab Un long m\u00e9trage qui n\u2019explique rien mais qui explore tout, avec une justesse constante. Bruno Reidal est un grand film d\u2019exploration. \u00bb<br \/>\n<\/em>\u2605\u2605\u2605\u2605\u2605<strong> \u2013 <a href=\"https:\/\/www.lesinrocks.com\/cinema\/bruno-reidal-portrait-du-jeune-homme-enmeurtrier-444414-22-03-2022\/\" target=\"_blank\" rel=\"noopener\">LES INROCKUPTIBLES<\/a><\/strong><\/p>\n<p><em>\u00ab Un premier long m\u00e9trage saisissant, malaisant et magistral. \u00bb<\/em><br \/>\n\u2605\u2605\u2605\u2605\u2605<strong> \u2013 <a href=\"https:\/\/www.allocine.fr\/film\/fichefilm-267961\/critiques\/presse\/\" target=\"_blank\" rel=\"noopener\">VOICI<\/a><\/strong><\/p>\n<p><em>\u00ab Vincent Le Port frappe fort avec son premier long-m\u00e9trage inspir\u00e9e de l\u2019histoire vraie. \u00bb<br \/>\n<\/em>\u2605\u2605\u2605\u2605<strong>\u00a0\u2013 <a href=\"https:\/\/www.20minutes.fr\/arts-stars\/cinema\/3255543-20220322-bruno-reidal-confession-meurtrier-plongee-glacante-tete-tueur\" target=\"_blank\" rel=\"noopener\">20 MINUTES<\/a><\/strong><\/p>\n<p><em>\u00ab <\/em>Vincent Le Port livre un premier film fascinant de maturit\u00e9 avec son Bruno Reidal, exploration de la nature humaine tr\u00e8s intime, crue et sans concession. Marquant. <em>\u00bb<\/em><br \/>\n\u2605\u2605\u2605\u2605\u2605<strong> \u2013 <a href=\"https:\/\/www.ecranlarge.com\/films\/critique\/1423794-bruno-reidal-critique-dun-choc-sanguinaire\" target=\"_blank\" rel=\"noopener\">\u00c9CRAN LARGE<\/a><\/strong><\/p><\/blockquote>\n<p>&nbsp;<\/p>\n<p><strong><a href=\"https:\/\/maison4tiers.com\/categorie-produit\/film\/drame\/\" target=\"_blank\" rel=\"noopener\">Voir les autres drames<\/a><\/strong><\/p>\n<p><strong>*Film disponible au Canada seulement\u00a0<\/strong><\/p>\n","protected":false},"featured_media":8154,"template":"","meta":{"_acf_changed":false,"_eb_attr":""},"product_brand":[],"product_cat":[105,45,136,131,142],"product_tag":[319,323,309,318,312,285,313,314,324,321,203,316,317,315,322,263,320,310,311],"class_list":{"0":"post-8147","1":"product","2":"type-product","3":"status-publish","4":"has-post-thumbnail","6":"product_cat-drame","7":"product_cat-film","8":"product_cat-dvd","9":"product_cat-touslesfilms","10":"product_cat-numerique","11":"product_tag-319","12":"product_tag-arrestation","13":"product_tag-bruno-reidal","14":"product_tag-cantal","15":"product_tag-confessions-dun-meurtrier","16":"product_tag-crime","17":"product_tag-criminel","18":"product_tag-criminologie","19":"product_tag-enquete","20":"product_tag-folie","21":"product_tag-france","22":"product_tag-judiciaire","23":"product_tag-jugement","24":"product_tag-justice","25":"product_tag-pathologie","26":"product_tag-police","27":"product_tag-psychologie","28":"product_tag-vincent-le-port","29":"product_tag-vincent-leport","31":"first","32":"instock","33":"featured","34":"taxable","35":"shipping-taxable","36":"purchasable","37":"product-type-variable","38":"has-default-attributes"},"acf":[],"yoast_head":"<!-- This site is optimized with the Yoast SEO plugin v27.0 - https:\/\/yoast.com\/product\/yoast-seo-wordpress\/ -->\n<title>BRUNO REIDAL, CONFESSION D&#039;UN MEURTRIER - \u00c9crans solidaires<\/title>\n<meta name=\"description\" content=\"D\u2019apr\u00e8s l\u2019histoire vraie de Bruno Reidal, jeune paysan du Cantal qui, toute sa vie, lutta contre ses pulsions meurtri\u00e8res.\" \/>\n<meta name=\"robots\" content=\"noindex, follow, max-snippet:-1, max-image-preview:large, max-video-preview:-1\" \/>\n<meta property=\"og:locale\" content=\"fr_FR\" \/>\n<meta property=\"og:type\" content=\"article\" \/>\n<meta property=\"og:title\" content=\"BRUNO REIDAL, CONFESSION D&#039;UN MEURTRIER\" \/>\n<meta property=\"og:description\" content=\"D\u2019apr\u00e8s l\u2019histoire vraie de Bruno Reidal, jeune paysan du Cantal qui, toute sa vie, lutta contre ses pulsions meurtri\u00e8res.\u00a0\" \/>\n<meta property=\"og:url\" content=\"https:\/\/maison4tiers.com\/ecrans-solidaires\/product\/bruno-reidal-confession-dun-meurtrier\/\" \/>\n<meta property=\"og:site_name\" content=\"\u00c9crans solidaires\" \/>\n<meta property=\"article:modified_time\" content=\"2024-09-24T14:55:51+00:00\" \/>\n<meta property=\"og:image\" content=\"https:\/\/maison4tiers.com\/ecrans-solidaires\/wp-content\/uploads\/sites\/76\/2022\/08\/BrunoReidal_WEB_9SEPT-scaled.jpg\" \/>\n\t<meta property=\"og:image:width\" content=\"1772\" \/>\n\t<meta property=\"og:image:height\" content=\"2560\" \/>\n\t<meta property=\"og:image:type\" content=\"image\/jpeg\" \/>\n<meta name=\"twitter:card\" content=\"summary_large_image\" \/>\n<meta name=\"twitter:title\" content=\"BRUNO REIDAL, CONFESSION D&#039;UN MEURTRIER\" \/>\n<meta name=\"twitter:description\" content=\"D\u2019apr\u00e8s l\u2019histoire vraie de Bruno Reidal, jeune paysan du Cantal qui, toute sa vie, lutta contre ses pulsions meurtri\u00e8res.\u00a0\" \/>\n<meta name=\"twitter:image\" content=\"https:\/\/maison4tiers.com\/ecrans-solidaires\/wp-content\/uploads\/sites\/76\/2022\/08\/BrunoReidal_WEB_9SEPT-scaled.jpg\" \/>\n<script type=\"application\/ld+json\" class=\"yoast-schema-graph\">{\"@context\":\"https:\/\/schema.org\",\"@graph\":[{\"@type\":\"WebPage\",\"@id\":\"https:\/\/maison4tiers.com\/ecrans-solidaires\/product\/bruno-reidal-confession-dun-meurtrier\/\",\"url\":\"https:\/\/maison4tiers.com\/ecrans-solidaires\/product\/bruno-reidal-confession-dun-meurtrier\/\",\"name\":\"BRUNO REIDAL, CONFESSION D'UN MEURTRIER - \u00c9crans solidaires\",\"isPartOf\":{\"@id\":\"https:\/\/maison4tiers.com\/ecrans-solidaires\/#website\"},\"primaryImageOfPage\":{\"@id\":\"https:\/\/maison4tiers.com\/ecrans-solidaires\/product\/bruno-reidal-confession-dun-meurtrier\/#primaryimage\"},\"image\":{\"@id\":\"https:\/\/maison4tiers.com\/ecrans-solidaires\/product\/bruno-reidal-confession-dun-meurtrier\/#primaryimage\"},\"thumbnailUrl\":\"https:\/\/maison4tiers.com\/ecrans-solidaires\/wp-content\/uploads\/sites\/76\/2022\/08\/BrunoReidal_WEB_9SEPT-scaled.jpg\",\"datePublished\":\"2022-08-04T15:03:13+00:00\",\"dateModified\":\"2024-09-24T14:55:51+00:00\",\"description\":\"D\u2019apr\u00e8s l\u2019histoire vraie de Bruno Reidal, jeune paysan du Cantal qui, toute sa vie, lutta contre ses pulsions meurtri\u00e8res.\",\"breadcrumb\":{\"@id\":\"https:\/\/maison4tiers.com\/ecrans-solidaires\/product\/bruno-reidal-confession-dun-meurtrier\/#breadcrumb\"},\"inLanguage\":\"fr-FR\",\"potentialAction\":[{\"@type\":\"ReadAction\",\"target\":[\"https:\/\/maison4tiers.com\/ecrans-solidaires\/product\/bruno-reidal-confession-dun-meurtrier\/\"]}]},{\"@type\":\"ImageObject\",\"inLanguage\":\"fr-FR\",\"@id\":\"https:\/\/maison4tiers.com\/ecrans-solidaires\/product\/bruno-reidal-confession-dun-meurtrier\/#primaryimage\",\"url\":\"https:\/\/maison4tiers.com\/ecrans-solidaires\/wp-content\/uploads\/sites\/76\/2022\/08\/BrunoReidal_WEB_9SEPT-scaled.jpg\",\"contentUrl\":\"https:\/\/maison4tiers.com\/ecrans-solidaires\/wp-content\/uploads\/sites\/76\/2022\/08\/BrunoReidal_WEB_9SEPT-scaled.jpg\",\"width\":1772,\"height\":2560,\"caption\":\"Bruno Reidal\"},{\"@type\":\"BreadcrumbList\",\"@id\":\"https:\/\/maison4tiers.com\/ecrans-solidaires\/product\/bruno-reidal-confession-dun-meurtrier\/#breadcrumb\",\"itemListElement\":[{\"@type\":\"ListItem\",\"position\":1,\"name\":\"Home\",\"item\":\"https:\/\/maison4tiers.com\/ecrans-solidaires\/\"},{\"@type\":\"ListItem\",\"position\":2,\"name\":\"Films\",\"item\":\"https:\/\/maison4tiers.com\/ecrans-solidaires\/films\/\"},{\"@type\":\"ListItem\",\"position\":3,\"name\":\"BRUNO REIDAL, CONFESSION D&#8217;UN MEURTRIER\"}]},{\"@type\":\"WebSite\",\"@id\":\"https:\/\/maison4tiers.com\/ecrans-solidaires\/#website\",\"url\":\"https:\/\/maison4tiers.com\/ecrans-solidaires\/\",\"name\":\"\u00c9crans solidaires\",\"description\":\"Distribution multiplateforme de films qu\u00e9b\u00e9cois et internationaux\",\"publisher\":{\"@id\":\"https:\/\/maison4tiers.com\/ecrans-solidaires\/#organization\"},\"potentialAction\":[{\"@type\":\"SearchAction\",\"target\":{\"@type\":\"EntryPoint\",\"urlTemplate\":\"https:\/\/maison4tiers.com\/ecrans-solidaires\/?s={search_term_string}\"},\"query-input\":{\"@type\":\"PropertyValueSpecification\",\"valueRequired\":true,\"valueName\":\"search_term_string\"}}],\"inLanguage\":\"fr-FR\"},{\"@type\":\"Organization\",\"@id\":\"https:\/\/maison4tiers.com\/ecrans-solidaires\/#organization\",\"name\":\"\u00c9crans solidaires\",\"url\":\"https:\/\/maison4tiers.com\/ecrans-solidaires\/\",\"logo\":{\"@type\":\"ImageObject\",\"inLanguage\":\"fr-FR\",\"@id\":\"https:\/\/maison4tiers.com\/ecrans-solidaires\/#\/schema\/logo\/image\/\",\"url\":\"https:\/\/maison4tiers.com\/ecrans-solidaires\/wp-content\/uploads\/sites\/76\/2020\/11\/favicon-196.png\",\"contentUrl\":\"https:\/\/maison4tiers.com\/ecrans-solidaires\/wp-content\/uploads\/sites\/76\/2020\/11\/favicon-196.png\",\"width\":196,\"height\":196,\"caption\":\"\u00c9crans solidaires\"},\"image\":{\"@id\":\"https:\/\/maison4tiers.com\/ecrans-solidaires\/#\/schema\/logo\/image\/\"}}]}<\/script>\n<!-- \/ Yoast SEO plugin. -->","yoast_head_json":{"title":"BRUNO REIDAL, CONFESSION D'UN MEURTRIER - \u00c9crans solidaires","description":"D\u2019apr\u00e8s l\u2019histoire vraie de Bruno Reidal, jeune paysan du Cantal qui, toute sa vie, lutta contre ses pulsions meurtri\u00e8res.","robots":{"index":"noindex","follow":"follow","max-snippet":"max-snippet:-1","max-image-preview":"max-image-preview:large","max-video-preview":"max-video-preview:-1"},"og_locale":"fr_FR","og_type":"article","og_title":"BRUNO REIDAL, CONFESSION D'UN MEURTRIER","og_description":"D\u2019apr\u00e8s l\u2019histoire vraie de Bruno Reidal, jeune paysan du Cantal qui, toute sa vie, lutta contre ses pulsions meurtri\u00e8res.\u00a0","og_url":"https:\/\/maison4tiers.com\/ecrans-solidaires\/product\/bruno-reidal-confession-dun-meurtrier\/","og_site_name":"\u00c9crans solidaires","article_modified_time":"2024-09-24T14:55:51+00:00","og_image":[{"width":1772,"height":2560,"url":"https:\/\/maison4tiers.com\/ecrans-solidaires\/wp-content\/uploads\/sites\/76\/2022\/08\/BrunoReidal_WEB_9SEPT-scaled.jpg","type":"image\/jpeg"}],"twitter_card":"summary_large_image","twitter_title":"BRUNO REIDAL, CONFESSION D'UN MEURTRIER","twitter_description":"D\u2019apr\u00e8s l\u2019histoire vraie de Bruno Reidal, jeune paysan du Cantal qui, toute sa vie, lutta contre ses pulsions meurtri\u00e8res.\u00a0","twitter_image":"https:\/\/maison4tiers.com\/ecrans-solidaires\/wp-content\/uploads\/sites\/76\/2022\/08\/BrunoReidal_WEB_9SEPT-scaled.jpg","schema":{"@context":"https:\/\/schema.org","@graph":[{"@type":"WebPage","@id":"https:\/\/maison4tiers.com\/ecrans-solidaires\/product\/bruno-reidal-confession-dun-meurtrier\/","url":"https:\/\/maison4tiers.com\/ecrans-solidaires\/product\/bruno-reidal-confession-dun-meurtrier\/","name":"BRUNO REIDAL, CONFESSION D'UN MEURTRIER - \u00c9crans solidaires","isPartOf":{"@id":"https:\/\/maison4tiers.com\/ecrans-solidaires\/#website"},"primaryImageOfPage":{"@id":"https:\/\/maison4tiers.com\/ecrans-solidaires\/product\/bruno-reidal-confession-dun-meurtrier\/#primaryimage"},"image":{"@id":"https:\/\/maison4tiers.com\/ecrans-solidaires\/product\/bruno-reidal-confession-dun-meurtrier\/#primaryimage"},"thumbnailUrl":"https:\/\/maison4tiers.com\/ecrans-solidaires\/wp-content\/uploads\/sites\/76\/2022\/08\/BrunoReidal_WEB_9SEPT-scaled.jpg","datePublished":"2022-08-04T15:03:13+00:00","dateModified":"2024-09-24T14:55:51+00:00","description":"D\u2019apr\u00e8s l\u2019histoire vraie de Bruno Reidal, jeune paysan du Cantal qui, toute sa vie, lutta contre ses pulsions meurtri\u00e8res.","breadcrumb":{"@id":"https:\/\/maison4tiers.com\/ecrans-solidaires\/product\/bruno-reidal-confession-dun-meurtrier\/#breadcrumb"},"inLanguage":"fr-FR","potentialAction":[{"@type":"ReadAction","target":["https:\/\/maison4tiers.com\/ecrans-solidaires\/product\/bruno-reidal-confession-dun-meurtrier\/"]}]},{"@type":"ImageObject","inLanguage":"fr-FR","@id":"https:\/\/maison4tiers.com\/ecrans-solidaires\/product\/bruno-reidal-confession-dun-meurtrier\/#primaryimage","url":"https:\/\/maison4tiers.com\/ecrans-solidaires\/wp-content\/uploads\/sites\/76\/2022\/08\/BrunoReidal_WEB_9SEPT-scaled.jpg","contentUrl":"https:\/\/maison4tiers.com\/ecrans-solidaires\/wp-content\/uploads\/sites\/76\/2022\/08\/BrunoReidal_WEB_9SEPT-scaled.jpg","width":1772,"height":2560,"caption":"Bruno Reidal"},{"@type":"BreadcrumbList","@id":"https:\/\/maison4tiers.com\/ecrans-solidaires\/product\/bruno-reidal-confession-dun-meurtrier\/#breadcrumb","itemListElement":[{"@type":"ListItem","position":1,"name":"Home","item":"https:\/\/maison4tiers.com\/ecrans-solidaires\/"},{"@type":"ListItem","position":2,"name":"Films","item":"https:\/\/maison4tiers.com\/ecrans-solidaires\/films\/"},{"@type":"ListItem","position":3,"name":"BRUNO REIDAL, CONFESSION D&#8217;UN MEURTRIER"}]},{"@type":"WebSite","@id":"https:\/\/maison4tiers.com\/ecrans-solidaires\/#website","url":"https:\/\/maison4tiers.com\/ecrans-solidaires\/","name":"\u00c9crans solidaires","description":"Distribution multiplateforme de films qu\u00e9b\u00e9cois et internationaux","publisher":{"@id":"https:\/\/maison4tiers.com\/ecrans-solidaires\/#organization"},"potentialAction":[{"@type":"SearchAction","target":{"@type":"EntryPoint","urlTemplate":"https:\/\/maison4tiers.com\/ecrans-solidaires\/?s={search_term_string}"},"query-input":{"@type":"PropertyValueSpecification","valueRequired":true,"valueName":"search_term_string"}}],"inLanguage":"fr-FR"},{"@type":"Organization","@id":"https:\/\/maison4tiers.com\/ecrans-solidaires\/#organization","name":"\u00c9crans solidaires","url":"https:\/\/maison4tiers.com\/ecrans-solidaires\/","logo":{"@type":"ImageObject","inLanguage":"fr-FR","@id":"https:\/\/maison4tiers.com\/ecrans-solidaires\/#\/schema\/logo\/image\/","url":"https:\/\/maison4tiers.com\/ecrans-solidaires\/wp-content\/uploads\/sites\/76\/2020\/11\/favicon-196.png","contentUrl":"https:\/\/maison4tiers.com\/ecrans-solidaires\/wp-content\/uploads\/sites\/76\/2020\/11\/favicon-196.png","width":196,"height":196,"caption":"\u00c9crans solidaires"},"image":{"@id":"https:\/\/maison4tiers.com\/ecrans-solidaires\/#\/schema\/logo\/image\/"}}]}},"jetpack_sharing_enabled":true,"_links":{"self":[{"href":"https:\/\/maison4tiers.com\/ecrans-solidaires\/wp-json\/wp\/v2\/product\/8147","targetHints":{"allow":["GET"]}}],"collection":[{"href":"https:\/\/maison4tiers.com\/ecrans-solidaires\/wp-json\/wp\/v2\/product"}],"about":[{"href":"https:\/\/maison4tiers.com\/ecrans-solidaires\/wp-json\/wp\/v2\/types\/product"}],"wp:featuredmedia":[{"embeddable":true,"href":"https:\/\/maison4tiers.com\/ecrans-solidaires\/wp-json\/wp\/v2\/media\/8154"}],"wp:attachment":[{"href":"https:\/\/maison4tiers.com\/ecrans-solidaires\/wp-json\/wp\/v2\/media?parent=8147"}],"wp:term":[{"taxonomy":"product_brand","embeddable":true,"href":"https:\/\/maison4tiers.com\/ecrans-solidaires\/wp-json\/wp\/v2\/product_brand?post=8147"},{"taxonomy":"product_cat","embeddable":true,"href":"https:\/\/maison4tiers.com\/ecrans-solidaires\/wp-json\/wp\/v2\/product_cat?post=8147"},{"taxonomy":"product_tag","embeddable":true,"href":"https:\/\/maison4tiers.com\/ecrans-solidaires\/wp-json\/wp\/v2\/product_tag?post=8147"}],"curies":[{"name":"wp","href":"https:\/\/api.w.org\/{rel}","templated":true}]}}