{"id":7823,"date":"2022-04-04T10:06:12","date_gmt":"2022-04-04T14:06:12","guid":{"rendered":"https:\/\/maison4tiers.com\/?post_type=product&#038;p=7823"},"modified":"2024-10-13T00:43:21","modified_gmt":"2024-10-13T04:43:21","slug":"gabor","status":"publish","type":"product","link":"https:\/\/maison4tiers.com\/ecrans-solidaires\/product\/gabor\/","title":{"rendered":"GABOR"},"excerpt":{"rendered":"<h4>PR\u00c9SENTEMENT DISPONIBLE EN VID\u00c9O SUR DEMANDE ET DVD !<\/h4>\n<p>Dialogue entre la r\u00e9alisatrice Joannie Lafreni\u00e8re et le photographe d\u2019origine hongroise Gabor Szilasi, ce film dresse un portrait tendre et color\u00e9 de cet artiste humaniste qui a pass\u00e9 les 60 derni\u00e8res ann\u00e9es \u00e0 documenter l\u2019\u00e9loquence du quotidien de sa terre d\u2019accueil, le Qu\u00e9bec. \u00c0 travers diff\u00e9rentes confidences, rencontres et mises en sc\u00e8ne, Gabor t\u00e9moigne d\u2019un regard singulier sur la photographie autant que sur la vie et la vieillesse qu\u2019il aborde avec curiosit\u00e9, r\u00e9silience et optimisme.<\/p>\n<blockquote><p><span style=\"font-weight: 400;\">\u00ab [Joannie] Lafreni\u00e8re propose un long-m\u00e9trage documentaire brillant, \u00e0 l\u2019esth\u00e9tisme color\u00e9. \u00bb <\/span><a href=\"https:\/\/artichautmag.com\/gabor-lhumain-dabord\/?fbclid=IwAR2rG4Me6rIiMZu_VQoWF_nyLGl3FxRnvI2lG_vIX1mESk0Eo5CUbhwCzLY\" target=\"_blank\" rel=\"noopener\"><b>ARTICHAUT M<\/b><b>AGAZINE\u00a0<\/b><\/a><\/p>\n<p><span style=\"font-weight: 400;\">\u00ab Il m\u00e9ritait depuis longtemps qu\u2019on lui consacre un documentaire. Cet homme \u00e0 l\u2019\u0153uvre immense a photographi\u00e9 le Qu\u00e9bec sous tous les angles. \u00bb <\/span><a href=\"https:\/\/www.lapresse.ca\/cinema\/2021-09-27\/documentaire\/le-film-italien-futura-ouvrira-les-ridm.php\" target=\"_blank\" rel=\"noopener\"><b>LA PRESSE\u00a0<\/b><\/a><\/p>\n<p>&nbsp;<\/p><\/blockquote>\n<p><strong><a href=\"https:\/\/maison4tiers.com\/categorie-produit\/film\/quebecois\/\" target=\"_blank\" rel=\"noopener\">Voir les autres films qu\u00e9b\u00e9cois<\/a><\/strong><\/p>\n<p><strong>*Disponible au Canada seulement<\/strong><\/p>\n","protected":false},"featured_media":7830,"template":"","meta":{"_acf_changed":false,"_eb_attr":""},"product_brand":[],"product_cat":[78,45,119,136,131,142],"product_tag":[327,204,329,328,325,282,326,249,247,248],"class_list":{"0":"post-7823","1":"product","2":"type-product","3":"status-publish","4":"has-post-thumbnail","6":"product_cat-documentaire","7":"product_cat-film","8":"product_cat-quebecois","9":"product_cat-dvd","10":"product_cat-touslesfilms","11":"product_cat-numerique","12":"product_tag-archives","13":"product_tag-comedie","14":"product_tag-documentaire","15":"product_tag-famille","16":"product_tag-gabor","17":"product_tag-immigration","18":"product_tag-joannie-lafreniere","19":"product_tag-nostalgie","20":"product_tag-photo","21":"product_tag-photographie","22":"product_shipping_class-gabor","24":"first","25":"instock","26":"taxable","27":"shipping-taxable","28":"purchasable","29":"product-type-variable","30":"has-default-attributes"},"acf":[],"yoast_head":"<!-- This site is optimized with the Yoast SEO plugin v27.0 - https:\/\/yoast.com\/product\/yoast-seo-wordpress\/ -->\n<title>GABOR - \u00c9crans solidaires - Documentaire - VOIR MAINTENANT !<\/title>\n<meta name=\"description\" content=\"Gabor Szilasi par Joannie Lafreni\u00e8re. Un photographe humaniste qui a pass\u00e9 les 60 derni\u00e8res ann\u00e9es \u00e0 documenter l&#039;\u00e9loquence du quotidien de sa terre d&#039;accueil, le Qu\u00e9bec.\" \/>\n<meta name=\"robots\" content=\"noindex, follow, max-snippet:-1, max-image-preview:large, max-video-preview:-1\" \/>\n<meta property=\"og:locale\" content=\"fr_FR\" \/>\n<meta property=\"og:type\" content=\"article\" \/>\n<meta property=\"og:title\" content=\"Gabor\" \/>\n<meta property=\"og:description\" content=\"Gabor Szilasi par Joannie Lafreni\u00e8re. Un photographe humaniste qui a pass\u00e9 les 60 derni\u00e8res ann\u00e9es \u00e0 documenter l&#039;\u00e9loquence du quotidien de sa terre d&#039;accueil, le Qu\u00e9bec.\" \/>\n<meta property=\"og:url\" content=\"https:\/\/maison4tiers.com\/ecrans-solidaires\/product\/gabor\/\" \/>\n<meta property=\"og:site_name\" content=\"\u00c9crans solidaires\" \/>\n<meta property=\"article:modified_time\" content=\"2024-10-13T04:43:21+00:00\" \/>\n<meta property=\"og:image\" content=\"https:\/\/maison4tiers.com\/ecrans-solidaires\/wp-content\/uploads\/sites\/76\/2022\/04\/Gabor_NB_affiche_27mai-scaled.jpg\" \/>\n\t<meta property=\"og:image:width\" content=\"1707\" \/>\n\t<meta property=\"og:image:height\" content=\"2560\" \/>\n\t<meta property=\"og:image:type\" content=\"image\/jpeg\" \/>\n<meta name=\"twitter:card\" content=\"summary_large_image\" \/>\n<meta name=\"twitter:title\" content=\"Gabor\" \/>\n<meta name=\"twitter:description\" content=\"Gabor Szilasi par Joannie Lafreni\u00e8re. Un photographe humaniste qui a pass\u00e9 les 60 derni\u00e8res ann\u00e9es \u00e0 documenter l&#039;\u00e9loquence du quotidien de sa terre d&#039;accueil, le Qu\u00e9bec.\" \/>\n<meta name=\"twitter:image\" content=\"https:\/\/maison4tiers.com\/ecrans-solidaires\/wp-content\/uploads\/sites\/76\/2022\/04\/Gabor_NB_affiche_27mai-scaled.jpg\" \/>\n<script type=\"application\/ld+json\" class=\"yoast-schema-graph\">{\"@context\":\"https:\/\/schema.org\",\"@graph\":[{\"@type\":\"WebPage\",\"@id\":\"https:\/\/maison4tiers.com\/ecrans-solidaires\/product\/gabor\/\",\"url\":\"https:\/\/maison4tiers.com\/ecrans-solidaires\/product\/gabor\/\",\"name\":\"GABOR - \u00c9crans solidaires - Documentaire - VOIR MAINTENANT !\",\"isPartOf\":{\"@id\":\"https:\/\/maison4tiers.com\/ecrans-solidaires\/#website\"},\"primaryImageOfPage\":{\"@id\":\"https:\/\/maison4tiers.com\/ecrans-solidaires\/product\/gabor\/#primaryimage\"},\"image\":{\"@id\":\"https:\/\/maison4tiers.com\/ecrans-solidaires\/product\/gabor\/#primaryimage\"},\"thumbnailUrl\":\"https:\/\/maison4tiers.com\/ecrans-solidaires\/wp-content\/uploads\/sites\/76\/2022\/04\/Gabor_NB_affiche_27mai-scaled.jpg\",\"datePublished\":\"2022-04-04T14:06:12+00:00\",\"dateModified\":\"2024-10-13T04:43:21+00:00\",\"description\":\"Gabor Szilasi par Joannie Lafreni\u00e8re. Un photographe humaniste qui a pass\u00e9 les 60 derni\u00e8res ann\u00e9es \u00e0 documenter l'\u00e9loquence du quotidien de sa terre d'accueil, le Qu\u00e9bec.\",\"breadcrumb\":{\"@id\":\"https:\/\/maison4tiers.com\/ecrans-solidaires\/product\/gabor\/#breadcrumb\"},\"inLanguage\":\"fr-FR\",\"potentialAction\":[{\"@type\":\"ReadAction\",\"target\":[\"https:\/\/maison4tiers.com\/ecrans-solidaires\/product\/gabor\/\"]}]},{\"@type\":\"ImageObject\",\"inLanguage\":\"fr-FR\",\"@id\":\"https:\/\/maison4tiers.com\/ecrans-solidaires\/product\/gabor\/#primaryimage\",\"url\":\"https:\/\/maison4tiers.com\/ecrans-solidaires\/wp-content\/uploads\/sites\/76\/2022\/04\/Gabor_NB_affiche_27mai-scaled.jpg\",\"contentUrl\":\"https:\/\/maison4tiers.com\/ecrans-solidaires\/wp-content\/uploads\/sites\/76\/2022\/04\/Gabor_NB_affiche_27mai-scaled.jpg\",\"width\":1707,\"height\":2560,\"caption\":\"Gabor\"},{\"@type\":\"BreadcrumbList\",\"@id\":\"https:\/\/maison4tiers.com\/ecrans-solidaires\/product\/gabor\/#breadcrumb\",\"itemListElement\":[{\"@type\":\"ListItem\",\"position\":1,\"name\":\"Home\",\"item\":\"https:\/\/maison4tiers.com\/ecrans-solidaires\/\"},{\"@type\":\"ListItem\",\"position\":2,\"name\":\"Films\",\"item\":\"https:\/\/maison4tiers.com\/ecrans-solidaires\/films\/\"},{\"@type\":\"ListItem\",\"position\":3,\"name\":\"GABOR\"}]},{\"@type\":\"WebSite\",\"@id\":\"https:\/\/maison4tiers.com\/ecrans-solidaires\/#website\",\"url\":\"https:\/\/maison4tiers.com\/ecrans-solidaires\/\",\"name\":\"\u00c9crans solidaires\",\"description\":\"Distribution multiplateforme de films qu\u00e9b\u00e9cois et internationaux\",\"publisher\":{\"@id\":\"https:\/\/maison4tiers.com\/ecrans-solidaires\/#organization\"},\"potentialAction\":[{\"@type\":\"SearchAction\",\"target\":{\"@type\":\"EntryPoint\",\"urlTemplate\":\"https:\/\/maison4tiers.com\/ecrans-solidaires\/?s={search_term_string}\"},\"query-input\":{\"@type\":\"PropertyValueSpecification\",\"valueRequired\":true,\"valueName\":\"search_term_string\"}}],\"inLanguage\":\"fr-FR\"},{\"@type\":\"Organization\",\"@id\":\"https:\/\/maison4tiers.com\/ecrans-solidaires\/#organization\",\"name\":\"\u00c9crans solidaires\",\"url\":\"https:\/\/maison4tiers.com\/ecrans-solidaires\/\",\"logo\":{\"@type\":\"ImageObject\",\"inLanguage\":\"fr-FR\",\"@id\":\"https:\/\/maison4tiers.com\/ecrans-solidaires\/#\/schema\/logo\/image\/\",\"url\":\"https:\/\/maison4tiers.com\/ecrans-solidaires\/wp-content\/uploads\/sites\/76\/2020\/11\/favicon-196.png\",\"contentUrl\":\"https:\/\/maison4tiers.com\/ecrans-solidaires\/wp-content\/uploads\/sites\/76\/2020\/11\/favicon-196.png\",\"width\":196,\"height\":196,\"caption\":\"\u00c9crans solidaires\"},\"image\":{\"@id\":\"https:\/\/maison4tiers.com\/ecrans-solidaires\/#\/schema\/logo\/image\/\"}}]}<\/script>\n<!-- \/ Yoast SEO plugin. -->","yoast_head_json":{"title":"GABOR - \u00c9crans solidaires - Documentaire - VOIR MAINTENANT !","description":"Gabor Szilasi par Joannie Lafreni\u00e8re. Un photographe humaniste qui a pass\u00e9 les 60 derni\u00e8res ann\u00e9es \u00e0 documenter l'\u00e9loquence du quotidien de sa terre d'accueil, le Qu\u00e9bec.","robots":{"index":"noindex","follow":"follow","max-snippet":"max-snippet:-1","max-image-preview":"max-image-preview:large","max-video-preview":"max-video-preview:-1"},"og_locale":"fr_FR","og_type":"article","og_title":"Gabor","og_description":"Gabor Szilasi par Joannie Lafreni\u00e8re. Un photographe humaniste qui a pass\u00e9 les 60 derni\u00e8res ann\u00e9es \u00e0 documenter l'\u00e9loquence du quotidien de sa terre d'accueil, le Qu\u00e9bec.","og_url":"https:\/\/maison4tiers.com\/ecrans-solidaires\/product\/gabor\/","og_site_name":"\u00c9crans solidaires","article_modified_time":"2024-10-13T04:43:21+00:00","og_image":[{"width":1707,"height":2560,"url":"https:\/\/maison4tiers.com\/ecrans-solidaires\/wp-content\/uploads\/sites\/76\/2022\/04\/Gabor_NB_affiche_27mai-scaled.jpg","type":"image\/jpeg"}],"twitter_card":"summary_large_image","twitter_title":"Gabor","twitter_description":"Gabor Szilasi par Joannie Lafreni\u00e8re. Un photographe humaniste qui a pass\u00e9 les 60 derni\u00e8res ann\u00e9es \u00e0 documenter l'\u00e9loquence du quotidien de sa terre d'accueil, le Qu\u00e9bec.","twitter_image":"https:\/\/maison4tiers.com\/ecrans-solidaires\/wp-content\/uploads\/sites\/76\/2022\/04\/Gabor_NB_affiche_27mai-scaled.jpg","schema":{"@context":"https:\/\/schema.org","@graph":[{"@type":"WebPage","@id":"https:\/\/maison4tiers.com\/ecrans-solidaires\/product\/gabor\/","url":"https:\/\/maison4tiers.com\/ecrans-solidaires\/product\/gabor\/","name":"GABOR - \u00c9crans solidaires - Documentaire - VOIR MAINTENANT !","isPartOf":{"@id":"https:\/\/maison4tiers.com\/ecrans-solidaires\/#website"},"primaryImageOfPage":{"@id":"https:\/\/maison4tiers.com\/ecrans-solidaires\/product\/gabor\/#primaryimage"},"image":{"@id":"https:\/\/maison4tiers.com\/ecrans-solidaires\/product\/gabor\/#primaryimage"},"thumbnailUrl":"https:\/\/maison4tiers.com\/ecrans-solidaires\/wp-content\/uploads\/sites\/76\/2022\/04\/Gabor_NB_affiche_27mai-scaled.jpg","datePublished":"2022-04-04T14:06:12+00:00","dateModified":"2024-10-13T04:43:21+00:00","description":"Gabor Szilasi par Joannie Lafreni\u00e8re. Un photographe humaniste qui a pass\u00e9 les 60 derni\u00e8res ann\u00e9es \u00e0 documenter l'\u00e9loquence du quotidien de sa terre d'accueil, le Qu\u00e9bec.","breadcrumb":{"@id":"https:\/\/maison4tiers.com\/ecrans-solidaires\/product\/gabor\/#breadcrumb"},"inLanguage":"fr-FR","potentialAction":[{"@type":"ReadAction","target":["https:\/\/maison4tiers.com\/ecrans-solidaires\/product\/gabor\/"]}]},{"@type":"ImageObject","inLanguage":"fr-FR","@id":"https:\/\/maison4tiers.com\/ecrans-solidaires\/product\/gabor\/#primaryimage","url":"https:\/\/maison4tiers.com\/ecrans-solidaires\/wp-content\/uploads\/sites\/76\/2022\/04\/Gabor_NB_affiche_27mai-scaled.jpg","contentUrl":"https:\/\/maison4tiers.com\/ecrans-solidaires\/wp-content\/uploads\/sites\/76\/2022\/04\/Gabor_NB_affiche_27mai-scaled.jpg","width":1707,"height":2560,"caption":"Gabor"},{"@type":"BreadcrumbList","@id":"https:\/\/maison4tiers.com\/ecrans-solidaires\/product\/gabor\/#breadcrumb","itemListElement":[{"@type":"ListItem","position":1,"name":"Home","item":"https:\/\/maison4tiers.com\/ecrans-solidaires\/"},{"@type":"ListItem","position":2,"name":"Films","item":"https:\/\/maison4tiers.com\/ecrans-solidaires\/films\/"},{"@type":"ListItem","position":3,"name":"GABOR"}]},{"@type":"WebSite","@id":"https:\/\/maison4tiers.com\/ecrans-solidaires\/#website","url":"https:\/\/maison4tiers.com\/ecrans-solidaires\/","name":"\u00c9crans solidaires","description":"Distribution multiplateforme de films qu\u00e9b\u00e9cois et internationaux","publisher":{"@id":"https:\/\/maison4tiers.com\/ecrans-solidaires\/#organization"},"potentialAction":[{"@type":"SearchAction","target":{"@type":"EntryPoint","urlTemplate":"https:\/\/maison4tiers.com\/ecrans-solidaires\/?s={search_term_string}"},"query-input":{"@type":"PropertyValueSpecification","valueRequired":true,"valueName":"search_term_string"}}],"inLanguage":"fr-FR"},{"@type":"Organization","@id":"https:\/\/maison4tiers.com\/ecrans-solidaires\/#organization","name":"\u00c9crans solidaires","url":"https:\/\/maison4tiers.com\/ecrans-solidaires\/","logo":{"@type":"ImageObject","inLanguage":"fr-FR","@id":"https:\/\/maison4tiers.com\/ecrans-solidaires\/#\/schema\/logo\/image\/","url":"https:\/\/maison4tiers.com\/ecrans-solidaires\/wp-content\/uploads\/sites\/76\/2020\/11\/favicon-196.png","contentUrl":"https:\/\/maison4tiers.com\/ecrans-solidaires\/wp-content\/uploads\/sites\/76\/2020\/11\/favicon-196.png","width":196,"height":196,"caption":"\u00c9crans solidaires"},"image":{"@id":"https:\/\/maison4tiers.com\/ecrans-solidaires\/#\/schema\/logo\/image\/"}}]}},"jetpack_sharing_enabled":true,"_links":{"self":[{"href":"https:\/\/maison4tiers.com\/ecrans-solidaires\/wp-json\/wp\/v2\/product\/7823","targetHints":{"allow":["GET"]}}],"collection":[{"href":"https:\/\/maison4tiers.com\/ecrans-solidaires\/wp-json\/wp\/v2\/product"}],"about":[{"href":"https:\/\/maison4tiers.com\/ecrans-solidaires\/wp-json\/wp\/v2\/types\/product"}],"wp:featuredmedia":[{"embeddable":true,"href":"https:\/\/maison4tiers.com\/ecrans-solidaires\/wp-json\/wp\/v2\/media\/7830"}],"wp:attachment":[{"href":"https:\/\/maison4tiers.com\/ecrans-solidaires\/wp-json\/wp\/v2\/media?parent=7823"}],"wp:term":[{"taxonomy":"product_brand","embeddable":true,"href":"https:\/\/maison4tiers.com\/ecrans-solidaires\/wp-json\/wp\/v2\/product_brand?post=7823"},{"taxonomy":"product_cat","embeddable":true,"href":"https:\/\/maison4tiers.com\/ecrans-solidaires\/wp-json\/wp\/v2\/product_cat?post=7823"},{"taxonomy":"product_tag","embeddable":true,"href":"https:\/\/maison4tiers.com\/ecrans-solidaires\/wp-json\/wp\/v2\/product_tag?post=7823"}],"curies":[{"name":"wp","href":"https:\/\/api.w.org\/{rel}","templated":true}]}}