{"id":7754,"date":"2022-03-10T15:41:10","date_gmt":"2022-03-10T19:41:10","guid":{"rendered":"https:\/\/maison4tiers.com\/?post_type=product&#038;p=7754"},"modified":"2023-09-21T11:50:09","modified_gmt":"2023-09-21T15:50:09","slug":"babysitter","status":"publish","type":"product","link":"https:\/\/maison4tiers.com\/ecrans-solidaires\/product\/babysitter\/","title":{"rendered":"BABYSITTER"},"excerpt":{"rendered":"<h4><strong>MAINTENANT DISPONIBLE EN VID\u00c9O SUR DEMANDE!<\/strong><\/h4>\n<p>Un film r\u00e9alis\u00e9 par Monia Chokri \u00e9crit par Catherine L\u00e9ger d\u2019apr\u00e8s sa pi\u00e8ce Baby-sitter<\/p>\n<p>C\u00e9dric perd son emploi chez Ing\u00e9n\u00e9rie Qu\u00e9bec apr\u00e8s avoir fait une blague sexiste qui devient virale. Encourag\u00e9 par son fr\u00e8re un intello bienpensant, C\u00e9dric entame une th\u00e9rapie et \u00e9crit Sexist Story, un livre qui se veut r\u00e9volutionnaire et s\u2019attaque \u00e0 la misogynie. Nadine, exasp\u00e9r\u00e9e par l\u2019introspection de son chum, elle-m\u00eame en manque de r\u00eave et d\u2019adr\u00e9naline, se laisse alors tenter par les jeux \u00e9tonnants initi\u00e9s par la myst\u00e9rieuse baby-sitter. Adapt\u00e9e de la pi\u00e8ce de th\u00e9\u00e2tre, la com\u00e9die Baby-sitter plonge encore plus loin dans l\u2019inconscient, le d\u00e9sir de dominer l\u2019autre et la d\u00e9rive du couple.<\/p>\n<blockquote><p><b>\u2605\u2605\u2605\u2605 <\/b>\u00ab <span style=\"font-weight: 400;\">Embrassant sans g\u00eane le cin\u00e9ma de genre, pour \u00e9laborer un postulat cin\u00e9matographique \u00e9tonnant sur des questions soci\u00e9taires modernes. <\/span>\u00bb<span class=\"Apple-converted-space\">\u00a0<\/span><strong>CINEMANIAK\u00a0<\/strong><\/p>\n<p><span style=\"font-weight: 400;\">\u00ab D\u00e9stabilisant, audacieux et malaisant par moments (surtout lors d\u2019une sc\u00e8ne en particulier), Babysitter est tout sauf un film complaisant. Il nous fait certainement r\u00e9fl\u00e9chir sur l\u2019aspect incontr\u00f4lable et irrationnel du d\u00e9sir. \u00bb <strong><a href=\"https:\/\/www.lapresse.ca\/cinema\/2022-06-03\/babysitter\/pour-un-feminisme-et-un-desir-tout-en-nuances.php\" target=\"_blank\" rel=\"noopener\">LA PRESSE<\/a><\/strong><\/span><\/p>\n<p><span style=\"font-weight: 400;\">\u00ab Port\u00e9 par des dialogues qui bousculent avec bonheur les st\u00e9r\u00e9otypes sexuels, Babysitter ne laissera personne indiff\u00e9rent. \u00bb\u00a0 <a href=\"https:\/\/www.ledevoir.com\/culture\/ecrans\/718407\/cinema-babysitter-amy-une-nounou-qui-vous-veut-du-bien\" target=\"_blank\" rel=\"noopener\"><strong>LE DEVOIR<\/strong><\/a><\/span><\/p>\n<p><span style=\"font-weight: 400;\">\u00ab Abord\u00e9s avec humour et l\u00e9g\u00e8ret\u00e9, les th\u00e8mes de la misogynie, du f\u00e9minisme et de l&rsquo;intimit\u00e9 du couple sont au c\u0153ur de Babysitter. \u00bb<strong><a href=\"https:\/\/ici.radio-canada.ca\/nouvelle\/1888094\/babysitter-film-monia-chokri-sortie-salles-cinema-catherine-leger-theatre\" target=\"_blank\" rel=\"noopener\"> RADIO-CANADA<\/a><\/strong><\/span><\/p><\/blockquote>\n<p><strong><a href=\"https:\/\/maison4tiers.com\/categorie-produit\/film\/quebecois\/\" target=\"_blank\" rel=\"noopener\">Voir les autres films qu\u00e9b\u00e9cois\u00a0<\/a><\/strong><\/p>\n<p>*Disponible au Canada seulement<\/p>\n","protected":false},"featured_media":7934,"template":"","meta":{"_acf_changed":false,"_eb_attr":""},"product_brand":[],"product_cat":[107,120,45,119],"product_tag":[192,528,215,204,211,533,212,216,529,156,210,214,532,213],"class_list":{"0":"post-7754","1":"product","2":"type-product","3":"status-publish","4":"has-post-thumbnail","6":"product_cat-comedie","7":"product_cat-fiction","8":"product_cat-film","9":"product_cat-quebecois","10":"product_tag-amour","11":"product_tag-auteur","12":"product_tag-babysitter","13":"product_tag-comedie","14":"product_tag-couple","15":"product_tag-desir","16":"product_tag-experimental","17":"product_tag-feminisme","18":"product_tag-film-dauteur","19":"product_tag-lgbtq","20":"product_tag-love","21":"product_tag-monia-chokri","22":"product_tag-sexualite","23":"product_tag-surrealisme","25":"first","26":"instock","27":"taxable","28":"shipping-taxable","29":"purchasable","30":"product-type-variable","31":"has-default-attributes"},"acf":[],"yoast_head":"<!-- This site is optimized with the Yoast SEO plugin v27.0 - https:\/\/yoast.com\/product\/yoast-seo-wordpress\/ -->\n<title>BABYSITTER - \u00c9crans solidaires - Film qu\u00e9b\u00e9cois -<\/title>\n<meta name=\"description\" content=\"Adapt\u00e9e de la pi\u00e8ce de th\u00e9\u00e2tre, la com\u00e9die Baby-sitter plonge encore plus loin dans l\u2019inconscient, le d\u00e9sir de dominer l\u2019autre et la d\u00e9rive du couple.\" \/>\n<meta name=\"robots\" content=\"noindex, follow, max-snippet:-1, max-image-preview:large, max-video-preview:-1\" \/>\n<meta property=\"og:locale\" content=\"fr_FR\" \/>\n<meta property=\"og:type\" content=\"article\" \/>\n<meta property=\"og:title\" content=\"Babysitter\" \/>\n<meta property=\"og:description\" content=\"Adapt\u00e9e de la pi\u00e8ce de th\u00e9\u00e2tre, la com\u00e9die Baby-sitter plonge encore plus loin dans l\u2019inconscient, le d\u00e9sir de dominer l\u2019autre et la d\u00e9rive du couple.\" \/>\n<meta property=\"og:url\" content=\"https:\/\/maison4tiers.com\/ecrans-solidaires\/product\/babysitter\/\" \/>\n<meta property=\"og:site_name\" content=\"\u00c9crans solidaires\" \/>\n<meta property=\"article:modified_time\" content=\"2023-09-21T15:50:09+00:00\" \/>\n<meta property=\"og:image\" content=\"https:\/\/maison4tiers.com\/ecrans-solidaires\/wp-content\/uploads\/sites\/76\/2022\/03\/BABYSITTER_affiche_3juin_web-scaled.jpg\" \/>\n\t<meta property=\"og:image:width\" content=\"1772\" \/>\n\t<meta property=\"og:image:height\" content=\"2560\" \/>\n\t<meta property=\"og:image:type\" content=\"image\/jpeg\" \/>\n<meta name=\"twitter:card\" content=\"summary_large_image\" \/>\n<meta name=\"twitter:title\" content=\"Babysitter\" \/>\n<meta name=\"twitter:description\" content=\"Adapt\u00e9e de la pi\u00e8ce de th\u00e9\u00e2tre, la com\u00e9die Baby-sitter plonge encore plus loin dans l\u2019inconscient, le d\u00e9sir de dominer l\u2019autre et la d\u00e9rive du couple.\" \/>\n<meta name=\"twitter:image\" content=\"https:\/\/maison4tiers.com\/ecrans-solidaires\/wp-content\/uploads\/sites\/76\/2022\/03\/BABYSITTER_affiche_3juin_web-scaled.jpg\" \/>\n<script type=\"application\/ld+json\" class=\"yoast-schema-graph\">{\"@context\":\"https:\/\/schema.org\",\"@graph\":[{\"@type\":\"WebPage\",\"@id\":\"https:\/\/maison4tiers.com\/ecrans-solidaires\/product\/babysitter\/\",\"url\":\"https:\/\/maison4tiers.com\/ecrans-solidaires\/product\/babysitter\/\",\"name\":\"BABYSITTER - \u00c9crans solidaires - Film qu\u00e9b\u00e9cois -\",\"isPartOf\":{\"@id\":\"https:\/\/maison4tiers.com\/ecrans-solidaires\/#website\"},\"primaryImageOfPage\":{\"@id\":\"https:\/\/maison4tiers.com\/ecrans-solidaires\/product\/babysitter\/#primaryimage\"},\"image\":{\"@id\":\"https:\/\/maison4tiers.com\/ecrans-solidaires\/product\/babysitter\/#primaryimage\"},\"thumbnailUrl\":\"https:\/\/maison4tiers.com\/ecrans-solidaires\/wp-content\/uploads\/sites\/76\/2022\/03\/BABYSITTER_affiche_WEB_3juin-scaled.jpg\",\"datePublished\":\"2022-03-10T19:41:10+00:00\",\"dateModified\":\"2023-09-21T15:50:09+00:00\",\"description\":\"Adapt\u00e9e de la pi\u00e8ce de th\u00e9\u00e2tre, la com\u00e9die Baby-sitter plonge encore plus loin dans l\u2019inconscient, le d\u00e9sir de dominer l\u2019autre et la d\u00e9rive du couple.\",\"breadcrumb\":{\"@id\":\"https:\/\/maison4tiers.com\/ecrans-solidaires\/product\/babysitter\/#breadcrumb\"},\"inLanguage\":\"fr-FR\",\"potentialAction\":[{\"@type\":\"ReadAction\",\"target\":[\"https:\/\/maison4tiers.com\/ecrans-solidaires\/product\/babysitter\/\"]}]},{\"@type\":\"ImageObject\",\"inLanguage\":\"fr-FR\",\"@id\":\"https:\/\/maison4tiers.com\/ecrans-solidaires\/product\/babysitter\/#primaryimage\",\"url\":\"https:\/\/maison4tiers.com\/ecrans-solidaires\/wp-content\/uploads\/sites\/76\/2022\/03\/BABYSITTER_affiche_WEB_3juin-scaled.jpg\",\"contentUrl\":\"https:\/\/maison4tiers.com\/ecrans-solidaires\/wp-content\/uploads\/sites\/76\/2022\/03\/BABYSITTER_affiche_WEB_3juin-scaled.jpg\",\"width\":1772,\"height\":2560,\"caption\":\"Babysitter\"},{\"@type\":\"BreadcrumbList\",\"@id\":\"https:\/\/maison4tiers.com\/ecrans-solidaires\/product\/babysitter\/#breadcrumb\",\"itemListElement\":[{\"@type\":\"ListItem\",\"position\":1,\"name\":\"Home\",\"item\":\"https:\/\/maison4tiers.com\/ecrans-solidaires\/\"},{\"@type\":\"ListItem\",\"position\":2,\"name\":\"Films\",\"item\":\"https:\/\/maison4tiers.com\/ecrans-solidaires\/films\/\"},{\"@type\":\"ListItem\",\"position\":3,\"name\":\"BABYSITTER\"}]},{\"@type\":\"WebSite\",\"@id\":\"https:\/\/maison4tiers.com\/ecrans-solidaires\/#website\",\"url\":\"https:\/\/maison4tiers.com\/ecrans-solidaires\/\",\"name\":\"\u00c9crans solidaires\",\"description\":\"Distribution multiplateforme de films qu\u00e9b\u00e9cois et internationaux\",\"publisher\":{\"@id\":\"https:\/\/maison4tiers.com\/ecrans-solidaires\/#organization\"},\"potentialAction\":[{\"@type\":\"SearchAction\",\"target\":{\"@type\":\"EntryPoint\",\"urlTemplate\":\"https:\/\/maison4tiers.com\/ecrans-solidaires\/?s={search_term_string}\"},\"query-input\":{\"@type\":\"PropertyValueSpecification\",\"valueRequired\":true,\"valueName\":\"search_term_string\"}}],\"inLanguage\":\"fr-FR\"},{\"@type\":\"Organization\",\"@id\":\"https:\/\/maison4tiers.com\/ecrans-solidaires\/#organization\",\"name\":\"\u00c9crans solidaires\",\"url\":\"https:\/\/maison4tiers.com\/ecrans-solidaires\/\",\"logo\":{\"@type\":\"ImageObject\",\"inLanguage\":\"fr-FR\",\"@id\":\"https:\/\/maison4tiers.com\/ecrans-solidaires\/#\/schema\/logo\/image\/\",\"url\":\"https:\/\/maison4tiers.com\/ecrans-solidaires\/wp-content\/uploads\/sites\/76\/2020\/11\/favicon-196.png\",\"contentUrl\":\"https:\/\/maison4tiers.com\/ecrans-solidaires\/wp-content\/uploads\/sites\/76\/2020\/11\/favicon-196.png\",\"width\":196,\"height\":196,\"caption\":\"\u00c9crans solidaires\"},\"image\":{\"@id\":\"https:\/\/maison4tiers.com\/ecrans-solidaires\/#\/schema\/logo\/image\/\"}}]}<\/script>\n<!-- \/ Yoast SEO plugin. -->","yoast_head_json":{"title":"BABYSITTER - \u00c9crans solidaires - Film qu\u00e9b\u00e9cois -","description":"Adapt\u00e9e de la pi\u00e8ce de th\u00e9\u00e2tre, la com\u00e9die Baby-sitter plonge encore plus loin dans l\u2019inconscient, le d\u00e9sir de dominer l\u2019autre et la d\u00e9rive du couple.","robots":{"index":"noindex","follow":"follow","max-snippet":"max-snippet:-1","max-image-preview":"max-image-preview:large","max-video-preview":"max-video-preview:-1"},"og_locale":"fr_FR","og_type":"article","og_title":"Babysitter","og_description":"Adapt\u00e9e de la pi\u00e8ce de th\u00e9\u00e2tre, la com\u00e9die Baby-sitter plonge encore plus loin dans l\u2019inconscient, le d\u00e9sir de dominer l\u2019autre et la d\u00e9rive du couple.","og_url":"https:\/\/maison4tiers.com\/ecrans-solidaires\/product\/babysitter\/","og_site_name":"\u00c9crans solidaires","article_modified_time":"2023-09-21T15:50:09+00:00","og_image":[{"width":1772,"height":2560,"url":"https:\/\/maison4tiers.com\/ecrans-solidaires\/wp-content\/uploads\/sites\/76\/2022\/03\/BABYSITTER_affiche_3juin_web-scaled.jpg","type":"image\/jpeg"}],"twitter_card":"summary_large_image","twitter_title":"Babysitter","twitter_description":"Adapt\u00e9e de la pi\u00e8ce de th\u00e9\u00e2tre, la com\u00e9die Baby-sitter plonge encore plus loin dans l\u2019inconscient, le d\u00e9sir de dominer l\u2019autre et la d\u00e9rive du couple.","twitter_image":"https:\/\/maison4tiers.com\/ecrans-solidaires\/wp-content\/uploads\/sites\/76\/2022\/03\/BABYSITTER_affiche_3juin_web-scaled.jpg","schema":{"@context":"https:\/\/schema.org","@graph":[{"@type":"WebPage","@id":"https:\/\/maison4tiers.com\/ecrans-solidaires\/product\/babysitter\/","url":"https:\/\/maison4tiers.com\/ecrans-solidaires\/product\/babysitter\/","name":"BABYSITTER - \u00c9crans solidaires - Film qu\u00e9b\u00e9cois -","isPartOf":{"@id":"https:\/\/maison4tiers.com\/ecrans-solidaires\/#website"},"primaryImageOfPage":{"@id":"https:\/\/maison4tiers.com\/ecrans-solidaires\/product\/babysitter\/#primaryimage"},"image":{"@id":"https:\/\/maison4tiers.com\/ecrans-solidaires\/product\/babysitter\/#primaryimage"},"thumbnailUrl":"https:\/\/maison4tiers.com\/ecrans-solidaires\/wp-content\/uploads\/sites\/76\/2022\/03\/BABYSITTER_affiche_WEB_3juin-scaled.jpg","datePublished":"2022-03-10T19:41:10+00:00","dateModified":"2023-09-21T15:50:09+00:00","description":"Adapt\u00e9e de la pi\u00e8ce de th\u00e9\u00e2tre, la com\u00e9die Baby-sitter plonge encore plus loin dans l\u2019inconscient, le d\u00e9sir de dominer l\u2019autre et la d\u00e9rive du couple.","breadcrumb":{"@id":"https:\/\/maison4tiers.com\/ecrans-solidaires\/product\/babysitter\/#breadcrumb"},"inLanguage":"fr-FR","potentialAction":[{"@type":"ReadAction","target":["https:\/\/maison4tiers.com\/ecrans-solidaires\/product\/babysitter\/"]}]},{"@type":"ImageObject","inLanguage":"fr-FR","@id":"https:\/\/maison4tiers.com\/ecrans-solidaires\/product\/babysitter\/#primaryimage","url":"https:\/\/maison4tiers.com\/ecrans-solidaires\/wp-content\/uploads\/sites\/76\/2022\/03\/BABYSITTER_affiche_WEB_3juin-scaled.jpg","contentUrl":"https:\/\/maison4tiers.com\/ecrans-solidaires\/wp-content\/uploads\/sites\/76\/2022\/03\/BABYSITTER_affiche_WEB_3juin-scaled.jpg","width":1772,"height":2560,"caption":"Babysitter"},{"@type":"BreadcrumbList","@id":"https:\/\/maison4tiers.com\/ecrans-solidaires\/product\/babysitter\/#breadcrumb","itemListElement":[{"@type":"ListItem","position":1,"name":"Home","item":"https:\/\/maison4tiers.com\/ecrans-solidaires\/"},{"@type":"ListItem","position":2,"name":"Films","item":"https:\/\/maison4tiers.com\/ecrans-solidaires\/films\/"},{"@type":"ListItem","position":3,"name":"BABYSITTER"}]},{"@type":"WebSite","@id":"https:\/\/maison4tiers.com\/ecrans-solidaires\/#website","url":"https:\/\/maison4tiers.com\/ecrans-solidaires\/","name":"\u00c9crans solidaires","description":"Distribution multiplateforme de films qu\u00e9b\u00e9cois et internationaux","publisher":{"@id":"https:\/\/maison4tiers.com\/ecrans-solidaires\/#organization"},"potentialAction":[{"@type":"SearchAction","target":{"@type":"EntryPoint","urlTemplate":"https:\/\/maison4tiers.com\/ecrans-solidaires\/?s={search_term_string}"},"query-input":{"@type":"PropertyValueSpecification","valueRequired":true,"valueName":"search_term_string"}}],"inLanguage":"fr-FR"},{"@type":"Organization","@id":"https:\/\/maison4tiers.com\/ecrans-solidaires\/#organization","name":"\u00c9crans solidaires","url":"https:\/\/maison4tiers.com\/ecrans-solidaires\/","logo":{"@type":"ImageObject","inLanguage":"fr-FR","@id":"https:\/\/maison4tiers.com\/ecrans-solidaires\/#\/schema\/logo\/image\/","url":"https:\/\/maison4tiers.com\/ecrans-solidaires\/wp-content\/uploads\/sites\/76\/2020\/11\/favicon-196.png","contentUrl":"https:\/\/maison4tiers.com\/ecrans-solidaires\/wp-content\/uploads\/sites\/76\/2020\/11\/favicon-196.png","width":196,"height":196,"caption":"\u00c9crans solidaires"},"image":{"@id":"https:\/\/maison4tiers.com\/ecrans-solidaires\/#\/schema\/logo\/image\/"}}]}},"jetpack_sharing_enabled":true,"_links":{"self":[{"href":"https:\/\/maison4tiers.com\/ecrans-solidaires\/wp-json\/wp\/v2\/product\/7754","targetHints":{"allow":["GET"]}}],"collection":[{"href":"https:\/\/maison4tiers.com\/ecrans-solidaires\/wp-json\/wp\/v2\/product"}],"about":[{"href":"https:\/\/maison4tiers.com\/ecrans-solidaires\/wp-json\/wp\/v2\/types\/product"}],"wp:featuredmedia":[{"embeddable":true,"href":"https:\/\/maison4tiers.com\/ecrans-solidaires\/wp-json\/wp\/v2\/media\/7934"}],"wp:attachment":[{"href":"https:\/\/maison4tiers.com\/ecrans-solidaires\/wp-json\/wp\/v2\/media?parent=7754"}],"wp:term":[{"taxonomy":"product_brand","embeddable":true,"href":"https:\/\/maison4tiers.com\/ecrans-solidaires\/wp-json\/wp\/v2\/product_brand?post=7754"},{"taxonomy":"product_cat","embeddable":true,"href":"https:\/\/maison4tiers.com\/ecrans-solidaires\/wp-json\/wp\/v2\/product_cat?post=7754"},{"taxonomy":"product_tag","embeddable":true,"href":"https:\/\/maison4tiers.com\/ecrans-solidaires\/wp-json\/wp\/v2\/product_tag?post=7754"}],"curies":[{"name":"wp","href":"https:\/\/api.w.org\/{rel}","templated":true}]}}