{"id":7596,"date":"2022-01-28T10:33:14","date_gmt":"2022-01-28T14:33:14","guid":{"rendered":"https:\/\/maison4tiers.com\/?post_type=product&#038;p=7596"},"modified":"2024-09-30T21:06:21","modified_gmt":"2024-10-01T01:06:21","slug":"jane-par-charlotte","status":"publish","type":"product","link":"https:\/\/maison4tiers.com\/ecrans-solidaires\/product\/jane-par-charlotte\/","title":{"rendered":"Jane par Charlotte"},"excerpt":{"rendered":"<h4><strong>MAINTENANT EN VID\u00c9O-SUR-DEMANDE ET DVD!<\/strong><\/h4>\n<p>Avec Charlotte Gainsbourg et Jane Birkin<\/p>\n<p>Charlotte Gainsbourg a commenc\u00e9 \u00e0 filmer sa m\u00e8re, Jane Birkin, pour la regarder comme elle ne l&rsquo;avait jamais fait. La pudeur de l&rsquo;une face \u00e0 l&rsquo;autre n&rsquo;avait jamais permis un tel rapprochement. Mais par l&rsquo;entremise de la cam\u00e9ra, la glace se brise pour faire \u00e9merger un \u00e9change in\u00e9dit, sur plusieurs ann\u00e9es, qui efface peu \u00e0 peu les deux artistes et les met \u00e0 nu dans une conversation intime in\u00e9dite et universelle pour laisser appara\u00eetre une m\u00e8re face \u00e0 une fille. Jane par Charlotte.<\/p>\n<blockquote><p>\u00ab <em>Charlotte Gainsbourg consacre \u00e0 sa m\u00e8re Jane Birkin son premier film. Plus qu\u2019un portrait, il se situe dans l\u2019\u00e9mouvante intimit\u00e9 du t\u00eate-\u00e0-t\u00eate o\u00f9 chacune se confie \u00e0 l\u2019autre avec pudeur.<\/em> \u00bb <strong>\u2605\u2605\u2605\u2605<\/strong> <strong><a href=\"https:\/\/www.la-croix.com\/Culture\/Jane-Charlotte-pretexte-regarder-2022-01-11-1201194254\" target=\"_blank\" rel=\"noopener\"><span class=\"Apple-converted-space\">LACROIX\u00a0<\/span><\/a><\/strong><\/p>\n<p>\u00ab <em>La com\u00e9dienne r\u00e9v\u00e8le un beau talent de cin\u00e9aste dans \u00ab Jane par Charlotte \u00bb. Elle touche \u00e0 l\u2019universel en explorant leur relation.<\/em> \u00bb <strong>\u2605\u2605\u2605\u2605<\/strong> <strong><a href=\"https:\/\/www.20minutes.fr\/arts-stars\/cinema\/3213083-20220111-jane-charlotte-charlotte-gainbourg-jane-birkin-livrent-autre-bouleversant\" target=\"_blank\" rel=\"noopener\">20 MINUTES<\/a><\/strong><\/p>\n<p>\u00ab <em>Quelle gr\u00e2ce d\u2019avoir saisi cette vuln\u00e9rabilit\u00e9 au quotidien, cette douceur du lien m\u00e8re-fille dont ce film exprime le t\u00e9moignage de gratitude.<\/em> \u00bb <strong>\u2605\u2605\u2605\u2605<\/strong>\u00a0<strong><a href=\"https:\/\/www.leparisien.fr\/culture-loisirs\/cinema\/sorties-cinema-du-12-janvier-adieu-monsieur-haffmann-ouistreham-cher-evan-hansen-les-films-a-voir-ou-pas-11-01-2022-O5F3NTGJ7NHZLB3B3PBDBE7UVQ.php?ts=1641913644360\" target=\"_blank\" rel=\"noopener\">LE PARISIEN<\/a><\/strong><\/p><\/blockquote>\n<p><strong><span style=\"text-decoration: underline;\"><a href=\"https:\/\/maison4tiers.com\/categorie-produit\/film\/documentaire\/\" target=\"_blank\" rel=\"noopener\">Voir les autres documentaires<\/a><\/span><\/strong><\/p>\n<p><strong>*Film disponible au Canada seulement\u00a0<\/strong><\/p>\n","protected":false},"featured_media":7591,"template":"","meta":{"_acf_changed":false,"_eb_attr":""},"product_brand":[],"product_cat":[78,120,45,121,136,131,142],"product_tag":[242,243,241,240,244,245,249,247,248,246],"class_list":{"0":"post-7596","1":"product","2":"type-product","3":"status-publish","4":"has-post-thumbnail","6":"product_cat-documentaire","7":"product_cat-fiction","8":"product_cat-film","9":"product_cat-societe","10":"product_cat-dvd","11":"product_cat-touslesfilms","12":"product_cat-numerique","13":"product_tag-charlotte","14":"product_tag-charlotte-gainsbourg","15":"product_tag-jane","16":"product_tag-jane-par-charlotte","17":"product_tag-maman","18":"product_tag-maternite","19":"product_tag-nostalgie","20":"product_tag-photo","21":"product_tag-photographie","22":"product_tag-vieillesse","24":"first","25":"instock","26":"taxable","27":"shipping-taxable","28":"purchasable","29":"product-type-variable","30":"has-default-attributes"},"acf":[],"yoast_head":"<!-- This site is optimized with the Yoast SEO plugin v27.0 - https:\/\/yoast.com\/product\/yoast-seo-wordpress\/ -->\n<title>Jane par Charlotte - \u00c9crans solidaires - Docu - VOIR MAINTENANT !<\/title>\n<meta name=\"description\" content=\"Charlotte Gainsbourg a commenc\u00e9 \u00e0 filmer sa m\u00e8re, Jane Birkin, pour la regarder comme elle ne l&#039;avait jamais fait.\" \/>\n<meta name=\"robots\" content=\"noindex, follow, max-snippet:-1, max-image-preview:large, max-video-preview:-1\" \/>\n<meta property=\"og:locale\" content=\"fr_FR\" \/>\n<meta property=\"og:type\" content=\"article\" \/>\n<meta property=\"og:title\" content=\"Jane par Charlotte\" \/>\n<meta property=\"og:description\" content=\"Charlotte Gainsbourg a commenc\u00e9 \u00e0 filmer sa m\u00e8re, Jane Birkin, pour la regarder comme elle ne l&#039;avait jamais fait.\" \/>\n<meta property=\"og:url\" content=\"https:\/\/maison4tiers.com\/ecrans-solidaires\/product\/jane-par-charlotte\/\" \/>\n<meta property=\"og:site_name\" content=\"\u00c9crans solidaires\" \/>\n<meta property=\"article:modified_time\" content=\"2024-10-01T01:06:21+00:00\" \/>\n<meta property=\"og:image\" content=\"https:\/\/maison4tiers.com\/ecrans-solidaires\/wp-content\/uploads\/sites\/76\/2022\/01\/90.jpg\" \/>\n\t<meta property=\"og:image:width\" content=\"800\" \/>\n\t<meta property=\"og:image:height\" content=\"1200\" \/>\n\t<meta property=\"og:image:type\" content=\"image\/jpeg\" \/>\n<meta name=\"twitter:card\" content=\"summary_large_image\" \/>\n<meta name=\"twitter:title\" content=\"Jane par Charlotte\" \/>\n<meta name=\"twitter:image\" content=\"https:\/\/maison4tiers.com\/ecrans-solidaires\/wp-content\/uploads\/sites\/76\/2022\/01\/90.jpg\" \/>\n<script type=\"application\/ld+json\" class=\"yoast-schema-graph\">{\"@context\":\"https:\/\/schema.org\",\"@graph\":[{\"@type\":\"WebPage\",\"@id\":\"https:\/\/maison4tiers.com\/ecrans-solidaires\/product\/jane-par-charlotte\/\",\"url\":\"https:\/\/maison4tiers.com\/ecrans-solidaires\/product\/jane-par-charlotte\/\",\"name\":\"Jane par Charlotte - \u00c9crans solidaires - Docu - VOIR MAINTENANT !\",\"isPartOf\":{\"@id\":\"https:\/\/maison4tiers.com\/ecrans-solidaires\/#website\"},\"primaryImageOfPage\":{\"@id\":\"https:\/\/maison4tiers.com\/ecrans-solidaires\/product\/jane-par-charlotte\/#primaryimage\"},\"image\":{\"@id\":\"https:\/\/maison4tiers.com\/ecrans-solidaires\/product\/jane-par-charlotte\/#primaryimage\"},\"thumbnailUrl\":\"https:\/\/maison4tiers.com\/ecrans-solidaires\/wp-content\/uploads\/sites\/76\/2022\/01\/90.jpg\",\"datePublished\":\"2022-01-28T14:33:14+00:00\",\"dateModified\":\"2024-10-01T01:06:21+00:00\",\"description\":\"Charlotte Gainsbourg a commenc\u00e9 \u00e0 filmer sa m\u00e8re, Jane Birkin, pour la regarder comme elle ne l'avait jamais fait.\",\"breadcrumb\":{\"@id\":\"https:\/\/maison4tiers.com\/ecrans-solidaires\/product\/jane-par-charlotte\/#breadcrumb\"},\"inLanguage\":\"fr-FR\",\"potentialAction\":[{\"@type\":\"ReadAction\",\"target\":[\"https:\/\/maison4tiers.com\/ecrans-solidaires\/product\/jane-par-charlotte\/\"]}]},{\"@type\":\"ImageObject\",\"inLanguage\":\"fr-FR\",\"@id\":\"https:\/\/maison4tiers.com\/ecrans-solidaires\/product\/jane-par-charlotte\/#primaryimage\",\"url\":\"https:\/\/maison4tiers.com\/ecrans-solidaires\/wp-content\/uploads\/sites\/76\/2022\/01\/90.jpg\",\"contentUrl\":\"https:\/\/maison4tiers.com\/ecrans-solidaires\/wp-content\/uploads\/sites\/76\/2022\/01\/90.jpg\",\"width\":800,\"height\":1200,\"caption\":\"Jane par Charlotte\"},{\"@type\":\"BreadcrumbList\",\"@id\":\"https:\/\/maison4tiers.com\/ecrans-solidaires\/product\/jane-par-charlotte\/#breadcrumb\",\"itemListElement\":[{\"@type\":\"ListItem\",\"position\":1,\"name\":\"Home\",\"item\":\"https:\/\/maison4tiers.com\/ecrans-solidaires\/\"},{\"@type\":\"ListItem\",\"position\":2,\"name\":\"Films\",\"item\":\"https:\/\/maison4tiers.com\/ecrans-solidaires\/films\/\"},{\"@type\":\"ListItem\",\"position\":3,\"name\":\"Jane par Charlotte\"}]},{\"@type\":\"WebSite\",\"@id\":\"https:\/\/maison4tiers.com\/ecrans-solidaires\/#website\",\"url\":\"https:\/\/maison4tiers.com\/ecrans-solidaires\/\",\"name\":\"\u00c9crans solidaires\",\"description\":\"Distribution multiplateforme de films qu\u00e9b\u00e9cois et internationaux\",\"publisher\":{\"@id\":\"https:\/\/maison4tiers.com\/ecrans-solidaires\/#organization\"},\"potentialAction\":[{\"@type\":\"SearchAction\",\"target\":{\"@type\":\"EntryPoint\",\"urlTemplate\":\"https:\/\/maison4tiers.com\/ecrans-solidaires\/?s={search_term_string}\"},\"query-input\":{\"@type\":\"PropertyValueSpecification\",\"valueRequired\":true,\"valueName\":\"search_term_string\"}}],\"inLanguage\":\"fr-FR\"},{\"@type\":\"Organization\",\"@id\":\"https:\/\/maison4tiers.com\/ecrans-solidaires\/#organization\",\"name\":\"\u00c9crans solidaires\",\"url\":\"https:\/\/maison4tiers.com\/ecrans-solidaires\/\",\"logo\":{\"@type\":\"ImageObject\",\"inLanguage\":\"fr-FR\",\"@id\":\"https:\/\/maison4tiers.com\/ecrans-solidaires\/#\/schema\/logo\/image\/\",\"url\":\"https:\/\/maison4tiers.com\/ecrans-solidaires\/wp-content\/uploads\/sites\/76\/2020\/11\/favicon-196.png\",\"contentUrl\":\"https:\/\/maison4tiers.com\/ecrans-solidaires\/wp-content\/uploads\/sites\/76\/2020\/11\/favicon-196.png\",\"width\":196,\"height\":196,\"caption\":\"\u00c9crans solidaires\"},\"image\":{\"@id\":\"https:\/\/maison4tiers.com\/ecrans-solidaires\/#\/schema\/logo\/image\/\"}}]}<\/script>\n<!-- \/ Yoast SEO plugin. -->","yoast_head_json":{"title":"Jane par Charlotte - \u00c9crans solidaires - Docu - VOIR MAINTENANT !","description":"Charlotte Gainsbourg a commenc\u00e9 \u00e0 filmer sa m\u00e8re, Jane Birkin, pour la regarder comme elle ne l'avait jamais fait.","robots":{"index":"noindex","follow":"follow","max-snippet":"max-snippet:-1","max-image-preview":"max-image-preview:large","max-video-preview":"max-video-preview:-1"},"og_locale":"fr_FR","og_type":"article","og_title":"Jane par Charlotte","og_description":"Charlotte Gainsbourg a commenc\u00e9 \u00e0 filmer sa m\u00e8re, Jane Birkin, pour la regarder comme elle ne l'avait jamais fait.","og_url":"https:\/\/maison4tiers.com\/ecrans-solidaires\/product\/jane-par-charlotte\/","og_site_name":"\u00c9crans solidaires","article_modified_time":"2024-10-01T01:06:21+00:00","og_image":[{"width":800,"height":1200,"url":"https:\/\/maison4tiers.com\/ecrans-solidaires\/wp-content\/uploads\/sites\/76\/2022\/01\/90.jpg","type":"image\/jpeg"}],"twitter_card":"summary_large_image","twitter_title":"Jane par Charlotte","twitter_image":"https:\/\/maison4tiers.com\/ecrans-solidaires\/wp-content\/uploads\/sites\/76\/2022\/01\/90.jpg","schema":{"@context":"https:\/\/schema.org","@graph":[{"@type":"WebPage","@id":"https:\/\/maison4tiers.com\/ecrans-solidaires\/product\/jane-par-charlotte\/","url":"https:\/\/maison4tiers.com\/ecrans-solidaires\/product\/jane-par-charlotte\/","name":"Jane par Charlotte - \u00c9crans solidaires - Docu - VOIR MAINTENANT !","isPartOf":{"@id":"https:\/\/maison4tiers.com\/ecrans-solidaires\/#website"},"primaryImageOfPage":{"@id":"https:\/\/maison4tiers.com\/ecrans-solidaires\/product\/jane-par-charlotte\/#primaryimage"},"image":{"@id":"https:\/\/maison4tiers.com\/ecrans-solidaires\/product\/jane-par-charlotte\/#primaryimage"},"thumbnailUrl":"https:\/\/maison4tiers.com\/ecrans-solidaires\/wp-content\/uploads\/sites\/76\/2022\/01\/90.jpg","datePublished":"2022-01-28T14:33:14+00:00","dateModified":"2024-10-01T01:06:21+00:00","description":"Charlotte Gainsbourg a commenc\u00e9 \u00e0 filmer sa m\u00e8re, Jane Birkin, pour la regarder comme elle ne l'avait jamais fait.","breadcrumb":{"@id":"https:\/\/maison4tiers.com\/ecrans-solidaires\/product\/jane-par-charlotte\/#breadcrumb"},"inLanguage":"fr-FR","potentialAction":[{"@type":"ReadAction","target":["https:\/\/maison4tiers.com\/ecrans-solidaires\/product\/jane-par-charlotte\/"]}]},{"@type":"ImageObject","inLanguage":"fr-FR","@id":"https:\/\/maison4tiers.com\/ecrans-solidaires\/product\/jane-par-charlotte\/#primaryimage","url":"https:\/\/maison4tiers.com\/ecrans-solidaires\/wp-content\/uploads\/sites\/76\/2022\/01\/90.jpg","contentUrl":"https:\/\/maison4tiers.com\/ecrans-solidaires\/wp-content\/uploads\/sites\/76\/2022\/01\/90.jpg","width":800,"height":1200,"caption":"Jane par Charlotte"},{"@type":"BreadcrumbList","@id":"https:\/\/maison4tiers.com\/ecrans-solidaires\/product\/jane-par-charlotte\/#breadcrumb","itemListElement":[{"@type":"ListItem","position":1,"name":"Home","item":"https:\/\/maison4tiers.com\/ecrans-solidaires\/"},{"@type":"ListItem","position":2,"name":"Films","item":"https:\/\/maison4tiers.com\/ecrans-solidaires\/films\/"},{"@type":"ListItem","position":3,"name":"Jane par Charlotte"}]},{"@type":"WebSite","@id":"https:\/\/maison4tiers.com\/ecrans-solidaires\/#website","url":"https:\/\/maison4tiers.com\/ecrans-solidaires\/","name":"\u00c9crans solidaires","description":"Distribution multiplateforme de films qu\u00e9b\u00e9cois et internationaux","publisher":{"@id":"https:\/\/maison4tiers.com\/ecrans-solidaires\/#organization"},"potentialAction":[{"@type":"SearchAction","target":{"@type":"EntryPoint","urlTemplate":"https:\/\/maison4tiers.com\/ecrans-solidaires\/?s={search_term_string}"},"query-input":{"@type":"PropertyValueSpecification","valueRequired":true,"valueName":"search_term_string"}}],"inLanguage":"fr-FR"},{"@type":"Organization","@id":"https:\/\/maison4tiers.com\/ecrans-solidaires\/#organization","name":"\u00c9crans solidaires","url":"https:\/\/maison4tiers.com\/ecrans-solidaires\/","logo":{"@type":"ImageObject","inLanguage":"fr-FR","@id":"https:\/\/maison4tiers.com\/ecrans-solidaires\/#\/schema\/logo\/image\/","url":"https:\/\/maison4tiers.com\/ecrans-solidaires\/wp-content\/uploads\/sites\/76\/2020\/11\/favicon-196.png","contentUrl":"https:\/\/maison4tiers.com\/ecrans-solidaires\/wp-content\/uploads\/sites\/76\/2020\/11\/favicon-196.png","width":196,"height":196,"caption":"\u00c9crans solidaires"},"image":{"@id":"https:\/\/maison4tiers.com\/ecrans-solidaires\/#\/schema\/logo\/image\/"}}]}},"jetpack_sharing_enabled":true,"_links":{"self":[{"href":"https:\/\/maison4tiers.com\/ecrans-solidaires\/wp-json\/wp\/v2\/product\/7596","targetHints":{"allow":["GET"]}}],"collection":[{"href":"https:\/\/maison4tiers.com\/ecrans-solidaires\/wp-json\/wp\/v2\/product"}],"about":[{"href":"https:\/\/maison4tiers.com\/ecrans-solidaires\/wp-json\/wp\/v2\/types\/product"}],"wp:featuredmedia":[{"embeddable":true,"href":"https:\/\/maison4tiers.com\/ecrans-solidaires\/wp-json\/wp\/v2\/media\/7591"}],"wp:attachment":[{"href":"https:\/\/maison4tiers.com\/ecrans-solidaires\/wp-json\/wp\/v2\/media?parent=7596"}],"wp:term":[{"taxonomy":"product_brand","embeddable":true,"href":"https:\/\/maison4tiers.com\/ecrans-solidaires\/wp-json\/wp\/v2\/product_brand?post=7596"},{"taxonomy":"product_cat","embeddable":true,"href":"https:\/\/maison4tiers.com\/ecrans-solidaires\/wp-json\/wp\/v2\/product_cat?post=7596"},{"taxonomy":"product_tag","embeddable":true,"href":"https:\/\/maison4tiers.com\/ecrans-solidaires\/wp-json\/wp\/v2\/product_tag?post=7596"}],"curies":[{"name":"wp","href":"https:\/\/api.w.org\/{rel}","templated":true}]}}