{"id":7356,"date":"2021-12-15T16:57:33","date_gmt":"2021-12-15T20:57:33","guid":{"rendered":"https:\/\/maison4tiers.com\/?post_type=product&#038;p=7356"},"modified":"2024-03-07T11:09:43","modified_gmt":"2024-03-07T15:09:43","slug":"levenement","status":"publish","type":"product","link":"https:\/\/maison4tiers.com\/ecrans-solidaires\/product\/levenement\/","title":{"rendered":"L&rsquo;\u00e9v\u00e9nement"},"excerpt":{"rendered":"<div class=\"column\">\n<h4><strong>MAINTENANT DISPONIBLE SUR DVD ET SUR VID\u00c9O SUR DEMANDE !\u00a0<\/strong><\/h4>\n<h5><span style=\"color: #777777; font-size: 15px;\">R\u00e9cipiendaire du Lion d&rsquo;or de la 78\u1d49 \u00e9dition de la Mostra de Venise et nomm\u00e9 aux C\u00e9sar.<\/span><\/h5>\n<p><strong>D\u2019apr\u00e8s le roman d\u2019Annie Ernaux.<\/strong><\/p>\n<p>France, 1963. Anne, \u00e9tudiante prometteuse, tombe enceinte. Elle d\u00e9cide d\u2019avorter, pr\u00eate \u00e0 tout pour disposer de son corps et de son avenir. Elle s\u2019engage seule dans une course contre la montre, bravant la loi. Les examens approchent, son ventre s\u2019arrondit.<\/p>\n<\/div>\n<div class=\"\" data-block=\"true\" data-editor=\"ebaf\" data-offset-key=\"ce93j-0-0\">\n<blockquote>\n<div class=\"_1mf _1mj\" data-offset-key=\"ce93j-0-0\">\u2605\u2605\u2605\u2605 <strong>\u2013 <a href=\"https:\/\/www.ledevoir.com\/culture\/cinema\/676017\/cinema-l-evenement-c-est-a-moi-que-ca-arrive\">LE DEVOIR\u00a0<\/a><\/strong><br aria-hidden=\"true\" \/>\u2605\u2605\u2605\u2605 1\/2 <strong>\u2013 <\/strong><a href=\"https:\/\/www.journaldemontreal.com\/2022\/02\/18\/levenement-lorsquune-femme-ne-sappartenait-pas\"><strong>JOURNAL DE MONTR\u00c9AL\u00a0<\/strong><\/a><br aria-hidden=\"true\" \/>\u2605\u2605\u2605\u2605 <strong>\u2013 <a href=\"https:\/\/www.lesoleil.com\/2022\/02\/18\/levenement--un-film-cru-et-necessaire--video-5f09a749d0d8fae2771fccdbfe5870a0?utm_source=Unknown+List&amp;utm_campaign=54acffb02f-EMAIL_CAMPAIGN_2022_02_18_04_50&amp;utm_medium=email&amp;utm_term=0_-54acffb02f-&amp;mc_cid=54acffb02f&amp;mc_eid=UNIQID\">LE SOLEIL<\/a><\/strong><br aria-hidden=\"true\" \/>\u2605\u2605\u2605\u2605 <strong>\u2013 <a href=\"https:\/\/www.lapresse.ca\/cinema\/critiques\/2022-02-18\/l-evenement\/retour-vers-le-futur.php\">LA PRESSE <\/a><\/strong><\/div>\n<div class=\"_1mf _1mj\" data-offset-key=\"ce93j-0-0\">\u2605\u2605\u2605\u2605\u2605<strong> \u2013 <a href=\"https:\/\/www.fichesducinema.com\/2021\/11\/levenement-de-audrey-diwan\/\" target=\"_blank\" rel=\"noopener\">LES FICHES DU CIN\u00c9MA<\/a><\/strong><\/div>\n<div class=\"_1mf _1mj\" data-offset-key=\"ce93j-0-0\">\u2605\u2605\u2605\u2605\u2605<strong> \u2013 <a href=\"https:\/\/www.lavoixdunord.fr\/1103501\/article\/2021-11-23\/sortie-cine-annie-ernaux-audrey-diwan-anamaria-vartolomei-ces-trois-femmes\" target=\"_blank\" rel=\"noopener\">LA VOIX DU NORD<\/a><\/strong><\/div>\n<div class=\"_1mf _1mj\" data-offset-key=\"ce93j-0-0\">\u2605\u2605\u2605\u2605\u2605<strong> \u2013 <a href=\"https:\/\/www.lejdd.fr\/Culture\/Cinema\/levenement-house-of-gucci-encanto-les-critiques-des-films-en-salles-la-semaine-prochaine-4078048\" target=\"_blank\" rel=\"noopener\">LE JOURNAL DU DIMANCHE<\/a><\/strong><\/div>\n<div class=\"_1mf _1mj\" data-offset-key=\"ce93j-0-0\"><em>\u00ab Montage vif, mise en sc\u00e8ne tactile, presque charnelle, tension constante, mise en images crue, parfois choquante. (&#8230;) La cin\u00e9aste d\u00e9ploie ses outils avec une force rare, nous immergeant compl\u00e8tement dans ses images, jusqu\u2019au vertige, jusqu\u2019\u00e0 la fureur \u00bb <strong>\u2013 <\/strong><\/em><strong><a href=\"https:\/\/ici.radio-canada.ca\/tele\/cinema\/blogue\/1862328\/levenement-film-france-avortement-diwan-annie-ernaux\" target=\"_blank\" rel=\"noopener\">RADIO-CANADA<\/a><\/strong><\/div>\n<div data-offset-key=\"ce93j-0-0\">\n<p>&nbsp;<\/p>\n<\/div>\n<\/blockquote>\n<\/div>\n<p><span style=\"text-decoration: underline;\"><strong><a href=\"https:\/\/maison4tiers.com\/categorie-produit\/film\/drame\/\" target=\"_blank\" rel=\"noopener\">Voir les autres films dramatiques\u00a0<\/a><\/strong><\/span><\/p>\n<p><strong>*Disponible au Canada seulement<\/strong><\/p>\n","protected":false},"featured_media":7363,"template":"","meta":{"_acf_changed":false,"_eb_attr":""},"product_brand":[],"product_cat":[105,120,45,122,121,136,131,142],"product_tag":[254,251,252,216,203,255,250,227,160,253],"class_list":{"0":"post-7356","1":"product","2":"type-product","3":"status-publish","4":"has-post-thumbnail","6":"product_cat-drame","7":"product_cat-fiction","8":"product_cat-film","9":"product_cat-reflexion","10":"product_cat-societe","11":"product_cat-dvd","12":"product_cat-touslesfilms","13":"product_cat-numerique","14":"product_tag-audrey-diwan","15":"product_tag-avortement","16":"product_tag-enceinte","17":"product_tag-feminisme","18":"product_tag-france","19":"product_tag-levenement","20":"product_tag-politique","21":"product_tag-social","22":"product_tag-suspense","23":"product_tag-thriller","25":"first","26":"instock","27":"taxable","28":"shipping-taxable","29":"purchasable","30":"product-type-variable","31":"has-default-attributes"},"acf":[],"yoast_head":"<!-- This site is optimized with the Yoast SEO plugin v27.0 - https:\/\/yoast.com\/product\/yoast-seo-wordpress\/ -->\n<title>L&#039;\u00e9v\u00e9nement - \u00c9crans solidaires - Drame - VOIR MAINTENANT !<\/title>\n<meta name=\"description\" content=\"L&#039;\u00c9v\u00e9nement. France, 1963. Anne, e\u0301tudiante prometteuse, tombe enceinte. Elle de\u0301cide d\u2019avorter, pre\u0302te a\u0300 tout pour disposer de son corps et de son avenir.\" \/>\n<meta name=\"robots\" content=\"noindex, follow, max-snippet:-1, max-image-preview:large, max-video-preview:-1\" \/>\n<meta property=\"og:locale\" content=\"fr_FR\" \/>\n<meta property=\"og:type\" content=\"article\" \/>\n<meta property=\"og:title\" content=\"L&#039;\u00e9v\u00e9nement - \u00c9crans solidaires - Drame - VOIR MAINTENANT !\" \/>\n<meta property=\"og:description\" content=\"L&#039;\u00c9v\u00e9nement. France, 1963. Anne, e\u0301tudiante prometteuse, tombe enceinte. Elle de\u0301cide d\u2019avorter, pre\u0302te a\u0300 tout pour disposer de son corps et de son avenir.\" \/>\n<meta property=\"og:url\" content=\"https:\/\/maison4tiers.com\/ecrans-solidaires\/product\/levenement\/\" \/>\n<meta property=\"og:site_name\" content=\"\u00c9crans solidaires\" \/>\n<meta property=\"article:modified_time\" content=\"2024-03-07T15:09:43+00:00\" \/>\n<meta property=\"og:image\" content=\"https:\/\/maison4tiers.com\/ecrans-solidaires\/wp-content\/uploads\/sites\/76\/2021\/12\/Evenement_affiche_BIENTOT-scaled.jpg\" \/>\n\t<meta property=\"og:image:width\" content=\"1772\" \/>\n\t<meta property=\"og:image:height\" content=\"2560\" \/>\n\t<meta property=\"og:image:type\" content=\"image\/jpeg\" \/>\n<meta name=\"twitter:card\" content=\"summary_large_image\" \/>\n<meta name=\"twitter:image\" content=\"https:\/\/maison4tiers.com\/ecrans-solidaires\/wp-content\/uploads\/sites\/76\/2021\/12\/Evenement_affiche_BIENTOT-scaled.jpg\" \/>\n<meta name=\"twitter:label1\" content=\"Dur\u00e9e de lecture estim\u00e9e\" \/>\n\t<meta name=\"twitter:data1\" content=\"1 minute\" \/>\n<script type=\"application\/ld+json\" class=\"yoast-schema-graph\">{\"@context\":\"https:\/\/schema.org\",\"@graph\":[{\"@type\":\"WebPage\",\"@id\":\"https:\/\/maison4tiers.com\/ecrans-solidaires\/product\/levenement\/\",\"url\":\"https:\/\/maison4tiers.com\/ecrans-solidaires\/product\/levenement\/\",\"name\":\"L'\u00e9v\u00e9nement - \u00c9crans solidaires - Drame - VOIR MAINTENANT !\",\"isPartOf\":{\"@id\":\"https:\/\/maison4tiers.com\/ecrans-solidaires\/#website\"},\"primaryImageOfPage\":{\"@id\":\"https:\/\/maison4tiers.com\/ecrans-solidaires\/product\/levenement\/#primaryimage\"},\"image\":{\"@id\":\"https:\/\/maison4tiers.com\/ecrans-solidaires\/product\/levenement\/#primaryimage\"},\"thumbnailUrl\":\"https:\/\/maison4tiers.com\/ecrans-solidaires\/wp-content\/uploads\/sites\/76\/2021\/12\/Evenement_affiche_BIENTOT-scaled.jpg\",\"datePublished\":\"2021-12-15T20:57:33+00:00\",\"dateModified\":\"2024-03-07T15:09:43+00:00\",\"description\":\"L'\u00c9v\u00e9nement. France, 1963. Anne, e\u0301tudiante prometteuse, tombe enceinte. Elle de\u0301cide d\u2019avorter, pre\u0302te a\u0300 tout pour disposer de son corps et de son avenir.\",\"breadcrumb\":{\"@id\":\"https:\/\/maison4tiers.com\/ecrans-solidaires\/product\/levenement\/#breadcrumb\"},\"inLanguage\":\"fr-FR\",\"potentialAction\":[{\"@type\":\"ReadAction\",\"target\":[\"https:\/\/maison4tiers.com\/ecrans-solidaires\/product\/levenement\/\"]}]},{\"@type\":\"ImageObject\",\"inLanguage\":\"fr-FR\",\"@id\":\"https:\/\/maison4tiers.com\/ecrans-solidaires\/product\/levenement\/#primaryimage\",\"url\":\"https:\/\/maison4tiers.com\/ecrans-solidaires\/wp-content\/uploads\/sites\/76\/2021\/12\/Evenement_affiche_BIENTOT-scaled.jpg\",\"contentUrl\":\"https:\/\/maison4tiers.com\/ecrans-solidaires\/wp-content\/uploads\/sites\/76\/2021\/12\/Evenement_affiche_BIENTOT-scaled.jpg\",\"width\":1772,\"height\":2560,\"caption\":\"L'\u00e9v\u00e9nement\"},{\"@type\":\"BreadcrumbList\",\"@id\":\"https:\/\/maison4tiers.com\/ecrans-solidaires\/product\/levenement\/#breadcrumb\",\"itemListElement\":[{\"@type\":\"ListItem\",\"position\":1,\"name\":\"Home\",\"item\":\"https:\/\/maison4tiers.com\/ecrans-solidaires\/\"},{\"@type\":\"ListItem\",\"position\":2,\"name\":\"Films\",\"item\":\"https:\/\/maison4tiers.com\/ecrans-solidaires\/films\/\"},{\"@type\":\"ListItem\",\"position\":3,\"name\":\"L&#8217;\u00e9v\u00e9nement\"}]},{\"@type\":\"WebSite\",\"@id\":\"https:\/\/maison4tiers.com\/ecrans-solidaires\/#website\",\"url\":\"https:\/\/maison4tiers.com\/ecrans-solidaires\/\",\"name\":\"\u00c9crans solidaires\",\"description\":\"Distribution multiplateforme de films qu\u00e9b\u00e9cois et internationaux\",\"publisher\":{\"@id\":\"https:\/\/maison4tiers.com\/ecrans-solidaires\/#organization\"},\"potentialAction\":[{\"@type\":\"SearchAction\",\"target\":{\"@type\":\"EntryPoint\",\"urlTemplate\":\"https:\/\/maison4tiers.com\/ecrans-solidaires\/?s={search_term_string}\"},\"query-input\":{\"@type\":\"PropertyValueSpecification\",\"valueRequired\":true,\"valueName\":\"search_term_string\"}}],\"inLanguage\":\"fr-FR\"},{\"@type\":\"Organization\",\"@id\":\"https:\/\/maison4tiers.com\/ecrans-solidaires\/#organization\",\"name\":\"\u00c9crans solidaires\",\"url\":\"https:\/\/maison4tiers.com\/ecrans-solidaires\/\",\"logo\":{\"@type\":\"ImageObject\",\"inLanguage\":\"fr-FR\",\"@id\":\"https:\/\/maison4tiers.com\/ecrans-solidaires\/#\/schema\/logo\/image\/\",\"url\":\"https:\/\/maison4tiers.com\/ecrans-solidaires\/wp-content\/uploads\/sites\/76\/2020\/11\/favicon-196.png\",\"contentUrl\":\"https:\/\/maison4tiers.com\/ecrans-solidaires\/wp-content\/uploads\/sites\/76\/2020\/11\/favicon-196.png\",\"width\":196,\"height\":196,\"caption\":\"\u00c9crans solidaires\"},\"image\":{\"@id\":\"https:\/\/maison4tiers.com\/ecrans-solidaires\/#\/schema\/logo\/image\/\"}}]}<\/script>\n<!-- \/ Yoast SEO plugin. -->","yoast_head_json":{"title":"L'\u00e9v\u00e9nement - \u00c9crans solidaires - Drame - VOIR MAINTENANT !","description":"L'\u00c9v\u00e9nement. France, 1963. Anne, e\u0301tudiante prometteuse, tombe enceinte. Elle de\u0301cide d\u2019avorter, pre\u0302te a\u0300 tout pour disposer de son corps et de son avenir.","robots":{"index":"noindex","follow":"follow","max-snippet":"max-snippet:-1","max-image-preview":"max-image-preview:large","max-video-preview":"max-video-preview:-1"},"og_locale":"fr_FR","og_type":"article","og_title":"L'\u00e9v\u00e9nement - \u00c9crans solidaires - Drame - VOIR MAINTENANT !","og_description":"L'\u00c9v\u00e9nement. France, 1963. Anne, e\u0301tudiante prometteuse, tombe enceinte. Elle de\u0301cide d\u2019avorter, pre\u0302te a\u0300 tout pour disposer de son corps et de son avenir.","og_url":"https:\/\/maison4tiers.com\/ecrans-solidaires\/product\/levenement\/","og_site_name":"\u00c9crans solidaires","article_modified_time":"2024-03-07T15:09:43+00:00","og_image":[{"width":1772,"height":2560,"url":"https:\/\/maison4tiers.com\/ecrans-solidaires\/wp-content\/uploads\/sites\/76\/2021\/12\/Evenement_affiche_BIENTOT-scaled.jpg","type":"image\/jpeg"}],"twitter_card":"summary_large_image","twitter_image":"https:\/\/maison4tiers.com\/ecrans-solidaires\/wp-content\/uploads\/sites\/76\/2021\/12\/Evenement_affiche_BIENTOT-scaled.jpg","twitter_misc":{"Dur\u00e9e de lecture estim\u00e9e":"1 minute"},"schema":{"@context":"https:\/\/schema.org","@graph":[{"@type":"WebPage","@id":"https:\/\/maison4tiers.com\/ecrans-solidaires\/product\/levenement\/","url":"https:\/\/maison4tiers.com\/ecrans-solidaires\/product\/levenement\/","name":"L'\u00e9v\u00e9nement - \u00c9crans solidaires - Drame - VOIR MAINTENANT !","isPartOf":{"@id":"https:\/\/maison4tiers.com\/ecrans-solidaires\/#website"},"primaryImageOfPage":{"@id":"https:\/\/maison4tiers.com\/ecrans-solidaires\/product\/levenement\/#primaryimage"},"image":{"@id":"https:\/\/maison4tiers.com\/ecrans-solidaires\/product\/levenement\/#primaryimage"},"thumbnailUrl":"https:\/\/maison4tiers.com\/ecrans-solidaires\/wp-content\/uploads\/sites\/76\/2021\/12\/Evenement_affiche_BIENTOT-scaled.jpg","datePublished":"2021-12-15T20:57:33+00:00","dateModified":"2024-03-07T15:09:43+00:00","description":"L'\u00c9v\u00e9nement. France, 1963. Anne, e\u0301tudiante prometteuse, tombe enceinte. Elle de\u0301cide d\u2019avorter, pre\u0302te a\u0300 tout pour disposer de son corps et de son avenir.","breadcrumb":{"@id":"https:\/\/maison4tiers.com\/ecrans-solidaires\/product\/levenement\/#breadcrumb"},"inLanguage":"fr-FR","potentialAction":[{"@type":"ReadAction","target":["https:\/\/maison4tiers.com\/ecrans-solidaires\/product\/levenement\/"]}]},{"@type":"ImageObject","inLanguage":"fr-FR","@id":"https:\/\/maison4tiers.com\/ecrans-solidaires\/product\/levenement\/#primaryimage","url":"https:\/\/maison4tiers.com\/ecrans-solidaires\/wp-content\/uploads\/sites\/76\/2021\/12\/Evenement_affiche_BIENTOT-scaled.jpg","contentUrl":"https:\/\/maison4tiers.com\/ecrans-solidaires\/wp-content\/uploads\/sites\/76\/2021\/12\/Evenement_affiche_BIENTOT-scaled.jpg","width":1772,"height":2560,"caption":"L'\u00e9v\u00e9nement"},{"@type":"BreadcrumbList","@id":"https:\/\/maison4tiers.com\/ecrans-solidaires\/product\/levenement\/#breadcrumb","itemListElement":[{"@type":"ListItem","position":1,"name":"Home","item":"https:\/\/maison4tiers.com\/ecrans-solidaires\/"},{"@type":"ListItem","position":2,"name":"Films","item":"https:\/\/maison4tiers.com\/ecrans-solidaires\/films\/"},{"@type":"ListItem","position":3,"name":"L&#8217;\u00e9v\u00e9nement"}]},{"@type":"WebSite","@id":"https:\/\/maison4tiers.com\/ecrans-solidaires\/#website","url":"https:\/\/maison4tiers.com\/ecrans-solidaires\/","name":"\u00c9crans solidaires","description":"Distribution multiplateforme de films qu\u00e9b\u00e9cois et internationaux","publisher":{"@id":"https:\/\/maison4tiers.com\/ecrans-solidaires\/#organization"},"potentialAction":[{"@type":"SearchAction","target":{"@type":"EntryPoint","urlTemplate":"https:\/\/maison4tiers.com\/ecrans-solidaires\/?s={search_term_string}"},"query-input":{"@type":"PropertyValueSpecification","valueRequired":true,"valueName":"search_term_string"}}],"inLanguage":"fr-FR"},{"@type":"Organization","@id":"https:\/\/maison4tiers.com\/ecrans-solidaires\/#organization","name":"\u00c9crans solidaires","url":"https:\/\/maison4tiers.com\/ecrans-solidaires\/","logo":{"@type":"ImageObject","inLanguage":"fr-FR","@id":"https:\/\/maison4tiers.com\/ecrans-solidaires\/#\/schema\/logo\/image\/","url":"https:\/\/maison4tiers.com\/ecrans-solidaires\/wp-content\/uploads\/sites\/76\/2020\/11\/favicon-196.png","contentUrl":"https:\/\/maison4tiers.com\/ecrans-solidaires\/wp-content\/uploads\/sites\/76\/2020\/11\/favicon-196.png","width":196,"height":196,"caption":"\u00c9crans solidaires"},"image":{"@id":"https:\/\/maison4tiers.com\/ecrans-solidaires\/#\/schema\/logo\/image\/"}}]}},"jetpack_sharing_enabled":true,"_links":{"self":[{"href":"https:\/\/maison4tiers.com\/ecrans-solidaires\/wp-json\/wp\/v2\/product\/7356","targetHints":{"allow":["GET"]}}],"collection":[{"href":"https:\/\/maison4tiers.com\/ecrans-solidaires\/wp-json\/wp\/v2\/product"}],"about":[{"href":"https:\/\/maison4tiers.com\/ecrans-solidaires\/wp-json\/wp\/v2\/types\/product"}],"wp:featuredmedia":[{"embeddable":true,"href":"https:\/\/maison4tiers.com\/ecrans-solidaires\/wp-json\/wp\/v2\/media\/7363"}],"wp:attachment":[{"href":"https:\/\/maison4tiers.com\/ecrans-solidaires\/wp-json\/wp\/v2\/media?parent=7356"}],"wp:term":[{"taxonomy":"product_brand","embeddable":true,"href":"https:\/\/maison4tiers.com\/ecrans-solidaires\/wp-json\/wp\/v2\/product_brand?post=7356"},{"taxonomy":"product_cat","embeddable":true,"href":"https:\/\/maison4tiers.com\/ecrans-solidaires\/wp-json\/wp\/v2\/product_cat?post=7356"},{"taxonomy":"product_tag","embeddable":true,"href":"https:\/\/maison4tiers.com\/ecrans-solidaires\/wp-json\/wp\/v2\/product_tag?post=7356"}],"curies":[{"name":"wp","href":"https:\/\/api.w.org\/{rel}","templated":true}]}}