{"id":7247,"date":"2021-11-20T17:45:32","date_gmt":"2021-11-20T21:45:32","guid":{"rendered":"https:\/\/maison4tiers.com\/?post_type=product&#038;p=7247"},"modified":"2023-12-14T15:08:30","modified_gmt":"2023-12-14T19:08:30","slug":"norbourg","status":"publish","type":"product","link":"https:\/\/maison4tiers.com\/ecrans-solidaires\/product\/norbourg\/","title":{"rendered":"NORBOURG"},"excerpt":{"rendered":"<h4>PR\u00c9SENTEMENT DISPONIBLE EN VID\u00c9O SUR DEMANDE ET EN DVD !<\/h4>\n<p>Mettant en vedette: <strong>Vincent Guillaume Otis, Fran\u00e7ois Arnaud et Christine Beaulieu<\/strong><\/p>\n<p>Montr\u00e9al, d\u00e9but des ann\u00e9es 2000. La mont\u00e9e exaltante puis la chute brutale de la firme de gestion d\u2019actifs\u00a0<em>Norbourg<\/em> et de son jeune PDG Vincent Lacroix, qui, gr\u00e2ce \u00e0 des stratag\u00e8mes frauduleux, d\u00e9tournera des centaines de millions de dollars.<\/p>\n<blockquote><p>\u2605\u2605\u2605\u2605 \u00ab Remarquable Vincent-Guillaume Otis. Excellent Fran\u00e7ois Arnaud. \u00bb<strong><a href=\"https:\/\/www.ledevoir.com\/culture\/cinema\/702210\/critique-cinema-norbourg-l-homme-du-president\" target=\"_blank\" rel=\"noopener\">\u00a0LE DEVOIR<\/a><\/strong><\/p>\n<p>7\/10 \u00ab\u00a0Un vrai suspense. Christine Beaulieu est impeccable.\u00a0\u00bb <strong><a href=\"https:\/\/www.lapresse.ca\/cinema\/critiques\/2022-04-22\/norbourg\/un-vrai-suspense.php\" target=\"_blank\" rel=\"noopener\">LA PRESSE\u00a0<\/a><\/strong><\/p>\n<p>\u00ab\u00a0Un film efficace et n\u00e9cessaire.\u00a0\u00bb <strong><a href=\"https:\/\/www.journaldemontreal.com\/2022\/04\/21\/norbourg-un-film-efficace-et-necessaire#:~:text=Avec%20Norbourg%2C%20film%20de%20fiction,a%20oubli%C3%A9%20le%20scandale%20Norbourg.\" target=\"_blank\" rel=\"noopener\">LE JOURNAL DE MONTR\u00c9AL<\/a><\/strong><\/p><\/blockquote>\n<p>&nbsp;<\/p>\n<p><a href=\"https:\/\/maison4tiers.com\/categorie-produit\/film\/quebecois\/\" target=\"_blank\" rel=\"noopener\"><strong>Voir les autres films qu\u00e9b\u00e9cois<\/strong><\/a><\/p>\n<p><strong>*Disponible au Canada seulement<\/strong><\/p>\n","protected":false},"featured_media":7593,"template":"","meta":{"_acf_changed":false,"_eb_attr":""},"product_brand":[],"product_cat":[105,120,45,119,121,136,131,142],"product_tag":[262,261,265,260,266,259,257,256,263,264,250,160,253,258],"class_list":{"0":"post-7247","1":"product","2":"type-product","3":"status-publish","4":"has-post-thumbnail","6":"product_cat-drame","7":"product_cat-fiction","8":"product_cat-film","9":"product_cat-quebecois","10":"product_cat-societe","11":"product_cat-dvd","12":"product_cat-touslesfilms","13":"product_cat-numerique","14":"product_tag-argent","15":"product_tag-banque","16":"product_tag-compagnie","17":"product_tag-economie","18":"product_tag-entreprise","19":"product_tag-francois-arnaud","20":"product_tag-maxime-giroux","21":"product_tag-norbourg","22":"product_tag-police","23":"product_tag-policier","24":"product_tag-politique","25":"product_tag-suspense","26":"product_tag-thriller","27":"product_tag-vincent-guillaume-otis","29":"first","30":"instock","31":"sale","32":"taxable","33":"shipping-taxable","34":"purchasable","35":"product-type-variable","36":"has-default-attributes"},"acf":[],"yoast_head":"<!-- This site is optimized with the Yoast SEO plugin v27.0 - https:\/\/yoast.com\/product\/yoast-seo-wordpress\/ -->\n<title>NORBOURG - qu\u00e9b\u00e9cois - \u00c9crans solidaires - EN VSD ET DVD<\/title>\n<meta name=\"description\" content=\"Norbourg - Montr\u00e9al, d\u00e9but des ann\u00e9es 2000. La mont\u00e9e exaltante puis la chute brutale de la firme de gestion d\u2019actifs Norbourg.\" \/>\n<meta name=\"robots\" content=\"noindex, follow, max-snippet:-1, max-image-preview:large, max-video-preview:-1\" \/>\n<meta property=\"og:locale\" content=\"fr_FR\" \/>\n<meta property=\"og:type\" content=\"article\" \/>\n<meta property=\"og:title\" content=\"Norbourg\" \/>\n<meta property=\"og:description\" content=\"Montr\u00e9al, d\u00e9but des ann\u00e9es 2000. La mont\u00e9e exaltante puis la chute brutale de la firme de gestion d\u2019actifs Norbourg.\" \/>\n<meta property=\"og:url\" content=\"https:\/\/maison4tiers.com\/ecrans-solidaires\/product\/norbourg\/\" \/>\n<meta property=\"og:site_name\" content=\"\u00c9crans solidaires\" \/>\n<meta property=\"article:modified_time\" content=\"2023-12-14T19:08:30+00:00\" \/>\n<meta property=\"og:image\" content=\"https:\/\/maison4tiers.com\/ecrans-solidaires\/wp-content\/uploads\/sites\/76\/2021\/11\/Nouvelles-affiches-site-web.png\" \/>\n\t<meta property=\"og:image:width\" content=\"800\" \/>\n\t<meta property=\"og:image:height\" content=\"1200\" \/>\n\t<meta property=\"og:image:type\" content=\"image\/png\" \/>\n<meta name=\"twitter:card\" content=\"summary_large_image\" \/>\n<meta name=\"twitter:title\" content=\"Norbourg\" \/>\n<meta name=\"twitter:description\" content=\"Montr\u00e9al, d\u00e9but des ann\u00e9es 2000. La mont\u00e9e exaltante puis la chute brutale de la firme de gestion d\u2019actifs Norbourg.\" \/>\n<meta name=\"twitter:image\" content=\"https:\/\/maison4tiers.com\/ecrans-solidaires\/wp-content\/uploads\/sites\/76\/2021\/11\/Nouvelles-affiches-site-web.png\" \/>\n<meta name=\"twitter:label1\" content=\"Dur\u00e9e de lecture estim\u00e9e\" \/>\n\t<meta name=\"twitter:data1\" content=\"1 minute\" \/>\n<script type=\"application\/ld+json\" class=\"yoast-schema-graph\">{\"@context\":\"https:\/\/schema.org\",\"@graph\":[{\"@type\":\"WebPage\",\"@id\":\"https:\/\/maison4tiers.com\/ecrans-solidaires\/product\/norbourg\/\",\"url\":\"https:\/\/maison4tiers.com\/ecrans-solidaires\/product\/norbourg\/\",\"name\":\"NORBOURG - qu\u00e9b\u00e9cois - \u00c9crans solidaires - EN VSD ET DVD\",\"isPartOf\":{\"@id\":\"https:\/\/maison4tiers.com\/ecrans-solidaires\/#website\"},\"primaryImageOfPage\":{\"@id\":\"https:\/\/maison4tiers.com\/ecrans-solidaires\/product\/norbourg\/#primaryimage\"},\"image\":{\"@id\":\"https:\/\/maison4tiers.com\/ecrans-solidaires\/product\/norbourg\/#primaryimage\"},\"thumbnailUrl\":\"https:\/\/maison4tiers.com\/ecrans-solidaires\/wp-content\/uploads\/sites\/76\/2022\/01\/91.jpg\",\"datePublished\":\"2021-11-20T21:45:32+00:00\",\"dateModified\":\"2023-12-14T19:08:30+00:00\",\"description\":\"Norbourg - Montr\u00e9al, d\u00e9but des ann\u00e9es 2000. La mont\u00e9e exaltante puis la chute brutale de la firme de gestion d\u2019actifs Norbourg.\",\"breadcrumb\":{\"@id\":\"https:\/\/maison4tiers.com\/ecrans-solidaires\/product\/norbourg\/#breadcrumb\"},\"inLanguage\":\"fr-FR\",\"potentialAction\":[{\"@type\":\"ReadAction\",\"target\":[\"https:\/\/maison4tiers.com\/ecrans-solidaires\/product\/norbourg\/\"]}]},{\"@type\":\"ImageObject\",\"inLanguage\":\"fr-FR\",\"@id\":\"https:\/\/maison4tiers.com\/ecrans-solidaires\/product\/norbourg\/#primaryimage\",\"url\":\"https:\/\/maison4tiers.com\/ecrans-solidaires\/wp-content\/uploads\/sites\/76\/2022\/01\/91.jpg\",\"contentUrl\":\"https:\/\/maison4tiers.com\/ecrans-solidaires\/wp-content\/uploads\/sites\/76\/2022\/01\/91.jpg\",\"width\":800,\"height\":1200,\"caption\":\"Norbourg\"},{\"@type\":\"BreadcrumbList\",\"@id\":\"https:\/\/maison4tiers.com\/ecrans-solidaires\/product\/norbourg\/#breadcrumb\",\"itemListElement\":[{\"@type\":\"ListItem\",\"position\":1,\"name\":\"Home\",\"item\":\"https:\/\/maison4tiers.com\/ecrans-solidaires\/\"},{\"@type\":\"ListItem\",\"position\":2,\"name\":\"Films\",\"item\":\"https:\/\/maison4tiers.com\/ecrans-solidaires\/films\/\"},{\"@type\":\"ListItem\",\"position\":3,\"name\":\"NORBOURG\"}]},{\"@type\":\"WebSite\",\"@id\":\"https:\/\/maison4tiers.com\/ecrans-solidaires\/#website\",\"url\":\"https:\/\/maison4tiers.com\/ecrans-solidaires\/\",\"name\":\"\u00c9crans solidaires\",\"description\":\"Distribution multiplateforme de films qu\u00e9b\u00e9cois et internationaux\",\"publisher\":{\"@id\":\"https:\/\/maison4tiers.com\/ecrans-solidaires\/#organization\"},\"potentialAction\":[{\"@type\":\"SearchAction\",\"target\":{\"@type\":\"EntryPoint\",\"urlTemplate\":\"https:\/\/maison4tiers.com\/ecrans-solidaires\/?s={search_term_string}\"},\"query-input\":{\"@type\":\"PropertyValueSpecification\",\"valueRequired\":true,\"valueName\":\"search_term_string\"}}],\"inLanguage\":\"fr-FR\"},{\"@type\":\"Organization\",\"@id\":\"https:\/\/maison4tiers.com\/ecrans-solidaires\/#organization\",\"name\":\"\u00c9crans solidaires\",\"url\":\"https:\/\/maison4tiers.com\/ecrans-solidaires\/\",\"logo\":{\"@type\":\"ImageObject\",\"inLanguage\":\"fr-FR\",\"@id\":\"https:\/\/maison4tiers.com\/ecrans-solidaires\/#\/schema\/logo\/image\/\",\"url\":\"https:\/\/maison4tiers.com\/ecrans-solidaires\/wp-content\/uploads\/sites\/76\/2020\/11\/favicon-196.png\",\"contentUrl\":\"https:\/\/maison4tiers.com\/ecrans-solidaires\/wp-content\/uploads\/sites\/76\/2020\/11\/favicon-196.png\",\"width\":196,\"height\":196,\"caption\":\"\u00c9crans solidaires\"},\"image\":{\"@id\":\"https:\/\/maison4tiers.com\/ecrans-solidaires\/#\/schema\/logo\/image\/\"}}]}<\/script>\n<!-- \/ Yoast SEO plugin. -->","yoast_head_json":{"title":"NORBOURG - qu\u00e9b\u00e9cois - \u00c9crans solidaires - EN VSD ET DVD","description":"Norbourg - Montr\u00e9al, d\u00e9but des ann\u00e9es 2000. La mont\u00e9e exaltante puis la chute brutale de la firme de gestion d\u2019actifs Norbourg.","robots":{"index":"noindex","follow":"follow","max-snippet":"max-snippet:-1","max-image-preview":"max-image-preview:large","max-video-preview":"max-video-preview:-1"},"og_locale":"fr_FR","og_type":"article","og_title":"Norbourg","og_description":"Montr\u00e9al, d\u00e9but des ann\u00e9es 2000. La mont\u00e9e exaltante puis la chute brutale de la firme de gestion d\u2019actifs Norbourg.","og_url":"https:\/\/maison4tiers.com\/ecrans-solidaires\/product\/norbourg\/","og_site_name":"\u00c9crans solidaires","article_modified_time":"2023-12-14T19:08:30+00:00","og_image":[{"width":800,"height":1200,"url":"https:\/\/maison4tiers.com\/ecrans-solidaires\/wp-content\/uploads\/sites\/76\/2021\/11\/Nouvelles-affiches-site-web.png","type":"image\/png"}],"twitter_card":"summary_large_image","twitter_title":"Norbourg","twitter_description":"Montr\u00e9al, d\u00e9but des ann\u00e9es 2000. La mont\u00e9e exaltante puis la chute brutale de la firme de gestion d\u2019actifs Norbourg.","twitter_image":"https:\/\/maison4tiers.com\/ecrans-solidaires\/wp-content\/uploads\/sites\/76\/2021\/11\/Nouvelles-affiches-site-web.png","twitter_misc":{"Dur\u00e9e de lecture estim\u00e9e":"1 minute"},"schema":{"@context":"https:\/\/schema.org","@graph":[{"@type":"WebPage","@id":"https:\/\/maison4tiers.com\/ecrans-solidaires\/product\/norbourg\/","url":"https:\/\/maison4tiers.com\/ecrans-solidaires\/product\/norbourg\/","name":"NORBOURG - qu\u00e9b\u00e9cois - \u00c9crans solidaires - EN VSD ET DVD","isPartOf":{"@id":"https:\/\/maison4tiers.com\/ecrans-solidaires\/#website"},"primaryImageOfPage":{"@id":"https:\/\/maison4tiers.com\/ecrans-solidaires\/product\/norbourg\/#primaryimage"},"image":{"@id":"https:\/\/maison4tiers.com\/ecrans-solidaires\/product\/norbourg\/#primaryimage"},"thumbnailUrl":"https:\/\/maison4tiers.com\/ecrans-solidaires\/wp-content\/uploads\/sites\/76\/2022\/01\/91.jpg","datePublished":"2021-11-20T21:45:32+00:00","dateModified":"2023-12-14T19:08:30+00:00","description":"Norbourg - Montr\u00e9al, d\u00e9but des ann\u00e9es 2000. La mont\u00e9e exaltante puis la chute brutale de la firme de gestion d\u2019actifs Norbourg.","breadcrumb":{"@id":"https:\/\/maison4tiers.com\/ecrans-solidaires\/product\/norbourg\/#breadcrumb"},"inLanguage":"fr-FR","potentialAction":[{"@type":"ReadAction","target":["https:\/\/maison4tiers.com\/ecrans-solidaires\/product\/norbourg\/"]}]},{"@type":"ImageObject","inLanguage":"fr-FR","@id":"https:\/\/maison4tiers.com\/ecrans-solidaires\/product\/norbourg\/#primaryimage","url":"https:\/\/maison4tiers.com\/ecrans-solidaires\/wp-content\/uploads\/sites\/76\/2022\/01\/91.jpg","contentUrl":"https:\/\/maison4tiers.com\/ecrans-solidaires\/wp-content\/uploads\/sites\/76\/2022\/01\/91.jpg","width":800,"height":1200,"caption":"Norbourg"},{"@type":"BreadcrumbList","@id":"https:\/\/maison4tiers.com\/ecrans-solidaires\/product\/norbourg\/#breadcrumb","itemListElement":[{"@type":"ListItem","position":1,"name":"Home","item":"https:\/\/maison4tiers.com\/ecrans-solidaires\/"},{"@type":"ListItem","position":2,"name":"Films","item":"https:\/\/maison4tiers.com\/ecrans-solidaires\/films\/"},{"@type":"ListItem","position":3,"name":"NORBOURG"}]},{"@type":"WebSite","@id":"https:\/\/maison4tiers.com\/ecrans-solidaires\/#website","url":"https:\/\/maison4tiers.com\/ecrans-solidaires\/","name":"\u00c9crans solidaires","description":"Distribution multiplateforme de films qu\u00e9b\u00e9cois et internationaux","publisher":{"@id":"https:\/\/maison4tiers.com\/ecrans-solidaires\/#organization"},"potentialAction":[{"@type":"SearchAction","target":{"@type":"EntryPoint","urlTemplate":"https:\/\/maison4tiers.com\/ecrans-solidaires\/?s={search_term_string}"},"query-input":{"@type":"PropertyValueSpecification","valueRequired":true,"valueName":"search_term_string"}}],"inLanguage":"fr-FR"},{"@type":"Organization","@id":"https:\/\/maison4tiers.com\/ecrans-solidaires\/#organization","name":"\u00c9crans solidaires","url":"https:\/\/maison4tiers.com\/ecrans-solidaires\/","logo":{"@type":"ImageObject","inLanguage":"fr-FR","@id":"https:\/\/maison4tiers.com\/ecrans-solidaires\/#\/schema\/logo\/image\/","url":"https:\/\/maison4tiers.com\/ecrans-solidaires\/wp-content\/uploads\/sites\/76\/2020\/11\/favicon-196.png","contentUrl":"https:\/\/maison4tiers.com\/ecrans-solidaires\/wp-content\/uploads\/sites\/76\/2020\/11\/favicon-196.png","width":196,"height":196,"caption":"\u00c9crans solidaires"},"image":{"@id":"https:\/\/maison4tiers.com\/ecrans-solidaires\/#\/schema\/logo\/image\/"}}]}},"jetpack_sharing_enabled":true,"_links":{"self":[{"href":"https:\/\/maison4tiers.com\/ecrans-solidaires\/wp-json\/wp\/v2\/product\/7247","targetHints":{"allow":["GET"]}}],"collection":[{"href":"https:\/\/maison4tiers.com\/ecrans-solidaires\/wp-json\/wp\/v2\/product"}],"about":[{"href":"https:\/\/maison4tiers.com\/ecrans-solidaires\/wp-json\/wp\/v2\/types\/product"}],"wp:featuredmedia":[{"embeddable":true,"href":"https:\/\/maison4tiers.com\/ecrans-solidaires\/wp-json\/wp\/v2\/media\/7593"}],"wp:attachment":[{"href":"https:\/\/maison4tiers.com\/ecrans-solidaires\/wp-json\/wp\/v2\/media?parent=7247"}],"wp:term":[{"taxonomy":"product_brand","embeddable":true,"href":"https:\/\/maison4tiers.com\/ecrans-solidaires\/wp-json\/wp\/v2\/product_brand?post=7247"},{"taxonomy":"product_cat","embeddable":true,"href":"https:\/\/maison4tiers.com\/ecrans-solidaires\/wp-json\/wp\/v2\/product_cat?post=7247"},{"taxonomy":"product_tag","embeddable":true,"href":"https:\/\/maison4tiers.com\/ecrans-solidaires\/wp-json\/wp\/v2\/product_tag?post=7247"}],"curies":[{"name":"wp","href":"https:\/\/api.w.org\/{rel}","templated":true}]}}