{"id":7080,"date":"2021-09-23T08:00:46","date_gmt":"2021-09-23T12:00:46","guid":{"rendered":"https:\/\/maison4tiers.com\/?post_type=product&#038;p=7080"},"modified":"2024-05-14T17:17:04","modified_gmt":"2024-05-14T21:17:04","slug":"vivre-en-grand-v-f-de-bigger-than-us","status":"publish","type":"product","link":"https:\/\/maison4tiers.com\/ecrans-solidaires\/product\/vivre-en-grand-v-f-de-bigger-than-us\/","title":{"rendered":"VIVRE EN GRAND v.f de BIGGER THAN US"},"excerpt":{"rendered":"<p data-v-01a29953=\"\"><span style=\"text-decoration: underline;\"><strong>PR\u00c9SENTEMENT DISPONIBLE EN VID\u00c9O SUR DEMANDE ET EN DVD<\/strong><\/span><\/p>\n<p data-v-01a29953=\"\">Depuis 6 ans, Melati, 18 ans combat la pollution plastique qui ravage son pays l\u2019Indon\u00e9sie. Comme elle, une g\u00e9n\u00e9ration se l\u00e8ve pour r\u00e9parer le monde. Partout, adolescents et jeunes adultes luttent pour les droits humains, le climat, la libert\u00e9 d\u2019expression, la justice sociale, l\u2019acc\u00e8s \u00e0 l\u2019\u00e9ducation ou l\u2019alimentation. La dignit\u00e9. Seuls contre tous, parfois au p\u00e9ril de leur vie et s\u00e9curit\u00e9, ils prot\u00e8gent, d\u00e9noncent, soignent les autres. La Terre. Et ils changent tout.<\/p>\n<blockquote>\n<p class=\"p1\">\u00ab\u00a0Une nouvelle g\u00e9n\u00e9ration engag\u00e9e qui cr\u00e8ve l\u2019\u00e9cran.\u00a0\u00bb <a href=\"https:\/\/www.elle.fr\/Loisirs\/Cinema\/News\/Bigger-than-us-le-docu-sur-la-Generation-Action-3955731\" target=\"_blank\" rel=\"noopener\">ELLE<\/a><\/p>\n<p>&nbsp;<\/p>\n<p class=\"p1\">\u00ab\u00a0Saisissant et inspirant.\u00a0\u00bb <a href=\"https:\/\/www.francetvinfo.fr\/culture\/cinema\/sorties-de-films\/cinema-dans-bigger-than-us-recit-de-sept-jeunes-engages-pour-le-climat-ce-sont-bien-plus-que-des-heros-de-cinema-selon-marion-cotillard_4780009.html\" target=\"_blank\" rel=\"noopener\">FRANCE INFO<\/a><\/p>\n<p>&nbsp;<\/p>\n<p class=\"p1\">\u00ab\u00a0Une \u00e9nergie vitale, des jeunes rayonnants, un film essentiel. \u00bb LACROIX<\/p>\n<p>&nbsp;<\/p>\n<p class=\"p1\">\u00ab\u00a0Une \u00e9pop\u00e9e plan\u00e9taire qui invite chacun \u00e0 retrousser des manches.\u00a0\u00bb <a href=\"https:\/\/madame.lefigaro.fr\/celebrites\/video-bande-annonce-documentaire-bigger-than-us-planete-climat-presente-au-festival-de-cannes-150721-197424\" target=\"_blank\" rel=\"noopener\">MADAME FIGARO<\/a><\/p>\n<\/blockquote>\n<p><span style=\"text-decoration: underline;\"><a href=\"https:\/\/maison4tiers.com\/categorie-produit\/film\/documentaire\/\" target=\"_blank\" rel=\"noopener\"><strong>Voir les autres documentaires<\/strong><\/a><\/span><\/p>\n<p><strong>*Film disponible au Canada seulement<\/strong><\/p>\n","protected":false},"featured_media":7416,"template":"","meta":{"_acf_changed":false,"_eb_attr":""},"product_brand":[],"product_cat":[78,118,45,122,121,136,131,142],"product_tag":[331,336,330,185,225,179,216,333,250,183,184,332,334,335],"class_list":{"0":"post-7080","1":"product","2":"type-product","3":"status-publish","4":"has-post-thumbnail","6":"product_cat-documentaire","7":"product_cat-environnement","8":"product_cat-film","9":"product_cat-reflexion","10":"product_cat-societe","11":"product_cat-dvd","12":"product_cat-touslesfilms","13":"product_cat-numerique","14":"product_tag-alimentation","15":"product_tag-bigger-than-us","16":"product_tag-droits-des-femmes","17":"product_tag-ecologie","18":"product_tag-education","19":"product_tag-environnement","20":"product_tag-feminisme","21":"product_tag-flore-vasseur","22":"product_tag-politique","23":"product_tag-positif","24":"product_tag-positivite","25":"product_tag-solutions","26":"product_tag-vasseur","27":"product_tag-vivre-en-grand","29":"first","30":"instock","31":"taxable","32":"shipping-taxable","33":"purchasable","34":"product-type-variable","35":"has-default-attributes"},"acf":[],"yoast_head":"<!-- This site is optimized with the Yoast SEO plugin v27.0 - https:\/\/yoast.com\/product\/yoast-seo-wordpress\/ -->\n<title>VIVRE EN GRAND v.f de BIGGER THAN US - \u00c9crans solidaires<\/title>\n<meta name=\"description\" content=\"Lutter pour les droits, le climat, la libert\u00e9 d\u2019expression, la justice sociale, l\u2019acc\u00e8s \u00e0 l\u2019\u00e9ducation, l\u2019alimentation. \u00c7a commence avec toi.\" \/>\n<meta name=\"robots\" content=\"noindex, follow, max-snippet:-1, max-image-preview:large, max-video-preview:-1\" \/>\n<meta property=\"og:locale\" content=\"fr_FR\" \/>\n<meta property=\"og:type\" content=\"article\" \/>\n<meta property=\"og:title\" content=\"Vivre en grand\" \/>\n<meta property=\"og:description\" content=\"Vivre en grand. Partout, adolescents et jeunes adultes luttent pour les droits humains, le climat, la libert\u00e9 d\u2019expression, la justice sociale, l\u2019acc\u00e8s \u00e0 l\u2019\u00e9ducation ou l\u2019alimentation. Seuls contre tous, parfois au p\u00e9ril de leur vie et s\u00e9curit\u00e9, ils prot\u00e8gent, d\u00e9noncent, soignent les autres. La Terre.\" \/>\n<meta property=\"og:url\" content=\"https:\/\/maison4tiers.com\/ecrans-solidaires\/product\/vivre-en-grand-v-f-de-bigger-than-us\/\" \/>\n<meta property=\"og:site_name\" content=\"\u00c9crans solidaires\" \/>\n<meta property=\"article:modified_time\" content=\"2024-05-14T21:17:04+00:00\" \/>\n<meta property=\"og:image\" content=\"https:\/\/maison4tiers.com\/ecrans-solidaires\/wp-content\/uploads\/sites\/76\/2021\/09\/6.jpg\" \/>\n\t<meta property=\"og:image:width\" content=\"800\" \/>\n\t<meta property=\"og:image:height\" content=\"1200\" \/>\n\t<meta property=\"og:image:type\" content=\"image\/jpeg\" \/>\n<meta name=\"twitter:card\" content=\"summary_large_image\" \/>\n<meta name=\"twitter:title\" content=\"Vivre en grand\" \/>\n<meta name=\"twitter:description\" content=\"Vivre en grand. Partout, adolescents et jeunes adultes luttent pour les droits humains, le climat, la libert\u00e9 d\u2019expression, la justice sociale, l\u2019acc\u00e8s \u00e0 l\u2019\u00e9ducation ou l\u2019alimentation. Seuls contre tous, parfois au p\u00e9ril de leur vie et s\u00e9curit\u00e9, ils prot\u00e8gent, d\u00e9noncent, soignent les autres. La Terre.\" \/>\n<meta name=\"twitter:image\" content=\"https:\/\/maison4tiers.com\/ecrans-solidaires\/wp-content\/uploads\/sites\/76\/2021\/09\/6.jpg\" \/>\n<script type=\"application\/ld+json\" class=\"yoast-schema-graph\">{\"@context\":\"https:\/\/schema.org\",\"@graph\":[{\"@type\":\"WebPage\",\"@id\":\"https:\/\/maison4tiers.com\/ecrans-solidaires\/product\/vivre-en-grand-v-f-de-bigger-than-us\/\",\"url\":\"https:\/\/maison4tiers.com\/ecrans-solidaires\/product\/vivre-en-grand-v-f-de-bigger-than-us\/\",\"name\":\"VIVRE EN GRAND v.f de BIGGER THAN US - \u00c9crans solidaires\",\"isPartOf\":{\"@id\":\"https:\/\/maison4tiers.com\/ecrans-solidaires\/#website\"},\"primaryImageOfPage\":{\"@id\":\"https:\/\/maison4tiers.com\/ecrans-solidaires\/product\/vivre-en-grand-v-f-de-bigger-than-us\/#primaryimage\"},\"image\":{\"@id\":\"https:\/\/maison4tiers.com\/ecrans-solidaires\/product\/vivre-en-grand-v-f-de-bigger-than-us\/#primaryimage\"},\"thumbnailUrl\":\"https:\/\/maison4tiers.com\/ecrans-solidaires\/wp-content\/uploads\/sites\/76\/2021\/09\/6.jpg\",\"datePublished\":\"2021-09-23T12:00:46+00:00\",\"dateModified\":\"2024-05-14T21:17:04+00:00\",\"description\":\"Lutter pour les droits, le climat, la libert\u00e9 d\u2019expression, la justice sociale, l\u2019acc\u00e8s \u00e0 l\u2019\u00e9ducation, l\u2019alimentation. \u00c7a commence avec toi.\",\"breadcrumb\":{\"@id\":\"https:\/\/maison4tiers.com\/ecrans-solidaires\/product\/vivre-en-grand-v-f-de-bigger-than-us\/#breadcrumb\"},\"inLanguage\":\"fr-FR\",\"potentialAction\":[{\"@type\":\"ReadAction\",\"target\":[\"https:\/\/maison4tiers.com\/ecrans-solidaires\/product\/vivre-en-grand-v-f-de-bigger-than-us\/\"]}]},{\"@type\":\"ImageObject\",\"inLanguage\":\"fr-FR\",\"@id\":\"https:\/\/maison4tiers.com\/ecrans-solidaires\/product\/vivre-en-grand-v-f-de-bigger-than-us\/#primaryimage\",\"url\":\"https:\/\/maison4tiers.com\/ecrans-solidaires\/wp-content\/uploads\/sites\/76\/2021\/09\/6.jpg\",\"contentUrl\":\"https:\/\/maison4tiers.com\/ecrans-solidaires\/wp-content\/uploads\/sites\/76\/2021\/09\/6.jpg\",\"width\":800,\"height\":1200,\"caption\":\"Vivre en grand\"},{\"@type\":\"BreadcrumbList\",\"@id\":\"https:\/\/maison4tiers.com\/ecrans-solidaires\/product\/vivre-en-grand-v-f-de-bigger-than-us\/#breadcrumb\",\"itemListElement\":[{\"@type\":\"ListItem\",\"position\":1,\"name\":\"Home\",\"item\":\"https:\/\/maison4tiers.com\/ecrans-solidaires\/\"},{\"@type\":\"ListItem\",\"position\":2,\"name\":\"Films\",\"item\":\"https:\/\/maison4tiers.com\/ecrans-solidaires\/films\/\"},{\"@type\":\"ListItem\",\"position\":3,\"name\":\"VIVRE EN GRAND v.f de BIGGER THAN US\"}]},{\"@type\":\"WebSite\",\"@id\":\"https:\/\/maison4tiers.com\/ecrans-solidaires\/#website\",\"url\":\"https:\/\/maison4tiers.com\/ecrans-solidaires\/\",\"name\":\"\u00c9crans solidaires\",\"description\":\"Distribution multiplateforme de films qu\u00e9b\u00e9cois et internationaux\",\"publisher\":{\"@id\":\"https:\/\/maison4tiers.com\/ecrans-solidaires\/#organization\"},\"potentialAction\":[{\"@type\":\"SearchAction\",\"target\":{\"@type\":\"EntryPoint\",\"urlTemplate\":\"https:\/\/maison4tiers.com\/ecrans-solidaires\/?s={search_term_string}\"},\"query-input\":{\"@type\":\"PropertyValueSpecification\",\"valueRequired\":true,\"valueName\":\"search_term_string\"}}],\"inLanguage\":\"fr-FR\"},{\"@type\":\"Organization\",\"@id\":\"https:\/\/maison4tiers.com\/ecrans-solidaires\/#organization\",\"name\":\"\u00c9crans solidaires\",\"url\":\"https:\/\/maison4tiers.com\/ecrans-solidaires\/\",\"logo\":{\"@type\":\"ImageObject\",\"inLanguage\":\"fr-FR\",\"@id\":\"https:\/\/maison4tiers.com\/ecrans-solidaires\/#\/schema\/logo\/image\/\",\"url\":\"https:\/\/maison4tiers.com\/ecrans-solidaires\/wp-content\/uploads\/sites\/76\/2020\/11\/favicon-196.png\",\"contentUrl\":\"https:\/\/maison4tiers.com\/ecrans-solidaires\/wp-content\/uploads\/sites\/76\/2020\/11\/favicon-196.png\",\"width\":196,\"height\":196,\"caption\":\"\u00c9crans solidaires\"},\"image\":{\"@id\":\"https:\/\/maison4tiers.com\/ecrans-solidaires\/#\/schema\/logo\/image\/\"}}]}<\/script>\n<!-- \/ Yoast SEO plugin. -->","yoast_head_json":{"title":"VIVRE EN GRAND v.f de BIGGER THAN US - \u00c9crans solidaires","description":"Lutter pour les droits, le climat, la libert\u00e9 d\u2019expression, la justice sociale, l\u2019acc\u00e8s \u00e0 l\u2019\u00e9ducation, l\u2019alimentation. \u00c7a commence avec toi.","robots":{"index":"noindex","follow":"follow","max-snippet":"max-snippet:-1","max-image-preview":"max-image-preview:large","max-video-preview":"max-video-preview:-1"},"og_locale":"fr_FR","og_type":"article","og_title":"Vivre en grand","og_description":"Vivre en grand. Partout, adolescents et jeunes adultes luttent pour les droits humains, le climat, la libert\u00e9 d\u2019expression, la justice sociale, l\u2019acc\u00e8s \u00e0 l\u2019\u00e9ducation ou l\u2019alimentation. Seuls contre tous, parfois au p\u00e9ril de leur vie et s\u00e9curit\u00e9, ils prot\u00e8gent, d\u00e9noncent, soignent les autres. La Terre.","og_url":"https:\/\/maison4tiers.com\/ecrans-solidaires\/product\/vivre-en-grand-v-f-de-bigger-than-us\/","og_site_name":"\u00c9crans solidaires","article_modified_time":"2024-05-14T21:17:04+00:00","og_image":[{"width":800,"height":1200,"url":"https:\/\/maison4tiers.com\/ecrans-solidaires\/wp-content\/uploads\/sites\/76\/2021\/09\/6.jpg","type":"image\/jpeg"}],"twitter_card":"summary_large_image","twitter_title":"Vivre en grand","twitter_description":"Vivre en grand. Partout, adolescents et jeunes adultes luttent pour les droits humains, le climat, la libert\u00e9 d\u2019expression, la justice sociale, l\u2019acc\u00e8s \u00e0 l\u2019\u00e9ducation ou l\u2019alimentation. Seuls contre tous, parfois au p\u00e9ril de leur vie et s\u00e9curit\u00e9, ils prot\u00e8gent, d\u00e9noncent, soignent les autres. La Terre.","twitter_image":"https:\/\/maison4tiers.com\/ecrans-solidaires\/wp-content\/uploads\/sites\/76\/2021\/09\/6.jpg","schema":{"@context":"https:\/\/schema.org","@graph":[{"@type":"WebPage","@id":"https:\/\/maison4tiers.com\/ecrans-solidaires\/product\/vivre-en-grand-v-f-de-bigger-than-us\/","url":"https:\/\/maison4tiers.com\/ecrans-solidaires\/product\/vivre-en-grand-v-f-de-bigger-than-us\/","name":"VIVRE EN GRAND v.f de BIGGER THAN US - \u00c9crans solidaires","isPartOf":{"@id":"https:\/\/maison4tiers.com\/ecrans-solidaires\/#website"},"primaryImageOfPage":{"@id":"https:\/\/maison4tiers.com\/ecrans-solidaires\/product\/vivre-en-grand-v-f-de-bigger-than-us\/#primaryimage"},"image":{"@id":"https:\/\/maison4tiers.com\/ecrans-solidaires\/product\/vivre-en-grand-v-f-de-bigger-than-us\/#primaryimage"},"thumbnailUrl":"https:\/\/maison4tiers.com\/ecrans-solidaires\/wp-content\/uploads\/sites\/76\/2021\/09\/6.jpg","datePublished":"2021-09-23T12:00:46+00:00","dateModified":"2024-05-14T21:17:04+00:00","description":"Lutter pour les droits, le climat, la libert\u00e9 d\u2019expression, la justice sociale, l\u2019acc\u00e8s \u00e0 l\u2019\u00e9ducation, l\u2019alimentation. \u00c7a commence avec toi.","breadcrumb":{"@id":"https:\/\/maison4tiers.com\/ecrans-solidaires\/product\/vivre-en-grand-v-f-de-bigger-than-us\/#breadcrumb"},"inLanguage":"fr-FR","potentialAction":[{"@type":"ReadAction","target":["https:\/\/maison4tiers.com\/ecrans-solidaires\/product\/vivre-en-grand-v-f-de-bigger-than-us\/"]}]},{"@type":"ImageObject","inLanguage":"fr-FR","@id":"https:\/\/maison4tiers.com\/ecrans-solidaires\/product\/vivre-en-grand-v-f-de-bigger-than-us\/#primaryimage","url":"https:\/\/maison4tiers.com\/ecrans-solidaires\/wp-content\/uploads\/sites\/76\/2021\/09\/6.jpg","contentUrl":"https:\/\/maison4tiers.com\/ecrans-solidaires\/wp-content\/uploads\/sites\/76\/2021\/09\/6.jpg","width":800,"height":1200,"caption":"Vivre en grand"},{"@type":"BreadcrumbList","@id":"https:\/\/maison4tiers.com\/ecrans-solidaires\/product\/vivre-en-grand-v-f-de-bigger-than-us\/#breadcrumb","itemListElement":[{"@type":"ListItem","position":1,"name":"Home","item":"https:\/\/maison4tiers.com\/ecrans-solidaires\/"},{"@type":"ListItem","position":2,"name":"Films","item":"https:\/\/maison4tiers.com\/ecrans-solidaires\/films\/"},{"@type":"ListItem","position":3,"name":"VIVRE EN GRAND v.f de BIGGER THAN US"}]},{"@type":"WebSite","@id":"https:\/\/maison4tiers.com\/ecrans-solidaires\/#website","url":"https:\/\/maison4tiers.com\/ecrans-solidaires\/","name":"\u00c9crans solidaires","description":"Distribution multiplateforme de films qu\u00e9b\u00e9cois et internationaux","publisher":{"@id":"https:\/\/maison4tiers.com\/ecrans-solidaires\/#organization"},"potentialAction":[{"@type":"SearchAction","target":{"@type":"EntryPoint","urlTemplate":"https:\/\/maison4tiers.com\/ecrans-solidaires\/?s={search_term_string}"},"query-input":{"@type":"PropertyValueSpecification","valueRequired":true,"valueName":"search_term_string"}}],"inLanguage":"fr-FR"},{"@type":"Organization","@id":"https:\/\/maison4tiers.com\/ecrans-solidaires\/#organization","name":"\u00c9crans solidaires","url":"https:\/\/maison4tiers.com\/ecrans-solidaires\/","logo":{"@type":"ImageObject","inLanguage":"fr-FR","@id":"https:\/\/maison4tiers.com\/ecrans-solidaires\/#\/schema\/logo\/image\/","url":"https:\/\/maison4tiers.com\/ecrans-solidaires\/wp-content\/uploads\/sites\/76\/2020\/11\/favicon-196.png","contentUrl":"https:\/\/maison4tiers.com\/ecrans-solidaires\/wp-content\/uploads\/sites\/76\/2020\/11\/favicon-196.png","width":196,"height":196,"caption":"\u00c9crans solidaires"},"image":{"@id":"https:\/\/maison4tiers.com\/ecrans-solidaires\/#\/schema\/logo\/image\/"}}]}},"jetpack_sharing_enabled":true,"_links":{"self":[{"href":"https:\/\/maison4tiers.com\/ecrans-solidaires\/wp-json\/wp\/v2\/product\/7080","targetHints":{"allow":["GET"]}}],"collection":[{"href":"https:\/\/maison4tiers.com\/ecrans-solidaires\/wp-json\/wp\/v2\/product"}],"about":[{"href":"https:\/\/maison4tiers.com\/ecrans-solidaires\/wp-json\/wp\/v2\/types\/product"}],"wp:featuredmedia":[{"embeddable":true,"href":"https:\/\/maison4tiers.com\/ecrans-solidaires\/wp-json\/wp\/v2\/media\/7416"}],"wp:attachment":[{"href":"https:\/\/maison4tiers.com\/ecrans-solidaires\/wp-json\/wp\/v2\/media?parent=7080"}],"wp:term":[{"taxonomy":"product_brand","embeddable":true,"href":"https:\/\/maison4tiers.com\/ecrans-solidaires\/wp-json\/wp\/v2\/product_brand?post=7080"},{"taxonomy":"product_cat","embeddable":true,"href":"https:\/\/maison4tiers.com\/ecrans-solidaires\/wp-json\/wp\/v2\/product_cat?post=7080"},{"taxonomy":"product_tag","embeddable":true,"href":"https:\/\/maison4tiers.com\/ecrans-solidaires\/wp-json\/wp\/v2\/product_tag?post=7080"}],"curies":[{"name":"wp","href":"https:\/\/api.w.org\/{rel}","templated":true}]}}