{"id":6521,"date":"2021-05-05T16:25:22","date_gmt":"2021-05-05T20:25:22","guid":{"rendered":"https:\/\/maison4tiers.com\/?post_type=product&#038;p=6521"},"modified":"2023-06-14T17:10:49","modified_gmt":"2023-06-14T21:10:49","slug":"sin-la-habana","status":"publish","type":"product","link":"https:\/\/maison4tiers.com\/ecrans-solidaires\/product\/sin-la-habana\/","title":{"rendered":"Sin la Habana"},"excerpt":{"rendered":"<div class=\"page\" title=\"Page 3\">\n<div class=\"column\">\n<p><span style=\"text-decoration: underline;\"><strong>MAINTENANT DISPONIBLE EN VID\u00c9O SUR DEMANDE!\u00a0<\/strong><\/span><\/p>\n<p>Le\u0301onardo et Sara, un jeune couple afro-cubain, veulent de\u0301sespe\u0301re\u0301ment quitter leur i\u0302le. Le plan : Le\u0301onardo devra se\u0301duire une femme e\u0301trange\u0300re afin de l\u2019e\u0301pouser pour lui permettre d\u2019immigrer. Il fera alors la rencontre de Nasim, une Irano-Canadienne qui fuit un passe\u0301 oppressant et qui tente de s\u2019amuser pour la toute premie\u0300re fois.<\/p>\n<p>De la torpeur chaotique de Cuba aux rigueurs de l\u2019hiver que\u0301be\u0301cois, ces trois personnages complexes tentent d\u2019atteindre leurs re\u0302ves d\u2019intimite\u0301, de bonheur et d\u2019ascension sociale a\u0300 travers un triangle amoureux ou\u0300 la passion, l\u2019argent et le pouvoir colorent leurs destins.<\/p>\n<\/div>\n<blockquote><p>\u00ab Kaveh Nabatian a construit un film dont la forme est aussi importante que les mots pour faire passer une id\u00e9e centrale : l\u2019humanisme est plus fort que tout.\u00bb <a href=\"https:\/\/www.lapresse.ca\/cinema\/entrevues\/2021-09-07\/sin-la-habana\/kaveh-nabatian-nous-sommes-tous-des-humains.php?fbclid=IwAR2jezs92hSaQJbczoTAqeU7uNZ2FKWzVHBlIVK8J60TqSjfHIffU0sTtUs\" target=\"_blank\" rel=\"noopener\">LA PRESSE<\/a><\/p>\n<p>&nbsp;<\/p>\n<p>\u00ab Sin la Habana s\u2019impose comme le type d\u2019\u0153uvre n\u00e9cessaire \u00e0 l\u2019\u00e9panouissement de notre cin\u00e9ma par rapport \u00e0 l\u2019\u00ab Autre \u00bb. \u00bb <a href=\"https:\/\/www.revuesequences.org\/2020\/10\/carnet-fnc-2020-1\/?fbclid=IwAR2HmpSZMGxzS31brV53z2-9hNVGCZR6SBHN-cGMvkwB1yPOdRjIP_1sxPo\">REVUE S\u00c9QUENCES<\/a><\/p><\/blockquote>\n<p><a href=\"https:\/\/maison4tiers.com\/categorie-produit\/film\/quebecois\/\" target=\"_blank\" rel=\"noopener\"><span style=\"text-decoration: underline;\"><strong>Voir les autres films qu\u00e9b\u00e9cois<\/strong><\/span><\/a><\/p>\n<p>&nbsp;<\/p>\n<p><strong>*Disponible au Canada seulement<\/strong><\/p>\n<\/div>\n","protected":false},"featured_media":7420,"template":"","meta":{"_acf_changed":false,"_eb_attr":""},"product_brand":[],"product_cat":[105,120,45,119,136,131,142],"product_tag":[192,284,355,356,271,353,354,282,351,358,357,352,359],"class_list":{"0":"post-6521","1":"product","2":"type-product","3":"status-publish","4":"has-post-thumbnail","6":"product_cat-drame","7":"product_cat-fiction","8":"product_cat-film","9":"product_cat-quebecois","10":"product_cat-dvd","11":"product_cat-touslesfilms","12":"product_cat-numerique","13":"product_tag-amour","14":"product_tag-citoyennete","15":"product_tag-cuba","16":"product_tag-danse","17":"product_tag-fuite","18":"product_tag-habana","19":"product_tag-havane","20":"product_tag-immigration","21":"product_tag-kaveh-nabatian","22":"product_tag-montreal","23":"product_tag-romance","24":"product_tag-sin-la-habana","25":"product_tag-tourisme","27":"first","28":"instock","29":"taxable","30":"shipping-taxable","31":"purchasable","32":"product-type-variable","33":"has-default-attributes"},"acf":[],"yoast_head":"<!-- This site is optimized with the Yoast SEO plugin v27.0 - https:\/\/yoast.com\/product\/yoast-seo-wordpress\/ -->\n<title>Sin la Habana - Film Qu\u00e9b\u00e9cois - \u00c9crans solidaires - \u00c0 voir!<\/title>\n<meta name=\"description\" content=\"Sin la Habana. De la torpeur chaotique de Cuba aux rigueurs de l\u2019hiver que\u0301be\u0301cois, trois personnages complexes tentent d\u2019atteindre leurs re\u0302ves.\" \/>\n<meta name=\"robots\" content=\"noindex, follow, max-snippet:-1, max-image-preview:large, max-video-preview:-1\" \/>\n<meta property=\"og:locale\" content=\"fr_FR\" \/>\n<meta property=\"og:type\" content=\"article\" \/>\n<meta property=\"og:title\" content=\"Sin la Habana\" \/>\n<meta property=\"og:description\" content=\"De la torpeur chaotique de Cuba aux rigueurs de l\u2019hiver que\u0301be\u0301cois, trois personnages complexes tentent d\u2019atteindre leurs re\u0302ves.\" \/>\n<meta property=\"og:url\" content=\"https:\/\/maison4tiers.com\/ecrans-solidaires\/product\/sin-la-habana\/\" \/>\n<meta property=\"og:site_name\" content=\"\u00c9crans solidaires\" \/>\n<meta property=\"article:modified_time\" content=\"2023-06-14T21:10:49+00:00\" \/>\n<meta property=\"og:image\" content=\"https:\/\/maison4tiers.com\/ecrans-solidaires\/wp-content\/uploads\/sites\/76\/2021\/05\/59.jpg\" \/>\n\t<meta property=\"og:image:width\" content=\"800\" \/>\n\t<meta property=\"og:image:height\" content=\"1200\" \/>\n\t<meta property=\"og:image:type\" content=\"image\/jpeg\" \/>\n<meta name=\"twitter:card\" content=\"summary_large_image\" \/>\n<meta name=\"twitter:title\" content=\"Sin la Habana\" \/>\n<meta name=\"twitter:description\" content=\"De la torpeur chaotique de Cuba aux rigueurs de l\u2019hiver que\u0301be\u0301cois, trois personnages complexes tentent d\u2019atteindre leurs re\u0302ves.\" \/>\n<meta name=\"twitter:image\" content=\"https:\/\/maison4tiers.com\/ecrans-solidaires\/wp-content\/uploads\/sites\/76\/2021\/05\/59.jpg\" \/>\n<script type=\"application\/ld+json\" class=\"yoast-schema-graph\">{\"@context\":\"https:\/\/schema.org\",\"@graph\":[{\"@type\":\"WebPage\",\"@id\":\"https:\/\/maison4tiers.com\/ecrans-solidaires\/product\/sin-la-habana\/\",\"url\":\"https:\/\/maison4tiers.com\/ecrans-solidaires\/product\/sin-la-habana\/\",\"name\":\"Sin la Habana - Film Qu\u00e9b\u00e9cois - \u00c9crans solidaires - \u00c0 voir!\",\"isPartOf\":{\"@id\":\"https:\/\/maison4tiers.com\/ecrans-solidaires\/#website\"},\"primaryImageOfPage\":{\"@id\":\"https:\/\/maison4tiers.com\/ecrans-solidaires\/product\/sin-la-habana\/#primaryimage\"},\"image\":{\"@id\":\"https:\/\/maison4tiers.com\/ecrans-solidaires\/product\/sin-la-habana\/#primaryimage\"},\"thumbnailUrl\":\"https:\/\/maison4tiers.com\/ecrans-solidaires\/wp-content\/uploads\/sites\/76\/2021\/05\/59.jpg\",\"datePublished\":\"2021-05-05T20:25:22+00:00\",\"dateModified\":\"2023-06-14T21:10:49+00:00\",\"description\":\"Sin la Habana. De la torpeur chaotique de Cuba aux rigueurs de l\u2019hiver que\u0301be\u0301cois, trois personnages complexes tentent d\u2019atteindre leurs re\u0302ves.\",\"breadcrumb\":{\"@id\":\"https:\/\/maison4tiers.com\/ecrans-solidaires\/product\/sin-la-habana\/#breadcrumb\"},\"inLanguage\":\"fr-FR\",\"potentialAction\":[{\"@type\":\"ReadAction\",\"target\":[\"https:\/\/maison4tiers.com\/ecrans-solidaires\/product\/sin-la-habana\/\"]}]},{\"@type\":\"ImageObject\",\"inLanguage\":\"fr-FR\",\"@id\":\"https:\/\/maison4tiers.com\/ecrans-solidaires\/product\/sin-la-habana\/#primaryimage\",\"url\":\"https:\/\/maison4tiers.com\/ecrans-solidaires\/wp-content\/uploads\/sites\/76\/2021\/05\/59.jpg\",\"contentUrl\":\"https:\/\/maison4tiers.com\/ecrans-solidaires\/wp-content\/uploads\/sites\/76\/2021\/05\/59.jpg\",\"width\":800,\"height\":1200,\"caption\":\"Sin la habana\"},{\"@type\":\"BreadcrumbList\",\"@id\":\"https:\/\/maison4tiers.com\/ecrans-solidaires\/product\/sin-la-habana\/#breadcrumb\",\"itemListElement\":[{\"@type\":\"ListItem\",\"position\":1,\"name\":\"Home\",\"item\":\"https:\/\/maison4tiers.com\/ecrans-solidaires\/\"},{\"@type\":\"ListItem\",\"position\":2,\"name\":\"Films\",\"item\":\"https:\/\/maison4tiers.com\/ecrans-solidaires\/films\/\"},{\"@type\":\"ListItem\",\"position\":3,\"name\":\"Sin la Habana\"}]},{\"@type\":\"WebSite\",\"@id\":\"https:\/\/maison4tiers.com\/ecrans-solidaires\/#website\",\"url\":\"https:\/\/maison4tiers.com\/ecrans-solidaires\/\",\"name\":\"\u00c9crans solidaires\",\"description\":\"Distribution multiplateforme de films qu\u00e9b\u00e9cois et internationaux\",\"publisher\":{\"@id\":\"https:\/\/maison4tiers.com\/ecrans-solidaires\/#organization\"},\"potentialAction\":[{\"@type\":\"SearchAction\",\"target\":{\"@type\":\"EntryPoint\",\"urlTemplate\":\"https:\/\/maison4tiers.com\/ecrans-solidaires\/?s={search_term_string}\"},\"query-input\":{\"@type\":\"PropertyValueSpecification\",\"valueRequired\":true,\"valueName\":\"search_term_string\"}}],\"inLanguage\":\"fr-FR\"},{\"@type\":\"Organization\",\"@id\":\"https:\/\/maison4tiers.com\/ecrans-solidaires\/#organization\",\"name\":\"\u00c9crans solidaires\",\"url\":\"https:\/\/maison4tiers.com\/ecrans-solidaires\/\",\"logo\":{\"@type\":\"ImageObject\",\"inLanguage\":\"fr-FR\",\"@id\":\"https:\/\/maison4tiers.com\/ecrans-solidaires\/#\/schema\/logo\/image\/\",\"url\":\"https:\/\/maison4tiers.com\/ecrans-solidaires\/wp-content\/uploads\/sites\/76\/2020\/11\/favicon-196.png\",\"contentUrl\":\"https:\/\/maison4tiers.com\/ecrans-solidaires\/wp-content\/uploads\/sites\/76\/2020\/11\/favicon-196.png\",\"width\":196,\"height\":196,\"caption\":\"\u00c9crans solidaires\"},\"image\":{\"@id\":\"https:\/\/maison4tiers.com\/ecrans-solidaires\/#\/schema\/logo\/image\/\"}}]}<\/script>\n<!-- \/ Yoast SEO plugin. -->","yoast_head_json":{"title":"Sin la Habana - Film Qu\u00e9b\u00e9cois - \u00c9crans solidaires - \u00c0 voir!","description":"Sin la Habana. De la torpeur chaotique de Cuba aux rigueurs de l\u2019hiver que\u0301be\u0301cois, trois personnages complexes tentent d\u2019atteindre leurs re\u0302ves.","robots":{"index":"noindex","follow":"follow","max-snippet":"max-snippet:-1","max-image-preview":"max-image-preview:large","max-video-preview":"max-video-preview:-1"},"og_locale":"fr_FR","og_type":"article","og_title":"Sin la Habana","og_description":"De la torpeur chaotique de Cuba aux rigueurs de l\u2019hiver que\u0301be\u0301cois, trois personnages complexes tentent d\u2019atteindre leurs re\u0302ves.","og_url":"https:\/\/maison4tiers.com\/ecrans-solidaires\/product\/sin-la-habana\/","og_site_name":"\u00c9crans solidaires","article_modified_time":"2023-06-14T21:10:49+00:00","og_image":[{"width":800,"height":1200,"url":"https:\/\/maison4tiers.com\/ecrans-solidaires\/wp-content\/uploads\/sites\/76\/2021\/05\/59.jpg","type":"image\/jpeg"}],"twitter_card":"summary_large_image","twitter_title":"Sin la Habana","twitter_description":"De la torpeur chaotique de Cuba aux rigueurs de l\u2019hiver que\u0301be\u0301cois, trois personnages complexes tentent d\u2019atteindre leurs re\u0302ves.","twitter_image":"https:\/\/maison4tiers.com\/ecrans-solidaires\/wp-content\/uploads\/sites\/76\/2021\/05\/59.jpg","schema":{"@context":"https:\/\/schema.org","@graph":[{"@type":"WebPage","@id":"https:\/\/maison4tiers.com\/ecrans-solidaires\/product\/sin-la-habana\/","url":"https:\/\/maison4tiers.com\/ecrans-solidaires\/product\/sin-la-habana\/","name":"Sin la Habana - Film Qu\u00e9b\u00e9cois - \u00c9crans solidaires - \u00c0 voir!","isPartOf":{"@id":"https:\/\/maison4tiers.com\/ecrans-solidaires\/#website"},"primaryImageOfPage":{"@id":"https:\/\/maison4tiers.com\/ecrans-solidaires\/product\/sin-la-habana\/#primaryimage"},"image":{"@id":"https:\/\/maison4tiers.com\/ecrans-solidaires\/product\/sin-la-habana\/#primaryimage"},"thumbnailUrl":"https:\/\/maison4tiers.com\/ecrans-solidaires\/wp-content\/uploads\/sites\/76\/2021\/05\/59.jpg","datePublished":"2021-05-05T20:25:22+00:00","dateModified":"2023-06-14T21:10:49+00:00","description":"Sin la Habana. De la torpeur chaotique de Cuba aux rigueurs de l\u2019hiver que\u0301be\u0301cois, trois personnages complexes tentent d\u2019atteindre leurs re\u0302ves.","breadcrumb":{"@id":"https:\/\/maison4tiers.com\/ecrans-solidaires\/product\/sin-la-habana\/#breadcrumb"},"inLanguage":"fr-FR","potentialAction":[{"@type":"ReadAction","target":["https:\/\/maison4tiers.com\/ecrans-solidaires\/product\/sin-la-habana\/"]}]},{"@type":"ImageObject","inLanguage":"fr-FR","@id":"https:\/\/maison4tiers.com\/ecrans-solidaires\/product\/sin-la-habana\/#primaryimage","url":"https:\/\/maison4tiers.com\/ecrans-solidaires\/wp-content\/uploads\/sites\/76\/2021\/05\/59.jpg","contentUrl":"https:\/\/maison4tiers.com\/ecrans-solidaires\/wp-content\/uploads\/sites\/76\/2021\/05\/59.jpg","width":800,"height":1200,"caption":"Sin la habana"},{"@type":"BreadcrumbList","@id":"https:\/\/maison4tiers.com\/ecrans-solidaires\/product\/sin-la-habana\/#breadcrumb","itemListElement":[{"@type":"ListItem","position":1,"name":"Home","item":"https:\/\/maison4tiers.com\/ecrans-solidaires\/"},{"@type":"ListItem","position":2,"name":"Films","item":"https:\/\/maison4tiers.com\/ecrans-solidaires\/films\/"},{"@type":"ListItem","position":3,"name":"Sin la Habana"}]},{"@type":"WebSite","@id":"https:\/\/maison4tiers.com\/ecrans-solidaires\/#website","url":"https:\/\/maison4tiers.com\/ecrans-solidaires\/","name":"\u00c9crans solidaires","description":"Distribution multiplateforme de films qu\u00e9b\u00e9cois et internationaux","publisher":{"@id":"https:\/\/maison4tiers.com\/ecrans-solidaires\/#organization"},"potentialAction":[{"@type":"SearchAction","target":{"@type":"EntryPoint","urlTemplate":"https:\/\/maison4tiers.com\/ecrans-solidaires\/?s={search_term_string}"},"query-input":{"@type":"PropertyValueSpecification","valueRequired":true,"valueName":"search_term_string"}}],"inLanguage":"fr-FR"},{"@type":"Organization","@id":"https:\/\/maison4tiers.com\/ecrans-solidaires\/#organization","name":"\u00c9crans solidaires","url":"https:\/\/maison4tiers.com\/ecrans-solidaires\/","logo":{"@type":"ImageObject","inLanguage":"fr-FR","@id":"https:\/\/maison4tiers.com\/ecrans-solidaires\/#\/schema\/logo\/image\/","url":"https:\/\/maison4tiers.com\/ecrans-solidaires\/wp-content\/uploads\/sites\/76\/2020\/11\/favicon-196.png","contentUrl":"https:\/\/maison4tiers.com\/ecrans-solidaires\/wp-content\/uploads\/sites\/76\/2020\/11\/favicon-196.png","width":196,"height":196,"caption":"\u00c9crans solidaires"},"image":{"@id":"https:\/\/maison4tiers.com\/ecrans-solidaires\/#\/schema\/logo\/image\/"}}]}},"jetpack_sharing_enabled":true,"_links":{"self":[{"href":"https:\/\/maison4tiers.com\/ecrans-solidaires\/wp-json\/wp\/v2\/product\/6521","targetHints":{"allow":["GET"]}}],"collection":[{"href":"https:\/\/maison4tiers.com\/ecrans-solidaires\/wp-json\/wp\/v2\/product"}],"about":[{"href":"https:\/\/maison4tiers.com\/ecrans-solidaires\/wp-json\/wp\/v2\/types\/product"}],"wp:featuredmedia":[{"embeddable":true,"href":"https:\/\/maison4tiers.com\/ecrans-solidaires\/wp-json\/wp\/v2\/media\/7420"}],"wp:attachment":[{"href":"https:\/\/maison4tiers.com\/ecrans-solidaires\/wp-json\/wp\/v2\/media?parent=6521"}],"wp:term":[{"taxonomy":"product_brand","embeddable":true,"href":"https:\/\/maison4tiers.com\/ecrans-solidaires\/wp-json\/wp\/v2\/product_brand?post=6521"},{"taxonomy":"product_cat","embeddable":true,"href":"https:\/\/maison4tiers.com\/ecrans-solidaires\/wp-json\/wp\/v2\/product_cat?post=6521"},{"taxonomy":"product_tag","embeddable":true,"href":"https:\/\/maison4tiers.com\/ecrans-solidaires\/wp-json\/wp\/v2\/product_tag?post=6521"}],"curies":[{"name":"wp","href":"https:\/\/api.w.org\/{rel}","templated":true}]}}