{"id":6196,"date":"2021-11-05T08:00:38","date_gmt":"2021-11-05T12:00:38","guid":{"rendered":"https:\/\/maison4tiers.com\/?post_type=product&#038;p=6196"},"modified":"2024-04-22T22:00:04","modified_gmt":"2024-04-23T02:00:04","slug":"aline","status":"publish","type":"product","link":"https:\/\/maison4tiers.com\/ecrans-solidaires\/product\/aline\/","title":{"rendered":"Aline"},"excerpt":{"rendered":"<h4><strong>MAINTENANT EN VID\u00c9O-SUR-DEMANDE ET DVD<\/strong><\/h4>\n<p><strong>Un film \u00e9v\u00e8nement librement inspir\u00e9 de la vie de C\u00e9line Dion. <\/strong>Mettant en vedette Val\u00e9rie Lemercier, Sylvain Marcel, Danielle Fichaud, Roc Lafortune, Antoine V\u00e9zina et Pascale Desrochers. Une coproduction France (Rectangle Productions) Qu\u00e9bec (<a href=\"http:\/\/caramelfilms.com\/\" target=\"_blank\" rel=\"noopener\">Caramel Films<\/a>)<\/p>\n<blockquote>\n<div dir=\"auto\"><a href=\"https:\/\/bit.ly\/AlineLeDevoir\" target=\"_blank\" rel=\"noopener\"><span class=\"pq6dq46d tbxw36s4 knj5qynh kvgmc6g5 ditlmg2l oygrvhab nvdbi5me sf5mxxl7 gl3lb2sf hhz5lgdu\"><img decoding=\"async\" class=\"alignnone wp-image-7269\" src=\"https:\/\/maison4tiers.com\/wp-content\/uploads\/sites\/75\/2021\/11\/logo_ledevoir-BON-300x60.png\" alt=\"\" width=\"140\" height=\"28\" srcset=\"https:\/\/maison4tiers.com\/ecrans-solidaires\/wp-content\/uploads\/sites\/76\/2021\/11\/logo_ledevoir-BON-300x60.png 300w, https:\/\/maison4tiers.com\/ecrans-solidaires\/wp-content\/uploads\/sites\/76\/2021\/11\/logo_ledevoir-BON-600x121.png 600w, https:\/\/maison4tiers.com\/ecrans-solidaires\/wp-content\/uploads\/sites\/76\/2021\/11\/logo_ledevoir-BON.png 750w\" sizes=\"(max-width: 140px) 100vw, 140px\" \/><\/span><\/a><\/div>\n<div dir=\"auto\"><span class=\"pq6dq46d tbxw36s4 knj5qynh kvgmc6g5 ditlmg2l oygrvhab nvdbi5me sf5mxxl7 gl3lb2sf hhz5lgdu\"><img decoding=\"async\" src=\"https:\/\/static.xx.fbcdn.net\/images\/emoji.php\/v9\/tb4\/1\/16\/2b50.png\" alt=\"\u2b50\" width=\"16\" height=\"16\" \/><\/span><span class=\"pq6dq46d tbxw36s4 knj5qynh kvgmc6g5 ditlmg2l oygrvhab nvdbi5me sf5mxxl7 gl3lb2sf hhz5lgdu\"><img decoding=\"async\" src=\"https:\/\/static.xx.fbcdn.net\/images\/emoji.php\/v9\/tb4\/1\/16\/2b50.png\" alt=\"\u2b50\" width=\"16\" height=\"16\" \/><\/span><span class=\"pq6dq46d tbxw36s4 knj5qynh kvgmc6g5 ditlmg2l oygrvhab nvdbi5me sf5mxxl7 gl3lb2sf hhz5lgdu\"><img decoding=\"async\" src=\"https:\/\/static.xx.fbcdn.net\/images\/emoji.php\/v9\/tb4\/1\/16\/2b50.png\" alt=\"\u2b50\" width=\"16\" height=\"16\" \/><\/span><span class=\"pq6dq46d tbxw36s4 knj5qynh kvgmc6g5 ditlmg2l oygrvhab nvdbi5me sf5mxxl7 gl3lb2sf hhz5lgdu\"><img decoding=\"async\" src=\"https:\/\/static.xx.fbcdn.net\/images\/emoji.php\/v9\/tb4\/1\/16\/2b50.png\" alt=\"\u2b50\" width=\"16\" height=\"16\" \/><\/span><\/div>\n<div dir=\"auto\">\u00abLe <strong>rire<\/strong> et <strong>l\u2019\u00e9motion<\/strong> cohabitent ainsi tout du long. \u00c0 des moments relevant presque de la farce succ\u00e8dent des passages poignants, et vice versa. \u00c7a ne devrait pas fonctionner et, pourtant, si, \u00e7a fonctionne.\u00bb &#8211;<a href=\"https:\/\/bit.ly\/AlineLeDevoir\">Fran\u00e7ois L\u00e9vesque, Le Devoir<\/a><\/div>\n<\/blockquote>\n<div dir=\"auto\"><\/div>\n<blockquote>\n<div dir=\"auto\"><a href=\"https:\/\/www.lapresse.ca\/cinema\/chroniques\/2021-11-25\/aline\/si-on-ne-vaut-pas-une-risee.php\" target=\"_blank\" rel=\"noopener\"><img decoding=\"async\" class=\"alignnone wp-image-7271\" src=\"https:\/\/maison4tiers.com\/wp-content\/uploads\/sites\/75\/2021\/11\/lapresse-300x157.png\" alt=\"\" width=\"123\" height=\"65\" srcset=\"https:\/\/maison4tiers.com\/ecrans-solidaires\/wp-content\/uploads\/sites\/76\/2021\/11\/lapresse-300x157.png 300w, https:\/\/maison4tiers.com\/ecrans-solidaires\/wp-content\/uploads\/sites\/76\/2021\/11\/lapresse-600x314.png 600w, https:\/\/maison4tiers.com\/ecrans-solidaires\/wp-content\/uploads\/sites\/76\/2021\/11\/lapresse-1024x536.png 1024w, https:\/\/maison4tiers.com\/ecrans-solidaires\/wp-content\/uploads\/sites\/76\/2021\/11\/lapresse-768x402.png 768w, https:\/\/maison4tiers.com\/ecrans-solidaires\/wp-content\/uploads\/sites\/76\/2021\/11\/lapresse.png 1203w\" sizes=\"(max-width: 123px) 100vw, 123px\" \/><\/a><\/div>\n<div dir=\"auto\">\u00ab<em>Aline<\/em> n\u2019est pas tout \u00e0 fait C\u00e9line. C\u2019est une <strong>fantaisie<\/strong>. Le ton de Val\u00e9rie Lemercier n\u2019est pas \u00e0 la d\u00e9rision ni \u00e0 la moquerie. Il n\u2019est ni m\u00e9chant ni condescendant. Son film est, bien au contraire, <strong>une \u0153uvre qui transpire la bienveillance<\/strong>. On y trouve des <strong>sc\u00e8nes touchantes<\/strong>. Je suis l\u2019antith\u00e8se d\u2019un amateur de C\u00e9line Dion. Je n\u2019ai pourtant pas boud\u00e9 mon plaisir devant cette <strong>com\u00e9die divertissante, comique et amusante<\/strong>. Aline est un <strong>film flamboyant, extravagant, rococo, kitsch, fleur bleue, sirupeux, romantique, m\u00e9lodramatique, tragicomique<\/strong>. C\u2019est surtout un film qui ne se prend pas au s\u00e9rieux. Exactement comme C\u00e9line Dion.\u00bb &#8211;<a href=\"https:\/\/www.lapresse.ca\/cinema\/chroniques\/2021-11-25\/aline\/si-on-ne-vaut-pas-une-risee.php\">Marc Cassivi, La Presse<\/a><\/div>\n<\/blockquote>\n<div dir=\"auto\">\n<div dir=\"auto\">\n<p><strong><a href=\"https:\/\/maison4tiers.com\/categorie-produit\/film\/quebecois\/\" target=\"_blank\" rel=\"noopener\">Voir les autres films qu\u00e9b\u00e9cois\u00a0<\/a><\/strong><\/p>\n<p><strong>*Disponible au Canada seulement<\/strong><\/p>\n<\/div>\n<\/div>\n","protected":false},"featured_media":7414,"template":"","meta":{"_acf_changed":false,"_eb_attr":""},"product_brand":[],"product_cat":[107,120,45,119,136,131,142],"product_tag":[200,192,196,198,197,193,194,190,189,195,191,199],"class_list":{"0":"post-6196","1":"product","2":"type-product","3":"status-publish","4":"has-post-thumbnail","6":"product_cat-comedie","7":"product_cat-fiction","8":"product_cat-film","9":"product_cat-quebecois","10":"product_cat-dvd","11":"product_cat-touslesfilms","12":"product_cat-numerique","13":"product_tag-aline","14":"product_tag-amour","15":"product_tag-biographie","16":"product_tag-celine","17":"product_tag-celine-dion","18":"product_tag-chanson","19":"product_tag-chant","20":"product_tag-chanteuse","21":"product_tag-quebec","22":"product_tag-rene-angelil","23":"product_tag-spectacle","24":"product_tag-valerie-lemercier","26":"first","27":"instock","28":"taxable","29":"shipping-taxable","30":"purchasable","31":"product-type-variable","32":"has-default-attributes"},"acf":[],"yoast_head":"<!-- This site is optimized with the Yoast SEO plugin v27.0 - https:\/\/yoast.com\/product\/yoast-seo-wordpress\/ -->\n<title>Aline - Coproduction qu\u00e9b\u00e9coise - \u00c9crans solidaires - \u00c9coutez-le !<\/title>\n<meta name=\"description\" content=\"Film inspir\u00e9 de C\u00e9line Dion. Dans la famille Dieu, la musique est reine et quand Aline grandit on lui d\u00e9couvre un don, elle a une voix en or.\" \/>\n<meta name=\"robots\" content=\"noindex, follow, max-snippet:-1, max-image-preview:large, max-video-preview:-1\" \/>\n<meta property=\"og:locale\" content=\"fr_FR\" \/>\n<meta property=\"og:type\" content=\"article\" \/>\n<meta property=\"og:title\" content=\"Aline\" \/>\n<meta property=\"og:description\" content=\"Dans la famille Dieu, la musique est reine et quand Aline grandit on lui d\u00e9couvre un don, elle a une voix en or.\" \/>\n<meta property=\"og:url\" content=\"https:\/\/maison4tiers.com\/ecrans-solidaires\/product\/aline\/\" \/>\n<meta property=\"og:site_name\" content=\"\u00c9crans solidaires\" \/>\n<meta property=\"article:modified_time\" content=\"2024-04-23T02:00:04+00:00\" \/>\n<meta property=\"og:image\" content=\"https:\/\/maison4tiers.com\/ecrans-solidaires\/wp-content\/uploads\/sites\/76\/2021\/11\/56.jpg\" \/>\n\t<meta property=\"og:image:width\" content=\"800\" \/>\n\t<meta property=\"og:image:height\" content=\"1200\" \/>\n\t<meta property=\"og:image:type\" content=\"image\/jpeg\" \/>\n<meta name=\"twitter:card\" content=\"summary_large_image\" \/>\n<meta name=\"twitter:title\" content=\"Aline\" \/>\n<meta name=\"twitter:description\" content=\"Dans la famille Dieu, la musique est reine et quand Aline grandit on lui d\u00e9couvre un don, elle a une voix en or.\" \/>\n<meta name=\"twitter:image\" content=\"https:\/\/maison4tiers.com\/ecrans-solidaires\/wp-content\/uploads\/sites\/76\/2021\/11\/56.jpg\" \/>\n<script type=\"application\/ld+json\" class=\"yoast-schema-graph\">{\"@context\":\"https:\/\/schema.org\",\"@graph\":[{\"@type\":\"WebPage\",\"@id\":\"https:\/\/maison4tiers.com\/ecrans-solidaires\/product\/aline\/\",\"url\":\"https:\/\/maison4tiers.com\/ecrans-solidaires\/product\/aline\/\",\"name\":\"Aline - Coproduction qu\u00e9b\u00e9coise - \u00c9crans solidaires - \u00c9coutez-le !\",\"isPartOf\":{\"@id\":\"https:\/\/maison4tiers.com\/ecrans-solidaires\/#website\"},\"primaryImageOfPage\":{\"@id\":\"https:\/\/maison4tiers.com\/ecrans-solidaires\/product\/aline\/#primaryimage\"},\"image\":{\"@id\":\"https:\/\/maison4tiers.com\/ecrans-solidaires\/product\/aline\/#primaryimage\"},\"thumbnailUrl\":\"https:\/\/maison4tiers.com\/ecrans-solidaires\/wp-content\/uploads\/sites\/76\/2021\/11\/56.jpg\",\"datePublished\":\"2021-11-05T12:00:38+00:00\",\"dateModified\":\"2024-04-23T02:00:04+00:00\",\"description\":\"Film inspir\u00e9 de C\u00e9line Dion. Dans la famille Dieu, la musique est reine et quand Aline grandit on lui d\u00e9couvre un don, elle a une voix en or.\",\"breadcrumb\":{\"@id\":\"https:\/\/maison4tiers.com\/ecrans-solidaires\/product\/aline\/#breadcrumb\"},\"inLanguage\":\"fr-FR\",\"potentialAction\":[{\"@type\":\"ReadAction\",\"target\":[\"https:\/\/maison4tiers.com\/ecrans-solidaires\/product\/aline\/\"]}]},{\"@type\":\"ImageObject\",\"inLanguage\":\"fr-FR\",\"@id\":\"https:\/\/maison4tiers.com\/ecrans-solidaires\/product\/aline\/#primaryimage\",\"url\":\"https:\/\/maison4tiers.com\/ecrans-solidaires\/wp-content\/uploads\/sites\/76\/2021\/11\/56.jpg\",\"contentUrl\":\"https:\/\/maison4tiers.com\/ecrans-solidaires\/wp-content\/uploads\/sites\/76\/2021\/11\/56.jpg\",\"width\":800,\"height\":1200,\"caption\":\"Aline\"},{\"@type\":\"BreadcrumbList\",\"@id\":\"https:\/\/maison4tiers.com\/ecrans-solidaires\/product\/aline\/#breadcrumb\",\"itemListElement\":[{\"@type\":\"ListItem\",\"position\":1,\"name\":\"Home\",\"item\":\"https:\/\/maison4tiers.com\/ecrans-solidaires\/\"},{\"@type\":\"ListItem\",\"position\":2,\"name\":\"Films\",\"item\":\"https:\/\/maison4tiers.com\/ecrans-solidaires\/films\/\"},{\"@type\":\"ListItem\",\"position\":3,\"name\":\"Aline\"}]},{\"@type\":\"WebSite\",\"@id\":\"https:\/\/maison4tiers.com\/ecrans-solidaires\/#website\",\"url\":\"https:\/\/maison4tiers.com\/ecrans-solidaires\/\",\"name\":\"\u00c9crans solidaires\",\"description\":\"Distribution multiplateforme de films qu\u00e9b\u00e9cois et internationaux\",\"publisher\":{\"@id\":\"https:\/\/maison4tiers.com\/ecrans-solidaires\/#organization\"},\"potentialAction\":[{\"@type\":\"SearchAction\",\"target\":{\"@type\":\"EntryPoint\",\"urlTemplate\":\"https:\/\/maison4tiers.com\/ecrans-solidaires\/?s={search_term_string}\"},\"query-input\":{\"@type\":\"PropertyValueSpecification\",\"valueRequired\":true,\"valueName\":\"search_term_string\"}}],\"inLanguage\":\"fr-FR\"},{\"@type\":\"Organization\",\"@id\":\"https:\/\/maison4tiers.com\/ecrans-solidaires\/#organization\",\"name\":\"\u00c9crans solidaires\",\"url\":\"https:\/\/maison4tiers.com\/ecrans-solidaires\/\",\"logo\":{\"@type\":\"ImageObject\",\"inLanguage\":\"fr-FR\",\"@id\":\"https:\/\/maison4tiers.com\/ecrans-solidaires\/#\/schema\/logo\/image\/\",\"url\":\"https:\/\/maison4tiers.com\/ecrans-solidaires\/wp-content\/uploads\/sites\/76\/2020\/11\/favicon-196.png\",\"contentUrl\":\"https:\/\/maison4tiers.com\/ecrans-solidaires\/wp-content\/uploads\/sites\/76\/2020\/11\/favicon-196.png\",\"width\":196,\"height\":196,\"caption\":\"\u00c9crans solidaires\"},\"image\":{\"@id\":\"https:\/\/maison4tiers.com\/ecrans-solidaires\/#\/schema\/logo\/image\/\"}}]}<\/script>\n<!-- \/ Yoast SEO plugin. -->","yoast_head_json":{"title":"Aline - Coproduction qu\u00e9b\u00e9coise - \u00c9crans solidaires - \u00c9coutez-le !","description":"Film inspir\u00e9 de C\u00e9line Dion. Dans la famille Dieu, la musique est reine et quand Aline grandit on lui d\u00e9couvre un don, elle a une voix en or.","robots":{"index":"noindex","follow":"follow","max-snippet":"max-snippet:-1","max-image-preview":"max-image-preview:large","max-video-preview":"max-video-preview:-1"},"og_locale":"fr_FR","og_type":"article","og_title":"Aline","og_description":"Dans la famille Dieu, la musique est reine et quand Aline grandit on lui d\u00e9couvre un don, elle a une voix en or.","og_url":"https:\/\/maison4tiers.com\/ecrans-solidaires\/product\/aline\/","og_site_name":"\u00c9crans solidaires","article_modified_time":"2024-04-23T02:00:04+00:00","og_image":[{"width":800,"height":1200,"url":"https:\/\/maison4tiers.com\/ecrans-solidaires\/wp-content\/uploads\/sites\/76\/2021\/11\/56.jpg","type":"image\/jpeg"}],"twitter_card":"summary_large_image","twitter_title":"Aline","twitter_description":"Dans la famille Dieu, la musique est reine et quand Aline grandit on lui d\u00e9couvre un don, elle a une voix en or.","twitter_image":"https:\/\/maison4tiers.com\/ecrans-solidaires\/wp-content\/uploads\/sites\/76\/2021\/11\/56.jpg","schema":{"@context":"https:\/\/schema.org","@graph":[{"@type":"WebPage","@id":"https:\/\/maison4tiers.com\/ecrans-solidaires\/product\/aline\/","url":"https:\/\/maison4tiers.com\/ecrans-solidaires\/product\/aline\/","name":"Aline - Coproduction qu\u00e9b\u00e9coise - \u00c9crans solidaires - \u00c9coutez-le !","isPartOf":{"@id":"https:\/\/maison4tiers.com\/ecrans-solidaires\/#website"},"primaryImageOfPage":{"@id":"https:\/\/maison4tiers.com\/ecrans-solidaires\/product\/aline\/#primaryimage"},"image":{"@id":"https:\/\/maison4tiers.com\/ecrans-solidaires\/product\/aline\/#primaryimage"},"thumbnailUrl":"https:\/\/maison4tiers.com\/ecrans-solidaires\/wp-content\/uploads\/sites\/76\/2021\/11\/56.jpg","datePublished":"2021-11-05T12:00:38+00:00","dateModified":"2024-04-23T02:00:04+00:00","description":"Film inspir\u00e9 de C\u00e9line Dion. Dans la famille Dieu, la musique est reine et quand Aline grandit on lui d\u00e9couvre un don, elle a une voix en or.","breadcrumb":{"@id":"https:\/\/maison4tiers.com\/ecrans-solidaires\/product\/aline\/#breadcrumb"},"inLanguage":"fr-FR","potentialAction":[{"@type":"ReadAction","target":["https:\/\/maison4tiers.com\/ecrans-solidaires\/product\/aline\/"]}]},{"@type":"ImageObject","inLanguage":"fr-FR","@id":"https:\/\/maison4tiers.com\/ecrans-solidaires\/product\/aline\/#primaryimage","url":"https:\/\/maison4tiers.com\/ecrans-solidaires\/wp-content\/uploads\/sites\/76\/2021\/11\/56.jpg","contentUrl":"https:\/\/maison4tiers.com\/ecrans-solidaires\/wp-content\/uploads\/sites\/76\/2021\/11\/56.jpg","width":800,"height":1200,"caption":"Aline"},{"@type":"BreadcrumbList","@id":"https:\/\/maison4tiers.com\/ecrans-solidaires\/product\/aline\/#breadcrumb","itemListElement":[{"@type":"ListItem","position":1,"name":"Home","item":"https:\/\/maison4tiers.com\/ecrans-solidaires\/"},{"@type":"ListItem","position":2,"name":"Films","item":"https:\/\/maison4tiers.com\/ecrans-solidaires\/films\/"},{"@type":"ListItem","position":3,"name":"Aline"}]},{"@type":"WebSite","@id":"https:\/\/maison4tiers.com\/ecrans-solidaires\/#website","url":"https:\/\/maison4tiers.com\/ecrans-solidaires\/","name":"\u00c9crans solidaires","description":"Distribution multiplateforme de films qu\u00e9b\u00e9cois et internationaux","publisher":{"@id":"https:\/\/maison4tiers.com\/ecrans-solidaires\/#organization"},"potentialAction":[{"@type":"SearchAction","target":{"@type":"EntryPoint","urlTemplate":"https:\/\/maison4tiers.com\/ecrans-solidaires\/?s={search_term_string}"},"query-input":{"@type":"PropertyValueSpecification","valueRequired":true,"valueName":"search_term_string"}}],"inLanguage":"fr-FR"},{"@type":"Organization","@id":"https:\/\/maison4tiers.com\/ecrans-solidaires\/#organization","name":"\u00c9crans solidaires","url":"https:\/\/maison4tiers.com\/ecrans-solidaires\/","logo":{"@type":"ImageObject","inLanguage":"fr-FR","@id":"https:\/\/maison4tiers.com\/ecrans-solidaires\/#\/schema\/logo\/image\/","url":"https:\/\/maison4tiers.com\/ecrans-solidaires\/wp-content\/uploads\/sites\/76\/2020\/11\/favicon-196.png","contentUrl":"https:\/\/maison4tiers.com\/ecrans-solidaires\/wp-content\/uploads\/sites\/76\/2020\/11\/favicon-196.png","width":196,"height":196,"caption":"\u00c9crans solidaires"},"image":{"@id":"https:\/\/maison4tiers.com\/ecrans-solidaires\/#\/schema\/logo\/image\/"}}]}},"jetpack_sharing_enabled":true,"_links":{"self":[{"href":"https:\/\/maison4tiers.com\/ecrans-solidaires\/wp-json\/wp\/v2\/product\/6196","targetHints":{"allow":["GET"]}}],"collection":[{"href":"https:\/\/maison4tiers.com\/ecrans-solidaires\/wp-json\/wp\/v2\/product"}],"about":[{"href":"https:\/\/maison4tiers.com\/ecrans-solidaires\/wp-json\/wp\/v2\/types\/product"}],"wp:featuredmedia":[{"embeddable":true,"href":"https:\/\/maison4tiers.com\/ecrans-solidaires\/wp-json\/wp\/v2\/media\/7414"}],"wp:attachment":[{"href":"https:\/\/maison4tiers.com\/ecrans-solidaires\/wp-json\/wp\/v2\/media?parent=6196"}],"wp:term":[{"taxonomy":"product_brand","embeddable":true,"href":"https:\/\/maison4tiers.com\/ecrans-solidaires\/wp-json\/wp\/v2\/product_brand?post=6196"},{"taxonomy":"product_cat","embeddable":true,"href":"https:\/\/maison4tiers.com\/ecrans-solidaires\/wp-json\/wp\/v2\/product_cat?post=6196"},{"taxonomy":"product_tag","embeddable":true,"href":"https:\/\/maison4tiers.com\/ecrans-solidaires\/wp-json\/wp\/v2\/product_tag?post=6196"}],"curies":[{"name":"wp","href":"https:\/\/api.w.org\/{rel}","templated":true}]}}