{"id":4703,"date":"2019-01-12T00:00:38","date_gmt":"2019-01-12T04:00:38","guid":{"rendered":"https:\/\/maison4tiers.com\/?post_type=product&#038;p=4703"},"modified":"2023-06-14T17:10:49","modified_gmt":"2023-06-14T21:10:49","slug":"une-maniere-de-vivre","status":"publish","type":"product","link":"https:\/\/maison4tiers.com\/ecrans-solidaires\/product\/une-maniere-de-vivre\/","title":{"rendered":"Une mani\u00e8re de vivre"},"excerpt":{"rendered":"<p>Colette perd son mari dans des circonstances tragiques et se reproche de ne pas avoir e\u0301te\u0301 a\u0300 ses co\u0302te\u0301s. Sa fille Gabrielle, boulimique, travaille comme escorte de luxe et me\u0300ne une existence houleuse et sans objet. Joseph, spe\u0301cialiste de Spinoza, enseigne la philosophie dans une universite\u0301 de Belgique et vient a\u0300 Montre\u0301al participer a\u0300 une rencontre de philosophes. Ces trois personnages vont entrer en collision et leurs vies en seront change\u0301es a\u0300 jamais.<\/p>\n<blockquote><p><em>\u00ab Une manie\u0300re de vivre fait partie de ces \u0153uvres, quand me\u0302me rares, qui nous confrontent a\u0300 notre propre humanite\u0301. \u00bb<br \/>\n<\/em><strong>\u2013 <a href=\"https:\/\/www.lapresse.ca\/cinema\/critiques\/2019-11-01\/une-maniere-de-vivre-le-meme-sillon\" target=\"_blank\" rel=\"noopener\">LA PRESSE<\/a><\/strong><\/p><\/blockquote>\n<p><strong><a href=\"\/categorie-produit\/film\/quebecois\/\" target=\"_blank\" rel=\"noopener\"><span style=\"text-decoration: underline;\">Voir les autres films qu\u00e9b\u00e9cois<\/span><\/a><\/strong><\/p>\n<p>&nbsp;<\/p>\n<p><strong>*Disponible au Canada seulement<\/strong><\/p>\n","protected":false},"featured_media":7442,"template":"","meta":{"_acf_changed":false,"_eb_attr":""},"product_brand":[],"product_cat":[105,120,45,119,122,121,136,131,142],"product_tag":[528,629,630,272,624,623,625,276,626,529,619,621,617,616,365,628,627,348,620,189,622,618,614,615],"class_list":{"0":"post-4703","1":"product","2":"type-product","3":"status-publish","4":"has-post-thumbnail","6":"product_cat-drame","7":"product_cat-fiction","8":"product_cat-film","9":"product_cat-quebecois","10":"product_cat-reflexion","11":"product_cat-societe","12":"product_cat-dvd","13":"product_cat-touslesfilms","14":"product_cat-numerique","15":"product_tag-auteur","16":"product_tag-boulimie","17":"product_tag-boulimique","18":"product_tag-cinema-dauteur","19":"product_tag-destin","20":"product_tag-destins","21":"product_tag-destins-entrelaces","22":"product_tag-drame","23":"product_tag-escorte","24":"product_tag-film-dauteur","25":"product_tag-gabrielle-lazure","26":"product_tag-jacqueline-van-der-geer","27":"product_tag-laurent-lucas","28":"product_tag-micheline-lanctot","29":"product_tag-paul-doucet","30":"product_tag-philo","31":"product_tag-philosophe","32":"product_tag-philosophie","33":"product_tag-pierre-luc-lafontaine","34":"product_tag-quebec","35":"product_tag-robin-aubert","36":"product_tag-rose-marie-perreault","37":"product_tag-un-maniere-de-vivre","38":"product_tag-vivre","39":"product_shipping_class-livraison","41":"first","42":"instock","43":"taxable","44":"shipping-taxable","45":"purchasable","46":"product-type-variable","47":"has-default-attributes"},"acf":[],"yoast_head":"<!-- This site is optimized with the Yoast SEO plugin v27.0 - https:\/\/yoast.com\/product\/yoast-seo-wordpress\/ -->\n<title>Une mani\u00e8re de vivre - Film Qu\u00e9b\u00e9cois - \u00c9crans solidaires -<\/title>\n<meta name=\"description\" content=\"Une mani\u00e8re de vivre. Colette perd son mari dans des circonstances tragiques et se reproche de ne pas avoir e\u0301te\u0301 a\u0300 ses co\u0302te\u0301s.\" \/>\n<meta name=\"robots\" content=\"noindex, follow, max-snippet:-1, max-image-preview:large, max-video-preview:-1\" \/>\n<meta property=\"og:locale\" content=\"fr_FR\" \/>\n<meta property=\"og:type\" content=\"article\" \/>\n<meta property=\"og:title\" content=\"Une mani\u00e8re de vivre - Film Qu\u00e9b\u00e9cois - \u00c9crans solidaires -\" \/>\n<meta property=\"og:description\" content=\"Une mani\u00e8re de vivre. Colette perd son mari dans des circonstances tragiques et se reproche de ne pas avoir e\u0301te\u0301 a\u0300 ses co\u0302te\u0301s.\" \/>\n<meta property=\"og:url\" content=\"https:\/\/maison4tiers.com\/ecrans-solidaires\/product\/une-maniere-de-vivre\/\" \/>\n<meta property=\"og:site_name\" content=\"\u00c9crans solidaires\" \/>\n<meta property=\"article:modified_time\" content=\"2023-06-14T21:10:49+00:00\" \/>\n<meta property=\"og:image\" content=\"https:\/\/maison4tiers.com\/ecrans-solidaires\/wp-content\/uploads\/sites\/76\/2019\/01\/Nouvelles-affiches-SITE-WEB-800-X-1200.jpg\" \/>\n\t<meta property=\"og:image:width\" content=\"800\" \/>\n\t<meta property=\"og:image:height\" content=\"1200\" \/>\n\t<meta property=\"og:image:type\" content=\"image\/jpeg\" \/>\n<meta name=\"twitter:card\" content=\"summary_large_image\" \/>\n<meta name=\"twitter:image\" content=\"https:\/\/maison4tiers.com\/ecrans-solidaires\/wp-content\/uploads\/sites\/76\/2019\/01\/Nouvelles-affiches-SITE-WEB-800-X-1200.jpg\" \/>\n<script type=\"application\/ld+json\" class=\"yoast-schema-graph\">{\"@context\":\"https:\/\/schema.org\",\"@graph\":[{\"@type\":\"WebPage\",\"@id\":\"https:\/\/maison4tiers.com\/ecrans-solidaires\/product\/une-maniere-de-vivre\/\",\"url\":\"https:\/\/maison4tiers.com\/ecrans-solidaires\/product\/une-maniere-de-vivre\/\",\"name\":\"Une mani\u00e8re de vivre - Film Qu\u00e9b\u00e9cois - \u00c9crans solidaires -\",\"isPartOf\":{\"@id\":\"https:\/\/maison4tiers.com\/ecrans-solidaires\/#website\"},\"primaryImageOfPage\":{\"@id\":\"https:\/\/maison4tiers.com\/ecrans-solidaires\/product\/une-maniere-de-vivre\/#primaryimage\"},\"image\":{\"@id\":\"https:\/\/maison4tiers.com\/ecrans-solidaires\/product\/une-maniere-de-vivre\/#primaryimage\"},\"thumbnailUrl\":\"https:\/\/maison4tiers.com\/ecrans-solidaires\/wp-content\/uploads\/sites\/76\/2019\/01\/Nouvelles-affiches-SITE-WEB-800-X-1200.jpg\",\"datePublished\":\"2019-01-12T04:00:38+00:00\",\"dateModified\":\"2023-06-14T21:10:49+00:00\",\"description\":\"Une mani\u00e8re de vivre. Colette perd son mari dans des circonstances tragiques et se reproche de ne pas avoir e\u0301te\u0301 a\u0300 ses co\u0302te\u0301s.\",\"breadcrumb\":{\"@id\":\"https:\/\/maison4tiers.com\/ecrans-solidaires\/product\/une-maniere-de-vivre\/#breadcrumb\"},\"inLanguage\":\"fr-FR\",\"potentialAction\":[{\"@type\":\"ReadAction\",\"target\":[\"https:\/\/maison4tiers.com\/ecrans-solidaires\/product\/une-maniere-de-vivre\/\"]}]},{\"@type\":\"ImageObject\",\"inLanguage\":\"fr-FR\",\"@id\":\"https:\/\/maison4tiers.com\/ecrans-solidaires\/product\/une-maniere-de-vivre\/#primaryimage\",\"url\":\"https:\/\/maison4tiers.com\/ecrans-solidaires\/wp-content\/uploads\/sites\/76\/2019\/01\/Nouvelles-affiches-SITE-WEB-800-X-1200.jpg\",\"contentUrl\":\"https:\/\/maison4tiers.com\/ecrans-solidaires\/wp-content\/uploads\/sites\/76\/2019\/01\/Nouvelles-affiches-SITE-WEB-800-X-1200.jpg\",\"width\":800,\"height\":1200,\"caption\":\"Une mani\u00e8re de vivre\"},{\"@type\":\"BreadcrumbList\",\"@id\":\"https:\/\/maison4tiers.com\/ecrans-solidaires\/product\/une-maniere-de-vivre\/#breadcrumb\",\"itemListElement\":[{\"@type\":\"ListItem\",\"position\":1,\"name\":\"Home\",\"item\":\"https:\/\/maison4tiers.com\/ecrans-solidaires\/\"},{\"@type\":\"ListItem\",\"position\":2,\"name\":\"Films\",\"item\":\"https:\/\/maison4tiers.com\/ecrans-solidaires\/films\/\"},{\"@type\":\"ListItem\",\"position\":3,\"name\":\"Une mani\u00e8re de vivre\"}]},{\"@type\":\"WebSite\",\"@id\":\"https:\/\/maison4tiers.com\/ecrans-solidaires\/#website\",\"url\":\"https:\/\/maison4tiers.com\/ecrans-solidaires\/\",\"name\":\"\u00c9crans solidaires\",\"description\":\"Distribution multiplateforme de films qu\u00e9b\u00e9cois et internationaux\",\"publisher\":{\"@id\":\"https:\/\/maison4tiers.com\/ecrans-solidaires\/#organization\"},\"potentialAction\":[{\"@type\":\"SearchAction\",\"target\":{\"@type\":\"EntryPoint\",\"urlTemplate\":\"https:\/\/maison4tiers.com\/ecrans-solidaires\/?s={search_term_string}\"},\"query-input\":{\"@type\":\"PropertyValueSpecification\",\"valueRequired\":true,\"valueName\":\"search_term_string\"}}],\"inLanguage\":\"fr-FR\"},{\"@type\":\"Organization\",\"@id\":\"https:\/\/maison4tiers.com\/ecrans-solidaires\/#organization\",\"name\":\"\u00c9crans solidaires\",\"url\":\"https:\/\/maison4tiers.com\/ecrans-solidaires\/\",\"logo\":{\"@type\":\"ImageObject\",\"inLanguage\":\"fr-FR\",\"@id\":\"https:\/\/maison4tiers.com\/ecrans-solidaires\/#\/schema\/logo\/image\/\",\"url\":\"https:\/\/maison4tiers.com\/ecrans-solidaires\/wp-content\/uploads\/sites\/76\/2020\/11\/favicon-196.png\",\"contentUrl\":\"https:\/\/maison4tiers.com\/ecrans-solidaires\/wp-content\/uploads\/sites\/76\/2020\/11\/favicon-196.png\",\"width\":196,\"height\":196,\"caption\":\"\u00c9crans solidaires\"},\"image\":{\"@id\":\"https:\/\/maison4tiers.com\/ecrans-solidaires\/#\/schema\/logo\/image\/\"}}]}<\/script>\n<!-- \/ Yoast SEO plugin. -->","yoast_head_json":{"title":"Une mani\u00e8re de vivre - Film Qu\u00e9b\u00e9cois - \u00c9crans solidaires -","description":"Une mani\u00e8re de vivre. Colette perd son mari dans des circonstances tragiques et se reproche de ne pas avoir e\u0301te\u0301 a\u0300 ses co\u0302te\u0301s.","robots":{"index":"noindex","follow":"follow","max-snippet":"max-snippet:-1","max-image-preview":"max-image-preview:large","max-video-preview":"max-video-preview:-1"},"og_locale":"fr_FR","og_type":"article","og_title":"Une mani\u00e8re de vivre - Film Qu\u00e9b\u00e9cois - \u00c9crans solidaires -","og_description":"Une mani\u00e8re de vivre. Colette perd son mari dans des circonstances tragiques et se reproche de ne pas avoir e\u0301te\u0301 a\u0300 ses co\u0302te\u0301s.","og_url":"https:\/\/maison4tiers.com\/ecrans-solidaires\/product\/une-maniere-de-vivre\/","og_site_name":"\u00c9crans solidaires","article_modified_time":"2023-06-14T21:10:49+00:00","og_image":[{"width":800,"height":1200,"url":"https:\/\/maison4tiers.com\/ecrans-solidaires\/wp-content\/uploads\/sites\/76\/2019\/01\/Nouvelles-affiches-SITE-WEB-800-X-1200.jpg","type":"image\/jpeg"}],"twitter_card":"summary_large_image","twitter_image":"https:\/\/maison4tiers.com\/ecrans-solidaires\/wp-content\/uploads\/sites\/76\/2019\/01\/Nouvelles-affiches-SITE-WEB-800-X-1200.jpg","schema":{"@context":"https:\/\/schema.org","@graph":[{"@type":"WebPage","@id":"https:\/\/maison4tiers.com\/ecrans-solidaires\/product\/une-maniere-de-vivre\/","url":"https:\/\/maison4tiers.com\/ecrans-solidaires\/product\/une-maniere-de-vivre\/","name":"Une mani\u00e8re de vivre - Film Qu\u00e9b\u00e9cois - \u00c9crans solidaires -","isPartOf":{"@id":"https:\/\/maison4tiers.com\/ecrans-solidaires\/#website"},"primaryImageOfPage":{"@id":"https:\/\/maison4tiers.com\/ecrans-solidaires\/product\/une-maniere-de-vivre\/#primaryimage"},"image":{"@id":"https:\/\/maison4tiers.com\/ecrans-solidaires\/product\/une-maniere-de-vivre\/#primaryimage"},"thumbnailUrl":"https:\/\/maison4tiers.com\/ecrans-solidaires\/wp-content\/uploads\/sites\/76\/2019\/01\/Nouvelles-affiches-SITE-WEB-800-X-1200.jpg","datePublished":"2019-01-12T04:00:38+00:00","dateModified":"2023-06-14T21:10:49+00:00","description":"Une mani\u00e8re de vivre. Colette perd son mari dans des circonstances tragiques et se reproche de ne pas avoir e\u0301te\u0301 a\u0300 ses co\u0302te\u0301s.","breadcrumb":{"@id":"https:\/\/maison4tiers.com\/ecrans-solidaires\/product\/une-maniere-de-vivre\/#breadcrumb"},"inLanguage":"fr-FR","potentialAction":[{"@type":"ReadAction","target":["https:\/\/maison4tiers.com\/ecrans-solidaires\/product\/une-maniere-de-vivre\/"]}]},{"@type":"ImageObject","inLanguage":"fr-FR","@id":"https:\/\/maison4tiers.com\/ecrans-solidaires\/product\/une-maniere-de-vivre\/#primaryimage","url":"https:\/\/maison4tiers.com\/ecrans-solidaires\/wp-content\/uploads\/sites\/76\/2019\/01\/Nouvelles-affiches-SITE-WEB-800-X-1200.jpg","contentUrl":"https:\/\/maison4tiers.com\/ecrans-solidaires\/wp-content\/uploads\/sites\/76\/2019\/01\/Nouvelles-affiches-SITE-WEB-800-X-1200.jpg","width":800,"height":1200,"caption":"Une mani\u00e8re de vivre"},{"@type":"BreadcrumbList","@id":"https:\/\/maison4tiers.com\/ecrans-solidaires\/product\/une-maniere-de-vivre\/#breadcrumb","itemListElement":[{"@type":"ListItem","position":1,"name":"Home","item":"https:\/\/maison4tiers.com\/ecrans-solidaires\/"},{"@type":"ListItem","position":2,"name":"Films","item":"https:\/\/maison4tiers.com\/ecrans-solidaires\/films\/"},{"@type":"ListItem","position":3,"name":"Une mani\u00e8re de vivre"}]},{"@type":"WebSite","@id":"https:\/\/maison4tiers.com\/ecrans-solidaires\/#website","url":"https:\/\/maison4tiers.com\/ecrans-solidaires\/","name":"\u00c9crans solidaires","description":"Distribution multiplateforme de films qu\u00e9b\u00e9cois et internationaux","publisher":{"@id":"https:\/\/maison4tiers.com\/ecrans-solidaires\/#organization"},"potentialAction":[{"@type":"SearchAction","target":{"@type":"EntryPoint","urlTemplate":"https:\/\/maison4tiers.com\/ecrans-solidaires\/?s={search_term_string}"},"query-input":{"@type":"PropertyValueSpecification","valueRequired":true,"valueName":"search_term_string"}}],"inLanguage":"fr-FR"},{"@type":"Organization","@id":"https:\/\/maison4tiers.com\/ecrans-solidaires\/#organization","name":"\u00c9crans solidaires","url":"https:\/\/maison4tiers.com\/ecrans-solidaires\/","logo":{"@type":"ImageObject","inLanguage":"fr-FR","@id":"https:\/\/maison4tiers.com\/ecrans-solidaires\/#\/schema\/logo\/image\/","url":"https:\/\/maison4tiers.com\/ecrans-solidaires\/wp-content\/uploads\/sites\/76\/2020\/11\/favicon-196.png","contentUrl":"https:\/\/maison4tiers.com\/ecrans-solidaires\/wp-content\/uploads\/sites\/76\/2020\/11\/favicon-196.png","width":196,"height":196,"caption":"\u00c9crans solidaires"},"image":{"@id":"https:\/\/maison4tiers.com\/ecrans-solidaires\/#\/schema\/logo\/image\/"}}]}},"jetpack_sharing_enabled":true,"_links":{"self":[{"href":"https:\/\/maison4tiers.com\/ecrans-solidaires\/wp-json\/wp\/v2\/product\/4703","targetHints":{"allow":["GET"]}}],"collection":[{"href":"https:\/\/maison4tiers.com\/ecrans-solidaires\/wp-json\/wp\/v2\/product"}],"about":[{"href":"https:\/\/maison4tiers.com\/ecrans-solidaires\/wp-json\/wp\/v2\/types\/product"}],"wp:featuredmedia":[{"embeddable":true,"href":"https:\/\/maison4tiers.com\/ecrans-solidaires\/wp-json\/wp\/v2\/media\/7442"}],"wp:attachment":[{"href":"https:\/\/maison4tiers.com\/ecrans-solidaires\/wp-json\/wp\/v2\/media?parent=4703"}],"wp:term":[{"taxonomy":"product_brand","embeddable":true,"href":"https:\/\/maison4tiers.com\/ecrans-solidaires\/wp-json\/wp\/v2\/product_brand?post=4703"},{"taxonomy":"product_cat","embeddable":true,"href":"https:\/\/maison4tiers.com\/ecrans-solidaires\/wp-json\/wp\/v2\/product_cat?post=4703"},{"taxonomy":"product_tag","embeddable":true,"href":"https:\/\/maison4tiers.com\/ecrans-solidaires\/wp-json\/wp\/v2\/product_tag?post=4703"}],"curies":[{"name":"wp","href":"https:\/\/api.w.org\/{rel}","templated":true}]}}