{"id":4690,"date":"2019-01-12T00:00:35","date_gmt":"2019-01-12T04:00:35","guid":{"rendered":"https:\/\/maison4tiers.com\/?post_type=product&#038;p=4690"},"modified":"2024-10-05T12:29:59","modified_gmt":"2024-10-05T16:29:59","slug":"le-vingtieme-siecle","status":"publish","type":"product","link":"https:\/\/maison4tiers.com\/ecrans-solidaires\/product\/le-vingtieme-siecle\/","title":{"rendered":"Le vingti\u00e8me si\u00e8cle"},"excerpt":{"rendered":"<p>Le film nous transporte \u00e0 Toronto, en 1899, o\u00f9 le jeune politicien Mackenzie King r\u00eave de devenir Premier ministre du Canada. Dans sa qu\u00eate de pouvoir, King devra satisfaire les attentes de sa m\u00e8re imp\u00e9rieuse, les fantasmes violents d\u2019un gouverneur g\u00e9n\u00e9ral belliqueux et l\u2019id\u00e9alisme utopique d\u2019un qu\u00e9b\u00e9cois mystique.<\/p>\n<blockquote><p><em>\u00ab L\u2019une des exp\u00e9riences les plus cr\u00e9atives, visuelles et captivantes du Festival [de Toronto]. \u00bb<br \/>\n<\/em><strong>\u2013\u00a0<a href=\"https:\/\/www.filmsquebec.com\/tiff-2019-the-twentieth-century-meilleur-premier-film-canadien\/\" target=\"_blank\" rel=\"noopener\">FILMS QU\u00c9BEC<\/a><\/strong><\/p>\n<p>&nbsp;<\/p>\n<p><em>\u00ab Matthew Rankin signe un film profond\u00e9ment canadien : dans son humour jamais tapageur et dans sa mani\u00e8re de concilier les diff\u00e9rences en une mosa\u00efque aussi d\u00e9jant\u00e9e que singuli\u00e8re. \u00bb<br \/>\n<\/em><strong>\u2013 <a href=\"https:\/\/www.ledevoir.com\/culture\/cinema\/569423\/le-vingtieme-siecle-le-king-du-canada#:~:text=Gr%C3%A2ce%20%C3%A0%20une%20distribution%20%C3%A9clectique,mosa%C3%AFque%20aussi%20d%C3%A9jant%C3%A9e%20que%20singuli%C3%A8re.\" target=\"_blank\" rel=\"noopener\">LE DEVOIR<\/a><\/strong><\/p><\/blockquote>\n<p><strong><a href=\"\/categorie-produit\/film\/quebecois\/\" target=\"_blank\" rel=\"noopener\"><span style=\"text-decoration: underline;\">Voir les autres films qu\u00e9b\u00e9cois<\/span><\/a><\/strong><\/p>\n<p>&nbsp;<\/p>\n<p><strong>*Disponible au Canada seulement<\/strong><\/p>\n","protected":false},"featured_media":7444,"template":"","meta":{"_acf_changed":false,"_eb_attr":""},"product_brand":[],"product_cat":[107,105,120,45,119,122,121,138,136,131,142],"product_tag":[638,274,633,634,212,637,632,631,636,635,189,213],"class_list":{"0":"post-4690","1":"product","2":"type-product","3":"status-publish","4":"has-post-thumbnail","6":"product_cat-comedie","7":"product_cat-drame","8":"product_cat-fiction","9":"product_cat-film","10":"product_cat-quebecois","11":"product_cat-reflexion","12":"product_cat-societe","13":"product_cat-bluray","14":"product_cat-dvd","15":"product_cat-touslesfilms","16":"product_cat-numerique","17":"product_tag-art","18":"product_tag-canada","19":"product_tag-dan-beirne","20":"product_tag-emmanuel-schwartz","21":"product_tag-experimental","22":"product_tag-histoire","23":"product_tag-le-20e-siecle","24":"product_tag-le-vingtieme-siecle","25":"product_tag-matthew-rankin","26":"product_tag-mikhail-ahooja","27":"product_tag-quebec","28":"product_tag-surrealisme","30":"first","31":"instock","32":"sale","33":"taxable","34":"shipping-taxable","35":"purchasable","36":"product-type-variable","37":"has-default-attributes"},"acf":[],"yoast_head":"<!-- This site is optimized with the Yoast SEO plugin v27.0 - https:\/\/yoast.com\/product\/yoast-seo-wordpress\/ -->\n<title>Le vingti\u00e8me si\u00e8cle - Film Qu\u00e9b\u00e9cois - \u00c9crans solidaires - \u00c9coutez maintenant<\/title>\n<meta name=\"description\" content=\"Le film nous transporte \u00e0 Toronto, dans le vingti\u00e8me si\u00e8cle, o\u00f9 le politicien Mackenzie King r\u00eave de devenir Premier ministre du Canada.\" \/>\n<meta name=\"robots\" content=\"noindex, follow, max-snippet:-1, max-image-preview:large, max-video-preview:-1\" \/>\n<meta property=\"og:locale\" content=\"fr_FR\" \/>\n<meta property=\"og:type\" content=\"article\" \/>\n<meta property=\"og:title\" content=\"Le vingti\u00e8me si\u00e8cle\" \/>\n<meta property=\"og:description\" content=\"Le film nous transporte \u00e0 Toronto, dans le vingti\u00e8me si\u00e8cle, o\u00f9 le politicien Mackenzie King r\u00eave de devenir Premier ministre du Canada.\" \/>\n<meta property=\"og:url\" content=\"https:\/\/maison4tiers.com\/ecrans-solidaires\/product\/le-vingtieme-siecle\/\" \/>\n<meta property=\"og:site_name\" content=\"\u00c9crans solidaires\" \/>\n<meta property=\"article:modified_time\" content=\"2024-10-05T16:29:59+00:00\" \/>\n<meta property=\"og:image\" content=\"https:\/\/maison4tiers.com\/ecrans-solidaires\/wp-content\/uploads\/sites\/76\/2019\/01\/50.jpg\" \/>\n\t<meta property=\"og:image:width\" content=\"800\" \/>\n\t<meta property=\"og:image:height\" content=\"1200\" \/>\n\t<meta property=\"og:image:type\" content=\"image\/jpeg\" \/>\n<meta name=\"twitter:card\" content=\"summary_large_image\" \/>\n<meta name=\"twitter:title\" content=\"Le vingti\u00e8me si\u00e8cle\" \/>\n<meta name=\"twitter:description\" content=\"Le film nous transporte \u00e0 Toronto, dans le vingti\u00e8me si\u00e8cle, o\u00f9 le politicien Mackenzie King r\u00eave de devenir Premier ministre du Canada.\" \/>\n<meta name=\"twitter:image\" content=\"https:\/\/maison4tiers.com\/ecrans-solidaires\/wp-content\/uploads\/sites\/76\/2019\/01\/50.jpg\" \/>\n<script type=\"application\/ld+json\" class=\"yoast-schema-graph\">{\"@context\":\"https:\/\/schema.org\",\"@graph\":[{\"@type\":\"WebPage\",\"@id\":\"https:\/\/maison4tiers.com\/ecrans-solidaires\/product\/le-vingtieme-siecle\/\",\"url\":\"https:\/\/maison4tiers.com\/ecrans-solidaires\/product\/le-vingtieme-siecle\/\",\"name\":\"Le vingti\u00e8me si\u00e8cle - Film Qu\u00e9b\u00e9cois - \u00c9crans solidaires - \u00c9coutez maintenant\",\"isPartOf\":{\"@id\":\"https:\/\/maison4tiers.com\/ecrans-solidaires\/#website\"},\"primaryImageOfPage\":{\"@id\":\"https:\/\/maison4tiers.com\/ecrans-solidaires\/product\/le-vingtieme-siecle\/#primaryimage\"},\"image\":{\"@id\":\"https:\/\/maison4tiers.com\/ecrans-solidaires\/product\/le-vingtieme-siecle\/#primaryimage\"},\"thumbnailUrl\":\"https:\/\/maison4tiers.com\/ecrans-solidaires\/wp-content\/uploads\/sites\/76\/2019\/01\/50.jpg\",\"datePublished\":\"2019-01-12T04:00:35+00:00\",\"dateModified\":\"2024-10-05T16:29:59+00:00\",\"description\":\"Le film nous transporte \u00e0 Toronto, dans le vingti\u00e8me si\u00e8cle, o\u00f9 le politicien Mackenzie King r\u00eave de devenir Premier ministre du Canada.\",\"breadcrumb\":{\"@id\":\"https:\/\/maison4tiers.com\/ecrans-solidaires\/product\/le-vingtieme-siecle\/#breadcrumb\"},\"inLanguage\":\"fr-FR\",\"potentialAction\":[{\"@type\":\"ReadAction\",\"target\":[\"https:\/\/maison4tiers.com\/ecrans-solidaires\/product\/le-vingtieme-siecle\/\"]}]},{\"@type\":\"ImageObject\",\"inLanguage\":\"fr-FR\",\"@id\":\"https:\/\/maison4tiers.com\/ecrans-solidaires\/product\/le-vingtieme-siecle\/#primaryimage\",\"url\":\"https:\/\/maison4tiers.com\/ecrans-solidaires\/wp-content\/uploads\/sites\/76\/2019\/01\/50.jpg\",\"contentUrl\":\"https:\/\/maison4tiers.com\/ecrans-solidaires\/wp-content\/uploads\/sites\/76\/2019\/01\/50.jpg\",\"width\":800,\"height\":1200,\"caption\":\"Le vingti\u00e8me si\u00e8cle\"},{\"@type\":\"BreadcrumbList\",\"@id\":\"https:\/\/maison4tiers.com\/ecrans-solidaires\/product\/le-vingtieme-siecle\/#breadcrumb\",\"itemListElement\":[{\"@type\":\"ListItem\",\"position\":1,\"name\":\"Home\",\"item\":\"https:\/\/maison4tiers.com\/ecrans-solidaires\/\"},{\"@type\":\"ListItem\",\"position\":2,\"name\":\"Films\",\"item\":\"https:\/\/maison4tiers.com\/ecrans-solidaires\/films\/\"},{\"@type\":\"ListItem\",\"position\":3,\"name\":\"Le vingti\u00e8me si\u00e8cle\"}]},{\"@type\":\"WebSite\",\"@id\":\"https:\/\/maison4tiers.com\/ecrans-solidaires\/#website\",\"url\":\"https:\/\/maison4tiers.com\/ecrans-solidaires\/\",\"name\":\"\u00c9crans solidaires\",\"description\":\"Distribution multiplateforme de films qu\u00e9b\u00e9cois et internationaux\",\"publisher\":{\"@id\":\"https:\/\/maison4tiers.com\/ecrans-solidaires\/#organization\"},\"potentialAction\":[{\"@type\":\"SearchAction\",\"target\":{\"@type\":\"EntryPoint\",\"urlTemplate\":\"https:\/\/maison4tiers.com\/ecrans-solidaires\/?s={search_term_string}\"},\"query-input\":{\"@type\":\"PropertyValueSpecification\",\"valueRequired\":true,\"valueName\":\"search_term_string\"}}],\"inLanguage\":\"fr-FR\"},{\"@type\":\"Organization\",\"@id\":\"https:\/\/maison4tiers.com\/ecrans-solidaires\/#organization\",\"name\":\"\u00c9crans solidaires\",\"url\":\"https:\/\/maison4tiers.com\/ecrans-solidaires\/\",\"logo\":{\"@type\":\"ImageObject\",\"inLanguage\":\"fr-FR\",\"@id\":\"https:\/\/maison4tiers.com\/ecrans-solidaires\/#\/schema\/logo\/image\/\",\"url\":\"https:\/\/maison4tiers.com\/ecrans-solidaires\/wp-content\/uploads\/sites\/76\/2020\/11\/favicon-196.png\",\"contentUrl\":\"https:\/\/maison4tiers.com\/ecrans-solidaires\/wp-content\/uploads\/sites\/76\/2020\/11\/favicon-196.png\",\"width\":196,\"height\":196,\"caption\":\"\u00c9crans solidaires\"},\"image\":{\"@id\":\"https:\/\/maison4tiers.com\/ecrans-solidaires\/#\/schema\/logo\/image\/\"}}]}<\/script>\n<!-- \/ Yoast SEO plugin. -->","yoast_head_json":{"title":"Le vingti\u00e8me si\u00e8cle - Film Qu\u00e9b\u00e9cois - \u00c9crans solidaires - \u00c9coutez maintenant","description":"Le film nous transporte \u00e0 Toronto, dans le vingti\u00e8me si\u00e8cle, o\u00f9 le politicien Mackenzie King r\u00eave de devenir Premier ministre du Canada.","robots":{"index":"noindex","follow":"follow","max-snippet":"max-snippet:-1","max-image-preview":"max-image-preview:large","max-video-preview":"max-video-preview:-1"},"og_locale":"fr_FR","og_type":"article","og_title":"Le vingti\u00e8me si\u00e8cle","og_description":"Le film nous transporte \u00e0 Toronto, dans le vingti\u00e8me si\u00e8cle, o\u00f9 le politicien Mackenzie King r\u00eave de devenir Premier ministre du Canada.","og_url":"https:\/\/maison4tiers.com\/ecrans-solidaires\/product\/le-vingtieme-siecle\/","og_site_name":"\u00c9crans solidaires","article_modified_time":"2024-10-05T16:29:59+00:00","og_image":[{"width":800,"height":1200,"url":"https:\/\/maison4tiers.com\/ecrans-solidaires\/wp-content\/uploads\/sites\/76\/2019\/01\/50.jpg","type":"image\/jpeg"}],"twitter_card":"summary_large_image","twitter_title":"Le vingti\u00e8me si\u00e8cle","twitter_description":"Le film nous transporte \u00e0 Toronto, dans le vingti\u00e8me si\u00e8cle, o\u00f9 le politicien Mackenzie King r\u00eave de devenir Premier ministre du Canada.","twitter_image":"https:\/\/maison4tiers.com\/ecrans-solidaires\/wp-content\/uploads\/sites\/76\/2019\/01\/50.jpg","schema":{"@context":"https:\/\/schema.org","@graph":[{"@type":"WebPage","@id":"https:\/\/maison4tiers.com\/ecrans-solidaires\/product\/le-vingtieme-siecle\/","url":"https:\/\/maison4tiers.com\/ecrans-solidaires\/product\/le-vingtieme-siecle\/","name":"Le vingti\u00e8me si\u00e8cle - Film Qu\u00e9b\u00e9cois - \u00c9crans solidaires - \u00c9coutez maintenant","isPartOf":{"@id":"https:\/\/maison4tiers.com\/ecrans-solidaires\/#website"},"primaryImageOfPage":{"@id":"https:\/\/maison4tiers.com\/ecrans-solidaires\/product\/le-vingtieme-siecle\/#primaryimage"},"image":{"@id":"https:\/\/maison4tiers.com\/ecrans-solidaires\/product\/le-vingtieme-siecle\/#primaryimage"},"thumbnailUrl":"https:\/\/maison4tiers.com\/ecrans-solidaires\/wp-content\/uploads\/sites\/76\/2019\/01\/50.jpg","datePublished":"2019-01-12T04:00:35+00:00","dateModified":"2024-10-05T16:29:59+00:00","description":"Le film nous transporte \u00e0 Toronto, dans le vingti\u00e8me si\u00e8cle, o\u00f9 le politicien Mackenzie King r\u00eave de devenir Premier ministre du Canada.","breadcrumb":{"@id":"https:\/\/maison4tiers.com\/ecrans-solidaires\/product\/le-vingtieme-siecle\/#breadcrumb"},"inLanguage":"fr-FR","potentialAction":[{"@type":"ReadAction","target":["https:\/\/maison4tiers.com\/ecrans-solidaires\/product\/le-vingtieme-siecle\/"]}]},{"@type":"ImageObject","inLanguage":"fr-FR","@id":"https:\/\/maison4tiers.com\/ecrans-solidaires\/product\/le-vingtieme-siecle\/#primaryimage","url":"https:\/\/maison4tiers.com\/ecrans-solidaires\/wp-content\/uploads\/sites\/76\/2019\/01\/50.jpg","contentUrl":"https:\/\/maison4tiers.com\/ecrans-solidaires\/wp-content\/uploads\/sites\/76\/2019\/01\/50.jpg","width":800,"height":1200,"caption":"Le vingti\u00e8me si\u00e8cle"},{"@type":"BreadcrumbList","@id":"https:\/\/maison4tiers.com\/ecrans-solidaires\/product\/le-vingtieme-siecle\/#breadcrumb","itemListElement":[{"@type":"ListItem","position":1,"name":"Home","item":"https:\/\/maison4tiers.com\/ecrans-solidaires\/"},{"@type":"ListItem","position":2,"name":"Films","item":"https:\/\/maison4tiers.com\/ecrans-solidaires\/films\/"},{"@type":"ListItem","position":3,"name":"Le vingti\u00e8me si\u00e8cle"}]},{"@type":"WebSite","@id":"https:\/\/maison4tiers.com\/ecrans-solidaires\/#website","url":"https:\/\/maison4tiers.com\/ecrans-solidaires\/","name":"\u00c9crans solidaires","description":"Distribution multiplateforme de films qu\u00e9b\u00e9cois et internationaux","publisher":{"@id":"https:\/\/maison4tiers.com\/ecrans-solidaires\/#organization"},"potentialAction":[{"@type":"SearchAction","target":{"@type":"EntryPoint","urlTemplate":"https:\/\/maison4tiers.com\/ecrans-solidaires\/?s={search_term_string}"},"query-input":{"@type":"PropertyValueSpecification","valueRequired":true,"valueName":"search_term_string"}}],"inLanguage":"fr-FR"},{"@type":"Organization","@id":"https:\/\/maison4tiers.com\/ecrans-solidaires\/#organization","name":"\u00c9crans solidaires","url":"https:\/\/maison4tiers.com\/ecrans-solidaires\/","logo":{"@type":"ImageObject","inLanguage":"fr-FR","@id":"https:\/\/maison4tiers.com\/ecrans-solidaires\/#\/schema\/logo\/image\/","url":"https:\/\/maison4tiers.com\/ecrans-solidaires\/wp-content\/uploads\/sites\/76\/2020\/11\/favicon-196.png","contentUrl":"https:\/\/maison4tiers.com\/ecrans-solidaires\/wp-content\/uploads\/sites\/76\/2020\/11\/favicon-196.png","width":196,"height":196,"caption":"\u00c9crans solidaires"},"image":{"@id":"https:\/\/maison4tiers.com\/ecrans-solidaires\/#\/schema\/logo\/image\/"}}]}},"jetpack_sharing_enabled":true,"_links":{"self":[{"href":"https:\/\/maison4tiers.com\/ecrans-solidaires\/wp-json\/wp\/v2\/product\/4690","targetHints":{"allow":["GET"]}}],"collection":[{"href":"https:\/\/maison4tiers.com\/ecrans-solidaires\/wp-json\/wp\/v2\/product"}],"about":[{"href":"https:\/\/maison4tiers.com\/ecrans-solidaires\/wp-json\/wp\/v2\/types\/product"}],"wp:featuredmedia":[{"embeddable":true,"href":"https:\/\/maison4tiers.com\/ecrans-solidaires\/wp-json\/wp\/v2\/media\/7444"}],"wp:attachment":[{"href":"https:\/\/maison4tiers.com\/ecrans-solidaires\/wp-json\/wp\/v2\/media?parent=4690"}],"wp:term":[{"taxonomy":"product_brand","embeddable":true,"href":"https:\/\/maison4tiers.com\/ecrans-solidaires\/wp-json\/wp\/v2\/product_brand?post=4690"},{"taxonomy":"product_cat","embeddable":true,"href":"https:\/\/maison4tiers.com\/ecrans-solidaires\/wp-json\/wp\/v2\/product_cat?post=4690"},{"taxonomy":"product_tag","embeddable":true,"href":"https:\/\/maison4tiers.com\/ecrans-solidaires\/wp-json\/wp\/v2\/product_tag?post=4690"}],"curies":[{"name":"wp","href":"https:\/\/api.w.org\/{rel}","templated":true}]}}