{"id":4668,"date":"2018-01-12T00:00:32","date_gmt":"2018-01-12T04:00:32","guid":{"rendered":"https:\/\/maison4tiers.com\/?post_type=product&#038;p=4668"},"modified":"2024-09-23T09:28:34","modified_gmt":"2024-09-23T13:28:34","slug":"quand-les-pouvoirs-semmelent","status":"publish","type":"product","link":"https:\/\/maison4tiers.com\/ecrans-solidaires\/product\/quand-les-pouvoirs-semmelent\/","title":{"rendered":"Quand les pouvoirs s&#8217;emm\u00ealent"},"excerpt":{"rendered":"<p>Depuis deux de\u0301cennies, dans plusieurs re\u0301gions du monde, nous assistons a\u0300 des rapprochements entre les pouvoirs politiques et religieux. Ce retour des valeurs traditionnelles cause, dans ces me\u0302mes re\u0301gions, des reculs importants des droits des femmes. Les femmes arabo- musulmanes ont vu leur liberte\u0301 atteinte durement et leur place dans la socie\u0301te\u0301 n\u2019est plus comparable a\u0300 celle du milieu du 20e sie\u0300cle. Et sous des apparences de grande liberte\u0301, les droits des femmes de l\u2019Occident subissent les effets d\u2019un fort vent traditionaliste. Le film fait le constat de la fragilite\u0301 des droits des femmes pourtant durement acquis et de ce que nous sommes en train de pre\u0301parer comme socie\u0301te\u0301 pour nos filles et nos fils.<\/p>\n<blockquote><p><em>\u00ab\u00a0Un film ne\u0301cessaire ! Les intervenants sont d\u2019une pertinence ! C\u2019est vraiment a\u0300 voir\u00a0!\u00a0\u00bb<\/em><br \/>\n<strong>\u2013\u00a0<a href=\"https:\/\/ici.radio-canada.ca\/ohdio\/premiere\/emissions\/premiere-heure\/segments\/entrevue\/88650\/quand-pouvoir-emmelent-droit-femme-graton-defour\" target=\"_blank\" rel=\"noopener\">RADIO-CANADA<\/a><\/strong><\/p><\/blockquote>\n<p><a href=\"https:\/\/maison4tiers.com\/categorie-produit\/film\/documentaire\/\" target=\"_blank\" rel=\"noopener\"><strong><span style=\"text-decoration: underline;\">Voir les autres documentaires<\/span><\/strong><\/a><\/p>\n<p>&nbsp;<\/p>\n<p><strong>*Disponible au Canada seulement<\/strong><\/p>\n","protected":false},"featured_media":7474,"template":"","meta":{"_acf_changed":false,"_eb_attr":""},"product_brand":[],"product_cat":[78,45,119,122,121,136,131,142],"product_tag":[345,785,216,784,358,433,782,781,783,347,786,787],"class_list":{"0":"post-4668","1":"product","2":"type-product","3":"status-publish","4":"has-post-thumbnail","6":"product_cat-documentaire","7":"product_cat-film","8":"product_cat-quebecois","9":"product_cat-reflexion","10":"product_cat-societe","11":"product_cat-dvd","12":"product_cat-touslesfilms","13":"product_cat-numerique","14":"product_tag-debat","15":"product_tag-debat-social","16":"product_tag-feminisme","17":"product_tag-laicite","18":"product_tag-montreal","19":"product_tag-paris-2","20":"product_tag-pouvoirs","21":"product_tag-quand-les-pouvoir-semmelent","22":"product_tag-semmelent","23":"product_tag-societe","24":"product_tag-tunisie","25":"product_tag-washington","26":"product_shipping_class-livraison","28":"first","29":"instock","30":"taxable","31":"shipping-taxable","32":"purchasable","33":"product-type-variable","34":"has-default-attributes"},"acf":[],"yoast_head":"<!-- This site is optimized with the Yoast SEO plugin v27.0 - https:\/\/yoast.com\/product\/yoast-seo-wordpress\/ -->\n<title>Quand les pouvoirs s&#039;emm\u00ealent - Documentaire - \u00c9crans solidaires -<\/title>\n<meta name=\"description\" content=\"Depuis deux de\u0301cennies, dans plusieurs re\u0301gions du monde, nous assistons a\u0300 des rapprochements entre les pouvoirs politiques et religieux.\" \/>\n<meta name=\"robots\" content=\"noindex, follow, max-snippet:-1, max-image-preview:large, max-video-preview:-1\" \/>\n<meta property=\"og:locale\" content=\"fr_FR\" \/>\n<meta property=\"og:type\" content=\"article\" \/>\n<meta property=\"og:title\" content=\"Quand les pouvoirs s&#039;emm\u00ealent\" \/>\n<meta property=\"og:description\" content=\"Depuis deux de\u0301cennies, dans plusieurs re\u0301gions du monde, nous assistons a\u0300 des rapprochements entre les pouvoirs politiques et religieux.\" \/>\n<meta property=\"og:url\" content=\"https:\/\/maison4tiers.com\/ecrans-solidaires\/product\/quand-les-pouvoirs-semmelent\/\" \/>\n<meta property=\"og:site_name\" content=\"\u00c9crans solidaires\" \/>\n<meta property=\"article:modified_time\" content=\"2024-09-23T13:28:34+00:00\" \/>\n<meta property=\"og:image\" content=\"https:\/\/maison4tiers.com\/ecrans-solidaires\/wp-content\/uploads\/sites\/76\/2018\/01\/16.jpg\" \/>\n\t<meta property=\"og:image:width\" content=\"800\" \/>\n\t<meta property=\"og:image:height\" content=\"1200\" \/>\n\t<meta property=\"og:image:type\" content=\"image\/jpeg\" \/>\n<meta name=\"twitter:card\" content=\"summary_large_image\" \/>\n<meta name=\"twitter:title\" content=\"Quand les pouvoirs s&#039;emm\u00ealent\" \/>\n<meta name=\"twitter:description\" content=\"Depuis deux de\u0301cennies, dans plusieurs re\u0301gions du monde, nous assistons a\u0300 des rapprochements entre les pouvoirs politiques et religieux.\" \/>\n<meta name=\"twitter:image\" content=\"https:\/\/maison4tiers.com\/ecrans-solidaires\/wp-content\/uploads\/sites\/76\/2018\/01\/16.jpg\" \/>\n<meta name=\"twitter:label1\" content=\"Dur\u00e9e de lecture estim\u00e9e\" \/>\n\t<meta name=\"twitter:data1\" content=\"1 minute\" \/>\n<script type=\"application\/ld+json\" class=\"yoast-schema-graph\">{\"@context\":\"https:\/\/schema.org\",\"@graph\":[{\"@type\":\"WebPage\",\"@id\":\"https:\/\/maison4tiers.com\/ecrans-solidaires\/product\/quand-les-pouvoirs-semmelent\/\",\"url\":\"https:\/\/maison4tiers.com\/ecrans-solidaires\/product\/quand-les-pouvoirs-semmelent\/\",\"name\":\"Quand les pouvoirs s'emm\u00ealent - Documentaire - \u00c9crans solidaires -\",\"isPartOf\":{\"@id\":\"https:\/\/maison4tiers.com\/ecrans-solidaires\/#website\"},\"primaryImageOfPage\":{\"@id\":\"https:\/\/maison4tiers.com\/ecrans-solidaires\/product\/quand-les-pouvoirs-semmelent\/#primaryimage\"},\"image\":{\"@id\":\"https:\/\/maison4tiers.com\/ecrans-solidaires\/product\/quand-les-pouvoirs-semmelent\/#primaryimage\"},\"thumbnailUrl\":\"https:\/\/maison4tiers.com\/ecrans-solidaires\/wp-content\/uploads\/sites\/76\/2018\/01\/16.jpg\",\"datePublished\":\"2018-01-12T04:00:32+00:00\",\"dateModified\":\"2024-09-23T13:28:34+00:00\",\"description\":\"Depuis deux de\u0301cennies, dans plusieurs re\u0301gions du monde, nous assistons a\u0300 des rapprochements entre les pouvoirs politiques et religieux.\",\"breadcrumb\":{\"@id\":\"https:\/\/maison4tiers.com\/ecrans-solidaires\/product\/quand-les-pouvoirs-semmelent\/#breadcrumb\"},\"inLanguage\":\"fr-FR\",\"potentialAction\":[{\"@type\":\"ReadAction\",\"target\":[\"https:\/\/maison4tiers.com\/ecrans-solidaires\/product\/quand-les-pouvoirs-semmelent\/\"]}]},{\"@type\":\"ImageObject\",\"inLanguage\":\"fr-FR\",\"@id\":\"https:\/\/maison4tiers.com\/ecrans-solidaires\/product\/quand-les-pouvoirs-semmelent\/#primaryimage\",\"url\":\"https:\/\/maison4tiers.com\/ecrans-solidaires\/wp-content\/uploads\/sites\/76\/2018\/01\/16.jpg\",\"contentUrl\":\"https:\/\/maison4tiers.com\/ecrans-solidaires\/wp-content\/uploads\/sites\/76\/2018\/01\/16.jpg\",\"width\":800,\"height\":1200,\"caption\":\"Quand les pouvoirs s'emm\u00ealent\"},{\"@type\":\"BreadcrumbList\",\"@id\":\"https:\/\/maison4tiers.com\/ecrans-solidaires\/product\/quand-les-pouvoirs-semmelent\/#breadcrumb\",\"itemListElement\":[{\"@type\":\"ListItem\",\"position\":1,\"name\":\"Home\",\"item\":\"https:\/\/maison4tiers.com\/ecrans-solidaires\/\"},{\"@type\":\"ListItem\",\"position\":2,\"name\":\"Films\",\"item\":\"https:\/\/maison4tiers.com\/ecrans-solidaires\/films\/\"},{\"@type\":\"ListItem\",\"position\":3,\"name\":\"Quand les pouvoirs s&#8217;emm\u00ealent\"}]},{\"@type\":\"WebSite\",\"@id\":\"https:\/\/maison4tiers.com\/ecrans-solidaires\/#website\",\"url\":\"https:\/\/maison4tiers.com\/ecrans-solidaires\/\",\"name\":\"\u00c9crans solidaires\",\"description\":\"Distribution multiplateforme de films qu\u00e9b\u00e9cois et internationaux\",\"publisher\":{\"@id\":\"https:\/\/maison4tiers.com\/ecrans-solidaires\/#organization\"},\"potentialAction\":[{\"@type\":\"SearchAction\",\"target\":{\"@type\":\"EntryPoint\",\"urlTemplate\":\"https:\/\/maison4tiers.com\/ecrans-solidaires\/?s={search_term_string}\"},\"query-input\":{\"@type\":\"PropertyValueSpecification\",\"valueRequired\":true,\"valueName\":\"search_term_string\"}}],\"inLanguage\":\"fr-FR\"},{\"@type\":\"Organization\",\"@id\":\"https:\/\/maison4tiers.com\/ecrans-solidaires\/#organization\",\"name\":\"\u00c9crans solidaires\",\"url\":\"https:\/\/maison4tiers.com\/ecrans-solidaires\/\",\"logo\":{\"@type\":\"ImageObject\",\"inLanguage\":\"fr-FR\",\"@id\":\"https:\/\/maison4tiers.com\/ecrans-solidaires\/#\/schema\/logo\/image\/\",\"url\":\"https:\/\/maison4tiers.com\/ecrans-solidaires\/wp-content\/uploads\/sites\/76\/2020\/11\/favicon-196.png\",\"contentUrl\":\"https:\/\/maison4tiers.com\/ecrans-solidaires\/wp-content\/uploads\/sites\/76\/2020\/11\/favicon-196.png\",\"width\":196,\"height\":196,\"caption\":\"\u00c9crans solidaires\"},\"image\":{\"@id\":\"https:\/\/maison4tiers.com\/ecrans-solidaires\/#\/schema\/logo\/image\/\"}}]}<\/script>\n<!-- \/ Yoast SEO plugin. -->","yoast_head_json":{"title":"Quand les pouvoirs s'emm\u00ealent - Documentaire - \u00c9crans solidaires -","description":"Depuis deux de\u0301cennies, dans plusieurs re\u0301gions du monde, nous assistons a\u0300 des rapprochements entre les pouvoirs politiques et religieux.","robots":{"index":"noindex","follow":"follow","max-snippet":"max-snippet:-1","max-image-preview":"max-image-preview:large","max-video-preview":"max-video-preview:-1"},"og_locale":"fr_FR","og_type":"article","og_title":"Quand les pouvoirs s'emm\u00ealent","og_description":"Depuis deux de\u0301cennies, dans plusieurs re\u0301gions du monde, nous assistons a\u0300 des rapprochements entre les pouvoirs politiques et religieux.","og_url":"https:\/\/maison4tiers.com\/ecrans-solidaires\/product\/quand-les-pouvoirs-semmelent\/","og_site_name":"\u00c9crans solidaires","article_modified_time":"2024-09-23T13:28:34+00:00","og_image":[{"width":800,"height":1200,"url":"https:\/\/maison4tiers.com\/ecrans-solidaires\/wp-content\/uploads\/sites\/76\/2018\/01\/16.jpg","type":"image\/jpeg"}],"twitter_card":"summary_large_image","twitter_title":"Quand les pouvoirs s'emm\u00ealent","twitter_description":"Depuis deux de\u0301cennies, dans plusieurs re\u0301gions du monde, nous assistons a\u0300 des rapprochements entre les pouvoirs politiques et religieux.","twitter_image":"https:\/\/maison4tiers.com\/ecrans-solidaires\/wp-content\/uploads\/sites\/76\/2018\/01\/16.jpg","twitter_misc":{"Dur\u00e9e de lecture estim\u00e9e":"1 minute"},"schema":{"@context":"https:\/\/schema.org","@graph":[{"@type":"WebPage","@id":"https:\/\/maison4tiers.com\/ecrans-solidaires\/product\/quand-les-pouvoirs-semmelent\/","url":"https:\/\/maison4tiers.com\/ecrans-solidaires\/product\/quand-les-pouvoirs-semmelent\/","name":"Quand les pouvoirs s'emm\u00ealent - Documentaire - \u00c9crans solidaires -","isPartOf":{"@id":"https:\/\/maison4tiers.com\/ecrans-solidaires\/#website"},"primaryImageOfPage":{"@id":"https:\/\/maison4tiers.com\/ecrans-solidaires\/product\/quand-les-pouvoirs-semmelent\/#primaryimage"},"image":{"@id":"https:\/\/maison4tiers.com\/ecrans-solidaires\/product\/quand-les-pouvoirs-semmelent\/#primaryimage"},"thumbnailUrl":"https:\/\/maison4tiers.com\/ecrans-solidaires\/wp-content\/uploads\/sites\/76\/2018\/01\/16.jpg","datePublished":"2018-01-12T04:00:32+00:00","dateModified":"2024-09-23T13:28:34+00:00","description":"Depuis deux de\u0301cennies, dans plusieurs re\u0301gions du monde, nous assistons a\u0300 des rapprochements entre les pouvoirs politiques et religieux.","breadcrumb":{"@id":"https:\/\/maison4tiers.com\/ecrans-solidaires\/product\/quand-les-pouvoirs-semmelent\/#breadcrumb"},"inLanguage":"fr-FR","potentialAction":[{"@type":"ReadAction","target":["https:\/\/maison4tiers.com\/ecrans-solidaires\/product\/quand-les-pouvoirs-semmelent\/"]}]},{"@type":"ImageObject","inLanguage":"fr-FR","@id":"https:\/\/maison4tiers.com\/ecrans-solidaires\/product\/quand-les-pouvoirs-semmelent\/#primaryimage","url":"https:\/\/maison4tiers.com\/ecrans-solidaires\/wp-content\/uploads\/sites\/76\/2018\/01\/16.jpg","contentUrl":"https:\/\/maison4tiers.com\/ecrans-solidaires\/wp-content\/uploads\/sites\/76\/2018\/01\/16.jpg","width":800,"height":1200,"caption":"Quand les pouvoirs s'emm\u00ealent"},{"@type":"BreadcrumbList","@id":"https:\/\/maison4tiers.com\/ecrans-solidaires\/product\/quand-les-pouvoirs-semmelent\/#breadcrumb","itemListElement":[{"@type":"ListItem","position":1,"name":"Home","item":"https:\/\/maison4tiers.com\/ecrans-solidaires\/"},{"@type":"ListItem","position":2,"name":"Films","item":"https:\/\/maison4tiers.com\/ecrans-solidaires\/films\/"},{"@type":"ListItem","position":3,"name":"Quand les pouvoirs s&#8217;emm\u00ealent"}]},{"@type":"WebSite","@id":"https:\/\/maison4tiers.com\/ecrans-solidaires\/#website","url":"https:\/\/maison4tiers.com\/ecrans-solidaires\/","name":"\u00c9crans solidaires","description":"Distribution multiplateforme de films qu\u00e9b\u00e9cois et internationaux","publisher":{"@id":"https:\/\/maison4tiers.com\/ecrans-solidaires\/#organization"},"potentialAction":[{"@type":"SearchAction","target":{"@type":"EntryPoint","urlTemplate":"https:\/\/maison4tiers.com\/ecrans-solidaires\/?s={search_term_string}"},"query-input":{"@type":"PropertyValueSpecification","valueRequired":true,"valueName":"search_term_string"}}],"inLanguage":"fr-FR"},{"@type":"Organization","@id":"https:\/\/maison4tiers.com\/ecrans-solidaires\/#organization","name":"\u00c9crans solidaires","url":"https:\/\/maison4tiers.com\/ecrans-solidaires\/","logo":{"@type":"ImageObject","inLanguage":"fr-FR","@id":"https:\/\/maison4tiers.com\/ecrans-solidaires\/#\/schema\/logo\/image\/","url":"https:\/\/maison4tiers.com\/ecrans-solidaires\/wp-content\/uploads\/sites\/76\/2020\/11\/favicon-196.png","contentUrl":"https:\/\/maison4tiers.com\/ecrans-solidaires\/wp-content\/uploads\/sites\/76\/2020\/11\/favicon-196.png","width":196,"height":196,"caption":"\u00c9crans solidaires"},"image":{"@id":"https:\/\/maison4tiers.com\/ecrans-solidaires\/#\/schema\/logo\/image\/"}}]}},"jetpack_sharing_enabled":true,"_links":{"self":[{"href":"https:\/\/maison4tiers.com\/ecrans-solidaires\/wp-json\/wp\/v2\/product\/4668","targetHints":{"allow":["GET"]}}],"collection":[{"href":"https:\/\/maison4tiers.com\/ecrans-solidaires\/wp-json\/wp\/v2\/product"}],"about":[{"href":"https:\/\/maison4tiers.com\/ecrans-solidaires\/wp-json\/wp\/v2\/types\/product"}],"wp:featuredmedia":[{"embeddable":true,"href":"https:\/\/maison4tiers.com\/ecrans-solidaires\/wp-json\/wp\/v2\/media\/7474"}],"wp:attachment":[{"href":"https:\/\/maison4tiers.com\/ecrans-solidaires\/wp-json\/wp\/v2\/media?parent=4668"}],"wp:term":[{"taxonomy":"product_brand","embeddable":true,"href":"https:\/\/maison4tiers.com\/ecrans-solidaires\/wp-json\/wp\/v2\/product_brand?post=4668"},{"taxonomy":"product_cat","embeddable":true,"href":"https:\/\/maison4tiers.com\/ecrans-solidaires\/wp-json\/wp\/v2\/product_cat?post=4668"},{"taxonomy":"product_tag","embeddable":true,"href":"https:\/\/maison4tiers.com\/ecrans-solidaires\/wp-json\/wp\/v2\/product_tag?post=4668"}],"curies":[{"name":"wp","href":"https:\/\/api.w.org\/{rel}","templated":true}]}}