{"id":4630,"date":"2018-01-12T00:00:21","date_gmt":"2018-01-12T04:00:21","guid":{"rendered":"https:\/\/maison4tiers.com\/?post_type=product&#038;p=4630"},"modified":"2022-01-12T13:15:03","modified_gmt":"2022-01-12T17:15:03","slug":"pendular","status":"publish","type":"product","link":"https:\/\/maison4tiers.com\/ecrans-solidaires\/product\/pendular\/","title":{"rendered":"Pendular"},"excerpt":{"rendered":"<p>Un jeune couple s\u2019installe dans un e\u0301norme loft vide. Une bande orange colle\u0301e sur le sol se\u0301pare l\u2019espace en deux parties identiques. D\u2019un co\u0302te\u0301 le studio de danse de la femme et de l\u2019autre, l\u2019atelier de l\u2019homme. Dans cet espace qui me\u0302le art, performance et intimite\u0301, les deux personnages se perdent petit a\u0300 petit. Les frontie\u0300res entre projets artistiques, vie amoureuse et professionnelle se brouillent de plus en plus.<\/p>\n<blockquote><p><em>\u00ab\u00a0La Bre\u0301silienne Julia Murat marque les esprits avec cette chronique contemporaine d\u2019un couple vacillant, qui se caracte\u0301rise par sa finesse et sa justesse de ton.\u00a0\u00bb<br \/>\n<\/em><strong>\u2013 <a href=\"https:\/\/mediafilm.ca\/2017\/pendular\" target=\"_blank\" rel=\"noopener\">ME\u0301DIAFILM<\/a><\/strong><\/p><\/blockquote>\n<p><a href=\"https:\/\/maison4tiers.com\/categorie-produit\/film\/drame\/\" target=\"_blank\" rel=\"noopener\"><span style=\"text-decoration: underline;\"><strong>Voir les autres films dramatiques<\/strong><\/span><\/a><\/p>\n<p>&nbsp;<\/p>\n<p><strong>*Disponible au Canada seulement<\/strong><\/p>\n","protected":false},"featured_media":7478,"template":"","meta":{"_acf_changed":false,"_eb_attr":""},"product_brand":[],"product_cat":[105,45,131,142],"product_tag":[],"class_list":{"0":"post-4630","1":"product","2":"type-product","3":"status-publish","4":"has-post-thumbnail","6":"product_cat-drame","7":"product_cat-film","8":"product_cat-touslesfilms","9":"product_cat-numerique","10":"product_shipping_class-livraison","12":"first","13":"instock","14":"taxable","15":"shipping-taxable","16":"purchasable","17":"product-type-variable","18":"has-default-attributes"},"acf":[],"yoast_head":"<!-- This site is optimized with the Yoast SEO plugin v27.0 - https:\/\/yoast.com\/product\/yoast-seo-wordpress\/ -->\n<title>Pendular - Drame - \u00c9crans solidaires - \u00c9coutez maintenant<\/title>\n<meta name=\"description\" content=\"Pendular. Un jeune couple s\u2019installe dans un e\u0301norme loft vide. Une bande orange colle\u0301e sur le sol se\u0301pare l\u2019espace en deux parties identiques.\" \/>\n<meta name=\"robots\" content=\"noindex, follow, max-snippet:-1, max-image-preview:large, max-video-preview:-1\" \/>\n<meta property=\"og:locale\" content=\"fr_FR\" \/>\n<meta property=\"og:type\" content=\"article\" \/>\n<meta property=\"og:title\" content=\"Pendular\" \/>\n<meta property=\"og:description\" content=\"Pendular. Un jeune couple s\u2019installe dans un e\u0301norme loft vide. Une bande orange colle\u0301e sur le sol se\u0301pare l\u2019espace en deux parties identiques.\" \/>\n<meta property=\"og:url\" content=\"https:\/\/maison4tiers.com\/ecrans-solidaires\/product\/pendular\/\" \/>\n<meta property=\"og:site_name\" content=\"\u00c9crans solidaires\" \/>\n<meta property=\"article:modified_time\" content=\"2022-01-12T17:15:03+00:00\" \/>\n<meta property=\"og:image\" content=\"https:\/\/maison4tiers.com\/ecrans-solidaires\/wp-content\/uploads\/sites\/76\/2018\/01\/11.jpg\" \/>\n\t<meta property=\"og:image:width\" content=\"800\" \/>\n\t<meta property=\"og:image:height\" content=\"1200\" \/>\n\t<meta property=\"og:image:type\" content=\"image\/jpeg\" \/>\n<meta name=\"twitter:card\" content=\"summary_large_image\" \/>\n<meta name=\"twitter:title\" content=\"Pendular\" \/>\n<meta name=\"twitter:description\" content=\"Pendular. Un jeune couple s\u2019installe dans un e\u0301norme loft vide. Une bande orange colle\u0301e sur le sol se\u0301pare l\u2019espace en deux parties identiques.\" \/>\n<meta name=\"twitter:image\" content=\"https:\/\/maison4tiers.com\/ecrans-solidaires\/wp-content\/uploads\/sites\/76\/2018\/01\/11.jpg\" \/>\n<script type=\"application\/ld+json\" class=\"yoast-schema-graph\">{\"@context\":\"https:\/\/schema.org\",\"@graph\":[{\"@type\":\"WebPage\",\"@id\":\"https:\/\/maison4tiers.com\/ecrans-solidaires\/product\/pendular\/\",\"url\":\"https:\/\/maison4tiers.com\/ecrans-solidaires\/product\/pendular\/\",\"name\":\"Pendular - Drame - \u00c9crans solidaires - \u00c9coutez maintenant\",\"isPartOf\":{\"@id\":\"https:\/\/maison4tiers.com\/ecrans-solidaires\/#website\"},\"primaryImageOfPage\":{\"@id\":\"https:\/\/maison4tiers.com\/ecrans-solidaires\/product\/pendular\/#primaryimage\"},\"image\":{\"@id\":\"https:\/\/maison4tiers.com\/ecrans-solidaires\/product\/pendular\/#primaryimage\"},\"thumbnailUrl\":\"https:\/\/maison4tiers.com\/ecrans-solidaires\/wp-content\/uploads\/sites\/76\/2018\/01\/11.jpg\",\"datePublished\":\"2018-01-12T04:00:21+00:00\",\"dateModified\":\"2022-01-12T17:15:03+00:00\",\"description\":\"Pendular. Un jeune couple s\u2019installe dans un e\u0301norme loft vide. Une bande orange colle\u0301e sur le sol se\u0301pare l\u2019espace en deux parties identiques.\",\"breadcrumb\":{\"@id\":\"https:\/\/maison4tiers.com\/ecrans-solidaires\/product\/pendular\/#breadcrumb\"},\"inLanguage\":\"fr-FR\",\"potentialAction\":[{\"@type\":\"ReadAction\",\"target\":[\"https:\/\/maison4tiers.com\/ecrans-solidaires\/product\/pendular\/\"]}]},{\"@type\":\"ImageObject\",\"inLanguage\":\"fr-FR\",\"@id\":\"https:\/\/maison4tiers.com\/ecrans-solidaires\/product\/pendular\/#primaryimage\",\"url\":\"https:\/\/maison4tiers.com\/ecrans-solidaires\/wp-content\/uploads\/sites\/76\/2018\/01\/11.jpg\",\"contentUrl\":\"https:\/\/maison4tiers.com\/ecrans-solidaires\/wp-content\/uploads\/sites\/76\/2018\/01\/11.jpg\",\"width\":800,\"height\":1200,\"caption\":\"Pendular\"},{\"@type\":\"BreadcrumbList\",\"@id\":\"https:\/\/maison4tiers.com\/ecrans-solidaires\/product\/pendular\/#breadcrumb\",\"itemListElement\":[{\"@type\":\"ListItem\",\"position\":1,\"name\":\"Home\",\"item\":\"https:\/\/maison4tiers.com\/ecrans-solidaires\/\"},{\"@type\":\"ListItem\",\"position\":2,\"name\":\"Films\",\"item\":\"https:\/\/maison4tiers.com\/ecrans-solidaires\/films\/\"},{\"@type\":\"ListItem\",\"position\":3,\"name\":\"Pendular\"}]},{\"@type\":\"WebSite\",\"@id\":\"https:\/\/maison4tiers.com\/ecrans-solidaires\/#website\",\"url\":\"https:\/\/maison4tiers.com\/ecrans-solidaires\/\",\"name\":\"\u00c9crans solidaires\",\"description\":\"Distribution multiplateforme de films qu\u00e9b\u00e9cois et internationaux\",\"publisher\":{\"@id\":\"https:\/\/maison4tiers.com\/ecrans-solidaires\/#organization\"},\"potentialAction\":[{\"@type\":\"SearchAction\",\"target\":{\"@type\":\"EntryPoint\",\"urlTemplate\":\"https:\/\/maison4tiers.com\/ecrans-solidaires\/?s={search_term_string}\"},\"query-input\":{\"@type\":\"PropertyValueSpecification\",\"valueRequired\":true,\"valueName\":\"search_term_string\"}}],\"inLanguage\":\"fr-FR\"},{\"@type\":\"Organization\",\"@id\":\"https:\/\/maison4tiers.com\/ecrans-solidaires\/#organization\",\"name\":\"\u00c9crans solidaires\",\"url\":\"https:\/\/maison4tiers.com\/ecrans-solidaires\/\",\"logo\":{\"@type\":\"ImageObject\",\"inLanguage\":\"fr-FR\",\"@id\":\"https:\/\/maison4tiers.com\/ecrans-solidaires\/#\/schema\/logo\/image\/\",\"url\":\"https:\/\/maison4tiers.com\/ecrans-solidaires\/wp-content\/uploads\/sites\/76\/2020\/11\/favicon-196.png\",\"contentUrl\":\"https:\/\/maison4tiers.com\/ecrans-solidaires\/wp-content\/uploads\/sites\/76\/2020\/11\/favicon-196.png\",\"width\":196,\"height\":196,\"caption\":\"\u00c9crans solidaires\"},\"image\":{\"@id\":\"https:\/\/maison4tiers.com\/ecrans-solidaires\/#\/schema\/logo\/image\/\"}}]}<\/script>\n<!-- \/ Yoast SEO plugin. -->","yoast_head_json":{"title":"Pendular - Drame - \u00c9crans solidaires - \u00c9coutez maintenant","description":"Pendular. Un jeune couple s\u2019installe dans un e\u0301norme loft vide. Une bande orange colle\u0301e sur le sol se\u0301pare l\u2019espace en deux parties identiques.","robots":{"index":"noindex","follow":"follow","max-snippet":"max-snippet:-1","max-image-preview":"max-image-preview:large","max-video-preview":"max-video-preview:-1"},"og_locale":"fr_FR","og_type":"article","og_title":"Pendular","og_description":"Pendular. Un jeune couple s\u2019installe dans un e\u0301norme loft vide. Une bande orange colle\u0301e sur le sol se\u0301pare l\u2019espace en deux parties identiques.","og_url":"https:\/\/maison4tiers.com\/ecrans-solidaires\/product\/pendular\/","og_site_name":"\u00c9crans solidaires","article_modified_time":"2022-01-12T17:15:03+00:00","og_image":[{"width":800,"height":1200,"url":"https:\/\/maison4tiers.com\/ecrans-solidaires\/wp-content\/uploads\/sites\/76\/2018\/01\/11.jpg","type":"image\/jpeg"}],"twitter_card":"summary_large_image","twitter_title":"Pendular","twitter_description":"Pendular. Un jeune couple s\u2019installe dans un e\u0301norme loft vide. Une bande orange colle\u0301e sur le sol se\u0301pare l\u2019espace en deux parties identiques.","twitter_image":"https:\/\/maison4tiers.com\/ecrans-solidaires\/wp-content\/uploads\/sites\/76\/2018\/01\/11.jpg","schema":{"@context":"https:\/\/schema.org","@graph":[{"@type":"WebPage","@id":"https:\/\/maison4tiers.com\/ecrans-solidaires\/product\/pendular\/","url":"https:\/\/maison4tiers.com\/ecrans-solidaires\/product\/pendular\/","name":"Pendular - Drame - \u00c9crans solidaires - \u00c9coutez maintenant","isPartOf":{"@id":"https:\/\/maison4tiers.com\/ecrans-solidaires\/#website"},"primaryImageOfPage":{"@id":"https:\/\/maison4tiers.com\/ecrans-solidaires\/product\/pendular\/#primaryimage"},"image":{"@id":"https:\/\/maison4tiers.com\/ecrans-solidaires\/product\/pendular\/#primaryimage"},"thumbnailUrl":"https:\/\/maison4tiers.com\/ecrans-solidaires\/wp-content\/uploads\/sites\/76\/2018\/01\/11.jpg","datePublished":"2018-01-12T04:00:21+00:00","dateModified":"2022-01-12T17:15:03+00:00","description":"Pendular. Un jeune couple s\u2019installe dans un e\u0301norme loft vide. Une bande orange colle\u0301e sur le sol se\u0301pare l\u2019espace en deux parties identiques.","breadcrumb":{"@id":"https:\/\/maison4tiers.com\/ecrans-solidaires\/product\/pendular\/#breadcrumb"},"inLanguage":"fr-FR","potentialAction":[{"@type":"ReadAction","target":["https:\/\/maison4tiers.com\/ecrans-solidaires\/product\/pendular\/"]}]},{"@type":"ImageObject","inLanguage":"fr-FR","@id":"https:\/\/maison4tiers.com\/ecrans-solidaires\/product\/pendular\/#primaryimage","url":"https:\/\/maison4tiers.com\/ecrans-solidaires\/wp-content\/uploads\/sites\/76\/2018\/01\/11.jpg","contentUrl":"https:\/\/maison4tiers.com\/ecrans-solidaires\/wp-content\/uploads\/sites\/76\/2018\/01\/11.jpg","width":800,"height":1200,"caption":"Pendular"},{"@type":"BreadcrumbList","@id":"https:\/\/maison4tiers.com\/ecrans-solidaires\/product\/pendular\/#breadcrumb","itemListElement":[{"@type":"ListItem","position":1,"name":"Home","item":"https:\/\/maison4tiers.com\/ecrans-solidaires\/"},{"@type":"ListItem","position":2,"name":"Films","item":"https:\/\/maison4tiers.com\/ecrans-solidaires\/films\/"},{"@type":"ListItem","position":3,"name":"Pendular"}]},{"@type":"WebSite","@id":"https:\/\/maison4tiers.com\/ecrans-solidaires\/#website","url":"https:\/\/maison4tiers.com\/ecrans-solidaires\/","name":"\u00c9crans solidaires","description":"Distribution multiplateforme de films qu\u00e9b\u00e9cois et internationaux","publisher":{"@id":"https:\/\/maison4tiers.com\/ecrans-solidaires\/#organization"},"potentialAction":[{"@type":"SearchAction","target":{"@type":"EntryPoint","urlTemplate":"https:\/\/maison4tiers.com\/ecrans-solidaires\/?s={search_term_string}"},"query-input":{"@type":"PropertyValueSpecification","valueRequired":true,"valueName":"search_term_string"}}],"inLanguage":"fr-FR"},{"@type":"Organization","@id":"https:\/\/maison4tiers.com\/ecrans-solidaires\/#organization","name":"\u00c9crans solidaires","url":"https:\/\/maison4tiers.com\/ecrans-solidaires\/","logo":{"@type":"ImageObject","inLanguage":"fr-FR","@id":"https:\/\/maison4tiers.com\/ecrans-solidaires\/#\/schema\/logo\/image\/","url":"https:\/\/maison4tiers.com\/ecrans-solidaires\/wp-content\/uploads\/sites\/76\/2020\/11\/favicon-196.png","contentUrl":"https:\/\/maison4tiers.com\/ecrans-solidaires\/wp-content\/uploads\/sites\/76\/2020\/11\/favicon-196.png","width":196,"height":196,"caption":"\u00c9crans solidaires"},"image":{"@id":"https:\/\/maison4tiers.com\/ecrans-solidaires\/#\/schema\/logo\/image\/"}}]}},"jetpack_sharing_enabled":true,"_links":{"self":[{"href":"https:\/\/maison4tiers.com\/ecrans-solidaires\/wp-json\/wp\/v2\/product\/4630","targetHints":{"allow":["GET"]}}],"collection":[{"href":"https:\/\/maison4tiers.com\/ecrans-solidaires\/wp-json\/wp\/v2\/product"}],"about":[{"href":"https:\/\/maison4tiers.com\/ecrans-solidaires\/wp-json\/wp\/v2\/types\/product"}],"wp:featuredmedia":[{"embeddable":true,"href":"https:\/\/maison4tiers.com\/ecrans-solidaires\/wp-json\/wp\/v2\/media\/7478"}],"wp:attachment":[{"href":"https:\/\/maison4tiers.com\/ecrans-solidaires\/wp-json\/wp\/v2\/media?parent=4630"}],"wp:term":[{"taxonomy":"product_brand","embeddable":true,"href":"https:\/\/maison4tiers.com\/ecrans-solidaires\/wp-json\/wp\/v2\/product_brand?post=4630"},{"taxonomy":"product_cat","embeddable":true,"href":"https:\/\/maison4tiers.com\/ecrans-solidaires\/wp-json\/wp\/v2\/product_cat?post=4630"},{"taxonomy":"product_tag","embeddable":true,"href":"https:\/\/maison4tiers.com\/ecrans-solidaires\/wp-json\/wp\/v2\/product_tag?post=4630"}],"curies":[{"name":"wp","href":"https:\/\/api.w.org\/{rel}","templated":true}]}}