{"id":4621,"date":"2020-01-12T00:00:40","date_gmt":"2020-01-12T04:00:40","guid":{"rendered":"https:\/\/maison4tiers.com\/?post_type=product&#038;p=4621"},"modified":"2024-10-10T17:49:26","modified_gmt":"2024-10-10T21:49:26","slug":"les-notres","status":"publish","type":"product","link":"https:\/\/maison4tiers.com\/ecrans-solidaires\/product\/les-notres\/","title":{"rendered":"Les N\u00f4tres"},"excerpt":{"rendered":"<p>De la m\u00eame r\u00e9alisatrice que <a href=\"https:\/\/maison4tiers.com\/produit\/isla-blanca\/\" target=\"_blank\" rel=\"noopener\">Isla Blanca<\/a><\/p>\n<p>Face aux e\u0301preuves et obstacles de la vie, la communaute\u0301 tisse\u0301e serre\u0301e de Ste-Adeline est toujours reste\u0301e soude\u0301e. Mais cette fois-ci elle est sous le choc et devra affronter une situation qui mettra les habitants face a\u0300 leurs contradictions. Au centre du scandale, Magalie adolescente a\u0300 la moue enfantine, Manuel, l\u2019enfant adopte\u0301 du maire emble\u0301matique du village et Isabelle et Chantale, me\u0300res protectrices mais te\u0301moins impuissants d\u2019un drame annonce\u0301. A\u0300 Ste-Adeline les apparences sont trompeuses et les couches d\u2019un vernis social soigneusement entretenu finissent par craquer, laissant poindre la ve\u0301ritable nature des habitants de cette petite ville paisible.<\/p>\n<blockquote><p><em>\u00ab <span class=\"JsGRdQ\">Un drame qui frappe fort<\/span>.\u00bb<br \/>\n<\/em><strong>\u2013 <a href=\"https:\/\/www.ledevoir.com\/culture\/cinema\/574884\/les-notres\" target=\"_blank\" rel=\"noopener\">LE DEVOIR<\/a> <span class=\"JsGRdQ\">\u2605\u2605\u2605\u2605\u00a0<\/span><\/strong><\/p>\n<p>&nbsp;<\/p>\n<p class=\"_04xlpA direction-ltr align-center para-style-body\"><span class=\"JsGRdQ\">\u00ab\u00a0<em>Jeanne Leblanc vient de rejoindre l\u2019avant-sc\u00e8ne des r\u00e9alisatrices qu\u00e9b\u00e9coises qui nous livrent des films percutants.<\/em>\u00a0\u00bb<\/span><\/p>\n<p class=\"_04xlpA direction-ltr align-center para-style-body\"><span class=\"JsGRdQ\"><strong>\u2013 <a href=\"https:\/\/www.lesoleil.com\/arts\/cinema\/le-film-de-la-semaine-les-notres--1-2-3f36e7efe99318a3db4de09825e73819\" target=\"_blank\" rel=\"noopener\">LE SOLEIL<\/a><\/strong><\/span><\/p>\n<\/blockquote>\n<p><strong><a href=\"https:\/\/maison4tiers.com\/categorie-produit\/film\/quebecois\/\" target=\"_blank\" rel=\"noopener\"><span style=\"text-decoration: underline;\">Voir les autres films qu\u00e9b\u00e9cois<\/span><\/a><\/strong><\/p>\n<p>&nbsp;<\/p>\n<p>*Disponible au Canada seulement<\/p>\n<p>&nbsp;<\/p>\n","protected":false},"featured_media":7428,"template":"","meta":{"_acf_changed":false,"_eb_attr":""},"product_brand":[],"product_cat":[105,120,45,119,136,131,142],"product_tag":[410,409,276,408,252,407,406,270,277,365,189,295,411],"class_list":{"0":"post-4621","1":"product","2":"type-product","3":"status-publish","4":"has-post-thumbnail","6":"product_cat-drame","7":"product_cat-fiction","8":"product_cat-film","9":"product_cat-quebecois","10":"product_cat-dvd","11":"product_cat-touslesfilms","12":"product_cat-numerique","13":"product_tag-ado","14":"product_tag-adolescente","15":"product_tag-drame","16":"product_tag-emilie-bierre","17":"product_tag-enceinte","18":"product_tag-jeanne-leblanc","19":"product_tag-les-notres","20":"product_tag-marianne-farley","21":"product_tag-mystere","22":"product_tag-paul-doucet","23":"product_tag-quebec","24":"product_tag-quebecois","25":"product_tag-village","26":"product_shipping_class-livraison","28":"first","29":"instock","30":"taxable","31":"shipping-taxable","32":"purchasable","33":"product-type-variable","34":"has-default-attributes"},"acf":[],"yoast_head":"<!-- This site is optimized with the Yoast SEO plugin v27.0 - https:\/\/yoast.com\/product\/yoast-seo-wordpress\/ -->\n<title>Les N\u00f4tres - Film Qu\u00e9b\u00e9cois - \u00c9crans solidaires - \u00c9coutez maintenant<\/title>\n<meta name=\"description\" content=\"A\u0300 Ste-Adeline les apparences sont trompeuses et les couches d\u2019un vernis social soigneusement entretenu finissent par craquer.\" \/>\n<meta name=\"robots\" content=\"noindex, follow, max-snippet:-1, max-image-preview:large, max-video-preview:-1\" \/>\n<meta property=\"og:locale\" content=\"fr_FR\" \/>\n<meta property=\"og:type\" content=\"article\" \/>\n<meta property=\"og:title\" content=\"Les n\u00f4tres\" \/>\n<meta property=\"og:description\" content=\"A\u0300 Ste-Adeline les apparences sont trompeuses et les couches d\u2019un vernis social soigneusement entretenu finissent par craquer.\" \/>\n<meta property=\"og:url\" content=\"https:\/\/maison4tiers.com\/ecrans-solidaires\/product\/les-notres\/\" \/>\n<meta property=\"og:site_name\" content=\"\u00c9crans solidaires\" \/>\n<meta property=\"article:modified_time\" content=\"2024-10-10T21:49:26+00:00\" \/>\n<meta property=\"og:image\" content=\"https:\/\/maison4tiers.com\/ecrans-solidaires\/wp-content\/uploads\/sites\/76\/2020\/01\/19.jpg\" \/>\n\t<meta property=\"og:image:width\" content=\"800\" \/>\n\t<meta property=\"og:image:height\" content=\"1200\" \/>\n\t<meta property=\"og:image:type\" content=\"image\/jpeg\" \/>\n<meta name=\"twitter:card\" content=\"summary_large_image\" \/>\n<meta name=\"twitter:title\" content=\"Les n\u00f4tres\" \/>\n<meta name=\"twitter:description\" content=\"A\u0300 Ste-Adeline les apparences sont trompeuses et les couches d\u2019un vernis social soigneusement entretenu finissent par craquer.\" \/>\n<meta name=\"twitter:image\" content=\"https:\/\/maison4tiers.com\/ecrans-solidaires\/wp-content\/uploads\/sites\/76\/2020\/01\/19.jpg\" \/>\n<script type=\"application\/ld+json\" class=\"yoast-schema-graph\">{\"@context\":\"https:\/\/schema.org\",\"@graph\":[{\"@type\":\"WebPage\",\"@id\":\"https:\/\/maison4tiers.com\/ecrans-solidaires\/product\/les-notres\/\",\"url\":\"https:\/\/maison4tiers.com\/ecrans-solidaires\/product\/les-notres\/\",\"name\":\"Les N\u00f4tres - Film Qu\u00e9b\u00e9cois - \u00c9crans solidaires - \u00c9coutez maintenant\",\"isPartOf\":{\"@id\":\"https:\/\/maison4tiers.com\/ecrans-solidaires\/#website\"},\"primaryImageOfPage\":{\"@id\":\"https:\/\/maison4tiers.com\/ecrans-solidaires\/product\/les-notres\/#primaryimage\"},\"image\":{\"@id\":\"https:\/\/maison4tiers.com\/ecrans-solidaires\/product\/les-notres\/#primaryimage\"},\"thumbnailUrl\":\"https:\/\/maison4tiers.com\/ecrans-solidaires\/wp-content\/uploads\/sites\/76\/2020\/01\/19.jpg\",\"datePublished\":\"2020-01-12T04:00:40+00:00\",\"dateModified\":\"2024-10-10T21:49:26+00:00\",\"description\":\"A\u0300 Ste-Adeline les apparences sont trompeuses et les couches d\u2019un vernis social soigneusement entretenu finissent par craquer.\",\"breadcrumb\":{\"@id\":\"https:\/\/maison4tiers.com\/ecrans-solidaires\/product\/les-notres\/#breadcrumb\"},\"inLanguage\":\"fr-FR\",\"potentialAction\":[{\"@type\":\"ReadAction\",\"target\":[\"https:\/\/maison4tiers.com\/ecrans-solidaires\/product\/les-notres\/\"]}]},{\"@type\":\"ImageObject\",\"inLanguage\":\"fr-FR\",\"@id\":\"https:\/\/maison4tiers.com\/ecrans-solidaires\/product\/les-notres\/#primaryimage\",\"url\":\"https:\/\/maison4tiers.com\/ecrans-solidaires\/wp-content\/uploads\/sites\/76\/2020\/01\/19.jpg\",\"contentUrl\":\"https:\/\/maison4tiers.com\/ecrans-solidaires\/wp-content\/uploads\/sites\/76\/2020\/01\/19.jpg\",\"width\":800,\"height\":1200,\"caption\":\"Les n\u00f4tres\"},{\"@type\":\"BreadcrumbList\",\"@id\":\"https:\/\/maison4tiers.com\/ecrans-solidaires\/product\/les-notres\/#breadcrumb\",\"itemListElement\":[{\"@type\":\"ListItem\",\"position\":1,\"name\":\"Home\",\"item\":\"https:\/\/maison4tiers.com\/ecrans-solidaires\/\"},{\"@type\":\"ListItem\",\"position\":2,\"name\":\"Films\",\"item\":\"https:\/\/maison4tiers.com\/ecrans-solidaires\/films\/\"},{\"@type\":\"ListItem\",\"position\":3,\"name\":\"Les N\u00f4tres\"}]},{\"@type\":\"WebSite\",\"@id\":\"https:\/\/maison4tiers.com\/ecrans-solidaires\/#website\",\"url\":\"https:\/\/maison4tiers.com\/ecrans-solidaires\/\",\"name\":\"\u00c9crans solidaires\",\"description\":\"Distribution multiplateforme de films qu\u00e9b\u00e9cois et internationaux\",\"publisher\":{\"@id\":\"https:\/\/maison4tiers.com\/ecrans-solidaires\/#organization\"},\"potentialAction\":[{\"@type\":\"SearchAction\",\"target\":{\"@type\":\"EntryPoint\",\"urlTemplate\":\"https:\/\/maison4tiers.com\/ecrans-solidaires\/?s={search_term_string}\"},\"query-input\":{\"@type\":\"PropertyValueSpecification\",\"valueRequired\":true,\"valueName\":\"search_term_string\"}}],\"inLanguage\":\"fr-FR\"},{\"@type\":\"Organization\",\"@id\":\"https:\/\/maison4tiers.com\/ecrans-solidaires\/#organization\",\"name\":\"\u00c9crans solidaires\",\"url\":\"https:\/\/maison4tiers.com\/ecrans-solidaires\/\",\"logo\":{\"@type\":\"ImageObject\",\"inLanguage\":\"fr-FR\",\"@id\":\"https:\/\/maison4tiers.com\/ecrans-solidaires\/#\/schema\/logo\/image\/\",\"url\":\"https:\/\/maison4tiers.com\/ecrans-solidaires\/wp-content\/uploads\/sites\/76\/2020\/11\/favicon-196.png\",\"contentUrl\":\"https:\/\/maison4tiers.com\/ecrans-solidaires\/wp-content\/uploads\/sites\/76\/2020\/11\/favicon-196.png\",\"width\":196,\"height\":196,\"caption\":\"\u00c9crans solidaires\"},\"image\":{\"@id\":\"https:\/\/maison4tiers.com\/ecrans-solidaires\/#\/schema\/logo\/image\/\"}}]}<\/script>\n<!-- \/ Yoast SEO plugin. -->","yoast_head_json":{"title":"Les N\u00f4tres - Film Qu\u00e9b\u00e9cois - \u00c9crans solidaires - \u00c9coutez maintenant","description":"A\u0300 Ste-Adeline les apparences sont trompeuses et les couches d\u2019un vernis social soigneusement entretenu finissent par craquer.","robots":{"index":"noindex","follow":"follow","max-snippet":"max-snippet:-1","max-image-preview":"max-image-preview:large","max-video-preview":"max-video-preview:-1"},"og_locale":"fr_FR","og_type":"article","og_title":"Les n\u00f4tres","og_description":"A\u0300 Ste-Adeline les apparences sont trompeuses et les couches d\u2019un vernis social soigneusement entretenu finissent par craquer.","og_url":"https:\/\/maison4tiers.com\/ecrans-solidaires\/product\/les-notres\/","og_site_name":"\u00c9crans solidaires","article_modified_time":"2024-10-10T21:49:26+00:00","og_image":[{"width":800,"height":1200,"url":"https:\/\/maison4tiers.com\/ecrans-solidaires\/wp-content\/uploads\/sites\/76\/2020\/01\/19.jpg","type":"image\/jpeg"}],"twitter_card":"summary_large_image","twitter_title":"Les n\u00f4tres","twitter_description":"A\u0300 Ste-Adeline les apparences sont trompeuses et les couches d\u2019un vernis social soigneusement entretenu finissent par craquer.","twitter_image":"https:\/\/maison4tiers.com\/ecrans-solidaires\/wp-content\/uploads\/sites\/76\/2020\/01\/19.jpg","schema":{"@context":"https:\/\/schema.org","@graph":[{"@type":"WebPage","@id":"https:\/\/maison4tiers.com\/ecrans-solidaires\/product\/les-notres\/","url":"https:\/\/maison4tiers.com\/ecrans-solidaires\/product\/les-notres\/","name":"Les N\u00f4tres - Film Qu\u00e9b\u00e9cois - \u00c9crans solidaires - \u00c9coutez maintenant","isPartOf":{"@id":"https:\/\/maison4tiers.com\/ecrans-solidaires\/#website"},"primaryImageOfPage":{"@id":"https:\/\/maison4tiers.com\/ecrans-solidaires\/product\/les-notres\/#primaryimage"},"image":{"@id":"https:\/\/maison4tiers.com\/ecrans-solidaires\/product\/les-notres\/#primaryimage"},"thumbnailUrl":"https:\/\/maison4tiers.com\/ecrans-solidaires\/wp-content\/uploads\/sites\/76\/2020\/01\/19.jpg","datePublished":"2020-01-12T04:00:40+00:00","dateModified":"2024-10-10T21:49:26+00:00","description":"A\u0300 Ste-Adeline les apparences sont trompeuses et les couches d\u2019un vernis social soigneusement entretenu finissent par craquer.","breadcrumb":{"@id":"https:\/\/maison4tiers.com\/ecrans-solidaires\/product\/les-notres\/#breadcrumb"},"inLanguage":"fr-FR","potentialAction":[{"@type":"ReadAction","target":["https:\/\/maison4tiers.com\/ecrans-solidaires\/product\/les-notres\/"]}]},{"@type":"ImageObject","inLanguage":"fr-FR","@id":"https:\/\/maison4tiers.com\/ecrans-solidaires\/product\/les-notres\/#primaryimage","url":"https:\/\/maison4tiers.com\/ecrans-solidaires\/wp-content\/uploads\/sites\/76\/2020\/01\/19.jpg","contentUrl":"https:\/\/maison4tiers.com\/ecrans-solidaires\/wp-content\/uploads\/sites\/76\/2020\/01\/19.jpg","width":800,"height":1200,"caption":"Les n\u00f4tres"},{"@type":"BreadcrumbList","@id":"https:\/\/maison4tiers.com\/ecrans-solidaires\/product\/les-notres\/#breadcrumb","itemListElement":[{"@type":"ListItem","position":1,"name":"Home","item":"https:\/\/maison4tiers.com\/ecrans-solidaires\/"},{"@type":"ListItem","position":2,"name":"Films","item":"https:\/\/maison4tiers.com\/ecrans-solidaires\/films\/"},{"@type":"ListItem","position":3,"name":"Les N\u00f4tres"}]},{"@type":"WebSite","@id":"https:\/\/maison4tiers.com\/ecrans-solidaires\/#website","url":"https:\/\/maison4tiers.com\/ecrans-solidaires\/","name":"\u00c9crans solidaires","description":"Distribution multiplateforme de films qu\u00e9b\u00e9cois et internationaux","publisher":{"@id":"https:\/\/maison4tiers.com\/ecrans-solidaires\/#organization"},"potentialAction":[{"@type":"SearchAction","target":{"@type":"EntryPoint","urlTemplate":"https:\/\/maison4tiers.com\/ecrans-solidaires\/?s={search_term_string}"},"query-input":{"@type":"PropertyValueSpecification","valueRequired":true,"valueName":"search_term_string"}}],"inLanguage":"fr-FR"},{"@type":"Organization","@id":"https:\/\/maison4tiers.com\/ecrans-solidaires\/#organization","name":"\u00c9crans solidaires","url":"https:\/\/maison4tiers.com\/ecrans-solidaires\/","logo":{"@type":"ImageObject","inLanguage":"fr-FR","@id":"https:\/\/maison4tiers.com\/ecrans-solidaires\/#\/schema\/logo\/image\/","url":"https:\/\/maison4tiers.com\/ecrans-solidaires\/wp-content\/uploads\/sites\/76\/2020\/11\/favicon-196.png","contentUrl":"https:\/\/maison4tiers.com\/ecrans-solidaires\/wp-content\/uploads\/sites\/76\/2020\/11\/favicon-196.png","width":196,"height":196,"caption":"\u00c9crans solidaires"},"image":{"@id":"https:\/\/maison4tiers.com\/ecrans-solidaires\/#\/schema\/logo\/image\/"}}]}},"jetpack_sharing_enabled":true,"_links":{"self":[{"href":"https:\/\/maison4tiers.com\/ecrans-solidaires\/wp-json\/wp\/v2\/product\/4621","targetHints":{"allow":["GET"]}}],"collection":[{"href":"https:\/\/maison4tiers.com\/ecrans-solidaires\/wp-json\/wp\/v2\/product"}],"about":[{"href":"https:\/\/maison4tiers.com\/ecrans-solidaires\/wp-json\/wp\/v2\/types\/product"}],"wp:featuredmedia":[{"embeddable":true,"href":"https:\/\/maison4tiers.com\/ecrans-solidaires\/wp-json\/wp\/v2\/media\/7428"}],"wp:attachment":[{"href":"https:\/\/maison4tiers.com\/ecrans-solidaires\/wp-json\/wp\/v2\/media?parent=4621"}],"wp:term":[{"taxonomy":"product_brand","embeddable":true,"href":"https:\/\/maison4tiers.com\/ecrans-solidaires\/wp-json\/wp\/v2\/product_brand?post=4621"},{"taxonomy":"product_cat","embeddable":true,"href":"https:\/\/maison4tiers.com\/ecrans-solidaires\/wp-json\/wp\/v2\/product_cat?post=4621"},{"taxonomy":"product_tag","embeddable":true,"href":"https:\/\/maison4tiers.com\/ecrans-solidaires\/wp-json\/wp\/v2\/product_tag?post=4621"}],"curies":[{"name":"wp","href":"https:\/\/api.w.org\/{rel}","templated":true}]}}