{"id":4616,"date":"2019-01-12T00:00:56","date_gmt":"2019-01-12T04:00:56","guid":{"rendered":"https:\/\/maison4tiers.com\/?post_type=product&#038;p=4616"},"modified":"2023-06-23T15:17:40","modified_gmt":"2023-06-23T19:17:40","slug":"mad-dog-labine","status":"publish","type":"product","link":"https:\/\/maison4tiers.com\/ecrans-solidaires\/product\/mad-dog-labine\/","title":{"rendered":"Mad Dog Labine"},"excerpt":{"rendered":"<p>Dans un village survolt\u00e9 par l\u2019\u00e9nergie de la chasse, Lindsay et Justine, deux adolescentes marginales mettent la main sur un gratteux gagnant d\u2019une valeur de dix mille dollars. Alliage audacieux de documentaire et de fiction, MAD DOG LABINE est un OVNI cin\u00e9matographique mettant en vedette deux jeunes actrices non-professionnelles dans un film surprenant et qui fait du bien.<\/p>\n<blockquote><p><em>\u00ab Une petite secousse tectonique dans notre cin\u00e9ma. (&#8230;) Long m\u00e9trage \u00e0 la fois \u00e9mouvant, d\u00e9jant\u00e9 et d\u00e9sopilant qui flirte beaucoup avec le drame tout en poussant quelques pointes d&rsquo;un humour subtil et d\u00e9capant. (&#8230;) Une chronique de l&rsquo;abandon d&rsquo;une r\u00e9gion (Pontiac), vue \u00e0 travers le regard d&rsquo;une jeune fille, Lindsay \u00bb<br \/>\n<\/em>\u00a0<strong>\u2013 <a href=\"https:\/\/www.lapresse.ca\/cinema\/critiques\/201904\/05\/01-5221018-mad-dog-labine-chronique-de-labandon-12.php\" target=\"_blank\" rel=\"noopener\">LA PRESSE<\/a><\/strong><\/p><\/blockquote>\n<p><strong><a href=\"\/categorie-produit\/film\/quebecois\/\" target=\"_blank\" rel=\"noopener\"><span style=\"text-decoration: underline;\">Voir les autres films qu\u00e9b\u00e9cois<\/span><\/a><\/strong><\/p>\n<p>&nbsp;<\/p>\n<p><strong>*Disponible au Canada seulement<\/strong><\/p>\n","protected":false},"featured_media":7436,"template":"","meta":{"_acf_changed":false,"_eb_attr":""},"product_brand":[],"product_cat":[115,78,120,45,119,136,131,142],"product_tag":[539,578,576,204,582,583,575,573,572,581,579,571,570,580,574,577,584,585],"class_list":{"0":"post-4616","1":"product","2":"type-product","3":"status-publish","4":"has-post-thumbnail","6":"product_cat-docufiction","7":"product_cat-documentaire","8":"product_cat-fiction","9":"product_cat-film","10":"product_cat-quebecois","11":"product_cat-dvd","12":"product_cat-touslesfilms","13":"product_cat-numerique","14":"product_tag-absurde","15":"product_tag-antoine-pilon","16":"product_tag-catherine-brunet","17":"product_tag-comedie","18":"product_tag-docu-fiction","19":"product_tag-docufiction","20":"product_tag-emmanuel-bilodeau","21":"product_tag-jonathan-beaulieu-cyr","22":"product_tag-labine","23":"product_tag-le-pontiac","24":"product_tag-lotterie","25":"product_tag-mad-dog","26":"product_tag-mad-dog-labine","27":"product_tag-pontiac","28":"product_tag-renaud-lessard","29":"product_tag-sarah-jeanne-labrosse","30":"product_tag-stephane-dans-sa-chaloupe","31":"product_tag-stephane-et-sa-chaloupe","32":"product_shipping_class-livraison","34":"first","35":"instock","36":"taxable","37":"shipping-taxable","38":"purchasable","39":"product-type-variable","40":"has-default-attributes"},"acf":[],"yoast_head":"<!-- This site is optimized with the Yoast SEO plugin v27.0 - https:\/\/yoast.com\/product\/yoast-seo-wordpress\/ -->\n<title>Mad Dog Labine - Film Qu\u00e9b\u00e9cois - \u00c9crans solidaires - \u00c9coutez maintenant<\/title>\n<meta name=\"description\" content=\"Dans un village survolt\u00e9 par l\u2019\u00e9nergie de la chasse, Lindsay et Justine, deux adolescentes marginales mettent la main sur un gratteux.\" \/>\n<meta name=\"robots\" content=\"noindex, follow, max-snippet:-1, max-image-preview:large, max-video-preview:-1\" \/>\n<meta property=\"og:locale\" content=\"fr_FR\" \/>\n<meta property=\"og:type\" content=\"article\" \/>\n<meta property=\"og:title\" content=\"Mad dog Labine\" \/>\n<meta property=\"og:description\" content=\"Dans un village survolt\u00e9 par l\u2019\u00e9nergie de la chasse, Lindsay et Justine, deux adolescentes marginales mettent la main sur un gratteux.\" \/>\n<meta property=\"og:url\" content=\"https:\/\/maison4tiers.com\/ecrans-solidaires\/product\/mad-dog-labine\/\" \/>\n<meta property=\"og:site_name\" content=\"\u00c9crans solidaires\" \/>\n<meta property=\"article:modified_time\" content=\"2023-06-23T19:17:40+00:00\" \/>\n<meta property=\"og:image\" content=\"https:\/\/maison4tiers.com\/ecrans-solidaires\/wp-content\/uploads\/sites\/76\/2019\/01\/10.jpg\" \/>\n\t<meta property=\"og:image:width\" content=\"800\" \/>\n\t<meta property=\"og:image:height\" content=\"1200\" \/>\n\t<meta property=\"og:image:type\" content=\"image\/jpeg\" \/>\n<meta name=\"twitter:card\" content=\"summary_large_image\" \/>\n<meta name=\"twitter:title\" content=\"Mad dog Labine\" \/>\n<meta name=\"twitter:description\" content=\"Dans un village survolt\u00e9 par l\u2019\u00e9nergie de la chasse, Lindsay et Justine, deux adolescentes marginales mettent la main sur un gratteux.\" \/>\n<meta name=\"twitter:image\" content=\"https:\/\/maison4tiers.com\/ecrans-solidaires\/wp-content\/uploads\/sites\/76\/2019\/01\/10.jpg\" \/>\n<script type=\"application\/ld+json\" class=\"yoast-schema-graph\">{\"@context\":\"https:\/\/schema.org\",\"@graph\":[{\"@type\":\"WebPage\",\"@id\":\"https:\/\/maison4tiers.com\/ecrans-solidaires\/product\/mad-dog-labine\/\",\"url\":\"https:\/\/maison4tiers.com\/ecrans-solidaires\/product\/mad-dog-labine\/\",\"name\":\"Mad Dog Labine - Film Qu\u00e9b\u00e9cois - \u00c9crans solidaires - \u00c9coutez maintenant\",\"isPartOf\":{\"@id\":\"https:\/\/maison4tiers.com\/ecrans-solidaires\/#website\"},\"primaryImageOfPage\":{\"@id\":\"https:\/\/maison4tiers.com\/ecrans-solidaires\/product\/mad-dog-labine\/#primaryimage\"},\"image\":{\"@id\":\"https:\/\/maison4tiers.com\/ecrans-solidaires\/product\/mad-dog-labine\/#primaryimage\"},\"thumbnailUrl\":\"https:\/\/maison4tiers.com\/ecrans-solidaires\/wp-content\/uploads\/sites\/76\/2019\/01\/10.jpg\",\"datePublished\":\"2019-01-12T04:00:56+00:00\",\"dateModified\":\"2023-06-23T19:17:40+00:00\",\"description\":\"Dans un village survolt\u00e9 par l\u2019\u00e9nergie de la chasse, Lindsay et Justine, deux adolescentes marginales mettent la main sur un gratteux.\",\"breadcrumb\":{\"@id\":\"https:\/\/maison4tiers.com\/ecrans-solidaires\/product\/mad-dog-labine\/#breadcrumb\"},\"inLanguage\":\"fr-FR\",\"potentialAction\":[{\"@type\":\"ReadAction\",\"target\":[\"https:\/\/maison4tiers.com\/ecrans-solidaires\/product\/mad-dog-labine\/\"]}]},{\"@type\":\"ImageObject\",\"inLanguage\":\"fr-FR\",\"@id\":\"https:\/\/maison4tiers.com\/ecrans-solidaires\/product\/mad-dog-labine\/#primaryimage\",\"url\":\"https:\/\/maison4tiers.com\/ecrans-solidaires\/wp-content\/uploads\/sites\/76\/2019\/01\/10.jpg\",\"contentUrl\":\"https:\/\/maison4tiers.com\/ecrans-solidaires\/wp-content\/uploads\/sites\/76\/2019\/01\/10.jpg\",\"width\":800,\"height\":1200,\"caption\":\"Mad dog Labine\"},{\"@type\":\"BreadcrumbList\",\"@id\":\"https:\/\/maison4tiers.com\/ecrans-solidaires\/product\/mad-dog-labine\/#breadcrumb\",\"itemListElement\":[{\"@type\":\"ListItem\",\"position\":1,\"name\":\"Home\",\"item\":\"https:\/\/maison4tiers.com\/ecrans-solidaires\/\"},{\"@type\":\"ListItem\",\"position\":2,\"name\":\"Films\",\"item\":\"https:\/\/maison4tiers.com\/ecrans-solidaires\/films\/\"},{\"@type\":\"ListItem\",\"position\":3,\"name\":\"Mad Dog Labine\"}]},{\"@type\":\"WebSite\",\"@id\":\"https:\/\/maison4tiers.com\/ecrans-solidaires\/#website\",\"url\":\"https:\/\/maison4tiers.com\/ecrans-solidaires\/\",\"name\":\"\u00c9crans solidaires\",\"description\":\"Distribution multiplateforme de films qu\u00e9b\u00e9cois et internationaux\",\"publisher\":{\"@id\":\"https:\/\/maison4tiers.com\/ecrans-solidaires\/#organization\"},\"potentialAction\":[{\"@type\":\"SearchAction\",\"target\":{\"@type\":\"EntryPoint\",\"urlTemplate\":\"https:\/\/maison4tiers.com\/ecrans-solidaires\/?s={search_term_string}\"},\"query-input\":{\"@type\":\"PropertyValueSpecification\",\"valueRequired\":true,\"valueName\":\"search_term_string\"}}],\"inLanguage\":\"fr-FR\"},{\"@type\":\"Organization\",\"@id\":\"https:\/\/maison4tiers.com\/ecrans-solidaires\/#organization\",\"name\":\"\u00c9crans solidaires\",\"url\":\"https:\/\/maison4tiers.com\/ecrans-solidaires\/\",\"logo\":{\"@type\":\"ImageObject\",\"inLanguage\":\"fr-FR\",\"@id\":\"https:\/\/maison4tiers.com\/ecrans-solidaires\/#\/schema\/logo\/image\/\",\"url\":\"https:\/\/maison4tiers.com\/ecrans-solidaires\/wp-content\/uploads\/sites\/76\/2020\/11\/favicon-196.png\",\"contentUrl\":\"https:\/\/maison4tiers.com\/ecrans-solidaires\/wp-content\/uploads\/sites\/76\/2020\/11\/favicon-196.png\",\"width\":196,\"height\":196,\"caption\":\"\u00c9crans solidaires\"},\"image\":{\"@id\":\"https:\/\/maison4tiers.com\/ecrans-solidaires\/#\/schema\/logo\/image\/\"}}]}<\/script>\n<!-- \/ Yoast SEO plugin. -->","yoast_head_json":{"title":"Mad Dog Labine - Film Qu\u00e9b\u00e9cois - \u00c9crans solidaires - \u00c9coutez maintenant","description":"Dans un village survolt\u00e9 par l\u2019\u00e9nergie de la chasse, Lindsay et Justine, deux adolescentes marginales mettent la main sur un gratteux.","robots":{"index":"noindex","follow":"follow","max-snippet":"max-snippet:-1","max-image-preview":"max-image-preview:large","max-video-preview":"max-video-preview:-1"},"og_locale":"fr_FR","og_type":"article","og_title":"Mad dog Labine","og_description":"Dans un village survolt\u00e9 par l\u2019\u00e9nergie de la chasse, Lindsay et Justine, deux adolescentes marginales mettent la main sur un gratteux.","og_url":"https:\/\/maison4tiers.com\/ecrans-solidaires\/product\/mad-dog-labine\/","og_site_name":"\u00c9crans solidaires","article_modified_time":"2023-06-23T19:17:40+00:00","og_image":[{"width":800,"height":1200,"url":"https:\/\/maison4tiers.com\/ecrans-solidaires\/wp-content\/uploads\/sites\/76\/2019\/01\/10.jpg","type":"image\/jpeg"}],"twitter_card":"summary_large_image","twitter_title":"Mad dog Labine","twitter_description":"Dans un village survolt\u00e9 par l\u2019\u00e9nergie de la chasse, Lindsay et Justine, deux adolescentes marginales mettent la main sur un gratteux.","twitter_image":"https:\/\/maison4tiers.com\/ecrans-solidaires\/wp-content\/uploads\/sites\/76\/2019\/01\/10.jpg","schema":{"@context":"https:\/\/schema.org","@graph":[{"@type":"WebPage","@id":"https:\/\/maison4tiers.com\/ecrans-solidaires\/product\/mad-dog-labine\/","url":"https:\/\/maison4tiers.com\/ecrans-solidaires\/product\/mad-dog-labine\/","name":"Mad Dog Labine - Film Qu\u00e9b\u00e9cois - \u00c9crans solidaires - \u00c9coutez maintenant","isPartOf":{"@id":"https:\/\/maison4tiers.com\/ecrans-solidaires\/#website"},"primaryImageOfPage":{"@id":"https:\/\/maison4tiers.com\/ecrans-solidaires\/product\/mad-dog-labine\/#primaryimage"},"image":{"@id":"https:\/\/maison4tiers.com\/ecrans-solidaires\/product\/mad-dog-labine\/#primaryimage"},"thumbnailUrl":"https:\/\/maison4tiers.com\/ecrans-solidaires\/wp-content\/uploads\/sites\/76\/2019\/01\/10.jpg","datePublished":"2019-01-12T04:00:56+00:00","dateModified":"2023-06-23T19:17:40+00:00","description":"Dans un village survolt\u00e9 par l\u2019\u00e9nergie de la chasse, Lindsay et Justine, deux adolescentes marginales mettent la main sur un gratteux.","breadcrumb":{"@id":"https:\/\/maison4tiers.com\/ecrans-solidaires\/product\/mad-dog-labine\/#breadcrumb"},"inLanguage":"fr-FR","potentialAction":[{"@type":"ReadAction","target":["https:\/\/maison4tiers.com\/ecrans-solidaires\/product\/mad-dog-labine\/"]}]},{"@type":"ImageObject","inLanguage":"fr-FR","@id":"https:\/\/maison4tiers.com\/ecrans-solidaires\/product\/mad-dog-labine\/#primaryimage","url":"https:\/\/maison4tiers.com\/ecrans-solidaires\/wp-content\/uploads\/sites\/76\/2019\/01\/10.jpg","contentUrl":"https:\/\/maison4tiers.com\/ecrans-solidaires\/wp-content\/uploads\/sites\/76\/2019\/01\/10.jpg","width":800,"height":1200,"caption":"Mad dog Labine"},{"@type":"BreadcrumbList","@id":"https:\/\/maison4tiers.com\/ecrans-solidaires\/product\/mad-dog-labine\/#breadcrumb","itemListElement":[{"@type":"ListItem","position":1,"name":"Home","item":"https:\/\/maison4tiers.com\/ecrans-solidaires\/"},{"@type":"ListItem","position":2,"name":"Films","item":"https:\/\/maison4tiers.com\/ecrans-solidaires\/films\/"},{"@type":"ListItem","position":3,"name":"Mad Dog Labine"}]},{"@type":"WebSite","@id":"https:\/\/maison4tiers.com\/ecrans-solidaires\/#website","url":"https:\/\/maison4tiers.com\/ecrans-solidaires\/","name":"\u00c9crans solidaires","description":"Distribution multiplateforme de films qu\u00e9b\u00e9cois et internationaux","publisher":{"@id":"https:\/\/maison4tiers.com\/ecrans-solidaires\/#organization"},"potentialAction":[{"@type":"SearchAction","target":{"@type":"EntryPoint","urlTemplate":"https:\/\/maison4tiers.com\/ecrans-solidaires\/?s={search_term_string}"},"query-input":{"@type":"PropertyValueSpecification","valueRequired":true,"valueName":"search_term_string"}}],"inLanguage":"fr-FR"},{"@type":"Organization","@id":"https:\/\/maison4tiers.com\/ecrans-solidaires\/#organization","name":"\u00c9crans solidaires","url":"https:\/\/maison4tiers.com\/ecrans-solidaires\/","logo":{"@type":"ImageObject","inLanguage":"fr-FR","@id":"https:\/\/maison4tiers.com\/ecrans-solidaires\/#\/schema\/logo\/image\/","url":"https:\/\/maison4tiers.com\/ecrans-solidaires\/wp-content\/uploads\/sites\/76\/2020\/11\/favicon-196.png","contentUrl":"https:\/\/maison4tiers.com\/ecrans-solidaires\/wp-content\/uploads\/sites\/76\/2020\/11\/favicon-196.png","width":196,"height":196,"caption":"\u00c9crans solidaires"},"image":{"@id":"https:\/\/maison4tiers.com\/ecrans-solidaires\/#\/schema\/logo\/image\/"}}]}},"jetpack_sharing_enabled":true,"_links":{"self":[{"href":"https:\/\/maison4tiers.com\/ecrans-solidaires\/wp-json\/wp\/v2\/product\/4616","targetHints":{"allow":["GET"]}}],"collection":[{"href":"https:\/\/maison4tiers.com\/ecrans-solidaires\/wp-json\/wp\/v2\/product"}],"about":[{"href":"https:\/\/maison4tiers.com\/ecrans-solidaires\/wp-json\/wp\/v2\/types\/product"}],"wp:featuredmedia":[{"embeddable":true,"href":"https:\/\/maison4tiers.com\/ecrans-solidaires\/wp-json\/wp\/v2\/media\/7436"}],"wp:attachment":[{"href":"https:\/\/maison4tiers.com\/ecrans-solidaires\/wp-json\/wp\/v2\/media?parent=4616"}],"wp:term":[{"taxonomy":"product_brand","embeddable":true,"href":"https:\/\/maison4tiers.com\/ecrans-solidaires\/wp-json\/wp\/v2\/product_brand?post=4616"},{"taxonomy":"product_cat","embeddable":true,"href":"https:\/\/maison4tiers.com\/ecrans-solidaires\/wp-json\/wp\/v2\/product_cat?post=4616"},{"taxonomy":"product_tag","embeddable":true,"href":"https:\/\/maison4tiers.com\/ecrans-solidaires\/wp-json\/wp\/v2\/product_tag?post=4616"}],"curies":[{"name":"wp","href":"https:\/\/api.w.org\/{rel}","templated":true}]}}