{"id":4519,"date":"2019-01-12T00:00:25","date_gmt":"2019-01-12T04:00:25","guid":{"rendered":"https:\/\/maison4tiers.com\/?post_type=product&#038;p=4519"},"modified":"2023-08-18T11:00:00","modified_gmt":"2023-08-18T15:00:00","slug":"jeune-juliette","status":"publish","type":"product","link":"https:\/\/maison4tiers.com\/ecrans-solidaires\/product\/jeune-juliette\/","title":{"rendered":"Jeune Juliette"},"excerpt":{"rendered":"<p>Les derni\u00e8res semaines d\u2019\u00e9cole mouvement\u00e9es de Juliette, secondaire deux, avant les grandes vacances d\u2019\u00e9t\u00e9. Jeune fille effront\u00e9e, menteuse, dr\u00f4le, rondelette et attachante, Juliette fera d\u2019importants apprentissages sur les gar\u00e7ons, l\u2019amour et l\u2019amiti\u00e9. Elle en sortira grandie (enfin, au moins un peu!).<\/p>\n<blockquote><p><em>\u00ab Jeune Juliette: inattendu et remarquable \u00bb<\/em><br \/>\n\u2605\u2605\u2605\u2605 <strong>\u2013\u00a0<a href=\"https:\/\/www.lapresse.ca\/cinema\/critiques\/2019-08-09\/jeune-juliette-inattendu-et-remarquable\" target=\"_blank\" rel=\"noopener\">LA PRESSE<\/a><\/strong><\/p>\n<p>&nbsp;<\/p>\n<p><em>\u00ab Jeune Juliette: La vie ne vire pas toujours au drame \u00bb<\/em><br \/>\n<strong>\u2013 <a href=\"https:\/\/www.lesoleil.com\/arts\/cinema\/jeune-juliette-la-vie-ne-vire-pas-toujours-au-drame--1-2-554a738d44aab27be39954eb0ecb8932\" target=\"_blank\" rel=\"noopener\">LE SOLEIL<\/a><\/strong><\/p><\/blockquote>\n<p><strong><a href=\"\/categorie-produit\/film\/quebecois\/\" target=\"_blank\" rel=\"noopener\"><span style=\"text-decoration: underline;\">Voir les autres films qu\u00e9b\u00e9cois<\/span><\/a><\/strong><\/p>\n<p>&nbsp;<\/p>\n<p><strong>*Disponible au Canada seulement<\/strong><\/p>\n","protected":false},"featured_media":7448,"template":"","meta":{"_acf_changed":false,"_eb_attr":""},"product_brand":[],"product_cat":[107,105,123,120,45,119,121,136,131,142],"product_tag":[410,672,669,192,606,204,220,161,667,668,670,622,357,674,673,671],"class_list":{"0":"post-4519","1":"product","2":"type-product","3":"status-publish","4":"has-post-thumbnail","6":"product_cat-comedie","7":"product_cat-drame","8":"product_cat-famille","9":"product_cat-fiction","10":"product_cat-film","11":"product_cat-quebecois","12":"product_cat-societe","13":"product_cat-dvd","14":"product_cat-touslesfilms","15":"product_cat-numerique","16":"product_tag-ado","17":"product_tag-adolescence","18":"product_tag-alexane-jamieson","19":"product_tag-amour","20":"product_tag-antoine-desrochers","21":"product_tag-comedie","22":"product_tag-ecole","23":"product_tag-ete","24":"product_tag-jeune-juliette","25":"product_tag-juliette","26":"product_tag-leanne-desilets-myriam-leblanc","27":"product_tag-robin-aubert","28":"product_tag-romance","29":"product_tag-romantique","30":"product_tag-secondaire","31":"product_tag-stephane-crete","32":"product_shipping_class-livraison","34":"first","35":"instock","36":"taxable","37":"shipping-taxable","38":"purchasable","39":"product-type-variable","40":"has-default-attributes"},"acf":[],"yoast_head":"<!-- This site is optimized with the Yoast SEO plugin v27.0 - https:\/\/yoast.com\/product\/yoast-seo-wordpress\/ -->\n<title>Jeune Juliette - Film Qu\u00e9b\u00e9cois - \u00c9crans solidaires - \u00c9coutez maintenant<\/title>\n<meta name=\"description\" content=\"Juliette fera d\u2019importants apprentissages sur les gar\u00e7ons, l\u2019amour et l\u2019amiti\u00e9. Elle en sortira grandie (enfin, au moins un peu!).\" \/>\n<meta name=\"robots\" content=\"noindex, follow, max-snippet:-1, max-image-preview:large, max-video-preview:-1\" \/>\n<meta property=\"og:locale\" content=\"fr_FR\" \/>\n<meta property=\"og:type\" content=\"article\" \/>\n<meta property=\"og:title\" content=\"Jeune Juliette\" \/>\n<meta property=\"og:description\" content=\"Juliette fera d\u2019importants apprentissages sur les gar\u00e7ons, l\u2019amour et l\u2019amiti\u00e9. Elle en sortira grandie (enfin, au moins un peu!).\" \/>\n<meta property=\"og:url\" content=\"https:\/\/maison4tiers.com\/ecrans-solidaires\/product\/jeune-juliette\/\" \/>\n<meta property=\"og:site_name\" content=\"\u00c9crans solidaires\" \/>\n<meta property=\"article:modified_time\" content=\"2023-08-18T15:00:00+00:00\" \/>\n<meta property=\"og:image\" content=\"https:\/\/maison4tiers.com\/ecrans-solidaires\/wp-content\/uploads\/sites\/76\/2019\/01\/21.jpg\" \/>\n\t<meta property=\"og:image:width\" content=\"800\" \/>\n\t<meta property=\"og:image:height\" content=\"1200\" \/>\n\t<meta property=\"og:image:type\" content=\"image\/jpeg\" \/>\n<meta name=\"twitter:card\" content=\"summary_large_image\" \/>\n<meta name=\"twitter:title\" content=\"Jeune Juliette\" \/>\n<meta name=\"twitter:description\" content=\"Juliette fera d\u2019importants apprentissages sur les gar\u00e7ons, l\u2019amour et l\u2019amiti\u00e9. Elle en sortira grandie (enfin, au moins un peu!).\" \/>\n<meta name=\"twitter:image\" content=\"https:\/\/maison4tiers.com\/ecrans-solidaires\/wp-content\/uploads\/sites\/76\/2019\/01\/21.jpg\" \/>\n<script type=\"application\/ld+json\" class=\"yoast-schema-graph\">{\"@context\":\"https:\/\/schema.org\",\"@graph\":[{\"@type\":\"WebPage\",\"@id\":\"https:\/\/maison4tiers.com\/ecrans-solidaires\/product\/jeune-juliette\/\",\"url\":\"https:\/\/maison4tiers.com\/ecrans-solidaires\/product\/jeune-juliette\/\",\"name\":\"Jeune Juliette - Film Qu\u00e9b\u00e9cois - \u00c9crans solidaires - \u00c9coutez maintenant\",\"isPartOf\":{\"@id\":\"https:\/\/maison4tiers.com\/ecrans-solidaires\/#website\"},\"primaryImageOfPage\":{\"@id\":\"https:\/\/maison4tiers.com\/ecrans-solidaires\/product\/jeune-juliette\/#primaryimage\"},\"image\":{\"@id\":\"https:\/\/maison4tiers.com\/ecrans-solidaires\/product\/jeune-juliette\/#primaryimage\"},\"thumbnailUrl\":\"https:\/\/maison4tiers.com\/ecrans-solidaires\/wp-content\/uploads\/sites\/76\/2019\/01\/21.jpg\",\"datePublished\":\"2019-01-12T04:00:25+00:00\",\"dateModified\":\"2023-08-18T15:00:00+00:00\",\"description\":\"Juliette fera d\u2019importants apprentissages sur les gar\u00e7ons, l\u2019amour et l\u2019amiti\u00e9. Elle en sortira grandie (enfin, au moins un peu!).\",\"breadcrumb\":{\"@id\":\"https:\/\/maison4tiers.com\/ecrans-solidaires\/product\/jeune-juliette\/#breadcrumb\"},\"inLanguage\":\"fr-FR\",\"potentialAction\":[{\"@type\":\"ReadAction\",\"target\":[\"https:\/\/maison4tiers.com\/ecrans-solidaires\/product\/jeune-juliette\/\"]}]},{\"@type\":\"ImageObject\",\"inLanguage\":\"fr-FR\",\"@id\":\"https:\/\/maison4tiers.com\/ecrans-solidaires\/product\/jeune-juliette\/#primaryimage\",\"url\":\"https:\/\/maison4tiers.com\/ecrans-solidaires\/wp-content\/uploads\/sites\/76\/2019\/01\/21.jpg\",\"contentUrl\":\"https:\/\/maison4tiers.com\/ecrans-solidaires\/wp-content\/uploads\/sites\/76\/2019\/01\/21.jpg\",\"width\":800,\"height\":1200,\"caption\":\"Jeune Juliette\"},{\"@type\":\"BreadcrumbList\",\"@id\":\"https:\/\/maison4tiers.com\/ecrans-solidaires\/product\/jeune-juliette\/#breadcrumb\",\"itemListElement\":[{\"@type\":\"ListItem\",\"position\":1,\"name\":\"Home\",\"item\":\"https:\/\/maison4tiers.com\/ecrans-solidaires\/\"},{\"@type\":\"ListItem\",\"position\":2,\"name\":\"Films\",\"item\":\"https:\/\/maison4tiers.com\/ecrans-solidaires\/films\/\"},{\"@type\":\"ListItem\",\"position\":3,\"name\":\"Jeune Juliette\"}]},{\"@type\":\"WebSite\",\"@id\":\"https:\/\/maison4tiers.com\/ecrans-solidaires\/#website\",\"url\":\"https:\/\/maison4tiers.com\/ecrans-solidaires\/\",\"name\":\"\u00c9crans solidaires\",\"description\":\"Distribution multiplateforme de films qu\u00e9b\u00e9cois et internationaux\",\"publisher\":{\"@id\":\"https:\/\/maison4tiers.com\/ecrans-solidaires\/#organization\"},\"potentialAction\":[{\"@type\":\"SearchAction\",\"target\":{\"@type\":\"EntryPoint\",\"urlTemplate\":\"https:\/\/maison4tiers.com\/ecrans-solidaires\/?s={search_term_string}\"},\"query-input\":{\"@type\":\"PropertyValueSpecification\",\"valueRequired\":true,\"valueName\":\"search_term_string\"}}],\"inLanguage\":\"fr-FR\"},{\"@type\":\"Organization\",\"@id\":\"https:\/\/maison4tiers.com\/ecrans-solidaires\/#organization\",\"name\":\"\u00c9crans solidaires\",\"url\":\"https:\/\/maison4tiers.com\/ecrans-solidaires\/\",\"logo\":{\"@type\":\"ImageObject\",\"inLanguage\":\"fr-FR\",\"@id\":\"https:\/\/maison4tiers.com\/ecrans-solidaires\/#\/schema\/logo\/image\/\",\"url\":\"https:\/\/maison4tiers.com\/ecrans-solidaires\/wp-content\/uploads\/sites\/76\/2020\/11\/favicon-196.png\",\"contentUrl\":\"https:\/\/maison4tiers.com\/ecrans-solidaires\/wp-content\/uploads\/sites\/76\/2020\/11\/favicon-196.png\",\"width\":196,\"height\":196,\"caption\":\"\u00c9crans solidaires\"},\"image\":{\"@id\":\"https:\/\/maison4tiers.com\/ecrans-solidaires\/#\/schema\/logo\/image\/\"}}]}<\/script>\n<!-- \/ Yoast SEO plugin. -->","yoast_head_json":{"title":"Jeune Juliette - Film Qu\u00e9b\u00e9cois - \u00c9crans solidaires - \u00c9coutez maintenant","description":"Juliette fera d\u2019importants apprentissages sur les gar\u00e7ons, l\u2019amour et l\u2019amiti\u00e9. Elle en sortira grandie (enfin, au moins un peu!).","robots":{"index":"noindex","follow":"follow","max-snippet":"max-snippet:-1","max-image-preview":"max-image-preview:large","max-video-preview":"max-video-preview:-1"},"og_locale":"fr_FR","og_type":"article","og_title":"Jeune Juliette","og_description":"Juliette fera d\u2019importants apprentissages sur les gar\u00e7ons, l\u2019amour et l\u2019amiti\u00e9. Elle en sortira grandie (enfin, au moins un peu!).","og_url":"https:\/\/maison4tiers.com\/ecrans-solidaires\/product\/jeune-juliette\/","og_site_name":"\u00c9crans solidaires","article_modified_time":"2023-08-18T15:00:00+00:00","og_image":[{"width":800,"height":1200,"url":"https:\/\/maison4tiers.com\/ecrans-solidaires\/wp-content\/uploads\/sites\/76\/2019\/01\/21.jpg","type":"image\/jpeg"}],"twitter_card":"summary_large_image","twitter_title":"Jeune Juliette","twitter_description":"Juliette fera d\u2019importants apprentissages sur les gar\u00e7ons, l\u2019amour et l\u2019amiti\u00e9. Elle en sortira grandie (enfin, au moins un peu!).","twitter_image":"https:\/\/maison4tiers.com\/ecrans-solidaires\/wp-content\/uploads\/sites\/76\/2019\/01\/21.jpg","schema":{"@context":"https:\/\/schema.org","@graph":[{"@type":"WebPage","@id":"https:\/\/maison4tiers.com\/ecrans-solidaires\/product\/jeune-juliette\/","url":"https:\/\/maison4tiers.com\/ecrans-solidaires\/product\/jeune-juliette\/","name":"Jeune Juliette - Film Qu\u00e9b\u00e9cois - \u00c9crans solidaires - \u00c9coutez maintenant","isPartOf":{"@id":"https:\/\/maison4tiers.com\/ecrans-solidaires\/#website"},"primaryImageOfPage":{"@id":"https:\/\/maison4tiers.com\/ecrans-solidaires\/product\/jeune-juliette\/#primaryimage"},"image":{"@id":"https:\/\/maison4tiers.com\/ecrans-solidaires\/product\/jeune-juliette\/#primaryimage"},"thumbnailUrl":"https:\/\/maison4tiers.com\/ecrans-solidaires\/wp-content\/uploads\/sites\/76\/2019\/01\/21.jpg","datePublished":"2019-01-12T04:00:25+00:00","dateModified":"2023-08-18T15:00:00+00:00","description":"Juliette fera d\u2019importants apprentissages sur les gar\u00e7ons, l\u2019amour et l\u2019amiti\u00e9. Elle en sortira grandie (enfin, au moins un peu!).","breadcrumb":{"@id":"https:\/\/maison4tiers.com\/ecrans-solidaires\/product\/jeune-juliette\/#breadcrumb"},"inLanguage":"fr-FR","potentialAction":[{"@type":"ReadAction","target":["https:\/\/maison4tiers.com\/ecrans-solidaires\/product\/jeune-juliette\/"]}]},{"@type":"ImageObject","inLanguage":"fr-FR","@id":"https:\/\/maison4tiers.com\/ecrans-solidaires\/product\/jeune-juliette\/#primaryimage","url":"https:\/\/maison4tiers.com\/ecrans-solidaires\/wp-content\/uploads\/sites\/76\/2019\/01\/21.jpg","contentUrl":"https:\/\/maison4tiers.com\/ecrans-solidaires\/wp-content\/uploads\/sites\/76\/2019\/01\/21.jpg","width":800,"height":1200,"caption":"Jeune Juliette"},{"@type":"BreadcrumbList","@id":"https:\/\/maison4tiers.com\/ecrans-solidaires\/product\/jeune-juliette\/#breadcrumb","itemListElement":[{"@type":"ListItem","position":1,"name":"Home","item":"https:\/\/maison4tiers.com\/ecrans-solidaires\/"},{"@type":"ListItem","position":2,"name":"Films","item":"https:\/\/maison4tiers.com\/ecrans-solidaires\/films\/"},{"@type":"ListItem","position":3,"name":"Jeune Juliette"}]},{"@type":"WebSite","@id":"https:\/\/maison4tiers.com\/ecrans-solidaires\/#website","url":"https:\/\/maison4tiers.com\/ecrans-solidaires\/","name":"\u00c9crans solidaires","description":"Distribution multiplateforme de films qu\u00e9b\u00e9cois et internationaux","publisher":{"@id":"https:\/\/maison4tiers.com\/ecrans-solidaires\/#organization"},"potentialAction":[{"@type":"SearchAction","target":{"@type":"EntryPoint","urlTemplate":"https:\/\/maison4tiers.com\/ecrans-solidaires\/?s={search_term_string}"},"query-input":{"@type":"PropertyValueSpecification","valueRequired":true,"valueName":"search_term_string"}}],"inLanguage":"fr-FR"},{"@type":"Organization","@id":"https:\/\/maison4tiers.com\/ecrans-solidaires\/#organization","name":"\u00c9crans solidaires","url":"https:\/\/maison4tiers.com\/ecrans-solidaires\/","logo":{"@type":"ImageObject","inLanguage":"fr-FR","@id":"https:\/\/maison4tiers.com\/ecrans-solidaires\/#\/schema\/logo\/image\/","url":"https:\/\/maison4tiers.com\/ecrans-solidaires\/wp-content\/uploads\/sites\/76\/2020\/11\/favicon-196.png","contentUrl":"https:\/\/maison4tiers.com\/ecrans-solidaires\/wp-content\/uploads\/sites\/76\/2020\/11\/favicon-196.png","width":196,"height":196,"caption":"\u00c9crans solidaires"},"image":{"@id":"https:\/\/maison4tiers.com\/ecrans-solidaires\/#\/schema\/logo\/image\/"}}]}},"jetpack_sharing_enabled":true,"_links":{"self":[{"href":"https:\/\/maison4tiers.com\/ecrans-solidaires\/wp-json\/wp\/v2\/product\/4519","targetHints":{"allow":["GET"]}}],"collection":[{"href":"https:\/\/maison4tiers.com\/ecrans-solidaires\/wp-json\/wp\/v2\/product"}],"about":[{"href":"https:\/\/maison4tiers.com\/ecrans-solidaires\/wp-json\/wp\/v2\/types\/product"}],"wp:featuredmedia":[{"embeddable":true,"href":"https:\/\/maison4tiers.com\/ecrans-solidaires\/wp-json\/wp\/v2\/media\/7448"}],"wp:attachment":[{"href":"https:\/\/maison4tiers.com\/ecrans-solidaires\/wp-json\/wp\/v2\/media?parent=4519"}],"wp:term":[{"taxonomy":"product_brand","embeddable":true,"href":"https:\/\/maison4tiers.com\/ecrans-solidaires\/wp-json\/wp\/v2\/product_brand?post=4519"},{"taxonomy":"product_cat","embeddable":true,"href":"https:\/\/maison4tiers.com\/ecrans-solidaires\/wp-json\/wp\/v2\/product_cat?post=4519"},{"taxonomy":"product_tag","embeddable":true,"href":"https:\/\/maison4tiers.com\/ecrans-solidaires\/wp-json\/wp\/v2\/product_tag?post=4519"}],"curies":[{"name":"wp","href":"https:\/\/api.w.org\/{rel}","templated":true}]}}