{"id":4506,"date":"2017-01-12T00:00:36","date_gmt":"2017-01-12T04:00:36","guid":{"rendered":"https:\/\/maison4tiers.com\/?post_type=product&#038;p=4506"},"modified":"2022-01-12T14:55:13","modified_gmt":"2022-01-12T18:55:13","slug":"journal-dune-fiv","status":"publish","type":"product","link":"https:\/\/maison4tiers.com\/ecrans-solidaires\/product\/journal-dune-fiv\/","title":{"rendered":"Journal d&rsquo;une Fiv"},"excerpt":{"rendered":"<p>Rapha\u00eblle a 40 ans et Rodolphe 42. Comme beaucoup de couples qui se rencontrent tard, ils d\u00e9sirent un enfant mais il ne vient pas. Commence alors le parcours du combattant. Le couple rentre dans le tunnel de la procr\u00e9ation m\u00e9dicalement assist\u00e9e, accompagn\u00e9 du professeur Ren\u00e9 Frydman, le pr\u00e9curseur de la f\u00e9condation in vitro en France. Pour trouver sa place, Rodolphe d\u00e9cide de filmer toutes les \u00e9tapes de leur p\u00e9riple m\u00e9dical avec son t\u00e9l\u00e9phone portable. Il est au c\u0153ur de l\u2019action, l\u00e0 o\u00f9 aucune cam\u00e9ra n\u2019est jamais all\u00e9e.<\/p>\n<blockquote><p><em>\u00ab Cette incursion courageuse dans le labyrinthe me\u0301dical posse\u0300de de nombreuses vertus e\u0301ducatives, et a\u0300 ce titre, pourra e\u0302tre fort utile a\u0300 beaucoup d\u2019autres couples. \u00bb<br \/>\n<\/em><strong>\u2013\u00a0<a href=\"https:\/\/mediafilm.ca\/2017\/journal-d-une-fiv\" target=\"_blank\" rel=\"noopener\">MEDIAFILM<\/a><\/strong><\/p><\/blockquote>\n<p><a href=\"https:\/\/maison4tiers.com\/categorie-produit\/film\/documentaire\/\" target=\"_blank\" rel=\"noopener\"><span style=\"text-decoration: underline;\"><strong>Voir les autres documentaires\u00a0<\/strong><\/span><\/a><\/p>\n<p>&nbsp;<\/p>\n<p><strong>*Disponible au Canada seulement<\/strong><\/p>\n","protected":false},"featured_media":7492,"template":"","meta":{"_acf_changed":false,"_eb_attr":""},"product_brand":[],"product_cat":[78,45,122,121,131,142],"product_tag":[],"class_list":{"0":"post-4506","1":"product","2":"type-product","3":"status-publish","4":"has-post-thumbnail","6":"product_cat-documentaire","7":"product_cat-film","8":"product_cat-reflexion","9":"product_cat-societe","10":"product_cat-touslesfilms","11":"product_cat-numerique","12":"product_shipping_class-livraison","14":"first","15":"instock","16":"taxable","17":"shipping-taxable","18":"purchasable","19":"product-type-variable","20":"has-default-attributes"},"acf":[],"yoast_head":"<!-- This site is optimized with the Yoast SEO plugin v27.0 - https:\/\/yoast.com\/product\/yoast-seo-wordpress\/ -->\n<title>Journal d&#039;une Fiv - Documentaire - \u00c9crans solidaires -<\/title>\n<meta name=\"description\" content=\"Journal d&#039;une Fiv. Rapha\u00eblle a 40 ans et Rodolphe 42. Comme beaucoup de couples qui se rencontrent tard, ils d\u00e9sirent un enfant mais il ne vient pas.\" \/>\n<meta name=\"robots\" content=\"noindex, follow, max-snippet:-1, max-image-preview:large, max-video-preview:-1\" \/>\n<meta property=\"og:locale\" content=\"fr_FR\" \/>\n<meta property=\"og:type\" content=\"article\" \/>\n<meta property=\"og:title\" content=\"Journal d&#039;une Fiv\" \/>\n<meta property=\"og:description\" content=\"Journal d&#039;une Fiv. Rapha\u00eblle a 40 ans et Rodolphe 42. Comme beaucoup de couples qui se rencontrent tard, ils d\u00e9sirent un enfant mais il ne vient pas.\" \/>\n<meta property=\"og:url\" content=\"https:\/\/maison4tiers.com\/ecrans-solidaires\/product\/journal-dune-fiv\/\" \/>\n<meta property=\"og:site_name\" content=\"\u00c9crans solidaires\" \/>\n<meta property=\"article:modified_time\" content=\"2022-01-12T18:55:13+00:00\" \/>\n<meta property=\"og:image\" content=\"https:\/\/maison4tiers.com\/ecrans-solidaires\/wp-content\/uploads\/sites\/76\/2017\/01\/23.jpg\" \/>\n\t<meta property=\"og:image:width\" content=\"800\" \/>\n\t<meta property=\"og:image:height\" content=\"1200\" \/>\n\t<meta property=\"og:image:type\" content=\"image\/jpeg\" \/>\n<meta name=\"twitter:card\" content=\"summary_large_image\" \/>\n<meta name=\"twitter:title\" content=\"Journal d&#039;une Fiv\" \/>\n<meta name=\"twitter:description\" content=\"Journal d&#039;une Fiv. Rapha\u00eblle a 40 ans et Rodolphe 42. Comme beaucoup de couples qui se rencontrent tard, ils d\u00e9sirent un enfant mais il ne vient pas.\" \/>\n<meta name=\"twitter:image\" content=\"https:\/\/maison4tiers.com\/ecrans-solidaires\/wp-content\/uploads\/sites\/76\/2017\/01\/23.jpg\" \/>\n<script type=\"application\/ld+json\" class=\"yoast-schema-graph\">{\"@context\":\"https:\/\/schema.org\",\"@graph\":[{\"@type\":\"WebPage\",\"@id\":\"https:\/\/maison4tiers.com\/ecrans-solidaires\/product\/journal-dune-fiv\/\",\"url\":\"https:\/\/maison4tiers.com\/ecrans-solidaires\/product\/journal-dune-fiv\/\",\"name\":\"Journal d'une Fiv - Documentaire - \u00c9crans solidaires -\",\"isPartOf\":{\"@id\":\"https:\/\/maison4tiers.com\/ecrans-solidaires\/#website\"},\"primaryImageOfPage\":{\"@id\":\"https:\/\/maison4tiers.com\/ecrans-solidaires\/product\/journal-dune-fiv\/#primaryimage\"},\"image\":{\"@id\":\"https:\/\/maison4tiers.com\/ecrans-solidaires\/product\/journal-dune-fiv\/#primaryimage\"},\"thumbnailUrl\":\"https:\/\/maison4tiers.com\/ecrans-solidaires\/wp-content\/uploads\/sites\/76\/2017\/01\/23.jpg\",\"datePublished\":\"2017-01-12T04:00:36+00:00\",\"dateModified\":\"2022-01-12T18:55:13+00:00\",\"description\":\"Journal d'une Fiv. Rapha\u00eblle a 40 ans et Rodolphe 42. Comme beaucoup de couples qui se rencontrent tard, ils d\u00e9sirent un enfant mais il ne vient pas.\",\"breadcrumb\":{\"@id\":\"https:\/\/maison4tiers.com\/ecrans-solidaires\/product\/journal-dune-fiv\/#breadcrumb\"},\"inLanguage\":\"fr-FR\",\"potentialAction\":[{\"@type\":\"ReadAction\",\"target\":[\"https:\/\/maison4tiers.com\/ecrans-solidaires\/product\/journal-dune-fiv\/\"]}]},{\"@type\":\"ImageObject\",\"inLanguage\":\"fr-FR\",\"@id\":\"https:\/\/maison4tiers.com\/ecrans-solidaires\/product\/journal-dune-fiv\/#primaryimage\",\"url\":\"https:\/\/maison4tiers.com\/ecrans-solidaires\/wp-content\/uploads\/sites\/76\/2017\/01\/23.jpg\",\"contentUrl\":\"https:\/\/maison4tiers.com\/ecrans-solidaires\/wp-content\/uploads\/sites\/76\/2017\/01\/23.jpg\",\"width\":800,\"height\":1200,\"caption\":\"Journal d'une FIV\"},{\"@type\":\"BreadcrumbList\",\"@id\":\"https:\/\/maison4tiers.com\/ecrans-solidaires\/product\/journal-dune-fiv\/#breadcrumb\",\"itemListElement\":[{\"@type\":\"ListItem\",\"position\":1,\"name\":\"Home\",\"item\":\"https:\/\/maison4tiers.com\/ecrans-solidaires\/\"},{\"@type\":\"ListItem\",\"position\":2,\"name\":\"Films\",\"item\":\"https:\/\/maison4tiers.com\/ecrans-solidaires\/films\/\"},{\"@type\":\"ListItem\",\"position\":3,\"name\":\"Journal d&#8217;une Fiv\"}]},{\"@type\":\"WebSite\",\"@id\":\"https:\/\/maison4tiers.com\/ecrans-solidaires\/#website\",\"url\":\"https:\/\/maison4tiers.com\/ecrans-solidaires\/\",\"name\":\"\u00c9crans solidaires\",\"description\":\"Distribution multiplateforme de films qu\u00e9b\u00e9cois et internationaux\",\"publisher\":{\"@id\":\"https:\/\/maison4tiers.com\/ecrans-solidaires\/#organization\"},\"potentialAction\":[{\"@type\":\"SearchAction\",\"target\":{\"@type\":\"EntryPoint\",\"urlTemplate\":\"https:\/\/maison4tiers.com\/ecrans-solidaires\/?s={search_term_string}\"},\"query-input\":{\"@type\":\"PropertyValueSpecification\",\"valueRequired\":true,\"valueName\":\"search_term_string\"}}],\"inLanguage\":\"fr-FR\"},{\"@type\":\"Organization\",\"@id\":\"https:\/\/maison4tiers.com\/ecrans-solidaires\/#organization\",\"name\":\"\u00c9crans solidaires\",\"url\":\"https:\/\/maison4tiers.com\/ecrans-solidaires\/\",\"logo\":{\"@type\":\"ImageObject\",\"inLanguage\":\"fr-FR\",\"@id\":\"https:\/\/maison4tiers.com\/ecrans-solidaires\/#\/schema\/logo\/image\/\",\"url\":\"https:\/\/maison4tiers.com\/ecrans-solidaires\/wp-content\/uploads\/sites\/76\/2020\/11\/favicon-196.png\",\"contentUrl\":\"https:\/\/maison4tiers.com\/ecrans-solidaires\/wp-content\/uploads\/sites\/76\/2020\/11\/favicon-196.png\",\"width\":196,\"height\":196,\"caption\":\"\u00c9crans solidaires\"},\"image\":{\"@id\":\"https:\/\/maison4tiers.com\/ecrans-solidaires\/#\/schema\/logo\/image\/\"}}]}<\/script>\n<!-- \/ Yoast SEO plugin. -->","yoast_head_json":{"title":"Journal d'une Fiv - Documentaire - \u00c9crans solidaires -","description":"Journal d'une Fiv. Rapha\u00eblle a 40 ans et Rodolphe 42. Comme beaucoup de couples qui se rencontrent tard, ils d\u00e9sirent un enfant mais il ne vient pas.","robots":{"index":"noindex","follow":"follow","max-snippet":"max-snippet:-1","max-image-preview":"max-image-preview:large","max-video-preview":"max-video-preview:-1"},"og_locale":"fr_FR","og_type":"article","og_title":"Journal d'une Fiv","og_description":"Journal d'une Fiv. Rapha\u00eblle a 40 ans et Rodolphe 42. Comme beaucoup de couples qui se rencontrent tard, ils d\u00e9sirent un enfant mais il ne vient pas.","og_url":"https:\/\/maison4tiers.com\/ecrans-solidaires\/product\/journal-dune-fiv\/","og_site_name":"\u00c9crans solidaires","article_modified_time":"2022-01-12T18:55:13+00:00","og_image":[{"width":800,"height":1200,"url":"https:\/\/maison4tiers.com\/ecrans-solidaires\/wp-content\/uploads\/sites\/76\/2017\/01\/23.jpg","type":"image\/jpeg"}],"twitter_card":"summary_large_image","twitter_title":"Journal d'une Fiv","twitter_description":"Journal d'une Fiv. Rapha\u00eblle a 40 ans et Rodolphe 42. Comme beaucoup de couples qui se rencontrent tard, ils d\u00e9sirent un enfant mais il ne vient pas.","twitter_image":"https:\/\/maison4tiers.com\/ecrans-solidaires\/wp-content\/uploads\/sites\/76\/2017\/01\/23.jpg","schema":{"@context":"https:\/\/schema.org","@graph":[{"@type":"WebPage","@id":"https:\/\/maison4tiers.com\/ecrans-solidaires\/product\/journal-dune-fiv\/","url":"https:\/\/maison4tiers.com\/ecrans-solidaires\/product\/journal-dune-fiv\/","name":"Journal d'une Fiv - Documentaire - \u00c9crans solidaires -","isPartOf":{"@id":"https:\/\/maison4tiers.com\/ecrans-solidaires\/#website"},"primaryImageOfPage":{"@id":"https:\/\/maison4tiers.com\/ecrans-solidaires\/product\/journal-dune-fiv\/#primaryimage"},"image":{"@id":"https:\/\/maison4tiers.com\/ecrans-solidaires\/product\/journal-dune-fiv\/#primaryimage"},"thumbnailUrl":"https:\/\/maison4tiers.com\/ecrans-solidaires\/wp-content\/uploads\/sites\/76\/2017\/01\/23.jpg","datePublished":"2017-01-12T04:00:36+00:00","dateModified":"2022-01-12T18:55:13+00:00","description":"Journal d'une Fiv. Rapha\u00eblle a 40 ans et Rodolphe 42. Comme beaucoup de couples qui se rencontrent tard, ils d\u00e9sirent un enfant mais il ne vient pas.","breadcrumb":{"@id":"https:\/\/maison4tiers.com\/ecrans-solidaires\/product\/journal-dune-fiv\/#breadcrumb"},"inLanguage":"fr-FR","potentialAction":[{"@type":"ReadAction","target":["https:\/\/maison4tiers.com\/ecrans-solidaires\/product\/journal-dune-fiv\/"]}]},{"@type":"ImageObject","inLanguage":"fr-FR","@id":"https:\/\/maison4tiers.com\/ecrans-solidaires\/product\/journal-dune-fiv\/#primaryimage","url":"https:\/\/maison4tiers.com\/ecrans-solidaires\/wp-content\/uploads\/sites\/76\/2017\/01\/23.jpg","contentUrl":"https:\/\/maison4tiers.com\/ecrans-solidaires\/wp-content\/uploads\/sites\/76\/2017\/01\/23.jpg","width":800,"height":1200,"caption":"Journal d'une FIV"},{"@type":"BreadcrumbList","@id":"https:\/\/maison4tiers.com\/ecrans-solidaires\/product\/journal-dune-fiv\/#breadcrumb","itemListElement":[{"@type":"ListItem","position":1,"name":"Home","item":"https:\/\/maison4tiers.com\/ecrans-solidaires\/"},{"@type":"ListItem","position":2,"name":"Films","item":"https:\/\/maison4tiers.com\/ecrans-solidaires\/films\/"},{"@type":"ListItem","position":3,"name":"Journal d&#8217;une Fiv"}]},{"@type":"WebSite","@id":"https:\/\/maison4tiers.com\/ecrans-solidaires\/#website","url":"https:\/\/maison4tiers.com\/ecrans-solidaires\/","name":"\u00c9crans solidaires","description":"Distribution multiplateforme de films qu\u00e9b\u00e9cois et internationaux","publisher":{"@id":"https:\/\/maison4tiers.com\/ecrans-solidaires\/#organization"},"potentialAction":[{"@type":"SearchAction","target":{"@type":"EntryPoint","urlTemplate":"https:\/\/maison4tiers.com\/ecrans-solidaires\/?s={search_term_string}"},"query-input":{"@type":"PropertyValueSpecification","valueRequired":true,"valueName":"search_term_string"}}],"inLanguage":"fr-FR"},{"@type":"Organization","@id":"https:\/\/maison4tiers.com\/ecrans-solidaires\/#organization","name":"\u00c9crans solidaires","url":"https:\/\/maison4tiers.com\/ecrans-solidaires\/","logo":{"@type":"ImageObject","inLanguage":"fr-FR","@id":"https:\/\/maison4tiers.com\/ecrans-solidaires\/#\/schema\/logo\/image\/","url":"https:\/\/maison4tiers.com\/ecrans-solidaires\/wp-content\/uploads\/sites\/76\/2020\/11\/favicon-196.png","contentUrl":"https:\/\/maison4tiers.com\/ecrans-solidaires\/wp-content\/uploads\/sites\/76\/2020\/11\/favicon-196.png","width":196,"height":196,"caption":"\u00c9crans solidaires"},"image":{"@id":"https:\/\/maison4tiers.com\/ecrans-solidaires\/#\/schema\/logo\/image\/"}}]}},"jetpack_sharing_enabled":true,"_links":{"self":[{"href":"https:\/\/maison4tiers.com\/ecrans-solidaires\/wp-json\/wp\/v2\/product\/4506","targetHints":{"allow":["GET"]}}],"collection":[{"href":"https:\/\/maison4tiers.com\/ecrans-solidaires\/wp-json\/wp\/v2\/product"}],"about":[{"href":"https:\/\/maison4tiers.com\/ecrans-solidaires\/wp-json\/wp\/v2\/types\/product"}],"wp:featuredmedia":[{"embeddable":true,"href":"https:\/\/maison4tiers.com\/ecrans-solidaires\/wp-json\/wp\/v2\/media\/7492"}],"wp:attachment":[{"href":"https:\/\/maison4tiers.com\/ecrans-solidaires\/wp-json\/wp\/v2\/media?parent=4506"}],"wp:term":[{"taxonomy":"product_brand","embeddable":true,"href":"https:\/\/maison4tiers.com\/ecrans-solidaires\/wp-json\/wp\/v2\/product_brand?post=4506"},{"taxonomy":"product_cat","embeddable":true,"href":"https:\/\/maison4tiers.com\/ecrans-solidaires\/wp-json\/wp\/v2\/product_cat?post=4506"},{"taxonomy":"product_tag","embeddable":true,"href":"https:\/\/maison4tiers.com\/ecrans-solidaires\/wp-json\/wp\/v2\/product_tag?post=4506"}],"curies":[{"name":"wp","href":"https:\/\/api.w.org\/{rel}","templated":true}]}}