{"id":4497,"date":"2020-01-06T00:00:09","date_gmt":"2020-01-06T04:00:09","guid":{"rendered":"https:\/\/maison4tiers.com\/?post_type=product&#038;p=4497"},"modified":"2024-06-28T11:46:43","modified_gmt":"2024-06-28T15:46:43","slug":"je-mappelle-humain","status":"publish","type":"product","link":"https:\/\/maison4tiers.com\/ecrans-solidaires\/product\/je-mappelle-humain\/","title":{"rendered":"Je m&rsquo;appelle Humain"},"excerpt":{"rendered":"<p>Je m\u2019appelle humain propose une incursion dans l\u2019histoire aux co\u0302te\u0301s de Jose\u0301phine Bacon, une femme libre qui a consacre\u0301 sa vie a\u0300 transmettre son savoir et celui de ses ance\u0302tres.<\/p>\n<blockquote><p><em>\u00ab Je m\u2019appelle humain accomplit ce petit miracle qui survient parfois en documentaire, soit celui d\u2019\u00e9tablir un lien affectif si fort qu\u2019on entre ni plus ni moins en communion avec le sujet, avec Jos\u00e9phine Bacon. \u00bb<\/em><br \/>\n\u2605\u2605\u2605\u2605 <strong>\u2013\u00a0<a href=\"https:\/\/www.ledevoir.com\/culture\/cinema\/589604\/cinema-je-m-appelle-humain-vivre-au-present-le-passe-des-ancetres#:~:text=Plus%20loin%2C%20elle%20confie%20%3A%20%C2%AB,ni%20plus%20ni%20moins%20en\" target=\"_blank\" rel=\"noopener\">LE DEVOIR<\/a><\/strong><\/p>\n<p>&nbsp;<\/p>\n<p><em>\u00ab Femme lumineuse, film lumineux \u00bb<\/em><br \/>\n\u2605\u2605\u2605\u2605 <strong>\u2013\u00a0<a href=\"https:\/\/www.lapresse.ca\/cinema\/critiques\/2020-11-13\/je-m-appelle-humain-femme-lumineuse-film-lumineux.php\" target=\"_blank\" rel=\"noopener\">LAPRESSE<\/a><\/strong><\/p>\n<p>&nbsp;<\/p>\n<p><em>\u00ab Ce film est incroyable [\u2026] un objet d\u2019une grande beaut\u00e9. \u00bb<\/em><br \/>\n<strong>\u2013\u00a0<a href=\"https:\/\/ici.radio-canada.ca\/ohdio\/premiere\/emissions\/penelope\/segments\/entrevue\/200126\/josephine-bacon-kim-obomsawin-film-je-mappelle-humain\" target=\"_blank\" rel=\"noopener\">P\u00e9n\u00e9lope McQuade, Ici Radio-Canada<\/a><\/strong><\/p>\n<p>&nbsp;<\/p>\n<p><em>\u00ab Un film rayonnant et porteur d\u2019espoir. \u00bb<\/em><br \/>\n<strong>\u2013 <a href=\"https:\/\/journalmetro.com\/culture\/2578705\/7e-ciel-on-craque-pour-les-appendices-je-mappelle-humain\/\" target=\"_blank\" rel=\"noopener\">JOURNAL METRO<\/a><\/strong><\/p><\/blockquote>\n<p><span style=\"text-decoration: underline;\"><a href=\"https:\/\/maison4tiers.com\/categorie-produit\/film\/documentaire\/\" target=\"_blank\" rel=\"noopener\"><strong>Voir les autres documentaire<\/strong><\/a><\/span><\/p>\n<p>&nbsp;<\/p>\n<p><strong>*Disponible au Canada seulement<\/strong><\/p>\n","protected":false},"featured_media":7432,"template":"","meta":{"_acf_changed":false,"_eb_attr":""},"product_brand":[],"product_cat":[78,149,118,45,119,122,121,136,131,142],"product_tag":[553,547,546,556,542,543,544,552,550,555,348,548,549,545,554,551],"class_list":{"0":"post-4497","1":"product","2":"type-product","3":"status-publish","4":"has-post-thumbnail","6":"product_cat-documentaire","7":"product_cat-promotion","8":"product_cat-environnement","9":"product_cat-film","10":"product_cat-quebecois","11":"product_cat-reflexion","12":"product_cat-societe","13":"product_cat-dvd","14":"product_cat-touslesfilms","15":"product_cat-numerique","16":"product_tag-ancetres","17":"product_tag-art-autochtone","18":"product_tag-autochtones","19":"product_tag-cycle","20":"product_tag-je-mappelle-humain","21":"product_tag-josephine-bacon","22":"product_tag-kim-obomsawin","23":"product_tag-memoire","24":"product_tag-nature","25":"product_tag-passage","26":"product_tag-philosophie","27":"product_tag-poesie","28":"product_tag-poetique","29":"product_tag-premieres-nations","30":"product_tag-reappropriation","31":"product_tag-spiritualite","32":"product_shipping_class-livraison","34":"first","35":"instock","36":"sale","37":"taxable","38":"shipping-taxable","39":"purchasable","40":"product-type-variable","41":"has-default-attributes"},"acf":[],"yoast_head":"<!-- This site is optimized with the Yoast SEO plugin v27.0 - https:\/\/yoast.com\/product\/yoast-seo-wordpress\/ -->\n<title>Je m&#039;appelle Humain - Documentaire qu\u00e9b\u00e9cois - \u00c9crans solidaires -<\/title>\n<meta name=\"description\" content=\"Je m\u2019appelle humain propose une incursion dans l\u2019histoire aux co\u0302te\u0301s de Jose\u0301phine Bacon, une femme libre qui a consacre\u0301 sa vie...\" \/>\n<meta name=\"robots\" content=\"noindex, follow, max-snippet:-1, max-image-preview:large, max-video-preview:-1\" \/>\n<meta property=\"og:locale\" content=\"fr_FR\" \/>\n<meta property=\"og:type\" content=\"article\" \/>\n<meta property=\"og:title\" content=\"Je m&#039;appelle humain\" \/>\n<meta property=\"og:description\" content=\"Je m\u2019appelle humain propose une incursion dans l\u2019histoire aux co\u0302te\u0301s de Jose\u0301phine Bacon, une femme libre qui a consacre\u0301 sa vie...\" \/>\n<meta property=\"og:url\" content=\"https:\/\/maison4tiers.com\/ecrans-solidaires\/product\/je-mappelle-humain\/\" \/>\n<meta property=\"og:site_name\" content=\"\u00c9crans solidaires\" \/>\n<meta property=\"article:modified_time\" content=\"2024-06-28T15:46:43+00:00\" \/>\n<meta property=\"og:image\" content=\"https:\/\/maison4tiers.com\/ecrans-solidaires\/wp-content\/uploads\/sites\/76\/2020\/01\/26.jpg\" \/>\n\t<meta property=\"og:image:width\" content=\"800\" \/>\n\t<meta property=\"og:image:height\" content=\"1200\" \/>\n\t<meta property=\"og:image:type\" content=\"image\/jpeg\" \/>\n<meta name=\"twitter:card\" content=\"summary_large_image\" \/>\n<meta name=\"twitter:title\" content=\"Je m&#039;appelle humain\" \/>\n<meta name=\"twitter:description\" content=\"Je m\u2019appelle humain propose une incursion dans l\u2019histoire aux co\u0302te\u0301s de Jose\u0301phine Bacon, une femme libre qui a consacre\u0301 sa vie...\" \/>\n<meta name=\"twitter:image\" content=\"https:\/\/maison4tiers.com\/ecrans-solidaires\/wp-content\/uploads\/sites\/76\/2020\/01\/26.jpg\" \/>\n<meta name=\"twitter:label1\" content=\"Dur\u00e9e de lecture estim\u00e9e\" \/>\n\t<meta name=\"twitter:data1\" content=\"1 minute\" \/>\n<script type=\"application\/ld+json\" class=\"yoast-schema-graph\">{\"@context\":\"https:\/\/schema.org\",\"@graph\":[{\"@type\":\"WebPage\",\"@id\":\"https:\/\/maison4tiers.com\/ecrans-solidaires\/product\/je-mappelle-humain\/\",\"url\":\"https:\/\/maison4tiers.com\/ecrans-solidaires\/product\/je-mappelle-humain\/\",\"name\":\"Je m'appelle Humain - Documentaire qu\u00e9b\u00e9cois - \u00c9crans solidaires -\",\"isPartOf\":{\"@id\":\"https:\/\/maison4tiers.com\/ecrans-solidaires\/#website\"},\"primaryImageOfPage\":{\"@id\":\"https:\/\/maison4tiers.com\/ecrans-solidaires\/product\/je-mappelle-humain\/#primaryimage\"},\"image\":{\"@id\":\"https:\/\/maison4tiers.com\/ecrans-solidaires\/product\/je-mappelle-humain\/#primaryimage\"},\"thumbnailUrl\":\"https:\/\/maison4tiers.com\/ecrans-solidaires\/wp-content\/uploads\/sites\/76\/2020\/01\/26.jpg\",\"datePublished\":\"2020-01-06T04:00:09+00:00\",\"dateModified\":\"2024-06-28T15:46:43+00:00\",\"description\":\"Je m\u2019appelle humain propose une incursion dans l\u2019histoire aux co\u0302te\u0301s de Jose\u0301phine Bacon, une femme libre qui a consacre\u0301 sa vie...\",\"breadcrumb\":{\"@id\":\"https:\/\/maison4tiers.com\/ecrans-solidaires\/product\/je-mappelle-humain\/#breadcrumb\"},\"inLanguage\":\"fr-FR\",\"potentialAction\":[{\"@type\":\"ReadAction\",\"target\":[\"https:\/\/maison4tiers.com\/ecrans-solidaires\/product\/je-mappelle-humain\/\"]}]},{\"@type\":\"ImageObject\",\"inLanguage\":\"fr-FR\",\"@id\":\"https:\/\/maison4tiers.com\/ecrans-solidaires\/product\/je-mappelle-humain\/#primaryimage\",\"url\":\"https:\/\/maison4tiers.com\/ecrans-solidaires\/wp-content\/uploads\/sites\/76\/2020\/01\/26.jpg\",\"contentUrl\":\"https:\/\/maison4tiers.com\/ecrans-solidaires\/wp-content\/uploads\/sites\/76\/2020\/01\/26.jpg\",\"width\":800,\"height\":1200,\"caption\":\"Je m'appelle humain\"},{\"@type\":\"BreadcrumbList\",\"@id\":\"https:\/\/maison4tiers.com\/ecrans-solidaires\/product\/je-mappelle-humain\/#breadcrumb\",\"itemListElement\":[{\"@type\":\"ListItem\",\"position\":1,\"name\":\"Home\",\"item\":\"https:\/\/maison4tiers.com\/ecrans-solidaires\/\"},{\"@type\":\"ListItem\",\"position\":2,\"name\":\"Films\",\"item\":\"https:\/\/maison4tiers.com\/ecrans-solidaires\/films\/\"},{\"@type\":\"ListItem\",\"position\":3,\"name\":\"Je m&#8217;appelle Humain\"}]},{\"@type\":\"WebSite\",\"@id\":\"https:\/\/maison4tiers.com\/ecrans-solidaires\/#website\",\"url\":\"https:\/\/maison4tiers.com\/ecrans-solidaires\/\",\"name\":\"\u00c9crans solidaires\",\"description\":\"Distribution multiplateforme de films qu\u00e9b\u00e9cois et internationaux\",\"publisher\":{\"@id\":\"https:\/\/maison4tiers.com\/ecrans-solidaires\/#organization\"},\"potentialAction\":[{\"@type\":\"SearchAction\",\"target\":{\"@type\":\"EntryPoint\",\"urlTemplate\":\"https:\/\/maison4tiers.com\/ecrans-solidaires\/?s={search_term_string}\"},\"query-input\":{\"@type\":\"PropertyValueSpecification\",\"valueRequired\":true,\"valueName\":\"search_term_string\"}}],\"inLanguage\":\"fr-FR\"},{\"@type\":\"Organization\",\"@id\":\"https:\/\/maison4tiers.com\/ecrans-solidaires\/#organization\",\"name\":\"\u00c9crans solidaires\",\"url\":\"https:\/\/maison4tiers.com\/ecrans-solidaires\/\",\"logo\":{\"@type\":\"ImageObject\",\"inLanguage\":\"fr-FR\",\"@id\":\"https:\/\/maison4tiers.com\/ecrans-solidaires\/#\/schema\/logo\/image\/\",\"url\":\"https:\/\/maison4tiers.com\/ecrans-solidaires\/wp-content\/uploads\/sites\/76\/2020\/11\/favicon-196.png\",\"contentUrl\":\"https:\/\/maison4tiers.com\/ecrans-solidaires\/wp-content\/uploads\/sites\/76\/2020\/11\/favicon-196.png\",\"width\":196,\"height\":196,\"caption\":\"\u00c9crans solidaires\"},\"image\":{\"@id\":\"https:\/\/maison4tiers.com\/ecrans-solidaires\/#\/schema\/logo\/image\/\"}}]}<\/script>\n<!-- \/ Yoast SEO plugin. -->","yoast_head_json":{"title":"Je m'appelle Humain - Documentaire qu\u00e9b\u00e9cois - \u00c9crans solidaires -","description":"Je m\u2019appelle humain propose une incursion dans l\u2019histoire aux co\u0302te\u0301s de Jose\u0301phine Bacon, une femme libre qui a consacre\u0301 sa vie...","robots":{"index":"noindex","follow":"follow","max-snippet":"max-snippet:-1","max-image-preview":"max-image-preview:large","max-video-preview":"max-video-preview:-1"},"og_locale":"fr_FR","og_type":"article","og_title":"Je m'appelle humain","og_description":"Je m\u2019appelle humain propose une incursion dans l\u2019histoire aux co\u0302te\u0301s de Jose\u0301phine Bacon, une femme libre qui a consacre\u0301 sa vie...","og_url":"https:\/\/maison4tiers.com\/ecrans-solidaires\/product\/je-mappelle-humain\/","og_site_name":"\u00c9crans solidaires","article_modified_time":"2024-06-28T15:46:43+00:00","og_image":[{"width":800,"height":1200,"url":"https:\/\/maison4tiers.com\/ecrans-solidaires\/wp-content\/uploads\/sites\/76\/2020\/01\/26.jpg","type":"image\/jpeg"}],"twitter_card":"summary_large_image","twitter_title":"Je m'appelle humain","twitter_description":"Je m\u2019appelle humain propose une incursion dans l\u2019histoire aux co\u0302te\u0301s de Jose\u0301phine Bacon, une femme libre qui a consacre\u0301 sa vie...","twitter_image":"https:\/\/maison4tiers.com\/ecrans-solidaires\/wp-content\/uploads\/sites\/76\/2020\/01\/26.jpg","twitter_misc":{"Dur\u00e9e de lecture estim\u00e9e":"1 minute"},"schema":{"@context":"https:\/\/schema.org","@graph":[{"@type":"WebPage","@id":"https:\/\/maison4tiers.com\/ecrans-solidaires\/product\/je-mappelle-humain\/","url":"https:\/\/maison4tiers.com\/ecrans-solidaires\/product\/je-mappelle-humain\/","name":"Je m'appelle Humain - Documentaire qu\u00e9b\u00e9cois - \u00c9crans solidaires -","isPartOf":{"@id":"https:\/\/maison4tiers.com\/ecrans-solidaires\/#website"},"primaryImageOfPage":{"@id":"https:\/\/maison4tiers.com\/ecrans-solidaires\/product\/je-mappelle-humain\/#primaryimage"},"image":{"@id":"https:\/\/maison4tiers.com\/ecrans-solidaires\/product\/je-mappelle-humain\/#primaryimage"},"thumbnailUrl":"https:\/\/maison4tiers.com\/ecrans-solidaires\/wp-content\/uploads\/sites\/76\/2020\/01\/26.jpg","datePublished":"2020-01-06T04:00:09+00:00","dateModified":"2024-06-28T15:46:43+00:00","description":"Je m\u2019appelle humain propose une incursion dans l\u2019histoire aux co\u0302te\u0301s de Jose\u0301phine Bacon, une femme libre qui a consacre\u0301 sa vie...","breadcrumb":{"@id":"https:\/\/maison4tiers.com\/ecrans-solidaires\/product\/je-mappelle-humain\/#breadcrumb"},"inLanguage":"fr-FR","potentialAction":[{"@type":"ReadAction","target":["https:\/\/maison4tiers.com\/ecrans-solidaires\/product\/je-mappelle-humain\/"]}]},{"@type":"ImageObject","inLanguage":"fr-FR","@id":"https:\/\/maison4tiers.com\/ecrans-solidaires\/product\/je-mappelle-humain\/#primaryimage","url":"https:\/\/maison4tiers.com\/ecrans-solidaires\/wp-content\/uploads\/sites\/76\/2020\/01\/26.jpg","contentUrl":"https:\/\/maison4tiers.com\/ecrans-solidaires\/wp-content\/uploads\/sites\/76\/2020\/01\/26.jpg","width":800,"height":1200,"caption":"Je m'appelle humain"},{"@type":"BreadcrumbList","@id":"https:\/\/maison4tiers.com\/ecrans-solidaires\/product\/je-mappelle-humain\/#breadcrumb","itemListElement":[{"@type":"ListItem","position":1,"name":"Home","item":"https:\/\/maison4tiers.com\/ecrans-solidaires\/"},{"@type":"ListItem","position":2,"name":"Films","item":"https:\/\/maison4tiers.com\/ecrans-solidaires\/films\/"},{"@type":"ListItem","position":3,"name":"Je m&#8217;appelle Humain"}]},{"@type":"WebSite","@id":"https:\/\/maison4tiers.com\/ecrans-solidaires\/#website","url":"https:\/\/maison4tiers.com\/ecrans-solidaires\/","name":"\u00c9crans solidaires","description":"Distribution multiplateforme de films qu\u00e9b\u00e9cois et internationaux","publisher":{"@id":"https:\/\/maison4tiers.com\/ecrans-solidaires\/#organization"},"potentialAction":[{"@type":"SearchAction","target":{"@type":"EntryPoint","urlTemplate":"https:\/\/maison4tiers.com\/ecrans-solidaires\/?s={search_term_string}"},"query-input":{"@type":"PropertyValueSpecification","valueRequired":true,"valueName":"search_term_string"}}],"inLanguage":"fr-FR"},{"@type":"Organization","@id":"https:\/\/maison4tiers.com\/ecrans-solidaires\/#organization","name":"\u00c9crans solidaires","url":"https:\/\/maison4tiers.com\/ecrans-solidaires\/","logo":{"@type":"ImageObject","inLanguage":"fr-FR","@id":"https:\/\/maison4tiers.com\/ecrans-solidaires\/#\/schema\/logo\/image\/","url":"https:\/\/maison4tiers.com\/ecrans-solidaires\/wp-content\/uploads\/sites\/76\/2020\/11\/favicon-196.png","contentUrl":"https:\/\/maison4tiers.com\/ecrans-solidaires\/wp-content\/uploads\/sites\/76\/2020\/11\/favicon-196.png","width":196,"height":196,"caption":"\u00c9crans solidaires"},"image":{"@id":"https:\/\/maison4tiers.com\/ecrans-solidaires\/#\/schema\/logo\/image\/"}}]}},"jetpack_sharing_enabled":true,"_links":{"self":[{"href":"https:\/\/maison4tiers.com\/ecrans-solidaires\/wp-json\/wp\/v2\/product\/4497","targetHints":{"allow":["GET"]}}],"collection":[{"href":"https:\/\/maison4tiers.com\/ecrans-solidaires\/wp-json\/wp\/v2\/product"}],"about":[{"href":"https:\/\/maison4tiers.com\/ecrans-solidaires\/wp-json\/wp\/v2\/types\/product"}],"wp:featuredmedia":[{"embeddable":true,"href":"https:\/\/maison4tiers.com\/ecrans-solidaires\/wp-json\/wp\/v2\/media\/7432"}],"wp:attachment":[{"href":"https:\/\/maison4tiers.com\/ecrans-solidaires\/wp-json\/wp\/v2\/media?parent=4497"}],"wp:term":[{"taxonomy":"product_brand","embeddable":true,"href":"https:\/\/maison4tiers.com\/ecrans-solidaires\/wp-json\/wp\/v2\/product_brand?post=4497"},{"taxonomy":"product_cat","embeddable":true,"href":"https:\/\/maison4tiers.com\/ecrans-solidaires\/wp-json\/wp\/v2\/product_cat?post=4497"},{"taxonomy":"product_tag","embeddable":true,"href":"https:\/\/maison4tiers.com\/ecrans-solidaires\/wp-json\/wp\/v2\/product_tag?post=4497"}],"curies":[{"name":"wp","href":"https:\/\/api.w.org\/{rel}","templated":true}]}}