{"id":4406,"date":"2015-01-12T00:00:08","date_gmt":"2015-01-12T04:00:08","guid":{"rendered":"https:\/\/maison4tiers.com\/?post_type=product&#038;p=4406"},"modified":"2024-08-01T07:44:44","modified_gmt":"2024-08-01T11:44:44","slug":"demain","status":"publish","type":"product","link":"https:\/\/maison4tiers.com\/ecrans-solidaires\/product\/demain\/","title":{"rendered":"Demain"},"excerpt":{"rendered":"<p>Et si montrer des solutions, raconter une histoire qui fait du bien, e\u0301tait la meilleure fac\u0327on de re\u0301soudre les crises e\u0301cologiques, e\u0301conomiques et sociales, que traversent nos pays? Suite a\u0300 la publication d\u2019une e\u0301tude qui annonce la possible disparition d\u2019une partie de l\u2019humanite\u0301 d\u2019ici 2100, Cyril Dion et Me\u0301lanie Laurent sont partis avec une e\u0301quipe de quatre personnes enque\u0302ter dans dix pays pour comprendre ce qui pourrait provoquer cette catastrophe et surtout comment l\u2019e\u0301viter. Durant leur voyage, ils ont rencontre\u0301 les pionniers qui re\u0301inventent l\u2019agriculture, l\u2019e\u0301nergie, l\u2019e\u0301conomie, la de\u0301mocratie et l\u2019e\u0301ducation. En mettant bout a\u0300 bout ces initiatives positives et concre\u0300tes qui fonctionnent de\u0301ja\u0300, ils commencent a\u0300 voir e\u0301merger ce que pourrait e\u0302tre le monde de demain\u2026<\/p>\n<blockquote><p><em>\u00ab Un film plein d\u2019espoir qui fait du bien \u00bb<br \/>\n<\/em><strong>\u2013\u00a0<a href=\"http:\/\/ici.radio-canada.ca\/emissions\/bien_dans_son_assiette\/2014-2015\/chronique.asp?idChronique=408364\" target=\"_blank\" rel=\"noopener\">RADIO-CANADA<\/a><\/strong><\/p>\n<p>&nbsp;<\/p>\n<p><em>\u00ab\u00a0Un documentaire saisissant et plein d\u2019espoir qui devrait faire e\u0301voluer les consciences ! <\/em>\u00a0\u00bb<br \/>\n\u2605\u2605\u2605\u2605 <strong>\u2013\u00a0<a href=\"https:\/\/www.elle.fr\/Loisirs\/Cinema\/News\/Gagnez-des-places-pour-le-film-Demain-de-Melanie-Laurent-et-Cyril-Dion-3013943\" target=\"_blank\" rel=\"noopener\">ELLE<\/a><\/strong><\/p><\/blockquote>\n<p><a href=\"https:\/\/maison4tiers.com\/categorie-produit\/film\/documentaire\/\" target=\"_blank\" rel=\"noopener\"><span style=\"text-decoration: underline;\"><strong>Voir les autres documentaires<\/strong><\/span><\/a><\/p>\n<p>&nbsp;<\/p>\n<p><strong>*Disponible au Canada seulement<\/strong><\/p>\n","protected":false},"featured_media":7500,"template":"","meta":{"_acf_changed":false,"_eb_attr":""},"product_brand":[],"product_cat":[78,118,45,122,121,136,131,142],"product_tag":[],"class_list":{"0":"post-4406","1":"product","2":"type-product","3":"status-publish","4":"has-post-thumbnail","6":"product_cat-documentaire","7":"product_cat-environnement","8":"product_cat-film","9":"product_cat-reflexion","10":"product_cat-societe","11":"product_cat-dvd","12":"product_cat-touslesfilms","13":"product_cat-numerique","14":"product_shipping_class-livraison","16":"first","17":"instock","18":"taxable","19":"shipping-taxable","20":"purchasable","21":"product-type-variable","22":"has-default-attributes"},"acf":[],"yoast_head":"<!-- This site is optimized with the Yoast SEO plugin v27.0 - https:\/\/yoast.com\/product\/yoast-seo-wordpress\/ -->\n<title>Demain - Documentaire - \u00c9crans solidaires - \u00c9coutez maintenant<\/title>\n<meta name=\"description\" content=\"Demain. Et si montrer des solutions, raconter une histoire qui fait du bien, e\u0301tait la meilleure fac\u0327on de re\u0301soudre les crises e\u0301cologiques, e\u0301conomiques et sociales, que traversent nos pays?\" \/>\n<meta name=\"robots\" content=\"noindex, follow, max-snippet:-1, max-image-preview:large, max-video-preview:-1\" \/>\n<meta property=\"og:locale\" content=\"fr_FR\" \/>\n<meta property=\"og:type\" content=\"article\" \/>\n<meta property=\"og:title\" content=\"Demain\" \/>\n<meta property=\"og:description\" content=\"Demain. Et si montrer des solutions, raconter une histoire qui fait du bien, e\u0301tait la meilleure fac\u0327on de re\u0301soudre les crises e\u0301cologiques, e\u0301conomiques et sociales, que traversent nos pays?\" \/>\n<meta property=\"og:url\" content=\"https:\/\/maison4tiers.com\/ecrans-solidaires\/product\/demain\/\" \/>\n<meta property=\"og:site_name\" content=\"\u00c9crans solidaires\" \/>\n<meta property=\"article:modified_time\" content=\"2024-08-01T11:44:44+00:00\" \/>\n<meta property=\"og:image\" content=\"https:\/\/maison4tiers.com\/ecrans-solidaires\/wp-content\/uploads\/sites\/76\/2015\/01\/Nouvelles-affiches-SITE-WEB-800-X-1200.jpg\" \/>\n\t<meta property=\"og:image:width\" content=\"800\" \/>\n\t<meta property=\"og:image:height\" content=\"1200\" \/>\n\t<meta property=\"og:image:type\" content=\"image\/jpeg\" \/>\n<meta name=\"twitter:card\" content=\"summary_large_image\" \/>\n<meta name=\"twitter:title\" content=\"Demain\" \/>\n<meta name=\"twitter:description\" content=\"Demain. Et si montrer des solutions, raconter une histoire qui fait du bien, e\u0301tait la meilleure fac\u0327on de re\u0301soudre les crises e\u0301cologiques, e\u0301conomiques et sociales, que traversent nos pays?\" \/>\n<meta name=\"twitter:image\" content=\"https:\/\/maison4tiers.com\/ecrans-solidaires\/wp-content\/uploads\/sites\/76\/2015\/01\/Nouvelles-affiches-SITE-WEB-800-X-1200.jpg\" \/>\n<script type=\"application\/ld+json\" class=\"yoast-schema-graph\">{\"@context\":\"https:\/\/schema.org\",\"@graph\":[{\"@type\":\"WebPage\",\"@id\":\"https:\/\/maison4tiers.com\/ecrans-solidaires\/product\/demain\/\",\"url\":\"https:\/\/maison4tiers.com\/ecrans-solidaires\/product\/demain\/\",\"name\":\"Demain - Documentaire - \u00c9crans solidaires - \u00c9coutez maintenant\",\"isPartOf\":{\"@id\":\"https:\/\/maison4tiers.com\/ecrans-solidaires\/#website\"},\"primaryImageOfPage\":{\"@id\":\"https:\/\/maison4tiers.com\/ecrans-solidaires\/product\/demain\/#primaryimage\"},\"image\":{\"@id\":\"https:\/\/maison4tiers.com\/ecrans-solidaires\/product\/demain\/#primaryimage\"},\"thumbnailUrl\":\"https:\/\/maison4tiers.com\/ecrans-solidaires\/wp-content\/uploads\/sites\/76\/2015\/01\/Nouvelles-affiches-SITE-WEB-800-X-1200.jpg\",\"datePublished\":\"2015-01-12T04:00:08+00:00\",\"dateModified\":\"2024-08-01T11:44:44+00:00\",\"description\":\"Demain. Et si montrer des solutions, raconter une histoire qui fait du bien, e\u0301tait la meilleure fac\u0327on de re\u0301soudre les crises e\u0301cologiques, e\u0301conomiques et sociales, que traversent nos pays?\",\"breadcrumb\":{\"@id\":\"https:\/\/maison4tiers.com\/ecrans-solidaires\/product\/demain\/#breadcrumb\"},\"inLanguage\":\"fr-FR\",\"potentialAction\":[{\"@type\":\"ReadAction\",\"target\":[\"https:\/\/maison4tiers.com\/ecrans-solidaires\/product\/demain\/\"]}]},{\"@type\":\"ImageObject\",\"inLanguage\":\"fr-FR\",\"@id\":\"https:\/\/maison4tiers.com\/ecrans-solidaires\/product\/demain\/#primaryimage\",\"url\":\"https:\/\/maison4tiers.com\/ecrans-solidaires\/wp-content\/uploads\/sites\/76\/2015\/01\/Nouvelles-affiches-SITE-WEB-800-X-1200.jpg\",\"contentUrl\":\"https:\/\/maison4tiers.com\/ecrans-solidaires\/wp-content\/uploads\/sites\/76\/2015\/01\/Nouvelles-affiches-SITE-WEB-800-X-1200.jpg\",\"width\":800,\"height\":1200,\"caption\":\"Demain\"},{\"@type\":\"BreadcrumbList\",\"@id\":\"https:\/\/maison4tiers.com\/ecrans-solidaires\/product\/demain\/#breadcrumb\",\"itemListElement\":[{\"@type\":\"ListItem\",\"position\":1,\"name\":\"Home\",\"item\":\"https:\/\/maison4tiers.com\/ecrans-solidaires\/\"},{\"@type\":\"ListItem\",\"position\":2,\"name\":\"Films\",\"item\":\"https:\/\/maison4tiers.com\/ecrans-solidaires\/films\/\"},{\"@type\":\"ListItem\",\"position\":3,\"name\":\"Demain\"}]},{\"@type\":\"WebSite\",\"@id\":\"https:\/\/maison4tiers.com\/ecrans-solidaires\/#website\",\"url\":\"https:\/\/maison4tiers.com\/ecrans-solidaires\/\",\"name\":\"\u00c9crans solidaires\",\"description\":\"Distribution multiplateforme de films qu\u00e9b\u00e9cois et internationaux\",\"publisher\":{\"@id\":\"https:\/\/maison4tiers.com\/ecrans-solidaires\/#organization\"},\"potentialAction\":[{\"@type\":\"SearchAction\",\"target\":{\"@type\":\"EntryPoint\",\"urlTemplate\":\"https:\/\/maison4tiers.com\/ecrans-solidaires\/?s={search_term_string}\"},\"query-input\":{\"@type\":\"PropertyValueSpecification\",\"valueRequired\":true,\"valueName\":\"search_term_string\"}}],\"inLanguage\":\"fr-FR\"},{\"@type\":\"Organization\",\"@id\":\"https:\/\/maison4tiers.com\/ecrans-solidaires\/#organization\",\"name\":\"\u00c9crans solidaires\",\"url\":\"https:\/\/maison4tiers.com\/ecrans-solidaires\/\",\"logo\":{\"@type\":\"ImageObject\",\"inLanguage\":\"fr-FR\",\"@id\":\"https:\/\/maison4tiers.com\/ecrans-solidaires\/#\/schema\/logo\/image\/\",\"url\":\"https:\/\/maison4tiers.com\/ecrans-solidaires\/wp-content\/uploads\/sites\/76\/2020\/11\/favicon-196.png\",\"contentUrl\":\"https:\/\/maison4tiers.com\/ecrans-solidaires\/wp-content\/uploads\/sites\/76\/2020\/11\/favicon-196.png\",\"width\":196,\"height\":196,\"caption\":\"\u00c9crans solidaires\"},\"image\":{\"@id\":\"https:\/\/maison4tiers.com\/ecrans-solidaires\/#\/schema\/logo\/image\/\"}}]}<\/script>\n<!-- \/ Yoast SEO plugin. -->","yoast_head_json":{"title":"Demain - Documentaire - \u00c9crans solidaires - \u00c9coutez maintenant","description":"Demain. Et si montrer des solutions, raconter une histoire qui fait du bien, e\u0301tait la meilleure fac\u0327on de re\u0301soudre les crises e\u0301cologiques, e\u0301conomiques et sociales, que traversent nos pays?","robots":{"index":"noindex","follow":"follow","max-snippet":"max-snippet:-1","max-image-preview":"max-image-preview:large","max-video-preview":"max-video-preview:-1"},"og_locale":"fr_FR","og_type":"article","og_title":"Demain","og_description":"Demain. Et si montrer des solutions, raconter une histoire qui fait du bien, e\u0301tait la meilleure fac\u0327on de re\u0301soudre les crises e\u0301cologiques, e\u0301conomiques et sociales, que traversent nos pays?","og_url":"https:\/\/maison4tiers.com\/ecrans-solidaires\/product\/demain\/","og_site_name":"\u00c9crans solidaires","article_modified_time":"2024-08-01T11:44:44+00:00","og_image":[{"width":800,"height":1200,"url":"https:\/\/maison4tiers.com\/ecrans-solidaires\/wp-content\/uploads\/sites\/76\/2015\/01\/Nouvelles-affiches-SITE-WEB-800-X-1200.jpg","type":"image\/jpeg"}],"twitter_card":"summary_large_image","twitter_title":"Demain","twitter_description":"Demain. Et si montrer des solutions, raconter une histoire qui fait du bien, e\u0301tait la meilleure fac\u0327on de re\u0301soudre les crises e\u0301cologiques, e\u0301conomiques et sociales, que traversent nos pays?","twitter_image":"https:\/\/maison4tiers.com\/ecrans-solidaires\/wp-content\/uploads\/sites\/76\/2015\/01\/Nouvelles-affiches-SITE-WEB-800-X-1200.jpg","schema":{"@context":"https:\/\/schema.org","@graph":[{"@type":"WebPage","@id":"https:\/\/maison4tiers.com\/ecrans-solidaires\/product\/demain\/","url":"https:\/\/maison4tiers.com\/ecrans-solidaires\/product\/demain\/","name":"Demain - Documentaire - \u00c9crans solidaires - \u00c9coutez maintenant","isPartOf":{"@id":"https:\/\/maison4tiers.com\/ecrans-solidaires\/#website"},"primaryImageOfPage":{"@id":"https:\/\/maison4tiers.com\/ecrans-solidaires\/product\/demain\/#primaryimage"},"image":{"@id":"https:\/\/maison4tiers.com\/ecrans-solidaires\/product\/demain\/#primaryimage"},"thumbnailUrl":"https:\/\/maison4tiers.com\/ecrans-solidaires\/wp-content\/uploads\/sites\/76\/2015\/01\/Nouvelles-affiches-SITE-WEB-800-X-1200.jpg","datePublished":"2015-01-12T04:00:08+00:00","dateModified":"2024-08-01T11:44:44+00:00","description":"Demain. Et si montrer des solutions, raconter une histoire qui fait du bien, e\u0301tait la meilleure fac\u0327on de re\u0301soudre les crises e\u0301cologiques, e\u0301conomiques et sociales, que traversent nos pays?","breadcrumb":{"@id":"https:\/\/maison4tiers.com\/ecrans-solidaires\/product\/demain\/#breadcrumb"},"inLanguage":"fr-FR","potentialAction":[{"@type":"ReadAction","target":["https:\/\/maison4tiers.com\/ecrans-solidaires\/product\/demain\/"]}]},{"@type":"ImageObject","inLanguage":"fr-FR","@id":"https:\/\/maison4tiers.com\/ecrans-solidaires\/product\/demain\/#primaryimage","url":"https:\/\/maison4tiers.com\/ecrans-solidaires\/wp-content\/uploads\/sites\/76\/2015\/01\/Nouvelles-affiches-SITE-WEB-800-X-1200.jpg","contentUrl":"https:\/\/maison4tiers.com\/ecrans-solidaires\/wp-content\/uploads\/sites\/76\/2015\/01\/Nouvelles-affiches-SITE-WEB-800-X-1200.jpg","width":800,"height":1200,"caption":"Demain"},{"@type":"BreadcrumbList","@id":"https:\/\/maison4tiers.com\/ecrans-solidaires\/product\/demain\/#breadcrumb","itemListElement":[{"@type":"ListItem","position":1,"name":"Home","item":"https:\/\/maison4tiers.com\/ecrans-solidaires\/"},{"@type":"ListItem","position":2,"name":"Films","item":"https:\/\/maison4tiers.com\/ecrans-solidaires\/films\/"},{"@type":"ListItem","position":3,"name":"Demain"}]},{"@type":"WebSite","@id":"https:\/\/maison4tiers.com\/ecrans-solidaires\/#website","url":"https:\/\/maison4tiers.com\/ecrans-solidaires\/","name":"\u00c9crans solidaires","description":"Distribution multiplateforme de films qu\u00e9b\u00e9cois et internationaux","publisher":{"@id":"https:\/\/maison4tiers.com\/ecrans-solidaires\/#organization"},"potentialAction":[{"@type":"SearchAction","target":{"@type":"EntryPoint","urlTemplate":"https:\/\/maison4tiers.com\/ecrans-solidaires\/?s={search_term_string}"},"query-input":{"@type":"PropertyValueSpecification","valueRequired":true,"valueName":"search_term_string"}}],"inLanguage":"fr-FR"},{"@type":"Organization","@id":"https:\/\/maison4tiers.com\/ecrans-solidaires\/#organization","name":"\u00c9crans solidaires","url":"https:\/\/maison4tiers.com\/ecrans-solidaires\/","logo":{"@type":"ImageObject","inLanguage":"fr-FR","@id":"https:\/\/maison4tiers.com\/ecrans-solidaires\/#\/schema\/logo\/image\/","url":"https:\/\/maison4tiers.com\/ecrans-solidaires\/wp-content\/uploads\/sites\/76\/2020\/11\/favicon-196.png","contentUrl":"https:\/\/maison4tiers.com\/ecrans-solidaires\/wp-content\/uploads\/sites\/76\/2020\/11\/favicon-196.png","width":196,"height":196,"caption":"\u00c9crans solidaires"},"image":{"@id":"https:\/\/maison4tiers.com\/ecrans-solidaires\/#\/schema\/logo\/image\/"}}]}},"jetpack_sharing_enabled":true,"_links":{"self":[{"href":"https:\/\/maison4tiers.com\/ecrans-solidaires\/wp-json\/wp\/v2\/product\/4406","targetHints":{"allow":["GET"]}}],"collection":[{"href":"https:\/\/maison4tiers.com\/ecrans-solidaires\/wp-json\/wp\/v2\/product"}],"about":[{"href":"https:\/\/maison4tiers.com\/ecrans-solidaires\/wp-json\/wp\/v2\/types\/product"}],"wp:featuredmedia":[{"embeddable":true,"href":"https:\/\/maison4tiers.com\/ecrans-solidaires\/wp-json\/wp\/v2\/media\/7500"}],"wp:attachment":[{"href":"https:\/\/maison4tiers.com\/ecrans-solidaires\/wp-json\/wp\/v2\/media?parent=4406"}],"wp:term":[{"taxonomy":"product_brand","embeddable":true,"href":"https:\/\/maison4tiers.com\/ecrans-solidaires\/wp-json\/wp\/v2\/product_brand?post=4406"},{"taxonomy":"product_cat","embeddable":true,"href":"https:\/\/maison4tiers.com\/ecrans-solidaires\/wp-json\/wp\/v2\/product_cat?post=4406"},{"taxonomy":"product_tag","embeddable":true,"href":"https:\/\/maison4tiers.com\/ecrans-solidaires\/wp-json\/wp\/v2\/product_tag?post=4406"}],"curies":[{"name":"wp","href":"https:\/\/api.w.org\/{rel}","templated":true}]}}