{"id":4376,"date":"2019-01-05T00:00:54","date_gmt":"2019-01-05T04:00:54","guid":{"rendered":"https:\/\/maison4tiers.com\/?post_type=product&#038;p=4376"},"modified":"2022-01-12T13:03:09","modified_gmt":"2022-01-12T17:03:09","slug":"celebration","status":"publish","type":"product","link":"https:\/\/maison4tiers.com\/ecrans-solidaires\/product\/celebration\/","title":{"rendered":"C\u00e9l\u00e9bration"},"excerpt":{"rendered":"<p>\u00c0 l\u2019abri des regards, Yves Saint Laurent dessine ses derniers croquis entour\u00e9 par ceux qui l\u2019ont toujours soutenu, couturi\u00e8res, assistants, mod\u00e8les. Il s\u2019appr\u00eate \u00e0 quitter un monde dont il est maintenant d\u00e9tach\u00e9. Dans les coulisses Pierre Berg\u00e9 orchestre une succession de c\u00e9l\u00e9brations vou\u00e9es \u00e0 transformer l\u2019ic\u00f4ne en mythe. Le film d\u2019Olivier Meyrou capte ces derniers instants et tresse le portrait in\u00e9dit d\u2019un monde finissant.<\/p>\n<blockquote><p><em>\u00ab Une \u0153uvre inclassable, entre le documentaire et l\u2019hommage transcendant non seulement au grand couturier, mais au cin\u00e9ma. \u00bb<br \/>\n<\/em>\u2605\u2605\u2605\u26051\u20442 <strong>\u2013\u00a0<a href=\"https:\/\/www.revuesequences.org\/2019\/08\/celebration\/\" target=\"_blank\" rel=\"noopener\">S\u00c9QUENCE<\/a><\/strong><\/p><\/blockquote>\n<p><strong><span style=\"text-decoration: underline;\"><a href=\"https:\/\/maison4tiers.com\/categorie-produit\/film\/documentaire\/\" target=\"_blank\" rel=\"noopener\">Voir les autres documentaires<\/a><\/span><\/strong><\/p>\n<p>&nbsp;<\/p>\n<p><strong>*Disponible au Canada seulement<\/strong><\/p>\n","protected":false},"featured_media":4219,"template":"","meta":{"_acf_changed":false,"_eb_attr":""},"product_brand":[],"product_cat":[78,45,136,131,142],"product_tag":[],"class_list":{"0":"post-4376","1":"product","2":"type-product","3":"status-publish","4":"has-post-thumbnail","6":"product_cat-documentaire","7":"product_cat-film","8":"product_cat-dvd","9":"product_cat-touslesfilms","10":"product_cat-numerique","11":"product_shipping_class-livraison","13":"first","14":"instock","15":"taxable","16":"shipping-taxable","17":"purchasable","18":"product-type-variable","19":"has-default-attributes"},"acf":[],"yoast_head":"<!-- This site is optimized with the Yoast SEO plugin v27.0 - https:\/\/yoast.com\/product\/yoast-seo-wordpress\/ -->\n<title>C\u00e9l\u00e9bration - Documentaire - \u00c9crans solidaires - \u00c9coutez maintenant<\/title>\n<meta name=\"description\" content=\"C\u00e9l\u00e9bration. \u00c0 l\u2019abri des regards, Yves Saint Laurent dessine ses derniers croquis entour\u00e9 par ceux qui l\u2019ont toujours soutenu.\" \/>\n<meta name=\"robots\" content=\"noindex, follow, max-snippet:-1, max-image-preview:large, max-video-preview:-1\" \/>\n<meta property=\"og:locale\" content=\"fr_FR\" \/>\n<meta property=\"og:type\" content=\"article\" \/>\n<meta property=\"og:title\" content=\"C\u00e9l\u00e9bration\" \/>\n<meta property=\"og:description\" content=\"C\u00e9l\u00e9bration. \u00c0 l\u2019abri des regards, Yves Saint Laurent dessine ses derniers croquis entour\u00e9 par ceux qui l\u2019ont toujours soutenu.\" \/>\n<meta property=\"og:url\" content=\"https:\/\/maison4tiers.com\/ecrans-solidaires\/product\/celebration\/\" \/>\n<meta property=\"og:site_name\" content=\"\u00c9crans solidaires\" \/>\n<meta property=\"article:modified_time\" content=\"2022-01-12T17:03:09+00:00\" \/>\n<meta property=\"og:image\" content=\"https:\/\/maison4tiers.com\/ecrans-solidaires\/wp-content\/uploads\/sites\/76\/2021\/02\/Celebration_affiche_BOUTIQUE_720x1080.jpg\" \/>\n\t<meta property=\"og:image:width\" content=\"720\" \/>\n\t<meta property=\"og:image:height\" content=\"1080\" \/>\n\t<meta property=\"og:image:type\" content=\"image\/jpeg\" \/>\n<meta name=\"twitter:card\" content=\"summary_large_image\" \/>\n<meta name=\"twitter:title\" content=\"C\u00e9l\u00e9bration\" \/>\n<meta name=\"twitter:description\" content=\"C\u00e9l\u00e9bration. \u00c0 l\u2019abri des regards, Yves Saint Laurent dessine ses derniers croquis entour\u00e9 par ceux qui l\u2019ont toujours soutenu.\" \/>\n<meta name=\"twitter:image\" content=\"https:\/\/maison4tiers.com\/ecrans-solidaires\/wp-content\/uploads\/sites\/76\/2021\/02\/Celebration_affiche_BOUTIQUE_720x1080.jpg\" \/>\n<script type=\"application\/ld+json\" class=\"yoast-schema-graph\">{\"@context\":\"https:\/\/schema.org\",\"@graph\":[{\"@type\":\"WebPage\",\"@id\":\"https:\/\/maison4tiers.com\/ecrans-solidaires\/product\/celebration\/\",\"url\":\"https:\/\/maison4tiers.com\/ecrans-solidaires\/product\/celebration\/\",\"name\":\"C\u00e9l\u00e9bration - Documentaire - \u00c9crans solidaires - \u00c9coutez maintenant\",\"isPartOf\":{\"@id\":\"https:\/\/maison4tiers.com\/ecrans-solidaires\/#website\"},\"primaryImageOfPage\":{\"@id\":\"https:\/\/maison4tiers.com\/ecrans-solidaires\/product\/celebration\/#primaryimage\"},\"image\":{\"@id\":\"https:\/\/maison4tiers.com\/ecrans-solidaires\/product\/celebration\/#primaryimage\"},\"thumbnailUrl\":\"https:\/\/maison4tiers.com\/ecrans-solidaires\/wp-content\/uploads\/sites\/76\/2021\/02\/Celebration_affiche_BOUTIQUE_720x1080.jpg\",\"datePublished\":\"2019-01-05T04:00:54+00:00\",\"dateModified\":\"2022-01-12T17:03:09+00:00\",\"description\":\"C\u00e9l\u00e9bration. \u00c0 l\u2019abri des regards, Yves Saint Laurent dessine ses derniers croquis entour\u00e9 par ceux qui l\u2019ont toujours soutenu.\",\"breadcrumb\":{\"@id\":\"https:\/\/maison4tiers.com\/ecrans-solidaires\/product\/celebration\/#breadcrumb\"},\"inLanguage\":\"fr-FR\",\"potentialAction\":[{\"@type\":\"ReadAction\",\"target\":[\"https:\/\/maison4tiers.com\/ecrans-solidaires\/product\/celebration\/\"]}]},{\"@type\":\"ImageObject\",\"inLanguage\":\"fr-FR\",\"@id\":\"https:\/\/maison4tiers.com\/ecrans-solidaires\/product\/celebration\/#primaryimage\",\"url\":\"https:\/\/maison4tiers.com\/ecrans-solidaires\/wp-content\/uploads\/sites\/76\/2021\/02\/Celebration_affiche_BOUTIQUE_720x1080.jpg\",\"contentUrl\":\"https:\/\/maison4tiers.com\/ecrans-solidaires\/wp-content\/uploads\/sites\/76\/2021\/02\/Celebration_affiche_BOUTIQUE_720x1080.jpg\",\"width\":720,\"height\":1080,\"caption\":\"C\u00e9l\u00e9bration\"},{\"@type\":\"BreadcrumbList\",\"@id\":\"https:\/\/maison4tiers.com\/ecrans-solidaires\/product\/celebration\/#breadcrumb\",\"itemListElement\":[{\"@type\":\"ListItem\",\"position\":1,\"name\":\"Home\",\"item\":\"https:\/\/maison4tiers.com\/ecrans-solidaires\/\"},{\"@type\":\"ListItem\",\"position\":2,\"name\":\"Films\",\"item\":\"https:\/\/maison4tiers.com\/ecrans-solidaires\/films\/\"},{\"@type\":\"ListItem\",\"position\":3,\"name\":\"C\u00e9l\u00e9bration\"}]},{\"@type\":\"WebSite\",\"@id\":\"https:\/\/maison4tiers.com\/ecrans-solidaires\/#website\",\"url\":\"https:\/\/maison4tiers.com\/ecrans-solidaires\/\",\"name\":\"\u00c9crans solidaires\",\"description\":\"Distribution multiplateforme de films qu\u00e9b\u00e9cois et internationaux\",\"publisher\":{\"@id\":\"https:\/\/maison4tiers.com\/ecrans-solidaires\/#organization\"},\"potentialAction\":[{\"@type\":\"SearchAction\",\"target\":{\"@type\":\"EntryPoint\",\"urlTemplate\":\"https:\/\/maison4tiers.com\/ecrans-solidaires\/?s={search_term_string}\"},\"query-input\":{\"@type\":\"PropertyValueSpecification\",\"valueRequired\":true,\"valueName\":\"search_term_string\"}}],\"inLanguage\":\"fr-FR\"},{\"@type\":\"Organization\",\"@id\":\"https:\/\/maison4tiers.com\/ecrans-solidaires\/#organization\",\"name\":\"\u00c9crans solidaires\",\"url\":\"https:\/\/maison4tiers.com\/ecrans-solidaires\/\",\"logo\":{\"@type\":\"ImageObject\",\"inLanguage\":\"fr-FR\",\"@id\":\"https:\/\/maison4tiers.com\/ecrans-solidaires\/#\/schema\/logo\/image\/\",\"url\":\"https:\/\/maison4tiers.com\/ecrans-solidaires\/wp-content\/uploads\/sites\/76\/2020\/11\/favicon-196.png\",\"contentUrl\":\"https:\/\/maison4tiers.com\/ecrans-solidaires\/wp-content\/uploads\/sites\/76\/2020\/11\/favicon-196.png\",\"width\":196,\"height\":196,\"caption\":\"\u00c9crans solidaires\"},\"image\":{\"@id\":\"https:\/\/maison4tiers.com\/ecrans-solidaires\/#\/schema\/logo\/image\/\"}}]}<\/script>\n<!-- \/ Yoast SEO plugin. -->","yoast_head_json":{"title":"C\u00e9l\u00e9bration - Documentaire - \u00c9crans solidaires - \u00c9coutez maintenant","description":"C\u00e9l\u00e9bration. \u00c0 l\u2019abri des regards, Yves Saint Laurent dessine ses derniers croquis entour\u00e9 par ceux qui l\u2019ont toujours soutenu.","robots":{"index":"noindex","follow":"follow","max-snippet":"max-snippet:-1","max-image-preview":"max-image-preview:large","max-video-preview":"max-video-preview:-1"},"og_locale":"fr_FR","og_type":"article","og_title":"C\u00e9l\u00e9bration","og_description":"C\u00e9l\u00e9bration. \u00c0 l\u2019abri des regards, Yves Saint Laurent dessine ses derniers croquis entour\u00e9 par ceux qui l\u2019ont toujours soutenu.","og_url":"https:\/\/maison4tiers.com\/ecrans-solidaires\/product\/celebration\/","og_site_name":"\u00c9crans solidaires","article_modified_time":"2022-01-12T17:03:09+00:00","og_image":[{"width":720,"height":1080,"url":"https:\/\/maison4tiers.com\/ecrans-solidaires\/wp-content\/uploads\/sites\/76\/2021\/02\/Celebration_affiche_BOUTIQUE_720x1080.jpg","type":"image\/jpeg"}],"twitter_card":"summary_large_image","twitter_title":"C\u00e9l\u00e9bration","twitter_description":"C\u00e9l\u00e9bration. \u00c0 l\u2019abri des regards, Yves Saint Laurent dessine ses derniers croquis entour\u00e9 par ceux qui l\u2019ont toujours soutenu.","twitter_image":"https:\/\/maison4tiers.com\/ecrans-solidaires\/wp-content\/uploads\/sites\/76\/2021\/02\/Celebration_affiche_BOUTIQUE_720x1080.jpg","schema":{"@context":"https:\/\/schema.org","@graph":[{"@type":"WebPage","@id":"https:\/\/maison4tiers.com\/ecrans-solidaires\/product\/celebration\/","url":"https:\/\/maison4tiers.com\/ecrans-solidaires\/product\/celebration\/","name":"C\u00e9l\u00e9bration - Documentaire - \u00c9crans solidaires - \u00c9coutez maintenant","isPartOf":{"@id":"https:\/\/maison4tiers.com\/ecrans-solidaires\/#website"},"primaryImageOfPage":{"@id":"https:\/\/maison4tiers.com\/ecrans-solidaires\/product\/celebration\/#primaryimage"},"image":{"@id":"https:\/\/maison4tiers.com\/ecrans-solidaires\/product\/celebration\/#primaryimage"},"thumbnailUrl":"https:\/\/maison4tiers.com\/ecrans-solidaires\/wp-content\/uploads\/sites\/76\/2021\/02\/Celebration_affiche_BOUTIQUE_720x1080.jpg","datePublished":"2019-01-05T04:00:54+00:00","dateModified":"2022-01-12T17:03:09+00:00","description":"C\u00e9l\u00e9bration. \u00c0 l\u2019abri des regards, Yves Saint Laurent dessine ses derniers croquis entour\u00e9 par ceux qui l\u2019ont toujours soutenu.","breadcrumb":{"@id":"https:\/\/maison4tiers.com\/ecrans-solidaires\/product\/celebration\/#breadcrumb"},"inLanguage":"fr-FR","potentialAction":[{"@type":"ReadAction","target":["https:\/\/maison4tiers.com\/ecrans-solidaires\/product\/celebration\/"]}]},{"@type":"ImageObject","inLanguage":"fr-FR","@id":"https:\/\/maison4tiers.com\/ecrans-solidaires\/product\/celebration\/#primaryimage","url":"https:\/\/maison4tiers.com\/ecrans-solidaires\/wp-content\/uploads\/sites\/76\/2021\/02\/Celebration_affiche_BOUTIQUE_720x1080.jpg","contentUrl":"https:\/\/maison4tiers.com\/ecrans-solidaires\/wp-content\/uploads\/sites\/76\/2021\/02\/Celebration_affiche_BOUTIQUE_720x1080.jpg","width":720,"height":1080,"caption":"C\u00e9l\u00e9bration"},{"@type":"BreadcrumbList","@id":"https:\/\/maison4tiers.com\/ecrans-solidaires\/product\/celebration\/#breadcrumb","itemListElement":[{"@type":"ListItem","position":1,"name":"Home","item":"https:\/\/maison4tiers.com\/ecrans-solidaires\/"},{"@type":"ListItem","position":2,"name":"Films","item":"https:\/\/maison4tiers.com\/ecrans-solidaires\/films\/"},{"@type":"ListItem","position":3,"name":"C\u00e9l\u00e9bration"}]},{"@type":"WebSite","@id":"https:\/\/maison4tiers.com\/ecrans-solidaires\/#website","url":"https:\/\/maison4tiers.com\/ecrans-solidaires\/","name":"\u00c9crans solidaires","description":"Distribution multiplateforme de films qu\u00e9b\u00e9cois et internationaux","publisher":{"@id":"https:\/\/maison4tiers.com\/ecrans-solidaires\/#organization"},"potentialAction":[{"@type":"SearchAction","target":{"@type":"EntryPoint","urlTemplate":"https:\/\/maison4tiers.com\/ecrans-solidaires\/?s={search_term_string}"},"query-input":{"@type":"PropertyValueSpecification","valueRequired":true,"valueName":"search_term_string"}}],"inLanguage":"fr-FR"},{"@type":"Organization","@id":"https:\/\/maison4tiers.com\/ecrans-solidaires\/#organization","name":"\u00c9crans solidaires","url":"https:\/\/maison4tiers.com\/ecrans-solidaires\/","logo":{"@type":"ImageObject","inLanguage":"fr-FR","@id":"https:\/\/maison4tiers.com\/ecrans-solidaires\/#\/schema\/logo\/image\/","url":"https:\/\/maison4tiers.com\/ecrans-solidaires\/wp-content\/uploads\/sites\/76\/2020\/11\/favicon-196.png","contentUrl":"https:\/\/maison4tiers.com\/ecrans-solidaires\/wp-content\/uploads\/sites\/76\/2020\/11\/favicon-196.png","width":196,"height":196,"caption":"\u00c9crans solidaires"},"image":{"@id":"https:\/\/maison4tiers.com\/ecrans-solidaires\/#\/schema\/logo\/image\/"}}]}},"jetpack_sharing_enabled":true,"_links":{"self":[{"href":"https:\/\/maison4tiers.com\/ecrans-solidaires\/wp-json\/wp\/v2\/product\/4376","targetHints":{"allow":["GET"]}}],"collection":[{"href":"https:\/\/maison4tiers.com\/ecrans-solidaires\/wp-json\/wp\/v2\/product"}],"about":[{"href":"https:\/\/maison4tiers.com\/ecrans-solidaires\/wp-json\/wp\/v2\/types\/product"}],"wp:featuredmedia":[{"embeddable":true,"href":"https:\/\/maison4tiers.com\/ecrans-solidaires\/wp-json\/wp\/v2\/media\/4219"}],"wp:attachment":[{"href":"https:\/\/maison4tiers.com\/ecrans-solidaires\/wp-json\/wp\/v2\/media?parent=4376"}],"wp:term":[{"taxonomy":"product_brand","embeddable":true,"href":"https:\/\/maison4tiers.com\/ecrans-solidaires\/wp-json\/wp\/v2\/product_brand?post=4376"},{"taxonomy":"product_cat","embeddable":true,"href":"https:\/\/maison4tiers.com\/ecrans-solidaires\/wp-json\/wp\/v2\/product_cat?post=4376"},{"taxonomy":"product_tag","embeddable":true,"href":"https:\/\/maison4tiers.com\/ecrans-solidaires\/wp-json\/wp\/v2\/product_tag?post=4376"}],"curies":[{"name":"wp","href":"https:\/\/api.w.org\/{rel}","templated":true}]}}