{"id":4359,"date":"2019-01-12T00:00:41","date_gmt":"2019-01-12T04:00:41","guid":{"rendered":"https:\/\/maison4tiers.com\/?post_type=product&#038;p=4359"},"modified":"2024-09-09T10:36:45","modified_gmt":"2024-09-09T14:36:45","slug":"antigone","status":"publish","type":"product","link":"https:\/\/maison4tiers.com\/ecrans-solidaires\/product\/antigone\/","title":{"rendered":"Antigone"},"excerpt":{"rendered":"<p>En aidant son fr\u00e8re \u00e0 s\u2019\u00e9vader de prison, Antigone confronte les autorit\u00e9s : la police, le syst\u00e8me judiciaire et p\u00e9nal ainsi que le p\u00e8re d\u2019H\u00e9mon son petit ami. L\u2019adolescente brillante au parcours jusque-l\u00e0 sans tache voit l\u2019\u00e9tau se resserrer sur elle. Mais \u00e0 la loi des hommes, elle substitue son propre sens de la justice, dict\u00e9e par l\u2019amour et la solidarit\u00e9.<\/p>\n<blockquote><p><em>\u00ab Antigone : puissante ode \u00e0 la solidarit\u00e9 humaine ! \u00bb<br \/>\n<\/em> \u2605\u2605\u2605\u2605 <strong>\u2013\u00a0<a href=\"http:\/\/lapresse.ca\/cinema\/critiques\/2019-11-08\/antigone-puissante-ode-a-la-solidarite-humaine\" target=\"_blank\" rel=\"noopener\">LA PRESSE<\/a><\/strong><\/p>\n<p>&nbsp;<\/p>\n<p><em>\u00ab Exceptionnel long m\u00e9trage contemporain, puissant et bouleversant, qui imprime au fer rouge dans notre t\u00eate des images durables de la juste d\u00e9sob\u00e9issance de cette h\u00e9ro\u00efne au coeur pur. \u00bb<\/em><br \/>\n\u2605\u2605\u2605\u2605 <strong>\u2013<a href=\"https:\/\/www.lesoleil.com\/arts\/cinema\/le-film-de-la-semaine-antigone--728081974d87f3ff726d21ccdf15bada\" target=\"_blank\" rel=\"noopener\">\u00a0LE SOLEIL<\/a><\/strong><\/p><\/blockquote>\n<p><strong><a href=\"\/categorie-produit\/film\/quebecois\/\" target=\"_blank\" rel=\"noopener\"><span style=\"text-decoration: underline;\">Voir les autres films qu\u00e9b\u00e9cois<\/span><\/a><\/strong><\/p>\n<p>&nbsp;<\/p>\n<p><strong>*Disponible au Canada seulement<\/strong><\/p>\n","protected":false},"featured_media":7440,"template":"","meta":{"_acf_changed":false,"_eb_attr":""},"product_brand":[],"product_cat":[105,120,45,119,122,121,136,131,142],"product_tag":[192,603,606,610,611,612,528,345,276,324,529,282,315,605,263,264,490,608,609,607,531,347,613,604],"class_list":{"0":"post-4359","1":"product","2":"type-product","3":"status-publish","4":"has-post-thumbnail","6":"product_cat-drame","7":"product_cat-fiction","8":"product_cat-film","9":"product_cat-quebecois","10":"product_cat-reflexion","11":"product_cat-societe","12":"product_cat-dvd","13":"product_cat-touslesfilms","14":"product_cat-numerique","15":"product_tag-amour","16":"product_tag-antigone","17":"product_tag-antoine-desrochers","18":"product_tag-arabe","19":"product_tag-arabophone","20":"product_tag-arabophones","21":"product_tag-auteur","22":"product_tag-debat","23":"product_tag-drame","24":"product_tag-enquete","25":"product_tag-film-dauteur","26":"product_tag-immigration","27":"product_tag-justice","28":"product_tag-nour-belkhiria","29":"product_tag-police","30":"product_tag-policier","31":"product_tag-prison","32":"product_tag-profilage","33":"product_tag-profilage-racial","34":"product_tag-racisme","35":"product_tag-reflexion","36":"product_tag-societe","37":"product_tag-solidarite","38":"product_tag-sophie-deraspe","39":"product_shipping_class-livraison","41":"first","42":"instock","43":"taxable","44":"shipping-taxable","45":"purchasable","46":"product-type-variable","47":"has-default-attributes"},"acf":[],"yoast_head":"<!-- This site is optimized with the Yoast SEO plugin v27.0 - https:\/\/yoast.com\/product\/yoast-seo-wordpress\/ -->\n<title>Antigone - Film Qu\u00e9b\u00e9cois - \u00c9crans solidaires - \u00c9coutez maintenant<\/title>\n<meta name=\"description\" content=\"En aidant son fr\u00e8re \u00e0 s\u2019\u00e9vader de prison, Antigone confronte les autorit\u00e9s : la police, le syst\u00e8me judiciaire et le p\u00e8re de son petit ami.\" \/>\n<meta name=\"robots\" content=\"noindex, follow, max-snippet:-1, max-image-preview:large, max-video-preview:-1\" \/>\n<meta property=\"og:locale\" content=\"fr_FR\" \/>\n<meta property=\"og:type\" content=\"article\" \/>\n<meta property=\"og:title\" content=\"Antigone\" \/>\n<meta property=\"og:description\" content=\"En aidant son fr\u00e8re \u00e0 s\u2019\u00e9vader de prison, Antigone confronte les autorit\u00e9s : la police, le syst\u00e8me judiciaire et le p\u00e8re de son petit ami.\" \/>\n<meta property=\"og:url\" content=\"https:\/\/maison4tiers.com\/ecrans-solidaires\/product\/antigone\/\" \/>\n<meta property=\"og:site_name\" content=\"\u00c9crans solidaires\" \/>\n<meta property=\"article:modified_time\" content=\"2024-09-09T14:36:45+00:00\" \/>\n<meta property=\"og:image\" content=\"https:\/\/maison4tiers.com\/ecrans-solidaires\/wp-content\/uploads\/sites\/76\/2019\/01\/43.jpg\" \/>\n\t<meta property=\"og:image:width\" content=\"800\" \/>\n\t<meta property=\"og:image:height\" content=\"1200\" \/>\n\t<meta property=\"og:image:type\" content=\"image\/jpeg\" \/>\n<meta name=\"twitter:card\" content=\"summary_large_image\" \/>\n<meta name=\"twitter:title\" content=\"Antigone\" \/>\n<meta name=\"twitter:description\" content=\"En aidant son fr\u00e8re \u00e0 s\u2019\u00e9vader de prison, Antigone confronte les autorit\u00e9s : la police, le syst\u00e8me judiciaire et le p\u00e8re de son petit ami.\" \/>\n<meta name=\"twitter:image\" content=\"https:\/\/maison4tiers.com\/ecrans-solidaires\/wp-content\/uploads\/sites\/76\/2019\/01\/43.jpg\" \/>\n<script type=\"application\/ld+json\" class=\"yoast-schema-graph\">{\"@context\":\"https:\/\/schema.org\",\"@graph\":[{\"@type\":\"WebPage\",\"@id\":\"https:\/\/maison4tiers.com\/ecrans-solidaires\/product\/antigone\/\",\"url\":\"https:\/\/maison4tiers.com\/ecrans-solidaires\/product\/antigone\/\",\"name\":\"Antigone - Film Qu\u00e9b\u00e9cois - \u00c9crans solidaires - \u00c9coutez maintenant\",\"isPartOf\":{\"@id\":\"https:\/\/maison4tiers.com\/ecrans-solidaires\/#website\"},\"primaryImageOfPage\":{\"@id\":\"https:\/\/maison4tiers.com\/ecrans-solidaires\/product\/antigone\/#primaryimage\"},\"image\":{\"@id\":\"https:\/\/maison4tiers.com\/ecrans-solidaires\/product\/antigone\/#primaryimage\"},\"thumbnailUrl\":\"https:\/\/maison4tiers.com\/ecrans-solidaires\/wp-content\/uploads\/sites\/76\/2019\/01\/43.jpg\",\"datePublished\":\"2019-01-12T04:00:41+00:00\",\"dateModified\":\"2024-09-09T14:36:45+00:00\",\"description\":\"En aidant son fr\u00e8re \u00e0 s\u2019\u00e9vader de prison, Antigone confronte les autorit\u00e9s : la police, le syst\u00e8me judiciaire et le p\u00e8re de son petit ami.\",\"breadcrumb\":{\"@id\":\"https:\/\/maison4tiers.com\/ecrans-solidaires\/product\/antigone\/#breadcrumb\"},\"inLanguage\":\"fr-FR\",\"potentialAction\":[{\"@type\":\"ReadAction\",\"target\":[\"https:\/\/maison4tiers.com\/ecrans-solidaires\/product\/antigone\/\"]}]},{\"@type\":\"ImageObject\",\"inLanguage\":\"fr-FR\",\"@id\":\"https:\/\/maison4tiers.com\/ecrans-solidaires\/product\/antigone\/#primaryimage\",\"url\":\"https:\/\/maison4tiers.com\/ecrans-solidaires\/wp-content\/uploads\/sites\/76\/2019\/01\/43.jpg\",\"contentUrl\":\"https:\/\/maison4tiers.com\/ecrans-solidaires\/wp-content\/uploads\/sites\/76\/2019\/01\/43.jpg\",\"width\":800,\"height\":1200,\"caption\":\"Antigone\"},{\"@type\":\"BreadcrumbList\",\"@id\":\"https:\/\/maison4tiers.com\/ecrans-solidaires\/product\/antigone\/#breadcrumb\",\"itemListElement\":[{\"@type\":\"ListItem\",\"position\":1,\"name\":\"Home\",\"item\":\"https:\/\/maison4tiers.com\/ecrans-solidaires\/\"},{\"@type\":\"ListItem\",\"position\":2,\"name\":\"Films\",\"item\":\"https:\/\/maison4tiers.com\/ecrans-solidaires\/films\/\"},{\"@type\":\"ListItem\",\"position\":3,\"name\":\"Antigone\"}]},{\"@type\":\"WebSite\",\"@id\":\"https:\/\/maison4tiers.com\/ecrans-solidaires\/#website\",\"url\":\"https:\/\/maison4tiers.com\/ecrans-solidaires\/\",\"name\":\"\u00c9crans solidaires\",\"description\":\"Distribution multiplateforme de films qu\u00e9b\u00e9cois et internationaux\",\"publisher\":{\"@id\":\"https:\/\/maison4tiers.com\/ecrans-solidaires\/#organization\"},\"potentialAction\":[{\"@type\":\"SearchAction\",\"target\":{\"@type\":\"EntryPoint\",\"urlTemplate\":\"https:\/\/maison4tiers.com\/ecrans-solidaires\/?s={search_term_string}\"},\"query-input\":{\"@type\":\"PropertyValueSpecification\",\"valueRequired\":true,\"valueName\":\"search_term_string\"}}],\"inLanguage\":\"fr-FR\"},{\"@type\":\"Organization\",\"@id\":\"https:\/\/maison4tiers.com\/ecrans-solidaires\/#organization\",\"name\":\"\u00c9crans solidaires\",\"url\":\"https:\/\/maison4tiers.com\/ecrans-solidaires\/\",\"logo\":{\"@type\":\"ImageObject\",\"inLanguage\":\"fr-FR\",\"@id\":\"https:\/\/maison4tiers.com\/ecrans-solidaires\/#\/schema\/logo\/image\/\",\"url\":\"https:\/\/maison4tiers.com\/ecrans-solidaires\/wp-content\/uploads\/sites\/76\/2020\/11\/favicon-196.png\",\"contentUrl\":\"https:\/\/maison4tiers.com\/ecrans-solidaires\/wp-content\/uploads\/sites\/76\/2020\/11\/favicon-196.png\",\"width\":196,\"height\":196,\"caption\":\"\u00c9crans solidaires\"},\"image\":{\"@id\":\"https:\/\/maison4tiers.com\/ecrans-solidaires\/#\/schema\/logo\/image\/\"}}]}<\/script>\n<!-- \/ Yoast SEO plugin. -->","yoast_head_json":{"title":"Antigone - Film Qu\u00e9b\u00e9cois - \u00c9crans solidaires - \u00c9coutez maintenant","description":"En aidant son fr\u00e8re \u00e0 s\u2019\u00e9vader de prison, Antigone confronte les autorit\u00e9s : la police, le syst\u00e8me judiciaire et le p\u00e8re de son petit ami.","robots":{"index":"noindex","follow":"follow","max-snippet":"max-snippet:-1","max-image-preview":"max-image-preview:large","max-video-preview":"max-video-preview:-1"},"og_locale":"fr_FR","og_type":"article","og_title":"Antigone","og_description":"En aidant son fr\u00e8re \u00e0 s\u2019\u00e9vader de prison, Antigone confronte les autorit\u00e9s : la police, le syst\u00e8me judiciaire et le p\u00e8re de son petit ami.","og_url":"https:\/\/maison4tiers.com\/ecrans-solidaires\/product\/antigone\/","og_site_name":"\u00c9crans solidaires","article_modified_time":"2024-09-09T14:36:45+00:00","og_image":[{"width":800,"height":1200,"url":"https:\/\/maison4tiers.com\/ecrans-solidaires\/wp-content\/uploads\/sites\/76\/2019\/01\/43.jpg","type":"image\/jpeg"}],"twitter_card":"summary_large_image","twitter_title":"Antigone","twitter_description":"En aidant son fr\u00e8re \u00e0 s\u2019\u00e9vader de prison, Antigone confronte les autorit\u00e9s : la police, le syst\u00e8me judiciaire et le p\u00e8re de son petit ami.","twitter_image":"https:\/\/maison4tiers.com\/ecrans-solidaires\/wp-content\/uploads\/sites\/76\/2019\/01\/43.jpg","schema":{"@context":"https:\/\/schema.org","@graph":[{"@type":"WebPage","@id":"https:\/\/maison4tiers.com\/ecrans-solidaires\/product\/antigone\/","url":"https:\/\/maison4tiers.com\/ecrans-solidaires\/product\/antigone\/","name":"Antigone - Film Qu\u00e9b\u00e9cois - \u00c9crans solidaires - \u00c9coutez maintenant","isPartOf":{"@id":"https:\/\/maison4tiers.com\/ecrans-solidaires\/#website"},"primaryImageOfPage":{"@id":"https:\/\/maison4tiers.com\/ecrans-solidaires\/product\/antigone\/#primaryimage"},"image":{"@id":"https:\/\/maison4tiers.com\/ecrans-solidaires\/product\/antigone\/#primaryimage"},"thumbnailUrl":"https:\/\/maison4tiers.com\/ecrans-solidaires\/wp-content\/uploads\/sites\/76\/2019\/01\/43.jpg","datePublished":"2019-01-12T04:00:41+00:00","dateModified":"2024-09-09T14:36:45+00:00","description":"En aidant son fr\u00e8re \u00e0 s\u2019\u00e9vader de prison, Antigone confronte les autorit\u00e9s : la police, le syst\u00e8me judiciaire et le p\u00e8re de son petit ami.","breadcrumb":{"@id":"https:\/\/maison4tiers.com\/ecrans-solidaires\/product\/antigone\/#breadcrumb"},"inLanguage":"fr-FR","potentialAction":[{"@type":"ReadAction","target":["https:\/\/maison4tiers.com\/ecrans-solidaires\/product\/antigone\/"]}]},{"@type":"ImageObject","inLanguage":"fr-FR","@id":"https:\/\/maison4tiers.com\/ecrans-solidaires\/product\/antigone\/#primaryimage","url":"https:\/\/maison4tiers.com\/ecrans-solidaires\/wp-content\/uploads\/sites\/76\/2019\/01\/43.jpg","contentUrl":"https:\/\/maison4tiers.com\/ecrans-solidaires\/wp-content\/uploads\/sites\/76\/2019\/01\/43.jpg","width":800,"height":1200,"caption":"Antigone"},{"@type":"BreadcrumbList","@id":"https:\/\/maison4tiers.com\/ecrans-solidaires\/product\/antigone\/#breadcrumb","itemListElement":[{"@type":"ListItem","position":1,"name":"Home","item":"https:\/\/maison4tiers.com\/ecrans-solidaires\/"},{"@type":"ListItem","position":2,"name":"Films","item":"https:\/\/maison4tiers.com\/ecrans-solidaires\/films\/"},{"@type":"ListItem","position":3,"name":"Antigone"}]},{"@type":"WebSite","@id":"https:\/\/maison4tiers.com\/ecrans-solidaires\/#website","url":"https:\/\/maison4tiers.com\/ecrans-solidaires\/","name":"\u00c9crans solidaires","description":"Distribution multiplateforme de films qu\u00e9b\u00e9cois et internationaux","publisher":{"@id":"https:\/\/maison4tiers.com\/ecrans-solidaires\/#organization"},"potentialAction":[{"@type":"SearchAction","target":{"@type":"EntryPoint","urlTemplate":"https:\/\/maison4tiers.com\/ecrans-solidaires\/?s={search_term_string}"},"query-input":{"@type":"PropertyValueSpecification","valueRequired":true,"valueName":"search_term_string"}}],"inLanguage":"fr-FR"},{"@type":"Organization","@id":"https:\/\/maison4tiers.com\/ecrans-solidaires\/#organization","name":"\u00c9crans solidaires","url":"https:\/\/maison4tiers.com\/ecrans-solidaires\/","logo":{"@type":"ImageObject","inLanguage":"fr-FR","@id":"https:\/\/maison4tiers.com\/ecrans-solidaires\/#\/schema\/logo\/image\/","url":"https:\/\/maison4tiers.com\/ecrans-solidaires\/wp-content\/uploads\/sites\/76\/2020\/11\/favicon-196.png","contentUrl":"https:\/\/maison4tiers.com\/ecrans-solidaires\/wp-content\/uploads\/sites\/76\/2020\/11\/favicon-196.png","width":196,"height":196,"caption":"\u00c9crans solidaires"},"image":{"@id":"https:\/\/maison4tiers.com\/ecrans-solidaires\/#\/schema\/logo\/image\/"}}]}},"jetpack_sharing_enabled":true,"_links":{"self":[{"href":"https:\/\/maison4tiers.com\/ecrans-solidaires\/wp-json\/wp\/v2\/product\/4359","targetHints":{"allow":["GET"]}}],"collection":[{"href":"https:\/\/maison4tiers.com\/ecrans-solidaires\/wp-json\/wp\/v2\/product"}],"about":[{"href":"https:\/\/maison4tiers.com\/ecrans-solidaires\/wp-json\/wp\/v2\/types\/product"}],"wp:featuredmedia":[{"embeddable":true,"href":"https:\/\/maison4tiers.com\/ecrans-solidaires\/wp-json\/wp\/v2\/media\/7440"}],"wp:attachment":[{"href":"https:\/\/maison4tiers.com\/ecrans-solidaires\/wp-json\/wp\/v2\/media?parent=4359"}],"wp:term":[{"taxonomy":"product_brand","embeddable":true,"href":"https:\/\/maison4tiers.com\/ecrans-solidaires\/wp-json\/wp\/v2\/product_brand?post=4359"},{"taxonomy":"product_cat","embeddable":true,"href":"https:\/\/maison4tiers.com\/ecrans-solidaires\/wp-json\/wp\/v2\/product_cat?post=4359"},{"taxonomy":"product_tag","embeddable":true,"href":"https:\/\/maison4tiers.com\/ecrans-solidaires\/wp-json\/wp\/v2\/product_tag?post=4359"}],"curies":[{"name":"wp","href":"https:\/\/api.w.org\/{rel}","templated":true}]}}