{"id":4323,"date":"2015-01-04T00:00:20","date_gmt":"2015-01-04T04:00:20","guid":{"rendered":"https:\/\/maison4tiers.com\/?post_type=product&#038;p=4323"},"modified":"2022-03-11T12:32:24","modified_gmt":"2022-03-11T16:32:24","slug":"a-la-poursuite-de-la-paix","status":"publish","type":"product","link":"https:\/\/maison4tiers.com\/ecrans-solidaires\/product\/a-la-poursuite-de-la-paix\/","title":{"rendered":"\u00c0 la poursuite de la paix"},"excerpt":{"rendered":"<p>L\u2019impact de la guerre et de la paix sur la vie de millions de personnes de\u0301racine\u0301es par les ravages des conflits arme\u0301s, A\u0300 la poursuite de la paix, raconte l\u2019histoire me\u0301connue des Canadiens qui travaillent sur les lignes de front internationales de me\u0301diation pour la paix. De la Turquie au nord de l\u2019Irak en passant par le Congo (RDC) et le Soudan du Sud, le film rend compte des de\u0301fis du travail de ces artisans de la paix en explorant tour a\u0300 tour leurs espoirs, leurs engagements ainsi que leurs apprentissages sur le terrain. Au plus proche des nouveaux enjeux de la re\u0301solution des conflits, A\u0300 la poursuite de la paix, re\u0301ve\u0300le l\u2019impact qu\u2019a la violence sur la vie de ceux qui sont directement touche\u0301s par les conflits arme\u0301s.<\/p>\n<blockquote><p><em>\u00ab\u00a0Une petite fene\u0302tre sur l\u2019incroyable capacite\u0301 des humains meurtris de choisir la part de lumie\u0300re en eux.\u00a0\u00bb<br \/>\n<\/em> <strong>\u2013\u00a0JOURNAL\u00a0ME\u0301TRO<\/strong><\/p><\/blockquote>\n<p><a href=\"https:\/\/maison4tiers.com\/categorie-produit\/film\/documentaire\/\" target=\"_blank\" rel=\"noopener\"><span style=\"text-decoration: underline;\"><strong>Voir les autres documentaires<\/strong><\/span><\/a><\/p>\n<p>&nbsp;<\/p>\n<p><strong>*Disponible au Canada seulement<\/strong><\/p>\n","protected":false},"featured_media":7504,"template":"","meta":{"_acf_changed":false,"_eb_attr":""},"product_brand":[],"product_cat":[78,45,136,131,142],"product_tag":[],"class_list":{"0":"post-4323","1":"product","2":"type-product","3":"status-publish","4":"has-post-thumbnail","6":"product_cat-documentaire","7":"product_cat-film","8":"product_cat-dvd","9":"product_cat-touslesfilms","10":"product_cat-numerique","11":"product_shipping_class-livraison","13":"first","14":"instock","15":"taxable","16":"shipping-taxable","17":"purchasable","18":"product-type-variable","19":"has-default-attributes"},"acf":[],"yoast_head":"<!-- This site is optimized with the Yoast SEO plugin v27.0 - https:\/\/yoast.com\/product\/yoast-seo-wordpress\/ -->\n<title>\u00c0 la poursuite de la paix - Documentaire - \u00c9crans solidaires -<\/title>\n<meta name=\"description\" content=\"A\u0300 la poursuite de la paix, raconte l\u2019histoire me\u0301connue des Canadiens qui travaillent sur les lignes de front internationales de me\u0301diation pour la paix.\" \/>\n<meta name=\"robots\" content=\"noindex, follow, max-snippet:-1, max-image-preview:large, max-video-preview:-1\" \/>\n<meta property=\"og:locale\" content=\"fr_FR\" \/>\n<meta property=\"og:type\" content=\"article\" \/>\n<meta property=\"og:title\" content=\"A\u0300 la poursuite de la paix\" \/>\n<meta property=\"og:description\" content=\"A\u0300 la poursuite de la paix, raconte l\u2019histoire me\u0301connue des Canadiens qui travaillent sur les lignes de front internationales de me\u0301diation pour la paix.\" \/>\n<meta property=\"og:url\" content=\"https:\/\/maison4tiers.com\/ecrans-solidaires\/product\/a-la-poursuite-de-la-paix\/\" \/>\n<meta property=\"og:site_name\" content=\"\u00c9crans solidaires\" \/>\n<meta property=\"article:modified_time\" content=\"2022-03-11T16:32:24+00:00\" \/>\n<meta property=\"og:image\" content=\"https:\/\/maison4tiers.com\/ecrans-solidaires\/wp-content\/uploads\/sites\/76\/2015\/01\/76.jpg\" \/>\n\t<meta property=\"og:image:width\" content=\"800\" \/>\n\t<meta property=\"og:image:height\" content=\"1200\" \/>\n\t<meta property=\"og:image:type\" content=\"image\/jpeg\" \/>\n<meta name=\"twitter:card\" content=\"summary_large_image\" \/>\n<meta name=\"twitter:title\" content=\"A\u0300 la poursuite de la paix\" \/>\n<meta name=\"twitter:description\" content=\"A\u0300 la poursuite de la paix, raconte l\u2019histoire me\u0301connue des Canadiens qui travaillent sur les lignes de front internationales de me\u0301diation pour la paix.\" \/>\n<meta name=\"twitter:image\" content=\"https:\/\/maison4tiers.com\/ecrans-solidaires\/wp-content\/uploads\/sites\/76\/2015\/01\/76.jpg\" \/>\n<script type=\"application\/ld+json\" class=\"yoast-schema-graph\">{\"@context\":\"https:\/\/schema.org\",\"@graph\":[{\"@type\":\"WebPage\",\"@id\":\"https:\/\/maison4tiers.com\/ecrans-solidaires\/product\/a-la-poursuite-de-la-paix\/\",\"url\":\"https:\/\/maison4tiers.com\/ecrans-solidaires\/product\/a-la-poursuite-de-la-paix\/\",\"name\":\"\u00c0 la poursuite de la paix - Documentaire - \u00c9crans solidaires -\",\"isPartOf\":{\"@id\":\"https:\/\/maison4tiers.com\/ecrans-solidaires\/#website\"},\"primaryImageOfPage\":{\"@id\":\"https:\/\/maison4tiers.com\/ecrans-solidaires\/product\/a-la-poursuite-de-la-paix\/#primaryimage\"},\"image\":{\"@id\":\"https:\/\/maison4tiers.com\/ecrans-solidaires\/product\/a-la-poursuite-de-la-paix\/#primaryimage\"},\"thumbnailUrl\":\"https:\/\/maison4tiers.com\/ecrans-solidaires\/wp-content\/uploads\/sites\/76\/2015\/01\/76.jpg\",\"datePublished\":\"2015-01-04T04:00:20+00:00\",\"dateModified\":\"2022-03-11T16:32:24+00:00\",\"description\":\"A\u0300 la poursuite de la paix, raconte l\u2019histoire me\u0301connue des Canadiens qui travaillent sur les lignes de front internationales de me\u0301diation pour la paix.\",\"breadcrumb\":{\"@id\":\"https:\/\/maison4tiers.com\/ecrans-solidaires\/product\/a-la-poursuite-de-la-paix\/#breadcrumb\"},\"inLanguage\":\"fr-FR\",\"potentialAction\":[{\"@type\":\"ReadAction\",\"target\":[\"https:\/\/maison4tiers.com\/ecrans-solidaires\/product\/a-la-poursuite-de-la-paix\/\"]}]},{\"@type\":\"ImageObject\",\"inLanguage\":\"fr-FR\",\"@id\":\"https:\/\/maison4tiers.com\/ecrans-solidaires\/product\/a-la-poursuite-de-la-paix\/#primaryimage\",\"url\":\"https:\/\/maison4tiers.com\/ecrans-solidaires\/wp-content\/uploads\/sites\/76\/2015\/01\/76.jpg\",\"contentUrl\":\"https:\/\/maison4tiers.com\/ecrans-solidaires\/wp-content\/uploads\/sites\/76\/2015\/01\/76.jpg\",\"width\":800,\"height\":1200,\"caption\":\"\u00c0 la poursuite de la paix\"},{\"@type\":\"BreadcrumbList\",\"@id\":\"https:\/\/maison4tiers.com\/ecrans-solidaires\/product\/a-la-poursuite-de-la-paix\/#breadcrumb\",\"itemListElement\":[{\"@type\":\"ListItem\",\"position\":1,\"name\":\"Home\",\"item\":\"https:\/\/maison4tiers.com\/ecrans-solidaires\/\"},{\"@type\":\"ListItem\",\"position\":2,\"name\":\"Films\",\"item\":\"https:\/\/maison4tiers.com\/ecrans-solidaires\/films\/\"},{\"@type\":\"ListItem\",\"position\":3,\"name\":\"\u00c0 la poursuite de la paix\"}]},{\"@type\":\"WebSite\",\"@id\":\"https:\/\/maison4tiers.com\/ecrans-solidaires\/#website\",\"url\":\"https:\/\/maison4tiers.com\/ecrans-solidaires\/\",\"name\":\"\u00c9crans solidaires\",\"description\":\"Distribution multiplateforme de films qu\u00e9b\u00e9cois et internationaux\",\"publisher\":{\"@id\":\"https:\/\/maison4tiers.com\/ecrans-solidaires\/#organization\"},\"potentialAction\":[{\"@type\":\"SearchAction\",\"target\":{\"@type\":\"EntryPoint\",\"urlTemplate\":\"https:\/\/maison4tiers.com\/ecrans-solidaires\/?s={search_term_string}\"},\"query-input\":{\"@type\":\"PropertyValueSpecification\",\"valueRequired\":true,\"valueName\":\"search_term_string\"}}],\"inLanguage\":\"fr-FR\"},{\"@type\":\"Organization\",\"@id\":\"https:\/\/maison4tiers.com\/ecrans-solidaires\/#organization\",\"name\":\"\u00c9crans solidaires\",\"url\":\"https:\/\/maison4tiers.com\/ecrans-solidaires\/\",\"logo\":{\"@type\":\"ImageObject\",\"inLanguage\":\"fr-FR\",\"@id\":\"https:\/\/maison4tiers.com\/ecrans-solidaires\/#\/schema\/logo\/image\/\",\"url\":\"https:\/\/maison4tiers.com\/ecrans-solidaires\/wp-content\/uploads\/sites\/76\/2020\/11\/favicon-196.png\",\"contentUrl\":\"https:\/\/maison4tiers.com\/ecrans-solidaires\/wp-content\/uploads\/sites\/76\/2020\/11\/favicon-196.png\",\"width\":196,\"height\":196,\"caption\":\"\u00c9crans solidaires\"},\"image\":{\"@id\":\"https:\/\/maison4tiers.com\/ecrans-solidaires\/#\/schema\/logo\/image\/\"}}]}<\/script>\n<!-- \/ Yoast SEO plugin. -->","yoast_head_json":{"title":"\u00c0 la poursuite de la paix - Documentaire - \u00c9crans solidaires -","description":"A\u0300 la poursuite de la paix, raconte l\u2019histoire me\u0301connue des Canadiens qui travaillent sur les lignes de front internationales de me\u0301diation pour la paix.","robots":{"index":"noindex","follow":"follow","max-snippet":"max-snippet:-1","max-image-preview":"max-image-preview:large","max-video-preview":"max-video-preview:-1"},"og_locale":"fr_FR","og_type":"article","og_title":"A\u0300 la poursuite de la paix","og_description":"A\u0300 la poursuite de la paix, raconte l\u2019histoire me\u0301connue des Canadiens qui travaillent sur les lignes de front internationales de me\u0301diation pour la paix.","og_url":"https:\/\/maison4tiers.com\/ecrans-solidaires\/product\/a-la-poursuite-de-la-paix\/","og_site_name":"\u00c9crans solidaires","article_modified_time":"2022-03-11T16:32:24+00:00","og_image":[{"width":800,"height":1200,"url":"https:\/\/maison4tiers.com\/ecrans-solidaires\/wp-content\/uploads\/sites\/76\/2015\/01\/76.jpg","type":"image\/jpeg"}],"twitter_card":"summary_large_image","twitter_title":"A\u0300 la poursuite de la paix","twitter_description":"A\u0300 la poursuite de la paix, raconte l\u2019histoire me\u0301connue des Canadiens qui travaillent sur les lignes de front internationales de me\u0301diation pour la paix.","twitter_image":"https:\/\/maison4tiers.com\/ecrans-solidaires\/wp-content\/uploads\/sites\/76\/2015\/01\/76.jpg","schema":{"@context":"https:\/\/schema.org","@graph":[{"@type":"WebPage","@id":"https:\/\/maison4tiers.com\/ecrans-solidaires\/product\/a-la-poursuite-de-la-paix\/","url":"https:\/\/maison4tiers.com\/ecrans-solidaires\/product\/a-la-poursuite-de-la-paix\/","name":"\u00c0 la poursuite de la paix - Documentaire - \u00c9crans solidaires -","isPartOf":{"@id":"https:\/\/maison4tiers.com\/ecrans-solidaires\/#website"},"primaryImageOfPage":{"@id":"https:\/\/maison4tiers.com\/ecrans-solidaires\/product\/a-la-poursuite-de-la-paix\/#primaryimage"},"image":{"@id":"https:\/\/maison4tiers.com\/ecrans-solidaires\/product\/a-la-poursuite-de-la-paix\/#primaryimage"},"thumbnailUrl":"https:\/\/maison4tiers.com\/ecrans-solidaires\/wp-content\/uploads\/sites\/76\/2015\/01\/76.jpg","datePublished":"2015-01-04T04:00:20+00:00","dateModified":"2022-03-11T16:32:24+00:00","description":"A\u0300 la poursuite de la paix, raconte l\u2019histoire me\u0301connue des Canadiens qui travaillent sur les lignes de front internationales de me\u0301diation pour la paix.","breadcrumb":{"@id":"https:\/\/maison4tiers.com\/ecrans-solidaires\/product\/a-la-poursuite-de-la-paix\/#breadcrumb"},"inLanguage":"fr-FR","potentialAction":[{"@type":"ReadAction","target":["https:\/\/maison4tiers.com\/ecrans-solidaires\/product\/a-la-poursuite-de-la-paix\/"]}]},{"@type":"ImageObject","inLanguage":"fr-FR","@id":"https:\/\/maison4tiers.com\/ecrans-solidaires\/product\/a-la-poursuite-de-la-paix\/#primaryimage","url":"https:\/\/maison4tiers.com\/ecrans-solidaires\/wp-content\/uploads\/sites\/76\/2015\/01\/76.jpg","contentUrl":"https:\/\/maison4tiers.com\/ecrans-solidaires\/wp-content\/uploads\/sites\/76\/2015\/01\/76.jpg","width":800,"height":1200,"caption":"\u00c0 la poursuite de la paix"},{"@type":"BreadcrumbList","@id":"https:\/\/maison4tiers.com\/ecrans-solidaires\/product\/a-la-poursuite-de-la-paix\/#breadcrumb","itemListElement":[{"@type":"ListItem","position":1,"name":"Home","item":"https:\/\/maison4tiers.com\/ecrans-solidaires\/"},{"@type":"ListItem","position":2,"name":"Films","item":"https:\/\/maison4tiers.com\/ecrans-solidaires\/films\/"},{"@type":"ListItem","position":3,"name":"\u00c0 la poursuite de la paix"}]},{"@type":"WebSite","@id":"https:\/\/maison4tiers.com\/ecrans-solidaires\/#website","url":"https:\/\/maison4tiers.com\/ecrans-solidaires\/","name":"\u00c9crans solidaires","description":"Distribution multiplateforme de films qu\u00e9b\u00e9cois et internationaux","publisher":{"@id":"https:\/\/maison4tiers.com\/ecrans-solidaires\/#organization"},"potentialAction":[{"@type":"SearchAction","target":{"@type":"EntryPoint","urlTemplate":"https:\/\/maison4tiers.com\/ecrans-solidaires\/?s={search_term_string}"},"query-input":{"@type":"PropertyValueSpecification","valueRequired":true,"valueName":"search_term_string"}}],"inLanguage":"fr-FR"},{"@type":"Organization","@id":"https:\/\/maison4tiers.com\/ecrans-solidaires\/#organization","name":"\u00c9crans solidaires","url":"https:\/\/maison4tiers.com\/ecrans-solidaires\/","logo":{"@type":"ImageObject","inLanguage":"fr-FR","@id":"https:\/\/maison4tiers.com\/ecrans-solidaires\/#\/schema\/logo\/image\/","url":"https:\/\/maison4tiers.com\/ecrans-solidaires\/wp-content\/uploads\/sites\/76\/2020\/11\/favicon-196.png","contentUrl":"https:\/\/maison4tiers.com\/ecrans-solidaires\/wp-content\/uploads\/sites\/76\/2020\/11\/favicon-196.png","width":196,"height":196,"caption":"\u00c9crans solidaires"},"image":{"@id":"https:\/\/maison4tiers.com\/ecrans-solidaires\/#\/schema\/logo\/image\/"}}]}},"jetpack_sharing_enabled":true,"_links":{"self":[{"href":"https:\/\/maison4tiers.com\/ecrans-solidaires\/wp-json\/wp\/v2\/product\/4323","targetHints":{"allow":["GET"]}}],"collection":[{"href":"https:\/\/maison4tiers.com\/ecrans-solidaires\/wp-json\/wp\/v2\/product"}],"about":[{"href":"https:\/\/maison4tiers.com\/ecrans-solidaires\/wp-json\/wp\/v2\/types\/product"}],"wp:featuredmedia":[{"embeddable":true,"href":"https:\/\/maison4tiers.com\/ecrans-solidaires\/wp-json\/wp\/v2\/media\/7504"}],"wp:attachment":[{"href":"https:\/\/maison4tiers.com\/ecrans-solidaires\/wp-json\/wp\/v2\/media?parent=4323"}],"wp:term":[{"taxonomy":"product_brand","embeddable":true,"href":"https:\/\/maison4tiers.com\/ecrans-solidaires\/wp-json\/wp\/v2\/product_brand?post=4323"},{"taxonomy":"product_cat","embeddable":true,"href":"https:\/\/maison4tiers.com\/ecrans-solidaires\/wp-json\/wp\/v2\/product_cat?post=4323"},{"taxonomy":"product_tag","embeddable":true,"href":"https:\/\/maison4tiers.com\/ecrans-solidaires\/wp-json\/wp\/v2\/product_tag?post=4323"}],"curies":[{"name":"wp","href":"https:\/\/api.w.org\/{rel}","templated":true}]}}