{"id":23481,"date":"2024-07-08T11:13:12","date_gmt":"2024-07-08T15:13:12","guid":{"rendered":"https:\/\/maison4tiers.com\/?post_type=product&#038;p=23481"},"modified":"2024-07-18T16:47:17","modified_gmt":"2024-07-18T20:47:17","slug":"la-bete","status":"publish","type":"product","link":"https:\/\/maison4tiers.com\/ecrans-solidaires\/product\/la-bete\/","title":{"rendered":"LA B\u00caTE"},"excerpt":{"rendered":"<div class=\"page\" title=\"Page 2\">\n<div class=\"layoutArea\">\n<div class=\"column\">\n<h4><strong>MAINTENANT DISPONIBLE EN VID\u00c9O SUR DEMANDE ET DVD!!!<\/strong><\/h4>\n<p>Dans un futur proche ou\u0300 re\u0300gne l\u2019intelligence artificielle, les e\u0301motions humaines sont devenues une menace. Pour s&rsquo;en de\u0301barrasser, Gabrielle doit purifier son ADN en replongeant dans ses vies ante\u0301rieures. Elle y retrouve Louis, son grand amour. Mais une peur l&rsquo;envahit, le pressentiment qu&rsquo;une catastrophe se pre\u0301pare.<\/p>\n<\/div>\n<\/div>\n<\/div>\n<blockquote><p><em>\u00ab <i>La B\u00eate v<\/i>oit Bertrand Bonello atteindre des sommets dans la prise de risque. Ambitieux et achev\u00e9 sur le plan formel, le film multiplie les emprunts au cin\u00e9ma de genre pour caract\u00e9riser et offrir une atmosph\u00e8re unique \u00e0 chacune des \u00e9poques mises en sc\u00e8ne. \u00bb<br \/>\n<\/em><a href=\"https:\/\/www.ledevoir.com\/culture\/cinema\/811250\/bete-piege-peur\" target=\"_blank\" rel=\"noopener\">\u2605\u2605\u2605\u00bd<strong>\u00a0\u2013 LE DEVOIR<\/strong><\/a><\/p>\n<p>&nbsp;<\/p>\n<p><em>\u00ab Leurs recherches sur le r\u00eave, le vertige virtuel, l\u2019imaginaire cauchemardesque innervent\u00a0La B\u00eate en profondeur et y trouvent un aboutissement inou\u00ef. \u00bb<\/em><br \/>\n<a href=\"https:\/\/www.lemonde.fr\/culture\/article\/2024\/02\/07\/la-bete-bertrand-bonello-filme-un-voyage-mental-au-c-ur-de-l-impasse-amoureuse_6215254_3246.html\" target=\"_blank\" rel=\"noopener\"><strong>\u00a0\u2013 LE MONDE<\/strong><\/a><\/p>\n<p>&nbsp;<\/p>\n<p><em>\u00ab Ayant voulu livrer \u00ab\u00a0un plaidoyer pour rester vivant \u00ab\u00a0, le cin\u00e9aste propose une r\u00e9flexion sur l\u2019incidence de l\u2019intelligence artificielle dans les rapports humains o\u00f9, pour mieux convaincre, le c\u00e9r\u00e9bral l\u2019emporte audacieusement sur le sentimental. \u00bb<\/em><br \/>\n<a href=\"https:\/\/www.lapresse.ca\/cinema\/critiques\/2024-04-19\/la-bete-de-bertrand-bonello\/que-reste-t-il-de-nos-amours.php\" target=\"_blank\" rel=\"noopener\">\u2605\u2605\u2605\u2605<strong> \u2013 LA PRESSE<\/strong><\/a><\/p><\/blockquote>\n<p>&nbsp;<\/p>\n<p><a href=\"https:\/\/maison4tiers.com\/categorie-produit\/film\/fiction\/\" target=\"_blank\" rel=\"noopener\"><span style=\"text-decoration: underline;\">Voir les autres films de FICTION<\/span><\/a><\/p>\n<p>*Disponible au Canada seulement<\/p>\n","protected":false},"featured_media":23488,"template":"","meta":{"_acf_changed":false,"_eb_attr":""},"product_brand":[],"product_cat":[45,131],"product_tag":[192,1136,1134,1131,276,841,1135,536,845,1133,1130,1132,1137],"class_list":{"0":"post-23481","1":"product","2":"type-product","3":"status-publish","4":"has-post-thumbnail","6":"product_cat-film","7":"product_cat-touslesfilms","8":"product_tag-amour","9":"product_tag-avenir","10":"product_tag-bertrand-bonello","11":"product_tag-bete","12":"product_tag-drame","13":"product_tag-dystopie","14":"product_tag-emotions","15":"product_tag-fiction","16":"product_tag-futur","17":"product_tag-george-mackay","18":"product_tag-la-bete","19":"product_tag-lea-seydoux","20":"product_tag-voyage-dans-le-temps","22":"first","23":"instock","24":"taxable","25":"shipping-taxable","26":"purchasable","27":"product-type-variable","28":"has-default-attributes"},"acf":[],"yoast_head":"<!-- This site is optimized with the Yoast SEO plugin v27.0 - https:\/\/yoast.com\/product\/yoast-seo-wordpress\/ -->\n<title>LA B\u00caTE - \u00c9crans solidaires - Visionner le film de Bertrand Bonello d\u00e8s maintenant!<\/title>\n<meta name=\"description\" content=\"La B\u00eate - Dans un futur proche ou\u0300 re\u0300gne l\u2019intelligence artificielle, les e\u0301motions humaines sont devenues une menace. Pour s&#039;en de\u0301barrasser, Gabrielle doit purifier son ADN en replongeant dans ses vies ante\u0301rieures.\" \/>\n<meta name=\"robots\" content=\"noindex, follow, max-snippet:-1, max-image-preview:large, max-video-preview:-1\" \/>\n<meta property=\"og:locale\" content=\"fr_FR\" \/>\n<meta property=\"og:type\" content=\"article\" \/>\n<meta property=\"og:title\" content=\"La B\u00eate\" \/>\n<meta property=\"og:description\" content=\"Dans un futur proche ou\u0300 re\u0300gne l\u2019intelligence artificielle, les e\u0301motions humaines sont devenues une menace. Pour s&#039;en de\u0301barrasser, Gabrielle doit purifier son ADN en replongeant dans ses vies ante\u0301rieures. Elle y retrouve Louis, son grand amour. Mais une peur l&#039;envahit, le pressentiment qu&#039;une catastrophe se pre\u0301pare.\" \/>\n<meta property=\"og:url\" content=\"https:\/\/maison4tiers.com\/ecrans-solidaires\/product\/la-bete\/\" \/>\n<meta property=\"og:site_name\" content=\"\u00c9crans solidaires\" \/>\n<meta property=\"article:modified_time\" content=\"2024-07-18T20:47:17+00:00\" \/>\n<meta property=\"og:image\" content=\"https:\/\/maison4tiers.com\/ecrans-solidaires\/wp-content\/uploads\/sites\/76\/2024\/07\/LaBete_WEB_1080x1080_LR.jpg\" \/>\n\t<meta property=\"og:image:width\" content=\"1080\" \/>\n\t<meta property=\"og:image:height\" content=\"1080\" \/>\n\t<meta property=\"og:image:type\" content=\"image\/jpeg\" \/>\n<meta name=\"twitter:card\" content=\"summary_large_image\" \/>\n<meta name=\"twitter:title\" content=\"La B\u00eate\" \/>\n<meta name=\"twitter:description\" content=\"Dans un futur proche ou\u0300 re\u0300gne l\u2019intelligence artificielle, les e\u0301motions humaines sont devenues une menace. Pour s&#039;en de\u0301barrasser, Gabrielle doit purifier son ADN en replongeant dans ses vies ante\u0301rieures. Elle y retrouve Louis, son grand amour. Mais une peur l&#039;envahit, le pressentiment qu&#039;une catastrophe se pre\u0301pare.\" \/>\n<meta name=\"twitter:image\" content=\"https:\/\/maison4tiers.com\/ecrans-solidaires\/wp-content\/uploads\/sites\/76\/2024\/07\/LaBete_WEB_1080x1080_LR.jpg\" \/>\n<meta name=\"twitter:label1\" content=\"Dur\u00e9e de lecture estim\u00e9e\" \/>\n\t<meta name=\"twitter:data1\" content=\"1 minute\" \/>\n<script type=\"application\/ld+json\" class=\"yoast-schema-graph\">{\"@context\":\"https:\/\/schema.org\",\"@graph\":[{\"@type\":\"WebPage\",\"@id\":\"https:\/\/maison4tiers.com\/ecrans-solidaires\/product\/la-bete\/\",\"url\":\"https:\/\/maison4tiers.com\/ecrans-solidaires\/product\/la-bete\/\",\"name\":\"LA B\u00caTE - \u00c9crans solidaires - Visionner le film de Bertrand Bonello d\u00e8s maintenant!\",\"isPartOf\":{\"@id\":\"https:\/\/maison4tiers.com\/ecrans-solidaires\/#website\"},\"primaryImageOfPage\":{\"@id\":\"https:\/\/maison4tiers.com\/ecrans-solidaires\/product\/la-bete\/#primaryimage\"},\"image\":{\"@id\":\"https:\/\/maison4tiers.com\/ecrans-solidaires\/product\/la-bete\/#primaryimage\"},\"thumbnailUrl\":\"https:\/\/maison4tiers.com\/ecrans-solidaires\/wp-content\/uploads\/sites\/76\/2024\/07\/LaBete_WEB_1080x1080_LR.jpg\",\"datePublished\":\"2024-07-08T15:13:12+00:00\",\"dateModified\":\"2024-07-18T20:47:17+00:00\",\"description\":\"La B\u00eate - Dans un futur proche ou\u0300 re\u0300gne l\u2019intelligence artificielle, les e\u0301motions humaines sont devenues une menace. Pour s'en de\u0301barrasser, Gabrielle doit purifier son ADN en replongeant dans ses vies ante\u0301rieures.\",\"breadcrumb\":{\"@id\":\"https:\/\/maison4tiers.com\/ecrans-solidaires\/product\/la-bete\/#breadcrumb\"},\"inLanguage\":\"fr-FR\",\"potentialAction\":[{\"@type\":\"ReadAction\",\"target\":[\"https:\/\/maison4tiers.com\/ecrans-solidaires\/product\/la-bete\/\"]}]},{\"@type\":\"ImageObject\",\"inLanguage\":\"fr-FR\",\"@id\":\"https:\/\/maison4tiers.com\/ecrans-solidaires\/product\/la-bete\/#primaryimage\",\"url\":\"https:\/\/maison4tiers.com\/ecrans-solidaires\/wp-content\/uploads\/sites\/76\/2024\/07\/LaBete_WEB_1080x1080_LR.jpg\",\"contentUrl\":\"https:\/\/maison4tiers.com\/ecrans-solidaires\/wp-content\/uploads\/sites\/76\/2024\/07\/LaBete_WEB_1080x1080_LR.jpg\",\"width\":1080,\"height\":1080},{\"@type\":\"BreadcrumbList\",\"@id\":\"https:\/\/maison4tiers.com\/ecrans-solidaires\/product\/la-bete\/#breadcrumb\",\"itemListElement\":[{\"@type\":\"ListItem\",\"position\":1,\"name\":\"Home\",\"item\":\"https:\/\/maison4tiers.com\/ecrans-solidaires\/\"},{\"@type\":\"ListItem\",\"position\":2,\"name\":\"Films\",\"item\":\"https:\/\/maison4tiers.com\/ecrans-solidaires\/films\/\"},{\"@type\":\"ListItem\",\"position\":3,\"name\":\"LA B\u00caTE\"}]},{\"@type\":\"WebSite\",\"@id\":\"https:\/\/maison4tiers.com\/ecrans-solidaires\/#website\",\"url\":\"https:\/\/maison4tiers.com\/ecrans-solidaires\/\",\"name\":\"\u00c9crans solidaires\",\"description\":\"Distribution multiplateforme de films qu\u00e9b\u00e9cois et internationaux\",\"publisher\":{\"@id\":\"https:\/\/maison4tiers.com\/ecrans-solidaires\/#organization\"},\"potentialAction\":[{\"@type\":\"SearchAction\",\"target\":{\"@type\":\"EntryPoint\",\"urlTemplate\":\"https:\/\/maison4tiers.com\/ecrans-solidaires\/?s={search_term_string}\"},\"query-input\":{\"@type\":\"PropertyValueSpecification\",\"valueRequired\":true,\"valueName\":\"search_term_string\"}}],\"inLanguage\":\"fr-FR\"},{\"@type\":\"Organization\",\"@id\":\"https:\/\/maison4tiers.com\/ecrans-solidaires\/#organization\",\"name\":\"\u00c9crans solidaires\",\"url\":\"https:\/\/maison4tiers.com\/ecrans-solidaires\/\",\"logo\":{\"@type\":\"ImageObject\",\"inLanguage\":\"fr-FR\",\"@id\":\"https:\/\/maison4tiers.com\/ecrans-solidaires\/#\/schema\/logo\/image\/\",\"url\":\"https:\/\/maison4tiers.com\/ecrans-solidaires\/wp-content\/uploads\/sites\/76\/2020\/11\/favicon-196.png\",\"contentUrl\":\"https:\/\/maison4tiers.com\/ecrans-solidaires\/wp-content\/uploads\/sites\/76\/2020\/11\/favicon-196.png\",\"width\":196,\"height\":196,\"caption\":\"\u00c9crans solidaires\"},\"image\":{\"@id\":\"https:\/\/maison4tiers.com\/ecrans-solidaires\/#\/schema\/logo\/image\/\"}}]}<\/script>\n<!-- \/ Yoast SEO plugin. -->","yoast_head_json":{"title":"LA B\u00caTE - \u00c9crans solidaires - Visionner le film de Bertrand Bonello d\u00e8s maintenant!","description":"La B\u00eate - Dans un futur proche ou\u0300 re\u0300gne l\u2019intelligence artificielle, les e\u0301motions humaines sont devenues une menace. Pour s'en de\u0301barrasser, Gabrielle doit purifier son ADN en replongeant dans ses vies ante\u0301rieures.","robots":{"index":"noindex","follow":"follow","max-snippet":"max-snippet:-1","max-image-preview":"max-image-preview:large","max-video-preview":"max-video-preview:-1"},"og_locale":"fr_FR","og_type":"article","og_title":"La B\u00eate","og_description":"Dans un futur proche ou\u0300 re\u0300gne l\u2019intelligence artificielle, les e\u0301motions humaines sont devenues une menace. Pour s'en de\u0301barrasser, Gabrielle doit purifier son ADN en replongeant dans ses vies ante\u0301rieures. Elle y retrouve Louis, son grand amour. Mais une peur l'envahit, le pressentiment qu'une catastrophe se pre\u0301pare.","og_url":"https:\/\/maison4tiers.com\/ecrans-solidaires\/product\/la-bete\/","og_site_name":"\u00c9crans solidaires","article_modified_time":"2024-07-18T20:47:17+00:00","og_image":[{"width":1080,"height":1080,"url":"https:\/\/maison4tiers.com\/ecrans-solidaires\/wp-content\/uploads\/sites\/76\/2024\/07\/LaBete_WEB_1080x1080_LR.jpg","type":"image\/jpeg"}],"twitter_card":"summary_large_image","twitter_title":"La B\u00eate","twitter_description":"Dans un futur proche ou\u0300 re\u0300gne l\u2019intelligence artificielle, les e\u0301motions humaines sont devenues une menace. Pour s'en de\u0301barrasser, Gabrielle doit purifier son ADN en replongeant dans ses vies ante\u0301rieures. Elle y retrouve Louis, son grand amour. Mais une peur l'envahit, le pressentiment qu'une catastrophe se pre\u0301pare.","twitter_image":"https:\/\/maison4tiers.com\/ecrans-solidaires\/wp-content\/uploads\/sites\/76\/2024\/07\/LaBete_WEB_1080x1080_LR.jpg","twitter_misc":{"Dur\u00e9e de lecture estim\u00e9e":"1 minute"},"schema":{"@context":"https:\/\/schema.org","@graph":[{"@type":"WebPage","@id":"https:\/\/maison4tiers.com\/ecrans-solidaires\/product\/la-bete\/","url":"https:\/\/maison4tiers.com\/ecrans-solidaires\/product\/la-bete\/","name":"LA B\u00caTE - \u00c9crans solidaires - Visionner le film de Bertrand Bonello d\u00e8s maintenant!","isPartOf":{"@id":"https:\/\/maison4tiers.com\/ecrans-solidaires\/#website"},"primaryImageOfPage":{"@id":"https:\/\/maison4tiers.com\/ecrans-solidaires\/product\/la-bete\/#primaryimage"},"image":{"@id":"https:\/\/maison4tiers.com\/ecrans-solidaires\/product\/la-bete\/#primaryimage"},"thumbnailUrl":"https:\/\/maison4tiers.com\/ecrans-solidaires\/wp-content\/uploads\/sites\/76\/2024\/07\/LaBete_WEB_1080x1080_LR.jpg","datePublished":"2024-07-08T15:13:12+00:00","dateModified":"2024-07-18T20:47:17+00:00","description":"La B\u00eate - Dans un futur proche ou\u0300 re\u0300gne l\u2019intelligence artificielle, les e\u0301motions humaines sont devenues une menace. Pour s'en de\u0301barrasser, Gabrielle doit purifier son ADN en replongeant dans ses vies ante\u0301rieures.","breadcrumb":{"@id":"https:\/\/maison4tiers.com\/ecrans-solidaires\/product\/la-bete\/#breadcrumb"},"inLanguage":"fr-FR","potentialAction":[{"@type":"ReadAction","target":["https:\/\/maison4tiers.com\/ecrans-solidaires\/product\/la-bete\/"]}]},{"@type":"ImageObject","inLanguage":"fr-FR","@id":"https:\/\/maison4tiers.com\/ecrans-solidaires\/product\/la-bete\/#primaryimage","url":"https:\/\/maison4tiers.com\/ecrans-solidaires\/wp-content\/uploads\/sites\/76\/2024\/07\/LaBete_WEB_1080x1080_LR.jpg","contentUrl":"https:\/\/maison4tiers.com\/ecrans-solidaires\/wp-content\/uploads\/sites\/76\/2024\/07\/LaBete_WEB_1080x1080_LR.jpg","width":1080,"height":1080},{"@type":"BreadcrumbList","@id":"https:\/\/maison4tiers.com\/ecrans-solidaires\/product\/la-bete\/#breadcrumb","itemListElement":[{"@type":"ListItem","position":1,"name":"Home","item":"https:\/\/maison4tiers.com\/ecrans-solidaires\/"},{"@type":"ListItem","position":2,"name":"Films","item":"https:\/\/maison4tiers.com\/ecrans-solidaires\/films\/"},{"@type":"ListItem","position":3,"name":"LA B\u00caTE"}]},{"@type":"WebSite","@id":"https:\/\/maison4tiers.com\/ecrans-solidaires\/#website","url":"https:\/\/maison4tiers.com\/ecrans-solidaires\/","name":"\u00c9crans solidaires","description":"Distribution multiplateforme de films qu\u00e9b\u00e9cois et internationaux","publisher":{"@id":"https:\/\/maison4tiers.com\/ecrans-solidaires\/#organization"},"potentialAction":[{"@type":"SearchAction","target":{"@type":"EntryPoint","urlTemplate":"https:\/\/maison4tiers.com\/ecrans-solidaires\/?s={search_term_string}"},"query-input":{"@type":"PropertyValueSpecification","valueRequired":true,"valueName":"search_term_string"}}],"inLanguage":"fr-FR"},{"@type":"Organization","@id":"https:\/\/maison4tiers.com\/ecrans-solidaires\/#organization","name":"\u00c9crans solidaires","url":"https:\/\/maison4tiers.com\/ecrans-solidaires\/","logo":{"@type":"ImageObject","inLanguage":"fr-FR","@id":"https:\/\/maison4tiers.com\/ecrans-solidaires\/#\/schema\/logo\/image\/","url":"https:\/\/maison4tiers.com\/ecrans-solidaires\/wp-content\/uploads\/sites\/76\/2020\/11\/favicon-196.png","contentUrl":"https:\/\/maison4tiers.com\/ecrans-solidaires\/wp-content\/uploads\/sites\/76\/2020\/11\/favicon-196.png","width":196,"height":196,"caption":"\u00c9crans solidaires"},"image":{"@id":"https:\/\/maison4tiers.com\/ecrans-solidaires\/#\/schema\/logo\/image\/"}}]}},"jetpack_sharing_enabled":true,"_links":{"self":[{"href":"https:\/\/maison4tiers.com\/ecrans-solidaires\/wp-json\/wp\/v2\/product\/23481","targetHints":{"allow":["GET"]}}],"collection":[{"href":"https:\/\/maison4tiers.com\/ecrans-solidaires\/wp-json\/wp\/v2\/product"}],"about":[{"href":"https:\/\/maison4tiers.com\/ecrans-solidaires\/wp-json\/wp\/v2\/types\/product"}],"wp:featuredmedia":[{"embeddable":true,"href":"https:\/\/maison4tiers.com\/ecrans-solidaires\/wp-json\/wp\/v2\/media\/23488"}],"wp:attachment":[{"href":"https:\/\/maison4tiers.com\/ecrans-solidaires\/wp-json\/wp\/v2\/media?parent=23481"}],"wp:term":[{"taxonomy":"product_brand","embeddable":true,"href":"https:\/\/maison4tiers.com\/ecrans-solidaires\/wp-json\/wp\/v2\/product_brand?post=23481"},{"taxonomy":"product_cat","embeddable":true,"href":"https:\/\/maison4tiers.com\/ecrans-solidaires\/wp-json\/wp\/v2\/product_cat?post=23481"},{"taxonomy":"product_tag","embeddable":true,"href":"https:\/\/maison4tiers.com\/ecrans-solidaires\/wp-json\/wp\/v2\/product_tag?post=23481"}],"curies":[{"name":"wp","href":"https:\/\/api.w.org\/{rel}","templated":true}]}}