{"id":22257,"date":"2024-05-03T11:32:40","date_gmt":"2024-05-03T15:32:40","guid":{"rendered":"https:\/\/maison4tiers.com\/?post_type=product&#038;p=22257"},"modified":"2024-07-16T15:42:54","modified_gmt":"2024-07-16T19:42:54","slug":"kanaval","status":"publish","type":"product","link":"https:\/\/maison4tiers.com\/ecrans-solidaires\/product\/kanaval\/","title":{"rendered":"KANAVAL"},"excerpt":{"rendered":"<h4><strong>MAINTENANT DISPONIBLE EN VID\u00c9O SUR DEMANDE!!!<\/strong><\/h4>\n<p>Au milieu des ann\u00e9es 70, Rico, jeune ha\u00eftien de 9 ans est brutalement arrach\u00e9 \u00e0 sa terre natale pour \u00eatre propuls\u00e9 en compagnie d\u2019Erzulie, sa m\u00e8re, sur une \u00e9trange plan\u00e8te baptis\u00e9e Canada. Depuis leur arriv\u00e9e, une distance semble s\u2019\u00eatre install\u00e9e entre la m\u00e8re et le fils. Pour regagner l\u2019amour de sa maman, Rico devra appr\u00e9hender ce Nouveau Monde peupl\u00e9 d\u2019individus aux us et coutumes \u00e9tranges. Heureusement, il pourra compter sur Kana, son ami imaginaire tout droit venu de la mythologie ha\u00eftienne.<\/p>\n<p>&nbsp;<\/p>\n<blockquote><p><em>\u00abKanaval, premier long m\u00e9trage de fiction d\u2019Henri Pardo, est un exemple \u00e9vocateur de cette force, de cette ouverture, de ces possibles qu\u2019offrent les histoires que racontent d\u2019autres cultures.\u00bb<\/em><br \/>\n<a href=\"https:\/\/www.ledevoir.com\/culture\/cinema\/812116\/kanaval-enfants-sont-richesse-pauvres\" target=\"_blank\" rel=\"noopener\"><strong>\u2605\u2605\u2605 1\/2\u2013 LE DEVOIR<\/strong><\/a><\/p>\n<p>\u00abHenri Pardo salue avec sinc\u00e9rit\u00e9 la r\u00e9silience des exil\u00e9s et c\u00e9l\u00e8bre avec fiert\u00e9 la culture de ses anc\u00eatres.\u00bb<\/p>\n<p><a href=\"https:\/\/www.lapresse.ca\/cinema\/critiques\/2024-05-03\/kanaval\/en-terrain-inconnu.php\" target=\"_blank\" rel=\"noopener\"><strong>\u2605\u2605\u2605 1\/2\u2013 LA PRESSE<\/strong><\/a><\/p>\n<p>&nbsp;<\/p><\/blockquote>\n<p><a href=\"https:\/\/maison4tiers.com\/categorie-produit\/film\/quebecois\/?_ga=2.127474765.1535836384.1701795620-2119137250.1661195295\" target=\"_blank\" rel=\"noopener\"><span style=\"text-decoration: underline;\">Voir les autres films qu\u00e9b\u00e9cois<\/span><\/a><\/p>\n<p>*Disponible au Canada seulement<\/p>\n","protected":false},"featured_media":22268,"template":"","meta":{"_acf_changed":false,"_eb_attr":""},"product_brand":[],"product_cat":[140,105,120,45,119,122,121,131],"product_tag":[992,276,328,1119,1117,1118,1120,1116,1121],"class_list":{"0":"post-22257","1":"product","2":"type-product","3":"status-publish","4":"has-post-thumbnail","6":"product_cat-cinema","7":"product_cat-drame","8":"product_cat-fiction","9":"product_cat-film","10":"product_cat-quebecois","11":"product_cat-reflexion","12":"product_cat-societe","13":"product_cat-touslesfilms","14":"product_tag-cinema-quebecois","15":"product_tag-drame","16":"product_tag-famille","17":"product_tag-haiti","18":"product_tag-henri-pardo","19":"product_tag-martin-dubreuil","20":"product_tag-mythologie-haitienne","21":"product_tag-rayan-dieudonne","22":"product_tag-relation-mere-fils","24":"first","25":"instock","26":"taxable","27":"shipping-taxable","28":"purchasable","29":"product-type-variable","30":"has-default-attributes"},"acf":[],"yoast_head":"<!-- This site is optimized with the Yoast SEO plugin v27.0 - https:\/\/yoast.com\/product\/yoast-seo-wordpress\/ -->\n<title>KANAVAL - \u00c9crans solidaires - Film qu\u00e9b\u00e9cois- Voir le film d&#039;Henri Pardo maintenant !<\/title>\n<meta name=\"description\" content=\"Kanaval - Rico, un jeune ha\u00eftien de 9 ans, est brutalement arrach\u00e9 \u00e0 sa terre natale pour \u00eatre propuls\u00e9 sur une \u00e9trange plan\u00e8te baptis\u00e9e Canada.\" \/>\n<meta name=\"robots\" content=\"noindex, follow, max-snippet:-1, max-image-preview:large, max-video-preview:-1\" \/>\n<meta property=\"og:locale\" content=\"fr_FR\" \/>\n<meta property=\"og:type\" content=\"article\" \/>\n<meta property=\"og:title\" content=\"Kanaval\" \/>\n<meta property=\"og:description\" content=\"Au milieu des ann\u00e9es 70, Rico, jeune ha\u00eftien de 9 ans est brutalement arrach\u00e9 \u00e0 sa terre natalepour \u00eatre propuls\u00e9 en compagnie d\u2019Erzulie, sa m\u00e8re, sur une \u00e9trange plan\u00e8te baptis\u00e9e Canada.Depuis leur arriv\u00e9e, une distance semble s\u2019\u00eatre install\u00e9e entre la m\u00e8re et le fils. Pour regagnerl\u2019amour de sa maman, Rico devra appr\u00e9hender ce Nouveau Monde peupl\u00e9 d\u2019individus aux us etcoutumes \u00e9tranges. Heureusement, il pourra compter sur Kana, son ami imaginaire tout droitvenu de la mythologie ha\u00eftienne.\" \/>\n<meta property=\"og:url\" content=\"https:\/\/maison4tiers.com\/ecrans-solidaires\/product\/kanaval\/\" \/>\n<meta property=\"og:site_name\" content=\"\u00c9crans solidaires\" \/>\n<meta property=\"article:modified_time\" content=\"2024-07-16T19:42:54+00:00\" \/>\n<meta property=\"og:image\" content=\"https:\/\/maison4tiers.com\/ecrans-solidaires\/wp-content\/uploads\/sites\/76\/2024\/05\/Kanaval_affiche_WEB_LR-1-scaled.jpg\" \/>\n\t<meta property=\"og:image:width\" content=\"1772\" \/>\n\t<meta property=\"og:image:height\" content=\"2560\" \/>\n\t<meta property=\"og:image:type\" content=\"image\/jpeg\" \/>\n<meta name=\"twitter:card\" content=\"summary_large_image\" \/>\n<meta name=\"twitter:title\" content=\"Kanaval\" \/>\n<meta name=\"twitter:description\" content=\"Au milieu des ann\u00e9es 70, Rico, jeune ha\u00eftien de 9 ans est brutalement arrach\u00e9 \u00e0 sa terre natalepour \u00eatre propuls\u00e9 en compagnie d\u2019Erzulie, sa m\u00e8re, sur une \u00e9trange plan\u00e8te baptis\u00e9e Canada.Depuis leur arriv\u00e9e, une distance semble s\u2019\u00eatre install\u00e9e entre la m\u00e8re et le fils. Pour regagnerl\u2019amour de sa maman, Rico devra appr\u00e9hender ce Nouveau Monde peupl\u00e9 d\u2019individus aux us etcoutumes \u00e9tranges. Heureusement, il pourra compter sur Kana, son ami imaginaire tout droitvenu de la mythologie ha\u00eftienne.\" \/>\n<meta name=\"twitter:image\" content=\"https:\/\/maison4tiers.com\/ecrans-solidaires\/wp-content\/uploads\/sites\/76\/2024\/05\/Kanaval_affiche_WEB_LR-1-scaled.jpg\" \/>\n<meta name=\"twitter:label1\" content=\"Dur\u00e9e de lecture estim\u00e9e\" \/>\n\t<meta name=\"twitter:data1\" content=\"1 minute\" \/>\n<script type=\"application\/ld+json\" class=\"yoast-schema-graph\">{\"@context\":\"https:\/\/schema.org\",\"@graph\":[{\"@type\":\"WebPage\",\"@id\":\"https:\/\/maison4tiers.com\/ecrans-solidaires\/product\/kanaval\/\",\"url\":\"https:\/\/maison4tiers.com\/ecrans-solidaires\/product\/kanaval\/\",\"name\":\"KANAVAL - \u00c9crans solidaires - Film qu\u00e9b\u00e9cois- Voir le film d'Henri Pardo maintenant !\",\"isPartOf\":{\"@id\":\"https:\/\/maison4tiers.com\/ecrans-solidaires\/#website\"},\"primaryImageOfPage\":{\"@id\":\"https:\/\/maison4tiers.com\/ecrans-solidaires\/product\/kanaval\/#primaryimage\"},\"image\":{\"@id\":\"https:\/\/maison4tiers.com\/ecrans-solidaires\/product\/kanaval\/#primaryimage\"},\"thumbnailUrl\":\"https:\/\/maison4tiers.com\/ecrans-solidaires\/wp-content\/uploads\/sites\/76\/2024\/05\/Kanaval_affiche_WEB_HR-1.jpg\",\"datePublished\":\"2024-05-03T15:32:40+00:00\",\"dateModified\":\"2024-07-16T19:42:54+00:00\",\"description\":\"Kanaval - Rico, un jeune ha\u00eftien de 9 ans, est brutalement arrach\u00e9 \u00e0 sa terre natale pour \u00eatre propuls\u00e9 sur une \u00e9trange plan\u00e8te baptis\u00e9e Canada.\",\"breadcrumb\":{\"@id\":\"https:\/\/maison4tiers.com\/ecrans-solidaires\/product\/kanaval\/#breadcrumb\"},\"inLanguage\":\"fr-FR\",\"potentialAction\":[{\"@type\":\"ReadAction\",\"target\":[\"https:\/\/maison4tiers.com\/ecrans-solidaires\/product\/kanaval\/\"]}]},{\"@type\":\"ImageObject\",\"inLanguage\":\"fr-FR\",\"@id\":\"https:\/\/maison4tiers.com\/ecrans-solidaires\/product\/kanaval\/#primaryimage\",\"url\":\"https:\/\/maison4tiers.com\/ecrans-solidaires\/wp-content\/uploads\/sites\/76\/2024\/05\/Kanaval_affiche_WEB_HR-1.jpg\",\"contentUrl\":\"https:\/\/maison4tiers.com\/ecrans-solidaires\/wp-content\/uploads\/sites\/76\/2024\/05\/Kanaval_affiche_WEB_HR-1.jpg\",\"width\":8100,\"height\":11700},{\"@type\":\"BreadcrumbList\",\"@id\":\"https:\/\/maison4tiers.com\/ecrans-solidaires\/product\/kanaval\/#breadcrumb\",\"itemListElement\":[{\"@type\":\"ListItem\",\"position\":1,\"name\":\"Home\",\"item\":\"https:\/\/maison4tiers.com\/ecrans-solidaires\/\"},{\"@type\":\"ListItem\",\"position\":2,\"name\":\"Films\",\"item\":\"https:\/\/maison4tiers.com\/ecrans-solidaires\/films\/\"},{\"@type\":\"ListItem\",\"position\":3,\"name\":\"KANAVAL\"}]},{\"@type\":\"WebSite\",\"@id\":\"https:\/\/maison4tiers.com\/ecrans-solidaires\/#website\",\"url\":\"https:\/\/maison4tiers.com\/ecrans-solidaires\/\",\"name\":\"\u00c9crans solidaires\",\"description\":\"Distribution multiplateforme de films qu\u00e9b\u00e9cois et internationaux\",\"publisher\":{\"@id\":\"https:\/\/maison4tiers.com\/ecrans-solidaires\/#organization\"},\"potentialAction\":[{\"@type\":\"SearchAction\",\"target\":{\"@type\":\"EntryPoint\",\"urlTemplate\":\"https:\/\/maison4tiers.com\/ecrans-solidaires\/?s={search_term_string}\"},\"query-input\":{\"@type\":\"PropertyValueSpecification\",\"valueRequired\":true,\"valueName\":\"search_term_string\"}}],\"inLanguage\":\"fr-FR\"},{\"@type\":\"Organization\",\"@id\":\"https:\/\/maison4tiers.com\/ecrans-solidaires\/#organization\",\"name\":\"\u00c9crans solidaires\",\"url\":\"https:\/\/maison4tiers.com\/ecrans-solidaires\/\",\"logo\":{\"@type\":\"ImageObject\",\"inLanguage\":\"fr-FR\",\"@id\":\"https:\/\/maison4tiers.com\/ecrans-solidaires\/#\/schema\/logo\/image\/\",\"url\":\"https:\/\/maison4tiers.com\/ecrans-solidaires\/wp-content\/uploads\/sites\/76\/2020\/11\/favicon-196.png\",\"contentUrl\":\"https:\/\/maison4tiers.com\/ecrans-solidaires\/wp-content\/uploads\/sites\/76\/2020\/11\/favicon-196.png\",\"width\":196,\"height\":196,\"caption\":\"\u00c9crans solidaires\"},\"image\":{\"@id\":\"https:\/\/maison4tiers.com\/ecrans-solidaires\/#\/schema\/logo\/image\/\"}}]}<\/script>\n<!-- \/ Yoast SEO plugin. -->","yoast_head_json":{"title":"KANAVAL - \u00c9crans solidaires - Film qu\u00e9b\u00e9cois- Voir le film d'Henri Pardo maintenant !","description":"Kanaval - Rico, un jeune ha\u00eftien de 9 ans, est brutalement arrach\u00e9 \u00e0 sa terre natale pour \u00eatre propuls\u00e9 sur une \u00e9trange plan\u00e8te baptis\u00e9e Canada.","robots":{"index":"noindex","follow":"follow","max-snippet":"max-snippet:-1","max-image-preview":"max-image-preview:large","max-video-preview":"max-video-preview:-1"},"og_locale":"fr_FR","og_type":"article","og_title":"Kanaval","og_description":"Au milieu des ann\u00e9es 70, Rico, jeune ha\u00eftien de 9 ans est brutalement arrach\u00e9 \u00e0 sa terre natalepour \u00eatre propuls\u00e9 en compagnie d\u2019Erzulie, sa m\u00e8re, sur une \u00e9trange plan\u00e8te baptis\u00e9e Canada.Depuis leur arriv\u00e9e, une distance semble s\u2019\u00eatre install\u00e9e entre la m\u00e8re et le fils. Pour regagnerl\u2019amour de sa maman, Rico devra appr\u00e9hender ce Nouveau Monde peupl\u00e9 d\u2019individus aux us etcoutumes \u00e9tranges. Heureusement, il pourra compter sur Kana, son ami imaginaire tout droitvenu de la mythologie ha\u00eftienne.","og_url":"https:\/\/maison4tiers.com\/ecrans-solidaires\/product\/kanaval\/","og_site_name":"\u00c9crans solidaires","article_modified_time":"2024-07-16T19:42:54+00:00","og_image":[{"width":1772,"height":2560,"url":"https:\/\/maison4tiers.com\/ecrans-solidaires\/wp-content\/uploads\/sites\/76\/2024\/05\/Kanaval_affiche_WEB_LR-1-scaled.jpg","type":"image\/jpeg"}],"twitter_card":"summary_large_image","twitter_title":"Kanaval","twitter_description":"Au milieu des ann\u00e9es 70, Rico, jeune ha\u00eftien de 9 ans est brutalement arrach\u00e9 \u00e0 sa terre natalepour \u00eatre propuls\u00e9 en compagnie d\u2019Erzulie, sa m\u00e8re, sur une \u00e9trange plan\u00e8te baptis\u00e9e Canada.Depuis leur arriv\u00e9e, une distance semble s\u2019\u00eatre install\u00e9e entre la m\u00e8re et le fils. Pour regagnerl\u2019amour de sa maman, Rico devra appr\u00e9hender ce Nouveau Monde peupl\u00e9 d\u2019individus aux us etcoutumes \u00e9tranges. Heureusement, il pourra compter sur Kana, son ami imaginaire tout droitvenu de la mythologie ha\u00eftienne.","twitter_image":"https:\/\/maison4tiers.com\/ecrans-solidaires\/wp-content\/uploads\/sites\/76\/2024\/05\/Kanaval_affiche_WEB_LR-1-scaled.jpg","twitter_misc":{"Dur\u00e9e de lecture estim\u00e9e":"1 minute"},"schema":{"@context":"https:\/\/schema.org","@graph":[{"@type":"WebPage","@id":"https:\/\/maison4tiers.com\/ecrans-solidaires\/product\/kanaval\/","url":"https:\/\/maison4tiers.com\/ecrans-solidaires\/product\/kanaval\/","name":"KANAVAL - \u00c9crans solidaires - Film qu\u00e9b\u00e9cois- Voir le film d'Henri Pardo maintenant !","isPartOf":{"@id":"https:\/\/maison4tiers.com\/ecrans-solidaires\/#website"},"primaryImageOfPage":{"@id":"https:\/\/maison4tiers.com\/ecrans-solidaires\/product\/kanaval\/#primaryimage"},"image":{"@id":"https:\/\/maison4tiers.com\/ecrans-solidaires\/product\/kanaval\/#primaryimage"},"thumbnailUrl":"https:\/\/maison4tiers.com\/ecrans-solidaires\/wp-content\/uploads\/sites\/76\/2024\/05\/Kanaval_affiche_WEB_HR-1.jpg","datePublished":"2024-05-03T15:32:40+00:00","dateModified":"2024-07-16T19:42:54+00:00","description":"Kanaval - Rico, un jeune ha\u00eftien de 9 ans, est brutalement arrach\u00e9 \u00e0 sa terre natale pour \u00eatre propuls\u00e9 sur une \u00e9trange plan\u00e8te baptis\u00e9e Canada.","breadcrumb":{"@id":"https:\/\/maison4tiers.com\/ecrans-solidaires\/product\/kanaval\/#breadcrumb"},"inLanguage":"fr-FR","potentialAction":[{"@type":"ReadAction","target":["https:\/\/maison4tiers.com\/ecrans-solidaires\/product\/kanaval\/"]}]},{"@type":"ImageObject","inLanguage":"fr-FR","@id":"https:\/\/maison4tiers.com\/ecrans-solidaires\/product\/kanaval\/#primaryimage","url":"https:\/\/maison4tiers.com\/ecrans-solidaires\/wp-content\/uploads\/sites\/76\/2024\/05\/Kanaval_affiche_WEB_HR-1.jpg","contentUrl":"https:\/\/maison4tiers.com\/ecrans-solidaires\/wp-content\/uploads\/sites\/76\/2024\/05\/Kanaval_affiche_WEB_HR-1.jpg","width":8100,"height":11700},{"@type":"BreadcrumbList","@id":"https:\/\/maison4tiers.com\/ecrans-solidaires\/product\/kanaval\/#breadcrumb","itemListElement":[{"@type":"ListItem","position":1,"name":"Home","item":"https:\/\/maison4tiers.com\/ecrans-solidaires\/"},{"@type":"ListItem","position":2,"name":"Films","item":"https:\/\/maison4tiers.com\/ecrans-solidaires\/films\/"},{"@type":"ListItem","position":3,"name":"KANAVAL"}]},{"@type":"WebSite","@id":"https:\/\/maison4tiers.com\/ecrans-solidaires\/#website","url":"https:\/\/maison4tiers.com\/ecrans-solidaires\/","name":"\u00c9crans solidaires","description":"Distribution multiplateforme de films qu\u00e9b\u00e9cois et internationaux","publisher":{"@id":"https:\/\/maison4tiers.com\/ecrans-solidaires\/#organization"},"potentialAction":[{"@type":"SearchAction","target":{"@type":"EntryPoint","urlTemplate":"https:\/\/maison4tiers.com\/ecrans-solidaires\/?s={search_term_string}"},"query-input":{"@type":"PropertyValueSpecification","valueRequired":true,"valueName":"search_term_string"}}],"inLanguage":"fr-FR"},{"@type":"Organization","@id":"https:\/\/maison4tiers.com\/ecrans-solidaires\/#organization","name":"\u00c9crans solidaires","url":"https:\/\/maison4tiers.com\/ecrans-solidaires\/","logo":{"@type":"ImageObject","inLanguage":"fr-FR","@id":"https:\/\/maison4tiers.com\/ecrans-solidaires\/#\/schema\/logo\/image\/","url":"https:\/\/maison4tiers.com\/ecrans-solidaires\/wp-content\/uploads\/sites\/76\/2020\/11\/favicon-196.png","contentUrl":"https:\/\/maison4tiers.com\/ecrans-solidaires\/wp-content\/uploads\/sites\/76\/2020\/11\/favicon-196.png","width":196,"height":196,"caption":"\u00c9crans solidaires"},"image":{"@id":"https:\/\/maison4tiers.com\/ecrans-solidaires\/#\/schema\/logo\/image\/"}}]}},"jetpack_sharing_enabled":true,"_links":{"self":[{"href":"https:\/\/maison4tiers.com\/ecrans-solidaires\/wp-json\/wp\/v2\/product\/22257","targetHints":{"allow":["GET"]}}],"collection":[{"href":"https:\/\/maison4tiers.com\/ecrans-solidaires\/wp-json\/wp\/v2\/product"}],"about":[{"href":"https:\/\/maison4tiers.com\/ecrans-solidaires\/wp-json\/wp\/v2\/types\/product"}],"wp:featuredmedia":[{"embeddable":true,"href":"https:\/\/maison4tiers.com\/ecrans-solidaires\/wp-json\/wp\/v2\/media\/22268"}],"wp:attachment":[{"href":"https:\/\/maison4tiers.com\/ecrans-solidaires\/wp-json\/wp\/v2\/media?parent=22257"}],"wp:term":[{"taxonomy":"product_brand","embeddable":true,"href":"https:\/\/maison4tiers.com\/ecrans-solidaires\/wp-json\/wp\/v2\/product_brand?post=22257"},{"taxonomy":"product_cat","embeddable":true,"href":"https:\/\/maison4tiers.com\/ecrans-solidaires\/wp-json\/wp\/v2\/product_cat?post=22257"},{"taxonomy":"product_tag","embeddable":true,"href":"https:\/\/maison4tiers.com\/ecrans-solidaires\/wp-json\/wp\/v2\/product_tag?post=22257"}],"curies":[{"name":"wp","href":"https:\/\/api.w.org\/{rel}","templated":true}]}}