{"id":20703,"date":"2024-02-20T13:42:23","date_gmt":"2024-02-20T17:42:23","guid":{"rendered":"https:\/\/maison4tiers.com\/?post_type=product&#038;p=20703"},"modified":"2024-10-10T17:49:26","modified_gmt":"2024-10-10T21:49:26","slug":"sapins","status":"publish","type":"product","link":"https:\/\/maison4tiers.com\/ecrans-solidaires\/product\/sapins\/","title":{"rendered":"SAPIN$"},"excerpt":{"rendered":"<h4><strong>MAINTENANT DISPONIBLE SUR DVD ET VID\u00c9O SUR DEMANDE!!!<\/strong><\/h4>\n<p>R\u00e9mi, 21 ans, quitte son berceau natal de La Tuque au Qu\u00e9bec pour aller vendre des sapins de No\u00ebl \u00e0 New York dans le but de rembourser une dette mena\u00e7ant son avenir. Largu\u00e9 au fin fond du Bronx, il fera la rencontre de Laura, une activiste fran\u00e7aise pince-sans-rire, qui sera sa coll\u00e8gue pour le prochain mois. Ensemble, ils vont d\u00e9couvrir la vibrante communaut\u00e9 peuplant leur coin de rue et vont apprendre \u00e0 survivre aux \u00e9preuves toutes aussi absurdes que dramatiques que leur r\u00e9serve le monde sauvage de la vente de sapins.<\/p>\n<blockquote><p><em>\u00abHilarante com\u00e9die, dont les revirements de situations sont multiples et inattendus. Une com\u00e9die hilarante qui fait du bien et qui nous r\u00e9chauffe le c\u0153ur!\u00bb<\/em><\/p>\n<p><strong>\u00a0<a href=\"https:\/\/lesartsze.com\/sapin-comedie-hilarante-rechauffe-le-coeur\/\" target=\"_blank\" rel=\"noopener\">\u2605\u2605\u2605\u2605 \u00a0<\/a><a href=\"https:\/\/lesartsze.com\/sapin-comedie-hilarante-rechauffe-le-coeur\/\" target=\"_blank\" rel=\"noopener\">\u2013 <\/a> LES ARTS Z\u00c9<\/strong><\/p>\n<p><em>\u00ab\u00c0 la crois\u00e9e du cin\u00e9ma populaire et de genre.\u00bb<\/em><br \/>\n<a href=\"https:\/\/ici.radio-canada.ca\/info\/videos\/1-8866888\/film-sapin$-une-comedie-quebecoise-pour-noel\" target=\"_blank\" rel=\"noopener\"><strong>\u00a0\u2013 RADIO-CANADA<\/strong><\/a><\/p>\n<p><em>\u00abMoukarzel r\u00e9ussit un impressionnant film r\u00e9fl\u00e9chi et nuanc\u00e9 avec Sapin$.\u00bb<\/em><br \/>\n<a href=\"https:\/\/montrealgazette.com\/entertainment\/movies\/christmas-comedy-inspired-by-quebecers-role-in-new-york-fir-trade\" target=\"_blank\" rel=\"noopener\"><strong>\u00a0\u2013 THE GAZETTE<\/strong><\/a><\/p>\n<p><em>\u00abUne v\u00e9ritable com\u00e9die sociale.\u00bb<\/em><br \/>\n<a href=\"https:\/\/www.lesoleil.com\/arts\/cinema\/2023\/12\/15\/emsapinem-un-emroad-movieem-stationnaire-sur-un-coin-de-rues-du-bronx-ZRGLEREGSZALVHGWB46KE5L2JM\/\" target=\"_blank\" rel=\"noopener\"><strong>\u00a0\u2013 LE SOLEIL<\/strong><\/a><\/p><\/blockquote>\n<p>&nbsp;<\/p>\n<p><a href=\"https:\/\/maison4tiers.com\/categorie-produit\/film\/comedie\/\" target=\"_blank\" rel=\"noopener\"><span style=\"text-decoration: underline;\">Voir les autres films de Com\u00e9die<\/span><\/a><\/p>\n<p>*Disponible au Canada seulement<\/p>\n","protected":false},"featured_media":20710,"template":"","meta":{"_acf_changed":false,"_eb_attr":""},"product_brand":[],"product_cat":[107,123,120,45,119,131],"product_tag":[1058,1063,275,1062,1056,1034,1059,1064,1057,1055,189,295,1054,1060,1066,1065,1061],"class_list":{"0":"post-20703","1":"product","2":"type-product","3":"status-publish","4":"has-post-thumbnail","6":"product_cat-comedie","7":"product_cat-famille","8":"product_cat-fiction","9":"product_cat-film","10":"product_cat-quebecois","11":"product_cat-touslesfilms","12":"product_tag-bronx","13":"product_tag-christmas","14":"product_tag-etats-unis","15":"product_tag-festivites","16":"product_tag-fetes","17":"product_tag-film","18":"product_tag-film-quebecois","19":"product_tag-movie","20":"product_tag-new-york","21":"product_tag-noel","22":"product_tag-quebec","23":"product_tag-quebecois","24":"product_tag-sapins","25":"product_tag-stephane-moukarzel","26":"product_tag-united-states","27":"product_tag-usa","28":"product_tag-ziad-touma","30":"first","31":"instock","32":"taxable","33":"shipping-taxable","34":"purchasable","35":"product-type-variable","36":"has-default-attributes"},"acf":[],"yoast_head":"<!-- This site is optimized with the Yoast SEO plugin v27.0 - https:\/\/yoast.com\/product\/yoast-seo-wordpress\/ -->\n<title>SAPIN$ - \u00c9crans solidaires - Un film de St\u00e9phane Moukarzel - Regardez d\u00e8s maintenant!<\/title>\n<meta name=\"description\" content=\"Sapins - R\u00e9mi, 21 ans, quitte son berceau natal pour aller vendre des sapins de No\u00ebl \u00e0 New York dans le but de rembourser une dette mena\u00e7ant son avenir.\" \/>\n<meta name=\"robots\" content=\"noindex, follow, max-snippet:-1, max-image-preview:large, max-video-preview:-1\" \/>\n<meta property=\"og:locale\" content=\"fr_FR\" \/>\n<meta property=\"og:type\" content=\"article\" \/>\n<meta property=\"og:title\" content=\"Sapins\" \/>\n<meta property=\"og:description\" content=\"R\u00e9mi, 21 ans, quitte son berceau natal de La Tuque au Qu\u00e9bec pour aller vendre des sapins de No\u00ebl \u00e0 New York dans le but de rembourser une dette mena\u00e7ant son avenir. Largu\u00e9 au fin fond du Bronx, il fera la rencontre de Laura, une activiste fran\u00e7aise pince-sans-rire, qui sera sa coll\u00e8gue pour le prochain mois. Ensemble, ils vont d\u00e9couvrir la vibrante communaut\u00e9 peuplant leur coin de rue et vont apprendre \u00e0 survivre aux \u00e9preuves toutes aussi absurdes que dramatiques que leur r\u00e9serve le monde sauvage de la vente de sapins.\" \/>\n<meta property=\"og:url\" content=\"https:\/\/maison4tiers.com\/ecrans-solidaires\/product\/sapins\/\" \/>\n<meta property=\"og:site_name\" content=\"\u00c9crans solidaires\" \/>\n<meta property=\"article:modified_time\" content=\"2024-10-10T21:49:26+00:00\" \/>\n<meta property=\"og:image\" content=\"https:\/\/maison4tiers.com\/ecrans-solidaires\/wp-content\/uploads\/sites\/76\/2024\/02\/SAPIN_affiche_WEB_LR-scaled.jpg\" \/>\n\t<meta property=\"og:image:width\" content=\"1772\" \/>\n\t<meta property=\"og:image:height\" content=\"2560\" \/>\n\t<meta property=\"og:image:type\" content=\"image\/jpeg\" \/>\n<meta name=\"twitter:card\" content=\"summary_large_image\" \/>\n<meta name=\"twitter:title\" content=\"Sapins\" \/>\n<meta name=\"twitter:description\" content=\"R\u00e9mi, 21 ans, quitte son berceau natal de La Tuque au Qu\u00e9bec pour aller vendre des sapins de No\u00ebl \u00e0 New York dans le but de rembourser une dette mena\u00e7ant son avenir. Largu\u00e9 au fin fond du Bronx, il fera la rencontre de Laura, une activiste fran\u00e7aise pince-sans-rire, qui sera sa coll\u00e8gue pour le prochain mois. Ensemble, ils vont d\u00e9couvrir la vibrante communaut\u00e9 peuplant leur coin de rue et vont apprendre \u00e0 survivre aux \u00e9preuves toutes aussi absurdes que dramatiques que leur r\u00e9serve le monde sauvage de la vente de sapins.\" \/>\n<meta name=\"twitter:image\" content=\"https:\/\/maison4tiers.com\/ecrans-solidaires\/wp-content\/uploads\/sites\/76\/2024\/02\/SAPIN_affiche_WEB_LR-scaled.jpg\" \/>\n<meta name=\"twitter:label1\" content=\"Dur\u00e9e de lecture estim\u00e9e\" \/>\n\t<meta name=\"twitter:data1\" content=\"1 minute\" \/>\n<script type=\"application\/ld+json\" class=\"yoast-schema-graph\">{\"@context\":\"https:\/\/schema.org\",\"@graph\":[{\"@type\":\"WebPage\",\"@id\":\"https:\/\/maison4tiers.com\/ecrans-solidaires\/product\/sapins\/\",\"url\":\"https:\/\/maison4tiers.com\/ecrans-solidaires\/product\/sapins\/\",\"name\":\"SAPIN$ - \u00c9crans solidaires - Un film de St\u00e9phane Moukarzel - Regardez d\u00e8s maintenant!\",\"isPartOf\":{\"@id\":\"https:\/\/maison4tiers.com\/ecrans-solidaires\/#website\"},\"primaryImageOfPage\":{\"@id\":\"https:\/\/maison4tiers.com\/ecrans-solidaires\/product\/sapins\/#primaryimage\"},\"image\":{\"@id\":\"https:\/\/maison4tiers.com\/ecrans-solidaires\/product\/sapins\/#primaryimage\"},\"thumbnailUrl\":\"https:\/\/maison4tiers.com\/ecrans-solidaires\/wp-content\/uploads\/sites\/76\/2024\/02\/SAPIN_affiche_WEB_LR-scaled.jpg\",\"datePublished\":\"2024-02-20T17:42:23+00:00\",\"dateModified\":\"2024-10-10T21:49:26+00:00\",\"description\":\"Sapins - R\u00e9mi, 21 ans, quitte son berceau natal pour aller vendre des sapins de No\u00ebl \u00e0 New York dans le but de rembourser une dette mena\u00e7ant son avenir.\",\"breadcrumb\":{\"@id\":\"https:\/\/maison4tiers.com\/ecrans-solidaires\/product\/sapins\/#breadcrumb\"},\"inLanguage\":\"fr-FR\",\"potentialAction\":[{\"@type\":\"ReadAction\",\"target\":[\"https:\/\/maison4tiers.com\/ecrans-solidaires\/product\/sapins\/\"]}]},{\"@type\":\"ImageObject\",\"inLanguage\":\"fr-FR\",\"@id\":\"https:\/\/maison4tiers.com\/ecrans-solidaires\/product\/sapins\/#primaryimage\",\"url\":\"https:\/\/maison4tiers.com\/ecrans-solidaires\/wp-content\/uploads\/sites\/76\/2024\/02\/SAPIN_affiche_WEB_LR-scaled.jpg\",\"contentUrl\":\"https:\/\/maison4tiers.com\/ecrans-solidaires\/wp-content\/uploads\/sites\/76\/2024\/02\/SAPIN_affiche_WEB_LR-scaled.jpg\",\"width\":1772,\"height\":2560},{\"@type\":\"BreadcrumbList\",\"@id\":\"https:\/\/maison4tiers.com\/ecrans-solidaires\/product\/sapins\/#breadcrumb\",\"itemListElement\":[{\"@type\":\"ListItem\",\"position\":1,\"name\":\"Home\",\"item\":\"https:\/\/maison4tiers.com\/ecrans-solidaires\/\"},{\"@type\":\"ListItem\",\"position\":2,\"name\":\"Films\",\"item\":\"https:\/\/maison4tiers.com\/ecrans-solidaires\/films\/\"},{\"@type\":\"ListItem\",\"position\":3,\"name\":\"SAPIN$\"}]},{\"@type\":\"WebSite\",\"@id\":\"https:\/\/maison4tiers.com\/ecrans-solidaires\/#website\",\"url\":\"https:\/\/maison4tiers.com\/ecrans-solidaires\/\",\"name\":\"\u00c9crans solidaires\",\"description\":\"Distribution multiplateforme de films qu\u00e9b\u00e9cois et internationaux\",\"publisher\":{\"@id\":\"https:\/\/maison4tiers.com\/ecrans-solidaires\/#organization\"},\"potentialAction\":[{\"@type\":\"SearchAction\",\"target\":{\"@type\":\"EntryPoint\",\"urlTemplate\":\"https:\/\/maison4tiers.com\/ecrans-solidaires\/?s={search_term_string}\"},\"query-input\":{\"@type\":\"PropertyValueSpecification\",\"valueRequired\":true,\"valueName\":\"search_term_string\"}}],\"inLanguage\":\"fr-FR\"},{\"@type\":\"Organization\",\"@id\":\"https:\/\/maison4tiers.com\/ecrans-solidaires\/#organization\",\"name\":\"\u00c9crans solidaires\",\"url\":\"https:\/\/maison4tiers.com\/ecrans-solidaires\/\",\"logo\":{\"@type\":\"ImageObject\",\"inLanguage\":\"fr-FR\",\"@id\":\"https:\/\/maison4tiers.com\/ecrans-solidaires\/#\/schema\/logo\/image\/\",\"url\":\"https:\/\/maison4tiers.com\/ecrans-solidaires\/wp-content\/uploads\/sites\/76\/2020\/11\/favicon-196.png\",\"contentUrl\":\"https:\/\/maison4tiers.com\/ecrans-solidaires\/wp-content\/uploads\/sites\/76\/2020\/11\/favicon-196.png\",\"width\":196,\"height\":196,\"caption\":\"\u00c9crans solidaires\"},\"image\":{\"@id\":\"https:\/\/maison4tiers.com\/ecrans-solidaires\/#\/schema\/logo\/image\/\"}}]}<\/script>\n<!-- \/ Yoast SEO plugin. -->","yoast_head_json":{"title":"SAPIN$ - \u00c9crans solidaires - Un film de St\u00e9phane Moukarzel - Regardez d\u00e8s maintenant!","description":"Sapins - R\u00e9mi, 21 ans, quitte son berceau natal pour aller vendre des sapins de No\u00ebl \u00e0 New York dans le but de rembourser une dette mena\u00e7ant son avenir.","robots":{"index":"noindex","follow":"follow","max-snippet":"max-snippet:-1","max-image-preview":"max-image-preview:large","max-video-preview":"max-video-preview:-1"},"og_locale":"fr_FR","og_type":"article","og_title":"Sapins","og_description":"R\u00e9mi, 21 ans, quitte son berceau natal de La Tuque au Qu\u00e9bec pour aller vendre des sapins de No\u00ebl \u00e0 New York dans le but de rembourser une dette mena\u00e7ant son avenir. Largu\u00e9 au fin fond du Bronx, il fera la rencontre de Laura, une activiste fran\u00e7aise pince-sans-rire, qui sera sa coll\u00e8gue pour le prochain mois. Ensemble, ils vont d\u00e9couvrir la vibrante communaut\u00e9 peuplant leur coin de rue et vont apprendre \u00e0 survivre aux \u00e9preuves toutes aussi absurdes que dramatiques que leur r\u00e9serve le monde sauvage de la vente de sapins.","og_url":"https:\/\/maison4tiers.com\/ecrans-solidaires\/product\/sapins\/","og_site_name":"\u00c9crans solidaires","article_modified_time":"2024-10-10T21:49:26+00:00","og_image":[{"width":1772,"height":2560,"url":"https:\/\/maison4tiers.com\/ecrans-solidaires\/wp-content\/uploads\/sites\/76\/2024\/02\/SAPIN_affiche_WEB_LR-scaled.jpg","type":"image\/jpeg"}],"twitter_card":"summary_large_image","twitter_title":"Sapins","twitter_description":"R\u00e9mi, 21 ans, quitte son berceau natal de La Tuque au Qu\u00e9bec pour aller vendre des sapins de No\u00ebl \u00e0 New York dans le but de rembourser une dette mena\u00e7ant son avenir. Largu\u00e9 au fin fond du Bronx, il fera la rencontre de Laura, une activiste fran\u00e7aise pince-sans-rire, qui sera sa coll\u00e8gue pour le prochain mois. Ensemble, ils vont d\u00e9couvrir la vibrante communaut\u00e9 peuplant leur coin de rue et vont apprendre \u00e0 survivre aux \u00e9preuves toutes aussi absurdes que dramatiques que leur r\u00e9serve le monde sauvage de la vente de sapins.","twitter_image":"https:\/\/maison4tiers.com\/ecrans-solidaires\/wp-content\/uploads\/sites\/76\/2024\/02\/SAPIN_affiche_WEB_LR-scaled.jpg","twitter_misc":{"Dur\u00e9e de lecture estim\u00e9e":"1 minute"},"schema":{"@context":"https:\/\/schema.org","@graph":[{"@type":"WebPage","@id":"https:\/\/maison4tiers.com\/ecrans-solidaires\/product\/sapins\/","url":"https:\/\/maison4tiers.com\/ecrans-solidaires\/product\/sapins\/","name":"SAPIN$ - \u00c9crans solidaires - Un film de St\u00e9phane Moukarzel - Regardez d\u00e8s maintenant!","isPartOf":{"@id":"https:\/\/maison4tiers.com\/ecrans-solidaires\/#website"},"primaryImageOfPage":{"@id":"https:\/\/maison4tiers.com\/ecrans-solidaires\/product\/sapins\/#primaryimage"},"image":{"@id":"https:\/\/maison4tiers.com\/ecrans-solidaires\/product\/sapins\/#primaryimage"},"thumbnailUrl":"https:\/\/maison4tiers.com\/ecrans-solidaires\/wp-content\/uploads\/sites\/76\/2024\/02\/SAPIN_affiche_WEB_LR-scaled.jpg","datePublished":"2024-02-20T17:42:23+00:00","dateModified":"2024-10-10T21:49:26+00:00","description":"Sapins - R\u00e9mi, 21 ans, quitte son berceau natal pour aller vendre des sapins de No\u00ebl \u00e0 New York dans le but de rembourser une dette mena\u00e7ant son avenir.","breadcrumb":{"@id":"https:\/\/maison4tiers.com\/ecrans-solidaires\/product\/sapins\/#breadcrumb"},"inLanguage":"fr-FR","potentialAction":[{"@type":"ReadAction","target":["https:\/\/maison4tiers.com\/ecrans-solidaires\/product\/sapins\/"]}]},{"@type":"ImageObject","inLanguage":"fr-FR","@id":"https:\/\/maison4tiers.com\/ecrans-solidaires\/product\/sapins\/#primaryimage","url":"https:\/\/maison4tiers.com\/ecrans-solidaires\/wp-content\/uploads\/sites\/76\/2024\/02\/SAPIN_affiche_WEB_LR-scaled.jpg","contentUrl":"https:\/\/maison4tiers.com\/ecrans-solidaires\/wp-content\/uploads\/sites\/76\/2024\/02\/SAPIN_affiche_WEB_LR-scaled.jpg","width":1772,"height":2560},{"@type":"BreadcrumbList","@id":"https:\/\/maison4tiers.com\/ecrans-solidaires\/product\/sapins\/#breadcrumb","itemListElement":[{"@type":"ListItem","position":1,"name":"Home","item":"https:\/\/maison4tiers.com\/ecrans-solidaires\/"},{"@type":"ListItem","position":2,"name":"Films","item":"https:\/\/maison4tiers.com\/ecrans-solidaires\/films\/"},{"@type":"ListItem","position":3,"name":"SAPIN$"}]},{"@type":"WebSite","@id":"https:\/\/maison4tiers.com\/ecrans-solidaires\/#website","url":"https:\/\/maison4tiers.com\/ecrans-solidaires\/","name":"\u00c9crans solidaires","description":"Distribution multiplateforme de films qu\u00e9b\u00e9cois et internationaux","publisher":{"@id":"https:\/\/maison4tiers.com\/ecrans-solidaires\/#organization"},"potentialAction":[{"@type":"SearchAction","target":{"@type":"EntryPoint","urlTemplate":"https:\/\/maison4tiers.com\/ecrans-solidaires\/?s={search_term_string}"},"query-input":{"@type":"PropertyValueSpecification","valueRequired":true,"valueName":"search_term_string"}}],"inLanguage":"fr-FR"},{"@type":"Organization","@id":"https:\/\/maison4tiers.com\/ecrans-solidaires\/#organization","name":"\u00c9crans solidaires","url":"https:\/\/maison4tiers.com\/ecrans-solidaires\/","logo":{"@type":"ImageObject","inLanguage":"fr-FR","@id":"https:\/\/maison4tiers.com\/ecrans-solidaires\/#\/schema\/logo\/image\/","url":"https:\/\/maison4tiers.com\/ecrans-solidaires\/wp-content\/uploads\/sites\/76\/2020\/11\/favicon-196.png","contentUrl":"https:\/\/maison4tiers.com\/ecrans-solidaires\/wp-content\/uploads\/sites\/76\/2020\/11\/favicon-196.png","width":196,"height":196,"caption":"\u00c9crans solidaires"},"image":{"@id":"https:\/\/maison4tiers.com\/ecrans-solidaires\/#\/schema\/logo\/image\/"}}]}},"jetpack_sharing_enabled":true,"_links":{"self":[{"href":"https:\/\/maison4tiers.com\/ecrans-solidaires\/wp-json\/wp\/v2\/product\/20703","targetHints":{"allow":["GET"]}}],"collection":[{"href":"https:\/\/maison4tiers.com\/ecrans-solidaires\/wp-json\/wp\/v2\/product"}],"about":[{"href":"https:\/\/maison4tiers.com\/ecrans-solidaires\/wp-json\/wp\/v2\/types\/product"}],"wp:featuredmedia":[{"embeddable":true,"href":"https:\/\/maison4tiers.com\/ecrans-solidaires\/wp-json\/wp\/v2\/media\/20710"}],"wp:attachment":[{"href":"https:\/\/maison4tiers.com\/ecrans-solidaires\/wp-json\/wp\/v2\/media?parent=20703"}],"wp:term":[{"taxonomy":"product_brand","embeddable":true,"href":"https:\/\/maison4tiers.com\/ecrans-solidaires\/wp-json\/wp\/v2\/product_brand?post=20703"},{"taxonomy":"product_cat","embeddable":true,"href":"https:\/\/maison4tiers.com\/ecrans-solidaires\/wp-json\/wp\/v2\/product_cat?post=20703"},{"taxonomy":"product_tag","embeddable":true,"href":"https:\/\/maison4tiers.com\/ecrans-solidaires\/wp-json\/wp\/v2\/product_tag?post=20703"}],"curies":[{"name":"wp","href":"https:\/\/api.w.org\/{rel}","templated":true}]}}