{"id":19738,"date":"2023-12-05T11:44:44","date_gmt":"2023-12-05T15:44:44","guid":{"rendered":"https:\/\/maison4tiers.com\/?post_type=product&#038;p=19738"},"modified":"2024-07-31T16:16:19","modified_gmt":"2024-07-31T20:16:19","slug":"heureux","status":"publish","type":"product","link":"https:\/\/maison4tiers.com\/ecrans-solidaires\/product\/heureux\/","title":{"rendered":"Les Jours Heureux"},"excerpt":{"rendered":"<h4><strong>MAINTENANT DISPONIBLE EN VID\u00c9O SUR DEMANDE ET EN DVD!<\/strong><\/h4>\n<p>Emma est une jeune cheffe d\u2019orchestre et \u00e9toile montante sur la sc\u00e8ne montr\u00e9alaise. Les jours heureux fait \u00e9tat de sa relation complexe avec son p\u00e8re et agent Patrick, qui maintient une emprise sournoise sur elle depuis l\u2019enfance. La possibilit\u00e9 d\u2019obtenir un important poste au sein d\u2019un orchestre de prestige ne fait qu\u2019accentuer les enjeux pour Emma. Elle devra laisser place \u00e0 ses \u00e9motions v\u00e9ritables et faire des choix, autant pour sa musique que pour elle-m\u00eame, si elle veut parvenir \u00e0 naviguer sainement sa carri\u00e8re et sa relation amoureuse avec Na\u00eblle, une violoncelliste nouvellement s\u00e9par\u00e9e et m\u00e8re d\u2019un gar\u00e7on.<\/p>\n<blockquote><p><em>\u00ab Le sc\u00e9nario de la cin\u00e9aste s\u2019av\u00e8re fort bien construit et sa protagoniste, merveilleusement complexe. Sophie Desmarais fait honneur \u00e0 cette partition : sa performance tient du tour de force. \u00bb<\/em><br \/>\n<a href=\"https:\/\/www.ledevoir.com\/culture\/cinema\/800314\/critique-cinema-jours-heureux-envol-cheffe-orchestre\" target=\"_blank\" rel=\"noopener\">\u2605\u2605\u2605\u2605<strong> \u2013 LE DEVOIR<\/strong><\/a><\/p>\n<p><em>\u00ab Sylvain Marcel et Sophie Desmarais offrent de magnifiques prestations, parfois explosives, mais surtout faites de 1000 nuances. \u00bb<\/em><br \/>\n<a href=\"https:\/\/www.ledevoir.com\/culture\/cinema\/800314\/critique-cinema-jours-heureux-envol-cheffe-orchestre\" target=\"_blank\" rel=\"noopener\">\u2605\u2605\u2605\u2605<strong> \u2013 LE SOLEIL<\/strong><\/a><\/p>\n<p><em>\u00ab Chlo\u00e9 Robichaud signe son film le plus personnel, et le plus abouti. \u00bb<br \/>\n<\/em><a href=\"https:\/\/www.lapresse.ca\/cinema\/critiques\/2023-10-20\/les-jours-heureux\/les-choix-heureux.php\" target=\"_blank\" rel=\"noopener\">\u2605\u2605\u2605\u00bd<strong> \u2013 LA PRESSE<\/strong><\/a><\/p><\/blockquote>\n<p><a href=\"https:\/\/maison4tiers.com\/categorie-produit\/film\/quebecois\/?_ga=2.127474765.1535836384.1701795620-2119137250.1661195295\" target=\"_blank\" rel=\"noopener\"><span style=\"text-decoration: underline;\">Voir les autres films qu\u00e9b\u00e9cois<\/span><\/a><\/p>\n<p>*Disponible au Canada seulement<\/p>\n","protected":false},"featured_media":19747,"template":"","meta":{"_acf_changed":false,"_eb_attr":""},"product_brand":[],"product_cat":[105,120,45,119,122,136,131,142],"product_tag":[994,995,986,992,276,328,991,996,520,988,605,998,997,990,989,987,993],"class_list":{"0":"post-19738","1":"product","2":"type-product","3":"status-publish","4":"has-post-thumbnail","6":"product_cat-drame","7":"product_cat-fiction","8":"product_cat-film","9":"product_cat-quebecois","10":"product_cat-reflexion","11":"product_cat-dvd","12":"product_cat-touslesfilms","13":"product_cat-numerique","14":"product_tag-carriere","15":"product_tag-chef-dorchestre","16":"product_tag-chloe-robichaud","17":"product_tag-cinema-quebecois","18":"product_tag-drame","19":"product_tag-famille","20":"product_tag-maison-symphonique","21":"product_tag-maude-guerin","22":"product_tag-musique","23":"product_tag-musique-classique","24":"product_tag-nour-belkhiria","25":"product_tag-o-m","26":"product_tag-om","27":"product_tag-orchestre-metropolitain","28":"product_tag-orchestre-symphonique","29":"product_tag-sophie-desmarais","30":"product_tag-sylvain-marcel","32":"first","33":"instock","34":"taxable","35":"shipping-taxable","36":"purchasable","37":"product-type-variable","38":"has-default-attributes"},"acf":[],"yoast_head":"<!-- This site is optimized with the Yoast SEO plugin v27.0 - https:\/\/yoast.com\/product\/yoast-seo-wordpress\/ -->\n<title>Les Jours Heureux - \u00c9crans solidaires - Film qu\u00e9b\u00e9cois- Voir d\u00e8s maintenant le film !<\/title>\n<meta name=\"description\" content=\"Les Jours Heureux - Emma, cheffe d\u2019orchestrE, doit faire face \u00e0 ses \u00e9motions et d\u00e9cider si elle veut r\u00e9ussir \u00e0 mener sa carri\u00e8re et sa relation avec Na\u00eblle.\" \/>\n<meta name=\"robots\" content=\"noindex, follow, max-snippet:-1, max-image-preview:large, max-video-preview:-1\" \/>\n<meta property=\"og:locale\" content=\"fr_FR\" \/>\n<meta property=\"og:type\" content=\"article\" \/>\n<meta property=\"og:title\" content=\"Les Jours Heureux\" \/>\n<meta property=\"og:description\" content=\"Emma est une jeune cheffe d\u2019orchestre et \u00e9toile montante sur la sc\u00e8ne montr\u00e9alaise. Les jours heureux fait \u00e9tat de sa relation complexe avec son p\u00e8re et agent Patrick, qui maintient une emprise sournoise sur elle depuis l\u2019enfance. La possibilit\u00e9 d\u2019obtenir un important poste au sein d\u2019un orchestre de prestige ne fait qu\u2019accentuer les enjeux pour Emma. Elle devra laisser place \u00e0 ses \u00e9motions v\u00e9ritables et faire des choix, autant pour sa musique que pour elle-m\u00eame, si elle veut parvenir \u00e0 naviguer sainement sa carri\u00e8re et sa relation amoureuse avec Na\u00eblle, une violoncelliste nouvellement s\u00e9par\u00e9e et m\u00e8re d\u2019un gar\u00e7on.\" \/>\n<meta property=\"og:url\" content=\"https:\/\/maison4tiers.com\/ecrans-solidaires\/product\/heureux\/\" \/>\n<meta property=\"og:site_name\" content=\"\u00c9crans solidaires\" \/>\n<meta property=\"article:modified_time\" content=\"2024-07-31T20:16:19+00:00\" \/>\n<meta property=\"og:image\" content=\"https:\/\/maison4tiers.com\/ecrans-solidaires\/wp-content\/uploads\/sites\/76\/2023\/12\/LJH_affiche_WEB_HR-scaled.jpg\" \/>\n\t<meta property=\"og:image:width\" content=\"1772\" \/>\n\t<meta property=\"og:image:height\" content=\"2560\" \/>\n\t<meta property=\"og:image:type\" content=\"image\/jpeg\" \/>\n<meta name=\"twitter:card\" content=\"summary_large_image\" \/>\n<meta name=\"twitter:title\" content=\"Les Jours Heureux\" \/>\n<meta name=\"twitter:description\" content=\"Emma est une jeune cheffe d\u2019orchestre et \u00e9toile montante sur la sc\u00e8ne montr\u00e9alaise. Les jours heureux fait \u00e9tat de sa relation complexe avec son p\u00e8re et agent Patrick, qui maintient une emprise sournoise sur elle depuis l\u2019enfance. La possibilit\u00e9 d\u2019obtenir un important poste au sein d\u2019un orchestre de prestige ne fait qu\u2019accentuer les enjeux pour Emma. Elle devra laisser place \u00e0 ses \u00e9motions v\u00e9ritables et faire des choix, autant pour sa musique que pour elle-m\u00eame, si elle veut parvenir \u00e0 naviguer sainement sa carri\u00e8re et sa relation amoureuse avec Na\u00eblle, une violoncelliste nouvellement s\u00e9par\u00e9e et m\u00e8re d\u2019un gar\u00e7on.\" \/>\n<meta name=\"twitter:image\" content=\"https:\/\/maison4tiers.com\/ecrans-solidaires\/wp-content\/uploads\/sites\/76\/2023\/12\/LJH_affiche_WEB_HR-scaled.jpg\" \/>\n<meta name=\"twitter:label1\" content=\"Dur\u00e9e de lecture estim\u00e9e\" \/>\n\t<meta name=\"twitter:data1\" content=\"1 minute\" \/>\n<script type=\"application\/ld+json\" class=\"yoast-schema-graph\">{\"@context\":\"https:\/\/schema.org\",\"@graph\":[{\"@type\":\"WebPage\",\"@id\":\"https:\/\/maison4tiers.com\/ecrans-solidaires\/product\/heureux\/\",\"url\":\"https:\/\/maison4tiers.com\/ecrans-solidaires\/product\/heureux\/\",\"name\":\"Les Jours Heureux - \u00c9crans solidaires - Film qu\u00e9b\u00e9cois- Voir d\u00e8s maintenant le film !\",\"isPartOf\":{\"@id\":\"https:\/\/maison4tiers.com\/ecrans-solidaires\/#website\"},\"primaryImageOfPage\":{\"@id\":\"https:\/\/maison4tiers.com\/ecrans-solidaires\/product\/heureux\/#primaryimage\"},\"image\":{\"@id\":\"https:\/\/maison4tiers.com\/ecrans-solidaires\/product\/heureux\/#primaryimage\"},\"thumbnailUrl\":\"https:\/\/maison4tiers.com\/ecrans-solidaires\/wp-content\/uploads\/sites\/76\/2023\/12\/LJH_affiche_WEB_HR-scaled.jpg\",\"datePublished\":\"2023-12-05T15:44:44+00:00\",\"dateModified\":\"2024-07-31T20:16:19+00:00\",\"description\":\"Les Jours Heureux - Emma, cheffe d\u2019orchestrE, doit faire face \u00e0 ses \u00e9motions et d\u00e9cider si elle veut r\u00e9ussir \u00e0 mener sa carri\u00e8re et sa relation avec Na\u00eblle.\",\"breadcrumb\":{\"@id\":\"https:\/\/maison4tiers.com\/ecrans-solidaires\/product\/heureux\/#breadcrumb\"},\"inLanguage\":\"fr-FR\",\"potentialAction\":[{\"@type\":\"ReadAction\",\"target\":[\"https:\/\/maison4tiers.com\/ecrans-solidaires\/product\/heureux\/\"]}]},{\"@type\":\"ImageObject\",\"inLanguage\":\"fr-FR\",\"@id\":\"https:\/\/maison4tiers.com\/ecrans-solidaires\/product\/heureux\/#primaryimage\",\"url\":\"https:\/\/maison4tiers.com\/ecrans-solidaires\/wp-content\/uploads\/sites\/76\/2023\/12\/LJH_affiche_WEB_HR-scaled.jpg\",\"contentUrl\":\"https:\/\/maison4tiers.com\/ecrans-solidaires\/wp-content\/uploads\/sites\/76\/2023\/12\/LJH_affiche_WEB_HR-scaled.jpg\",\"width\":1772,\"height\":2560},{\"@type\":\"BreadcrumbList\",\"@id\":\"https:\/\/maison4tiers.com\/ecrans-solidaires\/product\/heureux\/#breadcrumb\",\"itemListElement\":[{\"@type\":\"ListItem\",\"position\":1,\"name\":\"Home\",\"item\":\"https:\/\/maison4tiers.com\/ecrans-solidaires\/\"},{\"@type\":\"ListItem\",\"position\":2,\"name\":\"Films\",\"item\":\"https:\/\/maison4tiers.com\/ecrans-solidaires\/films\/\"},{\"@type\":\"ListItem\",\"position\":3,\"name\":\"Les Jours Heureux\"}]},{\"@type\":\"WebSite\",\"@id\":\"https:\/\/maison4tiers.com\/ecrans-solidaires\/#website\",\"url\":\"https:\/\/maison4tiers.com\/ecrans-solidaires\/\",\"name\":\"\u00c9crans solidaires\",\"description\":\"Distribution multiplateforme de films qu\u00e9b\u00e9cois et internationaux\",\"publisher\":{\"@id\":\"https:\/\/maison4tiers.com\/ecrans-solidaires\/#organization\"},\"potentialAction\":[{\"@type\":\"SearchAction\",\"target\":{\"@type\":\"EntryPoint\",\"urlTemplate\":\"https:\/\/maison4tiers.com\/ecrans-solidaires\/?s={search_term_string}\"},\"query-input\":{\"@type\":\"PropertyValueSpecification\",\"valueRequired\":true,\"valueName\":\"search_term_string\"}}],\"inLanguage\":\"fr-FR\"},{\"@type\":\"Organization\",\"@id\":\"https:\/\/maison4tiers.com\/ecrans-solidaires\/#organization\",\"name\":\"\u00c9crans solidaires\",\"url\":\"https:\/\/maison4tiers.com\/ecrans-solidaires\/\",\"logo\":{\"@type\":\"ImageObject\",\"inLanguage\":\"fr-FR\",\"@id\":\"https:\/\/maison4tiers.com\/ecrans-solidaires\/#\/schema\/logo\/image\/\",\"url\":\"https:\/\/maison4tiers.com\/ecrans-solidaires\/wp-content\/uploads\/sites\/76\/2020\/11\/favicon-196.png\",\"contentUrl\":\"https:\/\/maison4tiers.com\/ecrans-solidaires\/wp-content\/uploads\/sites\/76\/2020\/11\/favicon-196.png\",\"width\":196,\"height\":196,\"caption\":\"\u00c9crans solidaires\"},\"image\":{\"@id\":\"https:\/\/maison4tiers.com\/ecrans-solidaires\/#\/schema\/logo\/image\/\"}}]}<\/script>\n<!-- \/ Yoast SEO plugin. -->","yoast_head_json":{"title":"Les Jours Heureux - \u00c9crans solidaires - Film qu\u00e9b\u00e9cois- Voir d\u00e8s maintenant le film !","description":"Les Jours Heureux - Emma, cheffe d\u2019orchestrE, doit faire face \u00e0 ses \u00e9motions et d\u00e9cider si elle veut r\u00e9ussir \u00e0 mener sa carri\u00e8re et sa relation avec Na\u00eblle.","robots":{"index":"noindex","follow":"follow","max-snippet":"max-snippet:-1","max-image-preview":"max-image-preview:large","max-video-preview":"max-video-preview:-1"},"og_locale":"fr_FR","og_type":"article","og_title":"Les Jours Heureux","og_description":"Emma est une jeune cheffe d\u2019orchestre et \u00e9toile montante sur la sc\u00e8ne montr\u00e9alaise. Les jours heureux fait \u00e9tat de sa relation complexe avec son p\u00e8re et agent Patrick, qui maintient une emprise sournoise sur elle depuis l\u2019enfance. La possibilit\u00e9 d\u2019obtenir un important poste au sein d\u2019un orchestre de prestige ne fait qu\u2019accentuer les enjeux pour Emma. Elle devra laisser place \u00e0 ses \u00e9motions v\u00e9ritables et faire des choix, autant pour sa musique que pour elle-m\u00eame, si elle veut parvenir \u00e0 naviguer sainement sa carri\u00e8re et sa relation amoureuse avec Na\u00eblle, une violoncelliste nouvellement s\u00e9par\u00e9e et m\u00e8re d\u2019un gar\u00e7on.","og_url":"https:\/\/maison4tiers.com\/ecrans-solidaires\/product\/heureux\/","og_site_name":"\u00c9crans solidaires","article_modified_time":"2024-07-31T20:16:19+00:00","og_image":[{"width":1772,"height":2560,"url":"https:\/\/maison4tiers.com\/ecrans-solidaires\/wp-content\/uploads\/sites\/76\/2023\/12\/LJH_affiche_WEB_HR-scaled.jpg","type":"image\/jpeg"}],"twitter_card":"summary_large_image","twitter_title":"Les Jours Heureux","twitter_description":"Emma est une jeune cheffe d\u2019orchestre et \u00e9toile montante sur la sc\u00e8ne montr\u00e9alaise. Les jours heureux fait \u00e9tat de sa relation complexe avec son p\u00e8re et agent Patrick, qui maintient une emprise sournoise sur elle depuis l\u2019enfance. La possibilit\u00e9 d\u2019obtenir un important poste au sein d\u2019un orchestre de prestige ne fait qu\u2019accentuer les enjeux pour Emma. Elle devra laisser place \u00e0 ses \u00e9motions v\u00e9ritables et faire des choix, autant pour sa musique que pour elle-m\u00eame, si elle veut parvenir \u00e0 naviguer sainement sa carri\u00e8re et sa relation amoureuse avec Na\u00eblle, une violoncelliste nouvellement s\u00e9par\u00e9e et m\u00e8re d\u2019un gar\u00e7on.","twitter_image":"https:\/\/maison4tiers.com\/ecrans-solidaires\/wp-content\/uploads\/sites\/76\/2023\/12\/LJH_affiche_WEB_HR-scaled.jpg","twitter_misc":{"Dur\u00e9e de lecture estim\u00e9e":"1 minute"},"schema":{"@context":"https:\/\/schema.org","@graph":[{"@type":"WebPage","@id":"https:\/\/maison4tiers.com\/ecrans-solidaires\/product\/heureux\/","url":"https:\/\/maison4tiers.com\/ecrans-solidaires\/product\/heureux\/","name":"Les Jours Heureux - \u00c9crans solidaires - Film qu\u00e9b\u00e9cois- Voir d\u00e8s maintenant le film !","isPartOf":{"@id":"https:\/\/maison4tiers.com\/ecrans-solidaires\/#website"},"primaryImageOfPage":{"@id":"https:\/\/maison4tiers.com\/ecrans-solidaires\/product\/heureux\/#primaryimage"},"image":{"@id":"https:\/\/maison4tiers.com\/ecrans-solidaires\/product\/heureux\/#primaryimage"},"thumbnailUrl":"https:\/\/maison4tiers.com\/ecrans-solidaires\/wp-content\/uploads\/sites\/76\/2023\/12\/LJH_affiche_WEB_HR-scaled.jpg","datePublished":"2023-12-05T15:44:44+00:00","dateModified":"2024-07-31T20:16:19+00:00","description":"Les Jours Heureux - Emma, cheffe d\u2019orchestrE, doit faire face \u00e0 ses \u00e9motions et d\u00e9cider si elle veut r\u00e9ussir \u00e0 mener sa carri\u00e8re et sa relation avec Na\u00eblle.","breadcrumb":{"@id":"https:\/\/maison4tiers.com\/ecrans-solidaires\/product\/heureux\/#breadcrumb"},"inLanguage":"fr-FR","potentialAction":[{"@type":"ReadAction","target":["https:\/\/maison4tiers.com\/ecrans-solidaires\/product\/heureux\/"]}]},{"@type":"ImageObject","inLanguage":"fr-FR","@id":"https:\/\/maison4tiers.com\/ecrans-solidaires\/product\/heureux\/#primaryimage","url":"https:\/\/maison4tiers.com\/ecrans-solidaires\/wp-content\/uploads\/sites\/76\/2023\/12\/LJH_affiche_WEB_HR-scaled.jpg","contentUrl":"https:\/\/maison4tiers.com\/ecrans-solidaires\/wp-content\/uploads\/sites\/76\/2023\/12\/LJH_affiche_WEB_HR-scaled.jpg","width":1772,"height":2560},{"@type":"BreadcrumbList","@id":"https:\/\/maison4tiers.com\/ecrans-solidaires\/product\/heureux\/#breadcrumb","itemListElement":[{"@type":"ListItem","position":1,"name":"Home","item":"https:\/\/maison4tiers.com\/ecrans-solidaires\/"},{"@type":"ListItem","position":2,"name":"Films","item":"https:\/\/maison4tiers.com\/ecrans-solidaires\/films\/"},{"@type":"ListItem","position":3,"name":"Les Jours Heureux"}]},{"@type":"WebSite","@id":"https:\/\/maison4tiers.com\/ecrans-solidaires\/#website","url":"https:\/\/maison4tiers.com\/ecrans-solidaires\/","name":"\u00c9crans solidaires","description":"Distribution multiplateforme de films qu\u00e9b\u00e9cois et internationaux","publisher":{"@id":"https:\/\/maison4tiers.com\/ecrans-solidaires\/#organization"},"potentialAction":[{"@type":"SearchAction","target":{"@type":"EntryPoint","urlTemplate":"https:\/\/maison4tiers.com\/ecrans-solidaires\/?s={search_term_string}"},"query-input":{"@type":"PropertyValueSpecification","valueRequired":true,"valueName":"search_term_string"}}],"inLanguage":"fr-FR"},{"@type":"Organization","@id":"https:\/\/maison4tiers.com\/ecrans-solidaires\/#organization","name":"\u00c9crans solidaires","url":"https:\/\/maison4tiers.com\/ecrans-solidaires\/","logo":{"@type":"ImageObject","inLanguage":"fr-FR","@id":"https:\/\/maison4tiers.com\/ecrans-solidaires\/#\/schema\/logo\/image\/","url":"https:\/\/maison4tiers.com\/ecrans-solidaires\/wp-content\/uploads\/sites\/76\/2020\/11\/favicon-196.png","contentUrl":"https:\/\/maison4tiers.com\/ecrans-solidaires\/wp-content\/uploads\/sites\/76\/2020\/11\/favicon-196.png","width":196,"height":196,"caption":"\u00c9crans solidaires"},"image":{"@id":"https:\/\/maison4tiers.com\/ecrans-solidaires\/#\/schema\/logo\/image\/"}}]}},"jetpack_sharing_enabled":true,"_links":{"self":[{"href":"https:\/\/maison4tiers.com\/ecrans-solidaires\/wp-json\/wp\/v2\/product\/19738","targetHints":{"allow":["GET"]}}],"collection":[{"href":"https:\/\/maison4tiers.com\/ecrans-solidaires\/wp-json\/wp\/v2\/product"}],"about":[{"href":"https:\/\/maison4tiers.com\/ecrans-solidaires\/wp-json\/wp\/v2\/types\/product"}],"wp:featuredmedia":[{"embeddable":true,"href":"https:\/\/maison4tiers.com\/ecrans-solidaires\/wp-json\/wp\/v2\/media\/19747"}],"wp:attachment":[{"href":"https:\/\/maison4tiers.com\/ecrans-solidaires\/wp-json\/wp\/v2\/media?parent=19738"}],"wp:term":[{"taxonomy":"product_brand","embeddable":true,"href":"https:\/\/maison4tiers.com\/ecrans-solidaires\/wp-json\/wp\/v2\/product_brand?post=19738"},{"taxonomy":"product_cat","embeddable":true,"href":"https:\/\/maison4tiers.com\/ecrans-solidaires\/wp-json\/wp\/v2\/product_cat?post=19738"},{"taxonomy":"product_tag","embeddable":true,"href":"https:\/\/maison4tiers.com\/ecrans-solidaires\/wp-json\/wp\/v2\/product_tag?post=19738"}],"curies":[{"name":"wp","href":"https:\/\/api.w.org\/{rel}","templated":true}]}}