{"id":18856,"date":"2023-10-26T13:17:07","date_gmt":"2023-10-26T17:17:07","guid":{"rendered":"https:\/\/maison4tiers.com\/?post_type=product&#038;p=18856"},"modified":"2024-05-06T16:15:18","modified_gmt":"2024-05-06T20:15:18","slug":"les-jours","status":"publish","type":"product","link":"https:\/\/maison4tiers.com\/ecrans-solidaires\/product\/les-jours\/","title":{"rendered":"Les Jours"},"excerpt":{"rendered":"<h4><strong>MAINTENANT DISPONIBLE EN DVD ET SUR DEMANDE!<\/strong><\/h4>\n<p>Doctorante et professeure \u00e0 temps partiel, Marie-Philip aime les chats et Harry Potter. Mais une semaine avant sa f\u00eate de 29 ans, la jeune femme apprend qu\u2019elle a le cancer du sein. Durant un an, sans fausse pudeur, nous l\u2019accompagnons dans chacune des \u00e9tapes tandis qu\u2019elle se confie avec une honn\u00eatet\u00e9 bouleversante. Une ode \u00e0 la vie, au courage et \u00e0 la r\u00e9silience de toutes celles qui se battent quotidiennement contre la maladie.<\/p>\n<p>&nbsp;<\/p>\n<p><a href=\"https:\/\/maison4tiers.com\/categorie-produit\/film\/documentaire\/?_ga=2.152840444.492312848.1698345028-2119137250.1661195295\" target=\"_blank\" rel=\"noopener\"><span style=\"text-decoration: underline;\">Voir les autres films documentaire<\/span><\/a><\/p>\n<p>*Disponible au Canada seulement<\/p>\n","protected":false},"featured_media":18872,"template":"","meta":{"_acf_changed":false,"_eb_attr":""},"product_brand":[],"product_cat":[78,45,119,122,131,142],"product_tag":[963,964,965,966,960,328,962,967,959,958,961,968,970,183,184,969],"class_list":{"0":"post-18856","1":"product","2":"type-product","3":"status-publish","4":"has-post-thumbnail","6":"product_cat-documentaire","7":"product_cat-film","8":"product_cat-quebecois","9":"product_cat-reflexion","10":"product_cat-touslesfilms","11":"product_cat-numerique","12":"product_tag-cancer","13":"product_tag-cancer-du-sein","14":"product_tag-chimio","15":"product_tag-chimiotherapie","16":"product_tag-days","17":"product_tag-famille","18":"product_tag-genevieve-dulude-de-celles","19":"product_tag-hopital","20":"product_tag-jours","21":"product_tag-les-jours","22":"product_tag-marie-philip","23":"product_tag-medecin","24":"product_tag-pandemie","25":"product_tag-positif","26":"product_tag-positivite","27":"product_tag-sante","29":"first","30":"instock","31":"taxable","32":"shipping-taxable","33":"purchasable","34":"product-type-variable","35":"has-default-attributes"},"acf":[],"yoast_head":"<!-- This site is optimized with the Yoast SEO plugin v27.0 - https:\/\/yoast.com\/product\/yoast-seo-wordpress\/ -->\n<title>Les Jours - \u00c9crans solidaires - Film Qu\u00e9b\u00e9cois - Maintenant disponible! - Regarder le film<\/title>\n<meta name=\"description\" content=\"Les Jours - Une semaine avant ses 29 ans, Marie-Philip apprend qu\u2019elle a le cancer du sein. Une ode \u00e0 la vie, au courage et \u00e0 la r\u00e9silience des battantes.\" \/>\n<meta name=\"robots\" content=\"noindex, follow, max-snippet:-1, max-image-preview:large, max-video-preview:-1\" \/>\n<meta property=\"og:locale\" content=\"fr_FR\" \/>\n<meta property=\"og:type\" content=\"article\" \/>\n<meta property=\"og:title\" content=\"Les Jours\" \/>\n<meta property=\"og:description\" content=\"Doctorante et professeure \u00e0 temps partiel, Marie-Philip aime les chats et Harry Potter. Mais une semaine avant sa f\u00eate de 29 ans, la jeune femme apprend qu\u2019elle a le cancer du sein. Durant un an, sans fausse pudeur, nous l\u2019accompagnons dans chacune des \u00e9tapes tandis qu\u2019elle se confie avec une honn\u00eatet\u00e9 bouleversante. Une ode \u00e0 la vie, au courage et \u00e0 la r\u00e9silience de toutes celles qui se battent quotidiennement contre la maladie.\" \/>\n<meta property=\"og:url\" content=\"https:\/\/maison4tiers.com\/ecrans-solidaires\/product\/les-jours\/\" \/>\n<meta property=\"og:site_name\" content=\"\u00c9crans solidaires\" \/>\n<meta property=\"article:modified_time\" content=\"2024-05-06T20:15:18+00:00\" \/>\n<meta property=\"og:image\" content=\"https:\/\/maison4tiers.com\/ecrans-solidaires\/wp-content\/uploads\/sites\/76\/2023\/10\/Jours_affiche_WEB_LR-scaled.jpg\" \/>\n\t<meta property=\"og:image:width\" content=\"1772\" \/>\n\t<meta property=\"og:image:height\" content=\"2560\" \/>\n\t<meta property=\"og:image:type\" content=\"image\/jpeg\" \/>\n<meta name=\"twitter:card\" content=\"summary_large_image\" \/>\n<meta name=\"twitter:title\" content=\"Les Jours\" \/>\n<meta name=\"twitter:description\" content=\"Doctorante et professeure \u00e0 temps partiel, Marie-Philip aime les chats et Harry Potter. Mais une semaine avant sa f\u00eate de 29 ans, la jeune femme apprend qu\u2019elle a le cancer du sein. Durant un an, sans fausse pudeur, nous l\u2019accompagnons dans chacune des \u00e9tapes tandis qu\u2019elle se confie avec une honn\u00eatet\u00e9 bouleversante. Une ode \u00e0 la vie, au courage et \u00e0 la r\u00e9silience de toutes celles qui se battent quotidiennement contre la maladie.\" \/>\n<meta name=\"twitter:image\" content=\"https:\/\/maison4tiers.com\/ecrans-solidaires\/wp-content\/uploads\/sites\/76\/2023\/10\/Jours_affiche_WEB_LR-scaled.jpg\" \/>\n<script type=\"application\/ld+json\" class=\"yoast-schema-graph\">{\"@context\":\"https:\/\/schema.org\",\"@graph\":[{\"@type\":\"WebPage\",\"@id\":\"https:\/\/maison4tiers.com\/ecrans-solidaires\/product\/les-jours\/\",\"url\":\"https:\/\/maison4tiers.com\/ecrans-solidaires\/product\/les-jours\/\",\"name\":\"Les Jours - \u00c9crans solidaires - Film Qu\u00e9b\u00e9cois - Maintenant disponible! - Regarder le film\",\"isPartOf\":{\"@id\":\"https:\/\/maison4tiers.com\/ecrans-solidaires\/#website\"},\"primaryImageOfPage\":{\"@id\":\"https:\/\/maison4tiers.com\/ecrans-solidaires\/product\/les-jours\/#primaryimage\"},\"image\":{\"@id\":\"https:\/\/maison4tiers.com\/ecrans-solidaires\/product\/les-jours\/#primaryimage\"},\"thumbnailUrl\":\"https:\/\/maison4tiers.com\/ecrans-solidaires\/wp-content\/uploads\/sites\/76\/2023\/10\/Jours_affiche_WEB_LR-scaled.jpg\",\"datePublished\":\"2023-10-26T17:17:07+00:00\",\"dateModified\":\"2024-05-06T20:15:18+00:00\",\"description\":\"Les Jours - Une semaine avant ses 29 ans, Marie-Philip apprend qu\u2019elle a le cancer du sein. Une ode \u00e0 la vie, au courage et \u00e0 la r\u00e9silience des battantes.\",\"breadcrumb\":{\"@id\":\"https:\/\/maison4tiers.com\/ecrans-solidaires\/product\/les-jours\/#breadcrumb\"},\"inLanguage\":\"fr-FR\",\"potentialAction\":[{\"@type\":\"ReadAction\",\"target\":[\"https:\/\/maison4tiers.com\/ecrans-solidaires\/product\/les-jours\/\"]}]},{\"@type\":\"ImageObject\",\"inLanguage\":\"fr-FR\",\"@id\":\"https:\/\/maison4tiers.com\/ecrans-solidaires\/product\/les-jours\/#primaryimage\",\"url\":\"https:\/\/maison4tiers.com\/ecrans-solidaires\/wp-content\/uploads\/sites\/76\/2023\/10\/Jours_affiche_WEB_LR-scaled.jpg\",\"contentUrl\":\"https:\/\/maison4tiers.com\/ecrans-solidaires\/wp-content\/uploads\/sites\/76\/2023\/10\/Jours_affiche_WEB_LR-scaled.jpg\",\"width\":1772,\"height\":2560},{\"@type\":\"BreadcrumbList\",\"@id\":\"https:\/\/maison4tiers.com\/ecrans-solidaires\/product\/les-jours\/#breadcrumb\",\"itemListElement\":[{\"@type\":\"ListItem\",\"position\":1,\"name\":\"Home\",\"item\":\"https:\/\/maison4tiers.com\/ecrans-solidaires\/\"},{\"@type\":\"ListItem\",\"position\":2,\"name\":\"Films\",\"item\":\"https:\/\/maison4tiers.com\/ecrans-solidaires\/films\/\"},{\"@type\":\"ListItem\",\"position\":3,\"name\":\"Les Jours\"}]},{\"@type\":\"WebSite\",\"@id\":\"https:\/\/maison4tiers.com\/ecrans-solidaires\/#website\",\"url\":\"https:\/\/maison4tiers.com\/ecrans-solidaires\/\",\"name\":\"\u00c9crans solidaires\",\"description\":\"Distribution multiplateforme de films qu\u00e9b\u00e9cois et internationaux\",\"publisher\":{\"@id\":\"https:\/\/maison4tiers.com\/ecrans-solidaires\/#organization\"},\"potentialAction\":[{\"@type\":\"SearchAction\",\"target\":{\"@type\":\"EntryPoint\",\"urlTemplate\":\"https:\/\/maison4tiers.com\/ecrans-solidaires\/?s={search_term_string}\"},\"query-input\":{\"@type\":\"PropertyValueSpecification\",\"valueRequired\":true,\"valueName\":\"search_term_string\"}}],\"inLanguage\":\"fr-FR\"},{\"@type\":\"Organization\",\"@id\":\"https:\/\/maison4tiers.com\/ecrans-solidaires\/#organization\",\"name\":\"\u00c9crans solidaires\",\"url\":\"https:\/\/maison4tiers.com\/ecrans-solidaires\/\",\"logo\":{\"@type\":\"ImageObject\",\"inLanguage\":\"fr-FR\",\"@id\":\"https:\/\/maison4tiers.com\/ecrans-solidaires\/#\/schema\/logo\/image\/\",\"url\":\"https:\/\/maison4tiers.com\/ecrans-solidaires\/wp-content\/uploads\/sites\/76\/2020\/11\/favicon-196.png\",\"contentUrl\":\"https:\/\/maison4tiers.com\/ecrans-solidaires\/wp-content\/uploads\/sites\/76\/2020\/11\/favicon-196.png\",\"width\":196,\"height\":196,\"caption\":\"\u00c9crans solidaires\"},\"image\":{\"@id\":\"https:\/\/maison4tiers.com\/ecrans-solidaires\/#\/schema\/logo\/image\/\"}}]}<\/script>\n<!-- \/ Yoast SEO plugin. -->","yoast_head_json":{"title":"Les Jours - \u00c9crans solidaires - Film Qu\u00e9b\u00e9cois - Maintenant disponible! - Regarder le film","description":"Les Jours - Une semaine avant ses 29 ans, Marie-Philip apprend qu\u2019elle a le cancer du sein. Une ode \u00e0 la vie, au courage et \u00e0 la r\u00e9silience des battantes.","robots":{"index":"noindex","follow":"follow","max-snippet":"max-snippet:-1","max-image-preview":"max-image-preview:large","max-video-preview":"max-video-preview:-1"},"og_locale":"fr_FR","og_type":"article","og_title":"Les Jours","og_description":"Doctorante et professeure \u00e0 temps partiel, Marie-Philip aime les chats et Harry Potter. Mais une semaine avant sa f\u00eate de 29 ans, la jeune femme apprend qu\u2019elle a le cancer du sein. Durant un an, sans fausse pudeur, nous l\u2019accompagnons dans chacune des \u00e9tapes tandis qu\u2019elle se confie avec une honn\u00eatet\u00e9 bouleversante. Une ode \u00e0 la vie, au courage et \u00e0 la r\u00e9silience de toutes celles qui se battent quotidiennement contre la maladie.","og_url":"https:\/\/maison4tiers.com\/ecrans-solidaires\/product\/les-jours\/","og_site_name":"\u00c9crans solidaires","article_modified_time":"2024-05-06T20:15:18+00:00","og_image":[{"width":1772,"height":2560,"url":"https:\/\/maison4tiers.com\/ecrans-solidaires\/wp-content\/uploads\/sites\/76\/2023\/10\/Jours_affiche_WEB_LR-scaled.jpg","type":"image\/jpeg"}],"twitter_card":"summary_large_image","twitter_title":"Les Jours","twitter_description":"Doctorante et professeure \u00e0 temps partiel, Marie-Philip aime les chats et Harry Potter. Mais une semaine avant sa f\u00eate de 29 ans, la jeune femme apprend qu\u2019elle a le cancer du sein. Durant un an, sans fausse pudeur, nous l\u2019accompagnons dans chacune des \u00e9tapes tandis qu\u2019elle se confie avec une honn\u00eatet\u00e9 bouleversante. Une ode \u00e0 la vie, au courage et \u00e0 la r\u00e9silience de toutes celles qui se battent quotidiennement contre la maladie.","twitter_image":"https:\/\/maison4tiers.com\/ecrans-solidaires\/wp-content\/uploads\/sites\/76\/2023\/10\/Jours_affiche_WEB_LR-scaled.jpg","schema":{"@context":"https:\/\/schema.org","@graph":[{"@type":"WebPage","@id":"https:\/\/maison4tiers.com\/ecrans-solidaires\/product\/les-jours\/","url":"https:\/\/maison4tiers.com\/ecrans-solidaires\/product\/les-jours\/","name":"Les Jours - \u00c9crans solidaires - Film Qu\u00e9b\u00e9cois - Maintenant disponible! - Regarder le film","isPartOf":{"@id":"https:\/\/maison4tiers.com\/ecrans-solidaires\/#website"},"primaryImageOfPage":{"@id":"https:\/\/maison4tiers.com\/ecrans-solidaires\/product\/les-jours\/#primaryimage"},"image":{"@id":"https:\/\/maison4tiers.com\/ecrans-solidaires\/product\/les-jours\/#primaryimage"},"thumbnailUrl":"https:\/\/maison4tiers.com\/ecrans-solidaires\/wp-content\/uploads\/sites\/76\/2023\/10\/Jours_affiche_WEB_LR-scaled.jpg","datePublished":"2023-10-26T17:17:07+00:00","dateModified":"2024-05-06T20:15:18+00:00","description":"Les Jours - Une semaine avant ses 29 ans, Marie-Philip apprend qu\u2019elle a le cancer du sein. Une ode \u00e0 la vie, au courage et \u00e0 la r\u00e9silience des battantes.","breadcrumb":{"@id":"https:\/\/maison4tiers.com\/ecrans-solidaires\/product\/les-jours\/#breadcrumb"},"inLanguage":"fr-FR","potentialAction":[{"@type":"ReadAction","target":["https:\/\/maison4tiers.com\/ecrans-solidaires\/product\/les-jours\/"]}]},{"@type":"ImageObject","inLanguage":"fr-FR","@id":"https:\/\/maison4tiers.com\/ecrans-solidaires\/product\/les-jours\/#primaryimage","url":"https:\/\/maison4tiers.com\/ecrans-solidaires\/wp-content\/uploads\/sites\/76\/2023\/10\/Jours_affiche_WEB_LR-scaled.jpg","contentUrl":"https:\/\/maison4tiers.com\/ecrans-solidaires\/wp-content\/uploads\/sites\/76\/2023\/10\/Jours_affiche_WEB_LR-scaled.jpg","width":1772,"height":2560},{"@type":"BreadcrumbList","@id":"https:\/\/maison4tiers.com\/ecrans-solidaires\/product\/les-jours\/#breadcrumb","itemListElement":[{"@type":"ListItem","position":1,"name":"Home","item":"https:\/\/maison4tiers.com\/ecrans-solidaires\/"},{"@type":"ListItem","position":2,"name":"Films","item":"https:\/\/maison4tiers.com\/ecrans-solidaires\/films\/"},{"@type":"ListItem","position":3,"name":"Les Jours"}]},{"@type":"WebSite","@id":"https:\/\/maison4tiers.com\/ecrans-solidaires\/#website","url":"https:\/\/maison4tiers.com\/ecrans-solidaires\/","name":"\u00c9crans solidaires","description":"Distribution multiplateforme de films qu\u00e9b\u00e9cois et internationaux","publisher":{"@id":"https:\/\/maison4tiers.com\/ecrans-solidaires\/#organization"},"potentialAction":[{"@type":"SearchAction","target":{"@type":"EntryPoint","urlTemplate":"https:\/\/maison4tiers.com\/ecrans-solidaires\/?s={search_term_string}"},"query-input":{"@type":"PropertyValueSpecification","valueRequired":true,"valueName":"search_term_string"}}],"inLanguage":"fr-FR"},{"@type":"Organization","@id":"https:\/\/maison4tiers.com\/ecrans-solidaires\/#organization","name":"\u00c9crans solidaires","url":"https:\/\/maison4tiers.com\/ecrans-solidaires\/","logo":{"@type":"ImageObject","inLanguage":"fr-FR","@id":"https:\/\/maison4tiers.com\/ecrans-solidaires\/#\/schema\/logo\/image\/","url":"https:\/\/maison4tiers.com\/ecrans-solidaires\/wp-content\/uploads\/sites\/76\/2020\/11\/favicon-196.png","contentUrl":"https:\/\/maison4tiers.com\/ecrans-solidaires\/wp-content\/uploads\/sites\/76\/2020\/11\/favicon-196.png","width":196,"height":196,"caption":"\u00c9crans solidaires"},"image":{"@id":"https:\/\/maison4tiers.com\/ecrans-solidaires\/#\/schema\/logo\/image\/"}}]}},"jetpack_sharing_enabled":true,"_links":{"self":[{"href":"https:\/\/maison4tiers.com\/ecrans-solidaires\/wp-json\/wp\/v2\/product\/18856","targetHints":{"allow":["GET"]}}],"collection":[{"href":"https:\/\/maison4tiers.com\/ecrans-solidaires\/wp-json\/wp\/v2\/product"}],"about":[{"href":"https:\/\/maison4tiers.com\/ecrans-solidaires\/wp-json\/wp\/v2\/types\/product"}],"wp:featuredmedia":[{"embeddable":true,"href":"https:\/\/maison4tiers.com\/ecrans-solidaires\/wp-json\/wp\/v2\/media\/18872"}],"wp:attachment":[{"href":"https:\/\/maison4tiers.com\/ecrans-solidaires\/wp-json\/wp\/v2\/media?parent=18856"}],"wp:term":[{"taxonomy":"product_brand","embeddable":true,"href":"https:\/\/maison4tiers.com\/ecrans-solidaires\/wp-json\/wp\/v2\/product_brand?post=18856"},{"taxonomy":"product_cat","embeddable":true,"href":"https:\/\/maison4tiers.com\/ecrans-solidaires\/wp-json\/wp\/v2\/product_cat?post=18856"},{"taxonomy":"product_tag","embeddable":true,"href":"https:\/\/maison4tiers.com\/ecrans-solidaires\/wp-json\/wp\/v2\/product_tag?post=18856"}],"curies":[{"name":"wp","href":"https:\/\/api.w.org\/{rel}","templated":true}]}}