{"id":18217,"date":"2023-09-28T14:30:02","date_gmt":"2023-09-28T18:30:02","guid":{"rendered":"https:\/\/maison4tiers.com\/?post_type=product&#038;p=18217"},"modified":"2024-09-24T10:55:51","modified_gmt":"2024-09-24T14:55:51","slug":"respectable","status":"publish","type":"product","link":"https:\/\/maison4tiers.com\/ecrans-solidaires\/product\/respectable\/","title":{"rendered":"Une Femme Respectable"},"excerpt":{"rendered":"<h4><strong>MAINTENANT DISPONIBLE EN DVD ET VID\u00c9O SUR DEMANDE!<\/strong><\/h4>\n<p>Trois-Rivi\u00e8res, ann\u00e9es trente. Une femme s\u00e9par\u00e9e de son mari depuis onze ans le reprend chez elle \u00e0 la mort de sa concubine. Il am\u00e8ne avec lui les trois fillettes qu\u2019il a eues de sa deuxi\u00e8me union.<\/p>\n<blockquote><p><em>\u00ab Exquis sur le plan formel,\u00a0<i>Une femme respectable<\/i>\u00a0est peut-\u00eatre le plus abouti des films de Bernard \u00c9mond, visuellement parlant. Ce n\u2019est pas peu dire.\u00bb<br \/>\n<\/em><a href=\"https:\/\/www.ledevoir.com\/culture\/cinema\/796419\/cinema-une-femme-respectable-tiraillee-entre-desir-et-devoir\" target=\"_blank\" rel=\"noopener\">\u2605\u2605\u2605\u2605<strong>\u00a0\u2013 LE DEVOIR<\/strong><\/a><\/p>\n<p><em>\u00ab Les deux com\u00e9diens offrent des performances \u00e0 la fois intenses et tout en retenue dans\u00a0<i>Une femme respectable<\/i>, film d\u2019\u00e9poque transpos\u00e9 dans le Trois-Rivi\u00e8res des ann\u00e9es 30. \u00bb<\/em><br \/>\n<a href=\"https:\/\/www.lesoleil.com\/arts\/cinema\/2023\/08\/10\/bernard-emond-presente-emune-femme-respectableem-et-50-nuances-de-sentiments-R6PH6ODZGJAK5PGRJW74OONDRI\/\" target=\"_blank\" rel=\"noopener\"><strong>\u00a0\u2013 LE SOLEIL<\/strong><\/a><\/p>\n<p><em>\u00ab Un film qui a une r\u00e9sonance aujourd\u2019hui. \u00bb<\/em><br \/>\n<a href=\"https:\/\/ici.radio-canada.ca\/nouvelle\/1992002\/femme-respectable-premiere-mondiale-helene-florent-bernard-emond\" target=\"_blank\" rel=\"noopener\"><strong>\u2013 RADIO-CANADA<\/strong><\/a><\/p><\/blockquote>\n<p><a href=\"https:\/\/maison4tiers.com\/categorie-produit\/film\/quebecois\/?_ga=2.212334422.355675197.1696274666-2119137250.1661195295\" target=\"_blank\" rel=\"noopener\"><span style=\"text-decoration: underline;\">Voir les autres films qu\u00e9becois<\/span><\/a><\/p>\n<p>*Disponible au Canada seulement<\/p>\n","protected":false},"featured_media":18224,"template":"","meta":{"_acf_changed":false,"_eb_attr":""},"product_brand":[],"product_cat":[105,120,45,119,136,131,142],"product_tag":[948,947,956,955,211,951,276,328,157,957,946,866,245,952,189,950,777,954,949,953,151],"class_list":{"0":"post-18217","1":"product","2":"type-product","3":"status-publish","4":"has-post-thumbnail","6":"product_cat-drame","7":"product_cat-fiction","8":"product_cat-film","9":"product_cat-quebecois","10":"product_cat-dvd","11":"product_cat-touslesfilms","12":"product_cat-numerique","13":"product_tag-948","14":"product_tag-bernard-emond","15":"product_tag-clerge","16":"product_tag-concubinage","17":"product_tag-couple","18":"product_tag-drama","19":"product_tag-drame","20":"product_tag-famille","21":"product_tag-femme","22":"product_tag-fidelite","23":"product_tag-helene-florent","24":"product_tag-hiver","25":"product_tag-maternite","26":"product_tag-period-piece","27":"product_tag-quebec","28":"product_tag-region","29":"product_tag-religion","30":"product_tag-trois-rivieres","31":"product_tag-union","32":"product_tag-winter","33":"product_tag-woman","35":"first","36":"instock","37":"taxable","38":"shipping-taxable","39":"purchasable","40":"product-type-variable","41":"has-default-attributes"},"acf":[],"yoast_head":"<!-- This site is optimized with the Yoast SEO plugin v27.0 - https:\/\/yoast.com\/product\/yoast-seo-wordpress\/ -->\n<title>Une Femme Respectable - \u00c9crans solidaires - Voir le film d\u00e8s maintenant!<\/title>\n<meta name=\"description\" content=\"Une Femme Respectable - Trois-Rivi\u00e8res, ann\u00e9es trente. Une femme s\u00e9par\u00e9e de son mari depuis onze ans le reprend chez elle \u00e0 la mort de sa concubine.\" \/>\n<meta name=\"robots\" content=\"noindex, follow, max-snippet:-1, max-image-preview:large, max-video-preview:-1\" \/>\n<meta property=\"og:locale\" content=\"fr_FR\" \/>\n<meta property=\"og:type\" content=\"article\" \/>\n<meta property=\"og:title\" content=\"Une Femme Respectable - \u00c9crans solidaires - Voir le film d\u00e8s maintenant!\" \/>\n<meta property=\"og:description\" content=\"Une Femme Respectable - Trois-Rivi\u00e8res, ann\u00e9es trente. Une femme s\u00e9par\u00e9e de son mari depuis onze ans le reprend chez elle \u00e0 la mort de sa concubine.\" \/>\n<meta property=\"og:url\" content=\"https:\/\/maison4tiers.com\/ecrans-solidaires\/product\/respectable\/\" \/>\n<meta property=\"og:site_name\" content=\"\u00c9crans solidaires\" \/>\n<meta property=\"article:modified_time\" content=\"2024-09-24T14:55:51+00:00\" \/>\n<meta property=\"og:image\" content=\"https:\/\/maison4tiers.com\/ecrans-solidaires\/wp-content\/uploads\/sites\/76\/2023\/09\/FemmeRespectable_2_27x39_LR-scaled.jpg\" \/>\n\t<meta property=\"og:image:width\" content=\"1772\" \/>\n\t<meta property=\"og:image:height\" content=\"2560\" \/>\n\t<meta property=\"og:image:type\" content=\"image\/jpeg\" \/>\n<meta name=\"twitter:card\" content=\"summary_large_image\" \/>\n<meta name=\"twitter:label1\" content=\"Dur\u00e9e de lecture estim\u00e9e\" \/>\n\t<meta name=\"twitter:data1\" content=\"1 minute\" \/>\n<script type=\"application\/ld+json\" class=\"yoast-schema-graph\">{\"@context\":\"https:\/\/schema.org\",\"@graph\":[{\"@type\":\"WebPage\",\"@id\":\"https:\/\/maison4tiers.com\/ecrans-solidaires\/product\/respectable\/\",\"url\":\"https:\/\/maison4tiers.com\/ecrans-solidaires\/product\/respectable\/\",\"name\":\"Une Femme Respectable - \u00c9crans solidaires - Voir le film d\u00e8s maintenant!\",\"isPartOf\":{\"@id\":\"https:\/\/maison4tiers.com\/ecrans-solidaires\/#website\"},\"primaryImageOfPage\":{\"@id\":\"https:\/\/maison4tiers.com\/ecrans-solidaires\/product\/respectable\/#primaryimage\"},\"image\":{\"@id\":\"https:\/\/maison4tiers.com\/ecrans-solidaires\/product\/respectable\/#primaryimage\"},\"thumbnailUrl\":\"https:\/\/maison4tiers.com\/ecrans-solidaires\/wp-content\/uploads\/sites\/76\/2023\/09\/FemmeRespectable_2_27x39_LR-scaled.jpg\",\"datePublished\":\"2023-09-28T18:30:02+00:00\",\"dateModified\":\"2024-09-24T14:55:51+00:00\",\"description\":\"Une Femme Respectable - Trois-Rivi\u00e8res, ann\u00e9es trente. Une femme s\u00e9par\u00e9e de son mari depuis onze ans le reprend chez elle \u00e0 la mort de sa concubine.\",\"breadcrumb\":{\"@id\":\"https:\/\/maison4tiers.com\/ecrans-solidaires\/product\/respectable\/#breadcrumb\"},\"inLanguage\":\"fr-FR\",\"potentialAction\":[{\"@type\":\"ReadAction\",\"target\":[\"https:\/\/maison4tiers.com\/ecrans-solidaires\/product\/respectable\/\"]}]},{\"@type\":\"ImageObject\",\"inLanguage\":\"fr-FR\",\"@id\":\"https:\/\/maison4tiers.com\/ecrans-solidaires\/product\/respectable\/#primaryimage\",\"url\":\"https:\/\/maison4tiers.com\/ecrans-solidaires\/wp-content\/uploads\/sites\/76\/2023\/09\/FemmeRespectable_2_27x39_LR-scaled.jpg\",\"contentUrl\":\"https:\/\/maison4tiers.com\/ecrans-solidaires\/wp-content\/uploads\/sites\/76\/2023\/09\/FemmeRespectable_2_27x39_LR-scaled.jpg\",\"width\":1772,\"height\":2560},{\"@type\":\"BreadcrumbList\",\"@id\":\"https:\/\/maison4tiers.com\/ecrans-solidaires\/product\/respectable\/#breadcrumb\",\"itemListElement\":[{\"@type\":\"ListItem\",\"position\":1,\"name\":\"Home\",\"item\":\"https:\/\/maison4tiers.com\/ecrans-solidaires\/\"},{\"@type\":\"ListItem\",\"position\":2,\"name\":\"Films\",\"item\":\"https:\/\/maison4tiers.com\/ecrans-solidaires\/films\/\"},{\"@type\":\"ListItem\",\"position\":3,\"name\":\"Une Femme Respectable\"}]},{\"@type\":\"WebSite\",\"@id\":\"https:\/\/maison4tiers.com\/ecrans-solidaires\/#website\",\"url\":\"https:\/\/maison4tiers.com\/ecrans-solidaires\/\",\"name\":\"\u00c9crans solidaires\",\"description\":\"Distribution multiplateforme de films qu\u00e9b\u00e9cois et internationaux\",\"publisher\":{\"@id\":\"https:\/\/maison4tiers.com\/ecrans-solidaires\/#organization\"},\"potentialAction\":[{\"@type\":\"SearchAction\",\"target\":{\"@type\":\"EntryPoint\",\"urlTemplate\":\"https:\/\/maison4tiers.com\/ecrans-solidaires\/?s={search_term_string}\"},\"query-input\":{\"@type\":\"PropertyValueSpecification\",\"valueRequired\":true,\"valueName\":\"search_term_string\"}}],\"inLanguage\":\"fr-FR\"},{\"@type\":\"Organization\",\"@id\":\"https:\/\/maison4tiers.com\/ecrans-solidaires\/#organization\",\"name\":\"\u00c9crans solidaires\",\"url\":\"https:\/\/maison4tiers.com\/ecrans-solidaires\/\",\"logo\":{\"@type\":\"ImageObject\",\"inLanguage\":\"fr-FR\",\"@id\":\"https:\/\/maison4tiers.com\/ecrans-solidaires\/#\/schema\/logo\/image\/\",\"url\":\"https:\/\/maison4tiers.com\/ecrans-solidaires\/wp-content\/uploads\/sites\/76\/2020\/11\/favicon-196.png\",\"contentUrl\":\"https:\/\/maison4tiers.com\/ecrans-solidaires\/wp-content\/uploads\/sites\/76\/2020\/11\/favicon-196.png\",\"width\":196,\"height\":196,\"caption\":\"\u00c9crans solidaires\"},\"image\":{\"@id\":\"https:\/\/maison4tiers.com\/ecrans-solidaires\/#\/schema\/logo\/image\/\"}}]}<\/script>\n<!-- \/ Yoast SEO plugin. -->","yoast_head_json":{"title":"Une Femme Respectable - \u00c9crans solidaires - Voir le film d\u00e8s maintenant!","description":"Une Femme Respectable - Trois-Rivi\u00e8res, ann\u00e9es trente. Une femme s\u00e9par\u00e9e de son mari depuis onze ans le reprend chez elle \u00e0 la mort de sa concubine.","robots":{"index":"noindex","follow":"follow","max-snippet":"max-snippet:-1","max-image-preview":"max-image-preview:large","max-video-preview":"max-video-preview:-1"},"og_locale":"fr_FR","og_type":"article","og_title":"Une Femme Respectable - \u00c9crans solidaires - Voir le film d\u00e8s maintenant!","og_description":"Une Femme Respectable - Trois-Rivi\u00e8res, ann\u00e9es trente. Une femme s\u00e9par\u00e9e de son mari depuis onze ans le reprend chez elle \u00e0 la mort de sa concubine.","og_url":"https:\/\/maison4tiers.com\/ecrans-solidaires\/product\/respectable\/","og_site_name":"\u00c9crans solidaires","article_modified_time":"2024-09-24T14:55:51+00:00","og_image":[{"width":1772,"height":2560,"url":"https:\/\/maison4tiers.com\/ecrans-solidaires\/wp-content\/uploads\/sites\/76\/2023\/09\/FemmeRespectable_2_27x39_LR-scaled.jpg","type":"image\/jpeg"}],"twitter_card":"summary_large_image","twitter_misc":{"Dur\u00e9e de lecture estim\u00e9e":"1 minute"},"schema":{"@context":"https:\/\/schema.org","@graph":[{"@type":"WebPage","@id":"https:\/\/maison4tiers.com\/ecrans-solidaires\/product\/respectable\/","url":"https:\/\/maison4tiers.com\/ecrans-solidaires\/product\/respectable\/","name":"Une Femme Respectable - \u00c9crans solidaires - Voir le film d\u00e8s maintenant!","isPartOf":{"@id":"https:\/\/maison4tiers.com\/ecrans-solidaires\/#website"},"primaryImageOfPage":{"@id":"https:\/\/maison4tiers.com\/ecrans-solidaires\/product\/respectable\/#primaryimage"},"image":{"@id":"https:\/\/maison4tiers.com\/ecrans-solidaires\/product\/respectable\/#primaryimage"},"thumbnailUrl":"https:\/\/maison4tiers.com\/ecrans-solidaires\/wp-content\/uploads\/sites\/76\/2023\/09\/FemmeRespectable_2_27x39_LR-scaled.jpg","datePublished":"2023-09-28T18:30:02+00:00","dateModified":"2024-09-24T14:55:51+00:00","description":"Une Femme Respectable - Trois-Rivi\u00e8res, ann\u00e9es trente. Une femme s\u00e9par\u00e9e de son mari depuis onze ans le reprend chez elle \u00e0 la mort de sa concubine.","breadcrumb":{"@id":"https:\/\/maison4tiers.com\/ecrans-solidaires\/product\/respectable\/#breadcrumb"},"inLanguage":"fr-FR","potentialAction":[{"@type":"ReadAction","target":["https:\/\/maison4tiers.com\/ecrans-solidaires\/product\/respectable\/"]}]},{"@type":"ImageObject","inLanguage":"fr-FR","@id":"https:\/\/maison4tiers.com\/ecrans-solidaires\/product\/respectable\/#primaryimage","url":"https:\/\/maison4tiers.com\/ecrans-solidaires\/wp-content\/uploads\/sites\/76\/2023\/09\/FemmeRespectable_2_27x39_LR-scaled.jpg","contentUrl":"https:\/\/maison4tiers.com\/ecrans-solidaires\/wp-content\/uploads\/sites\/76\/2023\/09\/FemmeRespectable_2_27x39_LR-scaled.jpg","width":1772,"height":2560},{"@type":"BreadcrumbList","@id":"https:\/\/maison4tiers.com\/ecrans-solidaires\/product\/respectable\/#breadcrumb","itemListElement":[{"@type":"ListItem","position":1,"name":"Home","item":"https:\/\/maison4tiers.com\/ecrans-solidaires\/"},{"@type":"ListItem","position":2,"name":"Films","item":"https:\/\/maison4tiers.com\/ecrans-solidaires\/films\/"},{"@type":"ListItem","position":3,"name":"Une Femme Respectable"}]},{"@type":"WebSite","@id":"https:\/\/maison4tiers.com\/ecrans-solidaires\/#website","url":"https:\/\/maison4tiers.com\/ecrans-solidaires\/","name":"\u00c9crans solidaires","description":"Distribution multiplateforme de films qu\u00e9b\u00e9cois et internationaux","publisher":{"@id":"https:\/\/maison4tiers.com\/ecrans-solidaires\/#organization"},"potentialAction":[{"@type":"SearchAction","target":{"@type":"EntryPoint","urlTemplate":"https:\/\/maison4tiers.com\/ecrans-solidaires\/?s={search_term_string}"},"query-input":{"@type":"PropertyValueSpecification","valueRequired":true,"valueName":"search_term_string"}}],"inLanguage":"fr-FR"},{"@type":"Organization","@id":"https:\/\/maison4tiers.com\/ecrans-solidaires\/#organization","name":"\u00c9crans solidaires","url":"https:\/\/maison4tiers.com\/ecrans-solidaires\/","logo":{"@type":"ImageObject","inLanguage":"fr-FR","@id":"https:\/\/maison4tiers.com\/ecrans-solidaires\/#\/schema\/logo\/image\/","url":"https:\/\/maison4tiers.com\/ecrans-solidaires\/wp-content\/uploads\/sites\/76\/2020\/11\/favicon-196.png","contentUrl":"https:\/\/maison4tiers.com\/ecrans-solidaires\/wp-content\/uploads\/sites\/76\/2020\/11\/favicon-196.png","width":196,"height":196,"caption":"\u00c9crans solidaires"},"image":{"@id":"https:\/\/maison4tiers.com\/ecrans-solidaires\/#\/schema\/logo\/image\/"}}]}},"jetpack_sharing_enabled":true,"_links":{"self":[{"href":"https:\/\/maison4tiers.com\/ecrans-solidaires\/wp-json\/wp\/v2\/product\/18217","targetHints":{"allow":["GET"]}}],"collection":[{"href":"https:\/\/maison4tiers.com\/ecrans-solidaires\/wp-json\/wp\/v2\/product"}],"about":[{"href":"https:\/\/maison4tiers.com\/ecrans-solidaires\/wp-json\/wp\/v2\/types\/product"}],"wp:featuredmedia":[{"embeddable":true,"href":"https:\/\/maison4tiers.com\/ecrans-solidaires\/wp-json\/wp\/v2\/media\/18224"}],"wp:attachment":[{"href":"https:\/\/maison4tiers.com\/ecrans-solidaires\/wp-json\/wp\/v2\/media?parent=18217"}],"wp:term":[{"taxonomy":"product_brand","embeddable":true,"href":"https:\/\/maison4tiers.com\/ecrans-solidaires\/wp-json\/wp\/v2\/product_brand?post=18217"},{"taxonomy":"product_cat","embeddable":true,"href":"https:\/\/maison4tiers.com\/ecrans-solidaires\/wp-json\/wp\/v2\/product_cat?post=18217"},{"taxonomy":"product_tag","embeddable":true,"href":"https:\/\/maison4tiers.com\/ecrans-solidaires\/wp-json\/wp\/v2\/product_tag?post=18217"}],"curies":[{"name":"wp","href":"https:\/\/api.w.org\/{rel}","templated":true}]}}