{"id":17684,"date":"2023-08-29T14:50:06","date_gmt":"2023-08-29T18:50:06","guid":{"rendered":"https:\/\/maison4tiers.com\/?post_type=product&#038;p=17684"},"modified":"2024-05-06T16:09:09","modified_gmt":"2024-05-06T20:09:09","slug":"compagnons","status":"publish","type":"product","link":"https:\/\/maison4tiers.com\/ecrans-solidaires\/product\/compagnons\/","title":{"rendered":"Compagnons"},"excerpt":{"rendered":"<p>\u00c0 19 ans, passionn\u00e9e de street art, Na\u00eblle est contrainte de suivre avec d\u2019autres jeunes un chantier de r\u00e9insertion, sa derni\u00e8re chance pour \u00e9viter d\u2019\u00eatre s\u00e9par\u00e9e de ses proches. Touch\u00e9e par la jeune fille, H\u00e9l\u00e8ne, la responsable du chantier, lui pr\u00e9sente un jour la maison des Compagnons de Nantes, un monde de traditions qui pr\u00f4ne l\u2019excellence artisanale et la transmission entre g\u00e9n\u00e9rations. Aux c\u00f4t\u00e9s de Paul, Compagnon vitrailliste qui accepte de la prendre en formation dans son atelier, Na\u00eblle d\u00e9couvre un univers aux codes bien diff\u00e9rents du sien&#8230; qui, malgr\u00e9 les difficult\u00e9s, pourrait donner un nouveau sens \u00e0 sa vie.<\/p>\n<blockquote><p><em>\u00ab Il y a beaucoup de joie \u00e0 regarder ce film qui expose, avec autant de na\u00efvet\u00e9 que de justesse, une urgente volont\u00e9 du vivre ensemble. \u00bb<br \/>\n<\/em><a href=\"https:\/\/www.allocine.fr\/film\/fichefilm_gen_cfilm=285065.html\" target=\"_blank\" rel=\"noopener\">\u2605\u2605\u2605\u2605<strong>\u00a0\u2013 ALLOCIN\u00c9<\/strong><\/a><\/p>\n<p><a href=\"https:\/\/www.senscritique.com\/film\/compagnons\/44292711\" target=\"_blank\" rel=\"noopener\">\u2605\u2605\u2605<strong> \u2013 SENS CRITIQUE<\/strong><\/a><\/p><\/blockquote>\n<p><a href=\"https:\/\/maison4tiers.com\/categorie-produit\/film\/societe\/?_ga=2.199884909.234387812.1693512355-2119137250.1661195295\" target=\"_blank\" rel=\"noopener\"><span style=\"text-decoration: underline;\">Voir les autres films de Soci\u00e9t\u00e9<\/span><\/a><\/p>\n<p>*Disponible au Canada seulement<\/p>\n","protected":false},"featured_media":17712,"template":"","meta":{"_acf_changed":false,"_eb_attr":""},"product_brand":[],"product_cat":[105,120,45,122,121,131,142],"product_tag":[672,885,638,893,894,882,881,892,203,883,890,895,891,889,884,886,898,899,347,887,896,897,888],"class_list":{"0":"post-17684","1":"product","2":"type-product","3":"status-publish","4":"has-post-thumbnail","6":"product_cat-drame","7":"product_cat-fiction","8":"product_cat-film","9":"product_cat-reflexion","10":"product_cat-societe","11":"product_cat-touslesfilms","12":"product_cat-numerique","13":"product_tag-adolescence","14":"product_tag-agnes-jaoui","15":"product_tag-art","16":"product_tag-cie","17":"product_tag-cites","18":"product_tag-compagnon","19":"product_tag-compagnons","20":"product_tag-emploi","21":"product_tag-france","22":"product_tag-francois-favrat","23":"product_tag-kevin-boudeau","24":"product_tag-mentorat","25":"product_tag-metier","26":"product_tag-mouad-habrani","27":"product_tag-najaa","28":"product_tag-pio-marmai","29":"product_tag-rosace","30":"product_tag-rosaces","31":"product_tag-societe","32":"product_tag-soriba-dabo","33":"product_tag-vitrail","34":"product_tag-vitraux","35":"product_tag-youssouf-wague","37":"first","38":"instock","39":"taxable","40":"shipping-taxable","41":"purchasable","42":"product-type-variable","43":"has-default-attributes"},"acf":[],"yoast_head":"<!-- This site is optimized with the Yoast SEO plugin v27.0 - https:\/\/yoast.com\/product\/yoast-seo-wordpress\/ -->\n<title>Compagnons - \u00c9crans solidaires - Regardez le film de Fran\u00e7ois Favrat d\u00e8s maintenant! -<\/title>\n<meta name=\"description\" content=\"Compagnons - Na\u00eblle est contrainte de suivre avec d\u2019autres jeunes un chantier de r\u00e9insertion, sa derni\u00e8re chance pour \u00e9viter d\u2019\u00eatre s\u00e9par\u00e9e de ses proches.\" \/>\n<meta name=\"robots\" content=\"noindex, follow, max-snippet:-1, max-image-preview:large, max-video-preview:-1\" \/>\n<meta property=\"og:locale\" content=\"fr_FR\" \/>\n<meta property=\"og:type\" content=\"article\" \/>\n<meta property=\"og:title\" content=\"Compagnons\" \/>\n<meta property=\"og:description\" content=\"\u00c0 19 ans, passionn\u00e9e de street art, Na\u00eblle est contrainte de suivre avec d\u2019autres jeunes un chantier de r\u00e9insertion, sa derni\u00e8re chance pour \u00e9viter d\u2019\u00eatre s\u00e9par\u00e9e de ses proches. Touch\u00e9e par la jeune fille, H\u00e9l\u00e8ne, la responsable du chantier, lui pr\u00e9sente un jour la maison des Compagnons de Nantes, un monde de traditions qui pr\u00f4ne l\u2019excellence artisanale et la transmission entre g\u00e9n\u00e9rations. Aux c\u00f4t\u00e9s de Paul, Compagnon vitrailliste qui accepte de la prendre en formation dans son atelier, Na\u00eblle d\u00e9couvre un univers aux codes bien diff\u00e9rents du sien... qui, malgr\u00e9 les difficult\u00e9s, pourrait donner un nouveau sens \u00e0 sa vie.\" \/>\n<meta property=\"og:url\" content=\"https:\/\/maison4tiers.com\/ecrans-solidaires\/product\/compagnons\/\" \/>\n<meta property=\"og:site_name\" content=\"\u00c9crans solidaires\" \/>\n<meta property=\"article:modified_time\" content=\"2024-05-06T20:09:09+00:00\" \/>\n<meta property=\"og:image\" content=\"https:\/\/maison4tiers.com\/ecrans-solidaires\/wp-content\/uploads\/sites\/76\/2023\/08\/Compagnons_affiche_27x39_HR-scaled.jpg\" \/>\n\t<meta property=\"og:image:width\" content=\"1772\" \/>\n\t<meta property=\"og:image:height\" content=\"2560\" \/>\n\t<meta property=\"og:image:type\" content=\"image\/jpeg\" \/>\n<meta name=\"twitter:card\" content=\"summary_large_image\" \/>\n<meta name=\"twitter:title\" content=\"Compagnons\" \/>\n<meta name=\"twitter:description\" content=\"\u00c0 19 ans, passionn\u00e9e de street art, Na\u00eblle est contrainte de suivre avec d\u2019autres jeunes un chantier de r\u00e9insertion, sa derni\u00e8re chance pour \u00e9viter d\u2019\u00eatre s\u00e9par\u00e9e de ses proches. Touch\u00e9e par la jeune fille, H\u00e9l\u00e8ne, la responsable du chantier, lui pr\u00e9sente un jour la maison des Compagnons de Nantes, un monde de traditions qui pr\u00f4ne l\u2019excellence artisanale et la transmission entre g\u00e9n\u00e9rations. Aux c\u00f4t\u00e9s de Paul, Compagnon vitrailliste qui accepte de la prendre en formation dans son atelier, Na\u00eblle d\u00e9couvre un univers aux codes bien diff\u00e9rents du sien... qui, malgr\u00e9 les difficult\u00e9s, pourrait donner un nouveau sens \u00e0 sa vie.\" \/>\n<meta name=\"twitter:image\" content=\"https:\/\/maison4tiers.com\/ecrans-solidaires\/wp-content\/uploads\/sites\/76\/2023\/08\/Compagnons_affiche_27x39_HR-scaled.jpg\" \/>\n<script type=\"application\/ld+json\" class=\"yoast-schema-graph\">{\"@context\":\"https:\/\/schema.org\",\"@graph\":[{\"@type\":\"WebPage\",\"@id\":\"https:\/\/maison4tiers.com\/ecrans-solidaires\/product\/compagnons\/\",\"url\":\"https:\/\/maison4tiers.com\/ecrans-solidaires\/product\/compagnons\/\",\"name\":\"Compagnons - \u00c9crans solidaires - Regardez le film de Fran\u00e7ois Favrat d\u00e8s maintenant! -\",\"isPartOf\":{\"@id\":\"https:\/\/maison4tiers.com\/ecrans-solidaires\/#website\"},\"primaryImageOfPage\":{\"@id\":\"https:\/\/maison4tiers.com\/ecrans-solidaires\/product\/compagnons\/#primaryimage\"},\"image\":{\"@id\":\"https:\/\/maison4tiers.com\/ecrans-solidaires\/product\/compagnons\/#primaryimage\"},\"thumbnailUrl\":\"https:\/\/maison4tiers.com\/ecrans-solidaires\/wp-content\/uploads\/sites\/76\/2023\/08\/Compagnons_affiche_27x39_HR-scaled.jpg\",\"datePublished\":\"2023-08-29T18:50:06+00:00\",\"dateModified\":\"2024-05-06T20:09:09+00:00\",\"description\":\"Compagnons - Na\u00eblle est contrainte de suivre avec d\u2019autres jeunes un chantier de r\u00e9insertion, sa derni\u00e8re chance pour \u00e9viter d\u2019\u00eatre s\u00e9par\u00e9e de ses proches.\",\"breadcrumb\":{\"@id\":\"https:\/\/maison4tiers.com\/ecrans-solidaires\/product\/compagnons\/#breadcrumb\"},\"inLanguage\":\"fr-FR\",\"potentialAction\":[{\"@type\":\"ReadAction\",\"target\":[\"https:\/\/maison4tiers.com\/ecrans-solidaires\/product\/compagnons\/\"]}]},{\"@type\":\"ImageObject\",\"inLanguage\":\"fr-FR\",\"@id\":\"https:\/\/maison4tiers.com\/ecrans-solidaires\/product\/compagnons\/#primaryimage\",\"url\":\"https:\/\/maison4tiers.com\/ecrans-solidaires\/wp-content\/uploads\/sites\/76\/2023\/08\/Compagnons_affiche_27x39_HR-scaled.jpg\",\"contentUrl\":\"https:\/\/maison4tiers.com\/ecrans-solidaires\/wp-content\/uploads\/sites\/76\/2023\/08\/Compagnons_affiche_27x39_HR-scaled.jpg\",\"width\":1772,\"height\":2560},{\"@type\":\"BreadcrumbList\",\"@id\":\"https:\/\/maison4tiers.com\/ecrans-solidaires\/product\/compagnons\/#breadcrumb\",\"itemListElement\":[{\"@type\":\"ListItem\",\"position\":1,\"name\":\"Home\",\"item\":\"https:\/\/maison4tiers.com\/ecrans-solidaires\/\"},{\"@type\":\"ListItem\",\"position\":2,\"name\":\"Films\",\"item\":\"https:\/\/maison4tiers.com\/ecrans-solidaires\/films\/\"},{\"@type\":\"ListItem\",\"position\":3,\"name\":\"Compagnons\"}]},{\"@type\":\"WebSite\",\"@id\":\"https:\/\/maison4tiers.com\/ecrans-solidaires\/#website\",\"url\":\"https:\/\/maison4tiers.com\/ecrans-solidaires\/\",\"name\":\"\u00c9crans solidaires\",\"description\":\"Distribution multiplateforme de films qu\u00e9b\u00e9cois et internationaux\",\"publisher\":{\"@id\":\"https:\/\/maison4tiers.com\/ecrans-solidaires\/#organization\"},\"potentialAction\":[{\"@type\":\"SearchAction\",\"target\":{\"@type\":\"EntryPoint\",\"urlTemplate\":\"https:\/\/maison4tiers.com\/ecrans-solidaires\/?s={search_term_string}\"},\"query-input\":{\"@type\":\"PropertyValueSpecification\",\"valueRequired\":true,\"valueName\":\"search_term_string\"}}],\"inLanguage\":\"fr-FR\"},{\"@type\":\"Organization\",\"@id\":\"https:\/\/maison4tiers.com\/ecrans-solidaires\/#organization\",\"name\":\"\u00c9crans solidaires\",\"url\":\"https:\/\/maison4tiers.com\/ecrans-solidaires\/\",\"logo\":{\"@type\":\"ImageObject\",\"inLanguage\":\"fr-FR\",\"@id\":\"https:\/\/maison4tiers.com\/ecrans-solidaires\/#\/schema\/logo\/image\/\",\"url\":\"https:\/\/maison4tiers.com\/ecrans-solidaires\/wp-content\/uploads\/sites\/76\/2020\/11\/favicon-196.png\",\"contentUrl\":\"https:\/\/maison4tiers.com\/ecrans-solidaires\/wp-content\/uploads\/sites\/76\/2020\/11\/favicon-196.png\",\"width\":196,\"height\":196,\"caption\":\"\u00c9crans solidaires\"},\"image\":{\"@id\":\"https:\/\/maison4tiers.com\/ecrans-solidaires\/#\/schema\/logo\/image\/\"}}]}<\/script>\n<!-- \/ Yoast SEO plugin. -->","yoast_head_json":{"title":"Compagnons - \u00c9crans solidaires - Regardez le film de Fran\u00e7ois Favrat d\u00e8s maintenant! -","description":"Compagnons - Na\u00eblle est contrainte de suivre avec d\u2019autres jeunes un chantier de r\u00e9insertion, sa derni\u00e8re chance pour \u00e9viter d\u2019\u00eatre s\u00e9par\u00e9e de ses proches.","robots":{"index":"noindex","follow":"follow","max-snippet":"max-snippet:-1","max-image-preview":"max-image-preview:large","max-video-preview":"max-video-preview:-1"},"og_locale":"fr_FR","og_type":"article","og_title":"Compagnons","og_description":"\u00c0 19 ans, passionn\u00e9e de street art, Na\u00eblle est contrainte de suivre avec d\u2019autres jeunes un chantier de r\u00e9insertion, sa derni\u00e8re chance pour \u00e9viter d\u2019\u00eatre s\u00e9par\u00e9e de ses proches. Touch\u00e9e par la jeune fille, H\u00e9l\u00e8ne, la responsable du chantier, lui pr\u00e9sente un jour la maison des Compagnons de Nantes, un monde de traditions qui pr\u00f4ne l\u2019excellence artisanale et la transmission entre g\u00e9n\u00e9rations. Aux c\u00f4t\u00e9s de Paul, Compagnon vitrailliste qui accepte de la prendre en formation dans son atelier, Na\u00eblle d\u00e9couvre un univers aux codes bien diff\u00e9rents du sien... qui, malgr\u00e9 les difficult\u00e9s, pourrait donner un nouveau sens \u00e0 sa vie.","og_url":"https:\/\/maison4tiers.com\/ecrans-solidaires\/product\/compagnons\/","og_site_name":"\u00c9crans solidaires","article_modified_time":"2024-05-06T20:09:09+00:00","og_image":[{"width":1772,"height":2560,"url":"https:\/\/maison4tiers.com\/ecrans-solidaires\/wp-content\/uploads\/sites\/76\/2023\/08\/Compagnons_affiche_27x39_HR-scaled.jpg","type":"image\/jpeg"}],"twitter_card":"summary_large_image","twitter_title":"Compagnons","twitter_description":"\u00c0 19 ans, passionn\u00e9e de street art, Na\u00eblle est contrainte de suivre avec d\u2019autres jeunes un chantier de r\u00e9insertion, sa derni\u00e8re chance pour \u00e9viter d\u2019\u00eatre s\u00e9par\u00e9e de ses proches. Touch\u00e9e par la jeune fille, H\u00e9l\u00e8ne, la responsable du chantier, lui pr\u00e9sente un jour la maison des Compagnons de Nantes, un monde de traditions qui pr\u00f4ne l\u2019excellence artisanale et la transmission entre g\u00e9n\u00e9rations. Aux c\u00f4t\u00e9s de Paul, Compagnon vitrailliste qui accepte de la prendre en formation dans son atelier, Na\u00eblle d\u00e9couvre un univers aux codes bien diff\u00e9rents du sien... qui, malgr\u00e9 les difficult\u00e9s, pourrait donner un nouveau sens \u00e0 sa vie.","twitter_image":"https:\/\/maison4tiers.com\/ecrans-solidaires\/wp-content\/uploads\/sites\/76\/2023\/08\/Compagnons_affiche_27x39_HR-scaled.jpg","schema":{"@context":"https:\/\/schema.org","@graph":[{"@type":"WebPage","@id":"https:\/\/maison4tiers.com\/ecrans-solidaires\/product\/compagnons\/","url":"https:\/\/maison4tiers.com\/ecrans-solidaires\/product\/compagnons\/","name":"Compagnons - \u00c9crans solidaires - Regardez le film de Fran\u00e7ois Favrat d\u00e8s maintenant! -","isPartOf":{"@id":"https:\/\/maison4tiers.com\/ecrans-solidaires\/#website"},"primaryImageOfPage":{"@id":"https:\/\/maison4tiers.com\/ecrans-solidaires\/product\/compagnons\/#primaryimage"},"image":{"@id":"https:\/\/maison4tiers.com\/ecrans-solidaires\/product\/compagnons\/#primaryimage"},"thumbnailUrl":"https:\/\/maison4tiers.com\/ecrans-solidaires\/wp-content\/uploads\/sites\/76\/2023\/08\/Compagnons_affiche_27x39_HR-scaled.jpg","datePublished":"2023-08-29T18:50:06+00:00","dateModified":"2024-05-06T20:09:09+00:00","description":"Compagnons - Na\u00eblle est contrainte de suivre avec d\u2019autres jeunes un chantier de r\u00e9insertion, sa derni\u00e8re chance pour \u00e9viter d\u2019\u00eatre s\u00e9par\u00e9e de ses proches.","breadcrumb":{"@id":"https:\/\/maison4tiers.com\/ecrans-solidaires\/product\/compagnons\/#breadcrumb"},"inLanguage":"fr-FR","potentialAction":[{"@type":"ReadAction","target":["https:\/\/maison4tiers.com\/ecrans-solidaires\/product\/compagnons\/"]}]},{"@type":"ImageObject","inLanguage":"fr-FR","@id":"https:\/\/maison4tiers.com\/ecrans-solidaires\/product\/compagnons\/#primaryimage","url":"https:\/\/maison4tiers.com\/ecrans-solidaires\/wp-content\/uploads\/sites\/76\/2023\/08\/Compagnons_affiche_27x39_HR-scaled.jpg","contentUrl":"https:\/\/maison4tiers.com\/ecrans-solidaires\/wp-content\/uploads\/sites\/76\/2023\/08\/Compagnons_affiche_27x39_HR-scaled.jpg","width":1772,"height":2560},{"@type":"BreadcrumbList","@id":"https:\/\/maison4tiers.com\/ecrans-solidaires\/product\/compagnons\/#breadcrumb","itemListElement":[{"@type":"ListItem","position":1,"name":"Home","item":"https:\/\/maison4tiers.com\/ecrans-solidaires\/"},{"@type":"ListItem","position":2,"name":"Films","item":"https:\/\/maison4tiers.com\/ecrans-solidaires\/films\/"},{"@type":"ListItem","position":3,"name":"Compagnons"}]},{"@type":"WebSite","@id":"https:\/\/maison4tiers.com\/ecrans-solidaires\/#website","url":"https:\/\/maison4tiers.com\/ecrans-solidaires\/","name":"\u00c9crans solidaires","description":"Distribution multiplateforme de films qu\u00e9b\u00e9cois et internationaux","publisher":{"@id":"https:\/\/maison4tiers.com\/ecrans-solidaires\/#organization"},"potentialAction":[{"@type":"SearchAction","target":{"@type":"EntryPoint","urlTemplate":"https:\/\/maison4tiers.com\/ecrans-solidaires\/?s={search_term_string}"},"query-input":{"@type":"PropertyValueSpecification","valueRequired":true,"valueName":"search_term_string"}}],"inLanguage":"fr-FR"},{"@type":"Organization","@id":"https:\/\/maison4tiers.com\/ecrans-solidaires\/#organization","name":"\u00c9crans solidaires","url":"https:\/\/maison4tiers.com\/ecrans-solidaires\/","logo":{"@type":"ImageObject","inLanguage":"fr-FR","@id":"https:\/\/maison4tiers.com\/ecrans-solidaires\/#\/schema\/logo\/image\/","url":"https:\/\/maison4tiers.com\/ecrans-solidaires\/wp-content\/uploads\/sites\/76\/2020\/11\/favicon-196.png","contentUrl":"https:\/\/maison4tiers.com\/ecrans-solidaires\/wp-content\/uploads\/sites\/76\/2020\/11\/favicon-196.png","width":196,"height":196,"caption":"\u00c9crans solidaires"},"image":{"@id":"https:\/\/maison4tiers.com\/ecrans-solidaires\/#\/schema\/logo\/image\/"}}]}},"jetpack_sharing_enabled":true,"_links":{"self":[{"href":"https:\/\/maison4tiers.com\/ecrans-solidaires\/wp-json\/wp\/v2\/product\/17684","targetHints":{"allow":["GET"]}}],"collection":[{"href":"https:\/\/maison4tiers.com\/ecrans-solidaires\/wp-json\/wp\/v2\/product"}],"about":[{"href":"https:\/\/maison4tiers.com\/ecrans-solidaires\/wp-json\/wp\/v2\/types\/product"}],"wp:featuredmedia":[{"embeddable":true,"href":"https:\/\/maison4tiers.com\/ecrans-solidaires\/wp-json\/wp\/v2\/media\/17712"}],"wp:attachment":[{"href":"https:\/\/maison4tiers.com\/ecrans-solidaires\/wp-json\/wp\/v2\/media?parent=17684"}],"wp:term":[{"taxonomy":"product_brand","embeddable":true,"href":"https:\/\/maison4tiers.com\/ecrans-solidaires\/wp-json\/wp\/v2\/product_brand?post=17684"},{"taxonomy":"product_cat","embeddable":true,"href":"https:\/\/maison4tiers.com\/ecrans-solidaires\/wp-json\/wp\/v2\/product_cat?post=17684"},{"taxonomy":"product_tag","embeddable":true,"href":"https:\/\/maison4tiers.com\/ecrans-solidaires\/wp-json\/wp\/v2\/product_tag?post=17684"}],"curies":[{"name":"wp","href":"https:\/\/api.w.org\/{rel}","templated":true}]}}