{"id":15737,"date":"2023-06-20T11:55:00","date_gmt":"2023-06-20T15:55:00","guid":{"rendered":"https:\/\/maison4tiers.com\/?post_type=product&#038;p=15737"},"modified":"2024-08-19T13:11:21","modified_gmt":"2024-08-19T17:11:21","slug":"saules-aveugles-femme-endormie","status":"publish","type":"product","link":"https:\/\/maison4tiers.com\/ecrans-solidaires\/product\/saules-aveugles-femme-endormie\/","title":{"rendered":"Saules Aveugles, Femme Endormie"},"excerpt":{"rendered":"<h4><strong>MAINTENANT DISPONIBLE EN VID\u00c9O SUR DEMANDE!<\/strong><\/h4>\n<p>Un chat perdu, une grenouille g\u00e9ante volubile et un tsunami aident un attach\u00e9 commercial sans ambition, sa femme frustr\u00e9e et un comptable schizophr\u00e8ne \u00e0 sauver Tokyo d\u2019un tremblement de terre et \u00e0 redonner un sens \u00e0 leurs vies.<\/p>\n<p>Adaptation de l&rsquo;oeuvre \u00e9ponyme de Haruki Murakami, le film est l&rsquo;heureux r\u00e9cipiendaire du Grand Prix, non seulement \u00e0 Anima, mais aussi \u00e0 Niigata au Japon.<\/p>\n<blockquote><p><em>\u00ab<span style=\"font-weight: 400;\">Divertissement conjuguant avec bonheur r\u00e9alisme et fantastique. R\u00e9cit parfois d\u00e9routant, riche d\u2019enseignements philosophiques.<\/span>\u00bb<br \/>\n<\/em><a href=\"https:\/\/mediafilm.ca\/2022\/saules-aveugles-femme-endormie\" target=\"_blank\" rel=\"noopener\">\u2605\u2605\u2605\u2605<strong>\u00a0\u2013 MEDIAFILM<\/strong><\/a><\/p>\n<p><em>\u00abPierre F\u00f6ldes r\u00e9ussit haut la main son pari d\u2019adapter Haruki Murakami tout en restant lui-m\u00eame.\u00bb<\/em><br \/>\n<a href=\"https:\/\/cineuropa.org\/fr\/newsdetail\/426887\/\" target=\"_blank\" rel=\"noopener\"><strong>\u00a0\u2013 CINEEUROPA<\/strong><\/a><\/p>\n<p><em><span style=\"font-weight: 400;\">\u00abCe premier long m\u00e9trage de Pierre F\u00f6ldes est l\u2019enfant id\u00e9al de la po\u00e9sie et de la dr\u00f4lerie. <\/span><b>Une merveille<\/b>.\u00bb<\/em><\/p>\n<p><a href=\"https:\/\/www.cinemateaser.com\/2022\/06\/77976-annecy-2022-saules-aveugles-femme-endormie-critique\" target=\"_blank\" rel=\"noopener\"><strong>\u00a0\u2013 CIN\u00c9MA TEASER<\/strong><\/a><\/p><\/blockquote>\n<p>&nbsp;<\/p>\n<p><a href=\"https:\/\/maison4tiers.com\/categorie-produit\/film\/animation\/\" target=\"_blank\" rel=\"noopener\"><span style=\"text-decoration: underline;\">Voir les autres films d&rsquo;animation<\/span><\/a><\/p>\n<p>*Disponible au Canada seulement<\/p>\n","protected":false},"featured_media":15760,"template":"","meta":{"_acf_changed":false,"_eb_attr":""},"product_brand":[],"product_cat":[113,107,105,120,45,122,121,131],"product_tag":[388,638,815,816,429,811,212,810,812,809,814,808,813,806,807,735],"class_list":{"0":"post-15737","1":"product","2":"type-product","3":"status-publish","4":"has-post-thumbnail","6":"product_cat-animation","7":"product_cat-comedie","8":"product_cat-drame","9":"product_cat-fiction","10":"product_cat-film","11":"product_cat-reflexion","12":"product_cat-societe","13":"product_cat-touslesfilms","14":"product_tag-animation","15":"product_tag-art","16":"product_tag-artistique","17":"product_tag-contemporain","18":"product_tag-dessin","19":"product_tag-dessins","20":"product_tag-experimental","21":"product_tag-fukushima","22":"product_tag-grenouille","23":"product_tag-japon","24":"product_tag-orchestre","25":"product_tag-pierre-folde","26":"product_tag-poisson","27":"product_tag-saule","28":"product_tag-saule-aveugle-femme-endormie","29":"product_tag-schizophrenie","31":"first","32":"instock","33":"taxable","34":"shipping-taxable","35":"purchasable","36":"product-type-variable","37":"has-default-attributes"},"acf":[],"yoast_head":"<!-- This site is optimized with the Yoast SEO plugin v27.0 - https:\/\/yoast.com\/product\/yoast-seo-wordpress\/ -->\n<title>Saules Aveugles, Femme Endormie - \u00c9crans solidaires - Maintenant disponible !<\/title>\n<meta name=\"description\" content=\"Un chat perdu, une grenouille g\u00e9ante et un tsunami aident un attach\u00e9 commercial, sa femme frustr\u00e9e et un comptable schizophr\u00e8ne \u00e0 sauver Tokyo et leur vie.\" \/>\n<meta name=\"robots\" content=\"noindex, follow, max-snippet:-1, max-image-preview:large, max-video-preview:-1\" \/>\n<meta property=\"og:locale\" content=\"fr_FR\" \/>\n<meta property=\"og:type\" content=\"article\" \/>\n<meta property=\"og:title\" content=\"Saules Aveugles, Femme Endormie\" \/>\n<meta property=\"og:description\" content=\"Un chat perdu, une grenouille g\u00e9ante volubile et un tsunami aident un attach\u00e9 commercial sans ambition, sa femme frustr\u00e9e et un comptable schizophr\u00e8ne \u00e0 sauver Tokyo d\u2019un tremblement de terre et \u00e0 redonner un sens \u00e0 leurs vies.\" \/>\n<meta property=\"og:url\" content=\"https:\/\/maison4tiers.com\/ecrans-solidaires\/product\/saules-aveugles-femme-endormie\/\" \/>\n<meta property=\"og:site_name\" content=\"\u00c9crans solidaires\" \/>\n<meta property=\"article:modified_time\" content=\"2024-08-19T17:11:21+00:00\" \/>\n<meta property=\"og:image\" content=\"https:\/\/maison4tiers.com\/ecrans-solidaires\/wp-content\/uploads\/sites\/76\/2023\/06\/SAULES_affiche_WEB_critique_21AVRIL_LR-scaled.jpg\" \/>\n\t<meta property=\"og:image:width\" content=\"1772\" \/>\n\t<meta property=\"og:image:height\" content=\"2560\" \/>\n\t<meta property=\"og:image:type\" content=\"image\/jpeg\" \/>\n<meta name=\"twitter:card\" content=\"summary_large_image\" \/>\n<meta name=\"twitter:title\" content=\"Saules Aveugles, Femme Endormie\" \/>\n<meta name=\"twitter:description\" content=\"Un chat perdu, une grenouille g\u00e9ante volubile et un tsunami aident un attach\u00e9 commercial sans ambition, sa femme frustr\u00e9e et un comptable schizophr\u00e8ne \u00e0 sauver Tokyo d\u2019un tremblement de terre et \u00e0 redonner un sens \u00e0 leurs vies.\" \/>\n<meta name=\"twitter:image\" content=\"https:\/\/maison4tiers.com\/ecrans-solidaires\/wp-content\/uploads\/sites\/76\/2023\/06\/SAULES_affiche_WEB_critique_21AVRIL_LR-scaled.jpg\" \/>\n<script type=\"application\/ld+json\" class=\"yoast-schema-graph\">{\"@context\":\"https:\/\/schema.org\",\"@graph\":[{\"@type\":\"WebPage\",\"@id\":\"https:\/\/maison4tiers.com\/ecrans-solidaires\/product\/saules-aveugles-femme-endormie\/\",\"url\":\"https:\/\/maison4tiers.com\/ecrans-solidaires\/product\/saules-aveugles-femme-endormie\/\",\"name\":\"Saules Aveugles, Femme Endormie - \u00c9crans solidaires - Maintenant disponible !\",\"isPartOf\":{\"@id\":\"https:\/\/maison4tiers.com\/ecrans-solidaires\/#website\"},\"primaryImageOfPage\":{\"@id\":\"https:\/\/maison4tiers.com\/ecrans-solidaires\/product\/saules-aveugles-femme-endormie\/#primaryimage\"},\"image\":{\"@id\":\"https:\/\/maison4tiers.com\/ecrans-solidaires\/product\/saules-aveugles-femme-endormie\/#primaryimage\"},\"thumbnailUrl\":\"https:\/\/maison4tiers.com\/ecrans-solidaires\/wp-content\/uploads\/sites\/76\/2023\/06\/SAULES_affiche_WEB_critique_HR-scaled.jpg\",\"datePublished\":\"2023-06-20T15:55:00+00:00\",\"dateModified\":\"2024-08-19T17:11:21+00:00\",\"description\":\"Un chat perdu, une grenouille g\u00e9ante et un tsunami aident un attach\u00e9 commercial, sa femme frustr\u00e9e et un comptable schizophr\u00e8ne \u00e0 sauver Tokyo et leur vie.\",\"breadcrumb\":{\"@id\":\"https:\/\/maison4tiers.com\/ecrans-solidaires\/product\/saules-aveugles-femme-endormie\/#breadcrumb\"},\"inLanguage\":\"fr-FR\",\"potentialAction\":[{\"@type\":\"ReadAction\",\"target\":[\"https:\/\/maison4tiers.com\/ecrans-solidaires\/product\/saules-aveugles-femme-endormie\/\"]}]},{\"@type\":\"ImageObject\",\"inLanguage\":\"fr-FR\",\"@id\":\"https:\/\/maison4tiers.com\/ecrans-solidaires\/product\/saules-aveugles-femme-endormie\/#primaryimage\",\"url\":\"https:\/\/maison4tiers.com\/ecrans-solidaires\/wp-content\/uploads\/sites\/76\/2023\/06\/SAULES_affiche_WEB_critique_HR-scaled.jpg\",\"contentUrl\":\"https:\/\/maison4tiers.com\/ecrans-solidaires\/wp-content\/uploads\/sites\/76\/2023\/06\/SAULES_affiche_WEB_critique_HR-scaled.jpg\",\"width\":1772,\"height\":2560},{\"@type\":\"BreadcrumbList\",\"@id\":\"https:\/\/maison4tiers.com\/ecrans-solidaires\/product\/saules-aveugles-femme-endormie\/#breadcrumb\",\"itemListElement\":[{\"@type\":\"ListItem\",\"position\":1,\"name\":\"Home\",\"item\":\"https:\/\/maison4tiers.com\/ecrans-solidaires\/\"},{\"@type\":\"ListItem\",\"position\":2,\"name\":\"Films\",\"item\":\"https:\/\/maison4tiers.com\/ecrans-solidaires\/films\/\"},{\"@type\":\"ListItem\",\"position\":3,\"name\":\"Saules Aveugles, Femme Endormie\"}]},{\"@type\":\"WebSite\",\"@id\":\"https:\/\/maison4tiers.com\/ecrans-solidaires\/#website\",\"url\":\"https:\/\/maison4tiers.com\/ecrans-solidaires\/\",\"name\":\"\u00c9crans solidaires\",\"description\":\"Distribution multiplateforme de films qu\u00e9b\u00e9cois et internationaux\",\"publisher\":{\"@id\":\"https:\/\/maison4tiers.com\/ecrans-solidaires\/#organization\"},\"potentialAction\":[{\"@type\":\"SearchAction\",\"target\":{\"@type\":\"EntryPoint\",\"urlTemplate\":\"https:\/\/maison4tiers.com\/ecrans-solidaires\/?s={search_term_string}\"},\"query-input\":{\"@type\":\"PropertyValueSpecification\",\"valueRequired\":true,\"valueName\":\"search_term_string\"}}],\"inLanguage\":\"fr-FR\"},{\"@type\":\"Organization\",\"@id\":\"https:\/\/maison4tiers.com\/ecrans-solidaires\/#organization\",\"name\":\"\u00c9crans solidaires\",\"url\":\"https:\/\/maison4tiers.com\/ecrans-solidaires\/\",\"logo\":{\"@type\":\"ImageObject\",\"inLanguage\":\"fr-FR\",\"@id\":\"https:\/\/maison4tiers.com\/ecrans-solidaires\/#\/schema\/logo\/image\/\",\"url\":\"https:\/\/maison4tiers.com\/ecrans-solidaires\/wp-content\/uploads\/sites\/76\/2020\/11\/favicon-196.png\",\"contentUrl\":\"https:\/\/maison4tiers.com\/ecrans-solidaires\/wp-content\/uploads\/sites\/76\/2020\/11\/favicon-196.png\",\"width\":196,\"height\":196,\"caption\":\"\u00c9crans solidaires\"},\"image\":{\"@id\":\"https:\/\/maison4tiers.com\/ecrans-solidaires\/#\/schema\/logo\/image\/\"}}]}<\/script>\n<!-- \/ Yoast SEO plugin. -->","yoast_head_json":{"title":"Saules Aveugles, Femme Endormie - \u00c9crans solidaires - Maintenant disponible !","description":"Un chat perdu, une grenouille g\u00e9ante et un tsunami aident un attach\u00e9 commercial, sa femme frustr\u00e9e et un comptable schizophr\u00e8ne \u00e0 sauver Tokyo et leur vie.","robots":{"index":"noindex","follow":"follow","max-snippet":"max-snippet:-1","max-image-preview":"max-image-preview:large","max-video-preview":"max-video-preview:-1"},"og_locale":"fr_FR","og_type":"article","og_title":"Saules Aveugles, Femme Endormie","og_description":"Un chat perdu, une grenouille g\u00e9ante volubile et un tsunami aident un attach\u00e9 commercial sans ambition, sa femme frustr\u00e9e et un comptable schizophr\u00e8ne \u00e0 sauver Tokyo d\u2019un tremblement de terre et \u00e0 redonner un sens \u00e0 leurs vies.","og_url":"https:\/\/maison4tiers.com\/ecrans-solidaires\/product\/saules-aveugles-femme-endormie\/","og_site_name":"\u00c9crans solidaires","article_modified_time":"2024-08-19T17:11:21+00:00","og_image":[{"width":1772,"height":2560,"url":"https:\/\/maison4tiers.com\/ecrans-solidaires\/wp-content\/uploads\/sites\/76\/2023\/06\/SAULES_affiche_WEB_critique_21AVRIL_LR-scaled.jpg","type":"image\/jpeg"}],"twitter_card":"summary_large_image","twitter_title":"Saules Aveugles, Femme Endormie","twitter_description":"Un chat perdu, une grenouille g\u00e9ante volubile et un tsunami aident un attach\u00e9 commercial sans ambition, sa femme frustr\u00e9e et un comptable schizophr\u00e8ne \u00e0 sauver Tokyo d\u2019un tremblement de terre et \u00e0 redonner un sens \u00e0 leurs vies.","twitter_image":"https:\/\/maison4tiers.com\/ecrans-solidaires\/wp-content\/uploads\/sites\/76\/2023\/06\/SAULES_affiche_WEB_critique_21AVRIL_LR-scaled.jpg","schema":{"@context":"https:\/\/schema.org","@graph":[{"@type":"WebPage","@id":"https:\/\/maison4tiers.com\/ecrans-solidaires\/product\/saules-aveugles-femme-endormie\/","url":"https:\/\/maison4tiers.com\/ecrans-solidaires\/product\/saules-aveugles-femme-endormie\/","name":"Saules Aveugles, Femme Endormie - \u00c9crans solidaires - Maintenant disponible !","isPartOf":{"@id":"https:\/\/maison4tiers.com\/ecrans-solidaires\/#website"},"primaryImageOfPage":{"@id":"https:\/\/maison4tiers.com\/ecrans-solidaires\/product\/saules-aveugles-femme-endormie\/#primaryimage"},"image":{"@id":"https:\/\/maison4tiers.com\/ecrans-solidaires\/product\/saules-aveugles-femme-endormie\/#primaryimage"},"thumbnailUrl":"https:\/\/maison4tiers.com\/ecrans-solidaires\/wp-content\/uploads\/sites\/76\/2023\/06\/SAULES_affiche_WEB_critique_HR-scaled.jpg","datePublished":"2023-06-20T15:55:00+00:00","dateModified":"2024-08-19T17:11:21+00:00","description":"Un chat perdu, une grenouille g\u00e9ante et un tsunami aident un attach\u00e9 commercial, sa femme frustr\u00e9e et un comptable schizophr\u00e8ne \u00e0 sauver Tokyo et leur vie.","breadcrumb":{"@id":"https:\/\/maison4tiers.com\/ecrans-solidaires\/product\/saules-aveugles-femme-endormie\/#breadcrumb"},"inLanguage":"fr-FR","potentialAction":[{"@type":"ReadAction","target":["https:\/\/maison4tiers.com\/ecrans-solidaires\/product\/saules-aveugles-femme-endormie\/"]}]},{"@type":"ImageObject","inLanguage":"fr-FR","@id":"https:\/\/maison4tiers.com\/ecrans-solidaires\/product\/saules-aveugles-femme-endormie\/#primaryimage","url":"https:\/\/maison4tiers.com\/ecrans-solidaires\/wp-content\/uploads\/sites\/76\/2023\/06\/SAULES_affiche_WEB_critique_HR-scaled.jpg","contentUrl":"https:\/\/maison4tiers.com\/ecrans-solidaires\/wp-content\/uploads\/sites\/76\/2023\/06\/SAULES_affiche_WEB_critique_HR-scaled.jpg","width":1772,"height":2560},{"@type":"BreadcrumbList","@id":"https:\/\/maison4tiers.com\/ecrans-solidaires\/product\/saules-aveugles-femme-endormie\/#breadcrumb","itemListElement":[{"@type":"ListItem","position":1,"name":"Home","item":"https:\/\/maison4tiers.com\/ecrans-solidaires\/"},{"@type":"ListItem","position":2,"name":"Films","item":"https:\/\/maison4tiers.com\/ecrans-solidaires\/films\/"},{"@type":"ListItem","position":3,"name":"Saules Aveugles, Femme Endormie"}]},{"@type":"WebSite","@id":"https:\/\/maison4tiers.com\/ecrans-solidaires\/#website","url":"https:\/\/maison4tiers.com\/ecrans-solidaires\/","name":"\u00c9crans solidaires","description":"Distribution multiplateforme de films qu\u00e9b\u00e9cois et internationaux","publisher":{"@id":"https:\/\/maison4tiers.com\/ecrans-solidaires\/#organization"},"potentialAction":[{"@type":"SearchAction","target":{"@type":"EntryPoint","urlTemplate":"https:\/\/maison4tiers.com\/ecrans-solidaires\/?s={search_term_string}"},"query-input":{"@type":"PropertyValueSpecification","valueRequired":true,"valueName":"search_term_string"}}],"inLanguage":"fr-FR"},{"@type":"Organization","@id":"https:\/\/maison4tiers.com\/ecrans-solidaires\/#organization","name":"\u00c9crans solidaires","url":"https:\/\/maison4tiers.com\/ecrans-solidaires\/","logo":{"@type":"ImageObject","inLanguage":"fr-FR","@id":"https:\/\/maison4tiers.com\/ecrans-solidaires\/#\/schema\/logo\/image\/","url":"https:\/\/maison4tiers.com\/ecrans-solidaires\/wp-content\/uploads\/sites\/76\/2020\/11\/favicon-196.png","contentUrl":"https:\/\/maison4tiers.com\/ecrans-solidaires\/wp-content\/uploads\/sites\/76\/2020\/11\/favicon-196.png","width":196,"height":196,"caption":"\u00c9crans solidaires"},"image":{"@id":"https:\/\/maison4tiers.com\/ecrans-solidaires\/#\/schema\/logo\/image\/"}}]}},"jetpack_sharing_enabled":true,"_links":{"self":[{"href":"https:\/\/maison4tiers.com\/ecrans-solidaires\/wp-json\/wp\/v2\/product\/15737","targetHints":{"allow":["GET"]}}],"collection":[{"href":"https:\/\/maison4tiers.com\/ecrans-solidaires\/wp-json\/wp\/v2\/product"}],"about":[{"href":"https:\/\/maison4tiers.com\/ecrans-solidaires\/wp-json\/wp\/v2\/types\/product"}],"wp:featuredmedia":[{"embeddable":true,"href":"https:\/\/maison4tiers.com\/ecrans-solidaires\/wp-json\/wp\/v2\/media\/15760"}],"wp:attachment":[{"href":"https:\/\/maison4tiers.com\/ecrans-solidaires\/wp-json\/wp\/v2\/media?parent=15737"}],"wp:term":[{"taxonomy":"product_brand","embeddable":true,"href":"https:\/\/maison4tiers.com\/ecrans-solidaires\/wp-json\/wp\/v2\/product_brand?post=15737"},{"taxonomy":"product_cat","embeddable":true,"href":"https:\/\/maison4tiers.com\/ecrans-solidaires\/wp-json\/wp\/v2\/product_cat?post=15737"},{"taxonomy":"product_tag","embeddable":true,"href":"https:\/\/maison4tiers.com\/ecrans-solidaires\/wp-json\/wp\/v2\/product_tag?post=15737"}],"curies":[{"name":"wp","href":"https:\/\/api.w.org\/{rel}","templated":true}]}}