{"id":13704,"date":"2023-04-18T11:28:49","date_gmt":"2023-04-18T15:28:49","guid":{"rendered":"https:\/\/maison4tiers.com\/?post_type=product&#038;p=13704"},"modified":"2024-05-06T16:14:04","modified_gmt":"2024-05-06T20:14:04","slug":"linnocent","status":"publish","type":"product","link":"https:\/\/maison4tiers.com\/ecrans-solidaires\/product\/linnocent\/","title":{"rendered":"L&rsquo;INNOCENT"},"excerpt":{"rendered":"<h4>MAINTENANT DISPONIBLE EN VID\u00c9O SUR DEMANDE!<\/h4>\n<p>Quand Abel apprend que sa m\u00e8re Sylvie, dans la soixantaine, est sur le point de se marier avec un homme en prison, il panique. \u00c9paul\u00e9 par Cl\u00e9mence, sa meilleure amie, il va tout faire pour essayer de la prot\u00e9ger. Mais la rencontre avec Michel, son nouveau beau-p\u00e8re, pourrait bien offrir \u00e0 Abel de nouvelles perspectives&#8230;<\/p>\n<blockquote><p><em>\u00ab <span style=\"font-weight: 400;\">Une com\u00e9die polici\u00e8re irr\u00e9sistible. C\u2019est simple, juste, magique<\/span>.\u00bb<br \/>\n<\/em>\u2605\u2605\u2605\u2605<strong>\u00a0\u2013 LA LIBRE<\/strong><\/p>\n<p><em>\u00ab <span style=\"font-weight: 400;\">Vif, tendre, burlesque et m\u00e9lancolique, L\u2019Innocent procure beaucoup de plaisir. Pari brillamment r\u00e9ussi<\/span>. \u00bb<\/em><br \/>\n\u2605\u2605\u2605\u2605<strong> \u2013 T\u00c9L\u00c9RAMA<\/strong><\/p><\/blockquote>\n<p>&nbsp;<\/p>\n<p><a href=\"https:\/\/maison4tiers.com\/films\/\" target=\"_blank\" rel=\"noopener\"><span style=\"text-decoration: underline;\">Voir les autres films<\/span><\/a><\/p>\n<p>*Disponible au Canada seulement<\/p>\n","protected":false},"featured_media":13806,"template":"","meta":{"_acf_changed":false,"_eb_attr":""},"product_brand":[],"product_cat":[107,123,120,45,136,131,142],"product_tag":[379,682,204,285,678,328,209,676,675,202,680,681,264,490,677,357,683,679],"class_list":{"0":"post-13704","1":"product","2":"type-product","3":"status-publish","4":"has-post-thumbnail","6":"product_cat-comedie","7":"product_cat-famille","8":"product_cat-fiction","9":"product_cat-film","10":"product_cat-dvd","11":"product_cat-touslesfilms","12":"product_cat-numerique","13":"product_tag-action","14":"product_tag-anouk-grinberg","15":"product_tag-comedie","16":"product_tag-crime","17":"product_tag-drole","18":"product_tag-famille","19":"product_tag-humour","20":"product_tag-innocent","21":"product_tag-linnocent","22":"product_tag-louis-garrel","23":"product_tag-mariage","24":"product_tag-noemie-merlant","25":"product_tag-policier","26":"product_tag-prison","27":"product_tag-prisonnier","28":"product_tag-romance","29":"product_tag-roschdy-zem","30":"product_tag-trafficant","32":"first","33":"instock","34":"taxable","35":"shipping-taxable","36":"purchasable","37":"product-type-variable","38":"has-default-attributes"},"acf":[],"yoast_head":"<!-- This site is optimized with the Yoast SEO plugin v27.0 - https:\/\/yoast.com\/product\/yoast-seo-wordpress\/ -->\n<title>L&#039;INNOCENT - \u00c9crans solidaires - Film - \u00c9coutez-le long-m\u00e9trage d\u00e8s maintenant!<\/title>\n<meta name=\"description\" content=\"Quand Abel apprend que sa m\u00e8re Sylvie, dans la soixantaine, est sur le point de se marier avec un homme en prison, il panique.\" \/>\n<meta name=\"robots\" content=\"noindex, follow, max-snippet:-1, max-image-preview:large, max-video-preview:-1\" \/>\n<meta property=\"og:locale\" content=\"fr_FR\" \/>\n<meta property=\"og:type\" content=\"article\" \/>\n<meta property=\"og:title\" content=\"L&#039;Innocent\" \/>\n<meta property=\"og:description\" content=\"Quand Abel apprend que sa m\u00e8re Sylvie, dans la soixantaine, est sur le point de se marier avec un homme en prison, il panique. \u00c9paul\u00e9 par Cl\u00e9mence, sa meilleure amie, il va tout faire pour essayer de la prot\u00e9ger. Mais la rencontre avec Michel, son nouveau beau-p\u00e8re, pourrait bien offrir \u00e0 Abel de nouvelles perspectives...\" \/>\n<meta property=\"og:url\" content=\"https:\/\/maison4tiers.com\/ecrans-solidaires\/product\/linnocent\/\" \/>\n<meta property=\"og:site_name\" content=\"\u00c9crans solidaires\" \/>\n<meta property=\"article:modified_time\" content=\"2024-05-06T20:14:04+00:00\" \/>\n<meta property=\"og:image\" content=\"https:\/\/maison4tiers.com\/ecrans-solidaires\/wp-content\/uploads\/sites\/76\/2023\/04\/Innocent_affiche_WEB_LR-scaled.jpg\" \/>\n\t<meta property=\"og:image:width\" content=\"1772\" \/>\n\t<meta property=\"og:image:height\" content=\"2560\" \/>\n\t<meta property=\"og:image:type\" content=\"image\/jpeg\" \/>\n<meta name=\"twitter:card\" content=\"summary_large_image\" \/>\n<meta name=\"twitter:title\" content=\"L&#039;Innocent\" \/>\n<meta name=\"twitter:description\" content=\"Quand Abel apprend que sa m\u00e8re Sylvie, dans la soixantaine, est sur le point de se marier avec un homme en prison, il panique. \u00c9paul\u00e9 par Cl\u00e9mence, sa meilleure amie, il va tout faire pour essayer de la prot\u00e9ger. Mais la rencontre avec Michel, son nouveau beau-p\u00e8re, pourrait bien offrir \u00e0 Abel de nouvelles perspectives...\" \/>\n<meta name=\"twitter:image\" content=\"https:\/\/maison4tiers.com\/ecrans-solidaires\/wp-content\/uploads\/sites\/76\/2023\/04\/Innocent_affiche_WEB_LR-scaled.jpg\" \/>\n<script type=\"application\/ld+json\" class=\"yoast-schema-graph\">{\"@context\":\"https:\/\/schema.org\",\"@graph\":[{\"@type\":\"WebPage\",\"@id\":\"https:\/\/maison4tiers.com\/ecrans-solidaires\/product\/linnocent\/\",\"url\":\"https:\/\/maison4tiers.com\/ecrans-solidaires\/product\/linnocent\/\",\"name\":\"L'INNOCENT - \u00c9crans solidaires - Film - \u00c9coutez-le long-m\u00e9trage d\u00e8s maintenant!\",\"isPartOf\":{\"@id\":\"https:\/\/maison4tiers.com\/ecrans-solidaires\/#website\"},\"primaryImageOfPage\":{\"@id\":\"https:\/\/maison4tiers.com\/ecrans-solidaires\/product\/linnocent\/#primaryimage\"},\"image\":{\"@id\":\"https:\/\/maison4tiers.com\/ecrans-solidaires\/product\/linnocent\/#primaryimage\"},\"thumbnailUrl\":\"https:\/\/maison4tiers.com\/ecrans-solidaires\/wp-content\/uploads\/sites\/76\/2023\/04\/Innocent_affiche_WEB_LR-scaled.jpg\",\"datePublished\":\"2023-04-18T15:28:49+00:00\",\"dateModified\":\"2024-05-06T20:14:04+00:00\",\"description\":\"Quand Abel apprend que sa m\u00e8re Sylvie, dans la soixantaine, est sur le point de se marier avec un homme en prison, il panique.\",\"breadcrumb\":{\"@id\":\"https:\/\/maison4tiers.com\/ecrans-solidaires\/product\/linnocent\/#breadcrumb\"},\"inLanguage\":\"fr-FR\",\"potentialAction\":[{\"@type\":\"ReadAction\",\"target\":[\"https:\/\/maison4tiers.com\/ecrans-solidaires\/product\/linnocent\/\"]}]},{\"@type\":\"ImageObject\",\"inLanguage\":\"fr-FR\",\"@id\":\"https:\/\/maison4tiers.com\/ecrans-solidaires\/product\/linnocent\/#primaryimage\",\"url\":\"https:\/\/maison4tiers.com\/ecrans-solidaires\/wp-content\/uploads\/sites\/76\/2023\/04\/Innocent_affiche_WEB_LR-scaled.jpg\",\"contentUrl\":\"https:\/\/maison4tiers.com\/ecrans-solidaires\/wp-content\/uploads\/sites\/76\/2023\/04\/Innocent_affiche_WEB_LR-scaled.jpg\",\"width\":1772,\"height\":2560,\"caption\":\"L'Innocent\"},{\"@type\":\"BreadcrumbList\",\"@id\":\"https:\/\/maison4tiers.com\/ecrans-solidaires\/product\/linnocent\/#breadcrumb\",\"itemListElement\":[{\"@type\":\"ListItem\",\"position\":1,\"name\":\"Home\",\"item\":\"https:\/\/maison4tiers.com\/ecrans-solidaires\/\"},{\"@type\":\"ListItem\",\"position\":2,\"name\":\"Films\",\"item\":\"https:\/\/maison4tiers.com\/ecrans-solidaires\/films\/\"},{\"@type\":\"ListItem\",\"position\":3,\"name\":\"L&#8217;INNOCENT\"}]},{\"@type\":\"WebSite\",\"@id\":\"https:\/\/maison4tiers.com\/ecrans-solidaires\/#website\",\"url\":\"https:\/\/maison4tiers.com\/ecrans-solidaires\/\",\"name\":\"\u00c9crans solidaires\",\"description\":\"Distribution multiplateforme de films qu\u00e9b\u00e9cois et internationaux\",\"publisher\":{\"@id\":\"https:\/\/maison4tiers.com\/ecrans-solidaires\/#organization\"},\"potentialAction\":[{\"@type\":\"SearchAction\",\"target\":{\"@type\":\"EntryPoint\",\"urlTemplate\":\"https:\/\/maison4tiers.com\/ecrans-solidaires\/?s={search_term_string}\"},\"query-input\":{\"@type\":\"PropertyValueSpecification\",\"valueRequired\":true,\"valueName\":\"search_term_string\"}}],\"inLanguage\":\"fr-FR\"},{\"@type\":\"Organization\",\"@id\":\"https:\/\/maison4tiers.com\/ecrans-solidaires\/#organization\",\"name\":\"\u00c9crans solidaires\",\"url\":\"https:\/\/maison4tiers.com\/ecrans-solidaires\/\",\"logo\":{\"@type\":\"ImageObject\",\"inLanguage\":\"fr-FR\",\"@id\":\"https:\/\/maison4tiers.com\/ecrans-solidaires\/#\/schema\/logo\/image\/\",\"url\":\"https:\/\/maison4tiers.com\/ecrans-solidaires\/wp-content\/uploads\/sites\/76\/2020\/11\/favicon-196.png\",\"contentUrl\":\"https:\/\/maison4tiers.com\/ecrans-solidaires\/wp-content\/uploads\/sites\/76\/2020\/11\/favicon-196.png\",\"width\":196,\"height\":196,\"caption\":\"\u00c9crans solidaires\"},\"image\":{\"@id\":\"https:\/\/maison4tiers.com\/ecrans-solidaires\/#\/schema\/logo\/image\/\"}}]}<\/script>\n<!-- \/ Yoast SEO plugin. -->","yoast_head_json":{"title":"L'INNOCENT - \u00c9crans solidaires - Film - \u00c9coutez-le long-m\u00e9trage d\u00e8s maintenant!","description":"Quand Abel apprend que sa m\u00e8re Sylvie, dans la soixantaine, est sur le point de se marier avec un homme en prison, il panique.","robots":{"index":"noindex","follow":"follow","max-snippet":"max-snippet:-1","max-image-preview":"max-image-preview:large","max-video-preview":"max-video-preview:-1"},"og_locale":"fr_FR","og_type":"article","og_title":"L'Innocent","og_description":"Quand Abel apprend que sa m\u00e8re Sylvie, dans la soixantaine, est sur le point de se marier avec un homme en prison, il panique. \u00c9paul\u00e9 par Cl\u00e9mence, sa meilleure amie, il va tout faire pour essayer de la prot\u00e9ger. Mais la rencontre avec Michel, son nouveau beau-p\u00e8re, pourrait bien offrir \u00e0 Abel de nouvelles perspectives...","og_url":"https:\/\/maison4tiers.com\/ecrans-solidaires\/product\/linnocent\/","og_site_name":"\u00c9crans solidaires","article_modified_time":"2024-05-06T20:14:04+00:00","og_image":[{"width":1772,"height":2560,"url":"https:\/\/maison4tiers.com\/ecrans-solidaires\/wp-content\/uploads\/sites\/76\/2023\/04\/Innocent_affiche_WEB_LR-scaled.jpg","type":"image\/jpeg"}],"twitter_card":"summary_large_image","twitter_title":"L'Innocent","twitter_description":"Quand Abel apprend que sa m\u00e8re Sylvie, dans la soixantaine, est sur le point de se marier avec un homme en prison, il panique. \u00c9paul\u00e9 par Cl\u00e9mence, sa meilleure amie, il va tout faire pour essayer de la prot\u00e9ger. Mais la rencontre avec Michel, son nouveau beau-p\u00e8re, pourrait bien offrir \u00e0 Abel de nouvelles perspectives...","twitter_image":"https:\/\/maison4tiers.com\/ecrans-solidaires\/wp-content\/uploads\/sites\/76\/2023\/04\/Innocent_affiche_WEB_LR-scaled.jpg","schema":{"@context":"https:\/\/schema.org","@graph":[{"@type":"WebPage","@id":"https:\/\/maison4tiers.com\/ecrans-solidaires\/product\/linnocent\/","url":"https:\/\/maison4tiers.com\/ecrans-solidaires\/product\/linnocent\/","name":"L'INNOCENT - \u00c9crans solidaires - Film - \u00c9coutez-le long-m\u00e9trage d\u00e8s maintenant!","isPartOf":{"@id":"https:\/\/maison4tiers.com\/ecrans-solidaires\/#website"},"primaryImageOfPage":{"@id":"https:\/\/maison4tiers.com\/ecrans-solidaires\/product\/linnocent\/#primaryimage"},"image":{"@id":"https:\/\/maison4tiers.com\/ecrans-solidaires\/product\/linnocent\/#primaryimage"},"thumbnailUrl":"https:\/\/maison4tiers.com\/ecrans-solidaires\/wp-content\/uploads\/sites\/76\/2023\/04\/Innocent_affiche_WEB_LR-scaled.jpg","datePublished":"2023-04-18T15:28:49+00:00","dateModified":"2024-05-06T20:14:04+00:00","description":"Quand Abel apprend que sa m\u00e8re Sylvie, dans la soixantaine, est sur le point de se marier avec un homme en prison, il panique.","breadcrumb":{"@id":"https:\/\/maison4tiers.com\/ecrans-solidaires\/product\/linnocent\/#breadcrumb"},"inLanguage":"fr-FR","potentialAction":[{"@type":"ReadAction","target":["https:\/\/maison4tiers.com\/ecrans-solidaires\/product\/linnocent\/"]}]},{"@type":"ImageObject","inLanguage":"fr-FR","@id":"https:\/\/maison4tiers.com\/ecrans-solidaires\/product\/linnocent\/#primaryimage","url":"https:\/\/maison4tiers.com\/ecrans-solidaires\/wp-content\/uploads\/sites\/76\/2023\/04\/Innocent_affiche_WEB_LR-scaled.jpg","contentUrl":"https:\/\/maison4tiers.com\/ecrans-solidaires\/wp-content\/uploads\/sites\/76\/2023\/04\/Innocent_affiche_WEB_LR-scaled.jpg","width":1772,"height":2560,"caption":"L'Innocent"},{"@type":"BreadcrumbList","@id":"https:\/\/maison4tiers.com\/ecrans-solidaires\/product\/linnocent\/#breadcrumb","itemListElement":[{"@type":"ListItem","position":1,"name":"Home","item":"https:\/\/maison4tiers.com\/ecrans-solidaires\/"},{"@type":"ListItem","position":2,"name":"Films","item":"https:\/\/maison4tiers.com\/ecrans-solidaires\/films\/"},{"@type":"ListItem","position":3,"name":"L&#8217;INNOCENT"}]},{"@type":"WebSite","@id":"https:\/\/maison4tiers.com\/ecrans-solidaires\/#website","url":"https:\/\/maison4tiers.com\/ecrans-solidaires\/","name":"\u00c9crans solidaires","description":"Distribution multiplateforme de films qu\u00e9b\u00e9cois et internationaux","publisher":{"@id":"https:\/\/maison4tiers.com\/ecrans-solidaires\/#organization"},"potentialAction":[{"@type":"SearchAction","target":{"@type":"EntryPoint","urlTemplate":"https:\/\/maison4tiers.com\/ecrans-solidaires\/?s={search_term_string}"},"query-input":{"@type":"PropertyValueSpecification","valueRequired":true,"valueName":"search_term_string"}}],"inLanguage":"fr-FR"},{"@type":"Organization","@id":"https:\/\/maison4tiers.com\/ecrans-solidaires\/#organization","name":"\u00c9crans solidaires","url":"https:\/\/maison4tiers.com\/ecrans-solidaires\/","logo":{"@type":"ImageObject","inLanguage":"fr-FR","@id":"https:\/\/maison4tiers.com\/ecrans-solidaires\/#\/schema\/logo\/image\/","url":"https:\/\/maison4tiers.com\/ecrans-solidaires\/wp-content\/uploads\/sites\/76\/2020\/11\/favicon-196.png","contentUrl":"https:\/\/maison4tiers.com\/ecrans-solidaires\/wp-content\/uploads\/sites\/76\/2020\/11\/favicon-196.png","width":196,"height":196,"caption":"\u00c9crans solidaires"},"image":{"@id":"https:\/\/maison4tiers.com\/ecrans-solidaires\/#\/schema\/logo\/image\/"}}]}},"jetpack_sharing_enabled":true,"_links":{"self":[{"href":"https:\/\/maison4tiers.com\/ecrans-solidaires\/wp-json\/wp\/v2\/product\/13704","targetHints":{"allow":["GET"]}}],"collection":[{"href":"https:\/\/maison4tiers.com\/ecrans-solidaires\/wp-json\/wp\/v2\/product"}],"about":[{"href":"https:\/\/maison4tiers.com\/ecrans-solidaires\/wp-json\/wp\/v2\/types\/product"}],"wp:featuredmedia":[{"embeddable":true,"href":"https:\/\/maison4tiers.com\/ecrans-solidaires\/wp-json\/wp\/v2\/media\/13806"}],"wp:attachment":[{"href":"https:\/\/maison4tiers.com\/ecrans-solidaires\/wp-json\/wp\/v2\/media?parent=13704"}],"wp:term":[{"taxonomy":"product_brand","embeddable":true,"href":"https:\/\/maison4tiers.com\/ecrans-solidaires\/wp-json\/wp\/v2\/product_brand?post=13704"},{"taxonomy":"product_cat","embeddable":true,"href":"https:\/\/maison4tiers.com\/ecrans-solidaires\/wp-json\/wp\/v2\/product_cat?post=13704"},{"taxonomy":"product_tag","embeddable":true,"href":"https:\/\/maison4tiers.com\/ecrans-solidaires\/wp-json\/wp\/v2\/product_tag?post=13704"}],"curies":[{"name":"wp","href":"https:\/\/api.w.org\/{rel}","templated":true}]}}