{"id":12037,"date":"2023-02-14T15:46:10","date_gmt":"2023-02-14T19:46:10","guid":{"rendered":"https:\/\/maison4tiers.com\/?post_type=product&#038;p=12037"},"modified":"2024-08-19T13:11:21","modified_gmt":"2024-08-19T17:11:21","slug":"rojek","status":"publish","type":"product","link":"https:\/\/maison4tiers.com\/ecrans-solidaires\/product\/rojek\/","title":{"rendered":"ROJEK"},"excerpt":{"rendered":"<h4>DISPONIBLE EN DVD ET EN VID\u00c9O SUR DEMANDE !<\/h4>\n<p class=\"\"><strong>ROJEK <\/strong>va a\u0300 la rencontre de membres incarce\u0301re\u0301s de l\u2019E\u0301tat islamique, et de leurs femmes de\u0301tenues dans des camps-prisons, provenant des quatre coins de la plane\u0300te et partageant un ide\u0301al commun : e\u0301tablir un califat. Confronte\u0301 aux croyances fondamentalistes des djihadistes, le film tente de retracer le de\u0301but, l\u2019apoge\u0301e et la chute de l\u2019E\u0301tat islamique (EI) a\u0300 travers leurs histoires personnelles. Ces conversations constituent le fil conducteur du documentaire au travers desquelles s\u2019entrelacent diverses se\u0301quences de\u0301crivant le Kurdistan syrien d\u2019apre\u0300s-guerre.<\/p>\n<p class=\"\"><strong>ROJEK <\/strong>offre un regard intime sur une re\u0301alite\u0301 inconnue, te\u0301moignant de moments charnie\u0300res ve\u0301cus par les acteurs de ce conflit. Le film aborde comment cette guerre ide\u0301ologique n\u2019est que le de\u0301but d\u2019une nouvelle menace.<\/p>\n<p>&nbsp;<\/p>\n<blockquote><p><em>\u00ab Zayn\u00ea Akyol n\u2019a pas froid aux yeux. \u00bb<\/em><\/p>\n<p class=\"\"><a href=\"https:\/\/www.ledevoir.com\/culture\/cinema\/778593\/cinema-rojek-les-yeux-dans-les-yeux-de-l-etat-islamique\" target=\"_blank\" rel=\"noopener\">\u2605\u2605\u2605\u2605\u00bd<strong>\u00a0\u2013 LE DEVOIR<\/strong><\/a><\/p>\n<p><em>\u00ab La r\u00e9alisatrice propose un regard intime sur une r\u00e9alit\u00e9 qui est largement m\u00e9connue.. \u00bb<\/em><br \/>\n<a href=\"https:\/\/www.journaldemontreal.com\/\" target=\"_blank\" rel=\"noopener\">\u2605\u2605\u2605\u2605\u2605<strong>\u00a0\u2013 LE JOURNAL DE MONTR\u00c9AL<\/strong><\/a><\/p><\/blockquote>\n<p>&nbsp;<\/p>\n<p><a href=\"https:\/\/maison4tiers.com\/categorie-produit\/film\/documentaire\/\" target=\"_blank\" rel=\"noopener\"><span style=\"text-decoration: underline;\">Voir les autres films documentaires<\/span><\/a><\/p>\n<p>*Disponible au Canada seulement<\/p>\n","protected":false},"featured_media":12778,"template":"","meta":{"_acf_changed":false,"_eb_attr":""},"product_brand":[],"product_cat":[78,45,122,121,136,131,142],"product_tag":[491,492,345,324,477,482,478,487,480,479,346,488,489,490,486,347,483,484,481,485],"class_list":{"0":"post-12037","1":"product","2":"type-product","3":"status-publish","4":"has-post-thumbnail","6":"product_cat-documentaire","7":"product_cat-film","8":"product_cat-reflexion","9":"product_cat-societe","10":"product_cat-dvd","11":"product_cat-touslesfilms","12":"product_cat-numerique","13":"product_tag-camp","14":"product_tag-camps","15":"product_tag-debat","16":"product_tag-enquete","17":"product_tag-entrevue","18":"product_tag-guerre","19":"product_tag-interview","20":"product_tag-islam","21":"product_tag-kurdes","22":"product_tag-kurds","23":"product_tag-liberte","24":"product_tag-musulmans","25":"product_tag-pellicule","26":"product_tag-prison","27":"product_tag-rojek","28":"product_tag-societe","29":"product_tag-syria","30":"product_tag-syrie","31":"product_tag-war","32":"product_tag-zayne-akyol","34":"first","35":"instock","36":"taxable","37":"shipping-taxable","38":"purchasable","39":"product-type-variable","40":"has-default-attributes"},"acf":[],"yoast_head":"<!-- This site is optimized with the Yoast SEO plugin v27.0 - https:\/\/yoast.com\/product\/yoast-seo-wordpress\/ -->\n<title>ROJEK - \u00c9crans solidaires - Film Qu\u00e9b\u00e9cois - \u00c9coutez-le ici!<\/title>\n<meta name=\"robots\" content=\"noindex, follow, max-snippet:-1, max-image-preview:large, max-video-preview:-1\" \/>\n<meta property=\"og:locale\" content=\"fr_FR\" \/>\n<meta property=\"og:type\" content=\"article\" \/>\n<meta property=\"og:title\" content=\"Rojek\" \/>\n<meta property=\"og:description\" content=\"DISPONIBLE EN DVD ET EN VID\u00c9O SUR DEMANDE ! ROJEK va a\u0300 la rencontre de membres incarce\u0301re\u0301s de l\u2019E\u0301tat islamique, et de leurs femmes de\u0301tenues dans des camps-prisons, provenant des quatre coins de la plane\u0300te et partageant un ide\u0301al commun : e\u0301tablir un califat. Confronte\u0301 aux croyances fondamentalistes des djihadistes, le film tente de retracer le de\u0301but, l\u2019apoge\u0301e et la chute de l\u2019E\u0301tat islamique (EI) a\u0300 travers leurs histoires personnelles. Ces conversations constituent le fil conducteur du documentaire au travers desquelles s\u2019entrelacent diverses se\u0301quences de\u0301crivant le Kurdistan syrien d\u2019apre\u0300s-guerre. ROJEK offre un regard intime sur une re\u0301alite\u0301 inconnue, te\u0301moignant de moments charnie\u0300res ve\u0301cus par les acteurs de ce conflit. Le film aborde comment cette guerre ide\u0301ologique n\u2019est que le de\u0301but d\u2019une nouvelle menace. &nbsp; \u00ab Zayn\u00ea Akyol n\u2019a pas froid aux yeux. \u00bb \u2605\u2605\u2605\u2605\u00bd\u00a0\u2013 LE DEVOIR \u00ab La r\u00e9alisatrice propose un regard intime sur une r\u00e9alit\u00e9 qui est largement m\u00e9connue.. \u00bb \u2605\u2605\u2605\u2605\u2605\u00a0\u2013 LE JOURNAL DE MONTR\u00c9AL &nbsp;  Voir les autres films documentaires  *Disponible au Canada seulement\" \/>\n<meta property=\"og:url\" content=\"https:\/\/maison4tiers.com\/ecrans-solidaires\/product\/rojek\/\" \/>\n<meta property=\"og:site_name\" content=\"\u00c9crans solidaires\" \/>\n<meta property=\"article:modified_time\" content=\"2024-08-19T17:11:21+00:00\" \/>\n<meta property=\"og:image\" content=\"https:\/\/maison4tiers.com\/ecrans-solidaires\/wp-content\/uploads\/sites\/76\/2023\/02\/ROJEK_affiche_WEB_LR-scaled.jpg\" \/>\n\t<meta property=\"og:image:width\" content=\"1772\" \/>\n\t<meta property=\"og:image:height\" content=\"2560\" \/>\n\t<meta property=\"og:image:type\" content=\"image\/jpeg\" \/>\n<meta name=\"twitter:card\" content=\"summary_large_image\" \/>\n<meta name=\"twitter:title\" content=\"Rojek\" \/>\n<meta name=\"twitter:image\" content=\"https:\/\/maison4tiers.com\/ecrans-solidaires\/wp-content\/uploads\/sites\/76\/2023\/02\/ROJEK_affiche_WEB_LR-scaled.jpg\" \/>\n<script type=\"application\/ld+json\" class=\"yoast-schema-graph\">{\"@context\":\"https:\/\/schema.org\",\"@graph\":[{\"@type\":\"WebPage\",\"@id\":\"https:\/\/maison4tiers.com\/ecrans-solidaires\/product\/rojek\/\",\"url\":\"https:\/\/maison4tiers.com\/ecrans-solidaires\/product\/rojek\/\",\"name\":\"ROJEK - \u00c9crans solidaires - Film Qu\u00e9b\u00e9cois - \u00c9coutez-le ici!\",\"isPartOf\":{\"@id\":\"https:\/\/maison4tiers.com\/ecrans-solidaires\/#website\"},\"primaryImageOfPage\":{\"@id\":\"https:\/\/maison4tiers.com\/ecrans-solidaires\/product\/rojek\/#primaryimage\"},\"image\":{\"@id\":\"https:\/\/maison4tiers.com\/ecrans-solidaires\/product\/rojek\/#primaryimage\"},\"thumbnailUrl\":\"https:\/\/maison4tiers.com\/ecrans-solidaires\/wp-content\/uploads\/sites\/76\/2023\/02\/ROJEK_affiche_WEB_LR-scaled.jpg\",\"datePublished\":\"2023-02-14T19:46:10+00:00\",\"dateModified\":\"2024-08-19T17:11:21+00:00\",\"breadcrumb\":{\"@id\":\"https:\/\/maison4tiers.com\/ecrans-solidaires\/product\/rojek\/#breadcrumb\"},\"inLanguage\":\"fr-FR\",\"potentialAction\":[{\"@type\":\"ReadAction\",\"target\":[\"https:\/\/maison4tiers.com\/ecrans-solidaires\/product\/rojek\/\"]}]},{\"@type\":\"ImageObject\",\"inLanguage\":\"fr-FR\",\"@id\":\"https:\/\/maison4tiers.com\/ecrans-solidaires\/product\/rojek\/#primaryimage\",\"url\":\"https:\/\/maison4tiers.com\/ecrans-solidaires\/wp-content\/uploads\/sites\/76\/2023\/02\/ROJEK_affiche_WEB_LR-scaled.jpg\",\"contentUrl\":\"https:\/\/maison4tiers.com\/ecrans-solidaires\/wp-content\/uploads\/sites\/76\/2023\/02\/ROJEK_affiche_WEB_LR-scaled.jpg\",\"width\":1772,\"height\":2560},{\"@type\":\"BreadcrumbList\",\"@id\":\"https:\/\/maison4tiers.com\/ecrans-solidaires\/product\/rojek\/#breadcrumb\",\"itemListElement\":[{\"@type\":\"ListItem\",\"position\":1,\"name\":\"Home\",\"item\":\"https:\/\/maison4tiers.com\/ecrans-solidaires\/\"},{\"@type\":\"ListItem\",\"position\":2,\"name\":\"Films\",\"item\":\"https:\/\/maison4tiers.com\/ecrans-solidaires\/films\/\"},{\"@type\":\"ListItem\",\"position\":3,\"name\":\"ROJEK\"}]},{\"@type\":\"WebSite\",\"@id\":\"https:\/\/maison4tiers.com\/ecrans-solidaires\/#website\",\"url\":\"https:\/\/maison4tiers.com\/ecrans-solidaires\/\",\"name\":\"\u00c9crans solidaires\",\"description\":\"Distribution multiplateforme de films qu\u00e9b\u00e9cois et internationaux\",\"publisher\":{\"@id\":\"https:\/\/maison4tiers.com\/ecrans-solidaires\/#organization\"},\"potentialAction\":[{\"@type\":\"SearchAction\",\"target\":{\"@type\":\"EntryPoint\",\"urlTemplate\":\"https:\/\/maison4tiers.com\/ecrans-solidaires\/?s={search_term_string}\"},\"query-input\":{\"@type\":\"PropertyValueSpecification\",\"valueRequired\":true,\"valueName\":\"search_term_string\"}}],\"inLanguage\":\"fr-FR\"},{\"@type\":\"Organization\",\"@id\":\"https:\/\/maison4tiers.com\/ecrans-solidaires\/#organization\",\"name\":\"\u00c9crans solidaires\",\"url\":\"https:\/\/maison4tiers.com\/ecrans-solidaires\/\",\"logo\":{\"@type\":\"ImageObject\",\"inLanguage\":\"fr-FR\",\"@id\":\"https:\/\/maison4tiers.com\/ecrans-solidaires\/#\/schema\/logo\/image\/\",\"url\":\"https:\/\/maison4tiers.com\/ecrans-solidaires\/wp-content\/uploads\/sites\/76\/2020\/11\/favicon-196.png\",\"contentUrl\":\"https:\/\/maison4tiers.com\/ecrans-solidaires\/wp-content\/uploads\/sites\/76\/2020\/11\/favicon-196.png\",\"width\":196,\"height\":196,\"caption\":\"\u00c9crans solidaires\"},\"image\":{\"@id\":\"https:\/\/maison4tiers.com\/ecrans-solidaires\/#\/schema\/logo\/image\/\"}}]}<\/script>\n<!-- \/ Yoast SEO plugin. -->","yoast_head_json":{"title":"ROJEK - \u00c9crans solidaires - Film Qu\u00e9b\u00e9cois - \u00c9coutez-le ici!","robots":{"index":"noindex","follow":"follow","max-snippet":"max-snippet:-1","max-image-preview":"max-image-preview:large","max-video-preview":"max-video-preview:-1"},"og_locale":"fr_FR","og_type":"article","og_title":"Rojek","og_description":"DISPONIBLE EN DVD ET EN VID\u00c9O SUR DEMANDE ! ROJEK va a\u0300 la rencontre de membres incarce\u0301re\u0301s de l\u2019E\u0301tat islamique, et de leurs femmes de\u0301tenues dans des camps-prisons, provenant des quatre coins de la plane\u0300te et partageant un ide\u0301al commun : e\u0301tablir un califat. Confronte\u0301 aux croyances fondamentalistes des djihadistes, le film tente de retracer le de\u0301but, l\u2019apoge\u0301e et la chute de l\u2019E\u0301tat islamique (EI) a\u0300 travers leurs histoires personnelles. Ces conversations constituent le fil conducteur du documentaire au travers desquelles s\u2019entrelacent diverses se\u0301quences de\u0301crivant le Kurdistan syrien d\u2019apre\u0300s-guerre. ROJEK offre un regard intime sur une re\u0301alite\u0301 inconnue, te\u0301moignant de moments charnie\u0300res ve\u0301cus par les acteurs de ce conflit. Le film aborde comment cette guerre ide\u0301ologique n\u2019est que le de\u0301but d\u2019une nouvelle menace. &nbsp; \u00ab Zayn\u00ea Akyol n\u2019a pas froid aux yeux. \u00bb \u2605\u2605\u2605\u2605\u00bd\u00a0\u2013 LE DEVOIR \u00ab La r\u00e9alisatrice propose un regard intime sur une r\u00e9alit\u00e9 qui est largement m\u00e9connue.. \u00bb \u2605\u2605\u2605\u2605\u2605\u00a0\u2013 LE JOURNAL DE MONTR\u00c9AL &nbsp;  Voir les autres films documentaires  *Disponible au Canada seulement","og_url":"https:\/\/maison4tiers.com\/ecrans-solidaires\/product\/rojek\/","og_site_name":"\u00c9crans solidaires","article_modified_time":"2024-08-19T17:11:21+00:00","og_image":[{"width":1772,"height":2560,"url":"https:\/\/maison4tiers.com\/ecrans-solidaires\/wp-content\/uploads\/sites\/76\/2023\/02\/ROJEK_affiche_WEB_LR-scaled.jpg","type":"image\/jpeg"}],"twitter_card":"summary_large_image","twitter_title":"Rojek","twitter_image":"https:\/\/maison4tiers.com\/ecrans-solidaires\/wp-content\/uploads\/sites\/76\/2023\/02\/ROJEK_affiche_WEB_LR-scaled.jpg","schema":{"@context":"https:\/\/schema.org","@graph":[{"@type":"WebPage","@id":"https:\/\/maison4tiers.com\/ecrans-solidaires\/product\/rojek\/","url":"https:\/\/maison4tiers.com\/ecrans-solidaires\/product\/rojek\/","name":"ROJEK - \u00c9crans solidaires - Film Qu\u00e9b\u00e9cois - \u00c9coutez-le ici!","isPartOf":{"@id":"https:\/\/maison4tiers.com\/ecrans-solidaires\/#website"},"primaryImageOfPage":{"@id":"https:\/\/maison4tiers.com\/ecrans-solidaires\/product\/rojek\/#primaryimage"},"image":{"@id":"https:\/\/maison4tiers.com\/ecrans-solidaires\/product\/rojek\/#primaryimage"},"thumbnailUrl":"https:\/\/maison4tiers.com\/ecrans-solidaires\/wp-content\/uploads\/sites\/76\/2023\/02\/ROJEK_affiche_WEB_LR-scaled.jpg","datePublished":"2023-02-14T19:46:10+00:00","dateModified":"2024-08-19T17:11:21+00:00","breadcrumb":{"@id":"https:\/\/maison4tiers.com\/ecrans-solidaires\/product\/rojek\/#breadcrumb"},"inLanguage":"fr-FR","potentialAction":[{"@type":"ReadAction","target":["https:\/\/maison4tiers.com\/ecrans-solidaires\/product\/rojek\/"]}]},{"@type":"ImageObject","inLanguage":"fr-FR","@id":"https:\/\/maison4tiers.com\/ecrans-solidaires\/product\/rojek\/#primaryimage","url":"https:\/\/maison4tiers.com\/ecrans-solidaires\/wp-content\/uploads\/sites\/76\/2023\/02\/ROJEK_affiche_WEB_LR-scaled.jpg","contentUrl":"https:\/\/maison4tiers.com\/ecrans-solidaires\/wp-content\/uploads\/sites\/76\/2023\/02\/ROJEK_affiche_WEB_LR-scaled.jpg","width":1772,"height":2560},{"@type":"BreadcrumbList","@id":"https:\/\/maison4tiers.com\/ecrans-solidaires\/product\/rojek\/#breadcrumb","itemListElement":[{"@type":"ListItem","position":1,"name":"Home","item":"https:\/\/maison4tiers.com\/ecrans-solidaires\/"},{"@type":"ListItem","position":2,"name":"Films","item":"https:\/\/maison4tiers.com\/ecrans-solidaires\/films\/"},{"@type":"ListItem","position":3,"name":"ROJEK"}]},{"@type":"WebSite","@id":"https:\/\/maison4tiers.com\/ecrans-solidaires\/#website","url":"https:\/\/maison4tiers.com\/ecrans-solidaires\/","name":"\u00c9crans solidaires","description":"Distribution multiplateforme de films qu\u00e9b\u00e9cois et internationaux","publisher":{"@id":"https:\/\/maison4tiers.com\/ecrans-solidaires\/#organization"},"potentialAction":[{"@type":"SearchAction","target":{"@type":"EntryPoint","urlTemplate":"https:\/\/maison4tiers.com\/ecrans-solidaires\/?s={search_term_string}"},"query-input":{"@type":"PropertyValueSpecification","valueRequired":true,"valueName":"search_term_string"}}],"inLanguage":"fr-FR"},{"@type":"Organization","@id":"https:\/\/maison4tiers.com\/ecrans-solidaires\/#organization","name":"\u00c9crans solidaires","url":"https:\/\/maison4tiers.com\/ecrans-solidaires\/","logo":{"@type":"ImageObject","inLanguage":"fr-FR","@id":"https:\/\/maison4tiers.com\/ecrans-solidaires\/#\/schema\/logo\/image\/","url":"https:\/\/maison4tiers.com\/ecrans-solidaires\/wp-content\/uploads\/sites\/76\/2020\/11\/favicon-196.png","contentUrl":"https:\/\/maison4tiers.com\/ecrans-solidaires\/wp-content\/uploads\/sites\/76\/2020\/11\/favicon-196.png","width":196,"height":196,"caption":"\u00c9crans solidaires"},"image":{"@id":"https:\/\/maison4tiers.com\/ecrans-solidaires\/#\/schema\/logo\/image\/"}}]}},"jetpack_sharing_enabled":true,"_links":{"self":[{"href":"https:\/\/maison4tiers.com\/ecrans-solidaires\/wp-json\/wp\/v2\/product\/12037","targetHints":{"allow":["GET"]}}],"collection":[{"href":"https:\/\/maison4tiers.com\/ecrans-solidaires\/wp-json\/wp\/v2\/product"}],"about":[{"href":"https:\/\/maison4tiers.com\/ecrans-solidaires\/wp-json\/wp\/v2\/types\/product"}],"wp:featuredmedia":[{"embeddable":true,"href":"https:\/\/maison4tiers.com\/ecrans-solidaires\/wp-json\/wp\/v2\/media\/12778"}],"wp:attachment":[{"href":"https:\/\/maison4tiers.com\/ecrans-solidaires\/wp-json\/wp\/v2\/media?parent=12037"}],"wp:term":[{"taxonomy":"product_brand","embeddable":true,"href":"https:\/\/maison4tiers.com\/ecrans-solidaires\/wp-json\/wp\/v2\/product_brand?post=12037"},{"taxonomy":"product_cat","embeddable":true,"href":"https:\/\/maison4tiers.com\/ecrans-solidaires\/wp-json\/wp\/v2\/product_cat?post=12037"},{"taxonomy":"product_tag","embeddable":true,"href":"https:\/\/maison4tiers.com\/ecrans-solidaires\/wp-json\/wp\/v2\/product_tag?post=12037"}],"curies":[{"name":"wp","href":"https:\/\/api.w.org\/{rel}","templated":true}]}}