{"id":11754,"date":"2023-01-31T11:37:57","date_gmt":"2023-01-31T15:37:57","guid":{"rendered":"https:\/\/maison4tiers.com\/?post_type=product&#038;p=11754"},"modified":"2024-08-19T22:47:14","modified_gmt":"2024-08-20T02:47:14","slug":"lorigine-du-mal","status":"publish","type":"product","link":"https:\/\/maison4tiers.com\/ecrans-solidaires\/product\/lorigine-du-mal\/","title":{"rendered":"L&rsquo;ORIGINE DU MAL"},"excerpt":{"rendered":"<h4><strong>MAINTENANT DISPONIBLE EN DVD ET VID\u00c9O SUR DEMANDE<\/strong>!<\/h4>\n<p>Dans une luxueuse villa en bord de mer, une jeune femme modeste retrouve une \u00e9trange famille : un p\u00e8re inconnu et tr\u00e8s riche, son \u00e9pouse fantasque, sa fille, une femme d\u2019affaires ambitieuse, une ado rebelle ainsi qu\u2019une inqui\u00e9tante servante. Quelqu\u2019un ment. Entre suspicions et mensonges, le myst\u00e8re s\u2019installe et le mal se r\u00e9pand\u2026<\/p>\n<p>&nbsp;<\/p>\n<blockquote><p><em>\u00ab L&rsquo;UN DES MEILLEURS R\u00d4LES DE SUZANNE CL\u00c9MENT.\u00bb<br \/>\n<\/em><a href=\"https:\/\/www.lapresse.ca\/cinema\/2022-09-02\/la-presse-a-la-79e-mostra-de-venise\/vus-a-venise.php\" target=\"_blank\" rel=\"noopener\">\u2605\u2605\u2605\u00bd<strong> \u2013 LA PRESSE<\/strong><\/a><\/p>\n<p><em>\u00ab Avec L&rsquo;origine du mal, le Fran\u00e7ais S\u00e9bastien Marnier signe une proposition baroque et inclassable, \u00e0 la jonction du suspense, du drame familial et de la com\u00e9die noire..\u00bb<br \/>\n<\/em><a href=\"https:\/\/www.lesoleil.com\/2023\/01\/12\/le-foisonnant-et-inclassable-suspense-de-lorigine-du-malvideo-a583bb60c3c7cc047b34f7c367b7caec\" target=\"_blank\" rel=\"noopener\">\u2605\u2605\u2605\u00bd<strong> \u2013 LE SOLEIL<\/strong><\/a><\/p>\n<p><em>\u00ab L&rsquo;un des meilleurs films fran\u00e7ais de l&rsquo;ann\u00e9e.\u00bb<\/em><br \/>\n<strong>\u00a0<a href=\"https:\/\/www.parismatch.com\/culture\/cinema\/lorigine-du-mal-de-sebastien-marnier-la-critique-et-la-bande-annonce-217062\" target=\"_blank\" rel=\"noopener\">\u2013 PARIS MATCH<\/a><\/strong><\/p><\/blockquote>\n<p>&nbsp;<\/p>\n<p><a href=\"https:\/\/maison4tiers.com\/categorie-produit\/film\/quebecois\/\" target=\"_blank\" rel=\"noopener\"><span style=\"text-decoration: underline;\">Voir les autres films qu\u00e9b\u00e9cois<\/span><\/a><\/p>\n<p>*Disponible au Canada seulement<\/p>\n","protected":false},"featured_media":11762,"template":"","meta":{"_acf_changed":false,"_eb_attr":""},"product_brand":[],"product_cat":[105,120,45,119,121,136,131,142],"product_tag":[449,441,442,446,447,440,315,435,438,156,437,445,450,451,448,436,264,444,443,175,160,439,253,452],"class_list":{"0":"post-11754","1":"product","2":"type-product","3":"status-publish","4":"has-post-thumbnail","6":"product_cat-drame","7":"product_cat-fiction","8":"product_cat-film","9":"product_cat-quebecois","10":"product_cat-societe","11":"product_cat-dvd","12":"product_cat-touslesfilms","13":"product_cat-numerique","14":"product_tag-agatha-christie","15":"product_tag-dominique-blanc","16":"product_tag-doria-tillier","17":"product_tag-fortune","18":"product_tag-heritage","19":"product_tag-jacques-weber","20":"product_tag-justice","21":"product_tag-lorigine-du-mal","22":"product_tag-laure-calamy","23":"product_tag-lgbtq","24":"product_tag-mal","25":"product_tag-manoir","26":"product_tag-mensonge","27":"product_tag-mensonges","28":"product_tag-meurtre","29":"product_tag-origine","30":"product_tag-policier","31":"product_tag-riche","32":"product_tag-richesse","33":"product_tag-sebastien-marnier","34":"product_tag-suspense","35":"product_tag-suzanne-clement","36":"product_tag-thriller","37":"product_tag-usurpation-didentite","39":"first","40":"instock","41":"taxable","42":"shipping-taxable","43":"purchasable","44":"product-type-variable","45":"has-default-attributes"},"acf":[],"yoast_head":"<!-- This site is optimized with the Yoast SEO plugin v27.0 - https:\/\/yoast.com\/product\/yoast-seo-wordpress\/ -->\n<title>L&#039;ORIGINE DU MAL - \u00c9crans solidaires - Film qu\u00e9b\u00e9cois - \u00c9coutez-le !<\/title>\n<meta name=\"description\" content=\"L&#039;origine du mal. Dans une villa en bord de mer, une jeune femme modeste retrouve une \u00e9trange famille. Entre suspicions et mensonges, le myst\u00e8re s\u2019installe.\" \/>\n<meta name=\"robots\" content=\"noindex, follow, max-snippet:-1, max-image-preview:large, max-video-preview:-1\" \/>\n<meta property=\"og:locale\" content=\"fr_FR\" \/>\n<meta property=\"og:type\" content=\"article\" \/>\n<meta property=\"og:title\" content=\"L&#039;origine du mal\" \/>\n<meta property=\"og:description\" content=\"L&#039;origine du mal. Dans une villa en bord de mer, une jeune femme modeste retrouve une \u00e9trange famille. Entre suspicions et mensonges, le myst\u00e8re s\u2019installe.\" \/>\n<meta property=\"og:url\" content=\"https:\/\/maison4tiers.com\/ecrans-solidaires\/product\/lorigine-du-mal\/\" \/>\n<meta property=\"og:site_name\" content=\"\u00c9crans solidaires\" \/>\n<meta property=\"article:modified_time\" content=\"2024-08-20T02:47:14+00:00\" \/>\n<meta property=\"og:image\" content=\"https:\/\/maison4tiers.com\/ecrans-solidaires\/wp-content\/uploads\/sites\/76\/2023\/01\/OrigineMal_affiche_27x39_bande_clean-scaled.jpg\" \/>\n\t<meta property=\"og:image:width\" content=\"1772\" \/>\n\t<meta property=\"og:image:height\" content=\"2560\" \/>\n\t<meta property=\"og:image:type\" content=\"image\/jpeg\" \/>\n<meta name=\"twitter:card\" content=\"summary_large_image\" \/>\n<meta name=\"twitter:title\" content=\"L&#039;origine du mal\" \/>\n<meta name=\"twitter:description\" content=\"L&#039;origine du mal. Dans une villa en bord de mer, une jeune femme modeste retrouve une \u00e9trange famille. Entre suspicions et mensonges, le myst\u00e8re s\u2019installe.\" \/>\n<meta name=\"twitter:image\" content=\"https:\/\/maison4tiers.com\/ecrans-solidaires\/wp-content\/uploads\/sites\/76\/2023\/01\/OrigineMal_affiche_27x39_bande_clean-scaled.jpg\" \/>\n<script type=\"application\/ld+json\" class=\"yoast-schema-graph\">{\"@context\":\"https:\/\/schema.org\",\"@graph\":[{\"@type\":\"WebPage\",\"@id\":\"https:\/\/maison4tiers.com\/ecrans-solidaires\/product\/lorigine-du-mal\/\",\"url\":\"https:\/\/maison4tiers.com\/ecrans-solidaires\/product\/lorigine-du-mal\/\",\"name\":\"L'ORIGINE DU MAL - \u00c9crans solidaires - Film qu\u00e9b\u00e9cois - \u00c9coutez-le !\",\"isPartOf\":{\"@id\":\"https:\/\/maison4tiers.com\/ecrans-solidaires\/#website\"},\"primaryImageOfPage\":{\"@id\":\"https:\/\/maison4tiers.com\/ecrans-solidaires\/product\/lorigine-du-mal\/#primaryimage\"},\"image\":{\"@id\":\"https:\/\/maison4tiers.com\/ecrans-solidaires\/product\/lorigine-du-mal\/#primaryimage\"},\"thumbnailUrl\":\"https:\/\/maison4tiers.com\/ecrans-solidaires\/wp-content\/uploads\/sites\/76\/2023\/01\/OrigineMal_affiche_27x39_bande_clean-scaled.jpg\",\"datePublished\":\"2023-01-31T15:37:57+00:00\",\"dateModified\":\"2024-08-20T02:47:14+00:00\",\"description\":\"L'origine du mal. Dans une villa en bord de mer, une jeune femme modeste retrouve une \u00e9trange famille. Entre suspicions et mensonges, le myst\u00e8re s\u2019installe.\",\"breadcrumb\":{\"@id\":\"https:\/\/maison4tiers.com\/ecrans-solidaires\/product\/lorigine-du-mal\/#breadcrumb\"},\"inLanguage\":\"fr-FR\",\"potentialAction\":[{\"@type\":\"ReadAction\",\"target\":[\"https:\/\/maison4tiers.com\/ecrans-solidaires\/product\/lorigine-du-mal\/\"]}]},{\"@type\":\"ImageObject\",\"inLanguage\":\"fr-FR\",\"@id\":\"https:\/\/maison4tiers.com\/ecrans-solidaires\/product\/lorigine-du-mal\/#primaryimage\",\"url\":\"https:\/\/maison4tiers.com\/ecrans-solidaires\/wp-content\/uploads\/sites\/76\/2023\/01\/OrigineMal_affiche_27x39_bande_clean-scaled.jpg\",\"contentUrl\":\"https:\/\/maison4tiers.com\/ecrans-solidaires\/wp-content\/uploads\/sites\/76\/2023\/01\/OrigineMal_affiche_27x39_bande_clean-scaled.jpg\",\"width\":1772,\"height\":2560},{\"@type\":\"BreadcrumbList\",\"@id\":\"https:\/\/maison4tiers.com\/ecrans-solidaires\/product\/lorigine-du-mal\/#breadcrumb\",\"itemListElement\":[{\"@type\":\"ListItem\",\"position\":1,\"name\":\"Home\",\"item\":\"https:\/\/maison4tiers.com\/ecrans-solidaires\/\"},{\"@type\":\"ListItem\",\"position\":2,\"name\":\"Films\",\"item\":\"https:\/\/maison4tiers.com\/ecrans-solidaires\/films\/\"},{\"@type\":\"ListItem\",\"position\":3,\"name\":\"L&#8217;ORIGINE DU MAL\"}]},{\"@type\":\"WebSite\",\"@id\":\"https:\/\/maison4tiers.com\/ecrans-solidaires\/#website\",\"url\":\"https:\/\/maison4tiers.com\/ecrans-solidaires\/\",\"name\":\"\u00c9crans solidaires\",\"description\":\"Distribution multiplateforme de films qu\u00e9b\u00e9cois et internationaux\",\"publisher\":{\"@id\":\"https:\/\/maison4tiers.com\/ecrans-solidaires\/#organization\"},\"potentialAction\":[{\"@type\":\"SearchAction\",\"target\":{\"@type\":\"EntryPoint\",\"urlTemplate\":\"https:\/\/maison4tiers.com\/ecrans-solidaires\/?s={search_term_string}\"},\"query-input\":{\"@type\":\"PropertyValueSpecification\",\"valueRequired\":true,\"valueName\":\"search_term_string\"}}],\"inLanguage\":\"fr-FR\"},{\"@type\":\"Organization\",\"@id\":\"https:\/\/maison4tiers.com\/ecrans-solidaires\/#organization\",\"name\":\"\u00c9crans solidaires\",\"url\":\"https:\/\/maison4tiers.com\/ecrans-solidaires\/\",\"logo\":{\"@type\":\"ImageObject\",\"inLanguage\":\"fr-FR\",\"@id\":\"https:\/\/maison4tiers.com\/ecrans-solidaires\/#\/schema\/logo\/image\/\",\"url\":\"https:\/\/maison4tiers.com\/ecrans-solidaires\/wp-content\/uploads\/sites\/76\/2020\/11\/favicon-196.png\",\"contentUrl\":\"https:\/\/maison4tiers.com\/ecrans-solidaires\/wp-content\/uploads\/sites\/76\/2020\/11\/favicon-196.png\",\"width\":196,\"height\":196,\"caption\":\"\u00c9crans solidaires\"},\"image\":{\"@id\":\"https:\/\/maison4tiers.com\/ecrans-solidaires\/#\/schema\/logo\/image\/\"}}]}<\/script>\n<!-- \/ Yoast SEO plugin. -->","yoast_head_json":{"title":"L'ORIGINE DU MAL - \u00c9crans solidaires - Film qu\u00e9b\u00e9cois - \u00c9coutez-le !","description":"L'origine du mal. Dans une villa en bord de mer, une jeune femme modeste retrouve une \u00e9trange famille. Entre suspicions et mensonges, le myst\u00e8re s\u2019installe.","robots":{"index":"noindex","follow":"follow","max-snippet":"max-snippet:-1","max-image-preview":"max-image-preview:large","max-video-preview":"max-video-preview:-1"},"og_locale":"fr_FR","og_type":"article","og_title":"L'origine du mal","og_description":"L'origine du mal. Dans une villa en bord de mer, une jeune femme modeste retrouve une \u00e9trange famille. Entre suspicions et mensonges, le myst\u00e8re s\u2019installe.","og_url":"https:\/\/maison4tiers.com\/ecrans-solidaires\/product\/lorigine-du-mal\/","og_site_name":"\u00c9crans solidaires","article_modified_time":"2024-08-20T02:47:14+00:00","og_image":[{"width":1772,"height":2560,"url":"https:\/\/maison4tiers.com\/ecrans-solidaires\/wp-content\/uploads\/sites\/76\/2023\/01\/OrigineMal_affiche_27x39_bande_clean-scaled.jpg","type":"image\/jpeg"}],"twitter_card":"summary_large_image","twitter_title":"L'origine du mal","twitter_description":"L'origine du mal. Dans une villa en bord de mer, une jeune femme modeste retrouve une \u00e9trange famille. Entre suspicions et mensonges, le myst\u00e8re s\u2019installe.","twitter_image":"https:\/\/maison4tiers.com\/ecrans-solidaires\/wp-content\/uploads\/sites\/76\/2023\/01\/OrigineMal_affiche_27x39_bande_clean-scaled.jpg","schema":{"@context":"https:\/\/schema.org","@graph":[{"@type":"WebPage","@id":"https:\/\/maison4tiers.com\/ecrans-solidaires\/product\/lorigine-du-mal\/","url":"https:\/\/maison4tiers.com\/ecrans-solidaires\/product\/lorigine-du-mal\/","name":"L'ORIGINE DU MAL - \u00c9crans solidaires - Film qu\u00e9b\u00e9cois - \u00c9coutez-le !","isPartOf":{"@id":"https:\/\/maison4tiers.com\/ecrans-solidaires\/#website"},"primaryImageOfPage":{"@id":"https:\/\/maison4tiers.com\/ecrans-solidaires\/product\/lorigine-du-mal\/#primaryimage"},"image":{"@id":"https:\/\/maison4tiers.com\/ecrans-solidaires\/product\/lorigine-du-mal\/#primaryimage"},"thumbnailUrl":"https:\/\/maison4tiers.com\/ecrans-solidaires\/wp-content\/uploads\/sites\/76\/2023\/01\/OrigineMal_affiche_27x39_bande_clean-scaled.jpg","datePublished":"2023-01-31T15:37:57+00:00","dateModified":"2024-08-20T02:47:14+00:00","description":"L'origine du mal. Dans une villa en bord de mer, une jeune femme modeste retrouve une \u00e9trange famille. Entre suspicions et mensonges, le myst\u00e8re s\u2019installe.","breadcrumb":{"@id":"https:\/\/maison4tiers.com\/ecrans-solidaires\/product\/lorigine-du-mal\/#breadcrumb"},"inLanguage":"fr-FR","potentialAction":[{"@type":"ReadAction","target":["https:\/\/maison4tiers.com\/ecrans-solidaires\/product\/lorigine-du-mal\/"]}]},{"@type":"ImageObject","inLanguage":"fr-FR","@id":"https:\/\/maison4tiers.com\/ecrans-solidaires\/product\/lorigine-du-mal\/#primaryimage","url":"https:\/\/maison4tiers.com\/ecrans-solidaires\/wp-content\/uploads\/sites\/76\/2023\/01\/OrigineMal_affiche_27x39_bande_clean-scaled.jpg","contentUrl":"https:\/\/maison4tiers.com\/ecrans-solidaires\/wp-content\/uploads\/sites\/76\/2023\/01\/OrigineMal_affiche_27x39_bande_clean-scaled.jpg","width":1772,"height":2560},{"@type":"BreadcrumbList","@id":"https:\/\/maison4tiers.com\/ecrans-solidaires\/product\/lorigine-du-mal\/#breadcrumb","itemListElement":[{"@type":"ListItem","position":1,"name":"Home","item":"https:\/\/maison4tiers.com\/ecrans-solidaires\/"},{"@type":"ListItem","position":2,"name":"Films","item":"https:\/\/maison4tiers.com\/ecrans-solidaires\/films\/"},{"@type":"ListItem","position":3,"name":"L&#8217;ORIGINE DU MAL"}]},{"@type":"WebSite","@id":"https:\/\/maison4tiers.com\/ecrans-solidaires\/#website","url":"https:\/\/maison4tiers.com\/ecrans-solidaires\/","name":"\u00c9crans solidaires","description":"Distribution multiplateforme de films qu\u00e9b\u00e9cois et internationaux","publisher":{"@id":"https:\/\/maison4tiers.com\/ecrans-solidaires\/#organization"},"potentialAction":[{"@type":"SearchAction","target":{"@type":"EntryPoint","urlTemplate":"https:\/\/maison4tiers.com\/ecrans-solidaires\/?s={search_term_string}"},"query-input":{"@type":"PropertyValueSpecification","valueRequired":true,"valueName":"search_term_string"}}],"inLanguage":"fr-FR"},{"@type":"Organization","@id":"https:\/\/maison4tiers.com\/ecrans-solidaires\/#organization","name":"\u00c9crans solidaires","url":"https:\/\/maison4tiers.com\/ecrans-solidaires\/","logo":{"@type":"ImageObject","inLanguage":"fr-FR","@id":"https:\/\/maison4tiers.com\/ecrans-solidaires\/#\/schema\/logo\/image\/","url":"https:\/\/maison4tiers.com\/ecrans-solidaires\/wp-content\/uploads\/sites\/76\/2020\/11\/favicon-196.png","contentUrl":"https:\/\/maison4tiers.com\/ecrans-solidaires\/wp-content\/uploads\/sites\/76\/2020\/11\/favicon-196.png","width":196,"height":196,"caption":"\u00c9crans solidaires"},"image":{"@id":"https:\/\/maison4tiers.com\/ecrans-solidaires\/#\/schema\/logo\/image\/"}}]}},"jetpack_sharing_enabled":true,"_links":{"self":[{"href":"https:\/\/maison4tiers.com\/ecrans-solidaires\/wp-json\/wp\/v2\/product\/11754","targetHints":{"allow":["GET"]}}],"collection":[{"href":"https:\/\/maison4tiers.com\/ecrans-solidaires\/wp-json\/wp\/v2\/product"}],"about":[{"href":"https:\/\/maison4tiers.com\/ecrans-solidaires\/wp-json\/wp\/v2\/types\/product"}],"wp:featuredmedia":[{"embeddable":true,"href":"https:\/\/maison4tiers.com\/ecrans-solidaires\/wp-json\/wp\/v2\/media\/11762"}],"wp:attachment":[{"href":"https:\/\/maison4tiers.com\/ecrans-solidaires\/wp-json\/wp\/v2\/media?parent=11754"}],"wp:term":[{"taxonomy":"product_brand","embeddable":true,"href":"https:\/\/maison4tiers.com\/ecrans-solidaires\/wp-json\/wp\/v2\/product_brand?post=11754"},{"taxonomy":"product_cat","embeddable":true,"href":"https:\/\/maison4tiers.com\/ecrans-solidaires\/wp-json\/wp\/v2\/product_cat?post=11754"},{"taxonomy":"product_tag","embeddable":true,"href":"https:\/\/maison4tiers.com\/ecrans-solidaires\/wp-json\/wp\/v2\/product_tag?post=11754"}],"curies":[{"name":"wp","href":"https:\/\/api.w.org\/{rel}","templated":true}]}}