{"id":3,"date":"2020-11-18T13:46:05","date_gmt":"2020-11-18T13:46:05","guid":{"rendered":"https:\/\/maison4tiers.com\/?page_id=3"},"modified":"2021-03-01T17:35:38","modified_gmt":"2021-03-01T21:35:38","slug":"politique-de-confidentialite","status":"publish","type":"page","link":"https:\/\/maison4tiers.com\/ecrans-solidaires\/politique-de-confidentialite\/","title":{"rendered":"Politique de confidentialit\u00e9"},"content":{"rendered":"\n<h2 class=\"wp-block-heading\">COLLECTE DE DONN\u00c9ES<\/h2>\n\n\n\n<h3 class=\"wp-block-heading\">INFORMATIONS PERSONNELLES<\/h3>\n\n\n\n<p>Ceci est la politique de confidentialit\u00e9 de Maison 4tiers (ci-apr\u00e8s d\u00e9nomm\u00e9e \u00abnous\u00bb ou \u00abnous\u00bb). Cette politique de confidentialit\u00e9 d\u00e9crit comment vos informations personnelles sont collect\u00e9es, utilis\u00e9es et partag\u00e9es lorsque vous utilisez notre service de streaming, Maison 4tiers via notre site Web ((https:\/\/maison4tiers.com\/, https:\/\/boutique.maison4tiers.com, <a href=\"https:\/\/voir.maison4tiers.com\/privacy\" target=\"_blank\" rel=\"noreferrer noopener\">https:\/\/voir.maison4tiers.com\/<\/a>) ou l&rsquo;une de nos applications de marque (ensemble, le \u00abService\u00bb).<\/p>\n\n\n\n<p>En utilisant le Service, vous acceptez la collecte, l&rsquo;utilisation et la divulgation de vos informations comme d\u00e9crit dans cette politique de confidentialit\u00e9. Nous pouvons modifier cette politique de confidentialit\u00e9 de temps \u00e0 autre. Votre utilisation continue du Service constitue votre acceptation de toute politique de confidentialit\u00e9 mise \u00e0 jour sur une base prospective.<\/p>\n\n\n\n<p><\/p>\n\n\n\n<h2 class=\"wp-block-heading\"><strong>INFORMATIONS PERSONNELLES QUE NOUS COLLECTONS<\/strong><\/h2>\n\n\n\n<p>Lorsque vous utilisez le Service, nous collectons les types d&rsquo;informations personnelles suivants:<\/p>\n\n\n\n<p><\/p>\n\n\n\n<h3 class=\"wp-block-heading\"><strong>Informations d&rsquo;enregistrement de compte<\/strong><\/h3>\n\n\n\n<p>Pour vous inscrire \u00e0 un essai gratuit ou effectuer un achat, vous devez cr\u00e9er un compte en nous fournissant votre adresse e-mail et un mot de passe. Vous pouvez \u00e9galement cr\u00e9er un nom d&rsquo;utilisateur et t\u00e9l\u00e9charger un avatar \u00e0 utiliser pour les commentaires ou les forums.<\/p>\n\n\n\n<p><\/p>\n\n\n\n<h3 class=\"wp-block-heading\"><strong>Informations de paiement<\/strong><\/h3>\n\n\n\n<p>Vous devez \u00e9galement fournir des informations de carte de paiement valides si vous souhaitez vous inscrire pour un essai gratuit, un abonnement ou effectuer tout autre achat. \u00c0 l&rsquo;exception du nom associ\u00e9 \u00e0 votre carte et des informations sur la transaction (par exemple, l&rsquo;heure de la transaction, le montant), les informations de carte de paiement sont collect\u00e9es directement par un fournisseur de paiement tiers et ne sont ni re\u00e7ues ni stock\u00e9es par nous.<\/p>\n\n\n\n<p><\/p>\n\n\n\n<h3 class=\"wp-block-heading\"><strong>Informations collect\u00e9es automatiquement<\/strong><\/h3>\n\n\n\n<p>Chaque fois que vous visitez le Service, nous recueillons automatiquement certaines informations sur votre appareil et votre interaction avec le Service. Cela peut inclure votre activit\u00e9 de visualisation, votre adresse IP, les informations de localisation, le type de votre navigateur, votre fournisseur de services Internet (FAI), les pages de renvoi \/ sortie, votre syst\u00e8me d&rsquo;exploitation, les horodatages et les m\u00e9tadonn\u00e9es associ\u00e9es.<\/p>\n\n\n\n<p><\/p>\n\n\n\n<h3 class=\"wp-block-heading\"><strong>Commentaires<\/strong><\/h3>\n\n\n\n<p>Nous pouvons offrir la possibilit\u00e9 de fournir des commentaires ou de publier des messages dans un forum. Tous les messages que vous publiez seront accessibles au public.<\/p>\n\n\n\n<p><\/p>\n\n\n\n<h3 class=\"wp-block-heading\"><strong>Les autres informations<\/strong><\/h3>\n\n\n\n<p>Vous pouvez \u00e9galement choisir de fournir d&rsquo;autres informations vous concernant dans le cadre d&rsquo;enqu\u00eates, de concours, d&rsquo;offres sp\u00e9ciales, de demandes de support client et d&rsquo;autres communications avec nous.<\/p>\n\n\n\n<p><\/p>\n\n\n\n<h2 class=\"wp-block-heading\"><strong>COMMENT NOUS UTILISONS VOS INFORMATIONS<\/strong><\/h2>\n\n\n\n<p>Nous pouvons utiliser les informations collect\u00e9es \u00e0 votre sujet pour:<\/p>\n\n\n\n<ul class=\"wp-block-list\"><li>Ex\u00e9cuter vos commandes et vous livrer du contenu;<\/li><li>Vous envoyer des communications marketing (selon vos pr\u00e9f\u00e9rences);<\/li><li>Vous fournir un support client;<\/li><li>Analyser la fa\u00e7on dont le service est utilis\u00e9 pour le d\u00e9pannage et les am\u00e9liorations;<\/li><li>Communiquer avec toi;<\/li><li>Recouvrer les dettes, pr\u00e9venir la fraude et prot\u00e9ger l&rsquo;int\u00e9grit\u00e9 du service;<\/li><li>Faire respecter nos droits l\u00e9gaux;<\/li><li>Publicit\u00e9 et \/ ou reciblage<\/li><\/ul>\n\n\n\n<p><\/p>\n\n\n\n<h2 class=\"wp-block-heading\"><strong>DIVULGATIONS \u00c0 DES TIERS<\/strong><\/h2>\n\n\n\n<p>Nous pouvons divulguer vos informations aux types de tiers suivants:<\/p>\n\n\n\n<p><\/p>\n\n\n\n<h3 class=\"wp-block-heading\"><strong>Fournisseurs de services autoris\u00e9s<\/strong><\/h3>\n\n\n\n<p>Nous partageons vos informations avec les prestataires de services autoris\u00e9s impliqu\u00e9s dans l&rsquo;exploitation du Service. Par exemple, nous utilisons Vimeo OTT pour alimenter le service et fournir un support client. Vous pouvez en savoir plus sur la fa\u00e7on dont Vimeo utilise vos informations personnelles ici: vimeo.com\/privacy. Nos prestataires de services agr\u00e9\u00e9s comprennent \u00e9galement des prestataires de paiement, des prestataires de services de messagerie et des soci\u00e9t\u00e9s d&rsquo;analyse. [[ajouter une r\u00e9f\u00e9rence \u00e0 tout autre fournisseur de services ayant acc\u00e8s aux donn\u00e9es des utilisateurs, c&rsquo;est-\u00e0-dire les agences de publicit\u00e9]]<\/p>\n\n\n\n<p><\/p>\n\n\n\n<h3 class=\"wp-block-heading\"><strong>Situations juridiques<\/strong><\/h3>\n\n\n\n<p>Nous pouvons divulguer vos informations lorsque nous croyons de bonne foi que la conformit\u00e9 est requise par un mandat de perquisition, une citation \u00e0 compara\u00eetre, une ordonnance du tribunal ou une demande similaire d&rsquo;une application de la loi ou d&rsquo;un autre organisme gouvernemental.<\/p>\n\n\n\n<p><\/p>\n\n\n\n<h3 class=\"wp-block-heading\"><strong>Au public<\/strong><\/h3>\n\n\n\n<p>Nous pouvons divulguer publiquement des statistiques d&rsquo;utilisateurs agr\u00e9g\u00e9es et d&rsquo;autres informations, qui ne sont pas consid\u00e9r\u00e9es comme des informations personnelles. Si vous commentez une vid\u00e9o ou participez \u00e0 un forum, votre commentaire sera partag\u00e9 publiquement.<\/p>\n\n\n\n<p><\/p>\n\n\n\n<h2 class=\"wp-block-heading\"><strong>PUBLICIT\u00c9 CIBL\u00c9E<\/strong><\/h2>\n\n\n\n<p>Nous pouvons utiliser vos informations personnelles pour vous fournir des publicit\u00e9s cibl\u00e9es ou des communications marketing susceptibles de vous int\u00e9resser.<\/p>\n\n\n\n<p>Vous pouvez limiter l&rsquo;utilisation de vos informations \u00e0 des fins de publicit\u00e9 cibl\u00e9e en utilisant un certain nombre de m\u00e9thodes:<\/p>\n\n\n\n<ul class=\"wp-block-list\"><li>Via l&rsquo;outil de la Digital Advertising Alliance disponible sur optout.aboutads.info, qui vous permet de d\u00e9sactiver les publicit\u00e9s bas\u00e9es sur vos centres d&rsquo;int\u00e9r\u00eat sur les sites Web.<\/li><li>Via l&rsquo;application mobile AppChoices, disponible sur https:\/\/www.youradchoices.com\/appchoices, qui vous permet de d\u00e9sactiver les publicit\u00e9s bas\u00e9es sur les centres d&rsquo;int\u00e9r\u00eat dans les applications mobiles.<\/li><\/ul>\n\n\n\n<p><\/p>\n\n\n\n<h3 class=\"wp-block-heading\"><strong>Utilisation des fonctionnalit\u00e9s de d\u00e9sactivation sp\u00e9cifiques \u00e0 la plate-forme:<\/strong><\/h3>\n\n\n\n<ul class=\"wp-block-list\"><li>Google: https:\/\/adssettings.google.com\/<\/li><li>Facebook: https:\/\/www.facebook.com\/about\/ads<\/li><\/ul>\n\n\n\n<p><\/p>\n\n\n\n<p>En configurant les param\u00e8tres de votre navigateur et \/ ou les param\u00e8tres mobiles pour restreindre les cookies tiers et \/ ou l&rsquo;utilisation de l&rsquo;identifiant publicitaire associ\u00e9 \u00e0 votre appareil mobile \u00e0 des fins de publicit\u00e9 cibl\u00e9e par centres d&rsquo;int\u00e9r\u00eat.<\/p>\n\n\n\n<p>Les options d\u00e9crites ci-dessus doivent \u00eatre d\u00e9finies sur chacun de vos appareils pour s&rsquo;appliquer. Toutes les entreprises qui diffusent des publicit\u00e9s bas\u00e9es sur les centres d&rsquo;int\u00e9r\u00eat ne participent pas aux programmes de d\u00e9sactivation de l&rsquo;industrie de la publicit\u00e9 d\u00e9crits ci-dessus. Par cons\u00e9quent, m\u00eame apr\u00e8s la d\u00e9sactivation, vous pouvez toujours recevoir des cookies et des publicit\u00e9s bas\u00e9es sur les centres d&rsquo;int\u00e9r\u00eat d&rsquo;autres entreprises.<\/p>\n\n\n\n<p><\/p>\n\n\n\n<h2 class=\"wp-block-heading\"><strong>COURRIEL<\/strong>S<\/h2>\n\n\n\n<p>Lorsque vous cr\u00e9ez un compte, vous pouvez recevoir certains e-mails:<\/p>\n\n\n\n<ul class=\"wp-block-list\"><li>E-mails de transaction: lorsque vous cr\u00e9ez un compte pour la premi\u00e8re fois, nous pouvons vous envoyer un e-mail de bienvenue contenant des informations sur votre abonnement et votre compte. Si vous effectuez un achat, nous pouvons vous envoyer un e-mail confirmant votre achat. Nous pouvons \u00e9galement vous envoyer d&rsquo;autres e-mails concernant l&rsquo;\u00e9tat de votre compte et les renouvellements. Vous ne pouvez pas d\u00e9sactiver les e-mails transactionnels.<\/li><li>E-mails marketing: en fonction de vos pr\u00e9f\u00e9rences, nous pouvons vous envoyer des e-mails vous informant des nouveaux programmes ou fonctionnalit\u00e9s, ou des promotions. Vous pouvez d\u00e9sactiver ces e-mails \u00e0 tout moment dans votre e-mail re\u00e7u.<\/li><\/ul>\n\n\n\n<p><\/p>\n\n\n\n<h2 class=\"wp-block-heading\"><strong>VOS DROITS DE CONFIDENTIALIT\u00c9<\/strong><\/h2>\n\n\n\n<p>Vous pouvez modifier les informations de votre compte ou fermer votre compte \u00e0 tout moment en vous connectant \u00e0 votre compte et en ajustant les param\u00e8tres de votre compte. Si vous fermez votre compte ou demandez que nous supprimions votre compte, vous risquez de perdre l&rsquo;acc\u00e8s au contenu que vous avez achet\u00e9. Lorsque vous fermez votre compte, nous pouvons conserver les informations de votre compte pour (i) vous informer des nouvelles offres et contenus; (ii) restaurer votre compte, si jamais vous souhaitez vous r\u00e9inscrire; et (iii) lorsque nous croyons de bonne foi que la pr\u00e9servation est n\u00e9cessaire pour faire respecter nos droits.<\/p>\n\n\n\n<p><\/p>\n\n\n\n<h2 class=\"wp-block-heading\"><strong>CONFIDENTIALIT\u00c9 DES ENFANTS<\/strong><\/h2>\n\n\n\n<p>Le Service n&rsquo;est pas destin\u00e9 aux personnes de moins de 16 ans. Si vous \u00eates un parent ou un tuteur l\u00e9gal qui a d\u00e9couvert que votre enfant a fourni des informations personnelles via le Service sans votre consentement, veuillez nous contacter afin que nous puissions supprimer toute information non autoris\u00e9e.<\/p>\n\n\n\n<p><\/p>\n\n\n\n<h2 class=\"wp-block-heading\"><strong>CHANGEMENTS<\/strong><\/h2>\n\n\n\n<p>Nous pouvons mettre \u00e0 jour cette politique de confidentialit\u00e9 de temps \u00e0 autre afin de refl\u00e9ter, par exemple, des changements dans nos pratiques ou pour d&rsquo;autres raisons op\u00e9rationnelles, l\u00e9gales ou r\u00e9glementaires. Votre utilisation continue du Service constitue votre acceptation de toute politique de confidentialit\u00e9 mise \u00e0 jour sur une base prospective.<\/p>\n\n\n\n<p><\/p>\n\n\n\n<h2 class=\"wp-block-heading\"><strong>NOUS CONTACTER<\/strong><\/h2>\n\n\n\n<p>Pour plus d&rsquo;informations sur nos pratiques de confidentialit\u00e9, si vous avez des questions ou si vous souhaitez d\u00e9poser une plainte, veuillez nous contacter en utilisant notre formulaire ou par courrier en utilisant les coordonn\u00e9es fournies ci-dessous:<\/p>\n\n\n\n<p><\/p>\n\n\n\n<p><strong>Maison 4: 3<\/strong><\/p>\n\n\n\n<p>5333 Casgrain, bureau 510<\/p>\n\n\n\n<p>Montr\u00e9al (Qu\u00e9bec) H2T 1X3<\/p>\n\n\n\n<p>T\u00e9l. : 438-387-1547<\/p>\n\n\n\n<p><a href=\"mailto:info@maison4tiers.com\">info@maison4tiers.com<\/a><\/p>\n\n\n\n<h2 class=\"wp-block-heading\"><\/h2>\n","protected":false},"excerpt":{"rendered":"<p>COLLECTE DE DONN\u00c9ES INFORMATIONS PERSONNELLES Ceci est la politique de confidentialit\u00e9 de Maison 4tiers (ci-apr\u00e8s d\u00e9nomm\u00e9e \u00abnous\u00bb ou \u00abnous\u00bb). Cette politique de confidentialit\u00e9 d\u00e9crit comment vos informations personnelles sont collect\u00e9es, utilis\u00e9es et partag\u00e9es lorsque vous utilisez notre service de streaming, Maison 4tiers via notre site Web ((https:\/\/maison4tiers.com\/, https:\/\/boutique.maison4tiers.com, https:\/\/voir.maison4tiers.com\/) ou l&rsquo;une de nos applications de [&hellip;]<\/p>\n","protected":false},"author":11,"featured_media":0,"parent":0,"menu_order":0,"comment_status":"closed","ping_status":"open","template":"","meta":{"_acf_changed":false,"_eb_attr":"","footnotes":""},"class_list":["post-3","page","type-page","status-publish","hentry"],"acf":[],"yoast_head":"<!-- This site is optimized with the Yoast SEO plugin v27.0 - https:\/\/yoast.com\/product\/yoast-seo-wordpress\/ -->\n<title>Politique de confidentialit\u00e9 - \u00c9crans solidaires<\/title>\n<meta name=\"robots\" content=\"noindex, follow, max-snippet:-1, max-image-preview:large, max-video-preview:-1\" \/>\n<meta property=\"og:locale\" content=\"fr_FR\" \/>\n<meta property=\"og:type\" content=\"article\" \/>\n<meta property=\"og:title\" content=\"Politique de confidentialit\u00e9 - \u00c9crans solidaires\" \/>\n<meta property=\"og:description\" content=\"COLLECTE DE DONN\u00c9ES INFORMATIONS PERSONNELLES Ceci est la politique de confidentialit\u00e9 de Maison 4tiers (ci-apr\u00e8s d\u00e9nomm\u00e9e \u00abnous\u00bb ou \u00abnous\u00bb). Cette politique de confidentialit\u00e9 d\u00e9crit comment vos informations personnelles sont collect\u00e9es, utilis\u00e9es et partag\u00e9es lorsque vous utilisez notre service de streaming, Maison 4tiers via notre site Web ((https:\/\/maison4tiers.com\/, https:\/\/boutique.maison4tiers.com, https:\/\/voir.maison4tiers.com\/) ou l&rsquo;une de nos applications de [&hellip;]\" \/>\n<meta property=\"og:url\" content=\"https:\/\/maison4tiers.com\/ecrans-solidaires\/politique-de-confidentialite\/\" \/>\n<meta property=\"og:site_name\" content=\"\u00c9crans solidaires\" \/>\n<meta property=\"article:modified_time\" content=\"2021-03-01T21:35:38+00:00\" \/>\n<meta name=\"twitter:card\" content=\"summary_large_image\" \/>\n<meta name=\"twitter:label1\" content=\"Dur\u00e9e de lecture estim\u00e9e\" \/>\n\t<meta name=\"twitter:data1\" content=\"6 minutes\" \/>\n<script type=\"application\/ld+json\" class=\"yoast-schema-graph\">{\"@context\":\"https:\/\/schema.org\",\"@graph\":[{\"@type\":\"WebPage\",\"@id\":\"https:\/\/maison4tiers.com\/ecrans-solidaires\/politique-de-confidentialite\/\",\"url\":\"https:\/\/maison4tiers.com\/ecrans-solidaires\/politique-de-confidentialite\/\",\"name\":\"Politique de confidentialit\u00e9 - \u00c9crans solidaires\",\"isPartOf\":{\"@id\":\"https:\/\/maison4tiers.com\/ecrans-solidaires\/#website\"},\"datePublished\":\"2020-11-18T13:46:05+00:00\",\"dateModified\":\"2021-03-01T21:35:38+00:00\",\"breadcrumb\":{\"@id\":\"https:\/\/maison4tiers.com\/ecrans-solidaires\/politique-de-confidentialite\/#breadcrumb\"},\"inLanguage\":\"fr-FR\",\"potentialAction\":[{\"@type\":\"ReadAction\",\"target\":[\"https:\/\/maison4tiers.com\/ecrans-solidaires\/politique-de-confidentialite\/\"]}]},{\"@type\":\"BreadcrumbList\",\"@id\":\"https:\/\/maison4tiers.com\/ecrans-solidaires\/politique-de-confidentialite\/#breadcrumb\",\"itemListElement\":[{\"@type\":\"ListItem\",\"position\":1,\"name\":\"Home\",\"item\":\"https:\/\/maison4tiers.com\/ecrans-solidaires\/\"},{\"@type\":\"ListItem\",\"position\":2,\"name\":\"Politique de confidentialit\u00e9\"}]},{\"@type\":\"WebSite\",\"@id\":\"https:\/\/maison4tiers.com\/ecrans-solidaires\/#website\",\"url\":\"https:\/\/maison4tiers.com\/ecrans-solidaires\/\",\"name\":\"\u00c9crans solidaires\",\"description\":\"Distribution multiplateforme de films qu\u00e9b\u00e9cois et internationaux\",\"publisher\":{\"@id\":\"https:\/\/maison4tiers.com\/ecrans-solidaires\/#organization\"},\"potentialAction\":[{\"@type\":\"SearchAction\",\"target\":{\"@type\":\"EntryPoint\",\"urlTemplate\":\"https:\/\/maison4tiers.com\/ecrans-solidaires\/?s={search_term_string}\"},\"query-input\":{\"@type\":\"PropertyValueSpecification\",\"valueRequired\":true,\"valueName\":\"search_term_string\"}}],\"inLanguage\":\"fr-FR\"},{\"@type\":\"Organization\",\"@id\":\"https:\/\/maison4tiers.com\/ecrans-solidaires\/#organization\",\"name\":\"\u00c9crans solidaires\",\"url\":\"https:\/\/maison4tiers.com\/ecrans-solidaires\/\",\"logo\":{\"@type\":\"ImageObject\",\"inLanguage\":\"fr-FR\",\"@id\":\"https:\/\/maison4tiers.com\/ecrans-solidaires\/#\/schema\/logo\/image\/\",\"url\":\"https:\/\/maison4tiers.com\/ecrans-solidaires\/wp-content\/uploads\/sites\/76\/2020\/11\/favicon-196.png\",\"contentUrl\":\"https:\/\/maison4tiers.com\/ecrans-solidaires\/wp-content\/uploads\/sites\/76\/2020\/11\/favicon-196.png\",\"width\":196,\"height\":196,\"caption\":\"\u00c9crans solidaires\"},\"image\":{\"@id\":\"https:\/\/maison4tiers.com\/ecrans-solidaires\/#\/schema\/logo\/image\/\"}}]}<\/script>\n<!-- \/ Yoast SEO plugin. -->","yoast_head_json":{"title":"Politique de confidentialit\u00e9 - \u00c9crans solidaires","robots":{"index":"noindex","follow":"follow","max-snippet":"max-snippet:-1","max-image-preview":"max-image-preview:large","max-video-preview":"max-video-preview:-1"},"og_locale":"fr_FR","og_type":"article","og_title":"Politique de confidentialit\u00e9 - \u00c9crans solidaires","og_description":"COLLECTE DE DONN\u00c9ES INFORMATIONS PERSONNELLES Ceci est la politique de confidentialit\u00e9 de Maison 4tiers (ci-apr\u00e8s d\u00e9nomm\u00e9e \u00abnous\u00bb ou \u00abnous\u00bb). Cette politique de confidentialit\u00e9 d\u00e9crit comment vos informations personnelles sont collect\u00e9es, utilis\u00e9es et partag\u00e9es lorsque vous utilisez notre service de streaming, Maison 4tiers via notre site Web ((https:\/\/maison4tiers.com\/, https:\/\/boutique.maison4tiers.com, https:\/\/voir.maison4tiers.com\/) ou l&rsquo;une de nos applications de [&hellip;]","og_url":"https:\/\/maison4tiers.com\/ecrans-solidaires\/politique-de-confidentialite\/","og_site_name":"\u00c9crans solidaires","article_modified_time":"2021-03-01T21:35:38+00:00","twitter_card":"summary_large_image","twitter_misc":{"Dur\u00e9e de lecture estim\u00e9e":"6 minutes"},"schema":{"@context":"https:\/\/schema.org","@graph":[{"@type":"WebPage","@id":"https:\/\/maison4tiers.com\/ecrans-solidaires\/politique-de-confidentialite\/","url":"https:\/\/maison4tiers.com\/ecrans-solidaires\/politique-de-confidentialite\/","name":"Politique de confidentialit\u00e9 - \u00c9crans solidaires","isPartOf":{"@id":"https:\/\/maison4tiers.com\/ecrans-solidaires\/#website"},"datePublished":"2020-11-18T13:46:05+00:00","dateModified":"2021-03-01T21:35:38+00:00","breadcrumb":{"@id":"https:\/\/maison4tiers.com\/ecrans-solidaires\/politique-de-confidentialite\/#breadcrumb"},"inLanguage":"fr-FR","potentialAction":[{"@type":"ReadAction","target":["https:\/\/maison4tiers.com\/ecrans-solidaires\/politique-de-confidentialite\/"]}]},{"@type":"BreadcrumbList","@id":"https:\/\/maison4tiers.com\/ecrans-solidaires\/politique-de-confidentialite\/#breadcrumb","itemListElement":[{"@type":"ListItem","position":1,"name":"Home","item":"https:\/\/maison4tiers.com\/ecrans-solidaires\/"},{"@type":"ListItem","position":2,"name":"Politique de confidentialit\u00e9"}]},{"@type":"WebSite","@id":"https:\/\/maison4tiers.com\/ecrans-solidaires\/#website","url":"https:\/\/maison4tiers.com\/ecrans-solidaires\/","name":"\u00c9crans solidaires","description":"Distribution multiplateforme de films qu\u00e9b\u00e9cois et internationaux","publisher":{"@id":"https:\/\/maison4tiers.com\/ecrans-solidaires\/#organization"},"potentialAction":[{"@type":"SearchAction","target":{"@type":"EntryPoint","urlTemplate":"https:\/\/maison4tiers.com\/ecrans-solidaires\/?s={search_term_string}"},"query-input":{"@type":"PropertyValueSpecification","valueRequired":true,"valueName":"search_term_string"}}],"inLanguage":"fr-FR"},{"@type":"Organization","@id":"https:\/\/maison4tiers.com\/ecrans-solidaires\/#organization","name":"\u00c9crans solidaires","url":"https:\/\/maison4tiers.com\/ecrans-solidaires\/","logo":{"@type":"ImageObject","inLanguage":"fr-FR","@id":"https:\/\/maison4tiers.com\/ecrans-solidaires\/#\/schema\/logo\/image\/","url":"https:\/\/maison4tiers.com\/ecrans-solidaires\/wp-content\/uploads\/sites\/76\/2020\/11\/favicon-196.png","contentUrl":"https:\/\/maison4tiers.com\/ecrans-solidaires\/wp-content\/uploads\/sites\/76\/2020\/11\/favicon-196.png","width":196,"height":196,"caption":"\u00c9crans solidaires"},"image":{"@id":"https:\/\/maison4tiers.com\/ecrans-solidaires\/#\/schema\/logo\/image\/"}}]}},"jetpack_sharing_enabled":true,"_links":{"self":[{"href":"https:\/\/maison4tiers.com\/ecrans-solidaires\/wp-json\/wp\/v2\/pages\/3","targetHints":{"allow":["GET"]}}],"collection":[{"href":"https:\/\/maison4tiers.com\/ecrans-solidaires\/wp-json\/wp\/v2\/pages"}],"about":[{"href":"https:\/\/maison4tiers.com\/ecrans-solidaires\/wp-json\/wp\/v2\/types\/page"}],"author":[{"embeddable":true,"href":"https:\/\/maison4tiers.com\/ecrans-solidaires\/wp-json\/wp\/v2\/users\/11"}],"replies":[{"embeddable":true,"href":"https:\/\/maison4tiers.com\/ecrans-solidaires\/wp-json\/wp\/v2\/comments?post=3"}],"version-history":[{"count":0,"href":"https:\/\/maison4tiers.com\/ecrans-solidaires\/wp-json\/wp\/v2\/pages\/3\/revisions"}],"wp:attachment":[{"href":"https:\/\/maison4tiers.com\/ecrans-solidaires\/wp-json\/wp\/v2\/media?parent=3"}],"curies":[{"name":"wp","href":"https:\/\/api.w.org\/{rel}","templated":true}]}}