{"id":22890,"date":"2024-06-10T12:09:40","date_gmt":"2024-06-10T16:09:40","guid":{"rendered":"https:\/\/maison4tiers.com\/?page_id=22890"},"modified":"2024-06-18T10:33:37","modified_gmt":"2024-06-18T14:33:37","slug":"concours-jour-de-chasse-laissez-passer","status":"publish","type":"page","link":"https:\/\/maison4tiers.com\/ecrans-solidaires\/concours-jour-de-chasse-laissez-passer\/","title":{"rendered":"Concours &#8211; JOUR DE CHASSE &#8211; Laissez-passer"},"content":{"rendered":"<p><a href=\"https:\/\/maison4tiers.com\" target=\"_blank\" rel=\"noopener\"><br \/>\n\t\t\t\t\t\t\t<img decoding=\"async\" width=\"300\" height=\"145\" src=\"https:\/\/maison4tiers.com\/wp-content\/uploads\/sites\/75\/sites\/75\/2021\/03\/Maison_4-3_Black-300x145.png\" alt=\"\" srcset=\"https:\/\/maison4tiers.com\/wp-content\/uploads\/sites\/75\/sites\/75\/2021\/03\/Maison_4-3_Black-300x145.png 300w, https:\/\/maison4tiers.com\/wp-content\/uploads\/sites\/75\/sites\/75\/2021\/03\/Maison_4-3_Black.png 557w\" sizes=\"(max-width: 300px) 100vw, 300px\" \/>\t\t\t\t\t\t\t\t<\/a><\/p>\n<h2>concours &#8211; JOUR DE CHASSE<\/h2>\n<p>\t\t\t\t\t\t\t\t\t\t\t\t\t<img fetchpriority=\"high\" decoding=\"async\" width=\"1024\" height=\"1024\" src=\"https:\/\/maison4tiers.com\/wp-content\/uploads\/sites\/75\/sites\/75\/2024\/06\/JDC_concours_LP_1080x1080_FILM-min-1024x1024.jpg\" alt=\"\" srcset=\"https:\/\/maison4tiers.com\/wp-content\/uploads\/sites\/75\/sites\/75\/2024\/06\/JDC_concours_LP_1080x1080_FILM-min-1024x1024.jpg 1024w, https:\/\/maison4tiers.com\/wp-content\/uploads\/sites\/75\/sites\/75\/2024\/06\/JDC_concours_LP_1080x1080_FILM-min-300x300.jpg 300w, https:\/\/maison4tiers.com\/wp-content\/uploads\/sites\/75\/sites\/75\/2024\/06\/JDC_concours_LP_1080x1080_FILM-min-150x150.jpg 150w, https:\/\/maison4tiers.com\/wp-content\/uploads\/sites\/75\/sites\/75\/2024\/06\/JDC_concours_LP_1080x1080_FILM-min-768x768.jpg 768w, https:\/\/maison4tiers.com\/wp-content\/uploads\/sites\/75\/sites\/75\/2024\/06\/JDC_concours_LP_1080x1080_FILM-min-1536x1536.jpg 1536w, https:\/\/maison4tiers.com\/wp-content\/uploads\/sites\/75\/sites\/75\/2024\/06\/JDC_concours_LP_1080x1080_FILM-min-2048x2048.jpg 2048w, https:\/\/maison4tiers.com\/wp-content\/uploads\/sites\/75\/sites\/75\/2024\/06\/JDC_concours_LP_1080x1080_FILM-min-650x650.jpg 650w, https:\/\/maison4tiers.com\/wp-content\/uploads\/sites\/75\/sites\/75\/2024\/06\/JDC_concours_LP_1080x1080_FILM-min-1300x1300.jpg 1300w, https:\/\/maison4tiers.com\/wp-content\/uploads\/sites\/75\/sites\/75\/2024\/06\/JDC_concours_LP_1080x1080_FILM-min-600x600.jpg 600w, https:\/\/maison4tiers.com\/wp-content\/uploads\/sites\/75\/sites\/75\/2024\/06\/JDC_concours_LP_1080x1080_FILM-min-100x100.jpg 100w\" sizes=\"(max-width: 1024px) 100vw, 1024px\" \/>\t\t\t\t\t\t\t\t\t\t\t\t\t<\/p>\n<p>Pour souligner la sortie du film JOUR DE CHASSE, NOUS VOUS OFFRONS LA CHANCE DE REMPORTER UN laissez-passer double pour aller voir le film au cin\u00e9ma\u00a0 \u00a0 \u00a0 \u00a0 \u00a0 \u00a0 \u00a0 \u00a0 \u00a0 \u00a0 \u00a0 \u00a0 \u00a0 \u00a0 \u00a0<strong style=\"color: #111111; font-family: 'Bebas Neue', sans-serif; font-size: 35px; letter-spacing: 0.06em; text-transform: uppercase;\">\u00a0<\/strong><\/p>\n<p><strong style=\"color: #111111; font-family: 'Bebas Neue', sans-serif; font-size: 35px; letter-spacing: 0.06em; text-transform: uppercase;\">INSCRIVEZ-VOUS ICI<\/strong><\/p>\n<style>#gform_wrapper_89[data-form-index=\"0\"].gform-theme,[data-parent-form=\"89_0\"]{--gf-color-primary: #204ce5;--gf-color-primary-rgb: 32, 76, 229;--gf-color-primary-contrast: #fff;--gf-color-primary-contrast-rgb: 255, 255, 255;--gf-color-primary-darker: #001AB3;--gf-color-primary-lighter: #527EFF;--gf-color-secondary: #fff;--gf-color-secondary-rgb: 255, 255, 255;--gf-color-secondary-contrast: #112337;--gf-color-secondary-contrast-rgb: 17, 35, 55;--gf-color-secondary-darker: #F5F5F5;--gf-color-secondary-lighter: #FFFFFF;--gf-color-out-ctrl-light: rgba(17, 35, 55, 0.1);--gf-color-out-ctrl-light-rgb: 17, 35, 55;--gf-color-out-ctrl-light-darker: rgba(104, 110, 119, 0.35);--gf-color-out-ctrl-light-lighter: #F5F5F5;--gf-color-out-ctrl-dark: #585e6a;--gf-color-out-ctrl-dark-rgb: 88, 94, 106;--gf-color-out-ctrl-dark-darker: #112337;--gf-color-out-ctrl-dark-lighter: rgba(17, 35, 55, 0.65);--gf-color-in-ctrl: #fff;--gf-color-in-ctrl-rgb: 255, 255, 255;--gf-color-in-ctrl-contrast: #112337;--gf-color-in-ctrl-contrast-rgb: 17, 35, 55;--gf-color-in-ctrl-darker: #F5F5F5;--gf-color-in-ctrl-lighter: #FFFFFF;--gf-color-in-ctrl-primary: #204ce5;--gf-color-in-ctrl-primary-rgb: 32, 76, 229;--gf-color-in-ctrl-primary-contrast: #fff;--gf-color-in-ctrl-primary-contrast-rgb: 255, 255, 255;--gf-color-in-ctrl-primary-darker: #001AB3;--gf-color-in-ctrl-primary-lighter: #527EFF;--gf-color-in-ctrl-light: rgba(17, 35, 55, 0.1);--gf-color-in-ctrl-light-rgb: 17, 35, 55;--gf-color-in-ctrl-light-darker: rgba(104, 110, 119, 0.35);--gf-color-in-ctrl-light-lighter: #F5F5F5;--gf-color-in-ctrl-dark: #585e6a;--gf-color-in-ctrl-dark-rgb: 88, 94, 106;--gf-color-in-ctrl-dark-darker: #112337;--gf-color-in-ctrl-dark-lighter: rgba(17, 35, 55, 0.65);--gf-radius: 3px;--gf-font-size-secondary: 14px;--gf-font-size-tertiary: 13px;--gf-icon-ctrl-number: url(\"data:image\/svg+xml,%3Csvg width='8' height='14' viewBox='0 0 8 14' fill='none' xmlns='http:\/\/www.w3.org\/2000\/svg'%3E%3Cpath fill-rule='evenodd' clip-rule='evenodd' d='M4 0C4.26522 5.96046e-08 4.51957 0.105357 4.70711 0.292893L7.70711 3.29289C8.09763 3.68342 8.09763 4.31658 7.70711 4.70711C7.31658 5.09763 6.68342 5.09763 6.29289 4.70711L4 2.41421L1.70711 4.70711C1.31658 5.09763 0.683417 5.09763 0.292893 4.70711C-0.0976311 4.31658 -0.097631 3.68342 0.292893 3.29289L3.29289 0.292893C3.48043 0.105357 3.73478 0 4 0ZM0.292893 9.29289C0.683417 8.90237 1.31658 8.90237 1.70711 9.29289L4 11.5858L6.29289 9.29289C6.68342 8.90237 7.31658 8.90237 7.70711 9.29289C8.09763 9.68342 8.09763 10.3166 7.70711 10.7071L4.70711 13.7071C4.31658 14.0976 3.68342 14.0976 3.29289 13.7071L0.292893 10.7071C-0.0976311 10.3166 -0.0976311 9.68342 0.292893 9.29289Z' fill='rgba(17, 35, 55, 0.65)'\/%3E%3C\/svg%3E\");--gf-icon-ctrl-select: url(\"data:image\/svg+xml,%3Csvg width='10' height='6' viewBox='0 0 10 6' fill='none' xmlns='http:\/\/www.w3.org\/2000\/svg'%3E%3Cpath fill-rule='evenodd' clip-rule='evenodd' d='M0.292893 0.292893C0.683417 -0.097631 1.31658 -0.097631 1.70711 0.292893L5 3.58579L8.29289 0.292893C8.68342 -0.0976311 9.31658 -0.0976311 9.70711 0.292893C10.0976 0.683417 10.0976 1.31658 9.70711 1.70711L5.70711 5.70711C5.31658 6.09763 4.68342 6.09763 4.29289 5.70711L0.292893 1.70711C-0.0976311 1.31658 -0.0976311 0.683418 0.292893 0.292893Z' fill='rgba(17, 35, 55, 0.65)'\/%3E%3C\/svg%3E\");--gf-icon-ctrl-search: url(\"data:image\/svg+xml,%3Csvg version='1.1' xmlns='http:\/\/www.w3.org\/2000\/svg' width='640' height='640'%3E%3Cpath d='M256 128c-70.692 0-128 57.308-128 128 0 70.691 57.308 128 128 128 70.691 0 128-57.309 128-128 0-70.692-57.309-128-128-128zM64 256c0-106.039 85.961-192 192-192s192 85.961 192 192c0 41.466-13.146 79.863-35.498 111.248l154.125 154.125c12.496 12.496 12.496 32.758 0 45.254s-32.758 12.496-45.254 0L367.248 412.502C335.862 434.854 297.467 448 256 448c-106.039 0-192-85.962-192-192z' fill='rgba(17, 35, 55, 0.65)'\/%3E%3C\/svg%3E\");--gf-label-space-y-secondary: var(--gf-label-space-y-md-secondary);--gf-ctrl-border-color: #686e77;--gf-ctrl-size: var(--gf-ctrl-size-md);--gf-ctrl-label-color-primary: #112337;--gf-ctrl-label-color-secondary: #112337;--gf-ctrl-choice-size: var(--gf-ctrl-choice-size-md);--gf-ctrl-checkbox-check-size: var(--gf-ctrl-checkbox-check-size-md);--gf-ctrl-radio-check-size: var(--gf-ctrl-radio-check-size-md);--gf-ctrl-btn-font-size: var(--gf-ctrl-btn-font-size-md);--gf-ctrl-btn-padding-x: var(--gf-ctrl-btn-padding-x-md);--gf-ctrl-btn-size: var(--gf-ctrl-btn-size-md);--gf-ctrl-btn-border-color-secondary: #686e77;--gf-ctrl-file-btn-bg-color-hover: #EBEBEB;--gf-field-pg-steps-number-color: rgba(17, 35, 55, 0.8);}<\/style>\n<p class='gform_description'>\n<form method='post' enctype='multipart\/form-data'  id='gform_89'  action='\/wp-admin\/admin-ajax.php' data-formid='89' novalidate>\n<fieldset id=\"field_89_1\"  data-js-reload=\"field_89_1\" >\n<legend class='gfield_label gform-field-label gfield_label_before_complex' >Nom(N\u00e9cessaire)<\/legend>\n<p>                                                    <label for='input_89_1_3' class='gform-field-label gform-field-label--type-sub '>Pr\u00e9nom<\/label><br \/>\n                                                    <input type='text' name='input_1.3' id='input_89_1_3' value=''   aria-required='true'    autocomplete=\"given-name\" \/><br \/>\n                                                            <label for='input_89_1_6' class='gform-field-label gform-field-label--type-sub '>Nom<\/label><br \/>\n                                                            <input type='text' name='input_1.6' id='input_89_1_6' value=''   aria-required='true'    autocomplete=\"family-name\" \/><br \/>\n                        <\/fieldset>\n<p><label class='gfield_label gform-field-label' for='input_89_7'>Ville(N\u00e9cessaire)<\/label><input name='input_7' id='input_89_7' type='text' value='' class='large'     aria-required=\"true\" aria-invalid=\"false\"   \/> <\/p>\n<fieldset id=\"field_89_2\"  data-js-reload=\"field_89_2\" >\n<legend class='gfield_label gform-field-label gfield_label_before_complex' >E-mail(N\u00e9cessaire)<\/legend>\n<p>                                    <label for='input_89_2' class='gform-field-label gform-field-label--type-sub '>Saisissez un e-mail<\/label><br \/>\n                                    <input class='' type='email' name='input_2' id='input_89_2' value=''    aria-required=\"true\" aria-invalid=\"false\"  autocomplete=\"email\"\/><br \/>\n                                    <label for='input_89_2_2' class='gform-field-label gform-field-label--type-sub '>Confirmez l\u2019e-mail<\/label><br \/>\n                                    <input class='' type='email' name='input_2_2' id='input_89_2_2' value=''    aria-required=\"true\" aria-invalid=\"false\"  autocomplete=\"email\"\/><br \/>\n                            <\/fieldset>\n<fieldset id=\"field_89_5\"  data-js-reload=\"field_89_5\" >\n<legend class='gfield_label gform-field-label gfield_label_before_complex' >Conditions g\u00e9n\u00e9rales du concours(N\u00e9cessaire)<\/legend>\n<p>Tirage le 2 AO\u00dbT \u00e0 midi<br \/>\nLes gagnants seront contact\u00e9s par courriel<br \/>\nUne participation par personne<input name='input_5.1' id='input_89_5_1' type='checkbox' value='1'  aria-describedby=\"gfield_consent_description_89_5\" aria-required=\"true\" aria-invalid=\"false\"   \/> <label for='input_89_5_1' >J&rsquo;accepte d&rsquo;\u00eatre inscrit.e \u00e0 l&rsquo;infolettre Maison 4:3<\/label><input type='hidden' name='input_5.2' value='J&#039;accepte d&#039;\u00eatre inscrit.e \u00e0 l&#039;infolettre Maison 4:3' class='gform_hidden' \/><input type='hidden' name='input_5.3' value='159' class='gform_hidden' \/><\/fieldset>\n<p>         <input type='submit' id='gform_submit_button_89' class='gform_button button' value='Participer'  onclick='if(window[\"gf_submitting_89\"]){return false;}  if( !jQuery(\"#gform_89\")[0].checkValidity || jQuery(\"#gform_89\")[0].checkValidity()){window[\"gf_submitting_89\"]=true;}  ' onkeypress='if( event.keyCode == 13 ){ if(window[\"gf_submitting_89\"]){return false;} if( !jQuery(\"#gform_89\")[0].checkValidity || jQuery(\"#gform_89\")[0].checkValidity()){window[\"gf_submitting_89\"]=true;}  jQuery(\"#gform_89\").trigger(\"submit\",[true]); }' \/><br \/>\n            <input type='hidden' class='gform_hidden' name='is_submit_89' value='1' \/><br \/>\n            <input type='hidden' class='gform_hidden' name='gform_submit' value='89' \/><br \/>\n            <input type='hidden' class='gform_hidden' name='gform_unique_id' value='' \/><br \/>\n            <input type='hidden' class='gform_hidden' name='state_89' value='WyJ7XCI1LjFcIjpcIjFkMWZlZGNlNGRhNTM5ODQ0MDU2NjhlNTUxMjJhNTNlXCIsXCI1LjJcIjpcImY3YzU5NWQ4YTg5MzYyYzhkZDQ3OTBiNDVlMjUwMDg2XCIsXCI1LjNcIjpcIjY0ZDM4ZDM0ZWU3YmJiMGVkOTJkNTJmYzcwN2E3ZjFjXCJ9IiwiMjVmYjdjNTljZTlkZjBmMTY1NmVjY2RjM2E2MTgwNjIiXQ==' \/><br \/>\n            <input type='hidden' class='gform_hidden' name='gform_target_page_number_89' id='gform_target_page_number_89' value='0' \/><br \/>\n            <input type='hidden' class='gform_hidden' name='gform_source_page_number_89' id='gform_source_page_number_89' value='1' \/><br \/>\n            <input type='hidden' name='gform_field_values' value='' \/><br \/>\n                        <\/form>\n","protected":false},"excerpt":{"rendered":"<p>concours &#8211; JOUR DE CHASSE Pour souligner la sortie du film JOUR DE CHASSE, NOUS VOUS OFFRONS LA CHANCE DE REMPORTER UN laissez-passer double pour aller voir le film au cin\u00e9ma\u00a0 \u00a0 \u00a0 \u00a0 \u00a0 \u00a0 \u00a0 \u00a0 \u00a0 \u00a0 \u00a0 \u00a0 \u00a0 \u00a0 \u00a0\u00a0 INSCRIVEZ-VOUS ICI Nom(N\u00e9cessaire) Pr\u00e9nom Nom Ville(N\u00e9cessaire) E-mail(N\u00e9cessaire) Saisissez un e-mail [&hellip;]<\/p>\n","protected":false},"author":26,"featured_media":22912,"parent":0,"menu_order":0,"comment_status":"closed","ping_status":"closed","template":"","meta":{"_acf_changed":false,"_eb_attr":"","footnotes":""},"class_list":["post-22890","page","type-page","status-publish","has-post-thumbnail","hentry"],"acf":[],"yoast_head":"<!-- This site is optimized with the Yoast SEO plugin v27.0 - https:\/\/yoast.com\/product\/yoast-seo-wordpress\/ -->\n<title>JOUR DE CHASSE - Concours<\/title>\n<meta name=\"description\" content=\"POUR SOULIGNER LA SORTIE DU FILM JOUR DE CHASSE, COUREZ LA CHANCE DE REMPORTER UN LAISSEZ-PASSER DOUBLE POUR ALLER VOIR LE FILM AU CIN\u00c9MA\" \/>\n<meta name=\"robots\" content=\"noindex, follow, max-snippet:-1, max-image-preview:large, max-video-preview:-1\" \/>\n<meta property=\"og:locale\" content=\"fr_FR\" \/>\n<meta property=\"og:type\" content=\"article\" \/>\n<meta property=\"og:title\" content=\"Jour de chasse - Concours laissez-passer\" \/>\n<meta property=\"og:description\" content=\"POUR SOULIGNER LA SORTIE DU FILM JOUR DE CHASSE, COUREZ LA CHANCE DE REMPORTER UN LAISSEZ-PASSER DOUBLE POUR ALLER VOIR LE FILM AU CIN\u00c9MA\" \/>\n<meta property=\"og:url\" content=\"https:\/\/maison4tiers.com\/ecrans-solidaires\/concours-jour-de-chasse-laissez-passer\/\" \/>\n<meta property=\"og:site_name\" content=\"\u00c9crans solidaires\" \/>\n<meta property=\"article:modified_time\" content=\"2024-06-18T14:33:37+00:00\" \/>\n<meta property=\"og:image\" content=\"https:\/\/maison4tiers.com\/ecrans-solidaires\/wp-content\/uploads\/sites\/76\/2024\/06\/JDC_concours_LP_1080x1080_FILM-min.jpg\" \/>\n\t<meta property=\"og:image:width\" content=\"2250\" \/>\n\t<meta property=\"og:image:height\" content=\"2250\" \/>\n\t<meta property=\"og:image:type\" content=\"image\/jpeg\" \/>\n<meta name=\"twitter:card\" content=\"summary_large_image\" \/>\n<meta name=\"twitter:title\" content=\"Jour de chasse - Concours laissez-passer\" \/>\n<meta name=\"twitter:description\" content=\"POUR SOULIGNER LA SORTIE DU FILM JOUR DE CHASSE, COUREZ LA CHANCE DE REMPORTER UN LAISSEZ-PASSER DOUBLE POUR ALLER VOIR LE FILM AU CIN\u00c9MA\" \/>\n<meta name=\"twitter:image\" content=\"https:\/\/maison4tiers.com\/ecrans-solidaires\/wp-content\/uploads\/sites\/76\/2024\/06\/JDC_concours_LP_1080x1080_FILM-min.jpg\" \/>\n<meta name=\"twitter:label1\" content=\"Dur\u00e9e de lecture estim\u00e9e\" \/>\n\t<meta name=\"twitter:data1\" content=\"1 minute\" \/>\n<script type=\"application\/ld+json\" class=\"yoast-schema-graph\">{\"@context\":\"https:\/\/schema.org\",\"@graph\":[{\"@type\":\"WebPage\",\"@id\":\"https:\/\/maison4tiers.com\/ecrans-solidaires\/concours-jour-de-chasse-laissez-passer\/\",\"url\":\"https:\/\/maison4tiers.com\/ecrans-solidaires\/concours-jour-de-chasse-laissez-passer\/\",\"name\":\"JOUR DE CHASSE - Concours\",\"isPartOf\":{\"@id\":\"https:\/\/maison4tiers.com\/ecrans-solidaires\/#website\"},\"primaryImageOfPage\":{\"@id\":\"https:\/\/maison4tiers.com\/ecrans-solidaires\/concours-jour-de-chasse-laissez-passer\/#primaryimage\"},\"image\":{\"@id\":\"https:\/\/maison4tiers.com\/ecrans-solidaires\/concours-jour-de-chasse-laissez-passer\/#primaryimage\"},\"thumbnailUrl\":\"https:\/\/maison4tiers.com\/ecrans-solidaires\/wp-content\/uploads\/sites\/76\/2024\/06\/JDC_concours_LP_1080x1080_FILM-min.jpg\",\"datePublished\":\"2024-06-10T16:09:40+00:00\",\"dateModified\":\"2024-06-18T14:33:37+00:00\",\"description\":\"POUR SOULIGNER LA SORTIE DU FILM JOUR DE CHASSE, COUREZ LA CHANCE DE REMPORTER UN LAISSEZ-PASSER DOUBLE POUR ALLER VOIR LE FILM AU CIN\u00c9MA\",\"breadcrumb\":{\"@id\":\"https:\/\/maison4tiers.com\/ecrans-solidaires\/concours-jour-de-chasse-laissez-passer\/#breadcrumb\"},\"inLanguage\":\"fr-FR\",\"potentialAction\":[{\"@type\":\"ReadAction\",\"target\":[\"https:\/\/maison4tiers.com\/ecrans-solidaires\/concours-jour-de-chasse-laissez-passer\/\"]}]},{\"@type\":\"ImageObject\",\"inLanguage\":\"fr-FR\",\"@id\":\"https:\/\/maison4tiers.com\/ecrans-solidaires\/concours-jour-de-chasse-laissez-passer\/#primaryimage\",\"url\":\"https:\/\/maison4tiers.com\/ecrans-solidaires\/wp-content\/uploads\/sites\/76\/2024\/06\/JDC_concours_LP_1080x1080_FILM-min.jpg\",\"contentUrl\":\"https:\/\/maison4tiers.com\/ecrans-solidaires\/wp-content\/uploads\/sites\/76\/2024\/06\/JDC_concours_LP_1080x1080_FILM-min.jpg\",\"width\":2250,\"height\":2250},{\"@type\":\"BreadcrumbList\",\"@id\":\"https:\/\/maison4tiers.com\/ecrans-solidaires\/concours-jour-de-chasse-laissez-passer\/#breadcrumb\",\"itemListElement\":[{\"@type\":\"ListItem\",\"position\":1,\"name\":\"Home\",\"item\":\"https:\/\/maison4tiers.com\/ecrans-solidaires\/\"},{\"@type\":\"ListItem\",\"position\":2,\"name\":\"Concours &#8211; JOUR DE CHASSE &#8211; Laissez-passer\"}]},{\"@type\":\"WebSite\",\"@id\":\"https:\/\/maison4tiers.com\/ecrans-solidaires\/#website\",\"url\":\"https:\/\/maison4tiers.com\/ecrans-solidaires\/\",\"name\":\"\u00c9crans solidaires\",\"description\":\"Distribution multiplateforme de films qu\u00e9b\u00e9cois et internationaux\",\"publisher\":{\"@id\":\"https:\/\/maison4tiers.com\/ecrans-solidaires\/#organization\"},\"potentialAction\":[{\"@type\":\"SearchAction\",\"target\":{\"@type\":\"EntryPoint\",\"urlTemplate\":\"https:\/\/maison4tiers.com\/ecrans-solidaires\/?s={search_term_string}\"},\"query-input\":{\"@type\":\"PropertyValueSpecification\",\"valueRequired\":true,\"valueName\":\"search_term_string\"}}],\"inLanguage\":\"fr-FR\"},{\"@type\":\"Organization\",\"@id\":\"https:\/\/maison4tiers.com\/ecrans-solidaires\/#organization\",\"name\":\"\u00c9crans solidaires\",\"url\":\"https:\/\/maison4tiers.com\/ecrans-solidaires\/\",\"logo\":{\"@type\":\"ImageObject\",\"inLanguage\":\"fr-FR\",\"@id\":\"https:\/\/maison4tiers.com\/ecrans-solidaires\/#\/schema\/logo\/image\/\",\"url\":\"https:\/\/maison4tiers.com\/ecrans-solidaires\/wp-content\/uploads\/sites\/76\/2020\/11\/favicon-196.png\",\"contentUrl\":\"https:\/\/maison4tiers.com\/ecrans-solidaires\/wp-content\/uploads\/sites\/76\/2020\/11\/favicon-196.png\",\"width\":196,\"height\":196,\"caption\":\"\u00c9crans solidaires\"},\"image\":{\"@id\":\"https:\/\/maison4tiers.com\/ecrans-solidaires\/#\/schema\/logo\/image\/\"}}]}<\/script>\n<!-- \/ Yoast SEO plugin. -->","yoast_head_json":{"title":"JOUR DE CHASSE - Concours","description":"POUR SOULIGNER LA SORTIE DU FILM JOUR DE CHASSE, COUREZ LA CHANCE DE REMPORTER UN LAISSEZ-PASSER DOUBLE POUR ALLER VOIR LE FILM AU CIN\u00c9MA","robots":{"index":"noindex","follow":"follow","max-snippet":"max-snippet:-1","max-image-preview":"max-image-preview:large","max-video-preview":"max-video-preview:-1"},"og_locale":"fr_FR","og_type":"article","og_title":"Jour de chasse - Concours laissez-passer","og_description":"POUR SOULIGNER LA SORTIE DU FILM JOUR DE CHASSE, COUREZ LA CHANCE DE REMPORTER UN LAISSEZ-PASSER DOUBLE POUR ALLER VOIR LE FILM AU CIN\u00c9MA","og_url":"https:\/\/maison4tiers.com\/ecrans-solidaires\/concours-jour-de-chasse-laissez-passer\/","og_site_name":"\u00c9crans solidaires","article_modified_time":"2024-06-18T14:33:37+00:00","og_image":[{"width":2250,"height":2250,"url":"https:\/\/maison4tiers.com\/ecrans-solidaires\/wp-content\/uploads\/sites\/76\/2024\/06\/JDC_concours_LP_1080x1080_FILM-min.jpg","type":"image\/jpeg"}],"twitter_card":"summary_large_image","twitter_title":"Jour de chasse - Concours laissez-passer","twitter_description":"POUR SOULIGNER LA SORTIE DU FILM JOUR DE CHASSE, COUREZ LA CHANCE DE REMPORTER UN LAISSEZ-PASSER DOUBLE POUR ALLER VOIR LE FILM AU CIN\u00c9MA","twitter_image":"https:\/\/maison4tiers.com\/ecrans-solidaires\/wp-content\/uploads\/sites\/76\/2024\/06\/JDC_concours_LP_1080x1080_FILM-min.jpg","twitter_misc":{"Dur\u00e9e de lecture estim\u00e9e":"1 minute"},"schema":{"@context":"https:\/\/schema.org","@graph":[{"@type":"WebPage","@id":"https:\/\/maison4tiers.com\/ecrans-solidaires\/concours-jour-de-chasse-laissez-passer\/","url":"https:\/\/maison4tiers.com\/ecrans-solidaires\/concours-jour-de-chasse-laissez-passer\/","name":"JOUR DE CHASSE - Concours","isPartOf":{"@id":"https:\/\/maison4tiers.com\/ecrans-solidaires\/#website"},"primaryImageOfPage":{"@id":"https:\/\/maison4tiers.com\/ecrans-solidaires\/concours-jour-de-chasse-laissez-passer\/#primaryimage"},"image":{"@id":"https:\/\/maison4tiers.com\/ecrans-solidaires\/concours-jour-de-chasse-laissez-passer\/#primaryimage"},"thumbnailUrl":"https:\/\/maison4tiers.com\/ecrans-solidaires\/wp-content\/uploads\/sites\/76\/2024\/06\/JDC_concours_LP_1080x1080_FILM-min.jpg","datePublished":"2024-06-10T16:09:40+00:00","dateModified":"2024-06-18T14:33:37+00:00","description":"POUR SOULIGNER LA SORTIE DU FILM JOUR DE CHASSE, COUREZ LA CHANCE DE REMPORTER UN LAISSEZ-PASSER DOUBLE POUR ALLER VOIR LE FILM AU CIN\u00c9MA","breadcrumb":{"@id":"https:\/\/maison4tiers.com\/ecrans-solidaires\/concours-jour-de-chasse-laissez-passer\/#breadcrumb"},"inLanguage":"fr-FR","potentialAction":[{"@type":"ReadAction","target":["https:\/\/maison4tiers.com\/ecrans-solidaires\/concours-jour-de-chasse-laissez-passer\/"]}]},{"@type":"ImageObject","inLanguage":"fr-FR","@id":"https:\/\/maison4tiers.com\/ecrans-solidaires\/concours-jour-de-chasse-laissez-passer\/#primaryimage","url":"https:\/\/maison4tiers.com\/ecrans-solidaires\/wp-content\/uploads\/sites\/76\/2024\/06\/JDC_concours_LP_1080x1080_FILM-min.jpg","contentUrl":"https:\/\/maison4tiers.com\/ecrans-solidaires\/wp-content\/uploads\/sites\/76\/2024\/06\/JDC_concours_LP_1080x1080_FILM-min.jpg","width":2250,"height":2250},{"@type":"BreadcrumbList","@id":"https:\/\/maison4tiers.com\/ecrans-solidaires\/concours-jour-de-chasse-laissez-passer\/#breadcrumb","itemListElement":[{"@type":"ListItem","position":1,"name":"Home","item":"https:\/\/maison4tiers.com\/ecrans-solidaires\/"},{"@type":"ListItem","position":2,"name":"Concours &#8211; JOUR DE CHASSE &#8211; Laissez-passer"}]},{"@type":"WebSite","@id":"https:\/\/maison4tiers.com\/ecrans-solidaires\/#website","url":"https:\/\/maison4tiers.com\/ecrans-solidaires\/","name":"\u00c9crans solidaires","description":"Distribution multiplateforme de films qu\u00e9b\u00e9cois et internationaux","publisher":{"@id":"https:\/\/maison4tiers.com\/ecrans-solidaires\/#organization"},"potentialAction":[{"@type":"SearchAction","target":{"@type":"EntryPoint","urlTemplate":"https:\/\/maison4tiers.com\/ecrans-solidaires\/?s={search_term_string}"},"query-input":{"@type":"PropertyValueSpecification","valueRequired":true,"valueName":"search_term_string"}}],"inLanguage":"fr-FR"},{"@type":"Organization","@id":"https:\/\/maison4tiers.com\/ecrans-solidaires\/#organization","name":"\u00c9crans solidaires","url":"https:\/\/maison4tiers.com\/ecrans-solidaires\/","logo":{"@type":"ImageObject","inLanguage":"fr-FR","@id":"https:\/\/maison4tiers.com\/ecrans-solidaires\/#\/schema\/logo\/image\/","url":"https:\/\/maison4tiers.com\/ecrans-solidaires\/wp-content\/uploads\/sites\/76\/2020\/11\/favicon-196.png","contentUrl":"https:\/\/maison4tiers.com\/ecrans-solidaires\/wp-content\/uploads\/sites\/76\/2020\/11\/favicon-196.png","width":196,"height":196,"caption":"\u00c9crans solidaires"},"image":{"@id":"https:\/\/maison4tiers.com\/ecrans-solidaires\/#\/schema\/logo\/image\/"}}]}},"jetpack_sharing_enabled":true,"_links":{"self":[{"href":"https:\/\/maison4tiers.com\/ecrans-solidaires\/wp-json\/wp\/v2\/pages\/22890","targetHints":{"allow":["GET"]}}],"collection":[{"href":"https:\/\/maison4tiers.com\/ecrans-solidaires\/wp-json\/wp\/v2\/pages"}],"about":[{"href":"https:\/\/maison4tiers.com\/ecrans-solidaires\/wp-json\/wp\/v2\/types\/page"}],"author":[{"embeddable":true,"href":"https:\/\/maison4tiers.com\/ecrans-solidaires\/wp-json\/wp\/v2\/users\/26"}],"replies":[{"embeddable":true,"href":"https:\/\/maison4tiers.com\/ecrans-solidaires\/wp-json\/wp\/v2\/comments?post=22890"}],"version-history":[{"count":17,"href":"https:\/\/maison4tiers.com\/ecrans-solidaires\/wp-json\/wp\/v2\/pages\/22890\/revisions"}],"predecessor-version":[{"id":23263,"href":"https:\/\/maison4tiers.com\/ecrans-solidaires\/wp-json\/wp\/v2\/pages\/22890\/revisions\/23263"}],"wp:featuredmedia":[{"embeddable":true,"href":"https:\/\/maison4tiers.com\/ecrans-solidaires\/wp-json\/wp\/v2\/media\/22912"}],"wp:attachment":[{"href":"https:\/\/maison4tiers.com\/ecrans-solidaires\/wp-json\/wp\/v2\/media?parent=22890"}],"curies":[{"name":"wp","href":"https:\/\/api.w.org\/{rel}","templated":true}]}}