{"id":8166,"date":"2022-08-04T11:03:13","date_gmt":"2022-08-09T15:03:32","guid":{"rendered":"https:\/\/maison4tiers.com\/?post_type=product&#038;p=8166"},"modified":"2022-12-14T16:26:53","modified_gmt":"2022-12-14T20:26:53","slug":"bruno-reidal-confession-of-a-murderer","status":"publish","type":"product","link":"https:\/\/maison4tiers.com\/ecrans-solidaires\/en\/product\/bruno-reidal-confession-of-a-murderer\/","title":{"rendered":"Bruno Reidal, confession of a murderer"},"excerpt":{"rendered":"<div class=\"page\" title=\"Page 4\">\n<div class=\"layoutArea\">\n<div class=\"column\">\n<h4 class=\"p1\"><b>AVAILABLE SOON ON VIDEO ON DEMAND AND DVD !\u00a0<\/b><\/h4>\n<p>Cantal, France, 1905.<\/p>\n<p>In the forest surrounding his native village, the young seminarian Bruno Reidal murders a boy before surrendering immediately to authorities. In prison, under interrogation for weeks, he faces a panel of three doctors attempting to understand his lethal impulse. They order Bruno to retrace his past by writing his life story, as they try to identify the events or the anomaly that could have led to such an atrocity.<\/p>\n<blockquote><p><em><span style=\"font-weight: 400;\">&#8220;A remarkaby assured, precisely calibrated feature&#8221;\u00a0<\/span><\/em><\/p>\n<p><a href=\"https:\/\/www.screendaily.com\/reviews\/bruno-reidal-confessions-of-a-murderer-cannes-review\/5160802.article\" target=\"_blank\" rel=\"noopener\"><b>SCREEN DAILY<\/b><\/a><\/p>\n<p><em><span style=\"font-weight: 400;\">&#8220;An extraordinary central performance from newcomer Dimitri Dore.&#8221;<\/span><\/em><\/p>\n<p><a href=\"https:\/\/www.screendaily.com\/reviews\/bruno-reidal-confessions-of-a-murderer-cannes-review\/5160802.article\" target=\"_blank\" rel=\"noopener\"><b>SCREEN DAILY<\/b><\/a><\/p><\/blockquote>\n<p class=\"p1\"><span style=\"text-decoration: underline;\"><span class=\"s1\"><a href=\"https:\/\/maison4tiers.com\/en\/product-category\/movie\/drama\/\" target=\"_blank\" rel=\"noopener\"><b>Other dramatic films<\/b><\/a><\/span><\/span><\/p>\n<p class=\"p1\">*Only available in Canada<\/p>\n<\/div>\n<\/div>\n<\/div>\n","protected":false},"featured_media":8183,"template":"","meta":{"_acf_changed":false,"_eb_attr":""},"product_brand":[],"product_cat":[143,137,133,106,103],"product_tag":[719,509,910,474],"class_list":{"0":"post-8166","1":"product","2":"type-product","3":"status-publish","4":"has-post-thumbnail","6":"product_cat-digital","7":"product_cat-dvd-en","8":"product_cat-allmovies","9":"product_cat-drama","10":"product_cat-movie","11":"product_tag-crime-en","12":"product_tag-enquete-en","13":"product_tag-france-en","14":"product_tag-justice-en","15":"new","17":"first","18":"instock","19":"featured","20":"taxable","21":"shipping-taxable","22":"purchasable","23":"product-type-variable","24":"has-default-attributes"},"acf":[],"yoast_head":"<!-- This site is optimized with the Yoast SEO plugin v27.0 - https:\/\/yoast.com\/product\/yoast-seo-wordpress\/ -->\n<title>Bruno Reidal, confession of a murderer - \u00c9crans solidaires<\/title>\n<meta name=\"description\" content=\"In the forest surrounding his native village, the young seminarian Bruno Reidal murders a boy before surrendering immediately to authorities.\" \/>\n<meta name=\"robots\" content=\"noindex, follow, max-snippet:-1, max-image-preview:large, max-video-preview:-1\" \/>\n<meta property=\"og:locale\" content=\"en_US\" \/>\n<meta property=\"og:type\" content=\"article\" \/>\n<meta property=\"og:title\" content=\"Bruno Reidal\" \/>\n<meta property=\"og:description\" content=\"In the forest surrounding his native village, the young seminarian Bruno Reidal murders a boy before surrendering immediately to authorities.\" \/>\n<meta property=\"og:url\" content=\"https:\/\/maison4tiers.com\/ecrans-solidaires\/en\/product\/bruno-reidal-confession-of-a-murderer\/\" \/>\n<meta property=\"og:site_name\" content=\"\u00c9crans solidaires\" \/>\n<meta property=\"article:modified_time\" content=\"2022-12-14T20:26:53+00:00\" \/>\n<meta property=\"og:image\" content=\"https:\/\/maison4tiers.com\/ecrans-solidaires\/wp-content\/uploads\/sites\/76\/2022\/08\/BrunoReidal_WEB_EN-scaled.jpg\" \/>\n\t<meta property=\"og:image:width\" content=\"1772\" \/>\n\t<meta property=\"og:image:height\" content=\"2560\" \/>\n\t<meta property=\"og:image:type\" content=\"image\/jpeg\" \/>\n<meta name=\"twitter:card\" content=\"summary_large_image\" \/>\n<meta name=\"twitter:title\" content=\"Bruno Reidal\" \/>\n<meta name=\"twitter:description\" content=\"In the forest surrounding his native village, the young seminarian Bruno Reidal murders a boy before surrendering immediately to authorities.\" \/>\n<meta name=\"twitter:image\" content=\"https:\/\/maison4tiers.com\/ecrans-solidaires\/wp-content\/uploads\/sites\/76\/2022\/08\/BrunoReidal_WEB_EN-scaled.jpg\" \/>\n<script type=\"application\/ld+json\" class=\"yoast-schema-graph\">{\"@context\":\"https:\/\/schema.org\",\"@graph\":[{\"@type\":\"WebPage\",\"@id\":\"https:\/\/maison4tiers.com\/ecrans-solidaires\/en\/product\/bruno-reidal-confession-of-a-murderer\/\",\"url\":\"https:\/\/maison4tiers.com\/ecrans-solidaires\/en\/product\/bruno-reidal-confession-of-a-murderer\/\",\"name\":\"Bruno Reidal, confession of a murderer - \u00c9crans solidaires\",\"isPartOf\":{\"@id\":\"https:\/\/maison4tiers.com\/ecrans-solidaires\/en\/#website\"},\"primaryImageOfPage\":{\"@id\":\"https:\/\/maison4tiers.com\/ecrans-solidaires\/en\/product\/bruno-reidal-confession-of-a-murderer\/#primaryimage\"},\"image\":{\"@id\":\"https:\/\/maison4tiers.com\/ecrans-solidaires\/en\/product\/bruno-reidal-confession-of-a-murderer\/#primaryimage\"},\"thumbnailUrl\":\"https:\/\/maison4tiers.com\/ecrans-solidaires\/wp-content\/uploads\/sites\/76\/2022\/08\/BrunoReidal_WEB_EN-scaled.jpg\",\"datePublished\":\"2022-08-09T15:03:32+00:00\",\"dateModified\":\"2022-12-14T20:26:53+00:00\",\"description\":\"In the forest surrounding his native village, the young seminarian Bruno Reidal murders a boy before surrendering immediately to authorities.\",\"breadcrumb\":{\"@id\":\"https:\/\/maison4tiers.com\/ecrans-solidaires\/en\/product\/bruno-reidal-confession-of-a-murderer\/#breadcrumb\"},\"inLanguage\":\"en-US\",\"potentialAction\":[{\"@type\":\"ReadAction\",\"target\":[\"https:\/\/maison4tiers.com\/ecrans-solidaires\/en\/product\/bruno-reidal-confession-of-a-murderer\/\"]}]},{\"@type\":\"ImageObject\",\"inLanguage\":\"en-US\",\"@id\":\"https:\/\/maison4tiers.com\/ecrans-solidaires\/en\/product\/bruno-reidal-confession-of-a-murderer\/#primaryimage\",\"url\":\"https:\/\/maison4tiers.com\/ecrans-solidaires\/wp-content\/uploads\/sites\/76\/2022\/08\/BrunoReidal_WEB_EN-scaled.jpg\",\"contentUrl\":\"https:\/\/maison4tiers.com\/ecrans-solidaires\/wp-content\/uploads\/sites\/76\/2022\/08\/BrunoReidal_WEB_EN-scaled.jpg\",\"width\":1772,\"height\":2560,\"caption\":\"Bruno_EN_NEW\"},{\"@type\":\"BreadcrumbList\",\"@id\":\"https:\/\/maison4tiers.com\/ecrans-solidaires\/en\/product\/bruno-reidal-confession-of-a-murderer\/#breadcrumb\",\"itemListElement\":[{\"@type\":\"ListItem\",\"position\":1,\"name\":\"Home\",\"item\":\"https:\/\/maison4tiers.com\/ecrans-solidaires\/en\/\"},{\"@type\":\"ListItem\",\"position\":2,\"name\":\"Movies\",\"item\":\"https:\/\/maison4tiers.com\/ecrans-solidaires\/en\/movies\/\"},{\"@type\":\"ListItem\",\"position\":3,\"name\":\"Bruno Reidal, confession of a murderer\"}]},{\"@type\":\"WebSite\",\"@id\":\"https:\/\/maison4tiers.com\/ecrans-solidaires\/en\/#website\",\"url\":\"https:\/\/maison4tiers.com\/ecrans-solidaires\/en\/\",\"name\":\"\u00c9crans solidaires\",\"description\":\"Distribution multiplateforme de films qu\u00e9b\u00e9cois et internationaux\",\"publisher\":{\"@id\":\"https:\/\/maison4tiers.com\/ecrans-solidaires\/en\/#organization\"},\"potentialAction\":[{\"@type\":\"SearchAction\",\"target\":{\"@type\":\"EntryPoint\",\"urlTemplate\":\"https:\/\/maison4tiers.com\/ecrans-solidaires\/en\/?s={search_term_string}\"},\"query-input\":{\"@type\":\"PropertyValueSpecification\",\"valueRequired\":true,\"valueName\":\"search_term_string\"}}],\"inLanguage\":\"en-US\"},{\"@type\":\"Organization\",\"@id\":\"https:\/\/maison4tiers.com\/ecrans-solidaires\/en\/#organization\",\"name\":\"\u00c9crans solidaires\",\"url\":\"https:\/\/maison4tiers.com\/ecrans-solidaires\/en\/\",\"logo\":{\"@type\":\"ImageObject\",\"inLanguage\":\"en-US\",\"@id\":\"https:\/\/maison4tiers.com\/ecrans-solidaires\/en\/#\/schema\/logo\/image\/\",\"url\":\"https:\/\/maison4tiers.com\/ecrans-solidaires\/wp-content\/uploads\/sites\/76\/2020\/11\/favicon-196.png\",\"contentUrl\":\"https:\/\/maison4tiers.com\/ecrans-solidaires\/wp-content\/uploads\/sites\/76\/2020\/11\/favicon-196.png\",\"width\":196,\"height\":196,\"caption\":\"\u00c9crans solidaires\"},\"image\":{\"@id\":\"https:\/\/maison4tiers.com\/ecrans-solidaires\/en\/#\/schema\/logo\/image\/\"}}]}<\/script>\n<!-- \/ Yoast SEO plugin. -->","yoast_head_json":{"title":"Bruno Reidal, confession of a murderer - \u00c9crans solidaires","description":"In the forest surrounding his native village, the young seminarian Bruno Reidal murders a boy before surrendering immediately to authorities.","robots":{"index":"noindex","follow":"follow","max-snippet":"max-snippet:-1","max-image-preview":"max-image-preview:large","max-video-preview":"max-video-preview:-1"},"og_locale":"en_US","og_type":"article","og_title":"Bruno Reidal","og_description":"In the forest surrounding his native village, the young seminarian Bruno Reidal murders a boy before surrendering immediately to authorities.","og_url":"https:\/\/maison4tiers.com\/ecrans-solidaires\/en\/product\/bruno-reidal-confession-of-a-murderer\/","og_site_name":"\u00c9crans solidaires","article_modified_time":"2022-12-14T20:26:53+00:00","og_image":[{"width":1772,"height":2560,"url":"https:\/\/maison4tiers.com\/ecrans-solidaires\/wp-content\/uploads\/sites\/76\/2022\/08\/BrunoReidal_WEB_EN-scaled.jpg","type":"image\/jpeg"}],"twitter_card":"summary_large_image","twitter_title":"Bruno Reidal","twitter_description":"In the forest surrounding his native village, the young seminarian Bruno Reidal murders a boy before surrendering immediately to authorities.","twitter_image":"https:\/\/maison4tiers.com\/ecrans-solidaires\/wp-content\/uploads\/sites\/76\/2022\/08\/BrunoReidal_WEB_EN-scaled.jpg","schema":{"@context":"https:\/\/schema.org","@graph":[{"@type":"WebPage","@id":"https:\/\/maison4tiers.com\/ecrans-solidaires\/en\/product\/bruno-reidal-confession-of-a-murderer\/","url":"https:\/\/maison4tiers.com\/ecrans-solidaires\/en\/product\/bruno-reidal-confession-of-a-murderer\/","name":"Bruno Reidal, confession of a murderer - \u00c9crans solidaires","isPartOf":{"@id":"https:\/\/maison4tiers.com\/ecrans-solidaires\/en\/#website"},"primaryImageOfPage":{"@id":"https:\/\/maison4tiers.com\/ecrans-solidaires\/en\/product\/bruno-reidal-confession-of-a-murderer\/#primaryimage"},"image":{"@id":"https:\/\/maison4tiers.com\/ecrans-solidaires\/en\/product\/bruno-reidal-confession-of-a-murderer\/#primaryimage"},"thumbnailUrl":"https:\/\/maison4tiers.com\/ecrans-solidaires\/wp-content\/uploads\/sites\/76\/2022\/08\/BrunoReidal_WEB_EN-scaled.jpg","datePublished":"2022-08-09T15:03:32+00:00","dateModified":"2022-12-14T20:26:53+00:00","description":"In the forest surrounding his native village, the young seminarian Bruno Reidal murders a boy before surrendering immediately to authorities.","breadcrumb":{"@id":"https:\/\/maison4tiers.com\/ecrans-solidaires\/en\/product\/bruno-reidal-confession-of-a-murderer\/#breadcrumb"},"inLanguage":"en-US","potentialAction":[{"@type":"ReadAction","target":["https:\/\/maison4tiers.com\/ecrans-solidaires\/en\/product\/bruno-reidal-confession-of-a-murderer\/"]}]},{"@type":"ImageObject","inLanguage":"en-US","@id":"https:\/\/maison4tiers.com\/ecrans-solidaires\/en\/product\/bruno-reidal-confession-of-a-murderer\/#primaryimage","url":"https:\/\/maison4tiers.com\/ecrans-solidaires\/wp-content\/uploads\/sites\/76\/2022\/08\/BrunoReidal_WEB_EN-scaled.jpg","contentUrl":"https:\/\/maison4tiers.com\/ecrans-solidaires\/wp-content\/uploads\/sites\/76\/2022\/08\/BrunoReidal_WEB_EN-scaled.jpg","width":1772,"height":2560,"caption":"Bruno_EN_NEW"},{"@type":"BreadcrumbList","@id":"https:\/\/maison4tiers.com\/ecrans-solidaires\/en\/product\/bruno-reidal-confession-of-a-murderer\/#breadcrumb","itemListElement":[{"@type":"ListItem","position":1,"name":"Home","item":"https:\/\/maison4tiers.com\/ecrans-solidaires\/en\/"},{"@type":"ListItem","position":2,"name":"Movies","item":"https:\/\/maison4tiers.com\/ecrans-solidaires\/en\/movies\/"},{"@type":"ListItem","position":3,"name":"Bruno Reidal, confession of a murderer"}]},{"@type":"WebSite","@id":"https:\/\/maison4tiers.com\/ecrans-solidaires\/en\/#website","url":"https:\/\/maison4tiers.com\/ecrans-solidaires\/en\/","name":"\u00c9crans solidaires","description":"Distribution multiplateforme de films qu\u00e9b\u00e9cois et internationaux","publisher":{"@id":"https:\/\/maison4tiers.com\/ecrans-solidaires\/en\/#organization"},"potentialAction":[{"@type":"SearchAction","target":{"@type":"EntryPoint","urlTemplate":"https:\/\/maison4tiers.com\/ecrans-solidaires\/en\/?s={search_term_string}"},"query-input":{"@type":"PropertyValueSpecification","valueRequired":true,"valueName":"search_term_string"}}],"inLanguage":"en-US"},{"@type":"Organization","@id":"https:\/\/maison4tiers.com\/ecrans-solidaires\/en\/#organization","name":"\u00c9crans solidaires","url":"https:\/\/maison4tiers.com\/ecrans-solidaires\/en\/","logo":{"@type":"ImageObject","inLanguage":"en-US","@id":"https:\/\/maison4tiers.com\/ecrans-solidaires\/en\/#\/schema\/logo\/image\/","url":"https:\/\/maison4tiers.com\/ecrans-solidaires\/wp-content\/uploads\/sites\/76\/2020\/11\/favicon-196.png","contentUrl":"https:\/\/maison4tiers.com\/ecrans-solidaires\/wp-content\/uploads\/sites\/76\/2020\/11\/favicon-196.png","width":196,"height":196,"caption":"\u00c9crans solidaires"},"image":{"@id":"https:\/\/maison4tiers.com\/ecrans-solidaires\/en\/#\/schema\/logo\/image\/"}}]}},"jetpack_sharing_enabled":true,"_links":{"self":[{"href":"https:\/\/maison4tiers.com\/ecrans-solidaires\/en\/wp-json\/wp\/v2\/product\/8166","targetHints":{"allow":["GET"]}}],"collection":[{"href":"https:\/\/maison4tiers.com\/ecrans-solidaires\/en\/wp-json\/wp\/v2\/product"}],"about":[{"href":"https:\/\/maison4tiers.com\/ecrans-solidaires\/en\/wp-json\/wp\/v2\/types\/product"}],"wp:featuredmedia":[{"embeddable":true,"href":"https:\/\/maison4tiers.com\/ecrans-solidaires\/en\/wp-json\/wp\/v2\/media\/8183"}],"wp:attachment":[{"href":"https:\/\/maison4tiers.com\/ecrans-solidaires\/en\/wp-json\/wp\/v2\/media?parent=8166"}],"wp:term":[{"taxonomy":"product_brand","embeddable":true,"href":"https:\/\/maison4tiers.com\/ecrans-solidaires\/en\/wp-json\/wp\/v2\/product_brand?post=8166"},{"taxonomy":"product_cat","embeddable":true,"href":"https:\/\/maison4tiers.com\/ecrans-solidaires\/en\/wp-json\/wp\/v2\/product_cat?post=8166"},{"taxonomy":"product_tag","embeddable":true,"href":"https:\/\/maison4tiers.com\/ecrans-solidaires\/en\/wp-json\/wp\/v2\/product_tag?post=8166"}],"curies":[{"name":"wp","href":"https:\/\/api.w.org\/{rel}","templated":true}]}}