{"id":7731,"date":"2021-12-15T16:57:33","date_gmt":"2022-03-01T02:44:29","guid":{"rendered":"https:\/\/maison4tiers.com\/?post_type=product&#038;p=7731"},"modified":"2022-06-06T11:12:32","modified_gmt":"2022-06-06T15:12:32","slug":"the-happening","status":"publish","type":"product","link":"https:\/\/maison4tiers.com\/ecrans-solidaires\/en\/product\/the-happening\/","title":{"rendered":"The happening"},"excerpt":{"rendered":"<p><span style=\"text-decoration: underline;\"><strong>NOW PLAYING\u00a0<\/strong><\/span><\/p>\n<p>Adapted from Annie Ernaux\u2019s autobiographical novel, HAPPENING recounts the journey of a young woman\u2019s physical and emotional battle to access illegal abortion in a desperate race against the clock. A powerful and gripping drama set in a society that condemned female desire and sexual liberty.<\/p>\n<blockquote>\n<div class=\"_1mf _1mj\" data-offset-key=\"ce93j-0-0\">\u2605\u2605\u2605\u2605\u00a0<strong>\u2013\u00a0<a href=\"https:\/\/www.ledevoir.com\/culture\/cinema\/676017\/cinema-l-evenement-c-est-a-moi-que-ca-arrive\">LE DEVOIR\u00a0<\/a><\/strong><br aria-hidden=\"true\" \/>\u2605\u2605\u2605\u2605 1\/2\u00a0<strong>\u2013\u00a0<\/strong><a href=\"https:\/\/www.journaldemontreal.com\/2022\/02\/18\/levenement-lorsquune-femme-ne-sappartenait-pas\"><strong>JOURNAL DE MONTR\u00c9AL\u00a0<\/strong><\/a><br aria-hidden=\"true\" \/>\u2605\u2605\u2605\u2605\u00a0<strong>\u2013\u00a0<a href=\"https:\/\/www.lesoleil.com\/2022\/02\/18\/levenement--un-film-cru-et-necessaire--video-5f09a749d0d8fae2771fccdbfe5870a0?utm_source=Unknown+List&amp;utm_campaign=54acffb02f-EMAIL_CAMPAIGN_2022_02_18_04_50&amp;utm_medium=email&amp;utm_term=0_-54acffb02f-&amp;mc_cid=54acffb02f&amp;mc_eid=UNIQID\">LE SOLEIL<\/a><\/strong><br aria-hidden=\"true\" \/>\u2605\u2605\u2605\u2605\u00a0<strong>\u2013\u00a0<a href=\"https:\/\/www.lapresse.ca\/cinema\/critiques\/2022-02-18\/l-evenement\/retour-vers-le-futur.php\">LA PRESSE <\/a><\/strong><\/div>\n<div class=\"_1mf _1mj\" data-offset-key=\"ce93j-0-0\">\u2605\u2605\u2605\u2605\u2605<strong>\u00a0\u2013\u00a0<a href=\"https:\/\/www.fichesducinema.com\/2021\/11\/levenement-de-audrey-diwan\/\" target=\"_blank\" rel=\"noopener\">LES FICHES DU CIN\u00c9MA<\/a><\/strong><\/div>\n<div class=\"_1mf _1mj\" data-offset-key=\"ce93j-0-0\">\u2605\u2605\u2605\u2605\u2605<strong>\u00a0\u2013\u00a0<a href=\"https:\/\/www.lavoixdunord.fr\/1103501\/article\/2021-11-23\/sortie-cine-annie-ernaux-audrey-diwan-anamaria-vartolomei-ces-trois-femmes\" target=\"_blank\" rel=\"noopener\">LA VOIX DU NORD<\/a><\/strong><\/div>\n<div class=\"_1mf _1mj\" data-offset-key=\"ce93j-0-0\">\u2605\u2605\u2605\u2605\u2605<strong>\u00a0\u2013\u00a0<a href=\"https:\/\/www.lejdd.fr\/Culture\/Cinema\/levenement-house-of-gucci-encanto-les-critiques-des-films-en-salles-la-semaine-prochaine-4078048\" target=\"_blank\" rel=\"noopener\">LE JOURNAL DU DIMANCHE<\/a><\/strong><\/div>\n<\/blockquote>\n","protected":false},"featured_media":7364,"template":"","meta":{"_acf_changed":false,"_eb_attr":""},"product_brand":[],"product_cat":[143,137,133,106,130,103,127,128],"product_tag":[926,910,471,472],"class_list":{"0":"post-7731","1":"product","2":"type-product","3":"status-publish","4":"has-post-thumbnail","6":"product_cat-digital","7":"product_cat-dvd-en","8":"product_cat-allmovies","9":"product_cat-drama","10":"product_cat-fiction-en","11":"product_cat-movie","12":"product_cat-reflexion-en","13":"product_cat-society","14":"product_tag-feminisme-en","15":"product_tag-france-en","16":"product_tag-suspense-en","17":"product_tag-thriller-en","19":"first","20":"instock","21":"taxable","22":"shipping-taxable","23":"purchasable","24":"product-type-variable","25":"has-default-attributes"},"acf":[],"yoast_head":"<!-- This site is optimized with the Yoast SEO plugin v27.0 - https:\/\/yoast.com\/product\/yoast-seo-wordpress\/ -->\n<title>The happening - Drama - \u00c9crans solidaires - NOW IN THEATERS<\/title>\n<meta name=\"description\" content=\"HAPPENING recounts the journey of a young woman\u2019s physical and emotional battle to access illegal abortion in a desperate race against the clock.\" \/>\n<meta name=\"robots\" content=\"noindex, follow, max-snippet:-1, max-image-preview:large, max-video-preview:-1\" \/>\n<meta property=\"og:locale\" content=\"en_US\" \/>\n<meta property=\"og:type\" content=\"article\" \/>\n<meta property=\"og:title\" content=\"The happening\" \/>\n<meta property=\"og:description\" content=\"HAPPENING recounts the journey of a young woman\u2019s physical and emotional battle to access illegal abortion in a desperate race against the clock.\" \/>\n<meta property=\"og:url\" content=\"https:\/\/maison4tiers.com\/ecrans-solidaires\/en\/product\/the-happening\/\" \/>\n<meta property=\"og:site_name\" content=\"\u00c9crans solidaires\" \/>\n<meta property=\"article:modified_time\" content=\"2022-06-06T15:12:32+00:00\" \/>\n<meta property=\"og:image\" content=\"https:\/\/maison4tiers.com\/ecrans-solidaires\/wp-content\/uploads\/sites\/76\/2022\/02\/2-1.png\" \/>\n\t<meta property=\"og:image:width\" content=\"800\" \/>\n\t<meta property=\"og:image:height\" content=\"1200\" \/>\n\t<meta property=\"og:image:type\" content=\"image\/png\" \/>\n<meta name=\"twitter:card\" content=\"summary_large_image\" \/>\n<meta name=\"twitter:title\" content=\"The happening\" \/>\n<meta name=\"twitter:description\" content=\"HAPPENING recounts the journey of a young woman\u2019s physical and emotional battle to access illegal abortion in a desperate race against the clock.\" \/>\n<meta name=\"twitter:image\" content=\"https:\/\/maison4tiers.com\/ecrans-solidaires\/wp-content\/uploads\/sites\/76\/2022\/02\/2-1.png\" \/>\n<script type=\"application\/ld+json\" class=\"yoast-schema-graph\">{\"@context\":\"https:\/\/schema.org\",\"@graph\":[{\"@type\":\"WebPage\",\"@id\":\"https:\/\/maison4tiers.com\/ecrans-solidaires\/en\/product\/the-happening\/\",\"url\":\"https:\/\/maison4tiers.com\/ecrans-solidaires\/en\/product\/the-happening\/\",\"name\":\"The happening - Drama - \u00c9crans solidaires - NOW IN THEATERS\",\"isPartOf\":{\"@id\":\"https:\/\/maison4tiers.com\/ecrans-solidaires\/en\/#website\"},\"primaryImageOfPage\":{\"@id\":\"https:\/\/maison4tiers.com\/ecrans-solidaires\/en\/product\/the-happening\/#primaryimage\"},\"image\":{\"@id\":\"https:\/\/maison4tiers.com\/ecrans-solidaires\/en\/product\/the-happening\/#primaryimage\"},\"thumbnailUrl\":\"https:\/\/maison4tiers.com\/ecrans-solidaires\/wp-content\/uploads\/sites\/76\/2021\/12\/Evenement_affiche_BIENTOT-scaled.jpg\",\"datePublished\":\"2022-03-01T02:44:29+00:00\",\"dateModified\":\"2022-06-06T15:12:32+00:00\",\"description\":\"HAPPENING recounts the journey of a young woman\u2019s physical and emotional battle to access illegal abortion in a desperate race against the clock.\",\"breadcrumb\":{\"@id\":\"https:\/\/maison4tiers.com\/ecrans-solidaires\/en\/product\/the-happening\/#breadcrumb\"},\"inLanguage\":\"en-US\",\"potentialAction\":[{\"@type\":\"ReadAction\",\"target\":[\"https:\/\/maison4tiers.com\/ecrans-solidaires\/en\/product\/the-happening\/\"]}]},{\"@type\":\"ImageObject\",\"inLanguage\":\"en-US\",\"@id\":\"https:\/\/maison4tiers.com\/ecrans-solidaires\/en\/product\/the-happening\/#primaryimage\",\"url\":\"https:\/\/maison4tiers.com\/ecrans-solidaires\/wp-content\/uploads\/sites\/76\/2021\/12\/Evenement_affiche_BIENTOT-scaled.jpg\",\"contentUrl\":\"https:\/\/maison4tiers.com\/ecrans-solidaires\/wp-content\/uploads\/sites\/76\/2021\/12\/Evenement_affiche_BIENTOT-scaled.jpg\",\"width\":1772,\"height\":2560,\"caption\":\"L'\u00e9v\u00e9nement\"},{\"@type\":\"BreadcrumbList\",\"@id\":\"https:\/\/maison4tiers.com\/ecrans-solidaires\/en\/product\/the-happening\/#breadcrumb\",\"itemListElement\":[{\"@type\":\"ListItem\",\"position\":1,\"name\":\"Home\",\"item\":\"https:\/\/maison4tiers.com\/ecrans-solidaires\/en\/\"},{\"@type\":\"ListItem\",\"position\":2,\"name\":\"Movies\",\"item\":\"https:\/\/maison4tiers.com\/ecrans-solidaires\/en\/movies\/\"},{\"@type\":\"ListItem\",\"position\":3,\"name\":\"The happening\"}]},{\"@type\":\"WebSite\",\"@id\":\"https:\/\/maison4tiers.com\/ecrans-solidaires\/en\/#website\",\"url\":\"https:\/\/maison4tiers.com\/ecrans-solidaires\/en\/\",\"name\":\"\u00c9crans solidaires\",\"description\":\"Distribution multiplateforme de films qu\u00e9b\u00e9cois et internationaux\",\"publisher\":{\"@id\":\"https:\/\/maison4tiers.com\/ecrans-solidaires\/en\/#organization\"},\"potentialAction\":[{\"@type\":\"SearchAction\",\"target\":{\"@type\":\"EntryPoint\",\"urlTemplate\":\"https:\/\/maison4tiers.com\/ecrans-solidaires\/en\/?s={search_term_string}\"},\"query-input\":{\"@type\":\"PropertyValueSpecification\",\"valueRequired\":true,\"valueName\":\"search_term_string\"}}],\"inLanguage\":\"en-US\"},{\"@type\":\"Organization\",\"@id\":\"https:\/\/maison4tiers.com\/ecrans-solidaires\/en\/#organization\",\"name\":\"\u00c9crans solidaires\",\"url\":\"https:\/\/maison4tiers.com\/ecrans-solidaires\/en\/\",\"logo\":{\"@type\":\"ImageObject\",\"inLanguage\":\"en-US\",\"@id\":\"https:\/\/maison4tiers.com\/ecrans-solidaires\/en\/#\/schema\/logo\/image\/\",\"url\":\"https:\/\/maison4tiers.com\/ecrans-solidaires\/wp-content\/uploads\/sites\/76\/2020\/11\/favicon-196.png\",\"contentUrl\":\"https:\/\/maison4tiers.com\/ecrans-solidaires\/wp-content\/uploads\/sites\/76\/2020\/11\/favicon-196.png\",\"width\":196,\"height\":196,\"caption\":\"\u00c9crans solidaires\"},\"image\":{\"@id\":\"https:\/\/maison4tiers.com\/ecrans-solidaires\/en\/#\/schema\/logo\/image\/\"}}]}<\/script>\n<!-- \/ Yoast SEO plugin. -->","yoast_head_json":{"title":"The happening - Drama - \u00c9crans solidaires - NOW IN THEATERS","description":"HAPPENING recounts the journey of a young woman\u2019s physical and emotional battle to access illegal abortion in a desperate race against the clock.","robots":{"index":"noindex","follow":"follow","max-snippet":"max-snippet:-1","max-image-preview":"max-image-preview:large","max-video-preview":"max-video-preview:-1"},"og_locale":"en_US","og_type":"article","og_title":"The happening","og_description":"HAPPENING recounts the journey of a young woman\u2019s physical and emotional battle to access illegal abortion in a desperate race against the clock.","og_url":"https:\/\/maison4tiers.com\/ecrans-solidaires\/en\/product\/the-happening\/","og_site_name":"\u00c9crans solidaires","article_modified_time":"2022-06-06T15:12:32+00:00","og_image":[{"width":800,"height":1200,"url":"https:\/\/maison4tiers.com\/ecrans-solidaires\/wp-content\/uploads\/sites\/76\/2022\/02\/2-1.png","type":"image\/png"}],"twitter_card":"summary_large_image","twitter_title":"The happening","twitter_description":"HAPPENING recounts the journey of a young woman\u2019s physical and emotional battle to access illegal abortion in a desperate race against the clock.","twitter_image":"https:\/\/maison4tiers.com\/ecrans-solidaires\/wp-content\/uploads\/sites\/76\/2022\/02\/2-1.png","schema":{"@context":"https:\/\/schema.org","@graph":[{"@type":"WebPage","@id":"https:\/\/maison4tiers.com\/ecrans-solidaires\/en\/product\/the-happening\/","url":"https:\/\/maison4tiers.com\/ecrans-solidaires\/en\/product\/the-happening\/","name":"The happening - Drama - \u00c9crans solidaires - NOW IN THEATERS","isPartOf":{"@id":"https:\/\/maison4tiers.com\/ecrans-solidaires\/en\/#website"},"primaryImageOfPage":{"@id":"https:\/\/maison4tiers.com\/ecrans-solidaires\/en\/product\/the-happening\/#primaryimage"},"image":{"@id":"https:\/\/maison4tiers.com\/ecrans-solidaires\/en\/product\/the-happening\/#primaryimage"},"thumbnailUrl":"https:\/\/maison4tiers.com\/ecrans-solidaires\/wp-content\/uploads\/sites\/76\/2021\/12\/Evenement_affiche_BIENTOT-scaled.jpg","datePublished":"2022-03-01T02:44:29+00:00","dateModified":"2022-06-06T15:12:32+00:00","description":"HAPPENING recounts the journey of a young woman\u2019s physical and emotional battle to access illegal abortion in a desperate race against the clock.","breadcrumb":{"@id":"https:\/\/maison4tiers.com\/ecrans-solidaires\/en\/product\/the-happening\/#breadcrumb"},"inLanguage":"en-US","potentialAction":[{"@type":"ReadAction","target":["https:\/\/maison4tiers.com\/ecrans-solidaires\/en\/product\/the-happening\/"]}]},{"@type":"ImageObject","inLanguage":"en-US","@id":"https:\/\/maison4tiers.com\/ecrans-solidaires\/en\/product\/the-happening\/#primaryimage","url":"https:\/\/maison4tiers.com\/ecrans-solidaires\/wp-content\/uploads\/sites\/76\/2021\/12\/Evenement_affiche_BIENTOT-scaled.jpg","contentUrl":"https:\/\/maison4tiers.com\/ecrans-solidaires\/wp-content\/uploads\/sites\/76\/2021\/12\/Evenement_affiche_BIENTOT-scaled.jpg","width":1772,"height":2560,"caption":"L'\u00e9v\u00e9nement"},{"@type":"BreadcrumbList","@id":"https:\/\/maison4tiers.com\/ecrans-solidaires\/en\/product\/the-happening\/#breadcrumb","itemListElement":[{"@type":"ListItem","position":1,"name":"Home","item":"https:\/\/maison4tiers.com\/ecrans-solidaires\/en\/"},{"@type":"ListItem","position":2,"name":"Movies","item":"https:\/\/maison4tiers.com\/ecrans-solidaires\/en\/movies\/"},{"@type":"ListItem","position":3,"name":"The happening"}]},{"@type":"WebSite","@id":"https:\/\/maison4tiers.com\/ecrans-solidaires\/en\/#website","url":"https:\/\/maison4tiers.com\/ecrans-solidaires\/en\/","name":"\u00c9crans solidaires","description":"Distribution multiplateforme de films qu\u00e9b\u00e9cois et internationaux","publisher":{"@id":"https:\/\/maison4tiers.com\/ecrans-solidaires\/en\/#organization"},"potentialAction":[{"@type":"SearchAction","target":{"@type":"EntryPoint","urlTemplate":"https:\/\/maison4tiers.com\/ecrans-solidaires\/en\/?s={search_term_string}"},"query-input":{"@type":"PropertyValueSpecification","valueRequired":true,"valueName":"search_term_string"}}],"inLanguage":"en-US"},{"@type":"Organization","@id":"https:\/\/maison4tiers.com\/ecrans-solidaires\/en\/#organization","name":"\u00c9crans solidaires","url":"https:\/\/maison4tiers.com\/ecrans-solidaires\/en\/","logo":{"@type":"ImageObject","inLanguage":"en-US","@id":"https:\/\/maison4tiers.com\/ecrans-solidaires\/en\/#\/schema\/logo\/image\/","url":"https:\/\/maison4tiers.com\/ecrans-solidaires\/wp-content\/uploads\/sites\/76\/2020\/11\/favicon-196.png","contentUrl":"https:\/\/maison4tiers.com\/ecrans-solidaires\/wp-content\/uploads\/sites\/76\/2020\/11\/favicon-196.png","width":196,"height":196,"caption":"\u00c9crans solidaires"},"image":{"@id":"https:\/\/maison4tiers.com\/ecrans-solidaires\/en\/#\/schema\/logo\/image\/"}}]}},"jetpack_sharing_enabled":true,"_links":{"self":[{"href":"https:\/\/maison4tiers.com\/ecrans-solidaires\/en\/wp-json\/wp\/v2\/product\/7731","targetHints":{"allow":["GET"]}}],"collection":[{"href":"https:\/\/maison4tiers.com\/ecrans-solidaires\/en\/wp-json\/wp\/v2\/product"}],"about":[{"href":"https:\/\/maison4tiers.com\/ecrans-solidaires\/en\/wp-json\/wp\/v2\/types\/product"}],"wp:featuredmedia":[{"embeddable":true,"href":"https:\/\/maison4tiers.com\/ecrans-solidaires\/en\/wp-json\/wp\/v2\/media\/7364"}],"wp:attachment":[{"href":"https:\/\/maison4tiers.com\/ecrans-solidaires\/en\/wp-json\/wp\/v2\/media?parent=7731"}],"wp:term":[{"taxonomy":"product_brand","embeddable":true,"href":"https:\/\/maison4tiers.com\/ecrans-solidaires\/en\/wp-json\/wp\/v2\/product_brand?post=7731"},{"taxonomy":"product_cat","embeddable":true,"href":"https:\/\/maison4tiers.com\/ecrans-solidaires\/en\/wp-json\/wp\/v2\/product_cat?post=7731"},{"taxonomy":"product_tag","embeddable":true,"href":"https:\/\/maison4tiers.com\/ecrans-solidaires\/en\/wp-json\/wp\/v2\/product_tag?post=7731"}],"curies":[{"name":"wp","href":"https:\/\/api.w.org\/{rel}","templated":true}]}}