{"id":7669,"date":"2022-06-06T09:00:23","date_gmt":"2022-02-04T17:45:23","guid":{"rendered":"https:\/\/maison4tiers.com\/produit\/un-ete-comme-ca\/"},"modified":"2022-12-14T16:26:58","modified_gmt":"2022-12-14T20:26:58","slug":"that-kind-of-summer","status":"publish","type":"product","link":"https:\/\/maison4tiers.com\/ecrans-solidaires\/en\/product\/that-kind-of-summer\/","title":{"rendered":"That Kind of Summer"},"excerpt":{"rendered":"<h4><strong>NOW AVAILABLE ON VIDEO ON DEMAND AND DVD !\u00a0<\/strong><\/h4>\n<p>Selection in official competition at the <a class=\"mw-redirect\" title=\"Berlinale\" href=\"https:\/\/en.wikipedia.org\/wiki\/Berlinale\">Berlinale<\/a><\/p>\n<p>Invited to a rest home to explore their sexual issues, three women spend their days and nights trying to tame their inner demons. Under the detached supervision of a German therapist and a considerate social worker, the group attempts to maintain a delicate balance. For the young Geisha, somber L\u00e9onie and unpredictable Eug\u00e9nie, it&#8217;s a chance to get away from the noise, to engage with the present, and think about the future.<\/p>\n<blockquote><p><strong><em>\u00abUnlike any other proponent of contemporary cinema, Denis C\u00f4t\u00e9 succeeds in creating dynamic cinematic spaces (sets, settings, constellations) in which experiences (psychological, physical, intellectual) may be seen as a game and, precisely because of this, can be used to pursue reality. Sometimes at a discreet distance, at others transgressively close, the camera swirls around the protagonists in this dance of trauma and lust. Norms are deconstructed, the present becomes tangible and the future conceivable. Cinema is \u2013 vibration.\u00bb<\/em><\/strong>\u00a0\u00a0<strong><a href=\"https:\/\/www.berlinale.de\/en\/programme\/programme\/detail.html?film_id=202214700\">BERLINALE 2022<\/a><\/strong><\/p><\/blockquote>\n","protected":false},"featured_media":7677,"template":"","meta":{"_acf_changed":false,"_eb_attr":""},"product_brand":[],"product_cat":[143,137,133,106,103,126,128],"product_tag":[],"class_list":{"0":"post-7669","1":"product","2":"type-product","3":"status-publish","4":"has-post-thumbnail","6":"product_cat-digital","7":"product_cat-dvd-en","8":"product_cat-allmovies","9":"product_cat-drama","10":"product_cat-movie","11":"product_cat-quebec-movie","12":"product_cat-society","14":"first","15":"instock","16":"featured","17":"taxable","18":"shipping-taxable","19":"product-type-variable","20":"has-default-attributes"},"acf":[],"yoast_head":"<!-- This site is optimized with the Yoast SEO plugin v27.0 - https:\/\/yoast.com\/product\/yoast-seo-wordpress\/ -->\n<title>That Kind of Summer - Quebec Film - \u00c9crans solidaires - WATCH NOW!<\/title>\n<meta name=\"description\" content=\"Invited to a rest home to explore their sexual issues, three women spend their summer trying to tame their inner demons.\" \/>\n<meta name=\"robots\" content=\"noindex, follow, max-snippet:-1, max-image-preview:large, max-video-preview:-1\" \/>\n<meta property=\"og:locale\" content=\"en_US\" \/>\n<meta property=\"og:type\" content=\"article\" \/>\n<meta property=\"og:title\" content=\"That Kind of Summer\" \/>\n<meta property=\"og:description\" content=\"Invited to a rest home to explore their sexual issues, three women spend their summer trying to tame their inner demons.\" \/>\n<meta property=\"og:url\" content=\"https:\/\/maison4tiers.com\/ecrans-solidaires\/en\/product\/that-kind-of-summer\/\" \/>\n<meta property=\"og:site_name\" content=\"\u00c9crans solidaires\" \/>\n<meta property=\"article:modified_time\" content=\"2022-12-14T20:26:58+00:00\" \/>\n<meta property=\"og:image\" content=\"https:\/\/maison4tiers.com\/ecrans-solidaires\/wp-content\/uploads\/sites\/76\/2022\/02\/Nouvelles-affiches-SITE-WEB-800-X-1200.png\" \/>\n\t<meta property=\"og:image:width\" content=\"800\" \/>\n\t<meta property=\"og:image:height\" content=\"1200\" \/>\n\t<meta property=\"og:image:type\" content=\"image\/png\" \/>\n<meta name=\"twitter:card\" content=\"summary_large_image\" \/>\n<meta name=\"twitter:title\" content=\"That Kind of Summer\" \/>\n<meta name=\"twitter:description\" content=\"Invited to a rest home to explore their sexual issues, three women spend their summer trying to tame their inner demons.\" \/>\n<meta name=\"twitter:image\" content=\"https:\/\/maison4tiers.com\/ecrans-solidaires\/wp-content\/uploads\/sites\/76\/2022\/02\/Nouvelles-affiches-SITE-WEB-800-X-1200.png\" \/>\n<script type=\"application\/ld+json\" class=\"yoast-schema-graph\">{\"@context\":\"https:\/\/schema.org\",\"@graph\":[{\"@type\":\"WebPage\",\"@id\":\"https:\/\/maison4tiers.com\/ecrans-solidaires\/en\/product\/that-kind-of-summer\/\",\"url\":\"https:\/\/maison4tiers.com\/ecrans-solidaires\/en\/product\/that-kind-of-summer\/\",\"name\":\"That Kind of Summer - Quebec Film - \u00c9crans solidaires - WATCH NOW!\",\"isPartOf\":{\"@id\":\"https:\/\/maison4tiers.com\/ecrans-solidaires\/en\/#website\"},\"primaryImageOfPage\":{\"@id\":\"https:\/\/maison4tiers.com\/ecrans-solidaires\/en\/product\/that-kind-of-summer\/#primaryimage\"},\"image\":{\"@id\":\"https:\/\/maison4tiers.com\/ecrans-solidaires\/en\/product\/that-kind-of-summer\/#primaryimage\"},\"thumbnailUrl\":\"https:\/\/maison4tiers.com\/ecrans-solidaires\/wp-content\/uploads\/sites\/76\/2022\/02\/Nouvelles-affiches-SITE-WEB-800-X-1200.png\",\"datePublished\":\"2022-02-04T17:45:23+00:00\",\"dateModified\":\"2022-12-14T20:26:58+00:00\",\"description\":\"Invited to a rest home to explore their sexual issues, three women spend their summer trying to tame their inner demons.\",\"breadcrumb\":{\"@id\":\"https:\/\/maison4tiers.com\/ecrans-solidaires\/en\/product\/that-kind-of-summer\/#breadcrumb\"},\"inLanguage\":\"en-US\",\"potentialAction\":[{\"@type\":\"ReadAction\",\"target\":[\"https:\/\/maison4tiers.com\/ecrans-solidaires\/en\/product\/that-kind-of-summer\/\"]}]},{\"@type\":\"ImageObject\",\"inLanguage\":\"en-US\",\"@id\":\"https:\/\/maison4tiers.com\/ecrans-solidaires\/en\/product\/that-kind-of-summer\/#primaryimage\",\"url\":\"https:\/\/maison4tiers.com\/ecrans-solidaires\/wp-content\/uploads\/sites\/76\/2022\/02\/Nouvelles-affiches-SITE-WEB-800-X-1200.png\",\"contentUrl\":\"https:\/\/maison4tiers.com\/ecrans-solidaires\/wp-content\/uploads\/sites\/76\/2022\/02\/Nouvelles-affiches-SITE-WEB-800-X-1200.png\",\"width\":800,\"height\":1200,\"caption\":\"That Kind of Summer\"},{\"@type\":\"BreadcrumbList\",\"@id\":\"https:\/\/maison4tiers.com\/ecrans-solidaires\/en\/product\/that-kind-of-summer\/#breadcrumb\",\"itemListElement\":[{\"@type\":\"ListItem\",\"position\":1,\"name\":\"Home\",\"item\":\"https:\/\/maison4tiers.com\/ecrans-solidaires\/en\/\"},{\"@type\":\"ListItem\",\"position\":2,\"name\":\"Movies\",\"item\":\"https:\/\/maison4tiers.com\/ecrans-solidaires\/en\/movies\/\"},{\"@type\":\"ListItem\",\"position\":3,\"name\":\"That Kind of Summer\"}]},{\"@type\":\"WebSite\",\"@id\":\"https:\/\/maison4tiers.com\/ecrans-solidaires\/en\/#website\",\"url\":\"https:\/\/maison4tiers.com\/ecrans-solidaires\/en\/\",\"name\":\"\u00c9crans solidaires\",\"description\":\"Distribution multiplateforme de films qu\u00e9b\u00e9cois et internationaux\",\"publisher\":{\"@id\":\"https:\/\/maison4tiers.com\/ecrans-solidaires\/en\/#organization\"},\"potentialAction\":[{\"@type\":\"SearchAction\",\"target\":{\"@type\":\"EntryPoint\",\"urlTemplate\":\"https:\/\/maison4tiers.com\/ecrans-solidaires\/en\/?s={search_term_string}\"},\"query-input\":{\"@type\":\"PropertyValueSpecification\",\"valueRequired\":true,\"valueName\":\"search_term_string\"}}],\"inLanguage\":\"en-US\"},{\"@type\":\"Organization\",\"@id\":\"https:\/\/maison4tiers.com\/ecrans-solidaires\/en\/#organization\",\"name\":\"\u00c9crans solidaires\",\"url\":\"https:\/\/maison4tiers.com\/ecrans-solidaires\/en\/\",\"logo\":{\"@type\":\"ImageObject\",\"inLanguage\":\"en-US\",\"@id\":\"https:\/\/maison4tiers.com\/ecrans-solidaires\/en\/#\/schema\/logo\/image\/\",\"url\":\"https:\/\/maison4tiers.com\/ecrans-solidaires\/wp-content\/uploads\/sites\/76\/2020\/11\/favicon-196.png\",\"contentUrl\":\"https:\/\/maison4tiers.com\/ecrans-solidaires\/wp-content\/uploads\/sites\/76\/2020\/11\/favicon-196.png\",\"width\":196,\"height\":196,\"caption\":\"\u00c9crans solidaires\"},\"image\":{\"@id\":\"https:\/\/maison4tiers.com\/ecrans-solidaires\/en\/#\/schema\/logo\/image\/\"}}]}<\/script>\n<!-- \/ Yoast SEO plugin. -->","yoast_head_json":{"title":"That Kind of Summer - Quebec Film - \u00c9crans solidaires - WATCH NOW!","description":"Invited to a rest home to explore their sexual issues, three women spend their summer trying to tame their inner demons.","robots":{"index":"noindex","follow":"follow","max-snippet":"max-snippet:-1","max-image-preview":"max-image-preview:large","max-video-preview":"max-video-preview:-1"},"og_locale":"en_US","og_type":"article","og_title":"That Kind of Summer","og_description":"Invited to a rest home to explore their sexual issues, three women spend their summer trying to tame their inner demons.","og_url":"https:\/\/maison4tiers.com\/ecrans-solidaires\/en\/product\/that-kind-of-summer\/","og_site_name":"\u00c9crans solidaires","article_modified_time":"2022-12-14T20:26:58+00:00","og_image":[{"width":800,"height":1200,"url":"https:\/\/maison4tiers.com\/ecrans-solidaires\/wp-content\/uploads\/sites\/76\/2022\/02\/Nouvelles-affiches-SITE-WEB-800-X-1200.png","type":"image\/png"}],"twitter_card":"summary_large_image","twitter_title":"That Kind of Summer","twitter_description":"Invited to a rest home to explore their sexual issues, three women spend their summer trying to tame their inner demons.","twitter_image":"https:\/\/maison4tiers.com\/ecrans-solidaires\/wp-content\/uploads\/sites\/76\/2022\/02\/Nouvelles-affiches-SITE-WEB-800-X-1200.png","schema":{"@context":"https:\/\/schema.org","@graph":[{"@type":"WebPage","@id":"https:\/\/maison4tiers.com\/ecrans-solidaires\/en\/product\/that-kind-of-summer\/","url":"https:\/\/maison4tiers.com\/ecrans-solidaires\/en\/product\/that-kind-of-summer\/","name":"That Kind of Summer - Quebec Film - \u00c9crans solidaires - WATCH NOW!","isPartOf":{"@id":"https:\/\/maison4tiers.com\/ecrans-solidaires\/en\/#website"},"primaryImageOfPage":{"@id":"https:\/\/maison4tiers.com\/ecrans-solidaires\/en\/product\/that-kind-of-summer\/#primaryimage"},"image":{"@id":"https:\/\/maison4tiers.com\/ecrans-solidaires\/en\/product\/that-kind-of-summer\/#primaryimage"},"thumbnailUrl":"https:\/\/maison4tiers.com\/ecrans-solidaires\/wp-content\/uploads\/sites\/76\/2022\/02\/Nouvelles-affiches-SITE-WEB-800-X-1200.png","datePublished":"2022-02-04T17:45:23+00:00","dateModified":"2022-12-14T20:26:58+00:00","description":"Invited to a rest home to explore their sexual issues, three women spend their summer trying to tame their inner demons.","breadcrumb":{"@id":"https:\/\/maison4tiers.com\/ecrans-solidaires\/en\/product\/that-kind-of-summer\/#breadcrumb"},"inLanguage":"en-US","potentialAction":[{"@type":"ReadAction","target":["https:\/\/maison4tiers.com\/ecrans-solidaires\/en\/product\/that-kind-of-summer\/"]}]},{"@type":"ImageObject","inLanguage":"en-US","@id":"https:\/\/maison4tiers.com\/ecrans-solidaires\/en\/product\/that-kind-of-summer\/#primaryimage","url":"https:\/\/maison4tiers.com\/ecrans-solidaires\/wp-content\/uploads\/sites\/76\/2022\/02\/Nouvelles-affiches-SITE-WEB-800-X-1200.png","contentUrl":"https:\/\/maison4tiers.com\/ecrans-solidaires\/wp-content\/uploads\/sites\/76\/2022\/02\/Nouvelles-affiches-SITE-WEB-800-X-1200.png","width":800,"height":1200,"caption":"That Kind of Summer"},{"@type":"BreadcrumbList","@id":"https:\/\/maison4tiers.com\/ecrans-solidaires\/en\/product\/that-kind-of-summer\/#breadcrumb","itemListElement":[{"@type":"ListItem","position":1,"name":"Home","item":"https:\/\/maison4tiers.com\/ecrans-solidaires\/en\/"},{"@type":"ListItem","position":2,"name":"Movies","item":"https:\/\/maison4tiers.com\/ecrans-solidaires\/en\/movies\/"},{"@type":"ListItem","position":3,"name":"That Kind of Summer"}]},{"@type":"WebSite","@id":"https:\/\/maison4tiers.com\/ecrans-solidaires\/en\/#website","url":"https:\/\/maison4tiers.com\/ecrans-solidaires\/en\/","name":"\u00c9crans solidaires","description":"Distribution multiplateforme de films qu\u00e9b\u00e9cois et internationaux","publisher":{"@id":"https:\/\/maison4tiers.com\/ecrans-solidaires\/en\/#organization"},"potentialAction":[{"@type":"SearchAction","target":{"@type":"EntryPoint","urlTemplate":"https:\/\/maison4tiers.com\/ecrans-solidaires\/en\/?s={search_term_string}"},"query-input":{"@type":"PropertyValueSpecification","valueRequired":true,"valueName":"search_term_string"}}],"inLanguage":"en-US"},{"@type":"Organization","@id":"https:\/\/maison4tiers.com\/ecrans-solidaires\/en\/#organization","name":"\u00c9crans solidaires","url":"https:\/\/maison4tiers.com\/ecrans-solidaires\/en\/","logo":{"@type":"ImageObject","inLanguage":"en-US","@id":"https:\/\/maison4tiers.com\/ecrans-solidaires\/en\/#\/schema\/logo\/image\/","url":"https:\/\/maison4tiers.com\/ecrans-solidaires\/wp-content\/uploads\/sites\/76\/2020\/11\/favicon-196.png","contentUrl":"https:\/\/maison4tiers.com\/ecrans-solidaires\/wp-content\/uploads\/sites\/76\/2020\/11\/favicon-196.png","width":196,"height":196,"caption":"\u00c9crans solidaires"},"image":{"@id":"https:\/\/maison4tiers.com\/ecrans-solidaires\/en\/#\/schema\/logo\/image\/"}}]}},"jetpack_sharing_enabled":true,"_links":{"self":[{"href":"https:\/\/maison4tiers.com\/ecrans-solidaires\/en\/wp-json\/wp\/v2\/product\/7669","targetHints":{"allow":["GET"]}}],"collection":[{"href":"https:\/\/maison4tiers.com\/ecrans-solidaires\/en\/wp-json\/wp\/v2\/product"}],"about":[{"href":"https:\/\/maison4tiers.com\/ecrans-solidaires\/en\/wp-json\/wp\/v2\/types\/product"}],"wp:featuredmedia":[{"embeddable":true,"href":"https:\/\/maison4tiers.com\/ecrans-solidaires\/en\/wp-json\/wp\/v2\/media\/7677"}],"wp:attachment":[{"href":"https:\/\/maison4tiers.com\/ecrans-solidaires\/en\/wp-json\/wp\/v2\/media?parent=7669"}],"wp:term":[{"taxonomy":"product_brand","embeddable":true,"href":"https:\/\/maison4tiers.com\/ecrans-solidaires\/en\/wp-json\/wp\/v2\/product_brand?post=7669"},{"taxonomy":"product_cat","embeddable":true,"href":"https:\/\/maison4tiers.com\/ecrans-solidaires\/en\/wp-json\/wp\/v2\/product_cat?post=7669"},{"taxonomy":"product_tag","embeddable":true,"href":"https:\/\/maison4tiers.com\/ecrans-solidaires\/en\/wp-json\/wp\/v2\/product_tag?post=7669"}],"curies":[{"name":"wp","href":"https:\/\/api.w.org\/{rel}","templated":true}]}}