{"id":6203,"date":"2021-11-05T08:00:38","date_gmt":"2021-03-19T20:00:39","guid":{"rendered":"https:\/\/maison4tiers.com\/?post_type=product&#038;p=6203"},"modified":"2022-12-09T11:40:05","modified_gmt":"2022-12-09T15:40:05","slug":"aline","status":"publish","type":"product","link":"https:\/\/maison4tiers.com\/ecrans-solidaires\/en\/product\/aline\/","title":{"rendered":"Aline"},"excerpt":{"rendered":"<h4><strong>MAINTENANT EN VID\u00c9O-SUR-DEMANDE ET DVD<\/strong><\/h4>\n<p><strong>Un film \u00e9v\u00e8nement librement inspir\u00e9 de la vie de C\u00e9line Dion. <\/strong>Mettant en vedette Val\u00e9rie Lemercier, Sylvain Marcel, Danielle Fichaud, Roc Lafortune, Antoine V\u00e9zina et Pascale Desrochers. Une coproduction France (Rectangle Productions) Qu\u00e9bec (<a href=\"http:\/\/caramelfilms.com\/\" target=\"_blank\" rel=\"noopener\">Caramel Films<\/a>)<\/p>\n<blockquote>\n<div dir=\"auto\"><a href=\"https:\/\/bit.ly\/AlineLeDevoir\" target=\"_blank\" rel=\"noopener\"><span class=\"pq6dq46d tbxw36s4 knj5qynh kvgmc6g5 ditlmg2l oygrvhab nvdbi5me sf5mxxl7 gl3lb2sf hhz5lgdu\"><img decoding=\"async\" class=\"alignnone wp-image-7269\" src=\"https:\/\/maison4tiers.com\/wp-content\/uploads\/sites\/75\/2021\/11\/logo_ledevoir-BON-300x60.png\" alt=\"\" width=\"140\" height=\"28\" srcset=\"https:\/\/maison4tiers.com\/ecrans-solidaires\/wp-content\/uploads\/sites\/76\/2021\/11\/logo_ledevoir-BON-300x60.png 300w, https:\/\/maison4tiers.com\/ecrans-solidaires\/wp-content\/uploads\/sites\/76\/2021\/11\/logo_ledevoir-BON-600x121.png 600w, https:\/\/maison4tiers.com\/ecrans-solidaires\/wp-content\/uploads\/sites\/76\/2021\/11\/logo_ledevoir-BON.png 750w\" sizes=\"(max-width: 140px) 100vw, 140px\" \/><\/span><\/a><\/div>\n<div dir=\"auto\"><span class=\"pq6dq46d tbxw36s4 knj5qynh kvgmc6g5 ditlmg2l oygrvhab nvdbi5me sf5mxxl7 gl3lb2sf hhz5lgdu\"><img decoding=\"async\" src=\"https:\/\/static.xx.fbcdn.net\/images\/emoji.php\/v9\/tb4\/1\/16\/2b50.png\" alt=\"\u2b50\" width=\"16\" height=\"16\"><\/span><span class=\"pq6dq46d tbxw36s4 knj5qynh kvgmc6g5 ditlmg2l oygrvhab nvdbi5me sf5mxxl7 gl3lb2sf hhz5lgdu\"><img decoding=\"async\" src=\"https:\/\/static.xx.fbcdn.net\/images\/emoji.php\/v9\/tb4\/1\/16\/2b50.png\" alt=\"\u2b50\" width=\"16\" height=\"16\"><\/span><span class=\"pq6dq46d tbxw36s4 knj5qynh kvgmc6g5 ditlmg2l oygrvhab nvdbi5me sf5mxxl7 gl3lb2sf hhz5lgdu\"><img decoding=\"async\" src=\"https:\/\/static.xx.fbcdn.net\/images\/emoji.php\/v9\/tb4\/1\/16\/2b50.png\" alt=\"\u2b50\" width=\"16\" height=\"16\"><\/span><span class=\"pq6dq46d tbxw36s4 knj5qynh kvgmc6g5 ditlmg2l oygrvhab nvdbi5me sf5mxxl7 gl3lb2sf hhz5lgdu\"><img decoding=\"async\" src=\"https:\/\/static.xx.fbcdn.net\/images\/emoji.php\/v9\/tb4\/1\/16\/2b50.png\" alt=\"\u2b50\" width=\"16\" height=\"16\"><\/span><\/div>\n<div dir=\"auto\">\u00abLe <strong>rire<\/strong> et <strong>l\u2019\u00e9motion<\/strong> cohabitent ainsi tout du long. \u00c0 des moments relevant presque de la farce succ\u00e8dent des passages poignants, et vice versa. \u00c7a ne devrait pas fonctionner et, pourtant, si, \u00e7a fonctionne.\u00bb &#8211;<a href=\"https:\/\/bit.ly\/AlineLeDevoir\">Fran\u00e7ois L\u00e9vesque, Le Devoir<\/a><\/div>\n<\/blockquote>\n<div dir=\"auto\"><\/div>\n<blockquote>\n<div dir=\"auto\"><a href=\"https:\/\/www.lapresse.ca\/cinema\/chroniques\/2021-11-25\/aline\/si-on-ne-vaut-pas-une-risee.php\" target=\"_blank\" rel=\"noopener\"><img decoding=\"async\" class=\"alignnone wp-image-7271\" src=\"https:\/\/maison4tiers.com\/wp-content\/uploads\/sites\/75\/2021\/11\/lapresse-300x157.png\" alt=\"\" width=\"123\" height=\"65\" srcset=\"https:\/\/maison4tiers.com\/ecrans-solidaires\/wp-content\/uploads\/sites\/76\/2021\/11\/lapresse-300x157.png 300w, https:\/\/maison4tiers.com\/ecrans-solidaires\/wp-content\/uploads\/sites\/76\/2021\/11\/lapresse-600x314.png 600w, https:\/\/maison4tiers.com\/ecrans-solidaires\/wp-content\/uploads\/sites\/76\/2021\/11\/lapresse-1024x536.png 1024w, https:\/\/maison4tiers.com\/ecrans-solidaires\/wp-content\/uploads\/sites\/76\/2021\/11\/lapresse-768x402.png 768w, https:\/\/maison4tiers.com\/ecrans-solidaires\/wp-content\/uploads\/sites\/76\/2021\/11\/lapresse.png 1203w\" sizes=\"(max-width: 123px) 100vw, 123px\" \/><\/a><\/div>\n<div dir=\"auto\">\u00ab<em>Aline<\/em> n\u2019est pas tout \u00e0 fait C\u00e9line. C\u2019est une <strong>fantaisie<\/strong>. Le ton de Val\u00e9rie Lemercier n\u2019est pas \u00e0 la d\u00e9rision ni \u00e0 la moquerie. Il n\u2019est ni m\u00e9chant ni condescendant. Son film est, bien au contraire, <strong>une \u0153uvre qui transpire la bienveillance<\/strong>. On y trouve des <strong>sc\u00e8nes touchantes<\/strong>. Je suis l\u2019antith\u00e8se d\u2019un amateur de C\u00e9line Dion. Je n\u2019ai pourtant pas boud\u00e9 mon plaisir devant cette <strong>com\u00e9die divertissante, comique et amusante<\/strong>. Aline est un <strong>film flamboyant, extravagant, rococo, kitsch, fleur bleue, sirupeux, romantique, m\u00e9lodramatique, tragicomique<\/strong>. C\u2019est surtout un film qui ne se prend pas au s\u00e9rieux. Exactement comme C\u00e9line Dion.\u00bb &#8211;<a href=\"https:\/\/www.lapresse.ca\/cinema\/chroniques\/2021-11-25\/aline\/si-on-ne-vaut-pas-une-risee.php\">Marc Cassivi, La Presse<\/a><\/div>\n<\/blockquote>\n<div dir=\"auto\">\n<div>\n<div dir=\"auto\">\n<div>\n<p><strong>*Disponible au Canada seulement<\/strong><\/p>\n<\/div>\n<\/div>\n<\/div>\n<\/div>\n","protected":false},"featured_media":7508,"template":"","meta":{"_acf_changed":false,"_eb_attr":""},"product_brand":[],"product_cat":[143,137,133,108,130,103,126],"product_tag":[921,695],"class_list":{"0":"post-6203","1":"product","2":"type-product","3":"status-publish","4":"has-post-thumbnail","6":"product_cat-digital","7":"product_cat-dvd-en","8":"product_cat-allmovies","9":"product_cat-comedy","10":"product_cat-fiction-en","11":"product_cat-movie","12":"product_cat-quebec-movie","13":"product_tag-amour-en","14":"product_tag-quebec-en","16":"first","17":"instock","18":"taxable","19":"shipping-taxable","20":"purchasable","21":"product-type-variable","22":"has-default-attributes"},"acf":[],"yoast_head":"<!-- This site is optimized with the Yoast SEO plugin v27.0 - https:\/\/yoast.com\/product\/yoast-seo-wordpress\/ -->\n<title>Aline - Coproduction qu\u00e9b\u00e9coise - \u00c9crans solidaires - \u00c9coutez-le en ligne!<\/title>\n<meta name=\"description\" content=\"Film inspir\u00e9 de C\u00e9line Dion. Dans la famille Dieu, la musique est reine et quand Aline grandit on lui d\u00e9couvre un don, elle a une voix en or.\" \/>\n<meta name=\"robots\" content=\"noindex, follow, max-snippet:-1, max-image-preview:large, max-video-preview:-1\" \/>\n<meta property=\"og:locale\" content=\"en_US\" \/>\n<meta property=\"og:type\" content=\"article\" \/>\n<meta property=\"og:title\" content=\"Aline\" \/>\n<meta property=\"og:description\" content=\"Dans la famille Dieu, la musique est reine et quand Aline grandit on lui d\u00e9couvre un don, elle a une voix en or.\" \/>\n<meta property=\"og:url\" content=\"https:\/\/maison4tiers.com\/ecrans-solidaires\/en\/product\/aline\/\" \/>\n<meta property=\"og:site_name\" content=\"\u00c9crans solidaires\" \/>\n<meta property=\"article:modified_time\" content=\"2022-12-09T15:40:05+00:00\" \/>\n<meta property=\"og:image\" content=\"https:\/\/maison4tiers.com\/ecrans-solidaires\/wp-content\/uploads\/sites\/76\/2021\/11\/57.jpg\" \/>\n\t<meta property=\"og:image:width\" content=\"800\" \/>\n\t<meta property=\"og:image:height\" content=\"1200\" \/>\n\t<meta property=\"og:image:type\" content=\"image\/jpeg\" \/>\n<meta name=\"twitter:card\" content=\"summary_large_image\" \/>\n<meta name=\"twitter:title\" content=\"Aline\" \/>\n<meta name=\"twitter:description\" content=\"Dans la famille Dieu, la musique est reine et quand Aline grandit on lui d\u00e9couvre un don, elle a une voix en or.\" \/>\n<meta name=\"twitter:image\" content=\"https:\/\/maison4tiers.com\/ecrans-solidaires\/wp-content\/uploads\/sites\/76\/2021\/11\/57.jpg\" \/>\n<script type=\"application\/ld+json\" class=\"yoast-schema-graph\">{\"@context\":\"https:\/\/schema.org\",\"@graph\":[{\"@type\":\"WebPage\",\"@id\":\"https:\/\/maison4tiers.com\/ecrans-solidaires\/en\/product\/aline\/\",\"url\":\"https:\/\/maison4tiers.com\/ecrans-solidaires\/en\/product\/aline\/\",\"name\":\"Aline - Coproduction qu\u00e9b\u00e9coise - \u00c9crans solidaires - \u00c9coutez-le en ligne!\",\"isPartOf\":{\"@id\":\"https:\/\/maison4tiers.com\/ecrans-solidaires\/en\/#website\"},\"primaryImageOfPage\":{\"@id\":\"https:\/\/maison4tiers.com\/ecrans-solidaires\/en\/product\/aline\/#primaryimage\"},\"image\":{\"@id\":\"https:\/\/maison4tiers.com\/ecrans-solidaires\/en\/product\/aline\/#primaryimage\"},\"thumbnailUrl\":\"https:\/\/maison4tiers.com\/ecrans-solidaires\/wp-content\/uploads\/sites\/76\/2021\/11\/57.jpg\",\"datePublished\":\"2021-03-19T20:00:39+00:00\",\"dateModified\":\"2022-12-09T15:40:05+00:00\",\"description\":\"Film inspir\u00e9 de C\u00e9line Dion. Dans la famille Dieu, la musique est reine et quand Aline grandit on lui d\u00e9couvre un don, elle a une voix en or.\",\"breadcrumb\":{\"@id\":\"https:\/\/maison4tiers.com\/ecrans-solidaires\/en\/product\/aline\/#breadcrumb\"},\"inLanguage\":\"en-US\",\"potentialAction\":[{\"@type\":\"ReadAction\",\"target\":[\"https:\/\/maison4tiers.com\/ecrans-solidaires\/en\/product\/aline\/\"]}]},{\"@type\":\"ImageObject\",\"inLanguage\":\"en-US\",\"@id\":\"https:\/\/maison4tiers.com\/ecrans-solidaires\/en\/product\/aline\/#primaryimage\",\"url\":\"https:\/\/maison4tiers.com\/ecrans-solidaires\/wp-content\/uploads\/sites\/76\/2021\/11\/57.jpg\",\"contentUrl\":\"https:\/\/maison4tiers.com\/ecrans-solidaires\/wp-content\/uploads\/sites\/76\/2021\/11\/57.jpg\",\"width\":800,\"height\":1200,\"caption\":\"Aline (VA)\"},{\"@type\":\"BreadcrumbList\",\"@id\":\"https:\/\/maison4tiers.com\/ecrans-solidaires\/en\/product\/aline\/#breadcrumb\",\"itemListElement\":[{\"@type\":\"ListItem\",\"position\":1,\"name\":\"Home\",\"item\":\"https:\/\/maison4tiers.com\/ecrans-solidaires\/en\/\"},{\"@type\":\"ListItem\",\"position\":2,\"name\":\"Movies\",\"item\":\"https:\/\/maison4tiers.com\/ecrans-solidaires\/en\/movies\/\"},{\"@type\":\"ListItem\",\"position\":3,\"name\":\"Aline\"}]},{\"@type\":\"WebSite\",\"@id\":\"https:\/\/maison4tiers.com\/ecrans-solidaires\/en\/#website\",\"url\":\"https:\/\/maison4tiers.com\/ecrans-solidaires\/en\/\",\"name\":\"\u00c9crans solidaires\",\"description\":\"Distribution multiplateforme de films qu\u00e9b\u00e9cois et internationaux\",\"publisher\":{\"@id\":\"https:\/\/maison4tiers.com\/ecrans-solidaires\/en\/#organization\"},\"potentialAction\":[{\"@type\":\"SearchAction\",\"target\":{\"@type\":\"EntryPoint\",\"urlTemplate\":\"https:\/\/maison4tiers.com\/ecrans-solidaires\/en\/?s={search_term_string}\"},\"query-input\":{\"@type\":\"PropertyValueSpecification\",\"valueRequired\":true,\"valueName\":\"search_term_string\"}}],\"inLanguage\":\"en-US\"},{\"@type\":\"Organization\",\"@id\":\"https:\/\/maison4tiers.com\/ecrans-solidaires\/en\/#organization\",\"name\":\"\u00c9crans solidaires\",\"url\":\"https:\/\/maison4tiers.com\/ecrans-solidaires\/en\/\",\"logo\":{\"@type\":\"ImageObject\",\"inLanguage\":\"en-US\",\"@id\":\"https:\/\/maison4tiers.com\/ecrans-solidaires\/en\/#\/schema\/logo\/image\/\",\"url\":\"https:\/\/maison4tiers.com\/ecrans-solidaires\/wp-content\/uploads\/sites\/76\/2020\/11\/favicon-196.png\",\"contentUrl\":\"https:\/\/maison4tiers.com\/ecrans-solidaires\/wp-content\/uploads\/sites\/76\/2020\/11\/favicon-196.png\",\"width\":196,\"height\":196,\"caption\":\"\u00c9crans solidaires\"},\"image\":{\"@id\":\"https:\/\/maison4tiers.com\/ecrans-solidaires\/en\/#\/schema\/logo\/image\/\"}}]}<\/script>\n<!-- \/ Yoast SEO plugin. -->","yoast_head_json":{"title":"Aline - Coproduction qu\u00e9b\u00e9coise - \u00c9crans solidaires - \u00c9coutez-le en ligne!","description":"Film inspir\u00e9 de C\u00e9line Dion. Dans la famille Dieu, la musique est reine et quand Aline grandit on lui d\u00e9couvre un don, elle a une voix en or.","robots":{"index":"noindex","follow":"follow","max-snippet":"max-snippet:-1","max-image-preview":"max-image-preview:large","max-video-preview":"max-video-preview:-1"},"og_locale":"en_US","og_type":"article","og_title":"Aline","og_description":"Dans la famille Dieu, la musique est reine et quand Aline grandit on lui d\u00e9couvre un don, elle a une voix en or.","og_url":"https:\/\/maison4tiers.com\/ecrans-solidaires\/en\/product\/aline\/","og_site_name":"\u00c9crans solidaires","article_modified_time":"2022-12-09T15:40:05+00:00","og_image":[{"width":800,"height":1200,"url":"https:\/\/maison4tiers.com\/ecrans-solidaires\/wp-content\/uploads\/sites\/76\/2021\/11\/57.jpg","type":"image\/jpeg"}],"twitter_card":"summary_large_image","twitter_title":"Aline","twitter_description":"Dans la famille Dieu, la musique est reine et quand Aline grandit on lui d\u00e9couvre un don, elle a une voix en or.","twitter_image":"https:\/\/maison4tiers.com\/ecrans-solidaires\/wp-content\/uploads\/sites\/76\/2021\/11\/57.jpg","schema":{"@context":"https:\/\/schema.org","@graph":[{"@type":"WebPage","@id":"https:\/\/maison4tiers.com\/ecrans-solidaires\/en\/product\/aline\/","url":"https:\/\/maison4tiers.com\/ecrans-solidaires\/en\/product\/aline\/","name":"Aline - Coproduction qu\u00e9b\u00e9coise - \u00c9crans solidaires - \u00c9coutez-le en ligne!","isPartOf":{"@id":"https:\/\/maison4tiers.com\/ecrans-solidaires\/en\/#website"},"primaryImageOfPage":{"@id":"https:\/\/maison4tiers.com\/ecrans-solidaires\/en\/product\/aline\/#primaryimage"},"image":{"@id":"https:\/\/maison4tiers.com\/ecrans-solidaires\/en\/product\/aline\/#primaryimage"},"thumbnailUrl":"https:\/\/maison4tiers.com\/ecrans-solidaires\/wp-content\/uploads\/sites\/76\/2021\/11\/57.jpg","datePublished":"2021-03-19T20:00:39+00:00","dateModified":"2022-12-09T15:40:05+00:00","description":"Film inspir\u00e9 de C\u00e9line Dion. Dans la famille Dieu, la musique est reine et quand Aline grandit on lui d\u00e9couvre un don, elle a une voix en or.","breadcrumb":{"@id":"https:\/\/maison4tiers.com\/ecrans-solidaires\/en\/product\/aline\/#breadcrumb"},"inLanguage":"en-US","potentialAction":[{"@type":"ReadAction","target":["https:\/\/maison4tiers.com\/ecrans-solidaires\/en\/product\/aline\/"]}]},{"@type":"ImageObject","inLanguage":"en-US","@id":"https:\/\/maison4tiers.com\/ecrans-solidaires\/en\/product\/aline\/#primaryimage","url":"https:\/\/maison4tiers.com\/ecrans-solidaires\/wp-content\/uploads\/sites\/76\/2021\/11\/57.jpg","contentUrl":"https:\/\/maison4tiers.com\/ecrans-solidaires\/wp-content\/uploads\/sites\/76\/2021\/11\/57.jpg","width":800,"height":1200,"caption":"Aline (VA)"},{"@type":"BreadcrumbList","@id":"https:\/\/maison4tiers.com\/ecrans-solidaires\/en\/product\/aline\/#breadcrumb","itemListElement":[{"@type":"ListItem","position":1,"name":"Home","item":"https:\/\/maison4tiers.com\/ecrans-solidaires\/en\/"},{"@type":"ListItem","position":2,"name":"Movies","item":"https:\/\/maison4tiers.com\/ecrans-solidaires\/en\/movies\/"},{"@type":"ListItem","position":3,"name":"Aline"}]},{"@type":"WebSite","@id":"https:\/\/maison4tiers.com\/ecrans-solidaires\/en\/#website","url":"https:\/\/maison4tiers.com\/ecrans-solidaires\/en\/","name":"\u00c9crans solidaires","description":"Distribution multiplateforme de films qu\u00e9b\u00e9cois et internationaux","publisher":{"@id":"https:\/\/maison4tiers.com\/ecrans-solidaires\/en\/#organization"},"potentialAction":[{"@type":"SearchAction","target":{"@type":"EntryPoint","urlTemplate":"https:\/\/maison4tiers.com\/ecrans-solidaires\/en\/?s={search_term_string}"},"query-input":{"@type":"PropertyValueSpecification","valueRequired":true,"valueName":"search_term_string"}}],"inLanguage":"en-US"},{"@type":"Organization","@id":"https:\/\/maison4tiers.com\/ecrans-solidaires\/en\/#organization","name":"\u00c9crans solidaires","url":"https:\/\/maison4tiers.com\/ecrans-solidaires\/en\/","logo":{"@type":"ImageObject","inLanguage":"en-US","@id":"https:\/\/maison4tiers.com\/ecrans-solidaires\/en\/#\/schema\/logo\/image\/","url":"https:\/\/maison4tiers.com\/ecrans-solidaires\/wp-content\/uploads\/sites\/76\/2020\/11\/favicon-196.png","contentUrl":"https:\/\/maison4tiers.com\/ecrans-solidaires\/wp-content\/uploads\/sites\/76\/2020\/11\/favicon-196.png","width":196,"height":196,"caption":"\u00c9crans solidaires"},"image":{"@id":"https:\/\/maison4tiers.com\/ecrans-solidaires\/en\/#\/schema\/logo\/image\/"}}]}},"jetpack_sharing_enabled":true,"_links":{"self":[{"href":"https:\/\/maison4tiers.com\/ecrans-solidaires\/en\/wp-json\/wp\/v2\/product\/6203","targetHints":{"allow":["GET"]}}],"collection":[{"href":"https:\/\/maison4tiers.com\/ecrans-solidaires\/en\/wp-json\/wp\/v2\/product"}],"about":[{"href":"https:\/\/maison4tiers.com\/ecrans-solidaires\/en\/wp-json\/wp\/v2\/types\/product"}],"wp:featuredmedia":[{"embeddable":true,"href":"https:\/\/maison4tiers.com\/ecrans-solidaires\/en\/wp-json\/wp\/v2\/media\/7508"}],"wp:attachment":[{"href":"https:\/\/maison4tiers.com\/ecrans-solidaires\/en\/wp-json\/wp\/v2\/media?parent=6203"}],"wp:term":[{"taxonomy":"product_brand","embeddable":true,"href":"https:\/\/maison4tiers.com\/ecrans-solidaires\/en\/wp-json\/wp\/v2\/product_brand?post=6203"},{"taxonomy":"product_cat","embeddable":true,"href":"https:\/\/maison4tiers.com\/ecrans-solidaires\/en\/wp-json\/wp\/v2\/product_cat?post=6203"},{"taxonomy":"product_tag","embeddable":true,"href":"https:\/\/maison4tiers.com\/ecrans-solidaires\/en\/wp-json\/wp\/v2\/product_tag?post=6203"}],"curies":[{"name":"wp","href":"https:\/\/api.w.org\/{rel}","templated":true}]}}