{"id":5658,"date":"2021-03-03T17:42:16","date_gmt":"2021-03-03T21:42:16","guid":{"rendered":"https:\/\/maison4tiers.com\/produit\/felix-et-le-tresor-de-morgaa\/"},"modified":"2022-01-12T17:28:56","modified_gmt":"2022-01-12T21:28:56","slug":"felix-et-le-tresor-de-morgaa","status":"publish","type":"product","link":"https:\/\/maison4tiers.com\/ecrans-solidaires\/en\/product\/felix-et-le-tresor-de-morgaa\/","title":{"rendered":"Felix and the treasure of Morg\u00e4a"},"excerpt":{"rendered":"<p>Convinced that his father, who disappeared at sea two years ago, is still alive, 12-year-old Felix embarks on a search for him in the company of Old Tom, a retired fisherman; Squawk, a thieving one-legged parrot; and Rover, a cat who acts like a dog. Their journey takes them to Darkshadow Island, where a secret community inhabits an underground city, ruled by the megalomaniacal Morg\u00e4a, possessor of a priceless treasure.<\/p>\n<p><span style=\"text-decoration: underline;\"><strong><a href=\"https:\/\/maison4tiers.com\/wp-content\/uploads\/sites\/75\/2021\/03\/FelixTreasureMorgaa_TeachingGuide_Maison2021.pdf\" target=\"_blank\" rel=\"noopener\">Here is an teaching guide to stimulate discussion in the classroom and at home<\/a><\/strong><\/span><\/p>\n<p>&nbsp;<\/p>\n<p class=\"p1\"><span style=\"text-decoration: underline;\"><strong><span class=\"s1\"><a href=\"https:\/\/maison4tiers.com\/en\/product-category\/movie\/animation-en\/\" target=\"_blank\" rel=\"noopener\">Other animated films<\/a><\/span><\/strong><\/span><\/p>\n<p class=\"p1\">*Only available in Canada<\/p>\n","protected":false},"featured_media":7516,"template":"","meta":{"_acf_changed":false,"_eb_attr":""},"product_brand":[],"product_cat":[143,137,133,114,124,103,126],"product_tag":[699,693,692],"class_list":{"0":"post-5658","1":"product","2":"type-product","3":"status-publish","4":"has-post-thumbnail","6":"product_cat-digital","7":"product_cat-dvd-en","8":"product_cat-allmovies","9":"product_cat-animation-en","10":"product_cat-family","11":"product_cat-movie","12":"product_cat-quebec-movie","13":"product_tag-animation-en","14":"product_tag-mer-en","15":"product_tag-ocean-en","17":"first","18":"instock","19":"taxable","20":"shipping-taxable","21":"purchasable","22":"product-type-variable"},"acf":[],"yoast_head":"<!-- This site is optimized with the Yoast SEO plugin v27.0 - https:\/\/yoast.com\/product\/yoast-seo-wordpress\/ -->\n<title>Felix and the treasure of Morg\u00e4a - Quebec Film - \u00c9crans solidaires - Watch now<\/title>\n<meta name=\"description\" content=\"Convinced that his father, who disappeared at sea two years ago, is still alive, 12-year-old Felix embarks on a search for him.\" \/>\n<meta name=\"robots\" content=\"noindex, follow, max-snippet:-1, max-image-preview:large, max-video-preview:-1\" \/>\n<meta property=\"og:locale\" content=\"en_US\" \/>\n<meta property=\"og:type\" content=\"article\" \/>\n<meta property=\"og:title\" content=\"Felix and the treasure of Morg\u00e4a\" \/>\n<meta property=\"og:description\" content=\"Convinced that his father, who disappeared at sea two years ago, is still alive, 12-year-old Felix embarks on a search for him.\" \/>\n<meta property=\"og:url\" content=\"https:\/\/maison4tiers.com\/ecrans-solidaires\/en\/product\/felix-et-le-tresor-de-morgaa\/\" \/>\n<meta property=\"og:site_name\" content=\"\u00c9crans solidaires\" \/>\n<meta property=\"article:modified_time\" content=\"2022-01-12T21:28:56+00:00\" \/>\n<meta property=\"og:image\" content=\"https:\/\/maison4tiers.com\/ecrans-solidaires\/wp-content\/uploads\/sites\/76\/2021\/03\/73.jpg\" \/>\n\t<meta property=\"og:image:width\" content=\"800\" \/>\n\t<meta property=\"og:image:height\" content=\"1200\" \/>\n\t<meta property=\"og:image:type\" content=\"image\/jpeg\" \/>\n<meta name=\"twitter:card\" content=\"summary_large_image\" \/>\n<meta name=\"twitter:title\" content=\"Felix and the treasure of Morg\u00e4a\" \/>\n<meta name=\"twitter:description\" content=\"Convinced that his father, who disappeared at sea two years ago, is still alive, 12-year-old Felix embarks on a search for him.\" \/>\n<meta name=\"twitter:image\" content=\"https:\/\/maison4tiers.com\/ecrans-solidaires\/wp-content\/uploads\/sites\/76\/2021\/03\/73.jpg\" \/>\n<script type=\"application\/ld+json\" class=\"yoast-schema-graph\">{\"@context\":\"https:\/\/schema.org\",\"@graph\":[{\"@type\":\"WebPage\",\"@id\":\"https:\/\/maison4tiers.com\/ecrans-solidaires\/en\/product\/felix-et-le-tresor-de-morgaa\/\",\"url\":\"https:\/\/maison4tiers.com\/ecrans-solidaires\/en\/product\/felix-et-le-tresor-de-morgaa\/\",\"name\":\"Felix and the treasure of Morg\u00e4a - Quebec Film - \u00c9crans solidaires - Watch now\",\"isPartOf\":{\"@id\":\"https:\/\/maison4tiers.com\/ecrans-solidaires\/en\/#website\"},\"primaryImageOfPage\":{\"@id\":\"https:\/\/maison4tiers.com\/ecrans-solidaires\/en\/product\/felix-et-le-tresor-de-morgaa\/#primaryimage\"},\"image\":{\"@id\":\"https:\/\/maison4tiers.com\/ecrans-solidaires\/en\/product\/felix-et-le-tresor-de-morgaa\/#primaryimage\"},\"thumbnailUrl\":\"https:\/\/maison4tiers.com\/ecrans-solidaires\/wp-content\/uploads\/sites\/76\/2021\/03\/73.jpg\",\"datePublished\":\"2021-03-03T21:42:16+00:00\",\"dateModified\":\"2022-01-12T21:28:56+00:00\",\"description\":\"Convinced that his father, who disappeared at sea two years ago, is still alive, 12-year-old Felix embarks on a search for him.\",\"breadcrumb\":{\"@id\":\"https:\/\/maison4tiers.com\/ecrans-solidaires\/en\/product\/felix-et-le-tresor-de-morgaa\/#breadcrumb\"},\"inLanguage\":\"en-US\",\"potentialAction\":[{\"@type\":\"ReadAction\",\"target\":[\"https:\/\/maison4tiers.com\/ecrans-solidaires\/en\/product\/felix-et-le-tresor-de-morgaa\/\"]}]},{\"@type\":\"ImageObject\",\"inLanguage\":\"en-US\",\"@id\":\"https:\/\/maison4tiers.com\/ecrans-solidaires\/en\/product\/felix-et-le-tresor-de-morgaa\/#primaryimage\",\"url\":\"https:\/\/maison4tiers.com\/ecrans-solidaires\/wp-content\/uploads\/sites\/76\/2021\/03\/73.jpg\",\"contentUrl\":\"https:\/\/maison4tiers.com\/ecrans-solidaires\/wp-content\/uploads\/sites\/76\/2021\/03\/73.jpg\",\"width\":800,\"height\":1200,\"caption\":\"Felix and the Treasure of Morg\u00e4a\"},{\"@type\":\"BreadcrumbList\",\"@id\":\"https:\/\/maison4tiers.com\/ecrans-solidaires\/en\/product\/felix-et-le-tresor-de-morgaa\/#breadcrumb\",\"itemListElement\":[{\"@type\":\"ListItem\",\"position\":1,\"name\":\"Home\",\"item\":\"https:\/\/maison4tiers.com\/ecrans-solidaires\/en\/\"},{\"@type\":\"ListItem\",\"position\":2,\"name\":\"Movies\",\"item\":\"https:\/\/maison4tiers.com\/ecrans-solidaires\/en\/movies\/\"},{\"@type\":\"ListItem\",\"position\":3,\"name\":\"Felix and the treasure of Morg\u00e4a\"}]},{\"@type\":\"WebSite\",\"@id\":\"https:\/\/maison4tiers.com\/ecrans-solidaires\/en\/#website\",\"url\":\"https:\/\/maison4tiers.com\/ecrans-solidaires\/en\/\",\"name\":\"\u00c9crans solidaires\",\"description\":\"Distribution multiplateforme de films qu\u00e9b\u00e9cois et internationaux\",\"publisher\":{\"@id\":\"https:\/\/maison4tiers.com\/ecrans-solidaires\/en\/#organization\"},\"potentialAction\":[{\"@type\":\"SearchAction\",\"target\":{\"@type\":\"EntryPoint\",\"urlTemplate\":\"https:\/\/maison4tiers.com\/ecrans-solidaires\/en\/?s={search_term_string}\"},\"query-input\":{\"@type\":\"PropertyValueSpecification\",\"valueRequired\":true,\"valueName\":\"search_term_string\"}}],\"inLanguage\":\"en-US\"},{\"@type\":\"Organization\",\"@id\":\"https:\/\/maison4tiers.com\/ecrans-solidaires\/en\/#organization\",\"name\":\"\u00c9crans solidaires\",\"url\":\"https:\/\/maison4tiers.com\/ecrans-solidaires\/en\/\",\"logo\":{\"@type\":\"ImageObject\",\"inLanguage\":\"en-US\",\"@id\":\"https:\/\/maison4tiers.com\/ecrans-solidaires\/en\/#\/schema\/logo\/image\/\",\"url\":\"https:\/\/maison4tiers.com\/ecrans-solidaires\/wp-content\/uploads\/sites\/76\/2020\/11\/favicon-196.png\",\"contentUrl\":\"https:\/\/maison4tiers.com\/ecrans-solidaires\/wp-content\/uploads\/sites\/76\/2020\/11\/favicon-196.png\",\"width\":196,\"height\":196,\"caption\":\"\u00c9crans solidaires\"},\"image\":{\"@id\":\"https:\/\/maison4tiers.com\/ecrans-solidaires\/en\/#\/schema\/logo\/image\/\"}}]}<\/script>\n<!-- \/ Yoast SEO plugin. -->","yoast_head_json":{"title":"Felix and the treasure of Morg\u00e4a - Quebec Film - \u00c9crans solidaires - Watch now","description":"Convinced that his father, who disappeared at sea two years ago, is still alive, 12-year-old Felix embarks on a search for him.","robots":{"index":"noindex","follow":"follow","max-snippet":"max-snippet:-1","max-image-preview":"max-image-preview:large","max-video-preview":"max-video-preview:-1"},"og_locale":"en_US","og_type":"article","og_title":"Felix and the treasure of Morg\u00e4a","og_description":"Convinced that his father, who disappeared at sea two years ago, is still alive, 12-year-old Felix embarks on a search for him.","og_url":"https:\/\/maison4tiers.com\/ecrans-solidaires\/en\/product\/felix-et-le-tresor-de-morgaa\/","og_site_name":"\u00c9crans solidaires","article_modified_time":"2022-01-12T21:28:56+00:00","og_image":[{"width":800,"height":1200,"url":"https:\/\/maison4tiers.com\/ecrans-solidaires\/wp-content\/uploads\/sites\/76\/2021\/03\/73.jpg","type":"image\/jpeg"}],"twitter_card":"summary_large_image","twitter_title":"Felix and the treasure of Morg\u00e4a","twitter_description":"Convinced that his father, who disappeared at sea two years ago, is still alive, 12-year-old Felix embarks on a search for him.","twitter_image":"https:\/\/maison4tiers.com\/ecrans-solidaires\/wp-content\/uploads\/sites\/76\/2021\/03\/73.jpg","schema":{"@context":"https:\/\/schema.org","@graph":[{"@type":"WebPage","@id":"https:\/\/maison4tiers.com\/ecrans-solidaires\/en\/product\/felix-et-le-tresor-de-morgaa\/","url":"https:\/\/maison4tiers.com\/ecrans-solidaires\/en\/product\/felix-et-le-tresor-de-morgaa\/","name":"Felix and the treasure of Morg\u00e4a - Quebec Film - \u00c9crans solidaires - Watch now","isPartOf":{"@id":"https:\/\/maison4tiers.com\/ecrans-solidaires\/en\/#website"},"primaryImageOfPage":{"@id":"https:\/\/maison4tiers.com\/ecrans-solidaires\/en\/product\/felix-et-le-tresor-de-morgaa\/#primaryimage"},"image":{"@id":"https:\/\/maison4tiers.com\/ecrans-solidaires\/en\/product\/felix-et-le-tresor-de-morgaa\/#primaryimage"},"thumbnailUrl":"https:\/\/maison4tiers.com\/ecrans-solidaires\/wp-content\/uploads\/sites\/76\/2021\/03\/73.jpg","datePublished":"2021-03-03T21:42:16+00:00","dateModified":"2022-01-12T21:28:56+00:00","description":"Convinced that his father, who disappeared at sea two years ago, is still alive, 12-year-old Felix embarks on a search for him.","breadcrumb":{"@id":"https:\/\/maison4tiers.com\/ecrans-solidaires\/en\/product\/felix-et-le-tresor-de-morgaa\/#breadcrumb"},"inLanguage":"en-US","potentialAction":[{"@type":"ReadAction","target":["https:\/\/maison4tiers.com\/ecrans-solidaires\/en\/product\/felix-et-le-tresor-de-morgaa\/"]}]},{"@type":"ImageObject","inLanguage":"en-US","@id":"https:\/\/maison4tiers.com\/ecrans-solidaires\/en\/product\/felix-et-le-tresor-de-morgaa\/#primaryimage","url":"https:\/\/maison4tiers.com\/ecrans-solidaires\/wp-content\/uploads\/sites\/76\/2021\/03\/73.jpg","contentUrl":"https:\/\/maison4tiers.com\/ecrans-solidaires\/wp-content\/uploads\/sites\/76\/2021\/03\/73.jpg","width":800,"height":1200,"caption":"Felix and the Treasure of Morg\u00e4a"},{"@type":"BreadcrumbList","@id":"https:\/\/maison4tiers.com\/ecrans-solidaires\/en\/product\/felix-et-le-tresor-de-morgaa\/#breadcrumb","itemListElement":[{"@type":"ListItem","position":1,"name":"Home","item":"https:\/\/maison4tiers.com\/ecrans-solidaires\/en\/"},{"@type":"ListItem","position":2,"name":"Movies","item":"https:\/\/maison4tiers.com\/ecrans-solidaires\/en\/movies\/"},{"@type":"ListItem","position":3,"name":"Felix and the treasure of Morg\u00e4a"}]},{"@type":"WebSite","@id":"https:\/\/maison4tiers.com\/ecrans-solidaires\/en\/#website","url":"https:\/\/maison4tiers.com\/ecrans-solidaires\/en\/","name":"\u00c9crans solidaires","description":"Distribution multiplateforme de films qu\u00e9b\u00e9cois et internationaux","publisher":{"@id":"https:\/\/maison4tiers.com\/ecrans-solidaires\/en\/#organization"},"potentialAction":[{"@type":"SearchAction","target":{"@type":"EntryPoint","urlTemplate":"https:\/\/maison4tiers.com\/ecrans-solidaires\/en\/?s={search_term_string}"},"query-input":{"@type":"PropertyValueSpecification","valueRequired":true,"valueName":"search_term_string"}}],"inLanguage":"en-US"},{"@type":"Organization","@id":"https:\/\/maison4tiers.com\/ecrans-solidaires\/en\/#organization","name":"\u00c9crans solidaires","url":"https:\/\/maison4tiers.com\/ecrans-solidaires\/en\/","logo":{"@type":"ImageObject","inLanguage":"en-US","@id":"https:\/\/maison4tiers.com\/ecrans-solidaires\/en\/#\/schema\/logo\/image\/","url":"https:\/\/maison4tiers.com\/ecrans-solidaires\/wp-content\/uploads\/sites\/76\/2020\/11\/favicon-196.png","contentUrl":"https:\/\/maison4tiers.com\/ecrans-solidaires\/wp-content\/uploads\/sites\/76\/2020\/11\/favicon-196.png","width":196,"height":196,"caption":"\u00c9crans solidaires"},"image":{"@id":"https:\/\/maison4tiers.com\/ecrans-solidaires\/en\/#\/schema\/logo\/image\/"}}]}},"jetpack_sharing_enabled":true,"_links":{"self":[{"href":"https:\/\/maison4tiers.com\/ecrans-solidaires\/en\/wp-json\/wp\/v2\/product\/5658","targetHints":{"allow":["GET"]}}],"collection":[{"href":"https:\/\/maison4tiers.com\/ecrans-solidaires\/en\/wp-json\/wp\/v2\/product"}],"about":[{"href":"https:\/\/maison4tiers.com\/ecrans-solidaires\/en\/wp-json\/wp\/v2\/types\/product"}],"wp:featuredmedia":[{"embeddable":true,"href":"https:\/\/maison4tiers.com\/ecrans-solidaires\/en\/wp-json\/wp\/v2\/media\/7516"}],"wp:attachment":[{"href":"https:\/\/maison4tiers.com\/ecrans-solidaires\/en\/wp-json\/wp\/v2\/media?parent=5658"}],"wp:term":[{"taxonomy":"product_brand","embeddable":true,"href":"https:\/\/maison4tiers.com\/ecrans-solidaires\/en\/wp-json\/wp\/v2\/product_brand?post=5658"},{"taxonomy":"product_cat","embeddable":true,"href":"https:\/\/maison4tiers.com\/ecrans-solidaires\/en\/wp-json\/wp\/v2\/product_cat?post=5658"},{"taxonomy":"product_tag","embeddable":true,"href":"https:\/\/maison4tiers.com\/ecrans-solidaires\/en\/wp-json\/wp\/v2\/product_tag?post=5658"}],"curies":[{"name":"wp","href":"https:\/\/api.w.org\/{rel}","templated":true}]}}