{"id":4655,"date":"2019-01-12T00:00:08","date_gmt":"2021-02-07T03:22:08","guid":{"rendered":"https:\/\/maison4tiers.com\/produit\/la-fameuse-invasion-des-ours-en-sicile\/"},"modified":"2022-01-12T17:02:09","modified_gmt":"2022-01-12T21:02:09","slug":"the-bears-famous-invasion-of-sicily","status":"publish","type":"product","link":"https:\/\/maison4tiers.com\/ecrans-solidaires\/en\/product\/the-bears-famous-invasion-of-sicily\/","title":{"rendered":"The Bear&#8217;s Famous Invasion of Sicily"},"excerpt":{"rendered":"<p>To find his long lost son and food to survive the winter, the great bear king leads his clan down from the mountains and into the world of men. After escaping terrible monsters and defeating an evil duke, the bears and men live together in peace \u2013 for a time.<\/p>\n<blockquote><p><em>\u201cReflecting Buzzati\u2019s work: deliciously troubling, poetic, and above all, wonderful.\u201d<br \/>\n<\/em>\u2605\u2605\u2605\u2605\u2605 <strong>\u2013\u00a0T\u00c9L\u00c9RAMA<\/strong><\/p><\/blockquote>\n<p class=\"p1\"><span style=\"text-decoration: underline;\"><span class=\"s1\"><a href=\"https:\/\/maison4tiers.com\/en\/product-category\/movie\/animation-en\/\" target=\"_blank\" rel=\"noopener\"><b>Other animated films<\/b><\/a><\/span><\/span><\/p>\n<p>&nbsp;<\/p>\n<p class=\"p1\">*Only available in Canada<\/p>\n","protected":false},"featured_media":5798,"template":"","meta":{"_acf_changed":false,"_eb_attr":""},"product_brand":[],"product_cat":[143,137,133,114,124,103],"product_tag":[],"class_list":{"0":"post-4655","1":"product","2":"type-product","3":"status-publish","4":"has-post-thumbnail","6":"product_cat-digital","7":"product_cat-dvd-en","8":"product_cat-allmovies","9":"product_cat-animation-en","10":"product_cat-family","11":"product_cat-movie","12":"product_shipping_class-livraison","14":"first","15":"instock","16":"taxable","17":"shipping-taxable","18":"purchasable","19":"product-type-variable","20":"has-default-attributes"},"acf":[],"yoast_head":"<!-- This site is optimized with the Yoast SEO plugin v27.0 - https:\/\/yoast.com\/product\/yoast-seo-wordpress\/ -->\n<title>The Bear&#039;s Famous Invasion of Sicily - Animated movie - \u00c9crans solidaires -<\/title>\n<meta name=\"description\" content=\"The Bear&#039;s Famous Invasion of Sicily. To find his long lost son and food to survive the winter, the great bear king leads his clan down from the mountains.\" \/>\n<meta name=\"robots\" content=\"noindex, follow, max-snippet:-1, max-image-preview:large, max-video-preview:-1\" \/>\n<meta property=\"og:locale\" content=\"en_US\" \/>\n<meta property=\"og:type\" content=\"article\" \/>\n<meta property=\"og:title\" content=\"The Bear&#039;s Famous Invasion of Sicily\" \/>\n<meta property=\"og:description\" content=\"To find his long lost son and food to survive the winter, the great bear king leads his clan down from the mountains and into the world of men.\" \/>\n<meta property=\"og:url\" content=\"https:\/\/maison4tiers.com\/ecrans-solidaires\/en\/product\/the-bears-famous-invasion-of-sicily\/\" \/>\n<meta property=\"og:site_name\" content=\"\u00c9crans solidaires\" \/>\n<meta property=\"article:modified_time\" content=\"2022-01-12T21:02:09+00:00\" \/>\n<meta property=\"og:image\" content=\"https:\/\/maison4tiers.com\/ecrans-solidaires\/wp-content\/uploads\/sites\/76\/2021\/02\/Bear_poster_BOUTIQUE_720x1080.jpg\" \/>\n\t<meta property=\"og:image:width\" content=\"720\" \/>\n\t<meta property=\"og:image:height\" content=\"1080\" \/>\n\t<meta property=\"og:image:type\" content=\"image\/jpeg\" \/>\n<meta name=\"twitter:card\" content=\"summary_large_image\" \/>\n<meta name=\"twitter:title\" content=\"The Bear&#039;s Famous Invasion of Sicily\" \/>\n<meta name=\"twitter:description\" content=\"To find his long lost son and food to survive the winter, the great bear king leads his clan down from the mountains and into the world of men.\" \/>\n<meta name=\"twitter:image\" content=\"https:\/\/maison4tiers.com\/ecrans-solidaires\/wp-content\/uploads\/sites\/76\/2021\/02\/Bear_poster_BOUTIQUE_720x1080.jpg\" \/>\n<script type=\"application\/ld+json\" class=\"yoast-schema-graph\">{\"@context\":\"https:\/\/schema.org\",\"@graph\":[{\"@type\":\"WebPage\",\"@id\":\"https:\/\/maison4tiers.com\/ecrans-solidaires\/en\/product\/the-bears-famous-invasion-of-sicily\/\",\"url\":\"https:\/\/maison4tiers.com\/ecrans-solidaires\/en\/product\/the-bears-famous-invasion-of-sicily\/\",\"name\":\"The Bear's Famous Invasion of Sicily - Animated movie - \u00c9crans solidaires -\",\"isPartOf\":{\"@id\":\"https:\/\/maison4tiers.com\/ecrans-solidaires\/en\/#website\"},\"primaryImageOfPage\":{\"@id\":\"https:\/\/maison4tiers.com\/ecrans-solidaires\/en\/product\/the-bears-famous-invasion-of-sicily\/#primaryimage\"},\"image\":{\"@id\":\"https:\/\/maison4tiers.com\/ecrans-solidaires\/en\/product\/the-bears-famous-invasion-of-sicily\/#primaryimage\"},\"thumbnailUrl\":\"https:\/\/maison4tiers.com\/ecrans-solidaires\/wp-content\/uploads\/sites\/76\/2019\/01\/15.png\",\"datePublished\":\"2021-02-07T03:22:08+00:00\",\"dateModified\":\"2022-01-12T21:02:09+00:00\",\"description\":\"The Bear's Famous Invasion of Sicily. To find his long lost son and food to survive the winter, the great bear king leads his clan down from the mountains.\",\"breadcrumb\":{\"@id\":\"https:\/\/maison4tiers.com\/ecrans-solidaires\/en\/product\/the-bears-famous-invasion-of-sicily\/#breadcrumb\"},\"inLanguage\":\"en-US\",\"potentialAction\":[{\"@type\":\"ReadAction\",\"target\":[\"https:\/\/maison4tiers.com\/ecrans-solidaires\/en\/product\/the-bears-famous-invasion-of-sicily\/\"]}]},{\"@type\":\"ImageObject\",\"inLanguage\":\"en-US\",\"@id\":\"https:\/\/maison4tiers.com\/ecrans-solidaires\/en\/product\/the-bears-famous-invasion-of-sicily\/#primaryimage\",\"url\":\"https:\/\/maison4tiers.com\/ecrans-solidaires\/wp-content\/uploads\/sites\/76\/2019\/01\/15.png\",\"contentUrl\":\"https:\/\/maison4tiers.com\/ecrans-solidaires\/wp-content\/uploads\/sites\/76\/2019\/01\/15.png\",\"width\":800,\"height\":1200},{\"@type\":\"BreadcrumbList\",\"@id\":\"https:\/\/maison4tiers.com\/ecrans-solidaires\/en\/product\/the-bears-famous-invasion-of-sicily\/#breadcrumb\",\"itemListElement\":[{\"@type\":\"ListItem\",\"position\":1,\"name\":\"Home\",\"item\":\"https:\/\/maison4tiers.com\/ecrans-solidaires\/en\/\"},{\"@type\":\"ListItem\",\"position\":2,\"name\":\"Movies\",\"item\":\"https:\/\/maison4tiers.com\/ecrans-solidaires\/en\/movies\/\"},{\"@type\":\"ListItem\",\"position\":3,\"name\":\"The Bear&#8217;s Famous Invasion of Sicily\"}]},{\"@type\":\"WebSite\",\"@id\":\"https:\/\/maison4tiers.com\/ecrans-solidaires\/en\/#website\",\"url\":\"https:\/\/maison4tiers.com\/ecrans-solidaires\/en\/\",\"name\":\"\u00c9crans solidaires\",\"description\":\"Distribution multiplateforme de films qu\u00e9b\u00e9cois et internationaux\",\"publisher\":{\"@id\":\"https:\/\/maison4tiers.com\/ecrans-solidaires\/en\/#organization\"},\"potentialAction\":[{\"@type\":\"SearchAction\",\"target\":{\"@type\":\"EntryPoint\",\"urlTemplate\":\"https:\/\/maison4tiers.com\/ecrans-solidaires\/en\/?s={search_term_string}\"},\"query-input\":{\"@type\":\"PropertyValueSpecification\",\"valueRequired\":true,\"valueName\":\"search_term_string\"}}],\"inLanguage\":\"en-US\"},{\"@type\":\"Organization\",\"@id\":\"https:\/\/maison4tiers.com\/ecrans-solidaires\/en\/#organization\",\"name\":\"\u00c9crans solidaires\",\"url\":\"https:\/\/maison4tiers.com\/ecrans-solidaires\/en\/\",\"logo\":{\"@type\":\"ImageObject\",\"inLanguage\":\"en-US\",\"@id\":\"https:\/\/maison4tiers.com\/ecrans-solidaires\/en\/#\/schema\/logo\/image\/\",\"url\":\"https:\/\/maison4tiers.com\/ecrans-solidaires\/wp-content\/uploads\/sites\/76\/2020\/11\/favicon-196.png\",\"contentUrl\":\"https:\/\/maison4tiers.com\/ecrans-solidaires\/wp-content\/uploads\/sites\/76\/2020\/11\/favicon-196.png\",\"width\":196,\"height\":196,\"caption\":\"\u00c9crans solidaires\"},\"image\":{\"@id\":\"https:\/\/maison4tiers.com\/ecrans-solidaires\/en\/#\/schema\/logo\/image\/\"}}]}<\/script>\n<!-- \/ Yoast SEO plugin. -->","yoast_head_json":{"title":"The Bear's Famous Invasion of Sicily - Animated movie - \u00c9crans solidaires -","description":"The Bear's Famous Invasion of Sicily. To find his long lost son and food to survive the winter, the great bear king leads his clan down from the mountains.","robots":{"index":"noindex","follow":"follow","max-snippet":"max-snippet:-1","max-image-preview":"max-image-preview:large","max-video-preview":"max-video-preview:-1"},"og_locale":"en_US","og_type":"article","og_title":"The Bear's Famous Invasion of Sicily","og_description":"To find his long lost son and food to survive the winter, the great bear king leads his clan down from the mountains and into the world of men.","og_url":"https:\/\/maison4tiers.com\/ecrans-solidaires\/en\/product\/the-bears-famous-invasion-of-sicily\/","og_site_name":"\u00c9crans solidaires","article_modified_time":"2022-01-12T21:02:09+00:00","og_image":[{"width":720,"height":1080,"url":"https:\/\/maison4tiers.com\/ecrans-solidaires\/wp-content\/uploads\/sites\/76\/2021\/02\/Bear_poster_BOUTIQUE_720x1080.jpg","type":"image\/jpeg"}],"twitter_card":"summary_large_image","twitter_title":"The Bear's Famous Invasion of Sicily","twitter_description":"To find his long lost son and food to survive the winter, the great bear king leads his clan down from the mountains and into the world of men.","twitter_image":"https:\/\/maison4tiers.com\/ecrans-solidaires\/wp-content\/uploads\/sites\/76\/2021\/02\/Bear_poster_BOUTIQUE_720x1080.jpg","schema":{"@context":"https:\/\/schema.org","@graph":[{"@type":"WebPage","@id":"https:\/\/maison4tiers.com\/ecrans-solidaires\/en\/product\/the-bears-famous-invasion-of-sicily\/","url":"https:\/\/maison4tiers.com\/ecrans-solidaires\/en\/product\/the-bears-famous-invasion-of-sicily\/","name":"The Bear's Famous Invasion of Sicily - Animated movie - \u00c9crans solidaires -","isPartOf":{"@id":"https:\/\/maison4tiers.com\/ecrans-solidaires\/en\/#website"},"primaryImageOfPage":{"@id":"https:\/\/maison4tiers.com\/ecrans-solidaires\/en\/product\/the-bears-famous-invasion-of-sicily\/#primaryimage"},"image":{"@id":"https:\/\/maison4tiers.com\/ecrans-solidaires\/en\/product\/the-bears-famous-invasion-of-sicily\/#primaryimage"},"thumbnailUrl":"https:\/\/maison4tiers.com\/ecrans-solidaires\/wp-content\/uploads\/sites\/76\/2019\/01\/15.png","datePublished":"2021-02-07T03:22:08+00:00","dateModified":"2022-01-12T21:02:09+00:00","description":"The Bear's Famous Invasion of Sicily. To find his long lost son and food to survive the winter, the great bear king leads his clan down from the mountains.","breadcrumb":{"@id":"https:\/\/maison4tiers.com\/ecrans-solidaires\/en\/product\/the-bears-famous-invasion-of-sicily\/#breadcrumb"},"inLanguage":"en-US","potentialAction":[{"@type":"ReadAction","target":["https:\/\/maison4tiers.com\/ecrans-solidaires\/en\/product\/the-bears-famous-invasion-of-sicily\/"]}]},{"@type":"ImageObject","inLanguage":"en-US","@id":"https:\/\/maison4tiers.com\/ecrans-solidaires\/en\/product\/the-bears-famous-invasion-of-sicily\/#primaryimage","url":"https:\/\/maison4tiers.com\/ecrans-solidaires\/wp-content\/uploads\/sites\/76\/2019\/01\/15.png","contentUrl":"https:\/\/maison4tiers.com\/ecrans-solidaires\/wp-content\/uploads\/sites\/76\/2019\/01\/15.png","width":800,"height":1200},{"@type":"BreadcrumbList","@id":"https:\/\/maison4tiers.com\/ecrans-solidaires\/en\/product\/the-bears-famous-invasion-of-sicily\/#breadcrumb","itemListElement":[{"@type":"ListItem","position":1,"name":"Home","item":"https:\/\/maison4tiers.com\/ecrans-solidaires\/en\/"},{"@type":"ListItem","position":2,"name":"Movies","item":"https:\/\/maison4tiers.com\/ecrans-solidaires\/en\/movies\/"},{"@type":"ListItem","position":3,"name":"The Bear&#8217;s Famous Invasion of Sicily"}]},{"@type":"WebSite","@id":"https:\/\/maison4tiers.com\/ecrans-solidaires\/en\/#website","url":"https:\/\/maison4tiers.com\/ecrans-solidaires\/en\/","name":"\u00c9crans solidaires","description":"Distribution multiplateforme de films qu\u00e9b\u00e9cois et internationaux","publisher":{"@id":"https:\/\/maison4tiers.com\/ecrans-solidaires\/en\/#organization"},"potentialAction":[{"@type":"SearchAction","target":{"@type":"EntryPoint","urlTemplate":"https:\/\/maison4tiers.com\/ecrans-solidaires\/en\/?s={search_term_string}"},"query-input":{"@type":"PropertyValueSpecification","valueRequired":true,"valueName":"search_term_string"}}],"inLanguage":"en-US"},{"@type":"Organization","@id":"https:\/\/maison4tiers.com\/ecrans-solidaires\/en\/#organization","name":"\u00c9crans solidaires","url":"https:\/\/maison4tiers.com\/ecrans-solidaires\/en\/","logo":{"@type":"ImageObject","inLanguage":"en-US","@id":"https:\/\/maison4tiers.com\/ecrans-solidaires\/en\/#\/schema\/logo\/image\/","url":"https:\/\/maison4tiers.com\/ecrans-solidaires\/wp-content\/uploads\/sites\/76\/2020\/11\/favicon-196.png","contentUrl":"https:\/\/maison4tiers.com\/ecrans-solidaires\/wp-content\/uploads\/sites\/76\/2020\/11\/favicon-196.png","width":196,"height":196,"caption":"\u00c9crans solidaires"},"image":{"@id":"https:\/\/maison4tiers.com\/ecrans-solidaires\/en\/#\/schema\/logo\/image\/"}}]}},"jetpack_sharing_enabled":true,"_links":{"self":[{"href":"https:\/\/maison4tiers.com\/ecrans-solidaires\/en\/wp-json\/wp\/v2\/product\/4655","targetHints":{"allow":["GET"]}}],"collection":[{"href":"https:\/\/maison4tiers.com\/ecrans-solidaires\/en\/wp-json\/wp\/v2\/product"}],"about":[{"href":"https:\/\/maison4tiers.com\/ecrans-solidaires\/en\/wp-json\/wp\/v2\/types\/product"}],"wp:featuredmedia":[{"embeddable":true,"href":"https:\/\/maison4tiers.com\/ecrans-solidaires\/en\/wp-json\/wp\/v2\/media\/5798"}],"wp:attachment":[{"href":"https:\/\/maison4tiers.com\/ecrans-solidaires\/en\/wp-json\/wp\/v2\/media?parent=4655"}],"wp:term":[{"taxonomy":"product_brand","embeddable":true,"href":"https:\/\/maison4tiers.com\/ecrans-solidaires\/en\/wp-json\/wp\/v2\/product_brand?post=4655"},{"taxonomy":"product_cat","embeddable":true,"href":"https:\/\/maison4tiers.com\/ecrans-solidaires\/en\/wp-json\/wp\/v2\/product_cat?post=4655"},{"taxonomy":"product_tag","embeddable":true,"href":"https:\/\/maison4tiers.com\/ecrans-solidaires\/en\/wp-json\/wp\/v2\/product_tag?post=4655"}],"curies":[{"name":"wp","href":"https:\/\/api.w.org\/{rel}","templated":true}]}}