{"id":4645,"date":"2020-01-12T00:00:56","date_gmt":"2021-02-07T03:01:56","guid":{"rendered":"https:\/\/maison4tiers.com\/produit\/nadia-butterfly\/"},"modified":"2022-01-12T17:28:46","modified_gmt":"2022-01-12T21:28:46","slug":"nadia-butterfly","status":"publish","type":"product","link":"https:\/\/maison4tiers.com\/ecrans-solidaires\/en\/product\/nadia-butterfly\/","title":{"rendered":"Nadia, Butterfly"},"excerpt":{"rendered":"<p>Official Selection Festival de Cannes 2020<\/p>\n<div class=\"page\" title=\"Page 3\">\n<div class=\"section\">\n<div class=\"layoutArea\">\n<div class=\"column\">\n<p>While young and in her prime, Nadia decides to retire from pro swimming after the Olympic Games to escape a rigid life of sacrifice. After her very last race, Nadia drifts into nights of excess punctuated by episodes of self-doubt. But even this transitional numbness cannot conceal her true inner quest: defining her identity outside the world of elite sports.<\/p>\n<\/div>\n<\/div>\n<\/div>\n<\/div>\n<blockquote><p><em>\u201cSuch an intriguing addition to the sports movie canon\u201d<\/em><br \/>\n<strong>\u2013 <a href=\"https:\/\/www.screendaily.com\/reviews\/nadia-butterfly-cannes-label-2020-review\/5151910.article\" target=\"_blank\" rel=\"noopener\">SCREEN DAILY<\/a><\/strong><\/p>\n<p>\u2605\u2605\u2605\u2605<strong>\u00a0\u2013\u00a0<a href=\"https:\/\/www.ledevoir.com\/culture\/cinema\/586160\/nadia-butterfly-la-solitude-de-la-nageuse-papillon#:~:text=De%20fait%2C%20Nadia%2C%20Butterfly%20n,un%20film%20de%20sport%20classique.&amp;text=En%20phase%20avec%20la%20dualit%C3%A9,s%C3%A9quences%20souvent%20d%C3%A9nu%C3%A9s%20de%20dialogue.\">LE DEVOIR<\/a><\/strong><\/p>\n<p><strong>\u2605\u2605\u2605\u2605 \u2013\u00a0<a href=\"https:\/\/www.lesoleil.com\/actualites\/pascal-plante-le-plus-artistique-des-sportifs-5406ae7f7bf0ffb1549dc81d2116a399\">LE SOLEIL<\/a><\/strong><\/p><\/blockquote>\n<p class=\"p1\"><span style=\"text-decoration: underline;\"><strong><span class=\"s1\"><a href=\"https:\/\/maison4tiers.com\/en\/product-category\/movie\/quebec-movie\/\" target=\"_blank\" rel=\"noopener\">Other Quebec films<\/a><\/span><\/strong><\/span><\/p>\n<p>&nbsp;<\/p>\n<p class=\"p1\">*Only available in Canada<\/p>\n","protected":false},"featured_media":7518,"template":"","meta":{"_acf_changed":false,"_eb_attr":""},"product_brand":[],"product_cat":[139,143,137,133,106,130,103,126],"product_tag":[506],"class_list":{"0":"post-4645","1":"product","2":"type-product","3":"status-publish","4":"has-post-thumbnail","6":"product_cat-bluray-en","7":"product_cat-digital","8":"product_cat-dvd-en","9":"product_cat-allmovies","10":"product_cat-drama","11":"product_cat-fiction-en","12":"product_cat-movie","13":"product_cat-quebec-movie","14":"product_tag-societe-en","15":"product_shipping_class-livraison","17":"first","18":"instock","19":"taxable","20":"shipping-taxable","21":"purchasable","22":"product-type-variable","23":"has-default-attributes"},"acf":[],"yoast_head":"<!-- This site is optimized with the Yoast SEO plugin v27.0 - https:\/\/yoast.com\/product\/yoast-seo-wordpress\/ -->\n<title>Nadia, Butterfly - Quebec Film - \u00c9crans solidaires - Watch now<\/title>\n<meta name=\"description\" content=\"While young and in her prime, Nadia decides to retire from pro swimming after the Olympic Games to escape a rigid life of sacrifice.\" \/>\n<meta name=\"robots\" content=\"noindex, follow, max-snippet:-1, max-image-preview:large, max-video-preview:-1\" \/>\n<meta property=\"og:locale\" content=\"en_US\" \/>\n<meta property=\"og:type\" content=\"article\" \/>\n<meta property=\"og:title\" content=\"Nadia, Butterfly\" \/>\n<meta property=\"og:description\" content=\"While young and in her prime, Nadia decides to retire from pro swimming after the Olympic Games to escape a rigid life of sacrifice.\" \/>\n<meta property=\"og:url\" content=\"https:\/\/maison4tiers.com\/ecrans-solidaires\/en\/product\/nadia-butterfly\/\" \/>\n<meta property=\"og:site_name\" content=\"\u00c9crans solidaires\" \/>\n<meta property=\"article:modified_time\" content=\"2022-01-12T21:28:46+00:00\" \/>\n<meta property=\"og:image\" content=\"https:\/\/maison4tiers.com\/ecrans-solidaires\/wp-content\/uploads\/sites\/76\/2020\/01\/5.jpg\" \/>\n\t<meta property=\"og:image:width\" content=\"800\" \/>\n\t<meta property=\"og:image:height\" content=\"1200\" \/>\n\t<meta property=\"og:image:type\" content=\"image\/jpeg\" \/>\n<meta name=\"twitter:card\" content=\"summary_large_image\" \/>\n<meta name=\"twitter:title\" content=\"Nadia, Butterfly\" \/>\n<meta name=\"twitter:description\" content=\"While young and in her prime, Nadia decides to retire from pro swimming after the Olympic Games to escape a rigid life of sacrifice.\" \/>\n<meta name=\"twitter:image\" content=\"https:\/\/maison4tiers.com\/ecrans-solidaires\/wp-content\/uploads\/sites\/76\/2020\/01\/5.jpg\" \/>\n<script type=\"application\/ld+json\" class=\"yoast-schema-graph\">{\"@context\":\"https:\/\/schema.org\",\"@graph\":[{\"@type\":\"WebPage\",\"@id\":\"https:\/\/maison4tiers.com\/ecrans-solidaires\/en\/product\/nadia-butterfly\/\",\"url\":\"https:\/\/maison4tiers.com\/ecrans-solidaires\/en\/product\/nadia-butterfly\/\",\"name\":\"Nadia, Butterfly - Quebec Film - \u00c9crans solidaires - Watch now\",\"isPartOf\":{\"@id\":\"https:\/\/maison4tiers.com\/ecrans-solidaires\/en\/#website\"},\"primaryImageOfPage\":{\"@id\":\"https:\/\/maison4tiers.com\/ecrans-solidaires\/en\/product\/nadia-butterfly\/#primaryimage\"},\"image\":{\"@id\":\"https:\/\/maison4tiers.com\/ecrans-solidaires\/en\/product\/nadia-butterfly\/#primaryimage\"},\"thumbnailUrl\":\"https:\/\/maison4tiers.com\/ecrans-solidaires\/wp-content\/uploads\/sites\/76\/2020\/01\/5.jpg\",\"datePublished\":\"2021-02-07T03:01:56+00:00\",\"dateModified\":\"2022-01-12T21:28:46+00:00\",\"description\":\"While young and in her prime, Nadia decides to retire from pro swimming after the Olympic Games to escape a rigid life of sacrifice.\",\"breadcrumb\":{\"@id\":\"https:\/\/maison4tiers.com\/ecrans-solidaires\/en\/product\/nadia-butterfly\/#breadcrumb\"},\"inLanguage\":\"en-US\",\"potentialAction\":[{\"@type\":\"ReadAction\",\"target\":[\"https:\/\/maison4tiers.com\/ecrans-solidaires\/en\/product\/nadia-butterfly\/\"]}]},{\"@type\":\"ImageObject\",\"inLanguage\":\"en-US\",\"@id\":\"https:\/\/maison4tiers.com\/ecrans-solidaires\/en\/product\/nadia-butterfly\/#primaryimage\",\"url\":\"https:\/\/maison4tiers.com\/ecrans-solidaires\/wp-content\/uploads\/sites\/76\/2020\/01\/5.jpg\",\"contentUrl\":\"https:\/\/maison4tiers.com\/ecrans-solidaires\/wp-content\/uploads\/sites\/76\/2020\/01\/5.jpg\",\"width\":800,\"height\":1200,\"caption\":\"Nadia, Butterfly (VA)\"},{\"@type\":\"BreadcrumbList\",\"@id\":\"https:\/\/maison4tiers.com\/ecrans-solidaires\/en\/product\/nadia-butterfly\/#breadcrumb\",\"itemListElement\":[{\"@type\":\"ListItem\",\"position\":1,\"name\":\"Home\",\"item\":\"https:\/\/maison4tiers.com\/ecrans-solidaires\/en\/\"},{\"@type\":\"ListItem\",\"position\":2,\"name\":\"Movies\",\"item\":\"https:\/\/maison4tiers.com\/ecrans-solidaires\/en\/movies\/\"},{\"@type\":\"ListItem\",\"position\":3,\"name\":\"Nadia, Butterfly\"}]},{\"@type\":\"WebSite\",\"@id\":\"https:\/\/maison4tiers.com\/ecrans-solidaires\/en\/#website\",\"url\":\"https:\/\/maison4tiers.com\/ecrans-solidaires\/en\/\",\"name\":\"\u00c9crans solidaires\",\"description\":\"Distribution multiplateforme de films qu\u00e9b\u00e9cois et internationaux\",\"publisher\":{\"@id\":\"https:\/\/maison4tiers.com\/ecrans-solidaires\/en\/#organization\"},\"potentialAction\":[{\"@type\":\"SearchAction\",\"target\":{\"@type\":\"EntryPoint\",\"urlTemplate\":\"https:\/\/maison4tiers.com\/ecrans-solidaires\/en\/?s={search_term_string}\"},\"query-input\":{\"@type\":\"PropertyValueSpecification\",\"valueRequired\":true,\"valueName\":\"search_term_string\"}}],\"inLanguage\":\"en-US\"},{\"@type\":\"Organization\",\"@id\":\"https:\/\/maison4tiers.com\/ecrans-solidaires\/en\/#organization\",\"name\":\"\u00c9crans solidaires\",\"url\":\"https:\/\/maison4tiers.com\/ecrans-solidaires\/en\/\",\"logo\":{\"@type\":\"ImageObject\",\"inLanguage\":\"en-US\",\"@id\":\"https:\/\/maison4tiers.com\/ecrans-solidaires\/en\/#\/schema\/logo\/image\/\",\"url\":\"https:\/\/maison4tiers.com\/ecrans-solidaires\/wp-content\/uploads\/sites\/76\/2020\/11\/favicon-196.png\",\"contentUrl\":\"https:\/\/maison4tiers.com\/ecrans-solidaires\/wp-content\/uploads\/sites\/76\/2020\/11\/favicon-196.png\",\"width\":196,\"height\":196,\"caption\":\"\u00c9crans solidaires\"},\"image\":{\"@id\":\"https:\/\/maison4tiers.com\/ecrans-solidaires\/en\/#\/schema\/logo\/image\/\"}}]}<\/script>\n<!-- \/ Yoast SEO plugin. -->","yoast_head_json":{"title":"Nadia, Butterfly - Quebec Film - \u00c9crans solidaires - Watch now","description":"While young and in her prime, Nadia decides to retire from pro swimming after the Olympic Games to escape a rigid life of sacrifice.","robots":{"index":"noindex","follow":"follow","max-snippet":"max-snippet:-1","max-image-preview":"max-image-preview:large","max-video-preview":"max-video-preview:-1"},"og_locale":"en_US","og_type":"article","og_title":"Nadia, Butterfly","og_description":"While young and in her prime, Nadia decides to retire from pro swimming after the Olympic Games to escape a rigid life of sacrifice.","og_url":"https:\/\/maison4tiers.com\/ecrans-solidaires\/en\/product\/nadia-butterfly\/","og_site_name":"\u00c9crans solidaires","article_modified_time":"2022-01-12T21:28:46+00:00","og_image":[{"width":800,"height":1200,"url":"https:\/\/maison4tiers.com\/ecrans-solidaires\/wp-content\/uploads\/sites\/76\/2020\/01\/5.jpg","type":"image\/jpeg"}],"twitter_card":"summary_large_image","twitter_title":"Nadia, Butterfly","twitter_description":"While young and in her prime, Nadia decides to retire from pro swimming after the Olympic Games to escape a rigid life of sacrifice.","twitter_image":"https:\/\/maison4tiers.com\/ecrans-solidaires\/wp-content\/uploads\/sites\/76\/2020\/01\/5.jpg","schema":{"@context":"https:\/\/schema.org","@graph":[{"@type":"WebPage","@id":"https:\/\/maison4tiers.com\/ecrans-solidaires\/en\/product\/nadia-butterfly\/","url":"https:\/\/maison4tiers.com\/ecrans-solidaires\/en\/product\/nadia-butterfly\/","name":"Nadia, Butterfly - Quebec Film - \u00c9crans solidaires - Watch now","isPartOf":{"@id":"https:\/\/maison4tiers.com\/ecrans-solidaires\/en\/#website"},"primaryImageOfPage":{"@id":"https:\/\/maison4tiers.com\/ecrans-solidaires\/en\/product\/nadia-butterfly\/#primaryimage"},"image":{"@id":"https:\/\/maison4tiers.com\/ecrans-solidaires\/en\/product\/nadia-butterfly\/#primaryimage"},"thumbnailUrl":"https:\/\/maison4tiers.com\/ecrans-solidaires\/wp-content\/uploads\/sites\/76\/2020\/01\/5.jpg","datePublished":"2021-02-07T03:01:56+00:00","dateModified":"2022-01-12T21:28:46+00:00","description":"While young and in her prime, Nadia decides to retire from pro swimming after the Olympic Games to escape a rigid life of sacrifice.","breadcrumb":{"@id":"https:\/\/maison4tiers.com\/ecrans-solidaires\/en\/product\/nadia-butterfly\/#breadcrumb"},"inLanguage":"en-US","potentialAction":[{"@type":"ReadAction","target":["https:\/\/maison4tiers.com\/ecrans-solidaires\/en\/product\/nadia-butterfly\/"]}]},{"@type":"ImageObject","inLanguage":"en-US","@id":"https:\/\/maison4tiers.com\/ecrans-solidaires\/en\/product\/nadia-butterfly\/#primaryimage","url":"https:\/\/maison4tiers.com\/ecrans-solidaires\/wp-content\/uploads\/sites\/76\/2020\/01\/5.jpg","contentUrl":"https:\/\/maison4tiers.com\/ecrans-solidaires\/wp-content\/uploads\/sites\/76\/2020\/01\/5.jpg","width":800,"height":1200,"caption":"Nadia, Butterfly (VA)"},{"@type":"BreadcrumbList","@id":"https:\/\/maison4tiers.com\/ecrans-solidaires\/en\/product\/nadia-butterfly\/#breadcrumb","itemListElement":[{"@type":"ListItem","position":1,"name":"Home","item":"https:\/\/maison4tiers.com\/ecrans-solidaires\/en\/"},{"@type":"ListItem","position":2,"name":"Movies","item":"https:\/\/maison4tiers.com\/ecrans-solidaires\/en\/movies\/"},{"@type":"ListItem","position":3,"name":"Nadia, Butterfly"}]},{"@type":"WebSite","@id":"https:\/\/maison4tiers.com\/ecrans-solidaires\/en\/#website","url":"https:\/\/maison4tiers.com\/ecrans-solidaires\/en\/","name":"\u00c9crans solidaires","description":"Distribution multiplateforme de films qu\u00e9b\u00e9cois et internationaux","publisher":{"@id":"https:\/\/maison4tiers.com\/ecrans-solidaires\/en\/#organization"},"potentialAction":[{"@type":"SearchAction","target":{"@type":"EntryPoint","urlTemplate":"https:\/\/maison4tiers.com\/ecrans-solidaires\/en\/?s={search_term_string}"},"query-input":{"@type":"PropertyValueSpecification","valueRequired":true,"valueName":"search_term_string"}}],"inLanguage":"en-US"},{"@type":"Organization","@id":"https:\/\/maison4tiers.com\/ecrans-solidaires\/en\/#organization","name":"\u00c9crans solidaires","url":"https:\/\/maison4tiers.com\/ecrans-solidaires\/en\/","logo":{"@type":"ImageObject","inLanguage":"en-US","@id":"https:\/\/maison4tiers.com\/ecrans-solidaires\/en\/#\/schema\/logo\/image\/","url":"https:\/\/maison4tiers.com\/ecrans-solidaires\/wp-content\/uploads\/sites\/76\/2020\/11\/favicon-196.png","contentUrl":"https:\/\/maison4tiers.com\/ecrans-solidaires\/wp-content\/uploads\/sites\/76\/2020\/11\/favicon-196.png","width":196,"height":196,"caption":"\u00c9crans solidaires"},"image":{"@id":"https:\/\/maison4tiers.com\/ecrans-solidaires\/en\/#\/schema\/logo\/image\/"}}]}},"jetpack_sharing_enabled":true,"_links":{"self":[{"href":"https:\/\/maison4tiers.com\/ecrans-solidaires\/en\/wp-json\/wp\/v2\/product\/4645","targetHints":{"allow":["GET"]}}],"collection":[{"href":"https:\/\/maison4tiers.com\/ecrans-solidaires\/en\/wp-json\/wp\/v2\/product"}],"about":[{"href":"https:\/\/maison4tiers.com\/ecrans-solidaires\/en\/wp-json\/wp\/v2\/types\/product"}],"wp:featuredmedia":[{"embeddable":true,"href":"https:\/\/maison4tiers.com\/ecrans-solidaires\/en\/wp-json\/wp\/v2\/media\/7518"}],"wp:attachment":[{"href":"https:\/\/maison4tiers.com\/ecrans-solidaires\/en\/wp-json\/wp\/v2\/media?parent=4645"}],"wp:term":[{"taxonomy":"product_brand","embeddable":true,"href":"https:\/\/maison4tiers.com\/ecrans-solidaires\/en\/wp-json\/wp\/v2\/product_brand?post=4645"},{"taxonomy":"product_cat","embeddable":true,"href":"https:\/\/maison4tiers.com\/ecrans-solidaires\/en\/wp-json\/wp\/v2\/product_cat?post=4645"},{"taxonomy":"product_tag","embeddable":true,"href":"https:\/\/maison4tiers.com\/ecrans-solidaires\/en\/wp-json\/wp\/v2\/product_tag?post=4645"}],"curies":[{"name":"wp","href":"https:\/\/api.w.org\/{rel}","templated":true}]}}