{"id":23537,"date":"2024-07-08T11:13:12","date_gmt":"2024-07-18T20:45:19","guid":{"rendered":"https:\/\/maison4tiers.com\/?post_type=product&#038;p=23537"},"modified":"2024-07-18T16:47:11","modified_gmt":"2024-07-18T20:47:11","slug":"the-beast","status":"publish","type":"product","link":"https:\/\/maison4tiers.com\/ecrans-solidaires\/en\/product\/the-beast\/","title":{"rendered":"THE BEAST"},"excerpt":{"rendered":"<div class=\"page\" title=\"Page 2\">\n<div class=\"layoutArea\">\n<div class=\"column\">\n<h4><strong>NOW AVAILABLE ON DEMAND &amp; ON DVD!!!<\/strong><\/h4>\n<p>In a near future where artificial intelligence reigns, human emotions have become a threat. To get rid of it, Gabrielle must purify her DNA by diving back into her past lives. There she finds Louis, her great love. But a fear invades him, the presentiment that a catastrophe is brewing.<\/p>\n<\/div>\n<\/div>\n<\/div>\n<blockquote><p><em>\u00ab The Beast sees Bertrand Bonello reach heights in risk-taking. Ambitious and accomplished on a formal level, the film multiplies its borrowings from genre cinema to characterize and offer a unique atmosphere to each of the eras depicted. \u00bb<br \/>\n<\/em><a href=\"https:\/\/www.ledevoir.com\/culture\/cinema\/811250\/bete-piege-peur\" target=\"_blank\" rel=\"noopener\">\u2605\u2605\u2605\u00bd<strong>\u00a0\u2013 LE DEVOIR<\/strong><\/a><\/p>\n<p>&nbsp;<\/p>\n<p><em>\u00ab Their research on dreams, virtual vertigo, and nightmarish imagination deeply innervates The Beast and finds an incredible outcome there. \u00bb<\/em><br \/>\n<a href=\"https:\/\/www.lemonde.fr\/culture\/article\/2024\/02\/07\/la-bete-bertrand-bonello-filme-un-voyage-mental-au-c-ur-de-l-impasse-amoureuse_6215254_3246.html\" target=\"_blank\" rel=\"noopener\"><strong>\u00a0\u2013 LE MONDE<\/strong><\/a><\/p>\n<p>&nbsp;<\/p>\n<p><em>\u00abHaving wanted to deliver &#8220;a plea to stay alive&#8221;, the filmmaker offers a reflection on the impact of artificial intelligence in human relationships where, to better convince, the cerebral boldly prevails over the sentimental.\u00bb<\/em><br \/>\n<a href=\"https:\/\/www.lapresse.ca\/cinema\/critiques\/2024-04-19\/la-bete-de-bertrand-bonello\/que-reste-t-il-de-nos-amours.php\" target=\"_blank\" rel=\"noopener\">\u2605\u2605\u2605\u2605<strong> \u2013 LA PRESSE<\/strong><\/a><\/p><\/blockquote>\n<p>&nbsp;<\/p>\n<p><a href=\"https:\/\/maison4tiers.com\/categorie-produit\/film\/fiction\/\" target=\"_blank\" rel=\"noopener\"><span style=\"text-decoration: underline;\">See other FICTION movies<\/span><\/a><\/p>\n<p>*Only available in Canada<\/p>\n","protected":false},"featured_media":23489,"template":"","meta":{"_acf_changed":false,"_eb_attr":""},"product_brand":[],"product_cat":[133,103],"product_tag":[921,1145,1142,1139,850,851,1143,1144,856,1141,1138,1140,1146],"class_list":{"0":"post-23537","1":"product","2":"type-product","3":"status-publish","4":"has-post-thumbnail","6":"product_cat-allmovies","7":"product_cat-movie","8":"product_tag-amour-en","9":"product_tag-avenir-en","10":"product_tag-bertrand-bonello-en","11":"product_tag-bete-en","12":"product_tag-drame-en","13":"product_tag-dystopie-en","14":"product_tag-emotions-en","15":"product_tag-fiction-en","16":"product_tag-futur-en","17":"product_tag-george-mackay-en","18":"product_tag-la-bete-en","19":"product_tag-lea-seydoux-en","20":"product_tag-voyage-dans-le-temps-en","22":"first","23":"instock","24":"taxable","25":"shipping-taxable","26":"purchasable","27":"product-type-variable","28":"has-default-attributes"},"acf":[],"yoast_head":"<!-- This site is optimized with the Yoast SEO plugin v27.0 - https:\/\/yoast.com\/product\/yoast-seo-wordpress\/ -->\n<title>THE BEAST - \u00c9crans solidaires - Watch Bertrand Bonello&#039;s latest movie now<\/title>\n<meta name=\"description\" content=\"The Beast - In a near future where artificial intelligence reigns, human emotions have become a threat. To get rid of it, Gabrielle must purify her DNA by diving back into her past lives.\" \/>\n<meta name=\"robots\" content=\"noindex, follow, max-snippet:-1, max-image-preview:large, max-video-preview:-1\" \/>\n<meta property=\"og:locale\" content=\"en_US\" \/>\n<meta property=\"og:type\" content=\"article\" \/>\n<meta property=\"og:title\" content=\"The Beast\" \/>\n<meta property=\"og:description\" content=\"In a near future where artificial intelligence reigns, human emotions have become a threat. To get rid of it, Gabrielle must purify her DNA by diving back into her past lives. There she finds Louis, her great love. But a fear invades him, the presentiment that a catastrophe is brewing.\" \/>\n<meta property=\"og:url\" content=\"https:\/\/maison4tiers.com\/ecrans-solidaires\/en\/product\/the-beast\/\" \/>\n<meta property=\"og:site_name\" content=\"\u00c9crans solidaires\" \/>\n<meta property=\"article:modified_time\" content=\"2024-07-18T20:47:11+00:00\" \/>\n<meta property=\"og:image\" content=\"https:\/\/maison4tiers.com\/ecrans-solidaires\/wp-content\/uploads\/sites\/76\/2024\/07\/TheBeast_WEB_1080x1080_LR.jpg\" \/>\n\t<meta property=\"og:image:width\" content=\"1080\" \/>\n\t<meta property=\"og:image:height\" content=\"1080\" \/>\n\t<meta property=\"og:image:type\" content=\"image\/jpeg\" \/>\n<meta name=\"twitter:card\" content=\"summary_large_image\" \/>\n<meta name=\"twitter:title\" content=\"The Beast\" \/>\n<meta name=\"twitter:description\" content=\"In a near future where artificial intelligence reigns, human emotions have become a threat. To get rid of it, Gabrielle must purify her DNA by diving back into her past lives. There she finds Louis, her great love. But a fear invades him, the presentiment that a catastrophe is brewing.\" \/>\n<meta name=\"twitter:image\" content=\"https:\/\/maison4tiers.com\/ecrans-solidaires\/wp-content\/uploads\/sites\/76\/2024\/07\/TheBeast_WEB_1080x1080_LR.jpg\" \/>\n<meta name=\"twitter:label1\" content=\"Est. reading time\" \/>\n\t<meta name=\"twitter:data1\" content=\"1 minute\" \/>\n<script type=\"application\/ld+json\" class=\"yoast-schema-graph\">{\"@context\":\"https:\/\/schema.org\",\"@graph\":[{\"@type\":\"WebPage\",\"@id\":\"https:\/\/maison4tiers.com\/ecrans-solidaires\/en\/product\/the-beast\/\",\"url\":\"https:\/\/maison4tiers.com\/ecrans-solidaires\/en\/product\/the-beast\/\",\"name\":\"THE BEAST - \u00c9crans solidaires - Watch Bertrand Bonello's latest movie now\",\"isPartOf\":{\"@id\":\"https:\/\/maison4tiers.com\/ecrans-solidaires\/en\/#website\"},\"primaryImageOfPage\":{\"@id\":\"https:\/\/maison4tiers.com\/ecrans-solidaires\/en\/product\/the-beast\/#primaryimage\"},\"image\":{\"@id\":\"https:\/\/maison4tiers.com\/ecrans-solidaires\/en\/product\/the-beast\/#primaryimage\"},\"thumbnailUrl\":\"https:\/\/maison4tiers.com\/ecrans-solidaires\/wp-content\/uploads\/sites\/76\/2024\/07\/LaBete_WEB_1080x1080_LR.jpg\",\"datePublished\":\"2024-07-18T20:45:19+00:00\",\"dateModified\":\"2024-07-18T20:47:11+00:00\",\"description\":\"The Beast - In a near future where artificial intelligence reigns, human emotions have become a threat. To get rid of it, Gabrielle must purify her DNA by diving back into her past lives.\",\"breadcrumb\":{\"@id\":\"https:\/\/maison4tiers.com\/ecrans-solidaires\/en\/product\/the-beast\/#breadcrumb\"},\"inLanguage\":\"en-US\",\"potentialAction\":[{\"@type\":\"ReadAction\",\"target\":[\"https:\/\/maison4tiers.com\/ecrans-solidaires\/en\/product\/the-beast\/\"]}]},{\"@type\":\"ImageObject\",\"inLanguage\":\"en-US\",\"@id\":\"https:\/\/maison4tiers.com\/ecrans-solidaires\/en\/product\/the-beast\/#primaryimage\",\"url\":\"https:\/\/maison4tiers.com\/ecrans-solidaires\/wp-content\/uploads\/sites\/76\/2024\/07\/LaBete_WEB_1080x1080_LR.jpg\",\"contentUrl\":\"https:\/\/maison4tiers.com\/ecrans-solidaires\/wp-content\/uploads\/sites\/76\/2024\/07\/LaBete_WEB_1080x1080_LR.jpg\",\"width\":1080,\"height\":1080},{\"@type\":\"BreadcrumbList\",\"@id\":\"https:\/\/maison4tiers.com\/ecrans-solidaires\/en\/product\/the-beast\/#breadcrumb\",\"itemListElement\":[{\"@type\":\"ListItem\",\"position\":1,\"name\":\"Home\",\"item\":\"https:\/\/maison4tiers.com\/ecrans-solidaires\/en\/\"},{\"@type\":\"ListItem\",\"position\":2,\"name\":\"Movies\",\"item\":\"https:\/\/maison4tiers.com\/ecrans-solidaires\/en\/movies\/\"},{\"@type\":\"ListItem\",\"position\":3,\"name\":\"THE BEAST\"}]},{\"@type\":\"WebSite\",\"@id\":\"https:\/\/maison4tiers.com\/ecrans-solidaires\/en\/#website\",\"url\":\"https:\/\/maison4tiers.com\/ecrans-solidaires\/en\/\",\"name\":\"\u00c9crans solidaires\",\"description\":\"Distribution multiplateforme de films qu\u00e9b\u00e9cois et internationaux\",\"publisher\":{\"@id\":\"https:\/\/maison4tiers.com\/ecrans-solidaires\/en\/#organization\"},\"potentialAction\":[{\"@type\":\"SearchAction\",\"target\":{\"@type\":\"EntryPoint\",\"urlTemplate\":\"https:\/\/maison4tiers.com\/ecrans-solidaires\/en\/?s={search_term_string}\"},\"query-input\":{\"@type\":\"PropertyValueSpecification\",\"valueRequired\":true,\"valueName\":\"search_term_string\"}}],\"inLanguage\":\"en-US\"},{\"@type\":\"Organization\",\"@id\":\"https:\/\/maison4tiers.com\/ecrans-solidaires\/en\/#organization\",\"name\":\"\u00c9crans solidaires\",\"url\":\"https:\/\/maison4tiers.com\/ecrans-solidaires\/en\/\",\"logo\":{\"@type\":\"ImageObject\",\"inLanguage\":\"en-US\",\"@id\":\"https:\/\/maison4tiers.com\/ecrans-solidaires\/en\/#\/schema\/logo\/image\/\",\"url\":\"https:\/\/maison4tiers.com\/ecrans-solidaires\/wp-content\/uploads\/sites\/76\/2020\/11\/favicon-196.png\",\"contentUrl\":\"https:\/\/maison4tiers.com\/ecrans-solidaires\/wp-content\/uploads\/sites\/76\/2020\/11\/favicon-196.png\",\"width\":196,\"height\":196,\"caption\":\"\u00c9crans solidaires\"},\"image\":{\"@id\":\"https:\/\/maison4tiers.com\/ecrans-solidaires\/en\/#\/schema\/logo\/image\/\"}}]}<\/script>\n<!-- \/ Yoast SEO plugin. -->","yoast_head_json":{"title":"THE BEAST - \u00c9crans solidaires - Watch Bertrand Bonello's latest movie now","description":"The Beast - In a near future where artificial intelligence reigns, human emotions have become a threat. To get rid of it, Gabrielle must purify her DNA by diving back into her past lives.","robots":{"index":"noindex","follow":"follow","max-snippet":"max-snippet:-1","max-image-preview":"max-image-preview:large","max-video-preview":"max-video-preview:-1"},"og_locale":"en_US","og_type":"article","og_title":"The Beast","og_description":"In a near future where artificial intelligence reigns, human emotions have become a threat. To get rid of it, Gabrielle must purify her DNA by diving back into her past lives. There she finds Louis, her great love. But a fear invades him, the presentiment that a catastrophe is brewing.","og_url":"https:\/\/maison4tiers.com\/ecrans-solidaires\/en\/product\/the-beast\/","og_site_name":"\u00c9crans solidaires","article_modified_time":"2024-07-18T20:47:11+00:00","og_image":[{"width":1080,"height":1080,"url":"https:\/\/maison4tiers.com\/ecrans-solidaires\/wp-content\/uploads\/sites\/76\/2024\/07\/TheBeast_WEB_1080x1080_LR.jpg","type":"image\/jpeg"}],"twitter_card":"summary_large_image","twitter_title":"The Beast","twitter_description":"In a near future where artificial intelligence reigns, human emotions have become a threat. To get rid of it, Gabrielle must purify her DNA by diving back into her past lives. There she finds Louis, her great love. But a fear invades him, the presentiment that a catastrophe is brewing.","twitter_image":"https:\/\/maison4tiers.com\/ecrans-solidaires\/wp-content\/uploads\/sites\/76\/2024\/07\/TheBeast_WEB_1080x1080_LR.jpg","twitter_misc":{"Est. reading time":"1 minute"},"schema":{"@context":"https:\/\/schema.org","@graph":[{"@type":"WebPage","@id":"https:\/\/maison4tiers.com\/ecrans-solidaires\/en\/product\/the-beast\/","url":"https:\/\/maison4tiers.com\/ecrans-solidaires\/en\/product\/the-beast\/","name":"THE BEAST - \u00c9crans solidaires - Watch Bertrand Bonello's latest movie now","isPartOf":{"@id":"https:\/\/maison4tiers.com\/ecrans-solidaires\/en\/#website"},"primaryImageOfPage":{"@id":"https:\/\/maison4tiers.com\/ecrans-solidaires\/en\/product\/the-beast\/#primaryimage"},"image":{"@id":"https:\/\/maison4tiers.com\/ecrans-solidaires\/en\/product\/the-beast\/#primaryimage"},"thumbnailUrl":"https:\/\/maison4tiers.com\/ecrans-solidaires\/wp-content\/uploads\/sites\/76\/2024\/07\/LaBete_WEB_1080x1080_LR.jpg","datePublished":"2024-07-18T20:45:19+00:00","dateModified":"2024-07-18T20:47:11+00:00","description":"The Beast - In a near future where artificial intelligence reigns, human emotions have become a threat. To get rid of it, Gabrielle must purify her DNA by diving back into her past lives.","breadcrumb":{"@id":"https:\/\/maison4tiers.com\/ecrans-solidaires\/en\/product\/the-beast\/#breadcrumb"},"inLanguage":"en-US","potentialAction":[{"@type":"ReadAction","target":["https:\/\/maison4tiers.com\/ecrans-solidaires\/en\/product\/the-beast\/"]}]},{"@type":"ImageObject","inLanguage":"en-US","@id":"https:\/\/maison4tiers.com\/ecrans-solidaires\/en\/product\/the-beast\/#primaryimage","url":"https:\/\/maison4tiers.com\/ecrans-solidaires\/wp-content\/uploads\/sites\/76\/2024\/07\/LaBete_WEB_1080x1080_LR.jpg","contentUrl":"https:\/\/maison4tiers.com\/ecrans-solidaires\/wp-content\/uploads\/sites\/76\/2024\/07\/LaBete_WEB_1080x1080_LR.jpg","width":1080,"height":1080},{"@type":"BreadcrumbList","@id":"https:\/\/maison4tiers.com\/ecrans-solidaires\/en\/product\/the-beast\/#breadcrumb","itemListElement":[{"@type":"ListItem","position":1,"name":"Home","item":"https:\/\/maison4tiers.com\/ecrans-solidaires\/en\/"},{"@type":"ListItem","position":2,"name":"Movies","item":"https:\/\/maison4tiers.com\/ecrans-solidaires\/en\/movies\/"},{"@type":"ListItem","position":3,"name":"THE BEAST"}]},{"@type":"WebSite","@id":"https:\/\/maison4tiers.com\/ecrans-solidaires\/en\/#website","url":"https:\/\/maison4tiers.com\/ecrans-solidaires\/en\/","name":"\u00c9crans solidaires","description":"Distribution multiplateforme de films qu\u00e9b\u00e9cois et internationaux","publisher":{"@id":"https:\/\/maison4tiers.com\/ecrans-solidaires\/en\/#organization"},"potentialAction":[{"@type":"SearchAction","target":{"@type":"EntryPoint","urlTemplate":"https:\/\/maison4tiers.com\/ecrans-solidaires\/en\/?s={search_term_string}"},"query-input":{"@type":"PropertyValueSpecification","valueRequired":true,"valueName":"search_term_string"}}],"inLanguage":"en-US"},{"@type":"Organization","@id":"https:\/\/maison4tiers.com\/ecrans-solidaires\/en\/#organization","name":"\u00c9crans solidaires","url":"https:\/\/maison4tiers.com\/ecrans-solidaires\/en\/","logo":{"@type":"ImageObject","inLanguage":"en-US","@id":"https:\/\/maison4tiers.com\/ecrans-solidaires\/en\/#\/schema\/logo\/image\/","url":"https:\/\/maison4tiers.com\/ecrans-solidaires\/wp-content\/uploads\/sites\/76\/2020\/11\/favicon-196.png","contentUrl":"https:\/\/maison4tiers.com\/ecrans-solidaires\/wp-content\/uploads\/sites\/76\/2020\/11\/favicon-196.png","width":196,"height":196,"caption":"\u00c9crans solidaires"},"image":{"@id":"https:\/\/maison4tiers.com\/ecrans-solidaires\/en\/#\/schema\/logo\/image\/"}}]}},"jetpack_sharing_enabled":true,"_links":{"self":[{"href":"https:\/\/maison4tiers.com\/ecrans-solidaires\/en\/wp-json\/wp\/v2\/product\/23537","targetHints":{"allow":["GET"]}}],"collection":[{"href":"https:\/\/maison4tiers.com\/ecrans-solidaires\/en\/wp-json\/wp\/v2\/product"}],"about":[{"href":"https:\/\/maison4tiers.com\/ecrans-solidaires\/en\/wp-json\/wp\/v2\/types\/product"}],"wp:featuredmedia":[{"embeddable":true,"href":"https:\/\/maison4tiers.com\/ecrans-solidaires\/en\/wp-json\/wp\/v2\/media\/23489"}],"wp:attachment":[{"href":"https:\/\/maison4tiers.com\/ecrans-solidaires\/en\/wp-json\/wp\/v2\/media?parent=23537"}],"wp:term":[{"taxonomy":"product_brand","embeddable":true,"href":"https:\/\/maison4tiers.com\/ecrans-solidaires\/en\/wp-json\/wp\/v2\/product_brand?post=23537"},{"taxonomy":"product_cat","embeddable":true,"href":"https:\/\/maison4tiers.com\/ecrans-solidaires\/en\/wp-json\/wp\/v2\/product_cat?post=23537"},{"taxonomy":"product_tag","embeddable":true,"href":"https:\/\/maison4tiers.com\/ecrans-solidaires\/en\/wp-json\/wp\/v2\/product_tag?post=23537"}],"curies":[{"name":"wp","href":"https:\/\/api.w.org\/{rel}","templated":true}]}}