{"id":22261,"date":"2024-05-03T11:32:40","date_gmt":"2024-05-03T15:32:41","guid":{"rendered":"https:\/\/maison4tiers.com\/?post_type=product&#038;p=22261"},"modified":"2024-07-16T15:58:17","modified_gmt":"2024-07-16T19:58:17","slug":"kanaval","status":"publish","type":"product","link":"https:\/\/maison4tiers.com\/ecrans-solidaires\/en\/product\/kanaval\/","title":{"rendered":"KANAVAL"},"excerpt":{"rendered":"<p>In the mid-1970s, Rico, a 9-year-old Haitian boy, was brutally torn from his native land\u00a0 along with Erzulie, his mother, to a strange planet called Canada. Since their arrival, a\u00a0 distance seems to have grown between mother and son. To regain the love of his mother,\u00a0 Rico will have to understand this New World populated by individuals with strange habits\u00a0 and customs. Fortunately for him, he can count on Kana, his imaginary friend who comes\u00a0 straight out of Haitian mythology.<\/p>\n<blockquote><p><em>\u00ab Kanaval, Henri Pardo&#8217;s first fiction feature film, is an evocative example of this strength, this openness, these possibilities offered by the stories told by other cultures. \u00bb<\/em><\/p>\n<p><a href=\"https:\/\/www.ledevoir.com\/culture\/cinema\/812116\/kanaval-enfants-sont-richesse-pauvres\" target=\"_blank\" rel=\"noopener\"><strong>\u2605\u2605\u2605 1\/2\u2013 LE DEVOIR<\/strong><\/a><\/p>\n<p>\u00abHenri Pardo sincerely salutes the resilience of exiles and proudly celebrates the culture of his ancestors.\u00bb<\/p>\n<p><a href=\"https:\/\/www.lapresse.ca\/cinema\/critiques\/2024-05-03\/kanaval\/en-terrain-inconnu.php\" target=\"_blank\" rel=\"noopener\"><strong>\u2605\u2605\u2605 1\/2\u2013 LA PRESSE<\/strong><\/a><\/p>\n<p>&nbsp;<\/p><\/blockquote>\n<p><a href=\"https:\/\/maison4tiers.com\/categorie-produit\/film\/quebecois\/?_ga=2.127474765.1535836384.1701795620-2119137250.1661195295\" target=\"_blank\" rel=\"noopener\"><span style=\"text-decoration: underline;\">See other Quebec movies<\/span><\/a><\/p>\n<p>*Only available in Canada<\/p>\n","protected":false},"featured_media":22273,"template":"","meta":{"_acf_changed":false,"_eb_attr":""},"product_brand":[],"product_cat":[133,106,130,141,103,126,127,128],"product_tag":[850,724,1125,1126,1107],"class_list":{"0":"post-22261","1":"product","2":"type-product","3":"status-publish","4":"has-post-thumbnail","6":"product_cat-allmovies","7":"product_cat-drama","8":"product_cat-fiction-en","9":"product_cat-theatres","10":"product_cat-movie","11":"product_cat-quebec-movie","12":"product_cat-reflexion-en","13":"product_cat-society","14":"product_tag-drame-en","15":"product_tag-famille-en","16":"product_tag-haiti-en","17":"product_tag-henri-pardo-en","18":"product_tag-quebec-cinema-en","20":"first","21":"instock","22":"taxable","23":"shipping-taxable","24":"purchasable","25":"product-type-variable","26":"has-default-attributes"},"acf":[],"yoast_head":"<!-- This site is optimized with the Yoast SEO plugin v27.0 - https:\/\/yoast.com\/product\/yoast-seo-wordpress\/ -->\n<title>KANAVAL - \u00c9crans solidaires - Quebec movie - Watch Director Henri Pardo&#039;s movie now!<\/title>\n<meta name=\"description\" content=\"Kanaval - In the mid-1970s, Rico, a 9-year-old Haitian boy, was brutally torn from his native land along with his mother, to a strange planet called Canada.\" \/>\n<meta name=\"robots\" content=\"noindex, follow, max-snippet:-1, max-image-preview:large, max-video-preview:-1\" \/>\n<meta property=\"og:locale\" content=\"en_US\" \/>\n<meta property=\"og:type\" content=\"article\" \/>\n<meta property=\"og:title\" content=\"Kanaval\" \/>\n<meta property=\"og:description\" content=\"In the mid-1970s, Rico, a 9-year-old Haitian boy, was brutally torn from his native land\u00a0 along with Erzulie, his mother, to a strange planet called Canada. Since their arrival, a\u00a0 distance seems to have grown between mother and son. To regain the love of his mother,\u00a0 Rico will have to understand this New World populated by individuals with strange habits\u00a0 and customs. Fortunately for him, he can count on Kana, his imaginary friend who comes\u00a0 straight out of Haitian mythology.\" \/>\n<meta property=\"og:url\" content=\"https:\/\/maison4tiers.com\/ecrans-solidaires\/en\/product\/kanaval\/\" \/>\n<meta property=\"og:site_name\" content=\"\u00c9crans solidaires\" \/>\n<meta property=\"article:modified_time\" content=\"2024-07-16T19:58:17+00:00\" \/>\n<meta property=\"og:image\" content=\"https:\/\/maison4tiers.com\/ecrans-solidaires\/wp-content\/uploads\/sites\/76\/2024\/05\/Kanaval_poster_WEB_LR-1-1-scaled.jpg\" \/>\n\t<meta property=\"og:image:width\" content=\"1772\" \/>\n\t<meta property=\"og:image:height\" content=\"2560\" \/>\n\t<meta property=\"og:image:type\" content=\"image\/jpeg\" \/>\n<meta name=\"twitter:card\" content=\"summary_large_image\" \/>\n<meta name=\"twitter:title\" content=\"Kanaval\" \/>\n<meta name=\"twitter:description\" content=\"In the mid-1970s, Rico, a 9-year-old Haitian boy, was brutally torn from his native land\u00a0 along with Erzulie, his mother, to a strange planet called Canada. Since their arrival, a\u00a0 distance seems to have grown between mother and son. To regain the love of his mother,\u00a0 Rico will have to understand this New World populated by individuals with strange habits\u00a0 and customs. Fortunately for him, he can count on Kana, his imaginary friend who comes\u00a0 straight out of Haitian mythology.\" \/>\n<meta name=\"twitter:image\" content=\"https:\/\/maison4tiers.com\/ecrans-solidaires\/wp-content\/uploads\/sites\/76\/2024\/05\/Kanaval_poster_WEB_LR-1-1-scaled.jpg\" \/>\n<meta name=\"twitter:label1\" content=\"Est. reading time\" \/>\n\t<meta name=\"twitter:data1\" content=\"1 minute\" \/>\n<script type=\"application\/ld+json\" class=\"yoast-schema-graph\">{\"@context\":\"https:\/\/schema.org\",\"@graph\":[{\"@type\":\"WebPage\",\"@id\":\"https:\/\/maison4tiers.com\/ecrans-solidaires\/en\/product\/kanaval\/\",\"url\":\"https:\/\/maison4tiers.com\/ecrans-solidaires\/en\/product\/kanaval\/\",\"name\":\"KANAVAL - \u00c9crans solidaires - Quebec movie - Watch Director Henri Pardo's movie now!\",\"isPartOf\":{\"@id\":\"https:\/\/maison4tiers.com\/ecrans-solidaires\/en\/#website\"},\"primaryImageOfPage\":{\"@id\":\"https:\/\/maison4tiers.com\/ecrans-solidaires\/en\/product\/kanaval\/#primaryimage\"},\"image\":{\"@id\":\"https:\/\/maison4tiers.com\/ecrans-solidaires\/en\/product\/kanaval\/#primaryimage\"},\"thumbnailUrl\":\"https:\/\/maison4tiers.com\/ecrans-solidaires\/wp-content\/uploads\/sites\/76\/2024\/05\/Kanaval_poster_WEB_LR-1-scaled.jpg\",\"datePublished\":\"2024-05-03T15:32:41+00:00\",\"dateModified\":\"2024-07-16T19:58:17+00:00\",\"description\":\"Kanaval - In the mid-1970s, Rico, a 9-year-old Haitian boy, was brutally torn from his native land along with his mother, to a strange planet called Canada.\",\"breadcrumb\":{\"@id\":\"https:\/\/maison4tiers.com\/ecrans-solidaires\/en\/product\/kanaval\/#breadcrumb\"},\"inLanguage\":\"en-US\",\"potentialAction\":[{\"@type\":\"ReadAction\",\"target\":[\"https:\/\/maison4tiers.com\/ecrans-solidaires\/en\/product\/kanaval\/\"]}]},{\"@type\":\"ImageObject\",\"inLanguage\":\"en-US\",\"@id\":\"https:\/\/maison4tiers.com\/ecrans-solidaires\/en\/product\/kanaval\/#primaryimage\",\"url\":\"https:\/\/maison4tiers.com\/ecrans-solidaires\/wp-content\/uploads\/sites\/76\/2024\/05\/Kanaval_poster_WEB_LR-1-scaled.jpg\",\"contentUrl\":\"https:\/\/maison4tiers.com\/ecrans-solidaires\/wp-content\/uploads\/sites\/76\/2024\/05\/Kanaval_poster_WEB_LR-1-scaled.jpg\",\"width\":1772,\"height\":2560},{\"@type\":\"BreadcrumbList\",\"@id\":\"https:\/\/maison4tiers.com\/ecrans-solidaires\/en\/product\/kanaval\/#breadcrumb\",\"itemListElement\":[{\"@type\":\"ListItem\",\"position\":1,\"name\":\"Home\",\"item\":\"https:\/\/maison4tiers.com\/ecrans-solidaires\/en\/\"},{\"@type\":\"ListItem\",\"position\":2,\"name\":\"Movies\",\"item\":\"https:\/\/maison4tiers.com\/ecrans-solidaires\/en\/movies\/\"},{\"@type\":\"ListItem\",\"position\":3,\"name\":\"KANAVAL\"}]},{\"@type\":\"WebSite\",\"@id\":\"https:\/\/maison4tiers.com\/ecrans-solidaires\/en\/#website\",\"url\":\"https:\/\/maison4tiers.com\/ecrans-solidaires\/en\/\",\"name\":\"\u00c9crans solidaires\",\"description\":\"Distribution multiplateforme de films qu\u00e9b\u00e9cois et internationaux\",\"publisher\":{\"@id\":\"https:\/\/maison4tiers.com\/ecrans-solidaires\/en\/#organization\"},\"potentialAction\":[{\"@type\":\"SearchAction\",\"target\":{\"@type\":\"EntryPoint\",\"urlTemplate\":\"https:\/\/maison4tiers.com\/ecrans-solidaires\/en\/?s={search_term_string}\"},\"query-input\":{\"@type\":\"PropertyValueSpecification\",\"valueRequired\":true,\"valueName\":\"search_term_string\"}}],\"inLanguage\":\"en-US\"},{\"@type\":\"Organization\",\"@id\":\"https:\/\/maison4tiers.com\/ecrans-solidaires\/en\/#organization\",\"name\":\"\u00c9crans solidaires\",\"url\":\"https:\/\/maison4tiers.com\/ecrans-solidaires\/en\/\",\"logo\":{\"@type\":\"ImageObject\",\"inLanguage\":\"en-US\",\"@id\":\"https:\/\/maison4tiers.com\/ecrans-solidaires\/en\/#\/schema\/logo\/image\/\",\"url\":\"https:\/\/maison4tiers.com\/ecrans-solidaires\/wp-content\/uploads\/sites\/76\/2020\/11\/favicon-196.png\",\"contentUrl\":\"https:\/\/maison4tiers.com\/ecrans-solidaires\/wp-content\/uploads\/sites\/76\/2020\/11\/favicon-196.png\",\"width\":196,\"height\":196,\"caption\":\"\u00c9crans solidaires\"},\"image\":{\"@id\":\"https:\/\/maison4tiers.com\/ecrans-solidaires\/en\/#\/schema\/logo\/image\/\"}}]}<\/script>\n<!-- \/ Yoast SEO plugin. -->","yoast_head_json":{"title":"KANAVAL - \u00c9crans solidaires - Quebec movie - Watch Director Henri Pardo's movie now!","description":"Kanaval - In the mid-1970s, Rico, a 9-year-old Haitian boy, was brutally torn from his native land along with his mother, to a strange planet called Canada.","robots":{"index":"noindex","follow":"follow","max-snippet":"max-snippet:-1","max-image-preview":"max-image-preview:large","max-video-preview":"max-video-preview:-1"},"og_locale":"en_US","og_type":"article","og_title":"Kanaval","og_description":"In the mid-1970s, Rico, a 9-year-old Haitian boy, was brutally torn from his native land\u00a0 along with Erzulie, his mother, to a strange planet called Canada. Since their arrival, a\u00a0 distance seems to have grown between mother and son. To regain the love of his mother,\u00a0 Rico will have to understand this New World populated by individuals with strange habits\u00a0 and customs. Fortunately for him, he can count on Kana, his imaginary friend who comes\u00a0 straight out of Haitian mythology.","og_url":"https:\/\/maison4tiers.com\/ecrans-solidaires\/en\/product\/kanaval\/","og_site_name":"\u00c9crans solidaires","article_modified_time":"2024-07-16T19:58:17+00:00","og_image":[{"width":1772,"height":2560,"url":"https:\/\/maison4tiers.com\/ecrans-solidaires\/wp-content\/uploads\/sites\/76\/2024\/05\/Kanaval_poster_WEB_LR-1-1-scaled.jpg","type":"image\/jpeg"}],"twitter_card":"summary_large_image","twitter_title":"Kanaval","twitter_description":"In the mid-1970s, Rico, a 9-year-old Haitian boy, was brutally torn from his native land\u00a0 along with Erzulie, his mother, to a strange planet called Canada. Since their arrival, a\u00a0 distance seems to have grown between mother and son. To regain the love of his mother,\u00a0 Rico will have to understand this New World populated by individuals with strange habits\u00a0 and customs. Fortunately for him, he can count on Kana, his imaginary friend who comes\u00a0 straight out of Haitian mythology.","twitter_image":"https:\/\/maison4tiers.com\/ecrans-solidaires\/wp-content\/uploads\/sites\/76\/2024\/05\/Kanaval_poster_WEB_LR-1-1-scaled.jpg","twitter_misc":{"Est. reading time":"1 minute"},"schema":{"@context":"https:\/\/schema.org","@graph":[{"@type":"WebPage","@id":"https:\/\/maison4tiers.com\/ecrans-solidaires\/en\/product\/kanaval\/","url":"https:\/\/maison4tiers.com\/ecrans-solidaires\/en\/product\/kanaval\/","name":"KANAVAL - \u00c9crans solidaires - Quebec movie - Watch Director Henri Pardo's movie now!","isPartOf":{"@id":"https:\/\/maison4tiers.com\/ecrans-solidaires\/en\/#website"},"primaryImageOfPage":{"@id":"https:\/\/maison4tiers.com\/ecrans-solidaires\/en\/product\/kanaval\/#primaryimage"},"image":{"@id":"https:\/\/maison4tiers.com\/ecrans-solidaires\/en\/product\/kanaval\/#primaryimage"},"thumbnailUrl":"https:\/\/maison4tiers.com\/ecrans-solidaires\/wp-content\/uploads\/sites\/76\/2024\/05\/Kanaval_poster_WEB_LR-1-scaled.jpg","datePublished":"2024-05-03T15:32:41+00:00","dateModified":"2024-07-16T19:58:17+00:00","description":"Kanaval - In the mid-1970s, Rico, a 9-year-old Haitian boy, was brutally torn from his native land along with his mother, to a strange planet called Canada.","breadcrumb":{"@id":"https:\/\/maison4tiers.com\/ecrans-solidaires\/en\/product\/kanaval\/#breadcrumb"},"inLanguage":"en-US","potentialAction":[{"@type":"ReadAction","target":["https:\/\/maison4tiers.com\/ecrans-solidaires\/en\/product\/kanaval\/"]}]},{"@type":"ImageObject","inLanguage":"en-US","@id":"https:\/\/maison4tiers.com\/ecrans-solidaires\/en\/product\/kanaval\/#primaryimage","url":"https:\/\/maison4tiers.com\/ecrans-solidaires\/wp-content\/uploads\/sites\/76\/2024\/05\/Kanaval_poster_WEB_LR-1-scaled.jpg","contentUrl":"https:\/\/maison4tiers.com\/ecrans-solidaires\/wp-content\/uploads\/sites\/76\/2024\/05\/Kanaval_poster_WEB_LR-1-scaled.jpg","width":1772,"height":2560},{"@type":"BreadcrumbList","@id":"https:\/\/maison4tiers.com\/ecrans-solidaires\/en\/product\/kanaval\/#breadcrumb","itemListElement":[{"@type":"ListItem","position":1,"name":"Home","item":"https:\/\/maison4tiers.com\/ecrans-solidaires\/en\/"},{"@type":"ListItem","position":2,"name":"Movies","item":"https:\/\/maison4tiers.com\/ecrans-solidaires\/en\/movies\/"},{"@type":"ListItem","position":3,"name":"KANAVAL"}]},{"@type":"WebSite","@id":"https:\/\/maison4tiers.com\/ecrans-solidaires\/en\/#website","url":"https:\/\/maison4tiers.com\/ecrans-solidaires\/en\/","name":"\u00c9crans solidaires","description":"Distribution multiplateforme de films qu\u00e9b\u00e9cois et internationaux","publisher":{"@id":"https:\/\/maison4tiers.com\/ecrans-solidaires\/en\/#organization"},"potentialAction":[{"@type":"SearchAction","target":{"@type":"EntryPoint","urlTemplate":"https:\/\/maison4tiers.com\/ecrans-solidaires\/en\/?s={search_term_string}"},"query-input":{"@type":"PropertyValueSpecification","valueRequired":true,"valueName":"search_term_string"}}],"inLanguage":"en-US"},{"@type":"Organization","@id":"https:\/\/maison4tiers.com\/ecrans-solidaires\/en\/#organization","name":"\u00c9crans solidaires","url":"https:\/\/maison4tiers.com\/ecrans-solidaires\/en\/","logo":{"@type":"ImageObject","inLanguage":"en-US","@id":"https:\/\/maison4tiers.com\/ecrans-solidaires\/en\/#\/schema\/logo\/image\/","url":"https:\/\/maison4tiers.com\/ecrans-solidaires\/wp-content\/uploads\/sites\/76\/2020\/11\/favicon-196.png","contentUrl":"https:\/\/maison4tiers.com\/ecrans-solidaires\/wp-content\/uploads\/sites\/76\/2020\/11\/favicon-196.png","width":196,"height":196,"caption":"\u00c9crans solidaires"},"image":{"@id":"https:\/\/maison4tiers.com\/ecrans-solidaires\/en\/#\/schema\/logo\/image\/"}}]}},"jetpack_sharing_enabled":true,"_links":{"self":[{"href":"https:\/\/maison4tiers.com\/ecrans-solidaires\/en\/wp-json\/wp\/v2\/product\/22261","targetHints":{"allow":["GET"]}}],"collection":[{"href":"https:\/\/maison4tiers.com\/ecrans-solidaires\/en\/wp-json\/wp\/v2\/product"}],"about":[{"href":"https:\/\/maison4tiers.com\/ecrans-solidaires\/en\/wp-json\/wp\/v2\/types\/product"}],"wp:featuredmedia":[{"embeddable":true,"href":"https:\/\/maison4tiers.com\/ecrans-solidaires\/en\/wp-json\/wp\/v2\/media\/22273"}],"wp:attachment":[{"href":"https:\/\/maison4tiers.com\/ecrans-solidaires\/en\/wp-json\/wp\/v2\/media?parent=22261"}],"wp:term":[{"taxonomy":"product_brand","embeddable":true,"href":"https:\/\/maison4tiers.com\/ecrans-solidaires\/en\/wp-json\/wp\/v2\/product_brand?post=22261"},{"taxonomy":"product_cat","embeddable":true,"href":"https:\/\/maison4tiers.com\/ecrans-solidaires\/en\/wp-json\/wp\/v2\/product_cat?post=22261"},{"taxonomy":"product_tag","embeddable":true,"href":"https:\/\/maison4tiers.com\/ecrans-solidaires\/en\/wp-json\/wp\/v2\/product_tag?post=22261"}],"curies":[{"name":"wp","href":"https:\/\/api.w.org\/{rel}","templated":true}]}}